{"id":193,"date":"2017-01-12T20:34:54","date_gmt":"2017-01-12T20:34:54","guid":{"rendered":"http:\/\/www.comisionporlamemoria.org\/archivo-nuevo\/?page_id=193"},"modified":"2024-07-18T17:15:00","modified_gmt":"2024-07-18T17:15:00","slug":"gestion-y-preservacion","status":"publish","type":"page","link":"https:\/\/www.comisionporlamemoria.org\/archivo\/gestion-y-preservacion\/","title":{"rendered":"GESTI\u00d3N Y PRESERVACI\u00d3N DE ARCHIVOS"},"content":{"rendered":"<p>[et_pb_section fb_built=\u00bb1&#8243; _builder_version=\u00bb4.21.0&#8243; background_enable_color=\u00bboff\u00bb background_image=\u00bbhttps:\/\/www.comisionporlamemoria.org\/archivo\/wp-content\/uploads\/sites\/17\/2017\/05\/bg-cabeceras.jpg\u00bb custom_padding=\u00bb0px||0px|\u00bb global_colors_info=\u00bb{}\u00bb][et_pb_row _builder_version=\u00bb4.16&#8243; background_size=\u00bbinitial\u00bb background_position=\u00bbtop_left\u00bb background_repeat=\u00bbrepeat\u00bb custom_padding=\u00bb27px|0px|0px|0px\u00bb global_colors_info=\u00bb{}\u00bb][et_pb_column type=\u00bb4_4&#8243; _builder_version=\u00bb4.16&#8243; custom_padding=\u00bb|||\u00bb global_colors_info=\u00bb{}\u00bb custom_padding__hover=\u00bb|||\u00bb][et_pb_post_title meta=\u00bboff\u00bb featured_image=\u00bboff\u00bb _builder_version=\u00bb4.16&#8243; title_text_color=\u00bb#ffffff\u00bb title_font_size=\u00bb40&#8243; background_color=\u00bb#424242&#8243; custom_margin=\u00bb80px|194px|10px|||\u00bb custom_padding=\u00bb13px|10px||15px\u00bb module_bg_color=\u00bb#424242&#8243; global_colors_info=\u00bb{}\u00bb]<\/p>\n<p>&nbsp;<\/p>\n<p>[\/et_pb_post_title][\/et_pb_column][\/et_pb_row][\/et_pb_section][et_pb_section fb_built=\u00bb1&#8243; _builder_version=\u00bb4.16&#8243; custom_padding=\u00bb40px|0px|0px|0px\u00bb global_colors_info=\u00bb{}\u00bb][et_pb_row _builder_version=\u00bb4.16&#8243; background_size=\u00bbinitial\u00bb background_position=\u00bbtop_left\u00bb background_repeat=\u00bbrepeat\u00bb custom_padding=\u00bb0px|0px|0px|0px\u00bb global_colors_info=\u00bb{}\u00bb][et_pb_column type=\u00bb4_4&#8243; _builder_version=\u00bb4.16&#8243; custom_padding=\u00bb|||\u00bb global_colors_info=\u00bb{}\u00bb custom_padding__hover=\u00bb|||\u00bb][et_pb_text _builder_version=\u00bb4.21.0&#8243; background_size=\u00bbinitial\u00bb background_position=\u00bbtop_left\u00bb background_repeat=\u00bbrepeat\u00bb text_orientation=\u00bbjustified\u00bb custom_margin=\u00bb0px|10%|0px|10%\u00bb custom_padding=\u00bb0px||0px|\u00bb z_index_tablet=\u00bb500&#8243; text_text_shadow_horizontal_length_tablet=\u00bb0px\u00bb text_text_shadow_vertical_length_tablet=\u00bb0px\u00bb text_text_shadow_blur_strength_tablet=\u00bb1px\u00bb link_text_shadow_horizontal_length_tablet=\u00bb0px\u00bb link_text_shadow_vertical_length_tablet=\u00bb0px\u00bb link_text_shadow_blur_strength_tablet=\u00bb1px\u00bb ul_text_shadow_horizontal_length_tablet=\u00bb0px\u00bb ul_text_shadow_vertical_length_tablet=\u00bb0px\u00bb ul_text_shadow_blur_strength_tablet=\u00bb1px\u00bb ol_text_shadow_horizontal_length_tablet=\u00bb0px\u00bb ol_text_shadow_vertical_length_tablet=\u00bb0px\u00bb ol_text_shadow_blur_strength_tablet=\u00bb1px\u00bb quote_text_shadow_horizontal_length_tablet=\u00bb0px\u00bb quote_text_shadow_vertical_length_tablet=\u00bb0px\u00bb quote_text_shadow_blur_strength_tablet=\u00bb1px\u00bb header_text_shadow_horizontal_length_tablet=\u00bb0px\u00bb header_text_shadow_vertical_length_tablet=\u00bb0px\u00bb header_text_shadow_blur_strength_tablet=\u00bb1px\u00bb header_2_text_shadow_horizontal_length_tablet=\u00bb0px\u00bb header_2_text_shadow_vertical_length_tablet=\u00bb0px\u00bb header_2_text_shadow_blur_strength_tablet=\u00bb1px\u00bb header_3_text_shadow_horizontal_length_tablet=\u00bb0px\u00bb header_3_text_shadow_vertical_length_tablet=\u00bb0px\u00bb header_3_text_shadow_blur_strength_tablet=\u00bb1px\u00bb header_4_text_shadow_horizontal_length_tablet=\u00bb0px\u00bb header_4_text_shadow_vertical_length_tablet=\u00bb0px\u00bb header_4_text_shadow_blur_strength_tablet=\u00bb1px\u00bb header_5_text_shadow_horizontal_length_tablet=\u00bb0px\u00bb header_5_text_shadow_vertical_length_tablet=\u00bb0px\u00bb header_5_text_shadow_blur_strength_tablet=\u00bb1px\u00bb header_6_text_shadow_horizontal_length_tablet=\u00bb0px\u00bb header_6_text_shadow_vertical_length_tablet=\u00bb0px\u00bb header_6_text_shadow_blur_strength_tablet=\u00bb1px\u00bb box_shadow_horizontal_tablet=\u00bb0px\u00bb box_shadow_vertical_tablet=\u00bb0px\u00bb box_shadow_blur_tablet=\u00bb40px\u00bb box_shadow_spread_tablet=\u00bb0px\u00bb global_colors_info=\u00bb{}\u00bb]<\/p>\n<p><span>El programa Gesti\u00f3n y Preservaci\u00f3n de Archivos tiene a su cargo el Centro de Documentaci\u00f3n y Archivo de la CPM. Sus tareas principales son la recopilaci\u00f3n, catalogaci\u00f3n, preservaci\u00f3n, digitalizaci\u00f3n y difusi\u00f3n de documentos del pasado reciente relacionados con los reg\u00edmenes dictatoriales en Argentina. El archivo recibe consultas de instituciones del Estado para la tramitaci\u00f3n de leyes reparatorias, de ciudadanas y ciudadanos, investigadores\/ras, instituciones y organizaciones civiles.<\/span><\/p>\n<p><span>En sus inicios las principales tareas estuvieron relacionadas con el fondo documental de la Direcci\u00f3n de Inteligencia de la Polic\u00eda de la Provincia de Buenos Aires (DIPPBA), y luego fue incorporando nuevos acervos documentales: Secci\u00f3n Informaciones Zona Mar Argentino Norte del Servicio de Inteligencia de Prefectura y documentaci\u00f3n de presos pol\u00edticos de las unidades penitenciarias de la provincia de Buenos Aires \u2013relacionado con el accionar represivo del Estado-; historias cl\u00ednicas del per\u00edodo 1976\/1983 del Hospital San Roque de Gonnet; colecciones y archivos donados por particulares: fondo Mercedes Lagrava y fondo Haroldo Conti, entre otros. Tambi\u00e9n gestiona el archivo oral Memorias encontradas, y el acervo documental audiovisual de juicios por delitos de lesa humanidad y por casos de violencia institucional que la CPM registra desde el a\u00f1o 2006. <\/span><\/p>\n<p><span>Desde 2020 lleva adelante el programa Memorias y archivos locales, que promueve el trabajo conjunto entre la CPM y los municipios de la provincia de Buenos Aires para acompa\u00f1ar la institucionalizaci\u00f3n de las pol\u00edticas p\u00fablicas de memoria en el territorio bonaerense. El programa busca contribuir a la construcci\u00f3n de las historias locales relacionadas con las violaciones a los derechos humanos, poniendo en di\u00e1logo los documentos del centro documental de la CPM con los documentos producidos o recopilados por cada municipio a nivel local. <a href=\"https:\/\/www.comisionporlamemoria.org\/archivo\/micrositio-memorias-y-archivos-locales\/\" target=\"_blank\" rel=\"noopener\">Hace click ac\u00e1 para m\u00e1s informaci\u00f3n.<\/a><br \/><\/span><\/p>\n<p><span>En febrero del 2022 la CPM inaugur\u00f3 el centro de digitalizaci\u00f3n Mauricio Tenenbaum, proyecto que consolida tareas de asesoramiento y tratamiento documental para instituciones o colectivos que solicitan tareas de identificaci\u00f3n, clasificaci\u00f3n, conservaci\u00f3n, descripci\u00f3n, digitalizaci\u00f3n. <a href=\"https:\/\/www.andaragencia.org\/la-cpm-inauguro-el-centro-de-digitalizacion-mauricio-tenembaum\/\" target=\"_blank\" rel=\"noopener\">Hace click ac\u00e1 para m\u00e1s informaci\u00f3n.<\/a><\/span><\/p>\n<p>[\/et_pb_text][\/et_pb_column][\/et_pb_row][\/et_pb_section][et_pb_section fb_built=\u00bb1&#8243; disabled_on=\u00bbon|on|on\u00bb _builder_version=\u00bb4.16&#8243; custom_padding=\u00bb40px||0px|\u00bb disabled=\u00bbon\u00bb global_colors_info=\u00bb{}\u00bb][et_pb_row _builder_version=\u00bb4.16&#8243; background_image=\u00bbhttps:\/\/www.comisionporlamemoria.org\/archivo-nuevo\/wp-content\/uploads\/sites\/17\/2017\/01\/FOTO03-1.jpg\u00bb background_size=\u00bbinitial\u00bb background_position=\u00bbtop_left\u00bb background_repeat=\u00bbrepeat\u00bb custom_margin=\u00bb0px||0px|\u00bb custom_padding=\u00bb0px||0px|\u00bb global_colors_info=\u00bb{}\u00bb][et_pb_column type=\u00bb4_4&#8243; _builder_version=\u00bb4.16&#8243; custom_padding=\u00bb|||\u00bb global_colors_info=\u00bb{}\u00bb custom_padding__hover=\u00bb|||\u00bb][et_pb_text _builder_version=\u00bb4.19.3&#8243; text_font=\u00bb|on||on|\u00bb text_text_color=\u00bb#ffffff\u00bb text_font_size=\u00bb18&#8243; background_color=\u00bbrgba(96,96,96,0.79)\u00bb background_size=\u00bbinitial\u00bb background_position=\u00bbtop_left\u00bb background_repeat=\u00bbrepeat\u00bb text_orientation=\u00bbjustified\u00bb background_layout=\u00bbdark\u00bb custom_margin=\u00bb90px|90px|90px|90px\u00bb custom_padding=\u00bb40px|40px|40px|40px\u00bb global_colors_info=\u00bb{}\u00bb]<\/p>\n<p><strong>&gt;&gt; EL FONDO DIPPBA CONTIENE &gt;&gt;<\/strong><br \/><span style=\"color: #cc99ff;\">3.800.000<\/span> folios equivalentes a <span style=\"color: #cc99ff;\">336<\/span> metros lineales, <span style=\"color: #cc99ff;\">3.300<\/span> contenedores, <span style=\"color: #cc99ff;\">90 <\/span>cuerpos de estanter\u00edas. <span style=\"color: #cc99ff;\">750 <\/span>VHS con filmaciones propias y programas televisivos. <span style=\"color: #cc99ff;\">160 <\/span>casetes de audio con grabaciones de eventos y escuchas telef\u00f3nicas. Ficheros con <span style=\"color: #cc99ff;\">280 <\/span>cajones que contienen <span style=\"color: #8300e9;\"><span style=\"color: #cc99ff;\">217.000<\/span><\/span> fichas referenciales sobre personas, <span style=\"color: #cc99ff;\">53 <\/span>cajones que contienen <span style=\"color: #8300e9;\"><span style=\"color: #cc99ff;\">43.250<\/span><\/span> fichas tem\u00e1ticas, <span style=\"color: #8300e9;\"><span style=\"color: #cc99ff;\">2.500<\/span><\/span> fichas de partidos pol\u00edticos, <span style=\"color: #8300e9;\"><span style=\"color: #cc99ff;\">3.500<\/span><\/span> fichas de factor religioso, <span style=\"color: #8300e9;\"><span style=\"color: #cc99ff;\">1.000<\/span><\/span> fichas de entidades estudiantiles.<\/p>\n<p>[\/et_pb_text][\/et_pb_column][\/et_pb_row][\/et_pb_section][et_pb_section fb_built=\u00bb1&#8243; _builder_version=\u00bb4.16&#8243; custom_padding=\u00bb40px||0px|\u00bb global_colors_info=\u00bb{}\u00bb][et_pb_row _builder_version=\u00bb4.16&#8243; background_size=\u00bbinitial\u00bb background_position=\u00bbtop_left\u00bb background_repeat=\u00bbrepeat\u00bb custom_padding=\u00bb0px||0px|\u00bb global_colors_info=\u00bb{}\u00bb][et_pb_column type=\u00bb4_4&#8243; _builder_version=\u00bb4.16&#8243; custom_padding=\u00bb|||\u00bb global_colors_info=\u00bb{}\u00bb custom_padding__hover=\u00bb|||\u00bb][et_pb_image src=\u00bbhttps:\/\/www.comisionporlamemoria.org\/archivo-nuevo\/wp-content\/uploads\/sites\/17\/2017\/02\/separador4.png\u00bb align_tablet=\u00bbcenter\u00bb align_phone=\u00bb\u00bb align_last_edited=\u00bbon|desktop\u00bb _builder_version=\u00bb4.16&#8243; custom_margin=\u00bb0px||0px|\u00bb custom_css_main_element=\u00bbheight: 15px !important;\u00bb animation=\u00bboff\u00bb global_colors_info=\u00bb{}\u00bb]<br \/>\n[\/et_pb_image][\/et_pb_column][\/et_pb_row][\/et_pb_section]<\/p>\n","protected":false},"excerpt":{"rendered":"<p>&nbsp; El programa Gesti\u00f3n y Preservaci\u00f3n de Archivos tiene a su cargo el Centro de Documentaci\u00f3n y Archivo de la CPM. Sus tareas principales son la recopilaci\u00f3n, catalogaci\u00f3n, preservaci\u00f3n, digitalizaci\u00f3n y difusi\u00f3n de documentos del pasado reciente relacionados con los reg\u00edmenes dictatoriales en Argentina. El archivo recibe consultas de instituciones del Estado para la tramitaci\u00f3n [&hellip;]<\/p>\n","protected":false},"author":8,"featured_media":0,"parent":0,"menu_order":0,"comment_status":"closed","ping_status":"closed","template":"","meta":{"_et_pb_use_builder":"on","_et_pb_old_content":"","_et_gb_content_width":"","jetpack_post_was_ever_published":false,"footnotes":""},"class_list":["post-193","page","type-page","status-publish","hentry"],"jetpack_sharing_enabled":true,"jetpack_shortlink":"https:\/\/wp.me\/P8gJxM-37","_links":{"self":[{"href":"https:\/\/www.comisionporlamemoria.org\/archivo\/wp-json\/wp\/v2\/pages\/193","targetHints":{"allow":["GET"]}}],"collection":[{"href":"https:\/\/www.comisionporlamemoria.org\/archivo\/wp-json\/wp\/v2\/pages"}],"about":[{"href":"https:\/\/www.comisionporlamemoria.org\/archivo\/wp-json\/wp\/v2\/types\/page"}],"author":[{"embeddable":true,"href":"https:\/\/www.comisionporlamemoria.org\/archivo\/wp-json\/wp\/v2\/users\/8"}],"replies":[{"embeddable":true,"href":"https:\/\/www.comisionporlamemoria.org\/archivo\/wp-json\/wp\/v2\/comments?post=193"}],"version-history":[{"count":0,"href":"https:\/\/www.comisionporlamemoria.org\/archivo\/wp-json\/wp\/v2\/pages\/193\/revisions"}],"wp:attachment":[{"href":"https:\/\/www.comisionporlamemoria.org\/archivo\/wp-json\/wp\/v2\/media?parent=193"}],"curies":[{"name":"wp","href":"https:\/\/api.w.org\/{rel}","templated":true}]}}