{"id":31707,"date":"2017-08-02T12:41:29","date_gmt":"2017-08-02T12:41:29","guid":{"rendered":"http:\/\/www.comisionporlamemoria.org\/archivo-nuevo\/?page_id=31707"},"modified":"2023-05-24T16:51:04","modified_gmt":"2023-05-24T16:51:04","slug":"querellas-cpm","status":"publish","type":"page","link":"https:\/\/www.comisionporlamemoria.org\/archivo\/querellas-cpm\/","title":{"rendered":"Querellas de la CPM"},"content":{"rendered":"<p>[et_pb_section fb_built=\u00bb1&#8243; _builder_version=\u00bb4.21.0&#8243; background_color=\u00bb#b19ff9&#8243; custom_padding=\u00bb0px||0px|\u00bb hover_enabled=\u00bb0&#8243; global_colors_info=\u00bb{}\u00bb title_text=\u00bbbg-cabeceras\u00bb background_image=\u00bbhttps:\/\/www.comisionporlamemoria.org\/archivo\/wp-content\/uploads\/sites\/17\/2017\/05\/bg-cabeceras.jpg\u00bb sticky_enabled=\u00bb0&#8243;][et_pb_row column_structure=\u00bb3_5,2_5&#8243; _builder_version=\u00bb4.16&#8243; background_size=\u00bbinitial\u00bb background_position=\u00bbtop_left\u00bb background_repeat=\u00bbrepeat\u00bb custom_padding=\u00bb27px|0px|0px|0px\u00bb global_colors_info=\u00bb{}\u00bb][et_pb_column type=\u00bb3_5&#8243; _builder_version=\u00bb4.16&#8243; custom_padding=\u00bb|||\u00bb global_colors_info=\u00bb{}\u00bb custom_padding__hover=\u00bb|||\u00bb][et_pb_post_title meta=\u00bboff\u00bb featured_image=\u00bboff\u00bb _builder_version=\u00bb4.16&#8243; title_text_color=\u00bb#ffffff\u00bb title_font_size=\u00bb40&#8243; background_color=\u00bb#424242&#8243; custom_margin=\u00bb80px||10px|\u00bb custom_padding=\u00bb13px|10px||15px\u00bb module_bg_color=\u00bb#424242&#8243; global_colors_info=\u00bb{}\u00bb]<\/p>\n<p>&nbsp;<\/p>\n<p>[\/et_pb_post_title][\/et_pb_column][et_pb_column type=\u00bb2_5&#8243; _builder_version=\u00bb4.16&#8243; custom_padding=\u00bb|||\u00bb global_colors_info=\u00bb{}\u00bb custom_padding__hover=\u00bb|||\u00bb][\/et_pb_column][\/et_pb_row][\/et_pb_section][et_pb_section fb_built=\u00bb1&#8243; _builder_version=\u00bb4.16&#8243; custom_padding=\u00bb54px|0px|0px|0px\u00bb global_colors_info=\u00bb{}\u00bb][et_pb_row column_structure=\u00bb1_2,1_2&#8243; _builder_version=\u00bb4.16&#8243; background_image=\u00bbhttps:\/\/www.comisionporlamemoria.org\/archivo-nuevo\/wp-content\/uploads\/sites\/17\/2017\/05\/bg-SUBTITULOS.jpg\u00bb background_size=\u00bbinitial\u00bb background_position=\u00bbtop_left\u00bb background_repeat=\u00bbrepeat\u00bb custom_padding=\u00bb0px|0px|0px|0px\u00bb hover_enabled=\u00bb0&#8243; global_colors_info=\u00bb{}\u00bb sticky_enabled=\u00bb0&#8243;][et_pb_column type=\u00bb1_2&#8243; _builder_version=\u00bb4.16&#8243; custom_padding=\u00bb|||\u00bb global_colors_info=\u00bb{}\u00bb custom_padding__hover=\u00bb|||\u00bb][et_pb_text _builder_version=\u00bb4.21.0&#8243; text_font=\u00bb|on||on|\u00bb text_text_color=\u00bb#E09900&#8243; text_font_size=\u00bb27&#8243; text_line_height=\u00bb1.2em\u00bb header_font=\u00bb|on||on|\u00bb header_text_color=\u00bb#ffffff\u00bb header_font_size=\u00bb35px\u00bb background_color=\u00bb#c4c4c4&#8243; background_size=\u00bbinitial\u00bb background_position=\u00bbtop_left\u00bb background_repeat=\u00bbrepeat\u00bb custom_margin=\u00bb0px||0px|\u00bb custom_padding=\u00bb10px||10px|15px\u00bb hover_enabled=\u00bb0&#8243; global_colors_info=\u00bb{}\u00bb sticky_enabled=\u00bb0&#8243;]LA INTERVENCI\u00d3N JUDICIAL en los DELITOS DE LESA HUMANIDAD_[\/et_pb_text][\/et_pb_column][et_pb_column type=\u00bb1_2&#8243; _builder_version=\u00bb4.16&#8243; custom_padding=\u00bb|||\u00bb global_colors_info=\u00bb{}\u00bb custom_padding__hover=\u00bb|||\u00bb][\/et_pb_column][\/et_pb_row][et_pb_row _builder_version=\u00bb4.16&#8243; background_size=\u00bbinitial\u00bb background_position=\u00bbtop_left\u00bb background_repeat=\u00bbrepeat\u00bb custom_padding=\u00bb35px|0px|27px|0px\u00bb global_colors_info=\u00bb{}\u00bb][et_pb_column type=\u00bb4_4&#8243; _builder_version=\u00bb4.16&#8243; custom_padding=\u00bb|||\u00bb global_colors_info=\u00bb{}\u00bb custom_padding__hover=\u00bb|||\u00bb][et_pb_text _builder_version=\u00bb4.16&#8243; background_size=\u00bbinitial\u00bb background_position=\u00bbtop_left\u00bb background_repeat=\u00bbrepeat\u00bb custom_margin=\u00bb0px|10%|0px|10%\u00bb custom_padding=\u00bb0px||0px|\u00bb global_colors_info=\u00bb{}\u00bb]<\/p>\n<p style=\"text-align: justify;\"><span style=\"font-size: 14px; text-align: justify;\">A partir de la presentaci\u00f3n como querellante en la causa que investiga las responsabilidades penales de los integrantes de la ex Direcci\u00f3n de Inteligencia de la provincia de Buenos Aires (DIPPBA) durante el terrorismo de Estado, la CPM promovi\u00f3 la creaci\u00f3n de un espacio de articulaci\u00f3n institucional entre los programas de Litigio Estrat\u00e9gico y Justicia por delitos de Lesa Humanidad para la intervenci\u00f3n judicial en casuas por delitos de lesa humanidad en la provincia de Buenos Aires.<\/span><\/p>\n<p style=\"text-align: justify;\"><span style=\"font-weight: 400;\">Las acciones de inteligencia fueron parte constitutiva del andamiaje represivo que posibilit\u00f3 el terrorismo de estado en nuestro pa\u00eds. Por tal motivo, asumir el rol de querellante surge del compromiso fundante de la CPM con la promoci\u00f3n de la justicia por los delitos de lesa humanidad. <\/span><\/p>\n<p style=\"text-align: justify;\"><span style=\"font-weight: 400;\">Uno de los objetivos fue promover el enjuiciamiento de las acciones de inteligencia por personal de la ex DIPPBA. Al mismo tiempo, elaborar diagn\u00f3sticos certeros sobre el cuadro de situaci\u00f3n actual del proceso de justicia por delitos de lesa humanidad en nuestro pa\u00eds y en la provincia de Buenos Aires. Finalmente, establecer relaciones con las querellas a los efectos de articular acciones, optimizar v\u00ednculos, elaborar recomendaciones a los operadores judiciales a los fines de mejorar los est\u00e1ndares judiciales y promover iniciativas que aporten celeridad en los procesos judiciales.<\/span><\/p>\n<p style=\"text-align: justify;\"><span style=\"font-weight: 400;\">En la actualidad, la CPM es querellante en tres causas judiciales: <strong>\u00abCausa DIPPBA\u00bb<\/strong>; <strong>\u00abCausa Ana Mar\u00eda Mart\u00ednez\u00bb<\/strong> y <strong>\u00abCausa por apremios ilegales a militantes pol\u00edticos\u00bb<\/strong>.\u00a0<\/span><\/p>\n<p>[\/et_pb_text][\/et_pb_column][\/et_pb_row][\/et_pb_section][et_pb_section fb_built=\u00bb1&#8243; _builder_version=\u00bb4.16&#8243; custom_padding=\u00bb0px||0px|\u00bb global_colors_info=\u00bb{}\u00bb][et_pb_row _builder_version=\u00bb4.16&#8243; background_size=\u00bbinitial\u00bb background_position=\u00bbtop_left\u00bb background_repeat=\u00bbrepeat\u00bb custom_padding=\u00bb0px||10px|\u00bb global_colors_info=\u00bb{}\u00bb][et_pb_column type=\u00bb4_4&#8243; _builder_version=\u00bb4.16&#8243; custom_padding=\u00bb|||\u00bb global_colors_info=\u00bb{}\u00bb custom_padding__hover=\u00bb|||\u00bb][et_pb_image src=\u00bbhttps:\/\/www.comisionporlamemoria.org\/archivo-nuevo\/wp-content\/uploads\/sites\/17\/2017\/02\/separador4.png\u00bb align_tablet=\u00bbcenter\u00bb align_phone=\u00bbcenter\u00bb align_last_edited=\u00bbon|desktop\u00bb _builder_version=\u00bb4.16&#8243; custom_margin=\u00bb0px||0px|\u00bb custom_css_main_element=\u00bbheight: 15px !important;\u00bb animation=\u00bboff\u00bb global_colors_info=\u00bb{}\u00bb][\/et_pb_image][et_pb_text _builder_version=\u00bb4.16&#8243; global_colors_info=\u00bb{}\u00bb][\/et_pb_text][\/et_pb_column][\/et_pb_row][\/et_pb_section][et_pb_section fb_built=\u00bb1&#8243; _builder_version=\u00bb4.16&#8243; custom_padding=\u00bb0px|0px|0px|0px\u00bb global_colors_info=\u00bb{}\u00bb][et_pb_row column_structure=\u00bb1_2,1_2&#8243; _builder_version=\u00bb4.16&#8243; background_image=\u00bbhttps:\/\/www.comisionporlamemoria.org\/archivo-nuevo\/wp-content\/uploads\/sites\/17\/2017\/05\/bg-SUBTITULOS.jpg\u00bb background_size=\u00bbinitial\u00bb background_position=\u00bbtop_left\u00bb background_repeat=\u00bbrepeat\u00bb custom_padding=\u00bb0px|0px|0px|0px\u00bb global_colors_info=\u00bb{}\u00bb][et_pb_column type=\u00bb1_2&#8243; _builder_version=\u00bb4.16&#8243; custom_padding=\u00bb|||\u00bb global_colors_info=\u00bb{}\u00bb custom_padding__hover=\u00bb|||\u00bb][et_pb_text _builder_version=\u00bb4.21.0&#8243; text_font=\u00bb|on||on|\u00bb text_text_color=\u00bb#E09900&#8243; text_font_size=\u00bb27&#8243; text_line_height=\u00bb1.2em\u00bb header_font=\u00bb|on||on|\u00bb header_text_color=\u00bb#ffffff\u00bb header_font_size=\u00bb35px\u00bb background_color=\u00bb#c4c4c4&#8243; background_size=\u00bbinitial\u00bb background_position=\u00bbtop_left\u00bb background_repeat=\u00bbrepeat\u00bb custom_margin=\u00bb0px||0px|\u00bb custom_padding=\u00bb10px||10px|15px\u00bb hover_enabled=\u00bb0&#8243; global_colors_info=\u00bb{}\u00bb sticky_enabled=\u00bb0&#8243;]<\/p>\n<p>LAS QUERELLAS DE LA CPM_<\/p>\n<p>[\/et_pb_text][\/et_pb_column][et_pb_column type=\u00bb1_2&#8243; _builder_version=\u00bb4.16&#8243; custom_padding=\u00bb|||\u00bb global_colors_info=\u00bb{}\u00bb custom_padding__hover=\u00bb|||\u00bb][\/et_pb_column][\/et_pb_row][et_pb_row _builder_version=\u00bb4.16&#8243; background_size=\u00bbinitial\u00bb background_position=\u00bbtop_left\u00bb background_repeat=\u00bbrepeat\u00bb custom_padding=\u00bb32px|106px|27px|59px\u00bb global_colors_info=\u00bb{}\u00bb][et_pb_column type=\u00bb4_4&#8243; _builder_version=\u00bb4.16&#8243; custom_padding=\u00bb|||\u00bb global_colors_info=\u00bb{}\u00bb custom_padding__hover=\u00bb|||\u00bb][et_pb_toggle title=\u00bbCAUSA DIPPBA\u00bb closed_toggle_text_color=\u00bb#E09900&#8243; _builder_version=\u00bb4.21.0&#8243; title_text_color=\u00bb#E09900&#8243; title_font_size=\u00bb20&#8243; hover_enabled=\u00bb0&#8243; global_colors_info=\u00bb{}\u00bb sticky_enabled=\u00bb0&#8243;]<\/p>\n<p style=\"text-align: justify;\"><strong>Causa FLP 14000084\/2013<\/strong> caratulada <em>\u201cNN: (Tribunal Oral 1 solicita investigaci\u00f3n sobre la Ex Direcci\u00f3n de Inteligencia, de la Polic\u00eda de la provincia de Buenos Aires) s\/ privaci\u00f3n ilegal de libertad (Art. 144 bis Inc. 1) Querellante: Comisi\u00f3n Provincial por la Memoria y otro\u201d,<\/em> del registro del Juzgado Federal en lo Criminal y Correccional N\u00ba 1 de La Plata.<span>En esta causa se investiga la responsabilidad en cr\u00edmenes de lesa humanidad del personal jer\u00e1rquico de DIPPBA Central y de sus Delegaciones emplazadas en el denominado \u201cCircuito Camps\u201d.<\/span><\/p>\n<p>[\/et_pb_toggle][et_pb_toggle title=\u00bbCAUSA ANA MAR\u00cdA MART\u00cdNEZ \u00bb closed_toggle_text_color=\u00bb#E09900&#8243; _builder_version=\u00bb4.16&#8243; title_text_color=\u00bb#E09900&#8243; title_font_size=\u00bb20&#8243; global_colors_info=\u00bb{}\u00bb]<\/p>\n<p style=\"text-align: justify;\"><strong>Causa N\u00ba 4012<\/strong> (conocida como <em>Campo de Mayo<\/em>), caso 407 caratulada \u201cMart\u00ednez, Ana Mar\u00eda\u201d, radicada en el Juzgado Federal en lo Criminal y Correccional N\u00ba 2 de San Mart\u00edn. En esta causa se investiga el secuestro y asesinato de Ana Mar\u00eda Mart\u00ednez, militante del Partido Socialista de los Trabajadores. El 4 de febrero de 1982 Ana Mar\u00eda Mart\u00ednez fue secuestrada en la localidad bonaerense de Villa de Mayo, partido de San Mart\u00edn. Su cuerpo\u00a0fue hallado sin vida el 11 de febrero de ese a\u00f1o en Tigre. A partir de la investigaci\u00f3n desarrollada por la CPM, se pudo establecer el v\u00ednculo de la ex DIPPBA en la persecuci\u00f3n pol\u00edtica y muerte de Mart\u00ednez.\u00a0<\/p>\n<p>[\/et_pb_toggle][et_pb_toggle title=\u00bbCAUSA POR APREMIOS ILEGALES A MILITANTES POL\u00cdTICOS\u00bb closed_toggle_text_color=\u00bb#E09900&#8243; _builder_version=\u00bb4.16&#8243; title_text_color=\u00bb#E09900&#8243; title_font_size=\u00bb20&#8243; global_colors_info=\u00bb{}\u00bb]<\/p>\n<p style=\"text-align: justify;\"><strong>Causa FSM N\u00ba 31005793\/1982<\/strong> caratulada <em>\u201cVejaci\u00f3n o apremios ilegales (art. 144 bis inc. 2)\u00bb<\/em>, radicada en el Juzgado Federal en lo Criminal y Correccional N\u00ba 1 de San Isidro. En esta causa se investigan las detenciones ilegales y tormentos a militantes pol\u00edticos de la zona de San Mart\u00edn durante los a\u00f1os 1981 y 1982, perpetrados por personal de la ex DIPPBA, Brigada de Investigaciones de San Mart\u00edn y el Destacamento de Inteligencia 201 de Campo de Mayo.<\/p>\n<p>[\/et_pb_toggle][\/et_pb_column][\/et_pb_row][et_pb_row _builder_version=\u00bb4.16&#8243; background_size=\u00bbinitial\u00bb background_position=\u00bbtop_left\u00bb background_repeat=\u00bbrepeat\u00bb custom_padding=\u00bb0px||0px|\u00bb global_colors_info=\u00bb{}\u00bb][et_pb_column type=\u00bb4_4&#8243; _builder_version=\u00bb4.16&#8243; custom_padding=\u00bb|||\u00bb global_colors_info=\u00bb{}\u00bb custom_padding__hover=\u00bb|||\u00bb][et_pb_image src=\u00bbhttps:\/\/www.comisionporlamemoria.org\/archivo-nuevo\/wp-content\/uploads\/sites\/17\/2017\/02\/separador4.png\u00bb align_tablet=\u00bbcenter\u00bb align_phone=\u00bbcenter\u00bb align_last_edited=\u00bbon|desktop\u00bb _builder_version=\u00bb4.16&#8243; custom_margin=\u00bb0px||0px|\u00bb custom_css_main_element=\u00bbheight: 15px !important;\u00bb animation=\u00bboff\u00bb global_colors_info=\u00bb{}\u00bb][\/et_pb_image][\/et_pb_column][\/et_pb_row][\/et_pb_section][et_pb_section fb_built=\u00bb1&#8243; _builder_version=\u00bb4.16&#8243; custom_padding=\u00bb0px|0px|0px|0px\u00bb global_colors_info=\u00bb{}\u00bb][et_pb_row _builder_version=\u00bb4.16&#8243; background_size=\u00bbinitial\u00bb background_position=\u00bbtop_left\u00bb background_repeat=\u00bbrepeat\u00bb custom_padding=\u00bb23px|0px|27px|0px\u00bb global_colors_info=\u00bb{}\u00bb][et_pb_column type=\u00bb4_4&#8243; _builder_version=\u00bb4.16&#8243; custom_padding=\u00bb|||\u00bb global_colors_info=\u00bb{}\u00bb custom_padding__hover=\u00bb|||\u00bb][et_pb_text _builder_version=\u00bb4.16&#8243; text_orientation=\u00bbjustified\u00bb global_colors_info=\u00bb{}\u00bb]Desde el a\u00f1o 2003, a trav\u00e9s del programa <strong>Justicia por delitos de lesa humanidad,<\/strong>\u00a0la CPM realiza investigaciones y peritajes que presenta como documentaci\u00f3n probatoria en los juicios por delitos de lesa humanidad\u00a0en la provincia de Buenos Aires y en otros lugares del pa\u00eds. Desde la reapertura de las causas ese a\u00f1o, la CPM aport\u00f3 documentaci\u00f3n en la totalidad de los juicios realizados en la provincia, y en el 65% de los realizados en todo el pa\u00eds.<br \/>\n[\/et_pb_text][et_pb_button button_url=\u00bb\/archivo\/aportes-a-la-justicia-2\/\u00bb url_new_window=\u00bbon\u00bb button_text=\u00bbaportes a la justicia \u00bb button_alignment=\u00bbleft\u00bb _builder_version=\u00bb4.21.0&#8243; custom_button=\u00bbon\u00bb button_text_size=\u00bb16&#8243; button_text_color=\u00bb#E09900&#8243; button_bg_color=\u00bb#c4c4c4&#8243; button_border_width=\u00bb0&#8243; button_border_radius=\u00bb0&#8243; button_font=\u00bb|||on|\u00bb button_icon=\u00bb&#x3d;||divi||400&#8243; button_icon_color=\u00bb#E09900&#8243; button_icon_placement=\u00bbleft\u00bb hover_enabled=\u00bb0&#8243; button_border_radius_hover=\u00bb0&#8243; saved_tabs=\u00bball\u00bb global_colors_info=\u00bb{}\u00bb button_text_size__hover_enabled=\u00bboff\u00bb button_one_text_size__hover_enabled=\u00bboff\u00bb button_two_text_size__hover_enabled=\u00bboff\u00bb button_text_color__hover_enabled=\u00bboff\u00bb button_one_text_color__hover_enabled=\u00bboff\u00bb button_two_text_color__hover_enabled=\u00bboff\u00bb button_border_width__hover_enabled=\u00bboff\u00bb button_one_border_width__hover_enabled=\u00bboff\u00bb button_two_border_width__hover_enabled=\u00bboff\u00bb button_border_color__hover_enabled=\u00bboff\u00bb button_one_border_color__hover_enabled=\u00bboff\u00bb button_two_border_color__hover_enabled=\u00bboff\u00bb button_border_radius__hover_enabled=\u00bbon\u00bb button_border_radius__hover=\u00bb0&#8243; button_one_border_radius__hover_enabled=\u00bboff\u00bb button_two_border_radius__hover_enabled=\u00bboff\u00bb button_letter_spacing__hover_enabled=\u00bboff\u00bb button_one_letter_spacing__hover_enabled=\u00bboff\u00bb button_two_letter_spacing__hover_enabled=\u00bboff\u00bb button_bg_color__hover_enabled=\u00bboff\u00bb button_one_bg_color__hover_enabled=\u00bboff\u00bb button_two_bg_color__hover_enabled=\u00bboff\u00bb sticky_enabled=\u00bb0&#8243;][\/et_pb_button][et_pb_image src=\u00bbhttps:\/\/www.comisionporlamemoria.org\/archivo-nuevo\/wp-content\/uploads\/sites\/17\/2017\/02\/separador4.png\u00bb align_tablet=\u00bbcenter\u00bb align_phone=\u00bbcenter\u00bb align_last_edited=\u00bbon|desktop\u00bb _builder_version=\u00bb4.16&#8243; custom_margin=\u00bb0px||0px|\u00bb custom_css_main_element=\u00bbheight: 15px !important;\u00bb animation=\u00bboff\u00bb global_colors_info=\u00bb{}\u00bb][\/et_pb_image][\/et_pb_column][\/et_pb_row][\/et_pb_section]<\/p>\n","protected":false},"excerpt":{"rendered":"<p>&nbsp; LA INTERVENCI\u00d3N JUDICIAL en los DELITOS DE LESA HUMANIDAD_A partir de la presentaci\u00f3n como querellante en la causa que investiga las responsabilidades penales de los integrantes de la ex Direcci\u00f3n de Inteligencia de la provincia de Buenos Aires (DIPPBA) durante el terrorismo de Estado, la CPM promovi\u00f3 la creaci\u00f3n de un espacio de articulaci\u00f3n [&hellip;]<\/p>\n","protected":false},"author":8,"featured_media":0,"parent":0,"menu_order":0,"comment_status":"closed","ping_status":"closed","template":"","meta":{"_et_pb_use_builder":"on","_et_pb_old_content":"","_et_gb_content_width":"","jetpack_post_was_ever_published":false,"footnotes":""},"class_list":["post-31707","page","type-page","status-publish","hentry"],"jetpack_sharing_enabled":true,"jetpack_shortlink":"https:\/\/wp.me\/P8gJxM-8fp","_links":{"self":[{"href":"https:\/\/www.comisionporlamemoria.org\/archivo\/wp-json\/wp\/v2\/pages\/31707","targetHints":{"allow":["GET"]}}],"collection":[{"href":"https:\/\/www.comisionporlamemoria.org\/archivo\/wp-json\/wp\/v2\/pages"}],"about":[{"href":"https:\/\/www.comisionporlamemoria.org\/archivo\/wp-json\/wp\/v2\/types\/page"}],"author":[{"embeddable":true,"href":"https:\/\/www.comisionporlamemoria.org\/archivo\/wp-json\/wp\/v2\/users\/8"}],"replies":[{"embeddable":true,"href":"https:\/\/www.comisionporlamemoria.org\/archivo\/wp-json\/wp\/v2\/comments?post=31707"}],"version-history":[{"count":0,"href":"https:\/\/www.comisionporlamemoria.org\/archivo\/wp-json\/wp\/v2\/pages\/31707\/revisions"}],"wp:attachment":[{"href":"https:\/\/www.comisionporlamemoria.org\/archivo\/wp-json\/wp\/v2\/media?parent=31707"}],"curies":[{"name":"wp","href":"https:\/\/api.w.org\/{rel}","templated":true}]}}