{"id":31859,"date":"2017-08-17T09:09:08","date_gmt":"2017-08-17T09:09:08","guid":{"rendered":"http:\/\/www.comisionporlamemoria.org\/archivo-nuevo\/?page_id=31859"},"modified":"2023-06-06T16:01:05","modified_gmt":"2023-06-06T16:01:05","slug":"fondo-prefectura-zona-norte","status":"publish","type":"page","link":"https:\/\/www.comisionporlamemoria.org\/archivo\/fondo-prefectura-zona-norte\/","title":{"rendered":"Secci\u00f3n Informaciones Zona Mar Argentino Norte del Servicio de Inteligencia de Prefectura"},"content":{"rendered":"<p>[et_pb_section fb_built=\u00bb1&#8243; _builder_version=\u00bb4.21.0&#8243; custom_padding=\u00bb0px||0px|\u00bb hover_enabled=\u00bb0&#8243; global_colors_info=\u00bb{}\u00bb background_enable_color=\u00bboff\u00bb title_text=\u00bbbg-cabeceras\u00bb background_image=\u00bbhttps:\/\/www.comisionporlamemoria.org\/archivo\/wp-content\/uploads\/sites\/17\/2017\/05\/bg-cabeceras.jpg\u00bb sticky_enabled=\u00bb0&#8243;][et_pb_row _builder_version=\u00bb4.16&#8243; background_size=\u00bbinitial\u00bb background_position=\u00bbtop_left\u00bb background_repeat=\u00bbrepeat\u00bb custom_padding=\u00bb27px|0px|0px|0px\u00bb global_colors_info=\u00bb{}\u00bb][et_pb_column type=\u00bb4_4&#8243; _builder_version=\u00bb4.16&#8243; custom_padding=\u00bb|||\u00bb global_colors_info=\u00bb{}\u00bb custom_padding__hover=\u00bb|||\u00bb][et_pb_post_title meta=\u00bboff\u00bb featured_image=\u00bboff\u00bb _builder_version=\u00bb4.16&#8243; title_text_color=\u00bb#ffffff\u00bb title_font_size=\u00bb30px\u00bb background_color=\u00bb#424242&#8243; custom_margin=\u00bb80px||10px|\u00bb custom_padding=\u00bb13px|10px||15px\u00bb module_bg_color=\u00bb#424242&#8243; global_colors_info=\u00bb{}\u00bb]<\/p>\n<p>&nbsp;<\/p>\n<p>[\/et_pb_post_title][\/et_pb_column][\/et_pb_row][\/et_pb_section][et_pb_section fb_built=\u00bb1&#8243; admin_label=\u00bbsection\u00bb _builder_version=\u00bb4.16&#8243; parallax=\u00bbon\u00bb parallax_method=\u00bboff\u00bb custom_padding=\u00bb54px|0px|0px|0px\u00bb global_colors_info=\u00bb{}\u00bb][et_pb_row column_structure=\u00bb1_4,3_4&#8243; use_custom_gutter=\u00bbon\u00bb gutter_width=\u00bb2&#8243; admin_label=\u00bbrow\u00bb _builder_version=\u00bb4.16&#8243; background_size=\u00bbinitial\u00bb background_position=\u00bbtop_left\u00bb background_repeat=\u00bbrepeat\u00bb hover_enabled=\u00bb0&#8243; custom_css_main_element=\u00bbpadding: 0px !important;\u00bb global_colors_info=\u00bb{}\u00bb sticky_enabled=\u00bb0&#8243;][et_pb_column type=\u00bb1_4&#8243; _builder_version=\u00bb4.16&#8243; custom_padding=\u00bb|||\u00bb global_colors_info=\u00bb{}\u00bb custom_padding__hover=\u00bb|||\u00bb][et_pb_text _builder_version=\u00bb4.21.0&#8243; background_size=\u00bbinitial\u00bb background_position=\u00bbtop_left\u00bb background_repeat=\u00bbrepeat\u00bb hover_enabled=\u00bb0&#8243; global_colors_info=\u00bb{}\u00bb sticky_enabled=\u00bb0&#8243;]<\/p>\n<p><span style=\"color: #e89e00;\"><strong>SECCI\u00d3N INFORMACIONES ZONA MAR ARGENTINO NORTE DEL SERVICIO DE INTELIGENCIA DE PREFECTURA<\/strong><\/span><\/p>\n<p><strong>Fondo documental cerrado<\/strong><\/p>\n<p>[\/et_pb_text][\/et_pb_column][et_pb_column type=\u00bb3_4&#8243; _builder_version=\u00bb4.16&#8243; custom_padding=\u00bb|||\u00bb global_colors_info=\u00bb{}\u00bb custom_padding__hover=\u00bb|||\u00bb][et_pb_text _builder_version=\u00bb4.16&#8243; background_color=\u00bb#ffffff\u00bb background_size=\u00bbinitial\u00bb background_position=\u00bbtop_left\u00bb background_repeat=\u00bbrepeat\u00bb custom_padding=\u00bb25px|25px|25px|25px\u00bb border_width_all=\u00bb0px\u00bb border_color_all=\u00bb#969696&#8243; border_style_all=\u00bbsolid\u00bb use_border_color=\u00bbon\u00bb border_color=\u00bb#969696&#8243; global_colors_info=\u00bb{}\u00bb]<\/p>\n<p style=\"text-align: justify;\">Cedido en guarda por la Fiscal\u00eda General de Bah\u00eda Blanca en el a\u00f1o 2009. Fondo cerrado.<\/p>\n<p style=\"text-align: justify;\">Fechas extremas: 1951 \u2013 1998<\/p>\n<p style=\"text-align: justify;\">Toda la documentaci\u00f3n pertenece al archivo administrativo de la Secci\u00f3n Informaciones. Se encuentran las comunicaciones establecidas entre esta secci\u00f3n (o de las distintas dependencias de la Prefectura Naval Argentina), con la comunidad informativa o con otras instituciones, incluso de la esfera privada. Sin bien predomina la documentaci\u00f3n referida a las localidades de Bah\u00eda Blanca y Mar del Plata, por las caracter\u00edsticas del fondo surge informaci\u00f3n de toda la provincia de Buenos Aires y algo sobre Capital Federal.<\/p>\n<p style=\"text-align: justify;\">Volumen y soporte: 87 cajas y m\u00e1s de 75000 fojas; papel.<\/p>\n<p style=\"text-align: justify;\">Fondo digitalizado en su totalidad.<\/p>\n<p>[\/et_pb_text][\/et_pb_column][\/et_pb_row][\/et_pb_section][et_pb_section fb_built=\u00bb1&#8243; _builder_version=\u00bb4.17.3&#8243; _module_preset=\u00bbdefault\u00bb global_colors_info=\u00bb{}\u00bb][et_pb_row use_custom_gutter=\u00bbon\u00bb gutter_width=\u00bb2&#8243; admin_label=\u00bbrow\u00bb _builder_version=\u00bb4.16&#8243; background_image=\u00bbhttps:\/\/www.comisionporlamemoria.org\/archivo\/wp-content\/uploads\/sites\/17\/2018\/08\/fondo-rayas.png\u00bb background_size=\u00bbinitial\u00bb background_position=\u00bbtop_left\u00bb background_repeat=\u00bbrepeat\u00bb custom_css_main_element=\u00bbpadding: 0px !important;\u00bb global_colors_info=\u00bb{}\u00bb][et_pb_column type=\u00bb4_4&#8243; _builder_version=\u00bb4.16&#8243; custom_padding=\u00bb|||\u00bb global_colors_info=\u00bb{}\u00bb custom_padding__hover=\u00bb|||\u00bb][et_pb_text _builder_version=\u00bb4.17.3&#8243; text_text_color=\u00bb#ffffff\u00bb text_font_size=\u00bb16&#8243; background_color=\u00bb#606060&#8243; background_size=\u00bbinitial\u00bb background_position=\u00bbtop_left\u00bb background_repeat=\u00bbrepeat\u00bb custom_margin=\u00bb||0px||false|false\u00bb custom_padding=\u00bb20px|20px|20px|30px\u00bb global_colors_info=\u00bb{}\u00bb]<\/p>\n<p><strong>Gu\u00eda de fondos y colecciones<\/strong><\/p>\n<p><strong><\/strong><\/p>\n<p>[\/et_pb_text][et_pb_button button_url=\u00bbhttps:\/\/atom.comisionporlamemoria.net\/index.php\/seccion-informaciones-del-servicio-de-inteligencia-de-la-prefectura-zona-atlantico-norte%20&#8243; url_new_window=\u00bbon\u00bb button_text=\u00bbINGRESAR\u00bb button_alignment=\u00bbright\u00bb _builder_version=\u00bb4.21.0&#8243; custom_button=\u00bbon\u00bb button_text_size=\u00bb16&#8243; button_text_color=\u00bb#FFFFFF\u00bb button_bg_color=\u00bb#e89e00&#8243; button_border_width=\u00bb0px\u00bb button_border_radius=\u00bb0&#8243; button_font=\u00bb|||on|\u00bb button_icon=\u00bb&#x3d;||divi||400&#8243; button_icon_color=\u00bb#FFFFFF\u00bb hover_enabled=\u00bb0&#8243; button_border_color_tablet=\u00bb\u00bb button_border_color_phone=\u00bb\u00bb button_border_color_last_edited=\u00bbon|desktop\u00bb button_border_radius_hover=\u00bb0&#8243; button_letter_spacing_hover=\u00bb0&#8243; saved_tabs=\u00bball\u00bb global_colors_info=\u00bb{}\u00bb button_text_size__hover_enabled=\u00bboff\u00bb button_one_text_size__hover_enabled=\u00bboff\u00bb button_two_text_size__hover_enabled=\u00bboff\u00bb button_text_color__hover_enabled=\u00bboff\u00bb button_one_text_color__hover_enabled=\u00bboff\u00bb button_two_text_color__hover_enabled=\u00bboff\u00bb button_border_width__hover_enabled=\u00bboff\u00bb button_one_border_width__hover_enabled=\u00bboff\u00bb button_two_border_width__hover_enabled=\u00bboff\u00bb button_border_color__hover_enabled=\u00bboff\u00bb button_one_border_color__hover_enabled=\u00bboff\u00bb button_two_border_color__hover_enabled=\u00bboff\u00bb button_border_radius__hover_enabled=\u00bbon\u00bb button_border_radius__hover=\u00bb0&#8243; button_one_border_radius__hover_enabled=\u00bboff\u00bb button_two_border_radius__hover_enabled=\u00bboff\u00bb button_letter_spacing__hover_enabled=\u00bbon\u00bb button_letter_spacing__hover=\u00bb0&#8243; button_one_letter_spacing__hover_enabled=\u00bboff\u00bb button_two_letter_spacing__hover_enabled=\u00bboff\u00bb button_bg_color__hover_enabled=\u00bboff\u00bb button_one_bg_color__hover_enabled=\u00bboff\u00bb button_two_bg_color__hover_enabled=\u00bboff\u00bb button_bg_enable_color=\u00bbon\u00bb sticky_enabled=\u00bb0&#8243;][\/et_pb_button][\/et_pb_column][\/et_pb_row][\/et_pb_section][et_pb_section fb_built=\u00bb1&#8243; _builder_version=\u00bb4.16&#8243; custom_padding=\u00bb40px||0px|\u00bb global_colors_info=\u00bb{}\u00bb][et_pb_row _builder_version=\u00bb4.16&#8243; background_size=\u00bbinitial\u00bb background_position=\u00bbtop_left\u00bb background_repeat=\u00bbrepeat\u00bb custom_padding=\u00bb0px||0px|\u00bb global_colors_info=\u00bb{}\u00bb][et_pb_column type=\u00bb4_4&#8243; _builder_version=\u00bb4.16&#8243; custom_padding=\u00bb|||\u00bb global_colors_info=\u00bb{}\u00bb custom_padding__hover=\u00bb|||\u00bb][et_pb_image src=\u00bbhttps:\/\/www.comisionporlamemoria.org\/archivo-nuevo\/wp-content\/uploads\/sites\/17\/2017\/02\/separador4.png\u00bb align_tablet=\u00bbcenter\u00bb align_phone=\u00bbcenter\u00bb align_last_edited=\u00bbon|desktop\u00bb _builder_version=\u00bb4.16&#8243; custom_margin=\u00bb0px||0px|\u00bb custom_css_main_element=\u00bbheight: 15px !important;\u00bb animation=\u00bboff\u00bb global_colors_info=\u00bb{}\u00bb]<\/p>\n<p>[\/et_pb_image][\/et_pb_column][\/et_pb_row][\/et_pb_section]<\/p>\n","protected":false},"excerpt":{"rendered":"<p>&nbsp; SECCI\u00d3N INFORMACIONES ZONA MAR ARGENTINO NORTE DEL SERVICIO DE INTELIGENCIA DE PREFECTURA Fondo documental cerradoCedido en guarda por la Fiscal\u00eda General de Bah\u00eda Blanca en el a\u00f1o 2009. Fondo cerrado. Fechas extremas: 1951 \u2013 1998 Toda la documentaci\u00f3n pertenece al archivo administrativo de la Secci\u00f3n Informaciones. Se encuentran las comunicaciones establecidas entre esta secci\u00f3n [&hellip;]<\/p>\n","protected":false},"author":32,"featured_media":0,"parent":0,"menu_order":0,"comment_status":"closed","ping_status":"closed","template":"","meta":{"_et_pb_use_builder":"on","_et_pb_old_content":"","_et_gb_content_width":"","jetpack_post_was_ever_published":false,"footnotes":""},"class_list":["post-31859","page","type-page","status-publish","hentry"],"jetpack_sharing_enabled":true,"jetpack_shortlink":"https:\/\/wp.me\/P8gJxM-8hR","_links":{"self":[{"href":"https:\/\/www.comisionporlamemoria.org\/archivo\/wp-json\/wp\/v2\/pages\/31859","targetHints":{"allow":["GET"]}}],"collection":[{"href":"https:\/\/www.comisionporlamemoria.org\/archivo\/wp-json\/wp\/v2\/pages"}],"about":[{"href":"https:\/\/www.comisionporlamemoria.org\/archivo\/wp-json\/wp\/v2\/types\/page"}],"author":[{"embeddable":true,"href":"https:\/\/www.comisionporlamemoria.org\/archivo\/wp-json\/wp\/v2\/users\/32"}],"replies":[{"embeddable":true,"href":"https:\/\/www.comisionporlamemoria.org\/archivo\/wp-json\/wp\/v2\/comments?post=31859"}],"version-history":[{"count":0,"href":"https:\/\/www.comisionporlamemoria.org\/archivo\/wp-json\/wp\/v2\/pages\/31859\/revisions"}],"wp:attachment":[{"href":"https:\/\/www.comisionporlamemoria.org\/archivo\/wp-json\/wp\/v2\/media?parent=31859"}],"curies":[{"name":"wp","href":"https:\/\/api.w.org\/{rel}","templated":true}]}}