{"id":31864,"date":"2017-08-17T09:12:54","date_gmt":"2017-08-17T09:12:54","guid":{"rendered":"http:\/\/www.comisionporlamemoria.org\/archivo-nuevo\/?page_id=31864"},"modified":"2022-05-10T13:56:15","modified_gmt":"2022-05-10T13:56:15","slug":"mercedes-lagrava","status":"publish","type":"page","link":"https:\/\/www.comisionporlamemoria.org\/archivo\/mercedes-lagrava\/","title":{"rendered":"FONDO MERCEDES LAGRAVA"},"content":{"rendered":"<p>[et_pb_section fb_built=\u00bb1&#8243; _builder_version=\u00bb4.16&#8243; background_image=\u00bbhttps:\/\/www.comisionporlamemoria.org\/archivo-nuevo\/wp-content\/uploads\/sites\/17\/2017\/05\/bg-cabeceras.jpg\u00bb custom_padding=\u00bb0px||0px|\u00bb global_colors_info=\u00bb{}\u00bb][et_pb_row _builder_version=\u00bb4.16&#8243; background_size=\u00bbinitial\u00bb background_position=\u00bbtop_left\u00bb background_repeat=\u00bbrepeat\u00bb custom_padding=\u00bb27px|0px|0px|0px\u00bb global_colors_info=\u00bb{}\u00bb][et_pb_column type=\u00bb4_4&#8243; _builder_version=\u00bb4.16&#8243; custom_padding=\u00bb|||\u00bb global_colors_info=\u00bb{}\u00bb custom_padding__hover=\u00bb|||\u00bb][et_pb_post_title meta=\u00bboff\u00bb featured_image=\u00bboff\u00bb _builder_version=\u00bb4.16&#8243; title_text_color=\u00bb#ffffff\u00bb title_font_size=\u00bb40&#8243; background_color=\u00bb#424242&#8243; custom_margin=\u00bb80px||10px|\u00bb custom_padding=\u00bb13px|10px||15px\u00bb module_bg_color=\u00bb#424242&#8243; global_colors_info=\u00bb{}\u00bb]<br \/>\n[\/et_pb_post_title][\/et_pb_column][\/et_pb_row][\/et_pb_section][et_pb_section fb_built=\u00bb1&#8243; admin_label=\u00bbsection\u00bb _builder_version=\u00bb4.16&#8243; parallax=\u00bbon\u00bb parallax_method=\u00bboff\u00bb custom_padding=\u00bb54px|0px|0px|0px\u00bb global_colors_info=\u00bb{}\u00bb][et_pb_row column_structure=\u00bb1_4,3_4&#8243; use_custom_gutter=\u00bbon\u00bb gutter_width=\u00bb2&#8243; admin_label=\u00bbrow\u00bb _builder_version=\u00bb4.16&#8243; background_size=\u00bbinitial\u00bb background_position=\u00bbtop_left\u00bb background_repeat=\u00bbrepeat\u00bb custom_css_main_element=\u00bbpadding: 0px !important;\u00bb global_colors_info=\u00bb{}\u00bb][et_pb_column type=\u00bb1_4&#8243; _builder_version=\u00bb4.16&#8243; custom_padding=\u00bb|||\u00bb global_colors_info=\u00bb{}\u00bb custom_padding__hover=\u00bb|||\u00bb][et_pb_text _builder_version=\u00bb4.16&#8243; background_size=\u00bbinitial\u00bb background_position=\u00bbtop_left\u00bb background_repeat=\u00bbrepeat\u00bb global_colors_info=\u00bb{}\u00bb]<\/p>\n<h2>Fondo personal Mercedes Lagrava<\/h2>\n<p>[\/et_pb_text][\/et_pb_column][et_pb_column type=\u00bb3_4&#8243; _builder_version=\u00bb4.16&#8243; custom_padding=\u00bb|||\u00bb global_colors_info=\u00bb{}\u00bb custom_padding__hover=\u00bb|||\u00bb][et_pb_text _builder_version=\u00bb4.16&#8243; background_color=\u00bb#ffffff\u00bb background_size=\u00bbinitial\u00bb background_position=\u00bbtop_left\u00bb background_repeat=\u00bbrepeat\u00bb custom_padding=\u00bb25px|25px|25px|25px\u00bb z_index_tablet=\u00bb500&#8243; border_color_all=\u00bb#969696&#8243; use_border_color=\u00bbon\u00bb global_colors_info=\u00bb{}\u00bb]<\/p>\n<p style=\"text-align: justify;\">Se trata del archivo personal de Mercedes Lagrava de Mart\u00ednez, Madre de Plaza de Mayo. Est\u00e1 compuesto por la documentaci\u00f3n reunida y ordenada durante el largo proceso de la b\u00fasqueda de su hijo, Atilio C\u00e9sar Mart\u00ednez Lagrava. El fondo cuenta con cartas personales, de instituciones argentinas y del exterior con denuncias sobre violaciones a los derechos humanos. Tambi\u00e9n figuran folletos, fotograf\u00edas, afiches, panfletos, boletos de\u00a0 micro y objetos como por ejemplo cuadros y un pa\u00f1uelo bordado a mano. La donaci\u00f3n contiene adem\u00e1s libros que pertenec\u00edan al hijo de Mercedes Lagrava; actualmente se pueden consultar en la Biblioteca de la CPM.<\/p>\n<p><strong>Fechas extremas:<\/strong> 1977 &#8211; 1986<br \/> <strong>Volumen:<\/strong> 7 cajas<br \/> <strong>Soporte:<\/strong> papel<br \/> <strong>Origen:<\/strong> donaci\u00f3n familiar.<br \/> Fondo cerrado<\/p>\n<p>[\/et_pb_text][et_pb_gallery gallery_ids=\u00bb32877,32878,32879&#8243; orientation=\u00bbportrait\u00bb show_title_and_caption=\u00bboff\u00bb show_pagination=\u00bboff\u00bb _builder_version=\u00bb4.16&#8243; global_colors_info=\u00bb{}\u00bb][\/et_pb_gallery][\/et_pb_column][\/et_pb_row][\/et_pb_section][et_pb_section fb_built=\u00bb1&#8243; _builder_version=\u00bb4.17.3&#8243; _module_preset=\u00bbdefault\u00bb global_colors_info=\u00bb{}\u00bb theme_builder_area=\u00bbpost_content\u00bb][et_pb_row use_custom_gutter=\u00bbon\u00bb gutter_width=\u00bb2&#8243; admin_label=\u00bbrow\u00bb _builder_version=\u00bb4.16&#8243; background_image=\u00bbhttps:\/\/www.comisionporlamemoria.org\/archivo\/wp-content\/uploads\/sites\/17\/2018\/08\/fondo-rayas.png\u00bb background_size=\u00bbinitial\u00bb background_position=\u00bbtop_left\u00bb background_repeat=\u00bbrepeat\u00bb custom_css_main_element=\u00bbpadding: 0px !important;\u00bb global_colors_info=\u00bb{}\u00bb theme_builder_area=\u00bbpost_content\u00bb][et_pb_column type=\u00bb4_4&#8243; _builder_version=\u00bb4.16&#8243; custom_padding=\u00bb|||\u00bb global_colors_info=\u00bb{}\u00bb custom_padding__hover=\u00bb|||\u00bb theme_builder_area=\u00bbpost_content\u00bb][et_pb_text _builder_version=\u00bb4.17.3&#8243; text_text_color=\u00bb#ffffff\u00bb text_font_size=\u00bb16&#8243; background_color=\u00bb#606060&#8243; background_size=\u00bbinitial\u00bb background_position=\u00bbtop_left\u00bb background_repeat=\u00bbrepeat\u00bb custom_margin=\u00bb||0px||false|false\u00bb custom_padding=\u00bb20px|20px|20px|30px\u00bb global_colors_info=\u00bb{}\u00bb theme_builder_area=\u00bbpost_content\u00bb]<\/p>\n<p><strong>Gu\u00eda de fondos y colecciones<\/strong><\/p>\n<p><strong><\/strong><\/p>\n<p>[\/et_pb_text][et_pb_button button_url=\u00bbhttps:\/\/atom.comisionporlamemoria.net\/index.php\/archivo-personal-mercedes-lagrava \u00bb url_new_window=\u00bbon\u00bb button_text=\u00bbINGRESAR\u00bb button_alignment=\u00bbright\u00bb _builder_version=\u00bb4.17.3&#8243; custom_button=\u00bbon\u00bb button_text_size=\u00bb16&#8243; button_text_color=\u00bb#FFFFFF\u00bb button_bg_color=\u00bb#d9c148&#8243; button_border_width=\u00bb0px\u00bb button_border_radius=\u00bb0&#8243; button_font=\u00bb|||on|\u00bb button_icon=\u00bb&#x3d;||divi||400&#8243; button_icon_color=\u00bb#FFFFFF\u00bb hover_enabled=\u00bb0&#8243; button_border_color_tablet=\u00bb\u00bb button_border_color_phone=\u00bb\u00bb button_border_color_last_edited=\u00bbon|desktop\u00bb button_border_radius_hover=\u00bb0&#8243; button_letter_spacing_hover=\u00bb0&#8243; saved_tabs=\u00bball\u00bb global_colors_info=\u00bb{}\u00bb button_text_size__hover_enabled=\u00bboff\u00bb button_one_text_size__hover_enabled=\u00bboff\u00bb button_two_text_size__hover_enabled=\u00bboff\u00bb button_text_color__hover_enabled=\u00bboff\u00bb button_one_text_color__hover_enabled=\u00bboff\u00bb button_two_text_color__hover_enabled=\u00bboff\u00bb button_border_width__hover_enabled=\u00bboff\u00bb button_one_border_width__hover_enabled=\u00bboff\u00bb button_two_border_width__hover_enabled=\u00bboff\u00bb button_border_color__hover_enabled=\u00bboff\u00bb button_one_border_color__hover_enabled=\u00bboff\u00bb button_two_border_color__hover_enabled=\u00bboff\u00bb button_border_radius__hover_enabled=\u00bbon\u00bb button_border_radius__hover=\u00bb0&#8243; button_one_border_radius__hover_enabled=\u00bboff\u00bb button_two_border_radius__hover_enabled=\u00bboff\u00bb button_letter_spacing__hover_enabled=\u00bbon\u00bb button_letter_spacing__hover=\u00bb0&#8243; button_one_letter_spacing__hover_enabled=\u00bboff\u00bb button_two_letter_spacing__hover_enabled=\u00bboff\u00bb button_bg_color__hover_enabled=\u00bboff\u00bb button_one_bg_color__hover_enabled=\u00bboff\u00bb button_two_bg_color__hover_enabled=\u00bboff\u00bb theme_builder_area=\u00bbpost_content\u00bb sticky_enabled=\u00bb0&#8243;][\/et_pb_button][\/et_pb_column][\/et_pb_row][\/et_pb_section][et_pb_section fb_built=\u00bb1&#8243; _builder_version=\u00bb4.16&#8243; custom_padding=\u00bb40px||0px|\u00bb global_colors_info=\u00bb{}\u00bb][et_pb_row _builder_version=\u00bb4.16&#8243; background_size=\u00bbinitial\u00bb background_position=\u00bbtop_left\u00bb background_repeat=\u00bbrepeat\u00bb custom_padding=\u00bb0px||0px|\u00bb global_colors_info=\u00bb{}\u00bb][et_pb_column type=\u00bb4_4&#8243; _builder_version=\u00bb4.16&#8243; custom_padding=\u00bb|||\u00bb global_colors_info=\u00bb{}\u00bb custom_padding__hover=\u00bb|||\u00bb][et_pb_image src=\u00bbhttps:\/\/www.comisionporlamemoria.org\/archivo-nuevo\/wp-content\/uploads\/sites\/17\/2017\/02\/separador4.png\u00bb align_tablet=\u00bbcenter\u00bb align_phone=\u00bb\u00bb align_last_edited=\u00bbon|desktop\u00bb _builder_version=\u00bb4.16&#8243; custom_margin=\u00bb0px||0px|\u00bb custom_css_main_element=\u00bbheight: 15px !important;\u00bb animation=\u00bboff\u00bb global_colors_info=\u00bb{}\u00bb]<br \/>\n[\/et_pb_image][\/et_pb_column][\/et_pb_row][\/et_pb_section]<\/p>\n","protected":false},"excerpt":{"rendered":"<p>Fondo personal Mercedes Lagrava Se trata del archivo personal de Mercedes Lagrava de Mart\u00ednez, Madre de Plaza de Mayo. Est\u00e1 compuesto por la documentaci\u00f3n reunida y ordenada durante el largo proceso de la b\u00fasqueda de su hijo, Atilio C\u00e9sar Mart\u00ednez Lagrava. El fondo cuenta con cartas personales, de instituciones argentinas y del exterior con denuncias [&hellip;]<\/p>\n","protected":false},"author":32,"featured_media":0,"parent":0,"menu_order":0,"comment_status":"closed","ping_status":"closed","template":"","meta":{"_et_pb_use_builder":"on","_et_pb_old_content":"","_et_gb_content_width":"","jetpack_post_was_ever_published":false,"footnotes":""},"class_list":["post-31864","page","type-page","status-publish","hentry"],"jetpack_sharing_enabled":true,"jetpack_shortlink":"https:\/\/wp.me\/P8gJxM-8hW","_links":{"self":[{"href":"https:\/\/www.comisionporlamemoria.org\/archivo\/wp-json\/wp\/v2\/pages\/31864","targetHints":{"allow":["GET"]}}],"collection":[{"href":"https:\/\/www.comisionporlamemoria.org\/archivo\/wp-json\/wp\/v2\/pages"}],"about":[{"href":"https:\/\/www.comisionporlamemoria.org\/archivo\/wp-json\/wp\/v2\/types\/page"}],"author":[{"embeddable":true,"href":"https:\/\/www.comisionporlamemoria.org\/archivo\/wp-json\/wp\/v2\/users\/32"}],"replies":[{"embeddable":true,"href":"https:\/\/www.comisionporlamemoria.org\/archivo\/wp-json\/wp\/v2\/comments?post=31864"}],"version-history":[{"count":0,"href":"https:\/\/www.comisionporlamemoria.org\/archivo\/wp-json\/wp\/v2\/pages\/31864\/revisions"}],"wp:attachment":[{"href":"https:\/\/www.comisionporlamemoria.org\/archivo\/wp-json\/wp\/v2\/media?parent=31864"}],"curies":[{"name":"wp","href":"https:\/\/api.w.org\/{rel}","templated":true}]}}