{"id":32857,"date":"2019-06-05T16:49:19","date_gmt":"2019-06-05T16:49:19","guid":{"rendered":"http:\/\/www.comisionporlamemoria.org\/archivo\/?page_id=32857"},"modified":"2023-05-24T16:26:35","modified_gmt":"2023-05-24T16:26:35","slug":"centro-de-documentacion-y-archivo","status":"publish","type":"page","link":"https:\/\/www.comisionporlamemoria.org\/archivo\/centro-de-documentacion-y-archivo\/","title":{"rendered":"Centro de Documentaci\u00f3n y Archivo"},"content":{"rendered":"<p>[et_pb_section fb_built=\u00bb1&#8243; _builder_version=\u00bb4.21.0&#8243; custom_padding=\u00bb0px||0px|\u00bb hover_enabled=\u00bb0&#8243; global_colors_info=\u00bb{}\u00bb title_text=\u00bbbg-cabeceras\u00bb background_image=\u00bbhttps:\/\/www.comisionporlamemoria.org\/archivo\/wp-content\/uploads\/sites\/17\/2017\/05\/bg-cabeceras.jpg\u00bb background_enable_color=\u00bboff\u00bb sticky_enabled=\u00bb0&#8243;][et_pb_row _builder_version=\u00bb4.19.3&#8243; background_size=\u00bbinitial\u00bb background_position=\u00bbtop_left\u00bb background_repeat=\u00bbrepeat\u00bb custom_padding=\u00bb27px|188px|0px|0px||\u00bb global_colors_info=\u00bb{}\u00bb][et_pb_column type=\u00bb4_4&#8243; _builder_version=\u00bb4.16&#8243; custom_padding=\u00bb|||\u00bb global_colors_info=\u00bb{}\u00bb custom_padding__hover=\u00bb|||\u00bb][et_pb_post_title meta=\u00bboff\u00bb featured_image=\u00bboff\u00bb _builder_version=\u00bb4.16&#8243; title_text_color=\u00bb#ffffff\u00bb title_font_size=\u00bb40&#8243; background_color=\u00bb#424242&#8243; custom_margin=\u00bb80px||10px|\u00bb custom_padding=\u00bb13px|10px||15px\u00bb module_bg_color=\u00bb#424242&#8243; global_colors_info=\u00bb{}\u00bb]<\/p>\n<p>&nbsp;<\/p>\n<p>[\/et_pb_post_title][\/et_pb_column][\/et_pb_row][\/et_pb_section][et_pb_section fb_built=\u00bb1&#8243; admin_label=\u00bbsection\u00bb _builder_version=\u00bb4.16&#8243; parallax=\u00bbon\u00bb parallax_method=\u00bboff\u00bb custom_padding=\u00bb54px|0px|0px|0px\u00bb global_colors_info=\u00bb{}\u00bb][et_pb_row use_custom_gutter=\u00bbon\u00bb gutter_width=\u00bb2&#8243; admin_label=\u00bbrow\u00bb _builder_version=\u00bb4.16&#8243; background_size=\u00bbinitial\u00bb background_position=\u00bbtop_left\u00bb background_repeat=\u00bbrepeat\u00bb custom_css_main_element=\u00bbpadding: 0px !important;\u00bb global_colors_info=\u00bb{}\u00bb][et_pb_column type=\u00bb4_4&#8243; _builder_version=\u00bb4.16&#8243; custom_padding=\u00bb|||\u00bb global_colors_info=\u00bb{}\u00bb custom_padding__hover=\u00bb|||\u00bb][et_pb_text _builder_version=\u00bb4.16&#8243; background_color=\u00bb#ffffff\u00bb background_size=\u00bbinitial\u00bb background_position=\u00bbtop_left\u00bb background_repeat=\u00bbrepeat\u00bb text_orientation=\u00bbjustified\u00bb custom_padding=\u00bb25px|25px|25px|25px\u00bb z_index_tablet=\u00bb500&#8243; border_color_all=\u00bb#969696&#8243; use_border_color=\u00bbon\u00bb border_color=\u00bb#969696&#8243; border_style=\u00bbsolid\u00bb global_colors_info=\u00bb{}\u00bb]<\/p>\n<p><span style=\"font-size: 14px;\">El <\/span><strong style=\"font-size: 14px;\">Centro de Documentaci\u00f3n y Archivo<\/strong><span style=\"font-size: 14px;\"> est\u00e1 conformado por fondos documentales relacionados con el accionar represivo del Estado, colecciones particulares, y documentaci\u00f3n producida por la propia CPM. Las formas de ingreso de la documentaci\u00f3n que dispone han sido por cesi\u00f3n, donaci\u00f3n o por acumulaci\u00f3n.<\/span><\/p>\n<p>Fue creado en el a\u00f1o 2000 a partir de la cesi\u00f3n del archivo de la DIPPBA, con el objetivo de generar un espacio que contribuyera a los procesos de memoria, verdad\u00a0y justicia. En este sentido, en el a\u00f1o 2003, fue abierto a la consulta p\u00fablica y desde entonces la CPM trabaja en facilitar el acceso a los documentos de los diversos usuarios que le solicitan informaci\u00f3n.<\/p>\n<p>El Centro de Documentaci\u00f3n y Archivo, actualmente cuenta con 540 metros lineales que se corresponden con m\u00e1s de 5.000.000 de fojas, 850 libros,\u00a0750 casetes video VHS, 160 casetes de audio,\u00a0900 casetes mini dv y 9 discos de 2 tera.<\/p>\n<p>Acced\u00e9 al protocolo para la consulta y el acceso al Centro de documentaci\u00f3n y Archivo\u00a0<a href=\"https:\/\/www.comisionporlamemoria.org\/archivo\/consultas\/\">aqu\u00ed<\/a>.\u00a0<\/p>\n<p>[\/et_pb_text][\/et_pb_column][\/et_pb_row][\/et_pb_section][et_pb_section fb_built=\u00bb1&#8243; _builder_version=\u00bb4.16&#8243; custom_padding=\u00bb29px||0px|\u00bb global_colors_info=\u00bb{}\u00bb][et_pb_row _builder_version=\u00bb4.16&#8243; background_size=\u00bbinitial\u00bb background_position=\u00bbtop_left\u00bb background_repeat=\u00bbrepeat\u00bb custom_padding=\u00bb0px||0px|\u00bb global_colors_info=\u00bb{}\u00bb][et_pb_column type=\u00bb4_4&#8243; _builder_version=\u00bb4.16&#8243; custom_padding=\u00bb|||\u00bb global_colors_info=\u00bb{}\u00bb custom_padding__hover=\u00bb|||\u00bb][et_pb_image src=\u00bbhttps:\/\/www.comisionporlamemoria.org\/archivo-nuevo\/wp-content\/uploads\/sites\/17\/2017\/02\/separador4.png\u00bb align_tablet=\u00bbcenter\u00bb align_phone=\u00bb\u00bb align_last_edited=\u00bbon|desktop\u00bb _builder_version=\u00bb4.16&#8243; custom_margin=\u00bb0px||0px|\u00bb custom_css_main_element=\u00bbheight: 15px !important;\u00bb animation=\u00bboff\u00bb global_colors_info=\u00bb{}\u00bb]<br \/>\n[\/et_pb_image][\/et_pb_column][\/et_pb_row][\/et_pb_section]<\/p>\n","protected":false},"excerpt":{"rendered":"<p>&nbsp; El Centro de Documentaci\u00f3n y Archivo est\u00e1 conformado por fondos documentales relacionados con el accionar represivo del Estado, colecciones particulares, y documentaci\u00f3n producida por la propia CPM. Las formas de ingreso de la documentaci\u00f3n que dispone han sido por cesi\u00f3n, donaci\u00f3n o por acumulaci\u00f3n. Fue creado en el a\u00f1o 2000 a partir de la [&hellip;]<\/p>\n","protected":false},"author":32,"featured_media":0,"parent":0,"menu_order":0,"comment_status":"closed","ping_status":"closed","template":"","meta":{"_et_pb_use_builder":"on","_et_pb_old_content":"","_et_gb_content_width":"","jetpack_post_was_ever_published":false,"footnotes":""},"class_list":["post-32857","page","type-page","status-publish","hentry"],"jetpack_sharing_enabled":true,"jetpack_shortlink":"https:\/\/wp.me\/P8gJxM-8xX","_links":{"self":[{"href":"https:\/\/www.comisionporlamemoria.org\/archivo\/wp-json\/wp\/v2\/pages\/32857","targetHints":{"allow":["GET"]}}],"collection":[{"href":"https:\/\/www.comisionporlamemoria.org\/archivo\/wp-json\/wp\/v2\/pages"}],"about":[{"href":"https:\/\/www.comisionporlamemoria.org\/archivo\/wp-json\/wp\/v2\/types\/page"}],"author":[{"embeddable":true,"href":"https:\/\/www.comisionporlamemoria.org\/archivo\/wp-json\/wp\/v2\/users\/32"}],"replies":[{"embeddable":true,"href":"https:\/\/www.comisionporlamemoria.org\/archivo\/wp-json\/wp\/v2\/comments?post=32857"}],"version-history":[{"count":0,"href":"https:\/\/www.comisionporlamemoria.org\/archivo\/wp-json\/wp\/v2\/pages\/32857\/revisions"}],"wp:attachment":[{"href":"https:\/\/www.comisionporlamemoria.org\/archivo\/wp-json\/wp\/v2\/media?parent=32857"}],"curies":[{"name":"wp","href":"https:\/\/api.w.org\/{rel}","templated":true}]}}