{"id":33282,"date":"2021-08-23T18:21:20","date_gmt":"2021-08-23T18:21:20","guid":{"rendered":"https:\/\/www.comisionporlamemoria.org\/archivo\/?page_id=33282"},"modified":"2023-06-06T14:42:33","modified_gmt":"2023-06-06T14:42:33","slug":"el-espacio-biografico","status":"publish","type":"page","link":"https:\/\/www.comisionporlamemoria.org\/archivo\/el-espacio-biografico\/","title":{"rendered":"El espacio biogr\u00e1fico"},"content":{"rendered":"<p>[et_pb_section fb_built=\u00bb1&#8243; _builder_version=\u00bb4.21.0&#8243; custom_padding=\u00bb0px||0px|\u00bb hover_enabled=\u00bb0&#8243; global_colors_info=\u00bb{}\u00bb background_enable_color=\u00bboff\u00bb title_text=\u00bbbg-cabeceras\u00bb background_image=\u00bbhttps:\/\/www.comisionporlamemoria.org\/archivo\/wp-content\/uploads\/sites\/17\/2017\/05\/bg-cabeceras.jpg\u00bb sticky_enabled=\u00bb0&#8243;][et_pb_row column_structure=\u00bb1_2,1_2&#8243; _builder_version=\u00bb4.16&#8243; background_size=\u00bbinitial\u00bb background_position=\u00bbtop_left\u00bb background_repeat=\u00bbrepeat\u00bb custom_padding=\u00bb27px|0px|0px|0px\u00bb global_colors_info=\u00bb{}\u00bb][et_pb_column type=\u00bb1_2&#8243; _builder_version=\u00bb4.16&#8243; custom_padding=\u00bb|||\u00bb global_colors_info=\u00bb{}\u00bb custom_padding__hover=\u00bb|||\u00bb][et_pb_post_title meta=\u00bboff\u00bb featured_image=\u00bboff\u00bb _builder_version=\u00bb4.16&#8243; title_text_color=\u00bb#ffffff\u00bb title_font_size=\u00bb40&#8243; background_color=\u00bb#424242&#8243; custom_margin=\u00bb80px||10px|\u00bb custom_padding=\u00bb13px|10px||15px\u00bb module_bg_color=\u00bb#424242&#8243; global_colors_info=\u00bb{}\u00bb]<\/p>\n<p>&nbsp;<\/p>\n<p>[\/et_pb_post_title][\/et_pb_column][et_pb_column type=\u00bb1_2&#8243; _builder_version=\u00bb4.16&#8243; custom_padding=\u00bb|||\u00bb global_colors_info=\u00bb{}\u00bb custom_padding__hover=\u00bb|||\u00bb][\/et_pb_column][\/et_pb_row][et_pb_row _builder_version=\u00bb4.16&#8243; background_size=\u00bbinitial\u00bb background_position=\u00bbtop_left\u00bb background_repeat=\u00bbrepeat\u00bb global_colors_info=\u00bb{}\u00bb][et_pb_column type=\u00bb4_4&#8243; _builder_version=\u00bb4.16&#8243; custom_padding=\u00bb|||\u00bb global_colors_info=\u00bb{}\u00bb custom_padding__hover=\u00bb|||\u00bb][et_pb_text _builder_version=\u00bb4.16&#8243; text_text_color=\u00bb#424242&#8243; header_3_text_color=\u00bb#424242&#8243; vertical_offset_tablet=\u00bb0&#8243; horizontal_offset_tablet=\u00bb0&#8243; z_index_tablet=\u00bb0&#8243; text_text_shadow_horizontal_length_tablet=\u00bb0px\u00bb text_text_shadow_vertical_length_tablet=\u00bb0px\u00bb text_text_shadow_blur_strength_tablet=\u00bb1px\u00bb link_text_shadow_horizontal_length_tablet=\u00bb0px\u00bb link_text_shadow_vertical_length_tablet=\u00bb0px\u00bb link_text_shadow_blur_strength_tablet=\u00bb1px\u00bb ul_text_shadow_horizontal_length_tablet=\u00bb0px\u00bb ul_text_shadow_vertical_length_tablet=\u00bb0px\u00bb ul_text_shadow_blur_strength_tablet=\u00bb1px\u00bb ol_text_shadow_horizontal_length_tablet=\u00bb0px\u00bb ol_text_shadow_vertical_length_tablet=\u00bb0px\u00bb ol_text_shadow_blur_strength_tablet=\u00bb1px\u00bb quote_text_shadow_horizontal_length_tablet=\u00bb0px\u00bb quote_text_shadow_vertical_length_tablet=\u00bb0px\u00bb quote_text_shadow_blur_strength_tablet=\u00bb1px\u00bb header_text_shadow_horizontal_length_tablet=\u00bb0px\u00bb header_text_shadow_vertical_length_tablet=\u00bb0px\u00bb header_text_shadow_blur_strength_tablet=\u00bb1px\u00bb header_2_text_shadow_horizontal_length_tablet=\u00bb0px\u00bb header_2_text_shadow_vertical_length_tablet=\u00bb0px\u00bb header_2_text_shadow_blur_strength_tablet=\u00bb1px\u00bb header_3_text_shadow_horizontal_length_tablet=\u00bb0px\u00bb header_3_text_shadow_vertical_length_tablet=\u00bb0px\u00bb header_3_text_shadow_blur_strength_tablet=\u00bb1px\u00bb header_4_text_shadow_horizontal_length_tablet=\u00bb0px\u00bb header_4_text_shadow_vertical_length_tablet=\u00bb0px\u00bb header_4_text_shadow_blur_strength_tablet=\u00bb1px\u00bb header_5_text_shadow_horizontal_length_tablet=\u00bb0px\u00bb header_5_text_shadow_vertical_length_tablet=\u00bb0px\u00bb header_5_text_shadow_blur_strength_tablet=\u00bb1px\u00bb header_6_text_shadow_horizontal_length_tablet=\u00bb0px\u00bb header_6_text_shadow_vertical_length_tablet=\u00bb0px\u00bb header_6_text_shadow_blur_strength_tablet=\u00bb1px\u00bb box_shadow_horizontal_tablet=\u00bb0px\u00bb box_shadow_vertical_tablet=\u00bb0px\u00bb box_shadow_blur_tablet=\u00bb40px\u00bb box_shadow_spread_tablet=\u00bb0px\u00bb global_colors_info=\u00bb{}\u00bb]<\/p>\n<h3><span style=\"color: #ffffff;\">Hacia la reconstrucci\u00f3n y transmisi\u00f3n de las historias de vida de las v\u00edctimas del terrorismo de estado en la provincia de Buenos Aires.<\/span><\/h3>\n<p>[\/et_pb_text][\/et_pb_column][\/et_pb_row][\/et_pb_section][et_pb_section fb_built=\u00bb1&#8243; admin_label=\u00bbsection\u00bb _builder_version=\u00bb4.16&#8243; parallax=\u00bbon\u00bb parallax_method=\u00bboff\u00bb custom_padding=\u00bb54px|0px|0px|0px\u00bb global_colors_info=\u00bb{}\u00bb][et_pb_row _builder_version=\u00bb4.21.0&#8243; background_size=\u00bbinitial\u00bb background_position=\u00bbtop_left\u00bb background_repeat=\u00bbrepeat\u00bb custom_margin=\u00bb|auto||153px||\u00bb hover_enabled=\u00bb0&#8243; global_colors_info=\u00bb{}\u00bb sticky_enabled=\u00bb0&#8243;][et_pb_column type=\u00bb4_4&#8243; _builder_version=\u00bb4.16&#8243; custom_padding=\u00bb|||\u00bb global_colors_info=\u00bb{}\u00bb custom_padding__hover=\u00bb|||\u00bb][et_pb_blurb title=\u00bbTrayecto de formaci\u00f3n de la CPM\u00bb content_max_width=\u00bb1100px\u00bb _builder_version=\u00bb4.16&#8243; vertical_offset_tablet=\u00bb0&#8243; horizontal_offset_tablet=\u00bb0&#8243; width=\u00bb100%\u00bb custom_margin=\u00bb|0px|0px|0px|false|false\u00bb custom_padding=\u00bb30px|30px|30px|30px|false|false\u00bb z_index_tablet=\u00bb0&#8243; header_text_shadow_horizontal_length_tablet=\u00bb0px\u00bb header_text_shadow_vertical_length_tablet=\u00bb0px\u00bb header_text_shadow_blur_strength_tablet=\u00bb1px\u00bb body_text_shadow_horizontal_length_tablet=\u00bb0px\u00bb body_text_shadow_vertical_length_tablet=\u00bb0px\u00bb body_text_shadow_blur_strength_tablet=\u00bb1px\u00bb body_link_text_shadow_horizontal_length_tablet=\u00bb0px\u00bb body_link_text_shadow_vertical_length_tablet=\u00bb0px\u00bb body_link_text_shadow_blur_strength_tablet=\u00bb1px\u00bb body_ul_text_shadow_horizontal_length_tablet=\u00bb0px\u00bb body_ul_text_shadow_vertical_length_tablet=\u00bb0px\u00bb body_ul_text_shadow_blur_strength_tablet=\u00bb1px\u00bb body_ol_text_shadow_horizontal_length_tablet=\u00bb0px\u00bb body_ol_text_shadow_vertical_length_tablet=\u00bb0px\u00bb body_ol_text_shadow_blur_strength_tablet=\u00bb1px\u00bb body_quote_text_shadow_horizontal_length_tablet=\u00bb0px\u00bb body_quote_text_shadow_vertical_length_tablet=\u00bb0px\u00bb body_quote_text_shadow_blur_strength_tablet=\u00bb1px\u00bb border_width_all=\u00bb4px\u00bb border_color_all=\u00bb#424242&#8243; border_width_all_image=\u00bb3px\u00bb box_shadow_horizontal_tablet=\u00bb0px\u00bb box_shadow_vertical_tablet=\u00bb0px\u00bb box_shadow_blur_tablet=\u00bb40px\u00bb box_shadow_spread_tablet=\u00bb0px\u00bb box_shadow_horizontal_image_tablet=\u00bb0px\u00bb box_shadow_vertical_image_tablet=\u00bb0px\u00bb box_shadow_blur_image_tablet=\u00bb40px\u00bb box_shadow_spread_image_tablet=\u00bb0px\u00bb text_shadow_horizontal_length_tablet=\u00bb0px\u00bb text_shadow_vertical_length_tablet=\u00bb0px\u00bb text_shadow_blur_strength_tablet=\u00bb1px\u00bb global_colors_info=\u00bb{}\u00bb]<\/p>\n<p style=\"text-align: justify;\">Destinatarios: p\u00fablico general y, en particular, a secretar\u00edas de DDHH municipales, sitios de Memoria, colectivos, organizaciones sociales, activistas de derechos humanos,docentes y a participantes de j\u00f3venes y memoria.<\/p>\n<p>[\/et_pb_blurb][\/et_pb_column][\/et_pb_row][et_pb_row use_custom_gutter=\u00bbon\u00bb gutter_width=\u00bb2&#8243; admin_label=\u00bbrow\u00bb _builder_version=\u00bb4.21.0&#8243; background_size=\u00bbinitial\u00bb background_position=\u00bbtop_left\u00bb background_repeat=\u00bbrepeat\u00bb hover_enabled=\u00bb0&#8243; custom_css_main_element=\u00bbpadding: 0px !important;\u00bb global_colors_info=\u00bb{}\u00bb sticky_enabled=\u00bb0&#8243;][et_pb_column type=\u00bb4_4&#8243; _builder_version=\u00bb4.16&#8243; custom_padding=\u00bb|||\u00bb global_colors_info=\u00bb{}\u00bb custom_padding__hover=\u00bb|||\u00bb][et_pb_text _builder_version=\u00bb4.21.0&#8243; background_color=\u00bb#ffffff\u00bb background_size=\u00bbinitial\u00bb background_position=\u00bbtop_left\u00bb background_repeat=\u00bbrepeat\u00bb vertical_offset_tablet=\u00bb0&#8243; horizontal_offset_tablet=\u00bb0&#8243; text_orientation=\u00bbjustified\u00bb custom_padding=\u00bb25px|25px|25px|25px\u00bb hover_enabled=\u00bb0&#8243; z_index_tablet=\u00bb500&#8243; text_text_shadow_horizontal_length_tablet=\u00bb0px\u00bb text_text_shadow_vertical_length_tablet=\u00bb0px\u00bb text_text_shadow_blur_strength_tablet=\u00bb1px\u00bb link_text_shadow_horizontal_length_tablet=\u00bb0px\u00bb link_text_shadow_vertical_length_tablet=\u00bb0px\u00bb link_text_shadow_blur_strength_tablet=\u00bb1px\u00bb ul_text_shadow_horizontal_length_tablet=\u00bb0px\u00bb ul_text_shadow_vertical_length_tablet=\u00bb0px\u00bb ul_text_shadow_blur_strength_tablet=\u00bb1px\u00bb ol_text_shadow_horizontal_length_tablet=\u00bb0px\u00bb ol_text_shadow_vertical_length_tablet=\u00bb0px\u00bb ol_text_shadow_blur_strength_tablet=\u00bb1px\u00bb quote_text_shadow_horizontal_length_tablet=\u00bb0px\u00bb quote_text_shadow_vertical_length_tablet=\u00bb0px\u00bb quote_text_shadow_blur_strength_tablet=\u00bb1px\u00bb header_text_shadow_horizontal_length_tablet=\u00bb0px\u00bb header_text_shadow_vertical_length_tablet=\u00bb0px\u00bb header_text_shadow_blur_strength_tablet=\u00bb1px\u00bb header_2_text_shadow_horizontal_length_tablet=\u00bb0px\u00bb header_2_text_shadow_vertical_length_tablet=\u00bb0px\u00bb header_2_text_shadow_blur_strength_tablet=\u00bb1px\u00bb header_3_text_shadow_horizontal_length_tablet=\u00bb0px\u00bb header_3_text_shadow_vertical_length_tablet=\u00bb0px\u00bb header_3_text_shadow_blur_strength_tablet=\u00bb1px\u00bb header_4_text_shadow_horizontal_length_tablet=\u00bb0px\u00bb header_4_text_shadow_vertical_length_tablet=\u00bb0px\u00bb header_4_text_shadow_blur_strength_tablet=\u00bb1px\u00bb header_5_text_shadow_horizontal_length_tablet=\u00bb0px\u00bb header_5_text_shadow_vertical_length_tablet=\u00bb0px\u00bb header_5_text_shadow_blur_strength_tablet=\u00bb1px\u00bb header_6_text_shadow_horizontal_length_tablet=\u00bb0px\u00bb header_6_text_shadow_vertical_length_tablet=\u00bb0px\u00bb header_6_text_shadow_blur_strength_tablet=\u00bb1px\u00bb border_color_all=\u00bb#969696&#8243; box_shadow_horizontal_tablet=\u00bb0px\u00bb box_shadow_vertical_tablet=\u00bb0px\u00bb box_shadow_blur_tablet=\u00bb40px\u00bb box_shadow_spread_tablet=\u00bb0px\u00bb use_border_color=\u00bbon\u00bb border_color=\u00bb#969696&#8243; border_style=\u00bbsolid\u00bb global_colors_info=\u00bb{}\u00bb sticky_enabled=\u00bb0&#8243;]<\/p>\n<p style=\"text-align: justify;\">\u00bfQu\u00e9 dice de la historia una historia de vida? \u00bfC\u00f3mo se inscriben las trayectorias individuales en las tramas colectivas? \u00bfC\u00f3mo se escribe una biograf\u00eda? \u00bfQu\u00e9 fuentes permiten reconstruirla? \u00bfQu\u00e9 se cuenta de una vida? \u00bfQu\u00e9 dimensiones la componen? \u00bfD\u00f3nde se entrecruzan lo privado y lo p\u00fablico, la pol\u00edtica y la familia, la escuela y la militancia, los gustos y la ideolog\u00eda?<\/p>\n<p style=\"text-align: justify;\">Biograf\u00edas period\u00edsticas, noveladas, hist\u00f3ricas, militantes.<br \/>Biograf\u00edas de las v\u00edctimas, de los m\u00e1rtires, de los olvidados, de los victimarios.<br \/>Biograf\u00edas que narran subjetividades, experiencias, identidades, silencios.<br \/>Biograf\u00edas escritas por otres, por nosotres, por quienes miran, por quienes indagan, por quienes recuerdan.<br \/>Biograf\u00edas que contienen archivos personales, voces propias, voces de otres, voces calladas; voces del poder.<br \/>Biograf\u00edas que evocan nostalgias y disputan sentidos.<br \/>Biograf\u00edas de qui\u00e9n y para qui\u00e9n.<\/p>\n<p style=\"text-align: justify;\">El objetivo de la capacitaci\u00f3n ser\u00e1 reflexionar sobre aquellas dimensiones as\u00ed como pensar las biograf\u00edas en su relevancia para la construcci\u00f3n de historias y memorias con los matices y las particularidades que suelen pasar inadvertidas en los grandes relatos.<\/p>\n<p style=\"text-align: justify;\">Las v\u00edctimas del accionar represivo estatal han sido narradas por organizaciones de derechos humanos, el propio estado, familiares, diversos colectivos, la disciplina hist\u00f3rica. Narraciones y configuraciones sociales que, en di\u00e1logo con los procesos de Memoria, Verdad y Justicia, han sido din\u00e1micas. El lugar de la iconograf\u00eda &#8211; por aquello que ha escenificado y sellado-, los recordatorios, los memoriales y las biograf\u00edas permiten recorrer lo existente &#8211; y sus formas- y tal vez evidencie lo que a\u00fan falta contar.<\/p>\n<p style=\"text-align: justify;\">El trayecto formativo busca promover la reconstrucci\u00f3n y transmisi\u00f3n de las historias de vida de las v\u00edctimas del terrorismo de estado de cada una de las localidades de nuestra provincia. Pr\u00f3ximos a transitar 40 a\u00f1os de democracia los itinerarios biogr\u00e1ficos de aquellos y aquellas que el estado genocida pretendi\u00f3 exterminar y callar deben ser recuperados y narrados para formar parte de la memoria colectiva de nuestra provincia.<\/p>\n<p style=\"text-align: justify;\">Proponemos construir colectivamente un mapa biogr\u00e1fico de las v\u00edctimas del terrorismo de estado y publicar en cada lugar las biograf\u00edas de aquellos que formaron parte de la comunidad.<\/p>\n<p style=\"text-align: justify;\">La capacitaci\u00f3n abordar\u00e1 el an\u00e1lisis del espacio biogr\u00e1fico, entrevistas y archivo oral. Al mismo tiempo se trabajar\u00e1 con experiencias que por un lado den cuenta del lugar que ocupa la biograf\u00eda en la identidad local, pol\u00edtica, institucional, familiar; y por el otro permitir\u00e1n realizar un an\u00e1lisis metodol\u00f3gico y reflexivo junto a quienes han construido biograf\u00edas desde distintos g\u00e9neros como: historiadores, periodistas, militantes, cineastas.<\/p>\n<p style=\"text-align: left;\">La capacitaci\u00f3n -gratuita y de modalidad virtual- se iniciar\u00e1 en el mes de agosto y se realizar\u00e1 semanalmente.<\/p>\n<p style=\"text-align: left;\">Para consultas: <a href=\"mailto:archivo@comisionporlamemoria.org\">archivo@comisionporlamemoria.org<\/a><\/p>\n<p style=\"text-align: left;\">Les invitamos a inscribirse ingresando en el formulario <a href=\"https:\/\/docs.google.com\/forms\/d\/1LDgBarF1yiGEVI30XxaF8wEo4FOLobUfVkPZ-donvBY\/viewform?edit_requested=true\">aqu\u00ed.<\/a><\/p>\n<p style=\"text-align: left;\">Pueden descargar el programa desde <a href=\"https:\/\/www.comisionporlamemoria.org\/wp-content\/uploads\/sites\/16\/2021\/08\/Programa_Espacio-biografico.pdf?fbclid=IwAR0M_mqLVOJTrt0NPynRGAQUx-4IFF0JhRjBPUGvIps-5dTVcNmufEDdpHQ\">aqu\u00ed.<\/a><\/p>\n<p>[\/et_pb_text][\/et_pb_column][\/et_pb_row][\/et_pb_section]<\/p>\n","protected":false},"excerpt":{"rendered":"<p>&nbsp; Hacia la reconstrucci\u00f3n y transmisi\u00f3n de las historias de vida de las v\u00edctimas del terrorismo de estado en la provincia de Buenos Aires.Destinatarios: p\u00fablico general y, en particular, a secretar\u00edas de DDHH municipales, sitios de Memoria, colectivos, organizaciones sociales, activistas de derechos humanos,docentes y a participantes de j\u00f3venes y memoria. \u00bfQu\u00e9 dice de la [&hellip;]<\/p>\n","protected":false},"author":40,"featured_media":0,"parent":0,"menu_order":0,"comment_status":"closed","ping_status":"closed","template":"","meta":{"_et_pb_use_builder":"on","_et_pb_old_content":"","_et_gb_content_width":"","jetpack_post_was_ever_published":false,"footnotes":""},"class_list":["post-33282","page","type-page","status-publish","hentry"],"jetpack_sharing_enabled":true,"jetpack_shortlink":"https:\/\/wp.me\/P8gJxM-8EO","_links":{"self":[{"href":"https:\/\/www.comisionporlamemoria.org\/archivo\/wp-json\/wp\/v2\/pages\/33282","targetHints":{"allow":["GET"]}}],"collection":[{"href":"https:\/\/www.comisionporlamemoria.org\/archivo\/wp-json\/wp\/v2\/pages"}],"about":[{"href":"https:\/\/www.comisionporlamemoria.org\/archivo\/wp-json\/wp\/v2\/types\/page"}],"author":[{"embeddable":true,"href":"https:\/\/www.comisionporlamemoria.org\/archivo\/wp-json\/wp\/v2\/users\/40"}],"replies":[{"embeddable":true,"href":"https:\/\/www.comisionporlamemoria.org\/archivo\/wp-json\/wp\/v2\/comments?post=33282"}],"version-history":[{"count":0,"href":"https:\/\/www.comisionporlamemoria.org\/archivo\/wp-json\/wp\/v2\/pages\/33282\/revisions"}],"wp:attachment":[{"href":"https:\/\/www.comisionporlamemoria.org\/archivo\/wp-json\/wp\/v2\/media?parent=33282"}],"curies":[{"name":"wp","href":"https:\/\/api.w.org\/{rel}","templated":true}]}}