{"id":1971,"date":"2022-04-28T14:20:37","date_gmt":"2022-04-28T14:20:37","guid":{"rendered":"https:\/\/www.comisionporlamemoria.org\/biblioteca\/?page_id=1971"},"modified":"2022-05-02T14:46:03","modified_gmt":"2022-05-02T14:46:03","slug":"carlos-cajade","status":"publish","type":"page","link":"https:\/\/www.comisionporlamemoria.org\/biblioteca\/carlos-cajade\/","title":{"rendered":"Carlos Cajade"},"content":{"rendered":"<div class=\"fusion-fullwidth fullwidth-box fusion-builder-row-1 fusion-flex-container nonhundred-percent-fullwidth non-hundred-percent-height-scrolling\" style=\"--awb-border-radius-top-left:0px;--awb-border-radius-top-right:0px;--awb-border-radius-bottom-right:0px;--awb-border-radius-bottom-left:0px;--awb-padding-top:5%;--awb-padding-bottom:5%;--awb-margin-bottom:0px;--awb-flex-wrap:wrap;\" ><div class=\"fusion-builder-row fusion-row fusion-flex-align-items-flex-start fusion-flex-justify-content-center fusion-flex-content-wrap\" style=\"max-width:1248px;margin-left: calc(-4% \/ 2 );margin-right: calc(-4% \/ 2 );\"><div class=\"fusion-layout-column fusion_builder_column fusion-builder-column-0 fusion_builder_column_3_5 3_5 fusion-flex-column\" style=\"--awb-bg-size:cover;--awb-width-large:60%;--awb-margin-top-large:0px;--awb-spacing-right-large:3.2%;--awb-margin-bottom-large:20px;--awb-spacing-left-large:3.2%;--awb-width-medium:60%;--awb-order-medium:0;--awb-spacing-right-medium:3.2%;--awb-spacing-left-medium:3.2%;--awb-width-small:100%;--awb-order-small:0;--awb-spacing-right-small:1.92%;--awb-spacing-left-small:1.92%;\"><div class=\"fusion-column-wrapper fusion-column-has-shadow fusion-flex-justify-content-flex-start fusion-content-layout-column\"><div class=\"fusion-text fusion-text-1\"><p style=\"text-align: justify;\">Carlos Cajade naci\u00f3 en Ensenada, en 1950. Sacerdote cat\u00f3lico fue ordenado en 1979 presb\u00edtero para la Arquidi\u00f3cesis de La Plata donde desarroll\u00f3 su ministerio sacerdotal durante 26 a\u00f1os. Perteneci\u00f3 a la Federaci\u00f3n de sacerdotes diocesanos de Sch\u00f6enstatt. Reconocido por su trabajo social, su car\u00e1cter luchador por los derechos de la ni\u00f1ez, y sus posturas pol\u00edticas de fuerte compromiso con las personas m\u00e1s vulnerables. Fue fundador del Hogar de la Madre tres veces admirable desde donde inici\u00f3 toda una obra para proteger la ni\u00f1ez con emprendimientos productivos como la revista La Pulseada y casas de d\u00eda para bebes, ni\u00f1os, ni\u00f1as y j\u00f3venes.<\/p>\n<p style=\"text-align: justify;\">Fue secretario de derechos humanos en la Central de los Trabajadores Argentinos en la provincia de Buenos Aires y cofundador, junto al soci\u00f3logo Alberto Morlachetti, del Movimiento nacional chicos del pueblo, organizaci\u00f3n que nuclea en la Argentina las obras de protecci\u00f3n de la ni\u00f1ez. Tambi\u00e9n inici\u00f3 el Foro por los derechos de la ni\u00f1ez, la adolescencia y la juventud de la provincia de Buenos Aires.<\/p>\n<p style=\"text-align: justify;\">Integr\u00f3 la Comisi\u00f3n Provincial por la Memoria (CPM) hasta su muerte en el a\u00f1o 2005, a los 56 a\u00f1os.<\/p>\n<\/div><\/div><\/div><\/div><\/div>\n","protected":false},"excerpt":{"rendered":"","protected":false},"author":32,"featured_media":0,"parent":0,"menu_order":0,"comment_status":"closed","ping_status":"closed","template":"100-width.php","meta":{"inline_featured_image":false,"footnotes":""},"class_list":["post-1971","page","type-page","status-publish","hentry"],"_links":{"self":[{"href":"https:\/\/www.comisionporlamemoria.org\/biblioteca\/wp-json\/wp\/v2\/pages\/1971","targetHints":{"allow":["GET"]}}],"collection":[{"href":"https:\/\/www.comisionporlamemoria.org\/biblioteca\/wp-json\/wp\/v2\/pages"}],"about":[{"href":"https:\/\/www.comisionporlamemoria.org\/biblioteca\/wp-json\/wp\/v2\/types\/page"}],"author":[{"embeddable":true,"href":"https:\/\/www.comisionporlamemoria.org\/biblioteca\/wp-json\/wp\/v2\/users\/32"}],"replies":[{"embeddable":true,"href":"https:\/\/www.comisionporlamemoria.org\/biblioteca\/wp-json\/wp\/v2\/comments?post=1971"}],"version-history":[{"count":0,"href":"https:\/\/www.comisionporlamemoria.org\/biblioteca\/wp-json\/wp\/v2\/pages\/1971\/revisions"}],"wp:attachment":[{"href":"https:\/\/www.comisionporlamemoria.org\/biblioteca\/wp-json\/wp\/v2\/media?parent=1971"}],"curies":[{"name":"wp","href":"https:\/\/api.w.org\/{rel}","templated":true}]}}