{"id":31635,"date":"2017-08-07T16:10:53","date_gmt":"2017-08-07T16:10:53","guid":{"rendered":"http:\/\/www.comisionporlamemoria.org\/comite-nuevo\/?page_id=31635"},"modified":"2017-09-26T09:18:13","modified_gmt":"2017-09-26T09:18:13","slug":"voluntariado-encierro","status":"publish","type":"page","link":"https:\/\/www.comisionporlamemoria.org\/comite\/voluntariado-encierro\/","title":{"rendered":"Voluntariado en lugares de encierro"},"content":{"rendered":"<p>[et_pb_section fb_built=\u00bb1&#8243; background_image=\u00bbhttps:\/\/www.comisionporlamemoria.org\/comite-nuevo\/wp-content\/uploads\/sites\/19\/2017\/01\/bg-cabeceras.jpg\u00bb custom_padding=\u00bb0px||0px|\u00bb admin_label=\u00bbSecci\u00f3n\u00bb][et_pb_row custom_padding=\u00bb27px|0px|0px|0px\u00bb admin_label=\u00bbFila\u00bb make_fullwidth=\u00bbon\u00bb][et_pb_column type=\u00bb1_3&#8243; parallax=\u00bboff\u00bb parallax_method=\u00bbon\u00bb][et_pb_post_title meta=\u00bboff\u00bb featured_image=\u00bboff\u00bb module_bg_color=\u00bb#424242&#8243; admin_label=\u00bbT\u00edtulo de publicaci\u00f3n\u00bb title_font=\u00bb|||on|\u00bb title_font_size=\u00bb40&#8243; title_text_color=\u00bb#ffffff\u00bb custom_margin=\u00bb80px||10px|\u00bb custom_padding=\u00bb13px|10px||15px\u00bb][\/et_pb_post_title][\/et_pb_column][et_pb_column type=\u00bb1_3&#8243; parallax=\u00bboff\u00bb parallax_method=\u00bbon\u00bb][\/et_pb_column][et_pb_column type=\u00bb1_3&#8243; parallax=\u00bboff\u00bb parallax_method=\u00bbon\u00bb][\/et_pb_column][\/et_pb_row][\/et_pb_section][et_pb_section fb_built=\u00bb1&#8243; custom_padding=\u00bb40px|0px|0px|0px\u00bb admin_label=\u00bbSecci\u00f3n\u00bb][et_pb_row custom_padding=\u00bb0px|0px|0px|0px\u00bb parallax_method_1=\u00bboff\u00bb admin_label=\u00bbFila\u00bb][et_pb_column type=\u00bb4_4&#8243; parallax=\u00bboff\u00bb parallax_method=\u00bboff\u00bb][et_pb_text text_orientation=\u00bbjustified\u00bb admin_label=\u00bbTexto\u00bb text_font_size=\u00bb17&#8243; text_line_height=\u00bb1.8em\u00bb custom_margin=\u00bb0px|10%|0px|10%\u00bb custom_padding=\u00bb0px||0px|\u00bb]<\/p>\n<p>En 2016 la CPM lanz\u00f3 el <strong><span style=\"color: #e02b20\">Voluntariado por los derechos humanos en lugares de encierro<\/span><\/strong> con el objetivo de promover un espacio de participaci\u00f3n e intervenci\u00f3n que fortalezca el desarrollo de una pr\u00e1ctica profesional con perspectiva en derechos humanos. La convocatoria estuvo dirigida a estudiantes universitarios y j\u00f3venes profesionales. M\u00e1s de 100 j\u00f3venes respondieron a la convocatoria, se sumaron a la iniciativa y participaron de los diversos encuentros de capacitaci\u00f3n en Mar del Plata, Olavarr\u00eda y Azul.<br \/>\nEl\u00a0voluntariado\u00a0contempla el desarrollo de diversas actividades para la protecci\u00f3n y defensa de las personas privadas\u00a0de libertad, v\u00edctimas de tortura y otros tratos inhumanos y degradantes.<br \/>\nPretendemos generar un espacio de participaci\u00f3n e intervenci\u00f3n que fortalezca el desarrollo de una pr\u00e1ctica profesional sostenida en los valores de los derechos humanos.<\/p>\n<p>Los interesados en participar y formar parte de este espacio pueden realizar consultas e inscribirse escribi\u00e9ndonos a <span style=\"color: #e02b20\">voluntariadocpm@comisionporlamemoria.org<\/span><\/p>\n<p>[\/et_pb_text][\/et_pb_column][\/et_pb_row][\/et_pb_section][et_pb_section fb_built=\u00bb1&#8243; background_color=\u00bbrgba(255,255,255,0)\u00bb custom_padding=\u00bb40px||0px|\u00bb admin_label=\u00bbSecci\u00f3n\u00bb][et_pb_row custom_padding=\u00bb0px||0px|\u00bb custom_margin=\u00bb||0px|\u00bb parallax_method_1=\u00bboff\u00bb parallax_method_2=\u00bboff\u00bb admin_label=\u00bbFila\u00bb][et_pb_column type=\u00bb4_4&#8243; parallax=\u00bboff\u00bb parallax_method=\u00bboff\u00bb][et_pb_image src=\u00bbhttps:\/\/www.comisionporlamemoria.org\/comite-nuevo\/wp-content\/uploads\/sites\/19\/2017\/01\/img_relleno1.jpg\u00bb animation=\u00bboff\u00bb admin_label=\u00bbImagen\u00bb custom_margin=\u00bb0px||0px|\u00bb][\/et_pb_image][\/et_pb_column][\/et_pb_row][\/et_pb_section][et_pb_section fb_built=\u00bb1&#8243; custom_padding=\u00bb40px||0px|\u00bb admin_label=\u00bbSecci\u00f3n\u00bb][et_pb_row custom_padding=\u00bb0px||0px|\u00bb parallax_method_1=\u00bboff\u00bb admin_label=\u00bbFila\u00bb][et_pb_column type=\u00bb4_4&#8243; parallax=\u00bboff\u00bb parallax_method=\u00bboff\u00bb][et_pb_image src=\u00bbhttps:\/\/www.comisionporlamemoria.org\/comite-nuevo\/wp-content\/uploads\/sites\/19\/2017\/01\/separador3.jpg\u00bb animation=\u00bboff\u00bb admin_label=\u00bbImagen\u00bb custom_margin=\u00bb0px||0px|\u00bb custom_css_main_element=\u00bbheight: 15px !important;\u00bb][\/et_pb_image][\/et_pb_column][\/et_pb_row][\/et_pb_section]<\/p>\n","protected":false},"excerpt":{"rendered":"<p>En 2016 la CPM lanz\u00f3 el Voluntariado por los derechos humanos en lugares de encierro con el objetivo de promover un espacio de participaci\u00f3n e intervenci\u00f3n que fortalezca el desarrollo de una pr\u00e1ctica profesional con perspectiva en derechos humanos. La convocatoria estuvo dirigida a estudiantes universitarios y j\u00f3venes profesionales. M\u00e1s de 100 j\u00f3venes respondieron a [&hellip;]<\/p>\n","protected":false},"author":32,"featured_media":0,"parent":0,"menu_order":0,"comment_status":"closed","ping_status":"closed","template":"","meta":{"_et_pb_use_builder":"on","_et_pb_old_content":"","_et_gb_content_width":"","jetpack_post_was_ever_published":false,"footnotes":""},"class_list":["post-31635","page","type-page","status-publish","hentry"],"jetpack_sharing_enabled":true,"jetpack_shortlink":"https:\/\/wp.me\/P8l6pb-8ef","_links":{"self":[{"href":"https:\/\/www.comisionporlamemoria.org\/comite\/wp-json\/wp\/v2\/pages\/31635","targetHints":{"allow":["GET"]}}],"collection":[{"href":"https:\/\/www.comisionporlamemoria.org\/comite\/wp-json\/wp\/v2\/pages"}],"about":[{"href":"https:\/\/www.comisionporlamemoria.org\/comite\/wp-json\/wp\/v2\/types\/page"}],"author":[{"embeddable":true,"href":"https:\/\/www.comisionporlamemoria.org\/comite\/wp-json\/wp\/v2\/users\/32"}],"replies":[{"embeddable":true,"href":"https:\/\/www.comisionporlamemoria.org\/comite\/wp-json\/wp\/v2\/comments?post=31635"}],"version-history":[{"count":0,"href":"https:\/\/www.comisionporlamemoria.org\/comite\/wp-json\/wp\/v2\/pages\/31635\/revisions"}],"wp:attachment":[{"href":"https:\/\/www.comisionporlamemoria.org\/comite\/wp-json\/wp\/v2\/media?parent=31635"}],"curies":[{"name":"wp","href":"https:\/\/api.w.org\/{rel}","templated":true}]}}