{"id":3134,"date":"2021-09-10T10:06:58","date_gmt":"2021-09-10T10:06:58","guid":{"rendered":"https:\/\/www.comisionporlamemoria.org\/datosabiertos\/?page_id=3134"},"modified":"2022-03-17T14:39:02","modified_gmt":"2022-03-17T17:39:02","slug":"caracteristicas","status":"publish","type":"page","link":"https:\/\/www.comisionporlamemoria.org\/datosabiertos\/caracteristicas\/","title":{"rendered":"Caracter\u00edsticas"},"content":{"rendered":"<div class=\"fusion-fullwidth fullwidth-box fusion-builder-row-1 fusion-flex-container nonhundred-percent-fullwidth non-hundred-percent-height-scrolling\" style=\"--awb-border-radius-top-left:0px;--awb-border-radius-top-right:0px;--awb-border-radius-bottom-right:0px;--awb-border-radius-bottom-left:0px;--awb-padding-right:130px;--awb-padding-left:130px;--awb-flex-wrap:wrap;\" ><div class=\"fusion-builder-row fusion-row fusion-flex-align-items-flex-start fusion-flex-content-wrap\" style=\"max-width:1248px;margin-left: calc(-4% \/ 2 );margin-right: calc(-4% \/ 2 );\"><div class=\"fusion-layout-column fusion_builder_column fusion-builder-column-0 fusion_builder_column_1_1 1_1 fusion-flex-column\" style=\"--awb-bg-size:cover;--awb-width-large:100%;--awb-margin-top-large:0px;--awb-spacing-right-large:1.92%;--awb-margin-bottom-large:20px;--awb-spacing-left-large:1.92%;--awb-width-medium:100%;--awb-order-medium:0;--awb-spacing-right-medium:1.92%;--awb-spacing-left-medium:1.92%;--awb-width-small:100%;--awb-order-small:0;--awb-spacing-right-small:1.92%;--awb-spacing-left-small:1.92%;\"><div class=\"fusion-column-wrapper fusion-column-has-shadow fusion-flex-justify-content-flex-start fusion-content-layout-column\"><div class=\"fusion-text fusion-text-1\"><p style=\"text-align: justify; font-size: 15px;\" data-fusion-font=\"true\">La producci\u00f3n, an\u00e1lisis y publicaci\u00f3n de informaci\u00f3n oficial es una obligaci\u00f3n del Estado que se desprende de los principios republicanos de gobierno y, por tanto, es un derecho de la ciudadan\u00eda. Asimismo, constituye una herramienta indispensable para la planificaci\u00f3n, elaboraci\u00f3n y evaluaci\u00f3n de pol\u00edticas p\u00fablicas y un insumo fundamental para el control externo de las acciones estatales.<\/p>\n<p style=\"text-align: justify; font-size: 15px;\" data-fusion-font=\"true\">Seg\u00fan los Principios Fundamentales de las Estad\u00edsticas Oficiales, aprobados por la Asamblea General de la ONU en 2014, \u201clas estad\u00edsticas oficiales constituyen un elemento indispensable en el sistema de informaci\u00f3n de una sociedad democr\u00e1tica (\u2026) para que los ciudadanos puedan ejercer su derecho a la informaci\u00f3n p\u00fablica\u201d. Para la Organizaci\u00f3n de Estados Americanos, <b>el acceso a la informaci\u00f3n<\/b> \u201cpermite participar en los asuntos pol\u00edticos y monitorear las acciones del Estado transparentando la gesti\u00f3n p\u00fablica\u201d y <b>constituye \u201cun derecho instrumental para el ejercicio de otros derechos\u201d <\/b>(OEA, El acceso a la informaci\u00f3n p\u00fablica, un derecho para ejercer otros derechos, 2013).<\/p>\n<p style=\"text-align: justify; font-size: 15px;\" data-fusion-font=\"true\">En Argentina, seg\u00fan la ley nacional 27.275\/16, se presume p\u00fablica toda informaci\u00f3n que generen, obtengan, transformen, controlen o custodien los organismos nacionales alcanzados por ella, salvo excepciones debidamente justificadas. Esta ley define responsabilidades, derechos y los siguientes principios para el acceso a la informaci\u00f3n: transparencia y m\u00e1xima divulgaci\u00f3n, informalismo, m\u00e1ximo acceso, apertura, m\u00e1xima premura, entre otros.<\/p>\n<p style=\"text-align: justify; font-size: 15px;\" data-fusion-font=\"true\"><b>En la provincia de Buenos Aires, en cambio, no existe un r\u00e9gimen integral de acceso a la informaci\u00f3n p\u00fablica<\/b>, sino una ley (12.475\/00) y un decreto (2549\/04) limitados a regular el acceso a documentos administrativos. La ley nacional promueve la adhesi\u00f3n de las provincias (art. 36) pero Buenos Aires a\u00fan mantiene su propia normativa, retrasada respecto a los est\u00e1ndares reconocidos en relaci\u00f3n a este derecho.<\/p>\n<p style=\"text-align: justify; font-size: 15px;\" data-fusion-font=\"true\">En general, los principios m\u00e1s incumplidos son los de <b>m\u00e1xima premura, m\u00e1ximo acceso y apertura<\/b>. Por un lado, la demora en las respuestas, adem\u00e1s de incumplir sistem\u00e1ticamente los plazos establecidos, disminuye el valor de la informaci\u00f3n requerida, particularmente su utilidad como elemento para la evaluaci\u00f3n de pol\u00edticas p\u00fablicas. La puntualidad de los datos es uno de los componentes de su calidad. Por otro lado, el acceso no es \u00f3ptimo cuando la informaci\u00f3n se proporciona de manera incompleta o no cuenta con un nivel de desagregaci\u00f3n significativo. En este sentido, buena parte de la informaci\u00f3n no es presentada en formatos electr\u00f3nicos abiertos que permitan su procesamiento, sino en documentos que restringen la vista a la informaci\u00f3n agregada y cuyo contenido s\u00f3lo puede copiarse manualmente. Respetar el principio de apertura implica hacer p\u00fablicas las bases de datos, \u00fanica herramienta que democratiza la posibilidad de hacer nuevos cruces de variables y sistematizaciones.<\/p>\n<p style=\"text-align: justify; font-size: 15px;\" data-fusion-font=\"true\">Otras caracter\u00edsticas de la informaci\u00f3n p\u00fablica sobre el sistema penal -vistas ya no desde la legislaci\u00f3n sino desde las convenciones metodol\u00f3gicas- son la <b>discontinuidad, dispersi\u00f3n, indefinici\u00f3n e imprecisi\u00f3n.<\/b> Primero, es habitual que se interrumpan registros o se modifiquen indicadores, impidiendo la consolidaci\u00f3n de series temporales y an\u00e1lisis longitudinales. Segundo, en el \u00e1mbito penal la producci\u00f3n de datos no est\u00e1 centralizada ni existe unificaci\u00f3n de criterios y objetivos de registro; esa descoordinaci\u00f3n impide la triangulaci\u00f3n de datos entre distintos organismos y el an\u00e1lisis comparativo entre territorios. Tercero, generalmente la informaci\u00f3n no contiene especificaciones metodol\u00f3gicas respecto al origen, definici\u00f3n, cobertura y otros metadatos. Cuarto, en ocasiones presenta errores e imprecisiones que reducen o anulan su utilidad.<\/p>\n<p style=\"text-align: justify; font-size: 15px;\" data-fusion-font=\"true\">La CPM, en su car\u00e1cter de MLPT, controla el cumplimiento de los principios legales de la informaci\u00f3n p\u00fablica y eval\u00faa su calidad seg\u00fan las convenciones metodol\u00f3gicas y estad\u00edsticas vigentes. Para ello, examina peri\u00f3dicamente las fuentes oficiales de informaci\u00f3n, identifica buenas pr\u00e1cticas institucionales en materia de producci\u00f3n y acceso, y elabora recomendaciones para los poderes p\u00fablicos.<\/p>\n<p style=\"text-align: justify; font-size: 15px;\" data-fusion-font=\"true\"><b style=\"color: #be202e;\">ESTA P\u00c1GINA UTILIZA DATOS DE LOS SIGUIENTES ORGANISMOS PROVINCIALES<\/b><\/p>\n<ul>\n<li><span style=\"color: #ef7b1a;\"><a style=\"color: #ef7b1a;\" href=\"https:\/\/www.scba.gov.ar\/estadisticas.asp\" target=\"_blank\" rel=\"noopener noreferrer\">\u00c1rea de Estad\u00edsticas de la Suprema Corte de Justicia<\/a><\/span><\/li>\n<\/ul>\n<ul>\n<li><span style=\"color: #ef7b1a;\"><a style=\"color: #ef7b1a;\" href=\"https:\/\/www.mpba.gov.ar\/informesregistrosyestadisticas\" target=\"_blank\" rel=\"noopener noreferrer\">\u00c1rea de Registros y Departamento de Estad\u00edsticas de la Procuraci\u00f3n General<\/a><\/span><\/li>\n<\/ul>\n<ul>\n<li><span style=\"color: #ef7b1a;\"><a style=\"color: #ef7b1a;\" href=\"http:\/\/www.ms.gba.gov.ar\/sitios\/infoensalud\/estadistica\/\" target=\"_blank\" rel=\"noopener noreferrer\">Direcci\u00f3n de Informaci\u00f3n en Salud del Ministerio de Salud<\/a><\/span><\/li>\n<\/ul>\n<ul>\n<li><span style=\"color: #ef7b1a;\"><a style=\"color: #ef7b1a;\" href=\"http:\/\/www.estadistica.ec.gba.gov.ar\/dpe\/index.php\" target=\"_blank\" rel=\"noopener noreferrer\">Direcci\u00f3n Provincial de Estad\u00edstica del Ministerio de Econom\u00eda<\/a><\/span><\/li>\n<\/ul>\n<ul>\n<li><span style=\"color: #ef7b1a;\"><a style=\"color: #ef7b1a;\" href=\"http:\/\/www.defensapublica.org.ar\/bd_informes_periodicos.aspx\" target=\"_blank\" rel=\"noopener noreferrer\">Registro de casos de tortura de la Defensor\u00eda de Casaci\u00f3n Penal<\/a><\/span><\/li>\n<\/ul>\n<p style=\"text-align: justify; font-size: 15px;\" data-fusion-font=\"true\"><b><span style=\"color: #be202e;\">ESTA P\u00c1GINA UTILIZA DATOS DE LOS SIGUIENTES ORGANISMOS NACIONALES\u00a0<\/span><\/b><\/p>\n<ul>\n<li><a style=\"color: #ef7b1a;\" href=\"https:\/\/www.argentina.gob.ar\/salud\/deis\" target=\"_blank\" rel=\"noopener noreferrer\">Direcci\u00f3n de Estad\u00edsticas e Informaci\u00f3n de la Salud del Ministerio de Salud<\/a><\/li>\n<\/ul>\n<ul>\n<li><a style=\"color: #ef7b1a;\" href=\"https:\/\/www.indec.gob.ar\/\" target=\"_blank\" rel=\"noopener noreferrer\">Instituto Nacional de Estad\u00edstica y Censos<\/a><\/li>\n<\/ul>\n<ul>\n<li><a style=\"color: #ef7b1a;\" href=\"http:\/\/ppn.gov.ar\/documentos\/publicaciones\/informes-anuales\" target=\"_blank\" rel=\"noopener noreferrer\">Procuraci\u00f3n Penitenciaria de la Naci\u00f3n<\/a><\/li>\n<\/ul>\n<ul>\n<li><a style=\"color: #ef7b1a;\" href=\"https:\/\/www.mpf.gob.ar\/procuvin\/\" target=\"_blank\" rel=\"noopener noreferrer\">Procuradur\u00eda de Violencia Institucional<\/a><\/li>\n<\/ul>\n<ul>\n<li><a style=\"color: #ef7b1a;\" href=\"https:\/\/www.csjn.gov.ar\/omrecopilacion\/omfemicidio\/homefemicidio.html\" target=\"_blank\" rel=\"noopener noreferrer\">Registro Nacional de Femicidios de la CSJN<\/a><\/li>\n<\/ul>\n<ul>\n<li><a style=\"color: #ef7b1a;\" href=\"http:\/\/datos.jus.gob.ar\/dataset\/sneep\" target=\"_blank\" rel=\"noopener noreferrer\">Sistema Nacional de Estad\u00edsticas sobre Ejecuci\u00f3n de la Pena<\/a><\/li>\n<\/ul>\n<ul>\n<li><a style=\"color: #ef7b1a;\" href=\"https:\/\/www.argentina.gob.ar\/seguridad\/estadisticascriminales\" target=\"_blank\" rel=\"noopener noreferrer\">Sistema Nacional de Informaci\u00f3n Criminal<\/a><\/li>\n<\/ul>\n<\/div><\/div><\/div><\/div><\/div>\n","protected":false},"excerpt":{"rendered":"","protected":false},"author":32,"featured_media":0,"parent":0,"menu_order":0,"comment_status":"closed","ping_status":"closed","template":"","meta":{"inline_featured_image":false,"footnotes":""},"class_list":["post-3134","page","type-page","status-publish","hentry"],"_links":{"self":[{"href":"https:\/\/www.comisionporlamemoria.org\/datosabiertos\/wp-json\/wp\/v2\/pages\/3134","targetHints":{"allow":["GET"]}}],"collection":[{"href":"https:\/\/www.comisionporlamemoria.org\/datosabiertos\/wp-json\/wp\/v2\/pages"}],"about":[{"href":"https:\/\/www.comisionporlamemoria.org\/datosabiertos\/wp-json\/wp\/v2\/types\/page"}],"author":[{"embeddable":true,"href":"https:\/\/www.comisionporlamemoria.org\/datosabiertos\/wp-json\/wp\/v2\/users\/32"}],"replies":[{"embeddable":true,"href":"https:\/\/www.comisionporlamemoria.org\/datosabiertos\/wp-json\/wp\/v2\/comments?post=3134"}],"version-history":[{"count":0,"href":"https:\/\/www.comisionporlamemoria.org\/datosabiertos\/wp-json\/wp\/v2\/pages\/3134\/revisions"}],"wp:attachment":[{"href":"https:\/\/www.comisionporlamemoria.org\/datosabiertos\/wp-json\/wp\/v2\/media?parent=3134"}],"curies":[{"name":"wp","href":"https:\/\/api.w.org\/{rel}","templated":true}]}}