{"id":3136,"date":"2021-09-10T10:07:44","date_gmt":"2021-09-10T10:07:44","guid":{"rendered":"https:\/\/www.comisionporlamemoria.org\/datosabiertos\/?page_id=3136"},"modified":"2021-09-22T00:14:30","modified_gmt":"2021-09-22T00:14:30","slug":"siglas-del-sitio","status":"publish","type":"page","link":"https:\/\/www.comisionporlamemoria.org\/datosabiertos\/informacion-publica\/siglas-del-sitio\/","title":{"rendered":"Siglas del sitio"},"content":{"rendered":"<div class=\"fusion-fullwidth fullwidth-box fusion-builder-row-1 fusion-flex-container nonhundred-percent-fullwidth non-hundred-percent-height-scrolling\" style=\"--awb-border-radius-top-left:0px;--awb-border-radius-top-right:0px;--awb-border-radius-bottom-right:0px;--awb-border-radius-bottom-left:0px;--awb-padding-right:130px;--awb-padding-left:130px;--awb-flex-wrap:wrap;\" ><div class=\"fusion-builder-row fusion-row fusion-flex-align-items-flex-start fusion-flex-content-wrap\" style=\"max-width:1248px;margin-left: calc(-4% \/ 2 );margin-right: calc(-4% \/ 2 );\"><div class=\"fusion-layout-column fusion_builder_column fusion-builder-column-0 fusion_builder_column_1_1 1_1 fusion-flex-column\" style=\"--awb-bg-size:cover;--awb-width-large:100%;--awb-margin-top-large:0px;--awb-spacing-right-large:1.92%;--awb-margin-bottom-large:20px;--awb-spacing-left-large:1.92%;--awb-width-medium:100%;--awb-order-medium:0;--awb-spacing-right-medium:1.92%;--awb-spacing-left-medium:1.92%;--awb-width-small:100%;--awb-order-small:0;--awb-spacing-right-small:1.92%;--awb-spacing-left-small:1.92%;\"><div class=\"fusion-column-wrapper fusion-column-has-shadow fusion-flex-justify-content-flex-start fusion-content-layout-column\"><div class=\"fusion-text fusion-text-1\"><p style=\"text-align: center;\"><span style=\"font-size: 14px;\" data-fusion-font=\"true\"><b>AGAI: <\/b><\/span><span style=\"font-weight: 400; font-size: 14px;\" data-fusion-font=\"true\">Auditor\u00eda General de Asuntos Internos, Ministerio de Seguridad de la provincia de Buenos Aires.<\/span><\/p>\n<p style=\"text-align: center;\"><span style=\"font-size: 14px;\" data-fusion-font=\"true\"><b>CELS: <\/b><\/span><span style=\"font-weight: 400; font-size: 14px;\" data-fusion-font=\"true\">Centro de Estudios Legales y Sociales.<\/span><\/p>\n<p style=\"text-align: center;\"><span style=\"font-size: 14px;\" data-fusion-font=\"true\"><b>CIDH: <\/b><\/span><span style=\"font-weight: 400; font-size: 14px;\" data-fusion-font=\"true\">Comisi\u00f3n Interamericana de Derechos Humanos.<\/span><\/p>\n<p style=\"text-align: center;\"><span style=\"font-size: 14px;\" data-fusion-font=\"true\"><b>CNPT: <\/b><\/span><span style=\"font-weight: 400; font-size: 14px;\" data-fusion-font=\"true\">Comit\u00e9 Nacional para la Prevenci\u00f3n de la Tortura.<\/span><\/p>\n<p style=\"text-align: center;\"><span style=\"font-size: 14px;\" data-fusion-font=\"true\"><b>COP: <\/b><\/span><span style=\"font-weight: 400; font-size: 14px;\" data-fusion-font=\"true\">Centro de Operaciones Policiales, Ministerio de Seguridad de la provincia de Buenos Aires.<\/span><\/p>\n<p style=\"text-align: center;\"><span style=\"font-size: 14px;\" data-fusion-font=\"true\"><b>CPM: <\/b><\/span><span style=\"font-weight: 400; font-size: 14px;\" data-fusion-font=\"true\">Comisi\u00f3n Provincial por la Memoria.<\/span><\/p>\n<p style=\"text-align: center;\"><span style=\"font-size: 14px;\" data-fusion-font=\"true\"><b>CSJN:<\/b><\/span><span style=\"font-weight: 400; font-size: 14px;\" data-fusion-font=\"true\"> Corte Suprema de Justicia de la Naci\u00f3n.<\/span><\/p>\n<p style=\"text-align: center;\"><span style=\"font-size: 14px;\" data-fusion-font=\"true\"><b>DPE:<\/b><\/span><span style=\"font-weight: 400; font-size: 14px;\" data-fusion-font=\"true\"> Direcci\u00f3n Provincial de Estad\u00edstica, Ministerio de Econom\u00eda de la provincia de Buenos Aires.<\/span><\/p>\n<p style=\"text-align: center;\"><span style=\"font-size: 14px;\" data-fusion-font=\"true\"><b>DPSP:<\/b><\/span><span style=\"font-weight: 400; font-size: 14px;\" data-fusion-font=\"true\"> Direcci\u00f3n Provincial de Salud Penitenciaria, Ministerio de Justicia y Derechos Humanos de la provincia de Buenos Aires.<\/span><\/p>\n<p style=\"text-align: center;\"><span style=\"font-size: 14px;\" data-fusion-font=\"true\"><b>FCC: <\/b><\/span><span style=\"font-weight: 400; font-size: 14px;\" data-fusion-font=\"true\">Fuero Criminal Correccional.<\/span><\/p>\n<p style=\"text-align: center;\"><span style=\"font-size: 14px;\" data-fusion-font=\"true\"><b>FRPJ: <\/b><\/span><span style=\"font-weight: 400; font-size: 14px;\" data-fusion-font=\"true\">Fuero de Responsabilidad Penal Juvenil.<\/span><\/p>\n<p style=\"text-align: center;\"><span style=\"font-size: 14px;\" data-fusion-font=\"true\"><b>GN: <\/b><\/span><span style=\"font-weight: 400; font-size: 14px;\" data-fusion-font=\"true\">Gendarmer\u00eda Nacional.<\/span><\/p>\n<p style=\"text-align: center;\"><span style=\"font-size: 14px;\" data-fusion-font=\"true\"><b>INDEC: <\/b><\/span><span style=\"font-weight: 400; font-size: 14px;\" data-fusion-font=\"true\">Instituto Nacional de Estad\u00edsticas y Censos.<\/span><\/p>\n<p style=\"text-align: center;\"><span style=\"font-size: 14px;\" data-fusion-font=\"true\"><b>IPP: <\/b><\/span><span style=\"font-weight: 400; font-size: 14px;\" data-fusion-font=\"true\">Investigaci\u00f3n penal preparatoria.<\/span><\/p>\n<p style=\"text-align: center;\"><span style=\"font-size: 14px;\" data-fusion-font=\"true\"><b>JC: <\/b><\/span><span style=\"font-weight: 400; font-size: 14px;\" data-fusion-font=\"true\">Juzgado Correccional.<\/span><\/p>\n<p style=\"text-align: center;\"><span style=\"font-size: 14px;\" data-fusion-font=\"true\"><b>JEP:<\/b><\/span><span style=\"font-weight: 400; font-size: 14px;\" data-fusion-font=\"true\"> Juzgado de Ejecuci\u00f3n Penal.<\/span><\/p>\n<p style=\"text-align: center;\"><span style=\"font-size: 14px;\" data-fusion-font=\"true\"><b>JG: <\/b><\/span><span style=\"font-weight: 400; font-size: 14px;\" data-fusion-font=\"true\">Juzgado de Garant\u00edas.<\/span><\/p>\n<p style=\"text-align: center;\"><span style=\"font-size: 14px;\" data-fusion-font=\"true\"><b>JGJ:<\/b><\/span><span style=\"font-weight: 400; font-size: 14px;\" data-fusion-font=\"true\"> Juzgado de Garant\u00edas del Joven.<\/span><\/p>\n<p style=\"text-align: center;\"><span style=\"font-size: 14px;\" data-fusion-font=\"true\"><b>JRPJ: <\/b><\/span><span style=\"font-weight: 400; font-size: 14px;\" data-fusion-font=\"true\">Juzgado de Responsabilidad Penal Juvenil.<\/span><\/p>\n<p style=\"text-align: center;\"><span style=\"font-size: 14px;\" data-fusion-font=\"true\"><b>MLPT: <\/b><\/span><span style=\"font-weight: 400; font-size: 14px;\" data-fusion-font=\"true\">Mecanismo Local de Prevenci\u00f3n de la Tortura.<\/span><\/p>\n<p style=\"text-align: center;\"><span style=\"font-size: 14px;\" data-fusion-font=\"true\"><b>MPF:<\/b><\/span><span style=\"font-weight: 400; font-size: 14px;\" data-fusion-font=\"true\"> Ministerio P\u00fablico Fiscal.<\/span><\/p>\n<p style=\"text-align: center;\"><span style=\"font-size: 14px;\" data-fusion-font=\"true\"><b>NNyJ:<\/b><\/span><span style=\"font-weight: 400; font-size: 14px;\" data-fusion-font=\"true\"> ni\u00f1os, ni\u00f1as y j\u00f3venes. <\/span><\/p>\n<p style=\"text-align: center;\"><span style=\"font-size: 14px;\" data-fusion-font=\"true\"><b>OMS:<\/b><\/span><span style=\"font-weight: 400; font-size: 14px;\" data-fusion-font=\"true\"> Organizaci\u00f3n Mundial de la Salud.<\/span><\/p>\n<p style=\"text-align: center;\"><span style=\"font-size: 14px;\" data-fusion-font=\"true\"><b>ONU: <\/b><\/span><span style=\"font-weight: 400; font-size: 14px;\" data-fusion-font=\"true\">Organizaci\u00f3n de Naciones Unidas.<\/span><\/p>\n<p style=\"text-align: center;\"><span style=\"font-size: 14px;\" data-fusion-font=\"true\"><b>OPS: <\/b><\/span><span style=\"font-weight: 400; font-size: 14px;\" data-fusion-font=\"true\">Organizaci\u00f3n Panamericana de la Salud.<\/span><\/p>\n<p style=\"text-align: center;\"><span style=\"font-size: 14px;\" data-fusion-font=\"true\"><b>OPNyA: <\/b><\/span><span style=\"font-weight: 400; font-size: 14px;\" data-fusion-font=\"true\">Organismo Provincial de Ni\u00f1ez y Adolescencia.<\/span><\/p>\n<p style=\"text-align: center;\"><span style=\"font-size: 14px;\" data-fusion-font=\"true\"><b>PBA: <\/b><\/span><span style=\"font-weight: 400; font-size: 14px;\" data-fusion-font=\"true\">Polic\u00eda de la Provincia de Buenos Aires.<\/span><\/p>\n<p style=\"text-align: center;\"><span style=\"font-size: 14px;\" data-fusion-font=\"true\"><b>PFA: <\/b><\/span><span style=\"font-weight: 400; font-size: 14px;\" data-fusion-font=\"true\">Polic\u00eda Federal Argentina.<\/span><\/p>\n<p style=\"text-align: center;\"><span style=\"font-size: 14px;\" data-fusion-font=\"true\"><b>PNA:<\/b><\/span><span style=\"font-weight: 400; font-size: 14px;\" data-fusion-font=\"true\"> Prefectura Naval Argentina.<\/span><\/p>\n<p style=\"text-align: center;\"><span style=\"font-size: 14px;\" data-fusion-font=\"true\"><b>PPN: <\/b><\/span><span style=\"font-weight: 400; font-size: 14px;\" data-fusion-font=\"true\">Procuraci\u00f3n Penitenciaria de la Naci\u00f3n.<\/span><\/p>\n<p style=\"text-align: center;\"><span style=\"font-size: 14px;\" data-fusion-font=\"true\"><b>PROCUVIN:<\/b><\/span><span style=\"font-weight: 400; font-size: 14px;\" data-fusion-font=\"true\"> Procuradur\u00eda de Violencia Institucional, Procuraci\u00f3n General de la Naci\u00f3n.<\/span><\/p>\n<p style=\"text-align: center;\"><span style=\"font-size: 14px;\" data-fusion-font=\"true\"><b>PSA: <\/b><\/span><span style=\"font-weight: 400; font-size: 14px;\" data-fusion-font=\"true\">Polic\u00eda de Seguridad Aeroportuaria.<\/span><\/p>\n<p style=\"text-align: center;\"><span style=\"font-size: 14px;\" data-fusion-font=\"true\"><b>REVIFAG: <\/b><\/span><span style=\"font-weight: 400; font-size: 14px;\" data-fusion-font=\"true\">Registro de Violencia Familiar y de G\u00e9nero, Procuraci\u00f3n General de la provincia de Buenos Aires.<\/span><\/p>\n<p style=\"text-align: center;\"><span style=\"font-size: 14px;\" data-fusion-font=\"true\"><b>RNCT: <\/b><\/span><span style=\"font-weight: 400; font-size: 14px;\" data-fusion-font=\"true\">Registro Nacional de Casos de Tortura y\/o Malos Tratos.<\/span><\/p>\n<p style=\"text-align: center;\"><span style=\"font-size: 14px;\" data-fusion-font=\"true\"><b>RPN: <\/b><\/span><span style=\"font-weight: 400; font-size: 14px;\" data-fusion-font=\"true\">Registro de Procesos del Ni\u00f1o, Procuraci\u00f3n General de la provincia de Buenos Aires.<\/span><\/p>\n<p style=\"text-align: center;\"><span style=\"font-size: 14px;\" data-fusion-font=\"true\"><b>RUD: <\/b><\/span><span style=\"font-weight: 400; font-size: 14px;\" data-fusion-font=\"true\">Registro \u00danico de Detenidos, Procuraci\u00f3n General de la provincia de Buenos Aires.<\/span><\/p>\n<p style=\"text-align: center;\"><span style=\"font-size: 14px;\" data-fusion-font=\"true\"><b>RVI:<\/b><\/span><span style=\"font-weight: 400; font-size: 14px;\" data-fusion-font=\"true\"> Registro de Violencia Institucional, Procuraci\u00f3n General de la provincia de Buenos Aires.<\/span><\/p>\n<p style=\"text-align: center;\"><span style=\"font-size: 14px;\" data-fusion-font=\"true\"><b>SCJBA: <\/b><\/span><span style=\"font-weight: 400; font-size: 14px;\" data-fusion-font=\"true\">Suprema Corte de Justicia de la provincia de Buenos Aires.<\/span><\/p>\n<p style=\"text-align: center;\"><span style=\"font-size: 14px;\" data-fusion-font=\"true\"><b>SIMP: <\/b><\/span><span style=\"font-weight: 400; font-size: 14px;\" data-fusion-font=\"true\">Sistema Inform\u00e1tico del Ministerio P\u00fablico.<\/span><\/p>\n<p style=\"text-align: center;\"><span style=\"font-size: 14px;\" data-fusion-font=\"true\"><b>SNEEP: <\/b><\/span><span style=\"font-weight: 400; font-size: 14px;\" data-fusion-font=\"true\">Sistema Nacional de Estad\u00edsticas sobre Ejecuci\u00f3n de la Pena, Ministerio de Justicia y Derechos Humanos de la Naci\u00f3n.<\/span><\/p>\n<p style=\"text-align: center;\"><span style=\"font-size: 14px;\" data-fusion-font=\"true\"><b>SNIC: <\/b><\/span><span style=\"font-weight: 400; font-size: 14px;\" data-fusion-font=\"true\">Sistema Nacional de Informaci\u00f3n Criminal, Ministerio de Seguridad de la Naci\u00f3n.<\/span><\/p>\n<p style=\"text-align: center;\"><span style=\"font-size: 14px;\" data-fusion-font=\"true\"><b>SPB:<\/b><\/span><span style=\"font-weight: 400; font-size: 14px;\" data-fusion-font=\"true\"> Servicio Penitenciario Bonaerense, Ministerio de Justicia y Derechos Humanos de la provincia de Buenos Aires.<\/span><\/p>\n<p style=\"text-align: center;\"><span style=\"font-size: 14px;\" data-fusion-font=\"true\"><b>SPF: <\/b><\/span><span style=\"font-weight: 400; font-size: 14px;\" data-fusion-font=\"true\">Servicio Penitenciario Federal, Ministerio de Justicia y Derechos Humanos de la Naci\u00f3n.<\/span><\/p>\n<p style=\"text-align: center;\"><span style=\"font-size: 14px;\" data-fusion-font=\"true\"><b>SPPD:<\/b><\/span><span style=\"font-weight: 400; font-size: 14px;\" data-fusion-font=\"true\"> Sistema de Promoci\u00f3n y Protecci\u00f3n de Derechos, OPNyA.<\/span><\/p>\n<p style=\"text-align: center;\"><span style=\"font-size: 14px;\" data-fusion-font=\"true\"><b>SRPJ:<\/b><\/span><span style=\"font-weight: 400; font-size: 14px;\" data-fusion-font=\"true\"> Sistema de Responsabilidad Penal Juvenil, OPNyA.<\/span><\/p>\n<p style=\"text-align: center;\"><span style=\"font-size: 14px;\" data-fusion-font=\"true\"><b>TCP: <\/b><\/span><span style=\"font-weight: 400; font-size: 14px;\" data-fusion-font=\"true\">Tribunal de Casaci\u00f3n Penal.<\/span><\/p>\n<p style=\"text-align: center;\"><span style=\"font-size: 14px;\" data-fusion-font=\"true\"><b>TOC:<\/b><\/span><span style=\"font-weight: 400; font-size: 14px;\" data-fusion-font=\"true\"> Tribunal Oral Criminal.<\/span><\/p>\n<p style=\"text-align: center;\"><span style=\"font-size: 14px;\" data-fusion-font=\"true\"><b>UFI:<\/b><\/span><span style=\"font-weight: 400; font-size: 14px;\" data-fusion-font=\"true\"> Unidad Fiscal de Instrucci\u00f3n.<\/span><\/p>\n<\/div><\/div><\/div><\/div><\/div>\n","protected":false},"excerpt":{"rendered":"","protected":false},"author":32,"featured_media":0,"parent":2924,"menu_order":0,"comment_status":"closed","ping_status":"closed","template":"","meta":{"inline_featured_image":false,"footnotes":""},"class_list":["post-3136","page","type-page","status-publish","hentry"],"_links":{"self":[{"href":"https:\/\/www.comisionporlamemoria.org\/datosabiertos\/wp-json\/wp\/v2\/pages\/3136","targetHints":{"allow":["GET"]}}],"collection":[{"href":"https:\/\/www.comisionporlamemoria.org\/datosabiertos\/wp-json\/wp\/v2\/pages"}],"about":[{"href":"https:\/\/www.comisionporlamemoria.org\/datosabiertos\/wp-json\/wp\/v2\/types\/page"}],"author":[{"embeddable":true,"href":"https:\/\/www.comisionporlamemoria.org\/datosabiertos\/wp-json\/wp\/v2\/users\/32"}],"replies":[{"embeddable":true,"href":"https:\/\/www.comisionporlamemoria.org\/datosabiertos\/wp-json\/wp\/v2\/comments?post=3136"}],"version-history":[{"count":0,"href":"https:\/\/www.comisionporlamemoria.org\/datosabiertos\/wp-json\/wp\/v2\/pages\/3136\/revisions"}],"up":[{"embeddable":true,"href":"https:\/\/www.comisionporlamemoria.org\/datosabiertos\/wp-json\/wp\/v2\/pages\/2924"}],"wp:attachment":[{"href":"https:\/\/www.comisionporlamemoria.org\/datosabiertos\/wp-json\/wp\/v2\/media?parent=3136"}],"curies":[{"name":"wp","href":"https:\/\/api.w.org\/{rel}","templated":true}]}}