{"id":3715,"date":"2021-09-21T15:27:40","date_gmt":"2021-09-21T15:27:40","guid":{"rendered":"https:\/\/www.comisionporlamemoria.org\/datosabiertos\/?page_id=3715"},"modified":"2021-09-22T18:39:48","modified_gmt":"2021-09-22T18:39:48","slug":"prevencion-de-la-tortura","status":"publish","type":"page","link":"https:\/\/www.comisionporlamemoria.org\/datosabiertos\/prevencion-de-la-tortura\/","title":{"rendered":"Prevenci\u00f3n de la Tortura"},"content":{"rendered":"<div class=\"fusion-fullwidth fullwidth-box fusion-builder-row-1 fusion-flex-container nonhundred-percent-fullwidth non-hundred-percent-height-scrolling\" style=\"--awb-border-radius-top-left:0px;--awb-border-radius-top-right:0px;--awb-border-radius-bottom-right:0px;--awb-border-radius-bottom-left:0px;--awb-flex-wrap:wrap;\" ><div class=\"fusion-builder-row fusion-row fusion-flex-align-items-flex-start fusion-flex-content-wrap\" style=\"max-width:1248px;margin-left: calc(-4% \/ 2 );margin-right: calc(-4% \/ 2 );\"><div class=\"fusion-layout-column fusion_builder_column fusion-builder-column-0 fusion_builder_column_1_6 1_6 fusion-flex-column\" style=\"--awb-bg-size:cover;--awb-width-large:16.666666666667%;--awb-margin-top-large:0px;--awb-spacing-right-large:11.52%;--awb-margin-bottom-large:20px;--awb-spacing-left-large:11.52%;--awb-width-medium:16.666666666667%;--awb-order-medium:0;--awb-spacing-right-medium:11.52%;--awb-spacing-left-medium:11.52%;--awb-width-small:100%;--awb-order-small:0;--awb-spacing-right-small:1.92%;--awb-spacing-left-small:1.92%;\"><div class=\"fusion-column-wrapper fusion-column-has-shadow fusion-flex-justify-content-flex-start fusion-content-layout-column\"><\/div><\/div><div class=\"fusion-layout-column fusion_builder_column fusion-builder-column-1 fusion_builder_column_2_3 2_3 fusion-flex-column\" style=\"--awb-bg-size:cover;--awb-width-large:66.666666666667%;--awb-margin-top-large:0px;--awb-spacing-right-large:2.88%;--awb-margin-bottom-large:20px;--awb-spacing-left-large:2.88%;--awb-width-medium:66.666666666667%;--awb-order-medium:0;--awb-spacing-right-medium:2.88%;--awb-spacing-left-medium:2.88%;--awb-width-small:100%;--awb-order-small:0;--awb-spacing-right-small:1.92%;--awb-spacing-left-small:1.92%;\"><div class=\"fusion-column-wrapper fusion-column-has-shadow fusion-flex-justify-content-flex-start fusion-content-layout-column\"><div class=\"fusion-text fusion-text-1\" style=\"--awb-font-size:15px;\"><div style=\"text-align: justify;\">\n<p>En octubre del a\u00f1o 2002, la CPM crea el Comit\u00e9 contra la Tortura. En 2003 se inicia el registro de casos judicializados de tortura y en el a\u00f1o 2004 se presenta el primer Informe Anual llamado el Sistema de le crueldad. En el a\u00f1o 2005, comienzan las tareas de monitoreo sistem\u00e1tico en los lugares de encierro de la provincia, publicando a\u00f1o a a\u00f1o los <a href=\"https:\/\/www.comisionporlamemoria.org\/project\/informes-anuales\/\" target=\"_blank\" rel=\"noopener noreferrer\">informes anuales<\/a>.<\/p>\n<p>La CPM inspecciona de forma permanente los lugares de encierro (c\u00e1rceles, comisar\u00edas, centros de j\u00f3venes, neuropsiqui\u00e1tricos, comunidades terap\u00e9uticas y geri\u00e1tricos), monitorea las pol\u00edticas penitenciarias, de ni\u00f1ez, de salud mental, de seguridad e inteligencia y el despliegue de las fuerzas policiales en el territorio. Interviene de manera urgente frente a las vulneraciones de derechos denunciadas, litiga en casos relevantes a nivel nacional e internacional y realiza recomendaciones a los organismos p\u00fablicos.<\/p>\n<p>En noviembre de 2019, el Consejo Federal de Mecanismos Locales a propuesta del Comit\u00e9 Nacional de Prevenci\u00f3n de la Tortura, formaliz\u00f3 la designaci\u00f3n de la CPM como Mecanismo Local de Prevenci\u00f3n de la Tortura en la provincia de Buenos Aires, en los t\u00e9rminos de la Ley 26.827, reconociendo su car\u00e1cter de mecanismo preexistente a lo largo de todos estos a\u00f1os.<\/p>\n<\/div>\n<\/div><\/div><\/div><div class=\"fusion-layout-column fusion_builder_column fusion-builder-column-2 fusion_builder_column_1_6 1_6 fusion-flex-column\" style=\"--awb-bg-size:cover;--awb-width-large:16.666666666667%;--awb-margin-top-large:0px;--awb-spacing-right-large:11.52%;--awb-margin-bottom-large:20px;--awb-spacing-left-large:11.52%;--awb-width-medium:16.666666666667%;--awb-order-medium:0;--awb-spacing-right-medium:11.52%;--awb-spacing-left-medium:11.52%;--awb-width-small:100%;--awb-order-small:0;--awb-spacing-right-small:1.92%;--awb-spacing-left-small:1.92%;\"><div class=\"fusion-column-wrapper fusion-column-has-shadow fusion-flex-justify-content-flex-start fusion-content-layout-column\"><\/div><\/div><\/div><\/div>\n","protected":false},"excerpt":{"rendered":"","protected":false},"author":32,"featured_media":0,"parent":0,"menu_order":0,"comment_status":"closed","ping_status":"closed","template":"","meta":{"inline_featured_image":false,"footnotes":""},"class_list":["post-3715","page","type-page","status-publish","hentry"],"_links":{"self":[{"href":"https:\/\/www.comisionporlamemoria.org\/datosabiertos\/wp-json\/wp\/v2\/pages\/3715","targetHints":{"allow":["GET"]}}],"collection":[{"href":"https:\/\/www.comisionporlamemoria.org\/datosabiertos\/wp-json\/wp\/v2\/pages"}],"about":[{"href":"https:\/\/www.comisionporlamemoria.org\/datosabiertos\/wp-json\/wp\/v2\/types\/page"}],"author":[{"embeddable":true,"href":"https:\/\/www.comisionporlamemoria.org\/datosabiertos\/wp-json\/wp\/v2\/users\/32"}],"replies":[{"embeddable":true,"href":"https:\/\/www.comisionporlamemoria.org\/datosabiertos\/wp-json\/wp\/v2\/comments?post=3715"}],"version-history":[{"count":0,"href":"https:\/\/www.comisionporlamemoria.org\/datosabiertos\/wp-json\/wp\/v2\/pages\/3715\/revisions"}],"wp:attachment":[{"href":"https:\/\/www.comisionporlamemoria.org\/datosabiertos\/wp-json\/wp\/v2\/media?parent=3715"}],"curies":[{"name":"wp","href":"https:\/\/api.w.org\/{rel}","templated":true}]}}