{"id":6172,"date":"2025-04-15T09:07:33","date_gmt":"2025-04-15T12:07:33","guid":{"rendered":"https:\/\/www.comisionporlamemoria.org\/datosabiertos\/?page_id=6172"},"modified":"2025-04-21T13:17:26","modified_gmt":"2025-04-21T16:17:26","slug":"publicar-informacion","status":"publish","type":"page","link":"https:\/\/www.comisionporlamemoria.org\/datosabiertos\/publicar-informacion\/","title":{"rendered":"Publicar informaci\u00f3n"},"content":{"rendered":"<p><div class=\"fusion-fullwidth fullwidth-box fusion-builder-row-1 fusion-flex-container has-pattern-background has-mask-background nonhundred-percent-fullwidth non-hundred-percent-height-scrolling fusion-no-small-visibility\" style=\"--awb-border-radius-top-left:0px;--awb-border-radius-top-right:0px;--awb-border-radius-bottom-right:0px;--awb-border-radius-bottom-left:0px;--awb-flex-wrap:wrap;\" ><div class=\"fusion-builder-row fusion-row fusion-flex-align-items-flex-start fusion-flex-content-wrap\" style=\"max-width:1248px;margin-left: calc(-4% \/ 2 );margin-right: calc(-4% \/ 2 );\"><div class=\"fusion-layout-column fusion_builder_column fusion-builder-column-0 fusion_builder_column_1_6 1_6 fusion-flex-column\" style=\"--awb-bg-size:cover;--awb-width-large:16.666666666667%;--awb-margin-top-large:0px;--awb-spacing-right-large:11.52%;--awb-margin-bottom-large:20px;--awb-spacing-left-large:11.52%;--awb-width-medium:16.666666666667%;--awb-order-medium:0;--awb-spacing-right-medium:11.52%;--awb-spacing-left-medium:11.52%;--awb-width-small:100%;--awb-order-small:0;--awb-spacing-right-small:1.92%;--awb-spacing-left-small:1.92%;\"><div class=\"fusion-column-wrapper fusion-column-has-shadow fusion-flex-justify-content-flex-start fusion-content-layout-column\"><\/div><\/div><div class=\"fusion-layout-column fusion_builder_column fusion-builder-column-1 fusion_builder_column_2_3 2_3 fusion-flex-column\" style=\"--awb-bg-size:cover;--awb-width-large:66.666666666667%;--awb-margin-top-large:0px;--awb-spacing-right-large:2.88%;--awb-margin-bottom-large:20px;--awb-spacing-left-large:2.88%;--awb-width-medium:66.666666666667%;--awb-order-medium:0;--awb-spacing-right-medium:2.88%;--awb-spacing-left-medium:2.88%;--awb-width-small:100%;--awb-order-small:0;--awb-spacing-right-small:1.92%;--awb-spacing-left-small:1.92%;\"><div class=\"fusion-column-wrapper fusion-column-has-shadow fusion-flex-justify-content-flex-start fusion-content-layout-column\"><div class=\"fusion-text fusion-text-1\" style=\"--awb-content-alignment:justify;\"><p><span style=\"font-size: 12pt;\">La publicaci\u00f3n de informaci\u00f3n oficial es una obligaci\u00f3n del Estado que se desprende de los principios republicanos de gobierno y es, por tanto, un derecho de la ciudadan\u00eda. Tambi\u00e9n constituye una herramienta indispensable para la planificaci\u00f3n y la evaluaci\u00f3n de pol\u00edticas p\u00fablicas, y un insumo fundamental para el control externo de las acciones estatales. Seg\u00fan los principios fundamentales de las estad\u00edsticas oficiales aprobados por la Asamblea General de la ONU en 2014, \u201clas estad\u00edsticas oficiales constituyen un elemento indispensable en el sistema de informaci\u00f3n de una sociedad democr\u00e1tica (\u2026) para que los ciudadanos puedan ejercer su derecho a la informaci\u00f3n p\u00fablica\u201d. Para la Organizaci\u00f3n de Estados Americanos, el acceso a la informaci\u00f3n\u201cpermite participar en los asuntos pol\u00edticos y monitorear las acciones del Estado transparentando la gesti\u00f3n p\u00fablica\u201d y constituye \u201cun derecho instrumental para el ejercicio de otros derechos\u201d (OEA, 2013).<\/span><\/p>\n<p><span style=\"font-size: 12pt;\">En Argentina, seg\u00fan la ley nacional 27.275\/16, se presume p\u00fablica toda informaci\u00f3n que generen, obtengan, transformen, controlen o custodien los organismos nacionales alcanzados por ella, salvo excepciones debidamente justificadas. Esta ley define responsabilidades, derechos y los siguientes principios para el acceso a la informaci\u00f3n: transparencia y m\u00e1xima divulgaci\u00f3n, informalismo, m\u00e1ximo acceso, apertura, m\u00e1xima premura. <strong>En la provincia de Buenos Aires no existe un r\u00e9gimen integral de acceso a la informaci\u00f3n p\u00fablica<\/strong>, sino una ley (12.475\/00) y un decreto (2549\/04) limitados a regular el acceso a documentos administrativos. La ley nacional promueve la adhesi\u00f3n de las provincias pero Buenos Aires a\u00fan mantiene su propia normativa, retrasada respecto a los est\u00e1ndares reconocidos en la materia. Todos los proyectos de ley presentados en la Legislatura desde 2002 en adelante han perdido estado parlamentario.<\/span><\/p>\n<p><span style=\"font-size: 12pt;\">Una parte de la informaci\u00f3n sistematizada en este sitio se obtiene directamente de los sitios oficiales de cada organismo<a href=\"#_ftn1\" name=\"_ftnref1\">[1]<\/a>, mientras que otra debe ser requerida por escrito peri\u00f3dicamente. Hay sectores del Estado provincial que no tienen una pol\u00edtica activa de transparencia: el Ministerio de Justicia y Derechos Humanos, el Ministerio de Seguridad, el Organismo Provincial de Ni\u00f1ez y Adolescencia dependiente del Ministerio de Desarrollo de la Comunidad, y la Subsecretar\u00eda de Salud Mental del Ministerio de Salud. Los primeros dos, incluso, presentan serios d\u00e9ficits en materia de transparencia pasiva. Pero m\u00e1s all\u00e1 de esta diferencia significativa todos <strong>los organismos que intervienen en el sistema penal provincial incumplen en la pr\u00e1ctica principios fundamentales de acceso y difusi\u00f3n de informaci\u00f3n p\u00fablica.<\/strong><\/span><\/p>\n<p><span style=\"font-size: 12pt;\">Por un lado, la demora en las respuestas disminuye el valor de la informaci\u00f3n requerida, ya que la <strong>puntualidad<\/strong> es uno de los componentes de su calidad. Por otro lado, el <strong>acceso<\/strong> no es \u00f3ptimo cuando la informaci\u00f3n se proporciona de manera incompleta o no cuenta con un nivel de desagregaci\u00f3n significativo. En tercer lugar, buena parte de la informaci\u00f3n no es presentada en formatos electr\u00f3nicos abiertos que permitan su procesamiento, sino en documentos definitivos que restringen la vista a la informaci\u00f3n agregada y cuyo contenido s\u00f3lo puede copiarse manualmente. Respetar el principio de <strong>apertura<\/strong> implica hacer p\u00fablicas las bases de datos, \u00fanica herramienta que democratiza la posibilidad de hacer nuevos cruces de variables y sistematizaciones. En base a este diagn\u00f3stico, la CPM busca con este sitio ofrecer un mayor acceso a datos estatales, con actualizaci\u00f3n peri\u00f3dica y en formatos m\u00e1s interactivos o <a href=\"https:\/\/www.comisionporlamemoria.org\/datosabiertos\/bases\/\">abiertos<\/a>.<\/span><\/p>\n<p><span style=\"font-size: 12pt;\"><a href=\"#_ftnref1\" name=\"_ftn1\">[1]<\/a><strong>Organismos provinciales<\/strong>: <a href=\"https:\/\/www.scba.gov.ar\/estadisticas.asp\">\u00c1rea de Estad\u00edsticas de la Suprema Corte de Justicia<\/a>; <a href=\"https:\/\/www.mpba.gov.ar\/informesregistrosyestadisticas\">\u00c1rea de Registros y Departamento de Estad\u00edsticas de la Procuraci\u00f3n General<\/a>; <a href=\"http:\/\/www.ms.gba.gov.ar\/sitios\/infoensalud\/estadistica\/\">Direcci\u00f3n de Informaci\u00f3n en Salud del Ministerio de Salud<\/a>; <a href=\"http:\/\/www.estadistica.ec.gba.gov.ar\/dpe\/index.php\">Direcci\u00f3n Provincial de Estad\u00edstica del Ministerio de Econom\u00eda<\/a>. <strong>Or<\/strong><strong>ganismos nacionales<\/strong>:\u00a0<a href=\"https:\/\/www.argentina.gob.ar\/salud\/deis\">Direcci\u00f3n de Estad\u00edsticas e Informaci\u00f3n de la Salud del Ministerio de Salud<\/a>; <a href=\"https:\/\/www.indec.gob.ar\/\">Instituto Nacional de Estad\u00edstica y Censos<\/a>; <a href=\"http:\/\/ppn.gov.ar\/documentos\/publicaciones\/informes-anuales\">Procuraci\u00f3n Penitenciaria de la Naci\u00f3n<\/a>; <a href=\"http:\/\/datos.jus.gob.ar\/dataset\/sneep\">Sistema Nacional de Estad\u00edsticas sobre Ejecuci\u00f3n de la Pena<\/a>; <a href=\"https:\/\/www.argentina.gob.ar\/seguridad\/estadisticascriminales\">Sistema Nacional de Informaci\u00f3n Criminal<\/a>.<\/span><\/p>\n<\/div><\/div><\/div><div class=\"fusion-layout-column fusion_builder_column fusion-builder-column-2 fusion_builder_column_1_6 1_6 fusion-flex-column\" style=\"--awb-bg-size:cover;--awb-width-large:16.666666666667%;--awb-margin-top-large:0px;--awb-spacing-right-large:11.52%;--awb-margin-bottom-large:20px;--awb-spacing-left-large:11.52%;--awb-width-medium:16.666666666667%;--awb-order-medium:0;--awb-spacing-right-medium:11.52%;--awb-spacing-left-medium:11.52%;--awb-width-small:100%;--awb-order-small:0;--awb-spacing-right-small:1.92%;--awb-spacing-left-small:1.92%;\"><div class=\"fusion-column-wrapper fusion-column-has-shadow fusion-flex-justify-content-flex-start fusion-content-layout-column\"><\/div><\/div><\/div><\/div><div class=\"fusion-fullwidth fullwidth-box fusion-builder-row-2 fusion-flex-container has-pattern-background has-mask-background nonhundred-percent-fullwidth non-hundred-percent-height-scrolling fusion-no-medium-visibility fusion-no-large-visibility\" style=\"--awb-border-radius-top-left:0px;--awb-border-radius-top-right:0px;--awb-border-radius-bottom-right:0px;--awb-border-radius-bottom-left:0px;--awb-flex-wrap:wrap;\" ><div class=\"fusion-builder-row fusion-row fusion-flex-align-items-flex-start fusion-flex-justify-content-center fusion-flex-content-wrap\" style=\"max-width:1248px;margin-left: calc(-4% \/ 2 );margin-right: calc(-4% \/ 2 );\"><div class=\"fusion-layout-column fusion_builder_column fusion-builder-column-3 fusion_builder_column_1_1 1_1 fusion-flex-column\" style=\"--awb-bg-size:cover;--awb-width-large:100%;--awb-margin-top-large:0px;--awb-spacing-right-large:1.92%;--awb-margin-bottom-large:20px;--awb-spacing-left-large:1.92%;--awb-width-medium:100%;--awb-order-medium:0;--awb-spacing-right-medium:1.92%;--awb-spacing-left-medium:1.92%;--awb-width-small:100%;--awb-order-small:0;--awb-spacing-right-small:1.92%;--awb-spacing-left-small:1.92%;\"><div class=\"fusion-column-wrapper fusion-column-has-shadow fusion-flex-justify-content-flex-start fusion-content-layout-column\"><div class=\"fusion-text fusion-text-2\" style=\"--awb-content-alignment:justify;--awb-font-size:15px;\"><p>La publicaci\u00f3n de informaci\u00f3n oficial es una obligaci\u00f3n del Estado que se desprende de los principios republicanos de gobierno y es, por tanto, un derecho de la ciudadan\u00eda. Tambi\u00e9n constituye una herramienta indispensable para la planificaci\u00f3n y la evaluaci\u00f3n de pol\u00edticas p\u00fablicas, y un insumo fundamental para el control externo de las acciones estatales. Seg\u00fan los principios fundamentales de las estad\u00edsticas oficiales aprobados por la Asamblea General de la ONU en 2014, \u201clas estad\u00edsticas oficiales constituyen un elemento indispensable en el sistema de informaci\u00f3n de una sociedad democr\u00e1tica (\u2026) para que los ciudadanos puedan ejercer su derecho a la informaci\u00f3n p\u00fablica\u201d. Para la Organizaci\u00f3n de Estados Americanos, el acceso a la informaci\u00f3n\u201cpermite participar en los asuntos pol\u00edticos y monitorear las acciones del Estado transparentando la gesti\u00f3n p\u00fablica\u201d y constituye \u201cun derecho instrumental para el ejercicio de otros derechos\u201d (OEA, 2013).<\/p>\n<p>En Argentina, seg\u00fan la ley nacional 27.275\/16, se presume p\u00fablica toda informaci\u00f3n que generen, obtengan, transformen, controlen o custodien los organismos nacionales alcanzados por ella, salvo excepciones debidamente justificadas. Esta ley define responsabilidades, derechos y los siguientes principios para el acceso a la informaci\u00f3n: transparencia y m\u00e1xima divulgaci\u00f3n, informalismo, m\u00e1ximo acceso, apertura, m\u00e1xima premura. <strong>En la provincia de Buenos Aires no existe un r\u00e9gimen integral de acceso a la informaci\u00f3n p\u00fablica<\/strong>, sino una ley (12.475\/00) y un decreto (2549\/04) limitados a regular el acceso a documentos administrativos. La ley nacional promueve la adhesi\u00f3n de las provincias pero Buenos Aires a\u00fan mantiene su propia normativa, retrasada respecto a los est\u00e1ndares reconocidos en la materia. Todos los proyectos de ley presentados en la Legislatura desde 2002 en adelante han perdido estado parlamentario.<\/p>\n<p>Una parte de la informaci\u00f3n sistematizada en este sitio se obtiene directamente de los sitios oficiales de cada organismo<a href=\"#_ftn1\" name=\"_ftnref1\">[1]<\/a>, mientras que otra debe ser requerida por escrito peri\u00f3dicamente. Hay sectores del Estado provincial que no tienen una pol\u00edtica activa de transparencia: el Ministerio de Justicia y Derechos Humanos, el Ministerio de Seguridad, el Organismo Provincial de Ni\u00f1ez y Adolescencia dependiente del Ministerio de Desarrollo de la Comunidad, y la Subsecretar\u00eda de Salud Mental del Ministerio de Salud. Los primeros dos, incluso, presentan serios d\u00e9ficits en materia de transparencia pasiva. Pero m\u00e1s all\u00e1 de esta diferencia significativa todos <strong>los organismos que intervienen en el sistema penal provincial incumplen en la pr\u00e1ctica principios fundamentales de acceso y difusi\u00f3n de informaci\u00f3n p\u00fablica.<\/strong><\/p>\n<p>Por un lado, la demora en las respuestas disminuye el valor de la informaci\u00f3n requerida, ya que la <strong>puntualidad<\/strong> es uno de los componentes de su calidad. Por otro lado, el <strong>acceso<\/strong> no es \u00f3ptimo cuando la informaci\u00f3n se proporciona de manera incompleta o no cuenta con un nivel de desagregaci\u00f3n significativo. En tercer lugar, buena parte de la informaci\u00f3n no es presentada en formatos electr\u00f3nicos abiertos que permitan su procesamiento, sino en documentos definitivos que restringen la vista a la informaci\u00f3n agregada y cuyo contenido s\u00f3lo puede copiarse manualmente. Respetar el principio de <strong>apertura<\/strong> implica hacer p\u00fablicas las bases de datos, \u00fanica herramienta que democratiza la posibilidad de hacer nuevos cruces de variables y sistematizaciones. En base a este diagn\u00f3stico, la CPM busca con este sitio ofrecer un mayor acceso a datos estatales, con actualizaci\u00f3n peri\u00f3dica y en formatos m\u00e1s interactivos o <a href=\"https:\/\/www.comisionporlamemoria.org\/datosabiertos\/bases\/\">abiertos<\/a>.<\/p>\n<p><a href=\"#_ftnref1\" name=\"_ftn1\">[1]<\/a><strong>Organismos provinciales<\/strong>: <a href=\"https:\/\/www.scba.gov.ar\/estadisticas.asp\">\u00c1rea de Estad\u00edsticas de la Suprema Corte de Justicia<\/a>; <a href=\"https:\/\/www.mpba.gov.ar\/informesregistrosyestadisticas\">\u00c1rea de Registros y Departamento de Estad\u00edsticas de la Procuraci\u00f3n General<\/a>; <a href=\"http:\/\/www.ms.gba.gov.ar\/sitios\/infoensalud\/estadistica\/\">Direcci\u00f3n de Informaci\u00f3n en Salud del Ministerio de Salud<\/a>; <a href=\"http:\/\/www.estadistica.ec.gba.gov.ar\/dpe\/index.php\">Direcci\u00f3n Provincial de Estad\u00edstica del Ministerio de Econom\u00eda<\/a>. <strong>Or<\/strong><strong>ganismos nacionales<\/strong>:\u00a0<a href=\"https:\/\/www.argentina.gob.ar\/salud\/deis\">Direcci\u00f3n de Estad\u00edsticas e Informaci\u00f3n de la Salud del Ministerio de Salud<\/a>; <a href=\"https:\/\/www.indec.gob.ar\/\">Instituto Nacional de Estad\u00edstica y Censos<\/a>; <a href=\"http:\/\/ppn.gov.ar\/documentos\/publicaciones\/informes-anuales\">Procuraci\u00f3n Penitenciaria de la Naci\u00f3n<\/a>; <a href=\"http:\/\/datos.jus.gob.ar\/dataset\/sneep\">Sistema Nacional de Estad\u00edsticas sobre Ejecuci\u00f3n de la Pena<\/a>; <a href=\"https:\/\/www.argentina.gob.ar\/seguridad\/estadisticascriminales\">Sistema Nacional de Informaci\u00f3n Criminal<\/a>.<\/p>\n<\/div><\/div><\/div><\/div><\/div><\/p>\n","protected":false},"excerpt":{"rendered":"","protected":false},"author":40,"featured_media":0,"parent":0,"menu_order":0,"comment_status":"closed","ping_status":"closed","template":"","meta":{"inline_featured_image":false,"footnotes":""},"class_list":["post-6172","page","type-page","status-publish","hentry"],"_links":{"self":[{"href":"https:\/\/www.comisionporlamemoria.org\/datosabiertos\/wp-json\/wp\/v2\/pages\/6172","targetHints":{"allow":["GET"]}}],"collection":[{"href":"https:\/\/www.comisionporlamemoria.org\/datosabiertos\/wp-json\/wp\/v2\/pages"}],"about":[{"href":"https:\/\/www.comisionporlamemoria.org\/datosabiertos\/wp-json\/wp\/v2\/types\/page"}],"author":[{"embeddable":true,"href":"https:\/\/www.comisionporlamemoria.org\/datosabiertos\/wp-json\/wp\/v2\/users\/40"}],"replies":[{"embeddable":true,"href":"https:\/\/www.comisionporlamemoria.org\/datosabiertos\/wp-json\/wp\/v2\/comments?post=6172"}],"version-history":[{"count":0,"href":"https:\/\/www.comisionporlamemoria.org\/datosabiertos\/wp-json\/wp\/v2\/pages\/6172\/revisions"}],"wp:attachment":[{"href":"https:\/\/www.comisionporlamemoria.org\/datosabiertos\/wp-json\/wp\/v2\/media?parent=6172"}],"curies":[{"name":"wp","href":"https:\/\/api.w.org\/{rel}","templated":true}]}}