{"id":2115,"date":"2020-08-27T04:51:41","date_gmt":"2020-08-27T04:51:41","guid":{"rendered":"https:\/\/www.comisionporlamemoria.org\/informeanual2020\/?page_id=2115"},"modified":"2020-08-27T17:43:14","modified_gmt":"2020-08-27T17:43:14","slug":"equipo-de-trabajo","status":"publish","type":"page","link":"https:\/\/www.comisionporlamemoria.org\/informeanual2020\/equipo-de-trabajo\/","title":{"rendered":"Equipo de trabajo"},"content":{"rendered":"<p><div class=\"fusion-fullwidth fullwidth-box fusion-builder-row-1 nonhundred-percent-fullwidth non-hundred-percent-height-scrolling\" style=\"--awb-border-radius-top-left:0px;--awb-border-radius-top-right:0px;--awb-border-radius-bottom-right:0px;--awb-border-radius-bottom-left:0px;--awb-padding-top:8%;--awb-flex-wrap:wrap;\" ><div class=\"fusion-builder-row fusion-row\"><div class=\"fusion-layout-column fusion_builder_column fusion-builder-column-0 fusion_builder_column_3_4 3_4 fusion-three-fourth fusion-column-first fusion-animated\" style=\"--awb-bg-size:cover;--awb-margin-top:0px;--awb-margin-bottom:0px;width:75%;width:calc(75% - ( ( 4% ) * 0.75 ) );margin-right: 4%;\" data-animationType=\"fadeInLeft\" data-animationDuration=\"0.8\" data-animationOffset=\"top-into-view\"><div class=\"fusion-column-wrapper fusion-column-has-shadow fusion-flex-column-wrapper-legacy\"><div class=\"fusion-text fusion-text-1 caption\"><p>COMISI\u00d3N PROVINCIAL POR LA MEMORIA<\/p>\n<\/div><div class=\"fusion-title title fusion-title-1 fusion-sep-none fusion-title-text fusion-title-size-two\" style=\"--awb-margin-top-small:0px;--awb-margin-right-small:0px;--awb-margin-bottom-small:20px;--awb-margin-left-small:0px;\"><h2 class=\"fusion-title-heading title-heading-left fusion-responsive-typography-calculated\" style=\"margin:0;--fontSize:72;line-height:1.28;\">Equipos de trabajo<\/h2><\/div><div class=\"fusion-sep-clear\"><\/div><div class=\"fusion-separator fusion-clearfix\" style=\"float:left;margin-top:12%;margin-bottom:4%;width:100%;max-width:32px;\"><div class=\"fusion-separator-border sep-single sep-solid\" style=\"--awb-height:20px;--awb-amount:20px;--awb-sep-color:#181818;border-color:#181818;border-top-width:2px;\"><\/div><\/div><div class=\"fusion-sep-clear\"><\/div><div class=\"fusion-clearfix\"><\/div><\/div><\/div><\/div><\/div><div class=\"fusion-fullwidth fullwidth-box fusion-builder-row-2 fusion-flex-container nonhundred-percent-fullwidth non-hundred-percent-height-scrolling\" style=\"--awb-border-radius-top-left:0px;--awb-border-radius-top-right:0px;--awb-border-radius-bottom-right:0px;--awb-border-radius-bottom-left:0px;--awb-flex-wrap:wrap;\" ><div class=\"fusion-builder-row fusion-row fusion-flex-align-items-flex-start fusion-flex-content-wrap\" style=\"max-width:83.2%;margin-left: calc(-4% \/ 2 );margin-right: calc(-4% \/ 2 );\"><div class=\"fusion-layout-column fusion_builder_column fusion-builder-column-1 fusion_builder_column_1_1 1_1 fusion-flex-column\" style=\"--awb-bg-size:cover;--awb-width-large:100%;--awb-margin-top-large:20px;--awb-spacing-right-large:1.92%;--awb-margin-bottom-large:20px;--awb-spacing-left-large:1.92%;--awb-width-medium:100%;--awb-order-medium:0;--awb-spacing-right-medium:1.92%;--awb-spacing-left-medium:1.92%;--awb-width-small:100%;--awb-order-small:0;--awb-spacing-right-small:1.92%;--awb-spacing-left-small:1.92%;\"><div class=\"fusion-column-wrapper fusion-column-has-shadow fusion-flex-justify-content-flex-start fusion-content-layout-column\"><div class=\"fusion-text fusion-text-2\"><p><strong>PARTICIPARON DE LA ELABORACI\u00d3N DE ESTE INFORME<\/strong><\/p>\n<p><strong>\u00a0<\/strong><\/p>\n<p><strong>MECANISMO LOCAL DE PREVENCI\u00d3N DE LA TORTURA<\/strong><\/p>\n<p><strong style=\"color: var(--body_typography-color); font-family: var(--body_typography-font-family); font-size: var(--body_typography-font-size); font-style: var(--body_typography-font-style,normal); letter-spacing: var(--body_typography-letter-spacing); background-color: rgba(255, 255, 255, 0);\">\u00a0<\/strong><\/p>\n<p><strong style=\"color: var(--body_typography-color); font-family: var(--body_typography-font-family); font-size: var(--body_typography-font-size); font-style: var(--body_typography-font-style,normal); letter-spacing: var(--body_typography-letter-spacing); background-color: rgba(255, 255, 255, 0);\">\u00c1REA DE <\/strong><b style=\"color: var(--body_typography-color); font-family: var(--body_typography-font-family); font-size: var(--body_typography-font-size); font-style: var(--body_typography-font-style,normal); letter-spacing: var(--body_typography-letter-spacing); background-color: rgba(255, 255, 255, 0);\">COMIT\u00c9 <\/b><strong style=\"color: var(--body_typography-color); font-family: var(--body_typography-font-family); font-size: var(--body_typography-font-size); font-style: var(--body_typography-font-style,normal); letter-spacing: var(--body_typography-letter-spacing); background-color: rgba(255, 255, 255, 0);\">CONTRA LA TORTURA<\/strong><\/p>\n<p><strong style=\"color: #666666;\">Programa de producci\u00f3n y an\u00e1lisis de informaci\u00f3n<\/strong><\/p>\n<p>Director: Ariel Lede<\/p>\n<p>Equipo: Lisandro Benavides, Mar\u00eda Valentina Bolajuz\u00f3n, Mar\u00eda del Rosario Bouilly, Lisandro Castellani, Manuel Ducid, Mar\u00eda Victoria Lucero, Camila Marchione, Julieta Terminiello.<\/p>\n<p><strong><span style=\"color: #666666;\">Programa de inspecciones a lugares de detenci\u00f3n<\/span><\/strong><\/p>\n<p>Sub directora: Antonella Mirenghi<\/p>\n<p>Equipo: C\u00e9sar Bissutti, Ail\u00edn Bonansea, Ra\u00fal Borzone, Mateo Compagnucci, Mat\u00edas Nicol\u00e1s D\u00edaz, Juan Manuel Introzzi, Sebasti\u00e1n Michelin Salom\u00f3n, Florencia Pourreuix.<\/p>\n<p><strong style=\"color: #666666;\">Programa de recepci\u00f3n de denuncias<\/strong><\/p>\n<p>Directora: Mar\u00eda Victoria Noielli<\/p>\n<p>Equipo: Mar\u00eda Clara Benavides, Melina Boffelli, Josefina Claver Bello, Paula Fraile, Conrado Gabillondo, Mar\u00eda Julia Pandolf,i Agustina Sala Victorica, Ezequiel Scafati, Sofia Schieck, Florencia Simone, Sofia Touceda, Nicolas Wlasic.<\/p>\n<p><strong style=\"background-color: rgba(255, 255, 255, 0); color: var(--body_typography-color); font-family: var(--body_typography-font-family); font-size: var(--body_typography-font-size); font-style: var(--body_typography-font-style,normal); letter-spacing: var(--body_typography-letter-spacing);\">\u00a0<\/strong><\/p>\n<p><strong style=\"background-color: rgba(255, 255, 255, 0); color: var(--body_typography-color); font-family: var(--body_typography-font-family); font-size: var(--body_typography-font-size); font-style: var(--body_typography-font-style,normal); letter-spacing: var(--body_typography-letter-spacing);\">\u00c1REA DE JUSTICIA Y SEGURIDAD<\/strong><\/p>\n<p>Coordinador: Rodrigo Pomares<\/p>\n<p><strong style=\"color: #666666;\">Programa de litigio estrat\u00e9gico<\/strong><\/p>\n<p>Directora: Margarita Jarque<\/p>\n<p>Subdirectora: Carla Ocampo Pilla<\/p>\n<p>Equipo: Laurentina Alonso, Pedro Auzmendi, Sof\u00eda Ballesteros, Javier Percow, Daiana Thompson.<\/p>\n<p><strong style=\"color: #666666;\">Programa de justicia y seguridad democr\u00e1tica<\/strong><\/p>\n<p>Director: Rodrigo Pomares<\/p>\n<p>Equipo: Bel\u00e9n Alfano, Fabi\u00e1n Bernal, Ramiro Madera, Luciano Steolo.<\/p>\n<p><strong style=\"color: #666666;\">Programa de salud mental<\/strong><\/p>\n<p>Directora: Natalia Rocchetti<\/p>\n<p>Equipo: Cristina Bidart, Melina Magal\u00ed Galeano, Augusto Infante, Dar\u00edo Antonio Leyes, Paula Ruiz, Mar\u00eda Sol Rama.<\/p>\n<p><strong style=\"color: #666666;\">Programa de promoci\u00f3n y protecci\u00f3n de los derechos de ni\u00f1os, ni\u00f1as y j\u00f3venes<\/strong><\/p>\n<p>Sub-director: Sergio Raimundo<\/p>\n<p>Equipo: Carolina Borrego, Daniela Garc\u00eda, Marcela Leguizam\u00f3n, Florencia Marty, Mar\u00eda Sof\u00eda Porta, In\u00e9s Sierra.<\/p>\n<p><strong style=\"color: #666666;\">Programa de control de la corrupci\u00f3n y la inteligencia ilegal<\/strong><\/p>\n<p>Director: Federico Schmeigel<\/p>\n<p>Equipo: Anaclara Raffaele, Exequiel Sartori.<\/p>\n<p><strong style=\"background-color: rgba(255, 255, 255, 0); color: var(--body_typography-color); font-family: var(--body_typography-font-family); font-size: var(--body_typography-font-size); font-style: var(--body_typography-font-style,normal); letter-spacing: var(--body_typography-letter-spacing);\">\u00a0<\/strong><\/p>\n<p><strong style=\"background-color: rgba(255, 255, 255, 0); color: var(--body_typography-color); font-family: var(--body_typography-font-family); font-size: var(--body_typography-font-size); font-style: var(--body_typography-font-style,normal); letter-spacing: var(--body_typography-letter-spacing);\">PRODUCCI\u00d3N GENERAL<\/strong><\/p>\n<p><strong style=\"color: #666666;\">Programa de prensa y comunicaci\u00f3n<\/strong><\/p>\n<p>Director: Diego D\u00edaz<\/p>\n<p>Sub-directora: Paula Bonomi<\/p>\n<p>Sub-directora: Luciana Gianoglio Pantano<\/p>\n<p>Equipo: Daniela Alegre, Maximiliano Batista, Carina Cerruti, Lucas dal Bianco, Emanuel de la Fuente, Ana Lenci, Celina Miraz, Sebasti\u00e1n Pellegrino, Juan Rada, Roc\u00edo Su\u00e1rez, Soledad Vampa, Mario Ver\u00f3n.<\/p>\n<p><strong style=\"color: #181818;\">Coordinaci\u00f3n general de la edici\u00f3n<\/strong><\/p>\n<p>Sandra Raggio y Roberto F. Cipriano Garc\u00eda.<\/p>\n<p>Tambi\u00e9n trabajaron en este informe: Ignacio \u00c1lvarez, Ignacio Di Giano, Marcelo Iafolla, Fernando Quiroga, Octavio Romero, Yael Zygielman Tale.<\/p>\n<\/div><\/div><\/div><\/div><\/div><\/p>\n","protected":false},"excerpt":{"rendered":"","protected":false},"author":32,"featured_media":0,"parent":0,"menu_order":0,"comment_status":"closed","ping_status":"closed","template":"","meta":{"footnotes":""},"class_list":["post-2115","page","type-page","status-publish","hentry"],"jetpack_sharing_enabled":true,"_links":{"self":[{"href":"https:\/\/www.comisionporlamemoria.org\/informeanual2020\/wp-json\/wp\/v2\/pages\/2115","targetHints":{"allow":["GET"]}}],"collection":[{"href":"https:\/\/www.comisionporlamemoria.org\/informeanual2020\/wp-json\/wp\/v2\/pages"}],"about":[{"href":"https:\/\/www.comisionporlamemoria.org\/informeanual2020\/wp-json\/wp\/v2\/types\/page"}],"author":[{"embeddable":true,"href":"https:\/\/www.comisionporlamemoria.org\/informeanual2020\/wp-json\/wp\/v2\/users\/32"}],"replies":[{"embeddable":true,"href":"https:\/\/www.comisionporlamemoria.org\/informeanual2020\/wp-json\/wp\/v2\/comments?post=2115"}],"version-history":[{"count":0,"href":"https:\/\/www.comisionporlamemoria.org\/informeanual2020\/wp-json\/wp\/v2\/pages\/2115\/revisions"}],"wp:attachment":[{"href":"https:\/\/www.comisionporlamemoria.org\/informeanual2020\/wp-json\/wp\/v2\/media?parent=2115"}],"curies":[{"name":"wp","href":"https:\/\/api.w.org\/{rel}","templated":true}]}}