{"id":2523,"date":"2021-07-21T10:42:21","date_gmt":"2021-07-21T10:42:21","guid":{"rendered":"https:\/\/www.comisionporlamemoria.org\/informeanual2021\/?page_id=2523"},"modified":"2021-07-21T10:54:35","modified_gmt":"2021-07-21T10:54:35","slug":"seccion-politicas-de-seguridad","status":"publish","type":"page","link":"https:\/\/www.comisionporlamemoria.org\/informeanual2021\/seccion-politicas-de-seguridad\/","title":{"rendered":"Secci\u00f3n Pol\u00edticas de seguridad"},"content":{"rendered":"<p><div id=\"fusion-scroll-section-1\" class=\"fusion-scroll-section fusion-scroll-section\" data-section=\"1\" data-animation=\"fade\" data-speed=\"800\" ><div class=\"fusion-scroll-section-element active\" data-section=\"1\" data-element=\"1\" style=\"transition-duration:200ms;&quot;\" ><div class=\"fusion-fullwidth fullwidth-box fusion-builder-row-1 hundred-percent-fullwidth hundred-percent-height hundred-percent-height-center-content hundred-percent-height-scrolling fusion-equal-height-columns\" style=\"--awb-border-radius-top-left:0px;--awb-border-radius-top-right:0px;--awb-border-radius-bottom-right:0px;--awb-border-radius-bottom-left:0px;--awb-padding-top:0px;--awb-padding-right:0px;--awb-padding-bottom:0px;--awb-padding-left:0px;--awb-flex-wrap:wrap;\" ><div class=\"fusion-fullwidth-center-content\"><div class=\"fusion-builder-row fusion-row\"><div class=\"fusion-layout-column fusion_builder_column fusion-builder-column-0 fusion_builder_column_1_1 1_1 fusion-one-full fusion-column-first fusion-column-last fusion-no-small-visibility fusion-no-medium-visibility fusion-animated\" style=\"--awb-padding-top:20%;--awb-padding-right:12%;--awb-padding-bottom:18%;--awb-padding-left:12%;--awb-bg-size:cover;--awb-margin-top:0px;--awb-margin-bottom:0px;\" data-animationType=\"fadeIn\" data-animationDuration=\"0.8\" data-animationOffset=\"top-into-view\"><div class=\"fusion-column-wrapper fusion-column-has-shadow fusion-flex-column-wrapper-legacy\"><div class=\"fusion-column-content-centered\"><div class=\"fusion-column-content\"><div class=\"fusion-text fusion-text-1 fusion-animated\" style=\"--awb-font-size:20px;\" data-animationType=\"fadeInLeft\" data-animationDuration=\"0.7\" data-animationOffset=\"top-into-view\"><p style=\"text-align: center;\">El sistema de la crueldad XV<\/p>\n<\/div><div class=\"fusion-sep-clear\"><\/div><div class=\"fusion-separator\" style=\"margin-left: auto;margin-right: auto;margin-bottom:10%;width:100%;max-width:50%;\"><div class=\"fusion-separator-border sep-single sep-solid\" style=\"--awb-height:20px;--awb-amount:20px;border-color:#d1d1d1;border-top-width:1px;\"><\/div><\/div><div class=\"fusion-sep-clear\"><\/div><div class=\"fusion-title title fusion-title-1 fusion-sep-none fusion-title-center fusion-title-text fusion-title-size-two\" style=\"--awb-font-size:50px;\"><h2 class=\"fusion-title-heading title-heading-center fusion-responsive-typography-calculated\" style=\"margin:0;font-size:1em;--fontSize:50;line-height:1.28;\">Pol\u00edticas de seguridad<\/h2><\/div><div class=\"fusion-sep-clear\"><\/div><div class=\"fusion-separator fusion-full-width-sep\" style=\"margin-left: auto;margin-right: auto;margin-bottom:10%;width:100%;\"><\/div><div class=\"fusion-sep-clear\"><\/div><div class=\"fusion-aligncenter\"><a class=\"fusion-button button-flat fusion-button-default-size button-custom fusion-button-default button-1 fusion-button-default-span fusion-button-default-type\" style=\"--button_accent_color:#181818;--button_border_color:#181818;--button_accent_hover_color:#181818;--button_border_hover_color:#ffffff;--button_gradient_top_color:rgba(255,255,255,0);--button_gradient_bottom_color:rgba(255,255,255,0);--button_gradient_top_color_hover:#ffffff;--button_gradient_bottom_color_hover:#ffffff;\" target=\"_blank\" rel=\"noopener noreferrer\" href=\"https:\/\/www.comisionporlamemoria.org\/archivos\/cct\/informesanuales\/informe2021\/3_politicas_de_seguridad.pdf\"><span class=\"fusion-button-text awb-button__text awb-button__text--default\">Descargar introducci\u00f3n completa en PDF<\/span><i class=\"fa-download fas awb-button__icon awb-button__icon--default button-icon-right\" aria-hidden=\"true\"><\/i><\/a><\/div><\/div><\/div><div class=\"fusion-clearfix\"><\/div><\/div><\/div><div class=\"fusion-layout-column fusion_builder_column fusion-builder-column-1 fusion_builder_column_1_1 1_1 fusion-one-full fusion-column-first fusion-column-last fusion-no-large-visibility\" style=\"--awb-padding-top:8%;--awb-padding-bottom:8%;--awb-bg-size:cover;--awb-margin-top:0px;--awb-margin-bottom:0px;\"><div class=\"fusion-column-wrapper fusion-column-has-shadow fusion-flex-column-wrapper-legacy\"><div class=\"fusion-column-content-centered\"><div class=\"fusion-column-content\"><div class=\"fusion-text fusion-text-2\"><p style=\"text-align: center;\">Sistema de la crueldad XV<\/p>\n<\/div><div class=\"fusion-sep-clear\"><\/div><div class=\"fusion-separator\" style=\"margin-left: auto;margin-right: auto;margin-bottom:8%;width:100%;max-width:50%;\"><div class=\"fusion-separator-border sep-single sep-solid\" style=\"--awb-height:20px;--awb-amount:20px;border-color:#d1d1d1;border-top-width:1px;\"><\/div><\/div><div class=\"fusion-sep-clear\"><\/div><div class=\"fusion-title title fusion-title-2 fusion-sep-none fusion-title-center fusion-title-text fusion-title-size-one\" style=\"--awb-margin-bottom:10%;--awb-font-size:50px;\"><h1 class=\"fusion-title-heading title-heading-center fusion-responsive-typography-calculated\" style=\"margin:0;font-size:1em;--fontSize:50;line-height:1.2;\">Pol\u00edticas de seguridad<\/h1><\/div><div class=\"fusion-sep-clear\"><\/div><div class=\"fusion-separator fusion-full-width-sep\" style=\"margin-left: auto;margin-right: auto;margin-bottom:4%;width:100%;\"><\/div><div class=\"fusion-sep-clear\"><\/div><div class=\"fusion-aligncenter\"><a class=\"fusion-button button-flat fusion-button-default-size button-custom fusion-button-default button-2 fusion-button-default-span fusion-button-default-type fusion-animated\" style=\"--button_accent_color:#181818;--button_border_color:#181818;--button_accent_hover_color:#181818;--button_border_hover_color:#ffffff;--button_gradient_top_color:rgba(255,255,255,0);--button_gradient_bottom_color:rgba(255,255,255,0);--button_gradient_top_color_hover:#ffffff;--button_gradient_bottom_color_hover:#ffffff;\" data-animationType=\"fadeInLeft\" data-animationDuration=\"0.3\" data-animationOffset=\"top-into-view\" target=\"_blank\" rel=\"noopener noreferrer\" href=\"https:\/\/www.comisionporlamemoria.org\/archivos\/cct\/informesanuales\/informe2021\/3_politicas_de_seguridad.pdf\"><span class=\"fusion-button-text awb-button__text awb-button__text--default\">Descargar introducci\u00f3n completa en PDF<\/span><i class=\"fa-download fas awb-button__icon awb-button__icon--default button-icon-right\" aria-hidden=\"true\"><\/i><\/a><\/div><\/div><\/div><div class=\"fusion-clearfix\"><\/div><\/div><\/div><\/div><\/div><\/div><\/div><nav id=\"fusion-scroll-section-nav-1\" class=\"fusion-scroll-section-nav scroll-navigation-right\" data-section=\"1\" ><ul><li><a href=\"#fusion-scroll-section-element-1-1\" class=\"fusion-scroll-section-link\" data-name=\"Cabecera\" data-element=\"1\"><span class=\"fusion-scroll-section-link-bullet\"><\/span><\/a><\/li><\/ul><\/nav><\/div><div class=\"fusion-fullwidth fullwidth-box fusion-builder-row-2 nonhundred-percent-fullwidth non-hundred-percent-height-scrolling\" style=\"--awb-border-radius-top-left:0px;--awb-border-radius-top-right:0px;--awb-border-radius-bottom-right:0px;--awb-border-radius-bottom-left:0px;--awb-margin-top:5%;--awb-margin-bottom:2%;--awb-flex-wrap:wrap;\" ><div class=\"fusion-builder-row fusion-row\"><div class=\"fusion-layout-column fusion_builder_column fusion-builder-column-2 fusion_builder_column_1_1 1_1 fusion-one-full fusion-column-first fusion-column-last\" style=\"--awb-padding-top:2%;--awb-padding-right:2%;--awb-padding-bottom:2%;--awb-padding-left:2%;--awb-bg-size:cover;--awb-border-color:#181818;--awb-border-top:2px;--awb-border-right:2px;--awb-border-bottom:2px;--awb-border-left:2px;--awb-border-style:solid;\"><div class=\"fusion-column-wrapper fusion-column-has-shadow fusion-flex-column-wrapper-legacy\"><div class=\"fusion-title title fusion-title-3 fusion-sep-none fusion-title-text fusion-title-size-five\"><h5 class=\"fusion-title-heading title-heading-left fusion-responsive-typography-calculated\" style=\"margin:0;--fontSize:20;--minFontSize:20;line-height:1.5;\">SOBRE ESTA SECCI\u00d3N<\/h5><\/div><div class=\"fusion-text fusion-text-3 fusion-animated\" data-animationType=\"fadeInLeft\" data-animationDuration=\"0.3\" data-animationOffset=\"top-into-view\"><p style=\"text-align: justify;\"><strong>Pol\u00edticas de seguridad<\/strong><\/p>\n<p style=\"text-align: justify;\">En l\u00ednea con las \u00faltimas gestiones provinciales, el ministro Sergio Berni hizo una serie de modificaciones en la estructura org\u00e1nica del Ministerio de Seguridad y en la organizaci\u00f3n operativa que concentraron a\u00fan m\u00e1s la conducci\u00f3n de la fuerza polic\u00eda en cabeza de los mandos policiales. Estas transformaciones terminaron por derribar el modelo de conducci\u00f3n civil de la fuerza, que se hab\u00eda planteado en la reforma iniciada por Le\u00f3n Arslani\u00e1n.<\/p>\n<p style=\"text-align: justify;\">En ese contexto, las decisiones del nuevo gobierno intensificaron dos rasgos de las pol\u00edticas de seguridad: la profundizaci\u00f3n del esquema de saturaci\u00f3n policial y el agravamiento de la crisis humanitaria en las comisar\u00edas.<\/p>\n<p style=\"text-align: justify;\">Despliegue policial en el territorio que, durante la mayor parte del 2020, estuvo marcado por la pandemia y las medidas excepciones que limitaron la libertad ambulatoria. El control del ASPO, en particular la aplicaci\u00f3n del art\u00edculo 205 del C\u00f3digo Penal, se convirti\u00f3 en el principal motivo de captaci\u00f3n de las fuerzas policiales. Otra figura discrecional para justificar el control territorial rutinario y las aprehensiones.<\/p>\n<p style=\"text-align: justify;\">A su vez, las denuncias de torturas y malos tratos vinculadas al desempe\u00f1o policial con motivo del control del ASPO, la extensi\u00f3n territorial y similitud de estas pr\u00e1cticas, y la difusi\u00f3n de im\u00e1genes por los propios polic\u00edas dan cuenta de ciertos rasgos de sistematicidad que tuvo el despliegue policial durante la pandemia.<\/p>\n<p style=\"text-align: justify;\"><strong>Uso letal de la fuerza<\/strong><\/p>\n<p style=\"text-align: justify;\">El impacto simb\u00f3lico de la \u201cdoctrina Chocobar\u201d se materializ\u00f3 en decisiones que explicitaron una pol\u00edtica de promoci\u00f3n del uso de las armas de fuego por parte de los y las agentes. Entre 2016 y 2020, la CPM registr\u00f3 618 muertes por uso letal de la fuerza.<\/p>\n<p style=\"text-align: justify;\">En 2020 se registraron 123 casos, 21 menos que en 2019. Sin embargo, se mantiene el promedio global del periodo: 123,6 casos por a\u00f1o. Asimismo, es relevante incorporar al an\u00e1lisis que, durante el ASPO, disminuyeron las denuncias de il\u00edcitos; elemento que debe considerarse porque la mayor\u00eda de las muertes producidas por polic\u00edas se generan en circunstancias en las que, supuestamente, son v\u00edctimas de robo.<\/p>\n<p style=\"text-align: justify;\">En el periodo 2016-2020, la intervenci\u00f3n de las fuerzas policiales en territorio bonaerense produjo una muerte cada tres d\u00edas.\u00a0En la mayor\u00eda de los casos la muerte se produjo para defender bienes materiales y cuando los polic\u00edas se encontraban en actividad pero fuera de servicio.<\/p>\n<p style=\"text-align: justify;\">El dato m\u00e1s grave de la letalidad policial, porque da cuenta de la utilizaci\u00f3n desmedida, sin relaci\u00f3n a la amenaza planteada, irracional e ilegal: S\u00f3lo el 1% de las intervenciones fueron en circunstancias en las que estaba en riesgo la vida de otras personas.<\/p>\n<p style=\"text-align: justify;\">Durante este mismo periodo se registraron 22 femicidios policiales. Ese n\u00famero representa casi la mitad de las de las v\u00edctimas mujeres por uso letal de la fuerza (45).<\/p>\n<p style=\"text-align: justify;\"><strong>Violaci\u00f3n de derechos humanos en comisar\u00edas<\/strong><\/p>\n<p style=\"text-align: justify;\">Las medidas tomadas por la gesti\u00f3n iniciada en diciembre de 2019 profundizaron las pol\u00edticas que generaron el colapso en dependencias policiales.<\/p>\n<p style=\"text-align: justify;\">El promedio anual de las personas detenidas en 2020 fue de 4.849, mientras que el promedio anual para 2019 fue de 3.675. En noviembre de 2020 fue el peor momento: 5.661 detenidos en 1.265 plazas, lo que represent\u00f3 una tasa de sobrepoblaci\u00f3n del 347%, la m\u00e1s alta en 15 a\u00f1os.<\/p>\n<p style=\"text-align: justify;\">El otro rasgo de ilegalidad que se mantiene sin cambios es la permanencia de personas detenidas en comisar\u00edas clausuradas. A diciembre de 2020 se informaron 304 comisar\u00edas ocupadas, de las cuales el 43% (131) se encontraban inhabilitadas (por orden ministerial o judicial) para alojar personas. Sin embargo, en esta condici\u00f3n alojaban al 36% del total de personas detenidas.<\/p>\n<p style=\"text-align: justify;\">Durante el periodo 2016-2020 fueron 104 las personas fallecidas. De este total, 18 murieron durante el 2020 y cinco de las v\u00edctimas se encontraban alojados en dependencias clausuradas<\/p>\n<p style=\"text-align: justify;\"><strong>Ineficacia de los controles internos y externos<\/strong><\/p>\n<p style=\"text-align: justify;\">Desde el 2015 est\u00e1n vigentes las medidas cautelares de la CIDH por la situaci\u00f3n en comisar\u00edas bonaerenses; el a\u00f1o pasado se cre\u00f3 una mesa de seguimiento para fijas pautas y medidas concretas que permitieran encauzar el cumplimiento del Estado. Sin embargo, no se lograron avances concretos y fue notoria la falta de disposici\u00f3n del Ministerio de Seguridad que no particip\u00f3 de la mayor\u00eda de las reuniones y cuando lo hizo fue con funcionarios sin poder para tomar decisiones. La misma actitud tuvo la Procuraci\u00f3n General y la Corte Bonaerense.<\/p>\n<p style=\"text-align: justify;\">En ese escenario, las comisar\u00edas cauteladas no s\u00f3lo continuaron alojando personas sino que la poblaci\u00f3n detenida en dichas dependencias fue en aumento: a diciembre de 2020, 19 de las 21 comisar\u00edas cauteladas alojaban personas detenidas.<\/p>\n<p style=\"text-align: justify;\">El gobierno provincial tampoco acat\u00f3 la sentencia del Tribunal de Casaci\u00f3n Penal, a ra\u00edz de un habeas corpus presentado por la CPM. En ese marco, los planes presentados por los ministerios de Seguridad y Justicia no representaron m\u00e1s que un compromiso para trasladar personas alojadas en comisar\u00edas cauteladas y clausuradas a la \u00f3rbita del servicio penitenciario. La meta plasmada en el plan dec\u00eda que al 29\/01\/2021 estar\u00edan vac\u00edas, al d\u00eda de hoy no se cumpli\u00f3.<\/p>\n<p style=\"text-align: justify;\">A pesar de reconocer el riesgo de vida y la violaci\u00f3n sistem\u00e1tica de los derechos humanos de las personas detenidas en dependencias policiales, las propuestas para remediarla est\u00e1n lejos de modificar la pol\u00edtica criminal como marco estructural para bajar el \u00edndice de prisionizaci\u00f3n y la cantidad de aprehensiones policiales arbitrarias; por el contrario, se centran en promesas de respuestas paliativas como mejorar las condiciones edilicias y aumentar las plazas.<\/p>\n<\/div><div class=\"fusion-clearfix\"><\/div><\/div><\/div><\/div><\/div><div class=\"fusion-fullwidth fullwidth-box fusion-builder-row-3 fusion-flex-container nonhundred-percent-fullwidth non-hundred-percent-height-scrolling\" style=\"--awb-border-radius-top-left:0px;--awb-border-radius-top-right:0px;--awb-border-radius-bottom-right:0px;--awb-border-radius-bottom-left:0px;--awb-flex-wrap:wrap;\" ><div class=\"fusion-builder-row fusion-row fusion-flex-align-items-flex-start fusion-flex-content-wrap\" style=\"max-width:83.2%;margin-left: calc(-4% \/ 2 );margin-right: calc(-4% \/ 2 );\"><div class=\"fusion-layout-column fusion_builder_column fusion-builder-column-3 fusion_builder_column_1_1 1_1 fusion-flex-column\" style=\"--awb-bg-size:cover;--awb-width-large:100%;--awb-margin-top-large:20px;--awb-spacing-right-large:1.92%;--awb-margin-bottom-large:20px;--awb-spacing-left-large:1.92%;--awb-width-medium:100%;--awb-order-medium:0;--awb-spacing-right-medium:1.92%;--awb-spacing-left-medium:1.92%;--awb-width-small:100%;--awb-order-small:0;--awb-spacing-right-small:1.92%;--awb-spacing-left-small:1.92%;\"><div class=\"fusion-column-wrapper fusion-column-has-shadow fusion-flex-justify-content-flex-start fusion-content-layout-column\"><div class=\"fusion-text fusion-text-4\">\n<\/div><\/div><\/div><\/div><\/div><\/p>\n","protected":false},"excerpt":{"rendered":"","protected":false},"author":32,"featured_media":0,"parent":0,"menu_order":0,"comment_status":"closed","ping_status":"closed","template":"100-width.php","meta":{"footnotes":""},"class_list":["post-2523","page","type-page","status-publish","hentry"],"_links":{"self":[{"href":"https:\/\/www.comisionporlamemoria.org\/informeanual2021\/wp-json\/wp\/v2\/pages\/2523","targetHints":{"allow":["GET"]}}],"collection":[{"href":"https:\/\/www.comisionporlamemoria.org\/informeanual2021\/wp-json\/wp\/v2\/pages"}],"about":[{"href":"https:\/\/www.comisionporlamemoria.org\/informeanual2021\/wp-json\/wp\/v2\/types\/page"}],"author":[{"embeddable":true,"href":"https:\/\/www.comisionporlamemoria.org\/informeanual2021\/wp-json\/wp\/v2\/users\/32"}],"replies":[{"embeddable":true,"href":"https:\/\/www.comisionporlamemoria.org\/informeanual2021\/wp-json\/wp\/v2\/comments?post=2523"}],"version-history":[{"count":0,"href":"https:\/\/www.comisionporlamemoria.org\/informeanual2021\/wp-json\/wp\/v2\/pages\/2523\/revisions"}],"wp:attachment":[{"href":"https:\/\/www.comisionporlamemoria.org\/informeanual2021\/wp-json\/wp\/v2\/media?parent=2523"}],"curies":[{"name":"wp","href":"https:\/\/api.w.org\/{rel}","templated":true}]}}