{"id":2545,"date":"2021-07-21T11:15:16","date_gmt":"2021-07-21T11:15:16","guid":{"rendered":"https:\/\/www.comisionporlamemoria.org\/informeanual2021\/?page_id=2545"},"modified":"2021-07-21T11:15:16","modified_gmt":"2021-07-21T11:15:16","slug":"seccion-politicas-de-justicia","status":"publish","type":"page","link":"https:\/\/www.comisionporlamemoria.org\/informeanual2021\/seccion-politicas-de-justicia\/","title":{"rendered":"Secci\u00f3n Pol\u00edticas de justicia"},"content":{"rendered":"<p><div id=\"fusion-scroll-section-1\" class=\"fusion-scroll-section fusion-scroll-section\" data-section=\"1\" data-animation=\"fade\" data-speed=\"800\" ><div class=\"fusion-scroll-section-element active\" data-section=\"1\" data-element=\"1\" style=\"transition-duration:200ms;&quot;\" ><div class=\"fusion-fullwidth fullwidth-box fusion-builder-row-1 hundred-percent-fullwidth hundred-percent-height hundred-percent-height-center-content hundred-percent-height-scrolling fusion-equal-height-columns\" style=\"--awb-border-radius-top-left:0px;--awb-border-radius-top-right:0px;--awb-border-radius-bottom-right:0px;--awb-border-radius-bottom-left:0px;--awb-padding-top:0px;--awb-padding-right:0px;--awb-padding-bottom:0px;--awb-padding-left:0px;--awb-flex-wrap:wrap;\" ><div class=\"fusion-fullwidth-center-content\"><div class=\"fusion-builder-row fusion-row\"><div class=\"fusion-layout-column fusion_builder_column fusion-builder-column-0 fusion_builder_column_1_1 1_1 fusion-one-full fusion-column-first fusion-column-last fusion-no-small-visibility fusion-no-medium-visibility fusion-animated\" style=\"--awb-padding-top:20%;--awb-padding-right:12%;--awb-padding-bottom:18%;--awb-padding-left:12%;--awb-bg-size:cover;--awb-margin-top:0px;--awb-margin-bottom:0px;\" data-animationType=\"fadeIn\" data-animationDuration=\"0.8\" data-animationOffset=\"top-into-view\"><div class=\"fusion-column-wrapper fusion-column-has-shadow fusion-flex-column-wrapper-legacy\"><div class=\"fusion-column-content-centered\"><div class=\"fusion-column-content\"><div class=\"fusion-text fusion-text-1 fusion-animated\" style=\"--awb-font-size:20px;\" data-animationType=\"fadeInLeft\" data-animationDuration=\"0.7\" data-animationOffset=\"top-into-view\"><p style=\"text-align: center;\">El sistema de la crueldad XV<\/p>\n<\/div><div class=\"fusion-sep-clear\"><\/div><div class=\"fusion-separator\" style=\"margin-left: auto;margin-right: auto;margin-bottom:10%;width:100%;max-width:50%;\"><div class=\"fusion-separator-border sep-single sep-solid\" style=\"--awb-height:20px;--awb-amount:20px;border-color:#d1d1d1;border-top-width:1px;\"><\/div><\/div><div class=\"fusion-sep-clear\"><\/div><div class=\"fusion-title title fusion-title-1 fusion-sep-none fusion-title-center fusion-title-text fusion-title-size-two\" style=\"--awb-margin-top-small:0px;--awb-margin-right-small:0px;--awb-margin-bottom-small:20px;--awb-margin-left-small:0px;--awb-font-size:50px;\"><h2 class=\"fusion-title-heading title-heading-center fusion-responsive-typography-calculated\" style=\"margin:0;font-size:1em;--fontSize:50;line-height:1.28;\">Pol\u00edticas de justicia<\/h2><\/div><div class=\"fusion-sep-clear\"><\/div><div class=\"fusion-separator fusion-full-width-sep\" style=\"margin-left: auto;margin-right: auto;margin-bottom:10%;width:100%;\"><\/div><div class=\"fusion-sep-clear\"><\/div><div class=\"fusion-button-wrapper fusion-aligncenter\"><a class=\"fusion-button button-flat fusion-button-default-size button-custom fusion-button-default button-1 fusion-button-default-span fusion-button-default-type\" style=\"--button_accent_color:#181818;--button_border_color:#181818;--button_accent_hover_color:#181818;--button_border_hover_color:#ffffff;--button_gradient_top_color:rgba(255,255,255,0);--button_gradient_bottom_color:rgba(255,255,255,0);--button_gradient_top_color_hover:#ffffff;--button_gradient_bottom_color_hover:#ffffff;\" target=\"_blank\" rel=\"noopener noreferrer\" href=\"https:\/\/www.comisionporlamemoria.org\/archivos\/cct\/informesanuales\/informe2021\/7_seccion_politicas_de_justicia.pdf\"><span class=\"fusion-button-text awb-button__text awb-button__text--default\">Descargar introducci\u00f3n completa en PDF<\/span><i class=\"fa-download fas awb-button__icon awb-button__icon--default button-icon-right\" aria-hidden=\"true\"><\/i><\/a><\/div><\/div><\/div><div class=\"fusion-clearfix\"><\/div><\/div><\/div><div class=\"fusion-layout-column fusion_builder_column fusion-builder-column-1 fusion_builder_column_1_1 1_1 fusion-one-full fusion-column-first fusion-column-last fusion-no-large-visibility\" style=\"--awb-padding-top:8%;--awb-padding-bottom:8%;--awb-bg-size:cover;--awb-margin-top:0px;--awb-margin-bottom:0px;\"><div class=\"fusion-column-wrapper fusion-column-has-shadow fusion-flex-column-wrapper-legacy\"><div class=\"fusion-column-content-centered\"><div class=\"fusion-column-content\"><div class=\"fusion-text fusion-text-2\"><p style=\"text-align: center;\">Sistema de la crueldad XV<\/p>\n<\/div><div class=\"fusion-sep-clear\"><\/div><div class=\"fusion-separator\" style=\"margin-left: auto;margin-right: auto;margin-bottom:8%;width:100%;max-width:50%;\"><div class=\"fusion-separator-border sep-single sep-solid\" style=\"--awb-height:20px;--awb-amount:20px;border-color:#d1d1d1;border-top-width:1px;\"><\/div><\/div><div class=\"fusion-sep-clear\"><\/div><div class=\"fusion-title title fusion-title-2 fusion-sep-none fusion-title-center fusion-title-text fusion-title-size-one\" style=\"--awb-margin-bottom:10%;--awb-margin-top-small:0px;--awb-margin-right-small:0px;--awb-margin-bottom-small:20px;--awb-margin-left-small:0px;--awb-font-size:50px;\"><h1 class=\"fusion-title-heading title-heading-center fusion-responsive-typography-calculated\" style=\"margin:0;font-size:1em;--fontSize:50;line-height:1.2;\">Pol\u00edticas de justicia<\/h1><\/div><div class=\"fusion-sep-clear\"><\/div><div class=\"fusion-separator fusion-full-width-sep\" style=\"margin-left: auto;margin-right: auto;margin-bottom:4%;width:100%;\"><\/div><div class=\"fusion-sep-clear\"><\/div><div class=\"fusion-button-wrapper fusion-aligncenter\"><a class=\"fusion-button button-flat fusion-button-default-size button-custom fusion-button-default button-2 fusion-button-default-span fusion-button-default-type fusion-animated\" style=\"--button_accent_color:#181818;--button_border_color:#181818;--button_accent_hover_color:#181818;--button_border_hover_color:#ffffff;--button_gradient_top_color:rgba(255,255,255,0);--button_gradient_bottom_color:rgba(255,255,255,0);--button_gradient_top_color_hover:#ffffff;--button_gradient_bottom_color_hover:#ffffff;\" data-animationType=\"fadeInLeft\" data-animationDuration=\"0.3\" data-animationOffset=\"top-into-view\" target=\"_blank\" rel=\"noopener noreferrer\" href=\"https:\/\/www.comisionporlamemoria.org\/archivos\/cct\/informesanuales\/informe2021\/7_seccion_politicas_de_justicia.pdf\"><span class=\"fusion-button-text awb-button__text awb-button__text--default\">Descargar introducci\u00f3n completa en PDF<\/span><i class=\"fa-download fas awb-button__icon awb-button__icon--default button-icon-right\" aria-hidden=\"true\"><\/i><\/a><\/div><\/div><\/div><div class=\"fusion-clearfix\"><\/div><\/div><\/div><\/div><\/div><\/div><\/div><nav id=\"fusion-scroll-section-nav-1\" class=\"fusion-scroll-section-nav scroll-navigation-right\" data-section=\"1\" ><ul><li><a href=\"#fusion-scroll-section-element-1-1\" class=\"fusion-scroll-section-link\" data-name=\"Cabecera\" data-element=\"1\"><span class=\"fusion-scroll-section-link-bullet\"><\/span><\/a><\/li><\/ul><\/nav><\/div><div class=\"fusion-fullwidth fullwidth-box fusion-builder-row-2 nonhundred-percent-fullwidth non-hundred-percent-height-scrolling\" style=\"--awb-border-radius-top-left:0px;--awb-border-radius-top-right:0px;--awb-border-radius-bottom-right:0px;--awb-border-radius-bottom-left:0px;--awb-margin-top:5%;--awb-margin-bottom:2%;--awb-flex-wrap:wrap;\" ><div class=\"fusion-builder-row fusion-row\"><div class=\"fusion-layout-column fusion_builder_column fusion-builder-column-2 fusion_builder_column_1_1 1_1 fusion-one-full fusion-column-first fusion-column-last\" style=\"--awb-padding-top:2%;--awb-padding-right:2%;--awb-padding-bottom:2%;--awb-padding-left:2%;--awb-bg-size:cover;--awb-border-color:#181818;--awb-border-top:2px;--awb-border-right:2px;--awb-border-bottom:2px;--awb-border-left:2px;--awb-border-style:solid;\"><div class=\"fusion-column-wrapper fusion-column-has-shadow fusion-flex-column-wrapper-legacy\"><div class=\"fusion-title title fusion-title-3 fusion-sep-none fusion-title-text fusion-title-size-five\" style=\"--awb-margin-top-small:0px;--awb-margin-right-small:0px;--awb-margin-bottom-small:20px;--awb-margin-left-small:0px;\"><h5 class=\"fusion-title-heading title-heading-left fusion-responsive-typography-calculated\" style=\"margin:0;--fontSize:20;--minFontSize:20;line-height:1.5;\">SOBRE ESTA SECCI\u00d3N<\/h5><\/div><div class=\"fusion-text fusion-text-3 fusion-animated\" data-animationType=\"fadeInLeft\" data-animationDuration=\"0.3\" data-animationOffset=\"top-into-view\"><p style=\"text-align: justify;\"><strong>Pol\u00edticas de justicia<\/strong><\/p>\n<p style=\"text-align: justify;\">La aguda crisis institucional del sistema de justicia nacional y provincial requiere de cambios, entre otros asuntos, en los mecanismos de selecci\u00f3n y designaci\u00f3n de los jueces y funcionarios judiciales, su remoci\u00f3n, y mecanismos disciplinarios e instancias parlamentarias de seguimiento del funcionamiento judicial.<\/p>\n<p style=\"text-align: justify;\">La CPM ha realizado una serie de presentaciones ante la Corte bonaerense respecto de diferentes casos que sugieren el funcionamiento irregular y arbitrario en algunas jurisdicciones del Ministerio P\u00fablico Fiscal: pr\u00e1cticas de hostigamiento en perjuicio de jueces independientes, la posible injerencia ilegal de agentes de inteligencia en causas instruidas en jurisdicci\u00f3n provincial y el armado de causas, entre otros hechos de evidente gravedad institucional.<\/p>\n<p style=\"text-align: justify;\">Otro elemento central a la hora de discutir una transformaci\u00f3n urgente de la justicia es la necesidad de incorporar la perspectiva de g\u00e9nero a la labor jurisdiccional. Es sabido que las normas y leyes reproducen estereotipos machistas y discriminatorios, pero estos estereotipos provienen generalmente de las interpretaciones de quienes imparten justicia y las constituyen en sentencias. La perspectiva de g\u00e9nero implica cumplir la obligaci\u00f3n constitucional y convencional de hacer realidad el derecho a la igualdad, remediando relaciones asim\u00e9tricas de poder y situaciones estructurales de desigualdad, y visibilizando estereotipos discriminatorios de g\u00e9nero en la producci\u00f3n e interpretaci\u00f3n normativa y en la valoraci\u00f3n de hechos y pruebas.<\/p>\n<p style=\"text-align: justify;\">El otro elemento, que nos ocupa muy particularmente en calidad de Mecanismo Local de Prevenci\u00f3n de la Tortura, es el deficiente y, en muchos casos, c\u00f3mplice funcionamiento de la justicia en las casusas de violencia institucional.<\/p>\n<p style=\"text-align: justify;\">Para ello no ayuda la lenta y deficiente implementaci\u00f3n de la ley provincial 14.687 de violencia institucional, promulgada en 2015, que busc\u00f3 crear agencias especializadas para la investigaci\u00f3n y condena de estos delitos. Al d\u00eda de hoy, s\u00f3lo existen 8 dependencias judiciales dedicadas a esta especialidad.<\/p>\n<p style=\"text-align: justify;\">De acuerdo a los informes del Registro de Violencia Institucional, entre 2014 y el primer semestre de 2020 se iniciaron 27.136 causas por presuntos delitos enmarcados en la mencionada ley. Estas 27 mil causas representan apenas el 0,5% del total de causas iniciadas en el fuero criminal correccional.<\/p>\n<p style=\"text-align: justify;\">De esas 27 mil, 9.358 causas corresponde al periodo entre 2018 y primer semestre del 2020: en menos de la mitad los autores fueron sindicados (43%) y apenas 253 (3%) fueron imputados formalmente. \u00bfC\u00f3mo finalizan las causas de violencia institucional? De cada diez causas finalizadas en el per\u00edodo 2018-2020, nueve se resolvieron mediante el archivo (62%) o la desestimaci\u00f3n (28%). S\u00f3lo el 2% fueron elevadas a juicio oral.<\/p>\n<p style=\"text-align: justify;\">Otra porci\u00f3n de hechos ni siquiera llegan a investigarse bajo ese marco legal, como es el caso de las muertes producidas por agentes policiales en territorio provincial: entre 2018 y 2019 la CPM relev\u00f3 264 casos y el Ministerio P\u00fablico Fiscal s\u00f3lo registr\u00f3 29 car\u00e1tulas de \u201chomicidio agravado por ser miembro de fuerza de seguridad\u201d.<\/p>\n<p style=\"text-align: justify;\">Entre 2018 y el primer semestre de 2020, s\u00f3lo se investigaron 14 delitos de tortura, una pr\u00e1ctica sistem\u00e1tica y expandida en todos los lugares de encierro. Por el contrario, dos de cada tres causas se caratularon como severidades, vejaciones y\/o apremios ilegales, abuso de autoridad o incumplimiento de los deberes de funcionario p\u00fablico, delitos que prev\u00e9n penas comparativamente menores.<\/p>\n<p style=\"text-align: justify;\"><strong>Litigio colectivo<\/strong><\/p>\n<p style=\"text-align: justify;\">Durante 2020 la CPM present\u00f3 120 acciones colectivas por agravamiento de las condiciones de detenci\u00f3n en c\u00e1rceles, comisar\u00edas y alcald\u00edas. En un a\u00f1o atravesado por la pandemia, el impacto en los lugares de encierro puso de relieve nuevamente un sistema de encarcelamientos que sostiene estructuralmente la tortura y los malos tratos, vulnerando todos los derechos humanos de las personas detenidas. En definitiva, las malas condiciones preexistentes continuaron y el contexto de la pandemia agrav\u00f3 vulneraciones previas.<\/p>\n<p style=\"text-align: justify;\">La CPM ha sido pionera en el \u00e1mbito local en la promoci\u00f3n de procesos constitucionales de alcance colectivo. Estos han sido reconocidos por la misma Corte bonaerense. El proceso colectivo satisface de mejor manera la garant\u00eda constitucional de acceso a la justicia, removiendo obst\u00e1culos econ\u00f3micos (muchas personas no tienen acceso a la justicia en virtud de su situaci\u00f3n de pobreza), organizativos (el grupo es tan numeroso que resulta impracticable llevarlos a todos a juicio) y procesales (los procedimientos tradicionales son ineficaces para encauzar estos intereses).<\/p>\n<p style=\"text-align: justify;\">La pr\u00e1ctica judicial monitoreada por la CPM da cuenta de que, luego de dictadas las sentencias en los procesos de h\u00e1beas corpus colectivos, en la mayor\u00eda de los casos los expedientes son archivados en forma autom\u00e1tica sin controlar el cumplimiento de la sentencia y denegando los pedidos de ejecuci\u00f3n. De este modo, ante planteos de incumplimiento o denuncia de nuevos hechos, se inician nuevos expedientes ante juzgados o tribunales diferentes, lo que favorece la proliferaci\u00f3n de litigios y el consiguiente dispendio de actividad jurisdiccional y de recursos.<\/p>\n<p style=\"text-align: justify;\">Ser\u00eda deseable que el Poder Legislativo y la SCJBA modificaran el sistema de registro de procesos colectivos incluyendo al h\u00e1beas corpus colectivo en el que se ventilen pretensiones que involucren derechos de personas detenidas. Ello es relevante en sistemas legales donde ha proliferado el derecho declarativo, pero no hay una decisi\u00f3n concreta de implementaci\u00f3n.<\/p>\n<p style=\"text-align: justify;\">Esto \u00faltimo se manifest\u00f3 durante 2020, cuando la SCJBA, en interpretaci\u00f3n regresiva de su doctrina legal primigenia, desconoci\u00f3 el car\u00e1cter colectivo del planteo ventilado en el \u00abfallo Violini\u00bb. En vez de procesar el conflicto como colectivo, delineando en un \u00fanico pronunciamiento los postulados b\u00e1sicos a tener en cuenta para resolver los innumerables planteos que le fueran presentados, oblig\u00f3 a las casi 50.000 personas privadas de su libertad a litigar en forma individual con las consecuencias que ello represent\u00f3 para un sistema de administraci\u00f3n de justicia en crisis, evidentemente saturado.<\/p>\n<\/div><div class=\"fusion-clearfix\"><\/div><\/div><\/div><\/div><\/div><div class=\"fusion-fullwidth fullwidth-box fusion-builder-row-3 fusion-flex-container nonhundred-percent-fullwidth non-hundred-percent-height-scrolling\" style=\"--awb-border-radius-top-left:0px;--awb-border-radius-top-right:0px;--awb-border-radius-bottom-right:0px;--awb-border-radius-bottom-left:0px;--awb-flex-wrap:wrap;\" ><div class=\"fusion-builder-row fusion-row fusion-flex-align-items-flex-start fusion-flex-content-wrap\" style=\"max-width:83.2%;margin-left: calc(-4% \/ 2 );margin-right: calc(-4% \/ 2 );\"><div class=\"fusion-layout-column fusion_builder_column fusion-builder-column-3 fusion_builder_column_1_1 1_1 fusion-flex-column\" style=\"--awb-bg-size:cover;--awb-width-large:100%;--awb-margin-top-large:20px;--awb-spacing-right-large:1.92%;--awb-margin-bottom-large:20px;--awb-spacing-left-large:1.92%;--awb-width-medium:100%;--awb-order-medium:0;--awb-spacing-right-medium:1.92%;--awb-spacing-left-medium:1.92%;--awb-width-small:100%;--awb-order-small:0;--awb-spacing-right-small:1.92%;--awb-spacing-left-small:1.92%;\"><div class=\"fusion-column-wrapper fusion-column-has-shadow fusion-flex-justify-content-flex-start fusion-content-layout-column\"><div class=\"fusion-text fusion-text-4\">\n<\/div><\/div><\/div><\/div><\/div><\/p>\n","protected":false},"excerpt":{"rendered":"","protected":false},"author":32,"featured_media":0,"parent":0,"menu_order":0,"comment_status":"closed","ping_status":"closed","template":"100-width.php","meta":{"footnotes":""},"class_list":["post-2545","page","type-page","status-publish","hentry"],"_links":{"self":[{"href":"https:\/\/www.comisionporlamemoria.org\/informeanual2021\/wp-json\/wp\/v2\/pages\/2545","targetHints":{"allow":["GET"]}}],"collection":[{"href":"https:\/\/www.comisionporlamemoria.org\/informeanual2021\/wp-json\/wp\/v2\/pages"}],"about":[{"href":"https:\/\/www.comisionporlamemoria.org\/informeanual2021\/wp-json\/wp\/v2\/types\/page"}],"author":[{"embeddable":true,"href":"https:\/\/www.comisionporlamemoria.org\/informeanual2021\/wp-json\/wp\/v2\/users\/32"}],"replies":[{"embeddable":true,"href":"https:\/\/www.comisionporlamemoria.org\/informeanual2021\/wp-json\/wp\/v2\/comments?post=2545"}],"version-history":[{"count":0,"href":"https:\/\/www.comisionporlamemoria.org\/informeanual2021\/wp-json\/wp\/v2\/pages\/2545\/revisions"}],"wp:attachment":[{"href":"https:\/\/www.comisionporlamemoria.org\/informeanual2021\/wp-json\/wp\/v2\/media?parent=2545"}],"curies":[{"name":"wp","href":"https:\/\/api.w.org\/{rel}","templated":true}]}}