{"id":2545,"date":"2021-07-21T11:15:16","date_gmt":"2021-07-21T11:15:16","guid":{"rendered":"https:\/\/www.comisionporlamemoria.org\/informeanual2022\/?page_id=2545"},"modified":"2022-08-16T14:15:15","modified_gmt":"2022-08-16T14:15:15","slug":"seccion-politicas-de-justicia","status":"publish","type":"page","link":"https:\/\/www.comisionporlamemoria.org\/informeanual2022\/seccion-politicas-de-justicia\/","title":{"rendered":"Secci\u00f3n Pol\u00edticas de justicia"},"content":{"rendered":"<p><div id=\"fusion-scroll-section-1\" class=\"fusion-scroll-section fusion-scroll-section\" data-section=\"1\" data-animation=\"fade\" data-speed=\"800\" ><div class=\"fusion-scroll-section-element active\" data-section=\"1\" data-element=\"1\" style=\"transition-duration:200ms;&quot;\" ><div class=\"fusion-fullwidth fullwidth-box fusion-builder-row-1 hundred-percent-fullwidth hundred-percent-height hundred-percent-height-center-content hundred-percent-height-scrolling fusion-equal-height-columns\" style=\"--awb-border-radius-top-left:0px;--awb-border-radius-top-right:0px;--awb-border-radius-bottom-right:0px;--awb-border-radius-bottom-left:0px;--awb-padding-top:0px;--awb-padding-right:0px;--awb-padding-bottom:0px;--awb-padding-left:0px;--awb-flex-wrap:wrap;\" ><div class=\"fusion-fullwidth-center-content\"><div class=\"fusion-builder-row fusion-row\"><div class=\"fusion-layout-column fusion_builder_column fusion-builder-column-0 fusion_builder_column_1_1 1_1 fusion-one-full fusion-column-first fusion-column-last fusion-no-small-visibility fusion-no-medium-visibility fusion-animated\" style=\"--awb-padding-top:20%;--awb-padding-right:12%;--awb-padding-bottom:18%;--awb-padding-left:12%;--awb-bg-size:cover;--awb-margin-top:0px;--awb-margin-bottom:0px;\" data-animationType=\"fadeIn\" data-animationDuration=\"0.8\" data-animationOffset=\"top-into-view\"><div class=\"fusion-column-wrapper fusion-column-has-shadow fusion-flex-column-wrapper-legacy\"><div class=\"fusion-column-content-centered\"><div class=\"fusion-column-content\"><div class=\"fusion-text fusion-text-1 fusion-animated\" style=\"--awb-font-size:20px;\" data-animationType=\"fadeInLeft\" data-animationDuration=\"0.7\" data-animationOffset=\"top-into-view\"><p style=\"text-align: center;\">El sistema de la crueldad XVI<\/p>\n<\/div><div class=\"fusion-sep-clear\"><\/div><div class=\"fusion-separator\" style=\"margin-left: auto;margin-right: auto;margin-bottom:10%;width:100%;max-width:50%;\"><div class=\"fusion-separator-border sep-single sep-solid\" style=\"--awb-height:20px;--awb-amount:20px;border-color:#d1d1d1;border-top-width:1px;\"><\/div><\/div><div class=\"fusion-sep-clear\"><\/div><div class=\"fusion-title title fusion-title-1 fusion-sep-none fusion-title-center fusion-title-text fusion-title-size-two\" style=\"--awb-margin-top-small:0px;--awb-margin-right-small:0px;--awb-margin-bottom-small:20px;--awb-margin-left-small:0px;--awb-font-size:50px;\"><h2 class=\"fusion-title-heading title-heading-center fusion-responsive-typography-calculated\" style=\"margin:0;font-size:1em;--fontSize:50;line-height:1.28;\">Pol\u00edticas de justicia<\/h2><\/div><div class=\"fusion-sep-clear\"><\/div><div class=\"fusion-separator fusion-full-width-sep\" style=\"margin-left: auto;margin-right: auto;margin-bottom:10%;width:100%;\"><\/div><div class=\"fusion-sep-clear\"><\/div><div class=\"fusion-button-wrapper fusion-aligncenter\"><a class=\"fusion-button button-flat fusion-button-default-size button-custom fusion-button-default button-1 fusion-button-default-span fusion-button-default-type\" style=\"--button_accent_color:#181818;--button_border_color:#181818;--button_accent_hover_color:#181818;--button_border_hover_color:#ffffff;--button_gradient_top_color:rgba(255,255,255,0);--button_gradient_bottom_color:rgba(255,255,255,0);--button_gradient_top_color_hover:#ffffff;--button_gradient_bottom_color_hover:#ffffff;\" target=\"_blank\" rel=\"noopener noreferrer\" href=\"https:\/\/www.comisionporlamemoria.org\/informeanual2022\/wp-content\/uploads\/sites\/16\/sites\/38\/2022\/08\/Informe-2022_justicia.pdf\"><span class=\"fusion-button-text awb-button__text awb-button__text--default\">Descargar secci\u00f3n completa en PDF<\/span><i class=\"fa-download fas awb-button__icon awb-button__icon--default button-icon-right\" aria-hidden=\"true\"><\/i><\/a><\/div><\/div><\/div><div class=\"fusion-clearfix\"><\/div><\/div><\/div><div class=\"fusion-layout-column fusion_builder_column fusion-builder-column-1 fusion_builder_column_1_1 1_1 fusion-one-full fusion-column-first fusion-column-last fusion-no-large-visibility\" style=\"--awb-padding-top:8%;--awb-padding-bottom:8%;--awb-bg-size:cover;--awb-margin-top:0px;--awb-margin-bottom:0px;\"><div class=\"fusion-column-wrapper fusion-column-has-shadow fusion-flex-column-wrapper-legacy\"><div class=\"fusion-column-content-centered\"><div class=\"fusion-column-content\"><div class=\"fusion-text fusion-text-2\"><p style=\"text-align: center;\">Sistema de la crueldad XVI<\/p>\n<\/div><div class=\"fusion-sep-clear\"><\/div><div class=\"fusion-separator\" style=\"margin-left: auto;margin-right: auto;margin-bottom:8%;width:100%;max-width:50%;\"><div class=\"fusion-separator-border sep-single sep-solid\" style=\"--awb-height:20px;--awb-amount:20px;border-color:#d1d1d1;border-top-width:1px;\"><\/div><\/div><div class=\"fusion-sep-clear\"><\/div><div class=\"fusion-title title fusion-title-2 fusion-sep-none fusion-title-center fusion-title-text fusion-title-size-one\" style=\"--awb-margin-bottom:10%;--awb-margin-top-small:0px;--awb-margin-right-small:0px;--awb-margin-bottom-small:20px;--awb-margin-left-small:0px;--awb-font-size:50px;\"><h1 class=\"fusion-title-heading title-heading-center fusion-responsive-typography-calculated\" style=\"margin:0;font-size:1em;--fontSize:50;line-height:1.2;\">Pol\u00edticas de justicia<\/h1><\/div><div class=\"fusion-sep-clear\"><\/div><div class=\"fusion-separator fusion-full-width-sep\" style=\"margin-left: auto;margin-right: auto;margin-bottom:4%;width:100%;\"><\/div><div class=\"fusion-sep-clear\"><\/div><div class=\"fusion-button-wrapper fusion-aligncenter\"><a class=\"fusion-button button-flat fusion-button-default-size button-custom fusion-button-default button-2 fusion-button-default-span fusion-button-default-type fusion-animated\" style=\"--button_accent_color:#181818;--button_border_color:#181818;--button_accent_hover_color:#181818;--button_border_hover_color:#ffffff;--button_gradient_top_color:rgba(255,255,255,0);--button_gradient_bottom_color:rgba(255,255,255,0);--button_gradient_top_color_hover:#ffffff;--button_gradient_bottom_color_hover:#ffffff;\" data-animationType=\"fadeInLeft\" data-animationDuration=\"0.3\" data-animationOffset=\"top-into-view\" target=\"_blank\" rel=\"noopener noreferrer\" href=\"https:\/\/www.comisionporlamemoria.org\/informeanual2022\/wp-content\/uploads\/sites\/16\/sites\/38\/2022\/08\/Informe-2022_justicia.pdf\"><span class=\"fusion-button-text awb-button__text awb-button__text--default\">Descargar secci\u00f3n completa en PDF<\/span><i class=\"fa-download fas awb-button__icon awb-button__icon--default button-icon-right\" aria-hidden=\"true\"><\/i><\/a><\/div><\/div><\/div><div class=\"fusion-clearfix\"><\/div><\/div><\/div><\/div><\/div><\/div><\/div><nav id=\"fusion-scroll-section-nav-1\" class=\"fusion-scroll-section-nav scroll-navigation-right\" data-section=\"1\" ><ul><li><a href=\"#fusion-scroll-section-element-1-1\" class=\"fusion-scroll-section-link\" data-name=\"Cabecera\" data-element=\"1\"><span class=\"fusion-scroll-section-link-bullet\"><\/span><\/a><\/li><\/ul><\/nav><\/div><div class=\"fusion-fullwidth fullwidth-box fusion-builder-row-2 nonhundred-percent-fullwidth non-hundred-percent-height-scrolling\" style=\"--awb-border-radius-top-left:0px;--awb-border-radius-top-right:0px;--awb-border-radius-bottom-right:0px;--awb-border-radius-bottom-left:0px;--awb-margin-top:5%;--awb-margin-bottom:2%;--awb-flex-wrap:wrap;\" ><div class=\"fusion-builder-row fusion-row\"><div class=\"fusion-layout-column fusion_builder_column fusion-builder-column-2 fusion_builder_column_1_1 1_1 fusion-one-full fusion-column-first fusion-column-last\" style=\"--awb-padding-top:2%;--awb-padding-right:2%;--awb-padding-bottom:2%;--awb-padding-left:2%;--awb-bg-size:cover;--awb-border-color:#181818;--awb-border-top:2px;--awb-border-right:2px;--awb-border-bottom:2px;--awb-border-left:2px;--awb-border-style:solid;\"><div class=\"fusion-column-wrapper fusion-column-has-shadow fusion-flex-column-wrapper-legacy\"><div class=\"fusion-title title fusion-title-3 fusion-sep-none fusion-title-text fusion-title-size-five\" style=\"--awb-margin-top-small:0px;--awb-margin-right-small:0px;--awb-margin-bottom-small:20px;--awb-margin-left-small:0px;\"><h5 class=\"fusion-title-heading title-heading-left fusion-responsive-typography-calculated\" style=\"margin:0;--fontSize:20;--minFontSize:20;line-height:1.5;\">SOBRE ESTA SECCI\u00d3N<\/h5><\/div><div class=\"fusion-text fusion-text-3 fusion-animated\" data-animationType=\"fadeInLeft\" data-animationDuration=\"0.3\" data-animationOffset=\"top-into-view\"><p style=\"text-align: justify;\"><strong>Pol\u00edticas de justicia<\/strong><\/p>\n<p style=\"text-align: justify;\">El poder judicial no se constituye en un tercero de apelaci\u00f3n que controle la legalidad del accionar estatal y garantice el cumplimiento de derechos. En el sistema penal, se evidencia una cultura judicial autoritaria y elitista, que se manifiesta en la ausencia de respuestas a las violaciones sistem\u00e1ticas de derechos humanos de las personas privadas de su libertad o en la falta de celeridad y de profundidad para investigar los casos de violencia estatal.<\/p>\n<p style=\"text-align: justify;\">La crisis institucional del sistema de justicia nacional y provincial requiere de cambios en los mecanismos de selecci\u00f3n y designaci\u00f3n de jueces y funcionarios judiciales, y mecanismos disciplinarios \u00e1giles y transparentes as\u00ed como instancias parlamentarias de seguimiento del funcionamiento judicial. En la n\u00f3mina de las deudas pendientes persisten el funcionamiento arbitrario e irregular de algunas jurisdicciones del Ministerio P\u00fablico Fiscal y la persecuci\u00f3n a jueces independientes, consolid\u00e1ndose la tendencia a la injerencia ilegal de agentes de inteligencia en causas provinciales y el armado de causas, entre otros. Tambi\u00e9n preocupa la endeble incorporaci\u00f3n de perspectiva de g\u00e9nero, incumpliendo obligaciones constitucionales y convencionales respecto del derecho a la igualdad.<\/p>\n<p style=\"text-align: justify;\">En lo particular, atendiendo al rol de Mecanismo Local de Prevenci\u00f3n de la Tortura de la CPM, se\u00f1alamos que no se constatan avances en la implementaci\u00f3n de la ley provincial 14.687 de violencia institucional ni de la ley 15.005 (reformada por la ley 15.023) de la creaci\u00f3n de la polic\u00eda judicial que asuma la investigaci\u00f3n de las causas.<\/p>\n<p style=\"text-align: justify;\">En este marco, entre 2014 y el primer semestre de 2021, en la provincia de Buenos Aires se iniciaron 30.205 causas por presuntos delitos enmarcados en la Ley 14.687\/14 de violencia institucional, que representan apenas el 0,5% del total de causas iniciadas en el fuero criminal correccional durante ese per\u00edodo, que rondan los 6 millones.<\/p>\n<p style=\"text-align: justify;\">De ese total, 12.737 causas corresponden al periodo entre 2018 y el primer semestre de 2021; en el 68% los presuntos autores de estos delitos pertenecen a fuerzas de seguridad, 29% al SPB y el 3% restante se reparten entre agentes municipales, sanitarios, educativos, judiciales y otros. S\u00f3lo se registran 56 agentes judiciales, entre los casi 13 mil hechos del per\u00edodo (0,4%), dejando entrever que el Poder Judicial no se investiga a s\u00ed mismo.<\/p>\n<p style=\"text-align: justify;\">Asimismo, de los casi 13 mil presuntos autores involucrados, menos de la mitad fueron sindicados y apenas 324 (3%) imputados formalmente en los t\u00e9rminos del art\u00edculo 308 del C\u00f3digo Procesal Penal de la provincia. No se registra ning\u00fan imputado perteneciente a \u00f3rganos judiciales. De cada 10 causas finalizadas en el per\u00edodo 2018-2021, 9 se resolvieron mediante el archivo (62%) o la desestimaci\u00f3n (28%). S\u00f3lo el 2% fueron elevadas a juicio oral.<\/p>\n<p style=\"text-align: justify;\">Otra porci\u00f3n de hechos ni siquiera llegan a ser investigados bajo ese marco legal, como es el caso de las muertes producidas por agentes policiales en territorio provincial: entre 2018-2020 la CPM relev\u00f3 388 casos y el Ministerio P\u00fablico Fiscal s\u00f3lo registr\u00f3 42 car\u00e1tulas de \u201chomicidio agravado por ser miembro de fuerza de seguridad\u201d. En los restantes 346 homicidios producidos por agentes policiales, no se inform\u00f3 c\u00f3mo se caratularon o si fueron investigados.<\/p>\n<p style=\"text-align: justify;\">En segundo t\u00e9rmino, entre 2018 y el primer semestre de 2021 se investig\u00f3 solo el 0,1% de los delitos de \u201ctortura\u201d (23 casos). Por el contrario, 2 de cada 3 causas se caratularon como delitos que prev\u00e9n penas menores.<\/p>\n<p style=\"text-align: justify;\">Las fiscal\u00edas incumplen tambi\u00e9n con la Resoluci\u00f3n 115\/13 de la Procuraci\u00f3n General, la cual establece que por cada fallecimiento ocurrido en una dependencia carcelaria debe iniciarse una investigaci\u00f3n penal y una operaci\u00f3n de autopsia. Sin embargo, de las 462 muertes registradas entre 2018-2020, la Procuraci\u00f3n dej\u00f3 por fuera el 17% de los casos y en los que se inici\u00f3 causa no se garantiz\u00f3 el cumplimiento de las resoluciones y protocolos establecidos para investigarlas.<\/p>\n<p style=\"text-align: justify;\"><strong>Litigio individual y colectivo<\/strong><\/p>\n<p style=\"text-align: justify;\">Durante el 2021, en su car\u00e1cter de Mecanismo Local de Prevenci\u00f3n de la Tortura, la CPM se present\u00f3 como particular damnificado institucional en 7 causas: cuatro por uso letal de la fuerza, el asesinato de Alejandro Mart\u00ednez en la comisar\u00eda de San Clemente del Tuy\u00fa, una por torturas a tres j\u00f3venes en una comisar\u00eda de Tres de Febrero y otra por un allanamiento ilegal en Pergamino.<\/p>\n<p style=\"text-align: justify;\">En el \u00faltimo a\u00f1o, la CPM tambi\u00e9n fue litigante en dos juicios orales que terminaron con las condenas del subdirector del centro cerrado COPA por severidades, vejaciones y apremios ilegales contra cuatro adolescentes y del ex m\u00e9dico policial Jos\u00e9 Daraio por fraguar la autopsia al cuerpo de Sebasti\u00e1n Nicora y ocultar la causa de muerte.<\/p>\n<p style=\"text-align: justify;\">Asimismo, en 2021 la CPM present\u00f3 m\u00e1s de 25.000 acciones judiciales individuales informando agravamientos en las condiciones de detenci\u00f3n y reclamando que se arbitren medidas que los hagan cesar. Tambi\u00e9n se realizaron m\u00e1s de 150 presentaciones judiciales colectivas identificando la acentuaci\u00f3n de la crisis humanitaria que caracteriza al \u00e1mbito de encierro punitivo provincial. Entre ellas, la participaci\u00f3n en la Causa \u201cVerbitsky Horacio s\/h\u00e1beas corpus\u201d o las medidas cautelares para garantizar la vacunaci\u00f3n por el COVID 19 en las dependencias del SPB, alcaid\u00edas y comisar\u00edas de la provincia, lo que oblig\u00f3 al ejecutivo a implementar un plan de vacunaci\u00f3n para personas privadas de su libertad.<\/p>\n<p style=\"text-align: justify;\">Junto al litigio, la CPM adopt\u00f3 como pol\u00edtica la construcci\u00f3n de espacios de elaboraci\u00f3n con las v\u00edctimas que busca contrarrestar la ausencia de pol\u00edticas de acompa\u00f1amiento, contenci\u00f3n y apoyos a nivel estatal. Los vac\u00edos que el sistema judicial muestra en el acompa\u00f1amiento y el abordaje a las v\u00edctimas de violencia estatal constituyen una nueva forma de violencia.<\/p>\n<\/div><div class=\"fusion-clearfix\"><\/div><\/div><\/div><\/div><\/div><div class=\"fusion-fullwidth fullwidth-box fusion-builder-row-3 fusion-flex-container nonhundred-percent-fullwidth non-hundred-percent-height-scrolling\" style=\"--awb-border-radius-top-left:0px;--awb-border-radius-top-right:0px;--awb-border-radius-bottom-right:0px;--awb-border-radius-bottom-left:0px;--awb-flex-wrap:wrap;\" ><div class=\"fusion-builder-row fusion-row fusion-flex-align-items-flex-start fusion-flex-content-wrap\" style=\"max-width:83.2%;margin-left: calc(-4% \/ 2 );margin-right: calc(-4% \/ 2 );\"><div class=\"fusion-layout-column fusion_builder_column fusion-builder-column-3 fusion_builder_column_1_1 1_1 fusion-flex-column\" style=\"--awb-bg-size:cover;--awb-width-large:100%;--awb-margin-top-large:20px;--awb-spacing-right-large:1.92%;--awb-margin-bottom-large:20px;--awb-spacing-left-large:1.92%;--awb-width-medium:100%;--awb-order-medium:0;--awb-spacing-right-medium:1.92%;--awb-spacing-left-medium:1.92%;--awb-width-small:100%;--awb-order-small:0;--awb-spacing-right-small:1.92%;--awb-spacing-left-small:1.92%;\"><div class=\"fusion-column-wrapper fusion-column-has-shadow fusion-flex-justify-content-flex-start fusion-content-layout-column\"><div class=\"fusion-text fusion-text-4\">\n<\/div><\/div><\/div><\/div><\/div><\/p>\n","protected":false},"excerpt":{"rendered":"","protected":false},"author":14,"featured_media":0,"parent":0,"menu_order":0,"comment_status":"closed","ping_status":"closed","template":"100-width.php","meta":{"footnotes":""},"class_list":["post-2545","page","type-page","status-publish","hentry"],"_links":{"self":[{"href":"https:\/\/www.comisionporlamemoria.org\/informeanual2022\/wp-json\/wp\/v2\/pages\/2545","targetHints":{"allow":["GET"]}}],"collection":[{"href":"https:\/\/www.comisionporlamemoria.org\/informeanual2022\/wp-json\/wp\/v2\/pages"}],"about":[{"href":"https:\/\/www.comisionporlamemoria.org\/informeanual2022\/wp-json\/wp\/v2\/types\/page"}],"author":[{"embeddable":true,"href":"https:\/\/www.comisionporlamemoria.org\/informeanual2022\/wp-json\/wp\/v2\/users\/14"}],"replies":[{"embeddable":true,"href":"https:\/\/www.comisionporlamemoria.org\/informeanual2022\/wp-json\/wp\/v2\/comments?post=2545"}],"version-history":[{"count":0,"href":"https:\/\/www.comisionporlamemoria.org\/informeanual2022\/wp-json\/wp\/v2\/pages\/2545\/revisions"}],"wp:attachment":[{"href":"https:\/\/www.comisionporlamemoria.org\/informeanual2022\/wp-json\/wp\/v2\/media?parent=2545"}],"curies":[{"name":"wp","href":"https:\/\/api.w.org\/{rel}","templated":true}]}}