{"id":2537,"date":"2021-07-21T11:06:42","date_gmt":"2021-07-21T11:06:42","guid":{"rendered":"https:\/\/www.comisionporlamemoria.org\/informeanual2023\/?page_id=2537"},"modified":"2023-08-25T15:28:30","modified_gmt":"2023-08-25T18:28:30","slug":"seccion-politicas-de-ninez","status":"publish","type":"page","link":"https:\/\/www.comisionporlamemoria.org\/informeanual2023\/seccion-politicas-de-ninez\/","title":{"rendered":"Secci\u00f3n Pol\u00edticas de Ni\u00f1ez"},"content":{"rendered":"<p><div class=\"fusion-fullwidth fullwidth-box fusion-builder-row-1 has-pattern-background has-mask-background hundred-percent-fullwidth hundred-percent-height hundred-percent-height-center-content non-hundred-percent-height-scrolling fusion-equal-height-columns\" style=\"--awb-border-radius-top-left:0px;--awb-border-radius-top-right:0px;--awb-border-radius-bottom-right:0px;--awb-border-radius-bottom-left:0px;--awb-padding-top:0px;--awb-padding-right:0px;--awb-padding-bottom:0px;--awb-padding-left:0px;--awb-flex-wrap:wrap;\" ><div class=\"fusion-fullwidth-center-content\"><div class=\"fusion-builder-row fusion-row\"><div class=\"fusion-layout-column fusion_builder_column fusion-builder-column-0 fusion_builder_column_1_1 1_1 fusion-one-full fusion-column-first fusion-column-last fusion-no-small-visibility fusion-no-medium-visibility fusion-animated\" style=\"--awb-padding-top:20%;--awb-padding-right:12%;--awb-padding-bottom:18%;--awb-padding-left:12%;--awb-bg-size:cover;--awb-margin-top:0px;--awb-margin-bottom:0px;\" data-animationType=\"fadeIn\" data-animationDuration=\"0.8\" data-animationOffset=\"top-into-view\"><div class=\"fusion-column-wrapper fusion-column-has-shadow fusion-flex-column-wrapper-legacy\"><div class=\"fusion-column-content-centered\"><div class=\"fusion-column-content\"><div class=\"fusion-text fusion-text-1 fusion-animated\" style=\"--awb-font-size:20px;\" data-animationType=\"fadeInLeft\" data-animationDuration=\"0.7\" data-animationOffset=\"top-into-view\"><p style=\"text-align: center;\">El sistema de la crueldad XVII<\/p>\n<\/div><div class=\"fusion-sep-clear\"><\/div><div class=\"fusion-separator\" style=\"margin-left: auto;margin-right: auto;margin-bottom:10%;width:100%;max-width:50%;\"><div class=\"fusion-separator-border sep-single sep-solid\" style=\"--awb-height:20px;--awb-amount:20px;border-color:#d1d1d1;border-top-width:1px;\"><\/div><\/div><div class=\"fusion-sep-clear\"><\/div><div class=\"fusion-title title fusion-title-1 fusion-sep-none fusion-title-center fusion-title-text fusion-title-size-two\" style=\"--awb-margin-top-small:0px;--awb-margin-right-small:0px;--awb-margin-bottom-small:20px;--awb-margin-left-small:0px;--awb-font-size:50px;\"><h2 class=\"fusion-title-heading title-heading-center fusion-responsive-typography-calculated\" style=\"margin:0;font-size:1em;--fontSize:50;line-height:1.28;\">Pol\u00edticas de ni\u00f1ez<\/h2><\/div><div class=\"fusion-sep-clear\"><\/div><div class=\"fusion-separator fusion-full-width-sep\" style=\"margin-left: auto;margin-right: auto;margin-bottom:10%;width:100%;\"><\/div><div class=\"fusion-sep-clear\"><\/div><div class=\"fusion-button-wrapper fusion-aligncenter\"><a class=\"fusion-button button-flat fusion-button-default-size button-custom fusion-button-default button-1 fusion-button-default-span fusion-button-default-type\" style=\"--button_accent_color:#181818;--button_border_color:#181818;--button_accent_hover_color:#181818;--button_border_hover_color:#ffffff;--button_gradient_top_color:rgba(255,255,255,0);--button_gradient_bottom_color:rgba(255,255,255,0);--button_gradient_top_color_hover:#ffffff;--button_gradient_bottom_color_hover:#ffffff;\" target=\"_blank\" rel=\"noopener noreferrer\" href=\"https:\/\/www.comisionporlamemoria.org\/informeanual2023\/wp-content\/uploads\/sites\/16\/sites\/40\/2023\/08\/5-Politicas-de-ninez.pdf\"><span class=\"fusion-button-text awb-button__text awb-button__text--default\">Descargar secci\u00f3n completa en PDF<\/span><i class=\"fa-download fas awb-button__icon awb-button__icon--default button-icon-right\" aria-hidden=\"true\"><\/i><\/a><\/div><\/div><\/div><div class=\"fusion-clearfix\"><\/div><\/div><\/div><div class=\"fusion-layout-column fusion_builder_column fusion-builder-column-1 fusion_builder_column_1_1 1_1 fusion-one-full fusion-column-first fusion-column-last fusion-no-large-visibility\" style=\"--awb-padding-top:8%;--awb-padding-bottom:8%;--awb-bg-size:cover;--awb-margin-top:0px;--awb-margin-bottom:0px;\"><div class=\"fusion-column-wrapper fusion-column-has-shadow fusion-flex-column-wrapper-legacy\"><div class=\"fusion-column-content-centered\"><div class=\"fusion-column-content\"><div class=\"fusion-text fusion-text-2\"><p style=\"text-align: center;\">Sistema de la crueldad XVII<\/p>\n<\/div><div class=\"fusion-sep-clear\"><\/div><div class=\"fusion-separator\" style=\"margin-left: auto;margin-right: auto;margin-bottom:8%;width:100%;max-width:50%;\"><div class=\"fusion-separator-border sep-single sep-solid\" style=\"--awb-height:20px;--awb-amount:20px;border-color:#d1d1d1;border-top-width:1px;\"><\/div><\/div><div class=\"fusion-sep-clear\"><\/div><div class=\"fusion-title title fusion-title-2 fusion-sep-none fusion-title-center fusion-title-text fusion-title-size-one\" style=\"--awb-margin-bottom:10%;--awb-margin-top-small:0px;--awb-margin-right-small:0px;--awb-margin-bottom-small:20px;--awb-margin-left-small:0px;--awb-font-size:50px;\"><h1 class=\"fusion-title-heading title-heading-center fusion-responsive-typography-calculated\" style=\"margin:0;font-size:1em;--fontSize:50;line-height:1.2;\">Pol\u00edticas de ni\u00f1ez<\/h1><\/div><div class=\"fusion-sep-clear\"><\/div><div class=\"fusion-separator fusion-full-width-sep\" style=\"margin-left: auto;margin-right: auto;margin-bottom:4%;width:100%;\"><\/div><div class=\"fusion-sep-clear\"><\/div><div class=\"fusion-button-wrapper fusion-aligncenter\"><a class=\"fusion-button button-flat fusion-button-default-size button-custom fusion-button-default button-2 fusion-button-default-span fusion-button-default-type fusion-animated\" style=\"--button_accent_color:#181818;--button_border_color:#181818;--button_accent_hover_color:#181818;--button_border_hover_color:#ffffff;--button_gradient_top_color:rgba(255,255,255,0);--button_gradient_bottom_color:rgba(255,255,255,0);--button_gradient_top_color_hover:#ffffff;--button_gradient_bottom_color_hover:#ffffff;\" data-animationType=\"fadeInLeft\" data-animationDuration=\"0.3\" data-animationOffset=\"top-into-view\" target=\"_blank\" rel=\"noopener noreferrer\" href=\"https:\/\/www.comisionporlamemoria.org\/informeanual2023\/wp-content\/uploads\/sites\/16\/sites\/40\/2023\/08\/5-Politicas-de-ninez.pdf\"><span class=\"fusion-button-text awb-button__text awb-button__text--default\">Descargar secci\u00f3n completa en PDF<\/span><i class=\"fa-download fas awb-button__icon awb-button__icon--default button-icon-right\" aria-hidden=\"true\"><\/i><\/a><\/div><\/div><\/div><div class=\"fusion-clearfix\"><\/div><\/div><\/div><\/div><\/div><\/div><div class=\"fusion-fullwidth fullwidth-box fusion-builder-row-2 nonhundred-percent-fullwidth non-hundred-percent-height-scrolling\" style=\"--awb-border-radius-top-left:0px;--awb-border-radius-top-right:0px;--awb-border-radius-bottom-right:0px;--awb-border-radius-bottom-left:0px;--awb-margin-top:5%;--awb-margin-bottom:2%;--awb-flex-wrap:wrap;\" ><div class=\"fusion-builder-row fusion-row\"><div class=\"fusion-layout-column fusion_builder_column fusion-builder-column-2 fusion_builder_column_1_1 1_1 fusion-one-full fusion-column-first fusion-column-last\" style=\"--awb-padding-top:2%;--awb-padding-right:2%;--awb-padding-bottom:2%;--awb-padding-left:2%;--awb-bg-size:cover;--awb-border-color:#181818;--awb-border-top:2px;--awb-border-right:2px;--awb-border-bottom:2px;--awb-border-left:2px;--awb-border-style:solid;\"><div class=\"fusion-column-wrapper fusion-column-has-shadow fusion-flex-column-wrapper-legacy\"><div class=\"fusion-title title fusion-title-3 fusion-sep-none fusion-title-text fusion-title-size-five\" style=\"--awb-margin-top-small:0px;--awb-margin-right-small:0px;--awb-margin-bottom-small:20px;--awb-margin-left-small:0px;\"><h5 class=\"fusion-title-heading title-heading-left fusion-responsive-typography-calculated\" style=\"margin:0;--fontSize:20;--minFontSize:20;line-height:1.5;\">SOBRE ESTA SECCI\u00d3N<\/h5><\/div><div class=\"fusion-text fusion-text-3 fusion-animated\" data-animationType=\"fadeInLeft\" data-animationDuration=\"0.3\" data-animationOffset=\"top-into-view\"><p style=\"text-align: justify;\"><strong>Ni\u00f1ez<\/strong><\/p>\n<p style=\"text-align: justify;\">En diciembre de 2022 hab\u00eda 3.922 ni\u00f1os, ni\u00f1as y j\u00f3venes (NNyJ) institucionalizados y durante todo el a\u00f1o, fueron abordados por el Sistema de Promoci\u00f3n y Protecci\u00f3n de Derechos 68.020. Lo que demuestra que las institucionalizaciones son relativamente bajas comparadas con el total de intervenciones.<\/p>\n<p style=\"text-align: justify;\">Otra informaci\u00f3n que da cuenta de la vulneraci\u00f3n de derechos es que m\u00e1s de la mitad de los emplazamientos de las instituciones donde se efectivizan las medidas excepcionales de cuidado se encuentran alejados del centro de vida de NNyJ: el 55% (2.149) de las institucionalizaciones se concretan en municipios diferentes a los de residencia.<\/p>\n<p style=\"text-align: justify;\">En los egresos efectivizados durante el 2022 vemos que se sostiene la tendencia de a\u00f1os anteriores y prevalecen tres categor\u00edas. La mayor\u00eda de los egresos se producen porque el SPPD entiende que las intervenciones derivaron en la restituci\u00f3n de derechos (34,2%); el 28,9% es por \u201cabandonos unilaterales de medida\u201d y los egresos por \u201cguarda preadoptiva\u201d acumulan el 24,9% de los casos.<\/p>\n<p style=\"text-align: justify;\">El equipo del programa de Ni\u00f1ez de la CPM relev\u00f3 malos tratos por parte de operadores de las instituciones, por lo que aquellos NNyJ que sufrieron violencia en su grupo familiar fueron nuevamente victimizados por el SPPD, que debe velar por su cuidado. Durante el a\u00f1o 2022 se abordaron 170 situaciones, muchas de las cuales involucran a grupos de hermanos y hermanas. Y se monitorearon 15 dispositivos convivenciales, en algunos casos concurriendo en m\u00e1s de tres oportunidades.<\/p>\n<p style=\"text-align: justify;\">El monitoreo dio cuenta de los problemas estructurales de las pol\u00edticas de ni\u00f1ez en la provincia de Buenos Aires, falta de un proyecto que respete y garantice derechos de NNyJ, junto a la ausencia total de control judicial por parte de los magistrados que dispusieron las medidas de protecci\u00f3n de derechos y de las asesor\u00edas de incapaces intervinientes o representantes tutelares. La gran mayor\u00eda de los juzgados de Familia no concurre a los dispositivos convivenciales: no conocen los lugares donde est\u00e1n ni\u00f1os o ni\u00f1as alojados por medidas de protecci\u00f3n que ordenaron.<\/p>\n<p style=\"text-align: justify;\"><strong>Sistema de responsabilidad penal juvenil<\/strong><\/p>\n<p style=\"text-align: justify;\">Desde 2006 la CPM denuncia que el sistema penal juvenil presenta cada vez m\u00e1s vasos comunicantes con el sistema penal de adultos a partir de la reproducci\u00f3n de patrones propios de la penalidad de tipo m\u00e1s duro. A los j\u00f3venes que se atribuyen ciertas caracter\u00edsticas ligadas a la peligrosidad son seleccionados, imputados de uno o varios delitos y privados de libertad en el marco de medidas cautelares. Las medidas impuestas a NNyJ responden a los fundamentos de la justicia retributiva: el sufrimiento se impone como castigo para compensar a las v\u00edctimas.<\/p>\n<p style=\"text-align: justify;\">Entre 2017 y 2021 aument\u00f3 la proporci\u00f3n de j\u00f3venes detenidos\/as en el \u00e1mbito del SPB, representando el 34% del total de la poblaci\u00f3n (1.498); sin embargo el OPNyA sigue siendo la instituci\u00f3n con mayor cantidad de j\u00f3venes detenidos\/as (42%). En la justicia juvenil contin\u00faa marcando tendencia el uso permanente del juicio abreviado por sobre los juicios orales. Entre 2020 y 2021, el 92% de los casos se resolvi\u00f3 por esta v\u00eda.<\/p>\n<p style=\"text-align: justify;\">La privaci\u00f3n de libertad en instituciones de r\u00e9gimen cerrado es la medida judicial que se ordena para el 83% de los ingresos. En diciembre de 2022 hab\u00eda alojados 490 j\u00f3venes privados de la libertad en reg\u00edmenes cerrados y 99 con la libertad restringida en reg\u00edmenes de semi-libertad.<\/p>\n<p style=\"text-align: justify;\">Del total de ingresos durante el 2020, el 82% (669) de j\u00f3venes ten\u00eda entre 16 y 17 a\u00f1os. Adem\u00e1s ingresaron 109 ni\u00f1os\/as no punibles, el 13% del total de ingresos. A lo largo del a\u00f1o, 81 ni\u00f1os o ni\u00f1as menores de 16 a\u00f1os permanecieron hasta 30 d\u00edas encerrados\/as, privados\/as de libertad o con su libertad restringida en establecimientos penales del OPNyA.<\/p>\n<p style=\"text-align: justify;\">Por otra parte, 41 j\u00f3venes fueron derivados durante el a\u00f1o al Servicio Penitenciario Bonaerense (SPB) y 40 j\u00f3venes a instituciones de salud mental.<\/p>\n<p style=\"text-align: justify;\">Durante 2022 se realizaron 53 inspecciones de monitoreo general y seguimiento de situaciones individuales y colectivas en establecimientos penales. Las violaciones de derechos humanos que se relevaron fueron: requisas corporales vejatorias y humillantes, golpes, aislamiento, insultos, amenazas y traslados compulsivos. Se suman la ausencia de talleres de formaci\u00f3n y de certificaci\u00f3n para el desempe\u00f1o laboral que contemplen los intereses de j\u00f3venes, la obstaculizaci\u00f3n de los v\u00ednculos familiares y sexo-afectivos, y la implementaci\u00f3n desigual del protocolo para el uso de tel\u00e9fonos celulares y\/u otros dispositivos tecnol\u00f3gicos y deficiente conectividad a internet, saldada por las familias de j\u00f3venes.<\/p>\n<p style=\"text-align: justify;\">Cada vez m\u00e1s se instala la idea entre los funcionarios del sistema de RPJ y del OPNyA de que es necesario garantizar la seguridad en t\u00e9rminos de control y penalidad y no de cuidado y acompa\u00f1amiento. Esta l\u00f3gica securitaria se traduce adem\u00e1s en un r\u00e9gimen convivencial basado en el control por encima del acceso a cualquier derecho, es decir signado por la perspectiva securitaria.<\/p>\n<p style=\"text-align: justify;\">En los centros penales del OPNyA se aplica el aislamiento como r\u00e9gimen cotidiano: los j\u00f3venes permanecen entre 18 y hasta 36 horas encerrados. En los centros se a\u00edsla para evitar conflictos, para sancionar j\u00f3venes cuando un conflicto ocurri\u00f3, para adaptar a quienes ingresan, para resguardar j\u00f3venes que han tenido tentativas de suicidio o autolesiones. No existe otra forma de gestionar estas situaciones que no sea el recorte de derechos a partir del aislamiento, que facilita la vigilancia con menos recursos y menos trabajo.<\/p>\n<p style=\"text-align: justify;\">El aislamiento y la restricci\u00f3n de derechos son hechos de tortura graves que no deben aplicarse en ninguna circunstancia. Sin embargo, son la principal medida de sanci\u00f3n en los centros penales juveniles, entre un d\u00eda y 15 d\u00edas de aislamiento. Detectamos este tipo de pr\u00e1ctica cotidiana en 9 de los centros inspeccionados.<\/p>\n<p style=\"text-align: justify;\"><strong>Salud mental<\/strong><\/p>\n<p style=\"text-align: justify;\">En ambos sistemas (SPPD y SRPJ) observamos que los NNyJ presentan cuadros de gran angustia que muchas veces se manifiestan en autolesiones, intentos de suicidio y, en el caso m\u00e1s extremo, suicidios consumados.<\/p>\n<p style=\"text-align: justify;\">Entre enero y diciembre del 2022 en el sistema de responsabilidad penal juvenil hubo 62 activaciones del protocolo de suicidio, que en 15 casos correspondieron a autolesiones y\/o intentos de suicidio. Como se viene mencionando, en los dispositivos de encierro pertenecientes al sistema de responsabilidad penal juvenil, las autolesiones y suicidios son un problema que acontece con regularidad. En el monitoreo se observa que, pese a contar con un protocolo espec\u00edfico para abordar dichas situaciones y con equipos t\u00e9cnicos capacitados para detectar y activar indicadores de riesgo, no hay diagn\u00f3stico y dimensi\u00f3n de los padecimientos de salud mental de los\/as j\u00f3venes.<\/p>\n<p style=\"text-align: justify;\">En el caso de los dispositivos convivenciales del SPPD no contamos con esta informaci\u00f3n. Sin embargo, a partir del monitoreo se relev\u00f3 una ausencia de previsi\u00f3n y prevenci\u00f3n reflejada en la inexistencia de pautas y protocolos de actuaci\u00f3n para abordar situaciones de angustia y crisis subjetivas, adem\u00e1s de desconocer las herramientas ya existentes, como el protocolo de prevenci\u00f3n del suicidio adolescente. Los relatos de NNyJ coinciden en se\u00f1alar que, m\u00e1s que brindarles contenci\u00f3n, las respuestas institucionales apuntan a controlar y castigar las manifestaciones de angustia. Mientras que, al momento de articular con instituciones de salud, se encuentran con la dificultad de que no hay profesionales id\u00f3neos para trabajar con NNyJ o que los turnos se demoran mucho.<\/p>\n<p style=\"text-align: justify;\"><strong>Muertes en el encierro<\/strong><\/p>\n<p style=\"text-align: justify;\">En el a\u00f1o 2022 se produjo el fallecimiento de dos j\u00f3venes: Alex Fleitas y Ezequiel Romano.<\/p>\n<p style=\"text-align: justify;\">Alex se encontraba detenido en el centro de recepci\u00f3n Malvinas Argentinas (CRMA) y muri\u00f3 por asfixia, luego de agonizar durante meses, debido al humo que inhal\u00f3 durante un incendio en su celda, durante el cual los operadores del centro no le brindaron asistencia a tiempo de manera deliberada. En diciembre del 2022 se produjo el deceso de Ezequiel Romano, un ni\u00f1o alojado en el Hogar San Patricio, por haberse broncoaspirado en el desayuno que compart\u00eda con el resto de los\/as ni\u00f1os\/as del hogar. Si bien recibi\u00f3 atenci\u00f3n m\u00e9dica en el hospital, no lograron salvarle la vida.<\/p>\n<\/div><div class=\"fusion-clearfix\"><\/div><\/div><\/div><\/div><\/div><div class=\"fusion-fullwidth fullwidth-box fusion-builder-row-3 fusion-flex-container nonhundred-percent-fullwidth non-hundred-percent-height-scrolling\" style=\"--awb-border-radius-top-left:0px;--awb-border-radius-top-right:0px;--awb-border-radius-bottom-right:0px;--awb-border-radius-bottom-left:0px;--awb-flex-wrap:wrap;\" ><div class=\"fusion-builder-row fusion-row fusion-flex-align-items-flex-start fusion-flex-content-wrap\" style=\"max-width:83.2%;margin-left: calc(-4% \/ 2 );margin-right: calc(-4% \/ 2 );\"><div class=\"fusion-layout-column fusion_builder_column fusion-builder-column-3 fusion_builder_column_1_1 1_1 fusion-flex-column\" style=\"--awb-bg-size:cover;--awb-width-large:100%;--awb-margin-top-large:20px;--awb-spacing-right-large:1.92%;--awb-margin-bottom-large:20px;--awb-spacing-left-large:1.92%;--awb-width-medium:100%;--awb-order-medium:0;--awb-spacing-right-medium:1.92%;--awb-spacing-left-medium:1.92%;--awb-width-small:100%;--awb-order-small:0;--awb-spacing-right-small:1.92%;--awb-spacing-left-small:1.92%;\"><div class=\"fusion-column-wrapper fusion-column-has-shadow fusion-flex-justify-content-flex-start fusion-content-layout-column\"><div class=\"fusion-video fusion-youtube\" style=\"--awb-max-width:600px;--awb-max-height:360px;--awb-align-self:center;--awb-width:100%;\"><div class=\"video-shortcode\"><div class=\"fluid-width-video-wrapper\" style=\"padding-top:60%;\" ><iframe title=\"YouTube video player 1\" data-src=\"https:\/\/www.youtube.com\/embed\/NtKtd8ONgCM?wmode=transparent&autoplay=0\" width=\"600\" height=\"360\" allowfullscreen allow=\"autoplay; clipboard-write; encrypted-media; gyroscope; picture-in-picture;\" src=\"data:image\/svg+xml;base64,PHN2ZyB3aWR0aD0iMSIgaGVpZ2h0PSIxIiB4bWxucz0iaHR0cDovL3d3dy53My5vcmcvMjAwMC9zdmciPjwvc3ZnPg==\" class=\"lazyload\" data-load-mode=\"1\"><\/iframe><\/div><\/div><\/div><\/div><\/div><\/div><\/div><div class=\"fusion-fullwidth fullwidth-box fusion-builder-row-4 fusion-flex-container nonhundred-percent-fullwidth non-hundred-percent-height-scrolling\" style=\"--awb-border-radius-top-left:0px;--awb-border-radius-top-right:0px;--awb-border-radius-bottom-right:0px;--awb-border-radius-bottom-left:0px;--awb-flex-wrap:wrap;\" ><div class=\"fusion-builder-row fusion-row fusion-flex-align-items-flex-start fusion-flex-content-wrap\" style=\"max-width:83.2%;margin-left: calc(-4% \/ 2 );margin-right: calc(-4% \/ 2 );\"><div class=\"fusion-layout-column fusion_builder_column fusion-builder-column-4 fusion_builder_column_1_1 1_1 fusion-flex-column\" style=\"--awb-bg-size:cover;--awb-width-large:100%;--awb-margin-top-large:20px;--awb-spacing-right-large:1.92%;--awb-margin-bottom-large:20px;--awb-spacing-left-large:1.92%;--awb-width-medium:100%;--awb-order-medium:0;--awb-spacing-right-medium:1.92%;--awb-spacing-left-medium:1.92%;--awb-width-small:100%;--awb-order-small:0;--awb-spacing-right-small:1.92%;--awb-spacing-left-small:1.92%;\"><div class=\"fusion-column-wrapper fusion-column-has-shadow fusion-flex-justify-content-flex-start fusion-content-layout-column\"><div class=\"fusion-text fusion-text-4\">\n<\/div><\/div><\/div><\/div><\/div><\/p>\n","protected":false},"excerpt":{"rendered":"","protected":false},"author":14,"featured_media":3173,"parent":0,"menu_order":0,"comment_status":"closed","ping_status":"closed","template":"100-width.php","meta":{"footnotes":""},"class_list":["post-2537","page","type-page","status-publish","has-post-thumbnail","hentry"],"_links":{"self":[{"href":"https:\/\/www.comisionporlamemoria.org\/informeanual2023\/wp-json\/wp\/v2\/pages\/2537","targetHints":{"allow":["GET"]}}],"collection":[{"href":"https:\/\/www.comisionporlamemoria.org\/informeanual2023\/wp-json\/wp\/v2\/pages"}],"about":[{"href":"https:\/\/www.comisionporlamemoria.org\/informeanual2023\/wp-json\/wp\/v2\/types\/page"}],"author":[{"embeddable":true,"href":"https:\/\/www.comisionporlamemoria.org\/informeanual2023\/wp-json\/wp\/v2\/users\/14"}],"replies":[{"embeddable":true,"href":"https:\/\/www.comisionporlamemoria.org\/informeanual2023\/wp-json\/wp\/v2\/comments?post=2537"}],"version-history":[{"count":0,"href":"https:\/\/www.comisionporlamemoria.org\/informeanual2023\/wp-json\/wp\/v2\/pages\/2537\/revisions"}],"wp:featuredmedia":[{"embeddable":true,"href":"https:\/\/www.comisionporlamemoria.org\/informeanual2023\/wp-json\/wp\/v2\/media\/3173"}],"wp:attachment":[{"href":"https:\/\/www.comisionporlamemoria.org\/informeanual2023\/wp-json\/wp\/v2\/media?parent=2537"}],"curies":[{"name":"wp","href":"https:\/\/api.w.org\/{rel}","templated":true}]}}