{"id":2545,"date":"2021-07-21T11:15:16","date_gmt":"2021-07-21T11:15:16","guid":{"rendered":"https:\/\/www.comisionporlamemoria.org\/informeanual2023\/?page_id=2545"},"modified":"2023-08-25T15:28:08","modified_gmt":"2023-08-25T18:28:08","slug":"seccion-politicas-de-justicia","status":"publish","type":"page","link":"https:\/\/www.comisionporlamemoria.org\/informeanual2023\/seccion-politicas-de-justicia\/","title":{"rendered":"Secci\u00f3n Pol\u00edticas de justicia"},"content":{"rendered":"<p><div class=\"fusion-fullwidth fullwidth-box fusion-builder-row-1 has-pattern-background has-mask-background hundred-percent-fullwidth hundred-percent-height hundred-percent-height-center-content non-hundred-percent-height-scrolling fusion-equal-height-columns\" style=\"--awb-border-radius-top-left:0px;--awb-border-radius-top-right:0px;--awb-border-radius-bottom-right:0px;--awb-border-radius-bottom-left:0px;--awb-padding-top:0px;--awb-padding-right:0px;--awb-padding-bottom:0px;--awb-padding-left:0px;--awb-flex-wrap:wrap;\" ><div class=\"fusion-fullwidth-center-content\"><div class=\"fusion-builder-row fusion-row\"><div class=\"fusion-layout-column fusion_builder_column fusion-builder-column-0 fusion_builder_column_1_1 1_1 fusion-one-full fusion-column-first fusion-column-last fusion-no-small-visibility fusion-no-medium-visibility fusion-animated\" style=\"--awb-padding-top:20%;--awb-padding-right:12%;--awb-padding-bottom:18%;--awb-padding-left:12%;--awb-bg-size:cover;--awb-margin-top:0px;--awb-margin-bottom:0px;\" data-animationType=\"fadeIn\" data-animationDuration=\"0.8\" data-animationOffset=\"top-into-view\"><div class=\"fusion-column-wrapper fusion-column-has-shadow fusion-flex-column-wrapper-legacy\"><div class=\"fusion-column-content-centered\"><div class=\"fusion-column-content\"><div class=\"fusion-text fusion-text-1 fusion-animated\" style=\"--awb-font-size:20px;\" data-animationType=\"fadeInLeft\" data-animationDuration=\"0.7\" data-animationOffset=\"top-into-view\"><p style=\"text-align: center;\">El sistema de la crueldad XVII<\/p>\n<\/div><div class=\"fusion-sep-clear\"><\/div><div class=\"fusion-separator\" style=\"margin-left: auto;margin-right: auto;margin-bottom:10%;width:100%;max-width:50%;\"><div class=\"fusion-separator-border sep-single sep-solid\" style=\"--awb-height:20px;--awb-amount:20px;border-color:#d1d1d1;border-top-width:1px;\"><\/div><\/div><div class=\"fusion-sep-clear\"><\/div><div class=\"fusion-title title fusion-title-1 fusion-sep-none fusion-title-center fusion-title-text fusion-title-size-two\" style=\"--awb-margin-top-small:0px;--awb-margin-right-small:0px;--awb-margin-bottom-small:20px;--awb-margin-left-small:0px;--awb-font-size:50px;\"><h2 class=\"fusion-title-heading title-heading-center fusion-responsive-typography-calculated\" style=\"margin:0;font-size:1em;--fontSize:50;line-height:1.28;\">Pol\u00edticas de justicia<\/h2><\/div><div class=\"fusion-sep-clear\"><\/div><div class=\"fusion-separator fusion-full-width-sep\" style=\"margin-left: auto;margin-right: auto;margin-bottom:10%;width:100%;\"><\/div><div class=\"fusion-sep-clear\"><\/div><div class=\"fusion-button-wrapper fusion-aligncenter\"><a class=\"fusion-button button-flat fusion-button-default-size button-custom fusion-button-default button-1 fusion-button-default-span fusion-button-default-type\" style=\"--button_accent_color:#181818;--button_border_color:#181818;--button_accent_hover_color:#181818;--button_border_hover_color:#ffffff;--button_gradient_top_color:rgba(255,255,255,0);--button_gradient_bottom_color:rgba(255,255,255,0);--button_gradient_top_color_hover:#ffffff;--button_gradient_bottom_color_hover:#ffffff;\" target=\"_blank\" rel=\"noopener noreferrer\" href=\"https:\/\/www.comisionporlamemoria.org\/informeanual2023\/wp-content\/uploads\/sites\/16\/sites\/40\/2023\/08\/7-Politicas-de-justicia.pdf\"><span class=\"fusion-button-text awb-button__text awb-button__text--default\">Descargar secci\u00f3n completa en PDF<\/span><i class=\"fa-download fas awb-button__icon awb-button__icon--default button-icon-right\" aria-hidden=\"true\"><\/i><\/a><\/div><\/div><\/div><div class=\"fusion-clearfix\"><\/div><\/div><\/div><div class=\"fusion-layout-column fusion_builder_column fusion-builder-column-1 fusion_builder_column_1_1 1_1 fusion-one-full fusion-column-first fusion-column-last fusion-no-large-visibility\" style=\"--awb-padding-top:8%;--awb-padding-bottom:8%;--awb-bg-size:cover;--awb-margin-top:0px;--awb-margin-bottom:0px;\"><div class=\"fusion-column-wrapper fusion-column-has-shadow fusion-flex-column-wrapper-legacy\"><div class=\"fusion-column-content-centered\"><div class=\"fusion-column-content\"><div class=\"fusion-text fusion-text-2\"><p style=\"text-align: center;\">Sistema de la crueldad XVII<\/p>\n<\/div><div class=\"fusion-sep-clear\"><\/div><div class=\"fusion-separator\" style=\"margin-left: auto;margin-right: auto;margin-bottom:8%;width:100%;max-width:50%;\"><div class=\"fusion-separator-border sep-single sep-solid\" style=\"--awb-height:20px;--awb-amount:20px;border-color:#d1d1d1;border-top-width:1px;\"><\/div><\/div><div class=\"fusion-sep-clear\"><\/div><div class=\"fusion-title title fusion-title-2 fusion-sep-none fusion-title-center fusion-title-text fusion-title-size-one\" style=\"--awb-margin-bottom:10%;--awb-margin-top-small:0px;--awb-margin-right-small:0px;--awb-margin-bottom-small:20px;--awb-margin-left-small:0px;--awb-font-size:50px;\"><h1 class=\"fusion-title-heading title-heading-center fusion-responsive-typography-calculated\" style=\"margin:0;font-size:1em;--fontSize:50;line-height:1.2;\">Pol\u00edticas de justicia<\/h1><\/div><div class=\"fusion-sep-clear\"><\/div><div class=\"fusion-separator fusion-full-width-sep\" style=\"margin-left: auto;margin-right: auto;margin-bottom:4%;width:100%;\"><\/div><div class=\"fusion-sep-clear\"><\/div><div class=\"fusion-button-wrapper fusion-aligncenter\"><a class=\"fusion-button button-flat fusion-button-default-size button-custom fusion-button-default button-2 fusion-button-default-span fusion-button-default-type fusion-animated\" style=\"--button_accent_color:#181818;--button_border_color:#181818;--button_accent_hover_color:#181818;--button_border_hover_color:#ffffff;--button_gradient_top_color:rgba(255,255,255,0);--button_gradient_bottom_color:rgba(255,255,255,0);--button_gradient_top_color_hover:#ffffff;--button_gradient_bottom_color_hover:#ffffff;\" data-animationType=\"fadeInLeft\" data-animationDuration=\"0.3\" data-animationOffset=\"top-into-view\" target=\"_blank\" rel=\"noopener noreferrer\" href=\"https:\/\/www.comisionporlamemoria.org\/informeanual2023\/wp-content\/uploads\/sites\/16\/sites\/40\/2023\/08\/7-Politicas-de-justicia.pdf\"><span class=\"fusion-button-text awb-button__text awb-button__text--default\">Descargar secci\u00f3n completa en PDF<\/span><i class=\"fa-download fas awb-button__icon awb-button__icon--default button-icon-right\" aria-hidden=\"true\"><\/i><\/a><\/div><\/div><\/div><div class=\"fusion-clearfix\"><\/div><\/div><\/div><\/div><\/div><\/div><div class=\"fusion-fullwidth fullwidth-box fusion-builder-row-2 nonhundred-percent-fullwidth non-hundred-percent-height-scrolling\" style=\"--awb-border-radius-top-left:0px;--awb-border-radius-top-right:0px;--awb-border-radius-bottom-right:0px;--awb-border-radius-bottom-left:0px;--awb-margin-top:5%;--awb-margin-bottom:2%;--awb-flex-wrap:wrap;\" ><div class=\"fusion-builder-row fusion-row\"><div class=\"fusion-layout-column fusion_builder_column fusion-builder-column-2 fusion_builder_column_1_1 1_1 fusion-one-full fusion-column-first fusion-column-last\" style=\"--awb-padding-top:2%;--awb-padding-right:2%;--awb-padding-bottom:2%;--awb-padding-left:2%;--awb-bg-size:cover;--awb-border-color:#181818;--awb-border-top:2px;--awb-border-right:2px;--awb-border-bottom:2px;--awb-border-left:2px;--awb-border-style:solid;\"><div class=\"fusion-column-wrapper fusion-column-has-shadow fusion-flex-column-wrapper-legacy\"><div class=\"fusion-title title fusion-title-3 fusion-sep-none fusion-title-text fusion-title-size-five\" style=\"--awb-margin-top-small:0px;--awb-margin-right-small:0px;--awb-margin-bottom-small:20px;--awb-margin-left-small:0px;\"><h5 class=\"fusion-title-heading title-heading-left fusion-responsive-typography-calculated\" style=\"margin:0;--fontSize:20;--minFontSize:20;line-height:1.5;\">SOBRE ESTA SECCI\u00d3N<\/h5><\/div><div class=\"fusion-text fusion-text-3 fusion-animated\" data-animationType=\"fadeInLeft\" data-animationDuration=\"0.3\" data-animationOffset=\"top-into-view\"><p style=\"text-align: justify;\"><strong>Pol\u00edticas de justicia<\/strong><\/p>\n<p style=\"text-align: justify;\">Entre 2014 y el primer semestre de 2022, en la Provincia se iniciaron 32.899 causas por presuntos delitos enmarcados en la ley 14.687\/14 de violencia institucional. A pesar de tal escenario y lo que dispone la mencionada ley sancionada hace casi una d\u00e9cada, s\u00f3lo existen 8 dependencias judiciales -presentes en seis de los 20 departamentos judiciales- dedicadas exclusivamente a investigar la violencia estatal.<\/p>\n<p style=\"text-align: justify;\">Dentro de ese periodo, entre 2018 y el primer semestre de 2022, en el 68% de las causas de violencia institucional los presuntos autores de los delitos investigados pertenecieron a fuerzas policiales y el 29% fueron agentes penitenciarios mientras que s\u00f3lo 69 acusados fueron agentes judiciales, lo que revela que el Poder Judicial no se investiga a s\u00ed mismo. El 49% de estas pr\u00e1cticas estatales se perpetraron en lugares de encierro, el 32% en la v\u00eda p\u00fablica y el 15% en domicilios particulares.<\/p>\n<p style=\"text-align: justify;\">Del total de los autores involucrados en esos delitos, s\u00f3lo el 3% resultaron imputados formalmente (ninguno de ellos, perteneciente a \u00f3rganos judiciales). Por otra parte, en general, sobre funcionarios p\u00fablicos la prisi\u00f3n preventiva se utiliza en sentido inverso al que se aplica a civiles, que promedia el 50%. Respecto al delito de tortura, en ese mismo per\u00edodo se investigaron solamente 29 casos (0,1% del total) a pesar de ser una pr\u00e1ctica extendida y sistem\u00e1tica en los lugares de encierro.<\/p>\n<p style=\"text-align: justify;\">En cuanto a c\u00f3mo terminan las causas de violencia institucional, en el per\u00edodo 2018 y primer semestre 2022, 9 de cada 10 se resolvieron mediante archivo (66%) o desestimaci\u00f3n (26%). S\u00f3lo el 4% de los expedientes fue elevado a juicio oral y ninguno se resolvi\u00f3 mediante juicio abreviado, un instituto que se utiliza en tres de cada cuatro causas cuyos imputados no son agentes p\u00fablicos.<\/p>\n<p style=\"text-align: justify;\"><strong>Litigio como MLPT<\/strong><\/p>\n<p style=\"text-align: justify;\">La CPM ha incrementado sus intervenciones en conflictos jur\u00eddico-penales tras su designaci\u00f3n como Mecanismo Local de Prevenci\u00f3n de la Tortura (MLPT); estas experiencias lograron importantes condenas a funcionarios policiales y expuso la experticia de la CPM en su rol de MLPT, adem\u00e1s de contextualizar la violencia policial como pr\u00e1ctica estructural y sistem\u00e1tica de la fuerza.<\/p>\n<p style=\"text-align: justify;\">Durante el 2022, se intervino como particular damnificado y particular damnificado institucional en tres juicios orales que terminaron en sentencias condenatorias para los polic\u00edas imputados: los asesinatos de Mat\u00edas Banuera en Quilmes, Lucas Ver\u00f3n en La Matanza y Ulises Rial y Ezequiel Corbal\u00e1n en San Nicol\u00e1s.<\/p>\n<p style=\"text-align: justify;\">En esa l\u00ednea de intervenci\u00f3n, en 2022 se present\u00f3 en 10 causas de violencia estatal como particular damnificado institucional y en una presentaci\u00f3n en el fuero federal como querella institucional. Acerca de las nuevas causas iniciadas por la CPM en 2022, se destacan la que investiga la muerte violenta de Daiana Abreg\u00fa en la Comisar\u00eda de Laprida; la muerte por violencia policial de C\u00e9sar \u201cLolo\u201d Regueiro en el estadio de Gimnasia y Esgrima La Plata; los casos de ni\u00f1os v\u00edctimas de torturas en Mar del Plata; y el abandono y muerte sin control en Comunidad Terap\u00e9utica de San Fernando.<\/p>\n<p style=\"text-align: justify;\">Finalmente, el Poder Judicial requiere una serie de reformas no s\u00f3lo de sus procedimientos de selecci\u00f3n sino tambi\u00e9n de sus sistemas disciplinarios y de enjuiciamiento sino tambi\u00e9n. Frente a conductas delictivas o faltas graves de funcionarios judiciales, los mecanismos de enjuiciamiento son poco efectivos, lentos y atravesados por m\u00faltiples intereses pol\u00edtico-partidarios o de grupos de presi\u00f3n que no analizan la conducta de los magistrados evaluando su actuaci\u00f3n sino desde la utilizaci\u00f3n que puedan hacer de esa funci\u00f3n jurisdiccional para la protecci\u00f3n de sus intereses. Las pocas causas que avanzan y llegan a un juicio pol\u00edtico o una sanci\u00f3n tardan muchos a\u00f1os, pese a tratarse de funcionarios con gran cantidad de pruebas en su contra.<\/p>\n<p style=\"text-align: justify;\">En este sentido, la CPM impulsa actualmente varias denuncias \u2013a\u00fan en tr\u00e1mite- contra jueces y fiscales provinciales y federales ante diferentes \u00f3rganos disciplinarios: el fiscal Juan Pablo Tahtagian del Departamento Judicial de La Matanza; su par de La Plata, Juan Cruz Condom\u00ed Alcorta; el exfiscal de San Isidro, Claudio Scapolan; el fiscal federal de Bah\u00eda Blanca, Ulpiano Mart\u00ednez; y la jueza federal Mar\u00eda Gabriela Marr\u00f3n, con asiento en esta \u00faltima ciudad; entre otros.<\/p>\n<p style=\"text-align: justify;\">Por otra parte, en pos de las reformas urgentes que requiere el funcionamiento del Poder Judicial, tampoco se observan acciones tendientes a resolver problemas medulares de la administraci\u00f3n de la justicia penal como la creaci\u00f3n de la polic\u00eda judicial: un cuerpo de funcionarios judiciales que asuman la investigaci\u00f3n de manera profesional desplazando a la polic\u00eda bonaerense que oficia hoy como instructora.<\/p>\n<\/div><div class=\"fusion-clearfix\"><\/div><\/div><\/div><\/div><\/div><div class=\"fusion-fullwidth fullwidth-box fusion-builder-row-3 fusion-flex-container nonhundred-percent-fullwidth non-hundred-percent-height-scrolling\" style=\"--awb-border-radius-top-left:0px;--awb-border-radius-top-right:0px;--awb-border-radius-bottom-right:0px;--awb-border-radius-bottom-left:0px;--awb-flex-wrap:wrap;\" ><div class=\"fusion-builder-row fusion-row fusion-flex-align-items-flex-start fusion-flex-content-wrap\" style=\"max-width:83.2%;margin-left: calc(-4% \/ 2 );margin-right: calc(-4% \/ 2 );\"><div class=\"fusion-layout-column fusion_builder_column fusion-builder-column-3 fusion_builder_column_1_1 1_1 fusion-flex-column\" style=\"--awb-bg-size:cover;--awb-width-large:100%;--awb-margin-top-large:20px;--awb-spacing-right-large:1.92%;--awb-margin-bottom-large:20px;--awb-spacing-left-large:1.92%;--awb-width-medium:100%;--awb-order-medium:0;--awb-spacing-right-medium:1.92%;--awb-spacing-left-medium:1.92%;--awb-width-small:100%;--awb-order-small:0;--awb-spacing-right-small:1.92%;--awb-spacing-left-small:1.92%;\"><div class=\"fusion-column-wrapper fusion-column-has-shadow fusion-flex-justify-content-flex-start fusion-content-layout-column\"><div class=\"fusion-text fusion-text-4\">\n<\/div><\/div><\/div><\/div><\/div><\/p>\n","protected":false},"excerpt":{"rendered":"","protected":false},"author":14,"featured_media":3173,"parent":0,"menu_order":0,"comment_status":"closed","ping_status":"closed","template":"100-width.php","meta":{"footnotes":""},"class_list":["post-2545","page","type-page","status-publish","has-post-thumbnail","hentry"],"_links":{"self":[{"href":"https:\/\/www.comisionporlamemoria.org\/informeanual2023\/wp-json\/wp\/v2\/pages\/2545","targetHints":{"allow":["GET"]}}],"collection":[{"href":"https:\/\/www.comisionporlamemoria.org\/informeanual2023\/wp-json\/wp\/v2\/pages"}],"about":[{"href":"https:\/\/www.comisionporlamemoria.org\/informeanual2023\/wp-json\/wp\/v2\/types\/page"}],"author":[{"embeddable":true,"href":"https:\/\/www.comisionporlamemoria.org\/informeanual2023\/wp-json\/wp\/v2\/users\/14"}],"replies":[{"embeddable":true,"href":"https:\/\/www.comisionporlamemoria.org\/informeanual2023\/wp-json\/wp\/v2\/comments?post=2545"}],"version-history":[{"count":0,"href":"https:\/\/www.comisionporlamemoria.org\/informeanual2023\/wp-json\/wp\/v2\/pages\/2545\/revisions"}],"wp:featuredmedia":[{"embeddable":true,"href":"https:\/\/www.comisionporlamemoria.org\/informeanual2023\/wp-json\/wp\/v2\/media\/3173"}],"wp:attachment":[{"href":"https:\/\/www.comisionporlamemoria.org\/informeanual2023\/wp-json\/wp\/v2\/media?parent=2545"}],"curies":[{"name":"wp","href":"https:\/\/api.w.org\/{rel}","templated":true}]}}