{"id":2548,"date":"2021-07-21T11:19:30","date_gmt":"2021-07-21T11:19:30","guid":{"rendered":"https:\/\/www.comisionporlamemoria.org\/informeanual2023\/?page_id=2548"},"modified":"2023-08-25T15:27:52","modified_gmt":"2023-08-25T18:27:52","slug":"seccion-inteligencia-y-espionaje-ilegal","status":"publish","type":"page","link":"https:\/\/www.comisionporlamemoria.org\/informeanual2023\/seccion-inteligencia-y-espionaje-ilegal\/","title":{"rendered":"Secci\u00f3n Inteligencia y espionaje ilegal"},"content":{"rendered":"<p><div class=\"fusion-fullwidth fullwidth-box fusion-builder-row-1 has-pattern-background has-mask-background hundred-percent-fullwidth hundred-percent-height hundred-percent-height-center-content non-hundred-percent-height-scrolling fusion-equal-height-columns\" style=\"--awb-border-radius-top-left:0px;--awb-border-radius-top-right:0px;--awb-border-radius-bottom-right:0px;--awb-border-radius-bottom-left:0px;--awb-padding-top:0px;--awb-padding-right:0px;--awb-padding-bottom:0px;--awb-padding-left:0px;--awb-flex-wrap:wrap;\" ><div class=\"fusion-fullwidth-center-content\"><div class=\"fusion-builder-row fusion-row\"><div class=\"fusion-layout-column fusion_builder_column fusion-builder-column-0 fusion_builder_column_1_1 1_1 fusion-one-full fusion-column-first fusion-column-last fusion-no-small-visibility fusion-no-medium-visibility fusion-animated\" style=\"--awb-padding-top:20%;--awb-padding-right:12%;--awb-padding-bottom:18%;--awb-padding-left:12%;--awb-bg-size:cover;--awb-margin-top:0px;--awb-margin-bottom:0px;\" data-animationType=\"fadeIn\" data-animationDuration=\"0.8\" data-animationOffset=\"top-into-view\"><div class=\"fusion-column-wrapper fusion-column-has-shadow fusion-flex-column-wrapper-legacy\"><div class=\"fusion-column-content-centered\"><div class=\"fusion-column-content\"><div class=\"fusion-text fusion-text-1 fusion-animated\" style=\"--awb-font-size:20px;\" data-animationType=\"fadeInLeft\" data-animationDuration=\"0.7\" data-animationOffset=\"top-into-view\"><p style=\"text-align: center;\">El sistema de la crueldad XVII<\/p>\n<\/div><div class=\"fusion-sep-clear\"><\/div><div class=\"fusion-separator\" style=\"margin-left: auto;margin-right: auto;margin-bottom:10%;width:100%;max-width:50%;\"><div class=\"fusion-separator-border sep-single sep-solid\" style=\"--awb-height:20px;--awb-amount:20px;border-color:#d1d1d1;border-top-width:1px;\"><\/div><\/div><div class=\"fusion-sep-clear\"><\/div><div class=\"fusion-title title fusion-title-1 fusion-sep-none fusion-title-center fusion-title-text fusion-title-size-two\" style=\"--awb-margin-top-small:0px;--awb-margin-right-small:0px;--awb-margin-bottom-small:20px;--awb-margin-left-small:0px;--awb-font-size:50px;\"><h2 class=\"fusion-title-heading title-heading-center fusion-responsive-typography-calculated\" style=\"margin:0;font-size:1em;--fontSize:50;line-height:1.28;\">Inteligencia y espionaje ilegal<\/h2><\/div><div class=\"fusion-sep-clear\"><\/div><div class=\"fusion-separator fusion-full-width-sep\" style=\"margin-left: auto;margin-right: auto;margin-bottom:10%;width:100%;\"><\/div><div class=\"fusion-sep-clear\"><\/div><div class=\"fusion-button-wrapper fusion-aligncenter\"><a class=\"fusion-button button-flat fusion-button-default-size button-custom fusion-button-default button-1 fusion-button-default-span fusion-button-default-type\" style=\"--button_accent_color:#181818;--button_border_color:#181818;--button_accent_hover_color:#181818;--button_border_hover_color:#ffffff;--button_gradient_top_color:rgba(255,255,255,0);--button_gradient_bottom_color:rgba(255,255,255,0);--button_gradient_top_color_hover:#ffffff;--button_gradient_bottom_color_hover:#ffffff;\" target=\"_blank\" rel=\"noopener noreferrer\" href=\"https:\/\/www.comisionporlamemoria.org\/informeanual2023\/wp-content\/uploads\/sites\/16\/sites\/40\/2023\/08\/8-Politicas-de-control-de-la-corrupcion-y-del-sistema-de-inteligencia-ilegal-1.pdf\"><span class=\"fusion-button-text awb-button__text awb-button__text--default\">Descargar secci\u00f3n completa en PDF<\/span><i class=\"fa-download fas awb-button__icon awb-button__icon--default button-icon-right\" aria-hidden=\"true\"><\/i><\/a><\/div><\/div><\/div><div class=\"fusion-clearfix\"><\/div><\/div><\/div><div class=\"fusion-layout-column fusion_builder_column fusion-builder-column-1 fusion_builder_column_1_1 1_1 fusion-one-full fusion-column-first fusion-column-last fusion-no-large-visibility\" style=\"--awb-padding-top:8%;--awb-padding-bottom:8%;--awb-bg-size:cover;--awb-margin-top:0px;--awb-margin-bottom:0px;\"><div class=\"fusion-column-wrapper fusion-column-has-shadow fusion-flex-column-wrapper-legacy\"><div class=\"fusion-column-content-centered\"><div class=\"fusion-column-content\"><div class=\"fusion-text fusion-text-2\"><p style=\"text-align: center;\">Sistema de la crueldad XVII<\/p>\n<\/div><div class=\"fusion-sep-clear\"><\/div><div class=\"fusion-separator\" style=\"margin-left: auto;margin-right: auto;margin-bottom:8%;width:100%;max-width:50%;\"><div class=\"fusion-separator-border sep-single sep-solid\" style=\"--awb-height:20px;--awb-amount:20px;border-color:#d1d1d1;border-top-width:1px;\"><\/div><\/div><div class=\"fusion-sep-clear\"><\/div><div class=\"fusion-title title fusion-title-2 fusion-sep-none fusion-title-center fusion-title-text fusion-title-size-one\" style=\"--awb-margin-bottom:10%;--awb-margin-top-small:0px;--awb-margin-right-small:0px;--awb-margin-bottom-small:20px;--awb-margin-left-small:0px;--awb-font-size:50px;\"><h1 class=\"fusion-title-heading title-heading-center fusion-responsive-typography-calculated\" style=\"margin:0;font-size:1em;--fontSize:50;line-height:1.2;\">Inteligencia y espionaje ilegal<\/h1><\/div><div class=\"fusion-sep-clear\"><\/div><div class=\"fusion-separator fusion-full-width-sep\" style=\"margin-left: auto;margin-right: auto;margin-bottom:4%;width:100%;\"><\/div><div class=\"fusion-sep-clear\"><\/div><div class=\"fusion-button-wrapper fusion-aligncenter\"><a class=\"fusion-button button-flat fusion-button-default-size button-custom fusion-button-default button-2 fusion-button-default-span fusion-button-default-type fusion-animated\" style=\"--button_accent_color:#181818;--button_border_color:#181818;--button_accent_hover_color:#181818;--button_border_hover_color:#ffffff;--button_gradient_top_color:rgba(255,255,255,0);--button_gradient_bottom_color:rgba(255,255,255,0);--button_gradient_top_color_hover:#ffffff;--button_gradient_bottom_color_hover:#ffffff;\" data-animationType=\"fadeInLeft\" data-animationDuration=\"0.3\" data-animationOffset=\"top-into-view\" target=\"_blank\" rel=\"noopener noreferrer\" href=\"https:\/\/www.comisionporlamemoria.org\/informeanual2023\/wp-content\/uploads\/sites\/16\/sites\/40\/2023\/08\/8-Politicas-de-control-de-la-corrupcion-y-del-sistema-de-inteligencia-ilegal-1.pdf\"><span class=\"fusion-button-text awb-button__text awb-button__text--default\">Descargar secci\u00f3n completa en PDF<\/span><i class=\"fa-download fas awb-button__icon awb-button__icon--default button-icon-right\" aria-hidden=\"true\"><\/i><\/a><\/div><\/div><\/div><div class=\"fusion-clearfix\"><\/div><\/div><\/div><\/div><\/div><\/div><div class=\"fusion-fullwidth fullwidth-box fusion-builder-row-2 nonhundred-percent-fullwidth non-hundred-percent-height-scrolling\" style=\"--awb-border-radius-top-left:0px;--awb-border-radius-top-right:0px;--awb-border-radius-bottom-right:0px;--awb-border-radius-bottom-left:0px;--awb-margin-top:5%;--awb-margin-bottom:2%;--awb-flex-wrap:wrap;\" ><div class=\"fusion-builder-row fusion-row\"><div class=\"fusion-layout-column fusion_builder_column fusion-builder-column-2 fusion_builder_column_1_1 1_1 fusion-one-full fusion-column-first fusion-column-last\" style=\"--awb-padding-top:2%;--awb-padding-right:2%;--awb-padding-bottom:2%;--awb-padding-left:2%;--awb-bg-size:cover;--awb-border-color:#181818;--awb-border-top:2px;--awb-border-right:2px;--awb-border-bottom:2px;--awb-border-left:2px;--awb-border-style:solid;\"><div class=\"fusion-column-wrapper fusion-column-has-shadow fusion-flex-column-wrapper-legacy\"><div class=\"fusion-title title fusion-title-3 fusion-sep-none fusion-title-text fusion-title-size-five\" style=\"--awb-margin-top-small:0px;--awb-margin-right-small:0px;--awb-margin-bottom-small:20px;--awb-margin-left-small:0px;\"><h5 class=\"fusion-title-heading title-heading-left fusion-responsive-typography-calculated\" style=\"margin:0;--fontSize:20;--minFontSize:20;line-height:1.5;\">SOBRE ESTA SECCI\u00d3N<\/h5><\/div><div class=\"fusion-text fusion-text-3 fusion-animated\" data-animationType=\"fadeInLeft\" data-animationDuration=\"0.3\" data-animationOffset=\"top-into-view\"><p style=\"text-align: justify;\"><strong>Control de la corrupci\u00f3n y la inteligencia ilegal<\/strong><\/p>\n<p style=\"text-align: justify;\">En el marco del monitoreo de casos de corrupci\u00f3n, en 2022 la CPM registr\u00f3 un total de 134 denuncias sobre pr\u00e1cticas delictivas que involucran a personal policial y penitenciario: 75 hechos ligados a corrupci\u00f3n policial y 61 de corrupci\u00f3n penitenciaria. Sobre aqu\u00e9l total el organismo realiz\u00f3 233 presentaciones, entre acciones judiciales e informes ante la autoridad administrativa correspondiente.<\/p>\n<p style=\"text-align: justify;\">Respecto a la corrupci\u00f3n policial, el 2022 estuvo signado por casos significativos: muertes por consumo de coca\u00edna adulterada en Tres de Febrero y la desaparici\u00f3n y muerte de dos j\u00f3venes en Guernica. En ambos casos la CPM se present\u00f3 como particular damnificado institucional. El caso Scapolan -el exfiscal recientemente destituido- es emblem\u00e1tico sobre este tipo de causas en las que se entremezclan y vinculan las vulneraciones a los derechos humanos y la corrupci\u00f3n.<\/p>\n<p style=\"text-align: justify;\">Durante el a\u00f1o la CPM registr\u00f3 un total de 75 casos de corrupci\u00f3n policial e involucran a 154 efectivos de las fuerzas de seguridad. 69 El 95% (65) corresponde a personal de la Polic\u00eda de la Provincia de Buenos Aires. M\u00e1s de la mitad de los casos de corrupci\u00f3n policial registrados en 2022 por la CPM involucraron a los agentes investigados con hechos de narcocriminalidad y extorsi\u00f3n.<\/p>\n<p style=\"text-align: justify;\">Lo que se observa en los casos de narcocriminalidad es, adem\u00e1s, la mediaci\u00f3n con el sector judicial juega un rol clave a la hora de garantizar la impunidad de estos hechos a trav\u00e9s de un conjunto de pr\u00e1cticas que involucran la manipulaci\u00f3n de evidencia, la incorporaci\u00f3n de testigos falsos, la incriminaci\u00f3n de inocentes a trav\u00e9s de extorsiones y amenazas, as\u00ed como la tergiversaci\u00f3n de denuncias para que las causas se radiquen en fiscal\u00edas y juzgados \u201camigos\u201d. Todas estas estrategias apuntan a desviar, entorpecer y obstaculizar las investigaciones, volviendo al actor judicial-institucional un part\u00edcipe necesario, para perpetrar la impunidad y pervivencia de estas redes de ilegalidad.<\/p>\n<p style=\"text-align: justify;\">Adem\u00e1s de estos estas categor\u00edas, el registro de la CPM releva la participaci\u00f3n de funcionarios policiales en hechos de exacciones ilegales, armado de causas y otras actividades il\u00edcitas como trata de personas, venta de protecci\u00f3n y zonas liberadas, entre otras.<\/p>\n<p style=\"text-align: justify;\">Por otro lado, En el \u00e1mbito penitenciario, la corrupci\u00f3n es una pr\u00e1ctica sistem\u00e1tica y estructural que, al mismo tiempo, produce violencia y tortura sobre las personas privadas de la libertad. En 2022 la CPM registr\u00f3 61 casos de corrupci\u00f3n penitenciaria, siendo las tres categor\u00edas m\u00e1s denunciadas: la comercializaci\u00f3n de espacios y bienes, la extorsi\u00f3n y la narcocriminalidad. Usualmente las autoridades del SPB utilizan instrumentalmente para tales fines, la cadena m\u00e1s d\u00e9bil del sistema penitenciario: las personas detenidas.<\/p>\n<p style=\"text-align: justify;\">Cabe destacar que durante la actual gesti\u00f3n de gobierno, la Auditor\u00eda de Asuntos Internos del SPB implement\u00f3 una pol\u00edtica activa en materia de investigaci\u00f3n de hechos vinculados a actos de corrupci\u00f3n e irregularidades en el sistema penitenciario. Esto se evidenci\u00f3 en un marcado salto en el n\u00famero de sumarios tramitados y un sostenido incremento de los mismos entre 2020 y 2021, con una leve disminuci\u00f3n durante el a\u00f1o 2022.<\/p>\n<p style=\"text-align: justify;\">Seg\u00fan inform\u00f3 la Auditor\u00eda, hasta abril de 2023, se encontraban 1308 sumarios en tr\u00e1mite y 11 sumarios vinculados a hechos de Salud Penitenciaria (10 por abandono de servicio), con 183 agentes penitenciarios sumariados, 77 agentes con pase a disponibilidad, 7 destituidos, 5 sanciones, 6 sobreseimientos y 1 un expediente en Asuntos Jur\u00eddicos del Ministerio de Justicia en tr\u00e1mite.<\/p>\n<p style=\"text-align: justify;\">En materia de inteligencia ilegal se destaca -en el \u00e1mbito provincial- el uso de los recursos de inteligencia por parte de la polic\u00eda (incluso por funcionarios judiciales, como en el caso Scapolan) para el acceso a informaci\u00f3n clave en materia de narcocriminalidad para cometer il\u00edcitos, el fraguado de causas con fines extorsivos, as\u00ed como la incorporaci\u00f3n de falsas tareas investigativas en expedientes judiciales por comercializaci\u00f3n de estupefacientes.<\/p>\n<p style=\"text-align: justify;\">Las pr\u00e1cticas ilegales de inteligencia no se alojan ya en los llamados \u201cs\u00f3tanos de la democracia\u201d sino que hace casi una d\u00e9cada han emergido a la superficie como parte de la din\u00e1mica pol\u00edtica, particularmente en el per\u00edodo 2016-2019, tanto a nivel nacional como en la Provincia de Buenos Aires.<\/p>\n<p style=\"text-align: justify;\">La CPM interviene como querellante y\/o denunciante en investigaciones que tramitan tanto en la justicia federal como en el sistema de enjuiciamiento de magistrados y funcionarios judiciales bonaerense, como por ejemplo en la causa que investiga una asociaci\u00f3n il\u00edcita conformada por las principales autoridades de la Agencia Federal de Inteligencia -entre ellos, el director Gustavo Arribas y la subdirectora Silvia Majdalani- destinada a obtener informaci\u00f3n por medios ilegales de personalidades pol\u00edticas, miembros de organizaciones sociales y religiosas y personas detenidas en el penal federal de Ezeiza y la Alcaid\u00eda de Melchor Romero.<\/p>\n<p style=\"text-align: justify;\">Sin embargo, el avance de las distintas causas en las que se juzgan presuntas pr\u00e1cticas de inteligencia ilegal se vio frenado por el corporativismo judicial que, con epicentro en los tribunales federales de Comodoro Py, ha funcionado como dispositivo de protecci\u00f3n pol\u00edtica y judicial de muchos de los imputados.<\/p>\n<\/div><div class=\"fusion-clearfix\"><\/div><\/div><\/div><\/div><\/div><div class=\"fusion-fullwidth fullwidth-box fusion-builder-row-3 fusion-flex-container nonhundred-percent-fullwidth non-hundred-percent-height-scrolling\" style=\"--awb-border-radius-top-left:0px;--awb-border-radius-top-right:0px;--awb-border-radius-bottom-right:0px;--awb-border-radius-bottom-left:0px;--awb-flex-wrap:wrap;\" ><div class=\"fusion-builder-row fusion-row fusion-flex-align-items-flex-start fusion-flex-content-wrap\" style=\"max-width:83.2%;margin-left: calc(-4% \/ 2 );margin-right: calc(-4% \/ 2 );\"><div class=\"fusion-layout-column fusion_builder_column fusion-builder-column-3 fusion_builder_column_1_1 1_1 fusion-flex-column\" style=\"--awb-bg-size:cover;--awb-width-large:100%;--awb-margin-top-large:20px;--awb-spacing-right-large:1.92%;--awb-margin-bottom-large:20px;--awb-spacing-left-large:1.92%;--awb-width-medium:100%;--awb-order-medium:0;--awb-spacing-right-medium:1.92%;--awb-spacing-left-medium:1.92%;--awb-width-small:100%;--awb-order-small:0;--awb-spacing-right-small:1.92%;--awb-spacing-left-small:1.92%;\"><div class=\"fusion-column-wrapper fusion-column-has-shadow fusion-flex-justify-content-flex-start fusion-content-layout-column\"><div class=\"fusion-text fusion-text-4\">\n<\/div><\/div><\/div><\/div><\/div><\/p>\n","protected":false},"excerpt":{"rendered":"","protected":false},"author":14,"featured_media":3173,"parent":0,"menu_order":0,"comment_status":"closed","ping_status":"closed","template":"100-width.php","meta":{"footnotes":""},"class_list":["post-2548","page","type-page","status-publish","has-post-thumbnail","hentry"],"_links":{"self":[{"href":"https:\/\/www.comisionporlamemoria.org\/informeanual2023\/wp-json\/wp\/v2\/pages\/2548","targetHints":{"allow":["GET"]}}],"collection":[{"href":"https:\/\/www.comisionporlamemoria.org\/informeanual2023\/wp-json\/wp\/v2\/pages"}],"about":[{"href":"https:\/\/www.comisionporlamemoria.org\/informeanual2023\/wp-json\/wp\/v2\/types\/page"}],"author":[{"embeddable":true,"href":"https:\/\/www.comisionporlamemoria.org\/informeanual2023\/wp-json\/wp\/v2\/users\/14"}],"replies":[{"embeddable":true,"href":"https:\/\/www.comisionporlamemoria.org\/informeanual2023\/wp-json\/wp\/v2\/comments?post=2548"}],"version-history":[{"count":0,"href":"https:\/\/www.comisionporlamemoria.org\/informeanual2023\/wp-json\/wp\/v2\/pages\/2548\/revisions"}],"wp:featuredmedia":[{"embeddable":true,"href":"https:\/\/www.comisionporlamemoria.org\/informeanual2023\/wp-json\/wp\/v2\/media\/3173"}],"wp:attachment":[{"href":"https:\/\/www.comisionporlamemoria.org\/informeanual2023\/wp-json\/wp\/v2\/media?parent=2548"}],"curies":[{"name":"wp","href":"https:\/\/api.w.org\/{rel}","templated":true}]}}