{"id":2800,"date":"2022-07-19T18:12:14","date_gmt":"2022-07-19T18:12:14","guid":{"rendered":"https:\/\/www.comisionporlamemoria.org\/informeanual2023\/?page_id=2800"},"modified":"2023-08-18T14:40:07","modified_gmt":"2023-08-18T17:40:07","slug":"la-delegacion-de-la-investigacion-en-la-policia","status":"publish","type":"page","link":"https:\/\/www.comisionporlamemoria.org\/informeanual2023\/la-delegacion-de-la-investigacion-en-la-policia\/","title":{"rendered":"La delegaci\u00f3n de la investigaci\u00f3n en la polic\u00eda"},"content":{"rendered":"<p><div class=\"fusion-fullwidth fullwidth-box fusion-builder-row-1 nonhundred-percent-fullwidth non-hundred-percent-height-scrolling\" style=\"--awb-border-radius-top-left:0px;--awb-border-radius-top-right:0px;--awb-border-radius-bottom-right:0px;--awb-border-radius-bottom-left:0px;--awb-padding-top:8%;--awb-flex-wrap:wrap;\" ><div class=\"fusion-builder-row fusion-row\"><div class=\"fusion-layout-column fusion_builder_column fusion-builder-column-0 fusion_builder_column_3_4 3_4 fusion-three-fourth fusion-column-first\" style=\"--awb-bg-size:cover;--awb-margin-top:0px;--awb-margin-bottom:0px;width:75%;width:calc(75% - ( ( 4% ) * 0.75 ) );margin-right: 4%;\"><div class=\"fusion-column-wrapper fusion-column-has-shadow fusion-flex-column-wrapper-legacy\"><div class=\"fusion-text fusion-text-1 caption\"><p>INFORME ANUAL 2023<\/p>\n<\/div><div class=\"fusion-title title fusion-title-1 fusion-sep-none fusion-title-text fusion-title-size-two\" style=\"--awb-margin-top-small:0px;--awb-margin-right-small:0px;--awb-margin-bottom-small:20px;--awb-margin-left-small:0px;\"><h2 class=\"fusion-title-heading title-heading-left fusion-responsive-typography-calculated\" style=\"margin:0;--fontSize:72;line-height:1.28;\">La delegaci\u00f3n de la investigaci\u00f3n en la polic\u00eda<\/h2><\/div><div class=\"fusion-sep-clear\"><\/div><div class=\"fusion-separator fusion-clearfix\" style=\"float:left;margin-top:12%;margin-bottom:4%;width:100%;max-width:32px;\"><div class=\"fusion-separator-border sep-single sep-solid\" style=\"--awb-height:20px;--awb-amount:20px;--awb-sep-color:#181818;border-color:#181818;border-top-width:2px;\"><\/div><\/div><div class=\"fusion-sep-clear\"><\/div><div class=\"fusion-clearfix\"><\/div><\/div><\/div><div class=\"fusion-layout-column fusion_builder_column fusion-builder-column-1 fusion_builder_column_1_4 1_4 fusion-one-fourth fusion-column-last fusion-no-small-visibility fusion-no-medium-visibility\" style=\"--awb-bg-size:cover;width:25%;width:calc(25% - ( ( 4% ) * 0.25 ) );\"><div class=\"fusion-column-wrapper fusion-flex-column-wrapper-legacy\"><div class=\"fusion-clearfix\"><\/div><\/div><\/div><\/div><\/div><div class=\"fusion-fullwidth fullwidth-box fusion-builder-row-2 fusion-flex-container nonhundred-percent-fullwidth non-hundred-percent-height-scrolling\" style=\"--awb-border-radius-top-left:0px;--awb-border-radius-top-right:0px;--awb-border-radius-bottom-right:0px;--awb-border-radius-bottom-left:0px;--awb-flex-wrap:wrap;\" ><div class=\"fusion-builder-row fusion-row fusion-flex-align-items-flex-start fusion-flex-content-wrap\" style=\"max-width:83.2%;margin-left: calc(-4% \/ 2 );margin-right: calc(-4% \/ 2 );\"><div class=\"fusion-layout-column fusion_builder_column fusion-builder-column-2 fusion_builder_column_1_1 1_1 fusion-flex-column\" style=\"--awb-bg-size:cover;--awb-width-large:100%;--awb-margin-top-large:20px;--awb-spacing-right-large:1.92%;--awb-margin-bottom-large:20px;--awb-spacing-left-large:1.92%;--awb-width-medium:100%;--awb-order-medium:0;--awb-spacing-right-medium:1.92%;--awb-spacing-left-medium:1.92%;--awb-width-small:100%;--awb-order-small:0;--awb-spacing-right-small:1.92%;--awb-spacing-left-small:1.92%;\"><div class=\"fusion-column-wrapper fusion-column-has-shadow fusion-flex-justify-content-flex-start fusion-content-layout-column\"><div class=\"fusion-text fusion-text-2\"><p style=\"text-align: justify;\">Con excepci\u00f3n del a\u00f1o 2020, como producto de la pandemia, la persecuci\u00f3n penal crece a\u00f1o a a\u00f1o. Durante 2022 el Ministerio P\u00fablico Fiscal inici\u00f3 924.492 investigaciones penales contra mayores de 18 a\u00f1os, lo que equivale a 2.533 investigaciones iniciadas por d\u00eda. Una parte de esas investigaciones gener\u00f3 privaciones de libertad: en 2022 se ordenaron 38.179 privaciones basadas principalmente en sumarios confeccionados por la polic\u00eda.<\/p>\n<\/div><div class=\"fusion-text fusion-text-3\"><p><strong>Aprehensiones policiales en 2022<\/strong><\/p>\n<\/div><div class=\"fusion-counters-box counters-box row fusion-clearfix fusion-columns-2\" style=\"--awb-color:#9f001c;--awb-title-size:100;\"><div class=\"fusion-counter-box fusion-column col-counter-box counter-box-wrapper col-lg-6 col-md-6 col-sm-6\" data-animationOffset=\"top-into-view\"><div class=\"counter-box-container\"><div class=\"content-box-percentage content-box-counter\"><span class=\"display-counter\" data-value=\"34624\" data-direction=\"up\" data-decimals=\"0\">0<\/span><\/div><div class=\"counter-box-content\">sin orden judicial<\/div><\/div><\/div><div class=\"fusion-counter-box fusion-column col-counter-box counter-box-wrapper col-lg-6 col-md-6 col-sm-6\" data-animationOffset=\"top-into-view\"><div class=\"counter-box-container\"><div class=\"content-box-percentage content-box-counter\"><span class=\"display-counter\" data-value=\"3555\" data-direction=\"up\" data-decimals=\"0\">0<\/span><\/div><div class=\"counter-box-content\">con orden judicial<\/div><\/div><\/div><\/div><div class=\"fusion-separator fusion-full-width-sep\" style=\"align-self: center;margin-left: auto;margin-right: auto;margin-top:2%;margin-bottom:2%;width:100%;\"><\/div><div class=\"fusion-text fusion-text-4\"><p style=\"text-align: justify;\">Como muestra el gr\u00e1fico, entre 2012-2022 s\u00f3lo el 11% del total de privaciones de libertad fueron producto de una orden judicial. Siguen predominando las detenciones policiales sin orden judicial previa, requisito constitucional incumplido por la polic\u00eda y el poder judicial.<\/p>\n<\/div><style type=\"text\/css\">#fusion-chart-1 .fusion-chart-legend-wrap li:nth-child(1) span{color: #ffffff;}#fusion-chart-1 .fusion-chart-legend-wrap li:nth-child(2) span{color: #ffffff;}<\/style><div id=\"fusion-chart-1\" class=\"fusion-chart legend-top\" data-type=\"bar\" data-chart_legend_position=\"top\" data-x_axis_labels=\"2012|2013|2014|2015|2016|2017|2018|2019|2020|2021|2022\" data-x_axis_label=\"A\u00f1o\" data-y_axis_label=\"Cantidad\" data-show_tooltips=\"yes\" data-bg_colors=\"rgba(0,188,212,1)|rgba(139,195,74,1)|rgba(255,152,0,1)||||||||\" data-border_colors=\"rgba(0,188,212,1)|rgba(139,195,74,1)|rgba(255,152,0,1)||||||||\" data-border_size=\"1\" data-border_type=\"smooth\" data-chart_fill=\"off\" data-chart_point_style=\"circle\" data-chart_point_size=\"3\" data-chart_axis_text_color=\"rgba(103,103,103,1)\" data-chart_gridline_color=\"rgba(0,0,0,0.1)\"><div class=\"fusion-chart-dataset\" data-label=\"Aprehensiones policiales\" data-values=\"24581|29201|32606|31819|33696|35057|39756|41759|33072|35227|34624\" data-background_color=\"rgba(0,188,212,1)\" data-border_color=\"rgba(0,188,212,1)\"><\/div><div class=\"fusion-chart-dataset\" data-label=\"Detenciones con orden judicial\" data-values=\"3062|3134|3451|3596|3984|4708|5284|5762|4535|3898|3555\" data-background_color=\"rgba(248,168,21,1)\" data-border_color=\"rgba(248,168,21,1)\"><\/div><h4 class=\"fusion-chart-title\">Privaciones de libertad dictadas por el poder judicial, seg\u00fan modo de inicio, Provincia de Buenos Aires, 2012-2022<\/h4><div class=\"fusion-chart-inner\"><div class=\"fusion-chart-wrap\"><canvas><\/canvas><\/div><div class=\"fusion-chart-legend-wrap\"><\/div><\/div><\/div><div class=\"fusion-text fusion-text-5 resp-container\"><p><span id=\"imagen\" style=\"font-size: 10pt; font-family: Tahoma, Arial, Helvetica, sans-serif;\"><b>Fuente:<\/b> <span id=\"imagen\">CPM en base al RUD de la Procuraci\u00f3n General de la provincia de Buenos Aires. <\/span><br \/>\n<\/span><\/p>\n<\/div><div class=\"fusion-separator fusion-full-width-sep\" style=\"align-self: center;margin-left: auto;margin-right: auto;margin-top:2%;margin-bottom:2%;width:100%;\"><\/div><\/div><\/div><\/div><\/div><div class=\"fusion-fullwidth fullwidth-box fusion-builder-row-3 fusion-flex-container nonhundred-percent-fullwidth non-hundred-percent-height-scrolling\" style=\"--awb-border-radius-top-left:0px;--awb-border-radius-top-right:0px;--awb-border-radius-bottom-right:0px;--awb-border-radius-bottom-left:0px;--awb-flex-wrap:wrap;\" ><div class=\"fusion-builder-row fusion-row fusion-flex-align-items-flex-start fusion-flex-content-wrap\" style=\"max-width:83.2%;margin-left: calc(-4% \/ 2 );margin-right: calc(-4% \/ 2 );\"><div class=\"fusion-layout-column fusion_builder_column fusion-builder-column-3 fusion_builder_column_1_1 1_1 fusion-flex-column\" style=\"--awb-bg-size:cover;--awb-width-large:100%;--awb-margin-top-large:20px;--awb-spacing-right-large:1.92%;--awb-margin-bottom-large:20px;--awb-spacing-left-large:1.92%;--awb-width-medium:100%;--awb-order-medium:0;--awb-spacing-right-medium:1.92%;--awb-spacing-left-medium:1.92%;--awb-width-small:100%;--awb-order-small:0;--awb-spacing-right-small:1.92%;--awb-spacing-left-small:1.92%;\"><div class=\"fusion-column-wrapper fusion-column-has-shadow fusion-flex-justify-content-flex-start fusion-content-layout-column\"><div class=\"fusion-text fusion-text-6\"><p><strong>Arbitrariedad policial<\/strong><\/p>\n<\/div><div class=\"fusion-text fusion-text-7\"><p style=\"text-align: justify;\">Durante 2022 la polic\u00eda bonaerense aprehendi\u00f3 222.145 personas adultas, de las cuales apenas 38.179 (17%) fueron privadas de su libertad por imputaci\u00f3n judicial de un delito y s\u00f3lo 18.920 (8%) ingresaron al Servicio Penitenciario Bonaerense.<\/p>\n<p style=\"text-align: justify;\">Esta diferencia pone de manifiesto el gobierno policial de los territorios a partir de la saturaci\u00f3n de efectivos, dirigido a controlar y perseguir a los sectores vulnerados independientemente de sus fundamentos y efectos legales. El 83 % de las aprehensiones no se vinculan con la comisi\u00f3n de delitos sino a este control.<\/p>\n<\/div><div class=\"fusion-image-element \" style=\"--awb-caption-title-font-family:var(--h2_typography-font-family);--awb-caption-title-font-weight:var(--h2_typography-font-weight);--awb-caption-title-font-style:var(--h2_typography-font-style);--awb-caption-title-size:var(--h2_typography-font-size);--awb-caption-title-transform:var(--h2_typography-text-transform);--awb-caption-title-line-height:var(--h2_typography-line-height);--awb-caption-title-letter-spacing:var(--h2_typography-letter-spacing);\"><span class=\" fusion-imageframe imageframe-none imageframe-1 hover-type-none\"><img decoding=\"async\" width=\"796\" height=\"256\" title=\"Relacion-entre-aprehensiones-policiales-privaciones-de-libertad-e-ingresos-al-SPB-Provincia-de-Buenos-Aires-2019-20222\" data-src=\"https:\/\/www.comisionporlamemoria.org\/informeanual2023\/wp-content\/uploads\/sites\/16\/sites\/40\/2023\/08\/Relacion-entre-aprehensiones-policiales-privaciones-de-libertad-e-ingresos-al-SPB-Provincia-de-Buenos-Aires-2019-20222.png\" alt class=\"img-responsive wp-image-3090 lazyload\" data-srcset=\"https:\/\/www.comisionporlamemoria.org\/informeanual2023\/wp-content\/uploads\/sites\/16\/sites\/40\/2023\/08\/Relacion-entre-aprehensiones-policiales-privaciones-de-libertad-e-ingresos-al-SPB-Provincia-de-Buenos-Aires-2019-20222-200x64.png 200w, https:\/\/www.comisionporlamemoria.org\/informeanual2023\/wp-content\/uploads\/sites\/16\/sites\/40\/2023\/08\/Relacion-entre-aprehensiones-policiales-privaciones-de-libertad-e-ingresos-al-SPB-Provincia-de-Buenos-Aires-2019-20222-400x129.png 400w, https:\/\/www.comisionporlamemoria.org\/informeanual2023\/wp-content\/uploads\/sites\/16\/sites\/40\/2023\/08\/Relacion-entre-aprehensiones-policiales-privaciones-de-libertad-e-ingresos-al-SPB-Provincia-de-Buenos-Aires-2019-20222-600x193.png 600w, https:\/\/www.comisionporlamemoria.org\/informeanual2023\/wp-content\/uploads\/sites\/16\/sites\/40\/2023\/08\/Relacion-entre-aprehensiones-policiales-privaciones-de-libertad-e-ingresos-al-SPB-Provincia-de-Buenos-Aires-2019-20222.png 796w\" data-sizes=\"(max-width: 1024px) 100vw, (max-width: 640px) 100vw, 796px\" src=\"data:image\/svg+xml;base64,PHN2ZyB3aWR0aD0iMSIgaGVpZ2h0PSIxIiB4bWxucz0iaHR0cDovL3d3dy53My5vcmcvMjAwMC9zdmciPjwvc3ZnPg==\" style=\"--smush-placeholder-width: 796px; --smush-placeholder-aspect-ratio: 796\/256;\" \/><\/span><\/div><div class=\"fusion-separator fusion-full-width-sep\" style=\"align-self: center;margin-left: auto;margin-right: auto;margin-top:2%;margin-bottom:2%;width:100%;\"><\/div><\/div><\/div><\/div><\/div><div class=\"fusion-fullwidth fullwidth-box fusion-builder-row-4 fusion-flex-container nonhundred-percent-fullwidth non-hundred-percent-height-scrolling\" style=\"--awb-border-radius-top-left:0px;--awb-border-radius-top-right:0px;--awb-border-radius-bottom-right:0px;--awb-border-radius-bottom-left:0px;--awb-flex-wrap:wrap;\" ><div class=\"fusion-builder-row fusion-row fusion-flex-align-items-flex-start fusion-flex-content-wrap\" style=\"max-width:83.2%;margin-left: calc(-4% \/ 2 );margin-right: calc(-4% \/ 2 );\"><div class=\"fusion-layout-column fusion_builder_column fusion-builder-column-4 fusion_builder_column_1_1 1_1 fusion-flex-column\" style=\"--awb-bg-size:cover;--awb-width-large:100%;--awb-margin-top-large:20px;--awb-spacing-right-large:1.92%;--awb-margin-bottom-large:20px;--awb-spacing-left-large:1.92%;--awb-width-medium:100%;--awb-order-medium:0;--awb-spacing-right-medium:1.92%;--awb-spacing-left-medium:1.92%;--awb-width-small:100%;--awb-order-small:0;--awb-spacing-right-small:1.92%;--awb-spacing-left-small:1.92%;\"><div class=\"fusion-column-wrapper fusion-column-has-shadow fusion-flex-justify-content-flex-start fusion-content-layout-column\"><div ><a class=\"fusion-button button-flat fusion-button-default-size button-default fusion-button-default button-1 fusion-button-default-span fusion-button-default-type\" target=\"_self\" href=\"https:\/\/www.comisionporlamemoria.org\/datosabiertos\"><i class=\"fa-external-link-alt fas awb-button__icon awb-button__icon--default button-icon-left\" aria-hidden=\"true\"><\/i><span class=\"fusion-button-text awb-button__text awb-button__text--default\">Ver m\u00e1s en el sitio de Datos Abiertos<\/span><\/a><\/div><\/div><\/div><\/div><\/div><\/p>\n","protected":false},"excerpt":{"rendered":"","protected":false},"author":40,"featured_media":3004,"parent":0,"menu_order":0,"comment_status":"closed","ping_status":"closed","template":"","meta":{"footnotes":""},"class_list":["post-2800","page","type-page","status-publish","has-post-thumbnail","hentry"],"_links":{"self":[{"href":"https:\/\/www.comisionporlamemoria.org\/informeanual2023\/wp-json\/wp\/v2\/pages\/2800","targetHints":{"allow":["GET"]}}],"collection":[{"href":"https:\/\/www.comisionporlamemoria.org\/informeanual2023\/wp-json\/wp\/v2\/pages"}],"about":[{"href":"https:\/\/www.comisionporlamemoria.org\/informeanual2023\/wp-json\/wp\/v2\/types\/page"}],"author":[{"embeddable":true,"href":"https:\/\/www.comisionporlamemoria.org\/informeanual2023\/wp-json\/wp\/v2\/users\/40"}],"replies":[{"embeddable":true,"href":"https:\/\/www.comisionporlamemoria.org\/informeanual2023\/wp-json\/wp\/v2\/comments?post=2800"}],"version-history":[{"count":0,"href":"https:\/\/www.comisionporlamemoria.org\/informeanual2023\/wp-json\/wp\/v2\/pages\/2800\/revisions"}],"wp:featuredmedia":[{"embeddable":true,"href":"https:\/\/www.comisionporlamemoria.org\/informeanual2023\/wp-json\/wp\/v2\/media\/3004"}],"wp:attachment":[{"href":"https:\/\/www.comisionporlamemoria.org\/informeanual2023\/wp-json\/wp\/v2\/media?parent=2800"}],"curies":[{"name":"wp","href":"https:\/\/api.w.org\/{rel}","templated":true}]}}