{"id":3034,"date":"2023-08-07T09:48:38","date_gmt":"2023-08-07T12:48:38","guid":{"rendered":"https:\/\/www.comisionporlamemoria.org\/informeanual2023\/?page_id=3034"},"modified":"2023-08-25T15:27:12","modified_gmt":"2023-08-25T18:27:12","slug":"equipos","status":"publish","type":"page","link":"https:\/\/www.comisionporlamemoria.org\/informeanual2023\/equipos\/","title":{"rendered":"Equipos"},"content":{"rendered":"<p><div class=\"fusion-fullwidth fullwidth-box fusion-builder-row-1 has-pattern-background has-mask-background hundred-percent-fullwidth hundred-percent-height hundred-percent-height-center-content non-hundred-percent-height-scrolling fusion-equal-height-columns\" style=\"--awb-border-radius-top-left:0px;--awb-border-radius-top-right:0px;--awb-border-radius-bottom-right:0px;--awb-border-radius-bottom-left:0px;--awb-padding-top:0px;--awb-padding-right:0px;--awb-padding-bottom:0px;--awb-padding-left:0px;--awb-flex-wrap:wrap;\" ><div class=\"fusion-fullwidth-center-content\"><div class=\"fusion-builder-row fusion-row\"><div class=\"fusion-layout-column fusion_builder_column fusion-builder-column-0 fusion_builder_column_1_1 1_1 fusion-one-full fusion-column-first fusion-column-last fusion-no-small-visibility fusion-no-medium-visibility fusion-animated\" style=\"--awb-padding-top:20%;--awb-padding-right:12%;--awb-padding-bottom:18%;--awb-padding-left:12%;--awb-bg-size:cover;--awb-margin-top:0px;--awb-margin-bottom:0px;\" data-animationType=\"fadeIn\" data-animationDuration=\"0.8\" data-animationOffset=\"top-into-view\"><div class=\"fusion-column-wrapper fusion-column-has-shadow fusion-flex-column-wrapper-legacy\"><div class=\"fusion-column-content-centered\"><div class=\"fusion-column-content\"><div class=\"fusion-text fusion-text-1 fusion-animated\" style=\"--awb-font-size:20px;\" data-animationType=\"fadeInLeft\" data-animationDuration=\"0.7\" data-animationOffset=\"top-into-view\"><p style=\"text-align: center;\">El sistema de la crueldad XVII<\/p>\n<\/div><div class=\"fusion-sep-clear\"><\/div><div class=\"fusion-separator\" style=\"margin-left: auto;margin-right: auto;margin-bottom:10%;width:100%;max-width:50%;\"><div class=\"fusion-separator-border sep-single sep-solid\" style=\"--awb-height:20px;--awb-amount:20px;border-color:#d1d1d1;border-top-width:1px;\"><\/div><\/div><div class=\"fusion-sep-clear\"><\/div><div class=\"fusion-title title fusion-title-1 fusion-sep-none fusion-title-center fusion-title-text fusion-title-size-two\" style=\"--awb-margin-top-small:0px;--awb-margin-right-small:0px;--awb-margin-bottom-small:20px;--awb-margin-left-small:0px;--awb-font-size:50px;\"><h2 class=\"fusion-title-heading title-heading-center fusion-responsive-typography-calculated\" style=\"margin:0;font-size:1em;--fontSize:50;line-height:1.28;\">Equipos<\/h2><\/div><div class=\"fusion-sep-clear\"><\/div><div class=\"fusion-separator fusion-full-width-sep\" style=\"margin-left: auto;margin-right: auto;margin-bottom:10%;width:100%;\"><\/div><div class=\"fusion-sep-clear\"><\/div><\/div><\/div><div class=\"fusion-clearfix\"><\/div><\/div><\/div><div class=\"fusion-layout-column fusion_builder_column fusion-builder-column-1 fusion_builder_column_1_1 1_1 fusion-one-full fusion-column-first fusion-column-last fusion-no-large-visibility\" style=\"--awb-padding-top:8%;--awb-padding-bottom:8%;--awb-bg-size:cover;--awb-margin-top:0px;--awb-margin-bottom:0px;\"><div class=\"fusion-column-wrapper fusion-column-has-shadow fusion-flex-column-wrapper-legacy\"><div class=\"fusion-column-content-centered\"><div class=\"fusion-column-content\"><div class=\"fusion-text fusion-text-2\"><p style=\"text-align: center;\">Sistema de la crueldad XVII<\/p>\n<\/div><div class=\"fusion-sep-clear\"><\/div><div class=\"fusion-separator\" style=\"margin-left: auto;margin-right: auto;margin-bottom:8%;width:100%;max-width:50%;\"><div class=\"fusion-separator-border sep-single sep-solid\" style=\"--awb-height:20px;--awb-amount:20px;border-color:#d1d1d1;border-top-width:1px;\"><\/div><\/div><div class=\"fusion-sep-clear\"><\/div><div class=\"fusion-title title fusion-title-2 fusion-sep-none fusion-title-center fusion-title-text fusion-title-size-one\" style=\"--awb-margin-bottom:10%;--awb-margin-top-small:0px;--awb-margin-right-small:0px;--awb-margin-bottom-small:20px;--awb-margin-left-small:0px;--awb-font-size:50px;\"><h1 class=\"fusion-title-heading title-heading-center fusion-responsive-typography-calculated\" style=\"margin:0;font-size:1em;--fontSize:50;line-height:1.2;\">Equipos<\/h1><\/div><div class=\"fusion-sep-clear\"><\/div><div class=\"fusion-separator fusion-full-width-sep\" style=\"margin-left: auto;margin-right: auto;margin-bottom:4%;width:100%;\"><\/div><div class=\"fusion-sep-clear\"><\/div><\/div><\/div><div class=\"fusion-clearfix\"><\/div><\/div><\/div><\/div><\/div><\/div><div class=\"fusion-fullwidth fullwidth-box fusion-builder-row-2 nonhundred-percent-fullwidth non-hundred-percent-height-scrolling\" style=\"--awb-border-sizes-top:0;--awb-border-sizes-bottom:0;--awb-border-sizes-left:0;--awb-border-sizes-right:0;--awb-border-color:#ea0000;--awb-border-radius-top-left:0px;--awb-border-radius-top-right:0px;--awb-border-radius-bottom-right:0px;--awb-border-radius-bottom-left:0px;--awb-margin-top:5%;--awb-margin-bottom:2%;--awb-flex-wrap:wrap;\" ><div class=\"fusion-builder-row fusion-row\"><div class=\"fusion-layout-column fusion_builder_column fusion-builder-column-2 fusion_builder_column_1_1 1_1 fusion-one-full fusion-column-first fusion-column-last\" style=\"--awb-padding-top:2%;--awb-padding-right:2%;--awb-padding-bottom:2%;--awb-padding-left:2%;--awb-bg-size:cover;--awb-border-color:#c1271c;--awb-border-top:3px;--awb-border-right:3px;--awb-border-bottom:3px;--awb-border-left:3px;--awb-border-style:solid;\"><div class=\"fusion-column-wrapper fusion-column-has-shadow fusion-flex-column-wrapper-legacy\"><div class=\"fusion-text fusion-text-3 fusion-animated\" data-animationType=\"fadeInLeft\" data-animationDuration=\"0.3\" data-animationOffset=\"top-into-view\"><p><strong>Ilustraci\u00f3n de tapa<\/strong><br \/>\nFrancisco Luj\u00e1n Bus Soto<\/p>\n<p><strong>Ilustraci\u00f3n de portadas<\/strong><br \/>\nMarcelo Cardozo Pared<br \/>\nJorge Goyano Rodr\u00edguez<br \/>\nGabriel Vivas Chavez<br \/>\nBraian Brady Landriel<br \/>\nFrancisco Luj\u00e1n Bus Soto<\/p>\n<p>Los ilustradores son integrantes de la editorial Cuenteros, verseros y poetas, constituida hace m\u00e1s de diez a\u00f1os en el Pabell\u00f3n 4 de la Unidad Penal 23 de Florencio Varela, un penal de m\u00e1xima seguridad.<\/p>\n<p>El trabajo fue realizado en el marco de un intercambio en talleres de trabajo con distintos equipos de la CPM.<\/p>\n<\/div><div class=\"fusion-clearfix\"><\/div><\/div><\/div><\/div><\/div><div class=\"fusion-fullwidth fullwidth-box fusion-builder-row-3 nonhundred-percent-fullwidth non-hundred-percent-height-scrolling\" style=\"--awb-border-radius-top-left:0px;--awb-border-radius-top-right:0px;--awb-border-radius-bottom-right:0px;--awb-border-radius-bottom-left:0px;--awb-margin-top:5%;--awb-margin-bottom:2%;--awb-flex-wrap:wrap;\" ><div class=\"fusion-builder-row fusion-row\"><div class=\"fusion-layout-column fusion_builder_column fusion-builder-column-3 fusion_builder_column_1_1 1_1 fusion-one-full fusion-column-first fusion-column-last\" style=\"--awb-padding-top:2%;--awb-padding-right:2%;--awb-padding-bottom:2%;--awb-padding-left:2%;--awb-bg-size:cover;--awb-border-color:#181818;--awb-border-top:2px;--awb-border-right:2px;--awb-border-bottom:2px;--awb-border-left:2px;--awb-border-style:solid;\"><div class=\"fusion-column-wrapper fusion-column-has-shadow fusion-flex-column-wrapper-legacy\"><div class=\"fusion-title title fusion-title-3 fusion-sep-none fusion-title-text fusion-title-size-five\" style=\"--awb-margin-top-small:0px;--awb-margin-right-small:0px;--awb-margin-bottom-small:20px;--awb-margin-left-small:0px;\"><h5 class=\"fusion-title-heading title-heading-left fusion-responsive-typography-calculated\" style=\"margin:0;--fontSize:20;--minFontSize:20;line-height:1.5;\">EL EQUIPO<\/h5><\/div><div class=\"fusion-text fusion-text-4 fusion-animated\" data-animationType=\"fadeInLeft\" data-animationDuration=\"0.3\" data-animationOffset=\"top-into-view\"><p style=\"text-align: justify;\"><strong>COMISI\u00d3N PROVINCIAL POR LA MEMORIA<\/strong><\/p>\n<p style=\"text-align: justify;\">Adolfo P\u00e9rez Esquivel (presidente)<br \/>\nDora Barrancos (presidenta)<br \/>\nV\u00edctor De Gennaro (vicepresidente)<br \/>\nAna Barletta (vicepresidenta)<br \/>\nRoberto Cipriano Garc\u00eda (secretario)<br \/>\nGuillermo Torremare (pro-secretario)<br \/>\nErnesto Alonso (tesorero)<br \/>\nAna Mar\u00eda Soffiantini (pro-tesorera)<br \/>\nV\u00edctor Mendibil<br \/>\nSusana M\u00e9ndez<br \/>\nNora Corti\u00f1as<br \/>\nYamila Zavala Rodr\u00edguez<br \/>\nMar\u00eda Sonder\u00e9guer<br \/>\nLaura Ginsberg<br \/>\nGonzalo Conte<\/p>\n<p style=\"text-align: justify;\"><strong>Consultores acad\u00e9micos<\/strong><br \/>\nBaltasar Garz\u00f3n, Theo Van Boven, Antonio Gonz\u00e1lez Quintana, Patricia Funes.<\/p>\n<p style=\"text-align: justify;\"><strong>Mesa ejecutiva<\/strong><br \/>\n<em>Coordinador:<\/em> Roberto F. Cipriano Garc\u00eda<br \/>\n<em>Integrantes:<\/em> Ernesto Alonso, Ana Barletta, Yamila Zavala Rodr\u00edguez, Sandra Raggio, Valeria Corfiel.<br \/>\n<em>Direcci\u00f3n general de \u00e1reas:<\/em> Sandra Raggio<br \/>\n<em>Direcci\u00f3n de administraci\u00f3n:<\/em> Valeria Corfiel<\/p>\n<p style=\"text-align: justify;\"><strong>MECANISMO LOCAL DE PREVENCI\u00d3N DE LA TORTURA<\/strong><br \/>\n<strong>\u00c1REA DE COMIT\u00c9 CONTRA LA TORTURA<\/strong><br \/>\n<strong>Programa de inspecciones a lugares de detenci\u00f3n<\/strong><br \/>\n<em>Director:<\/em> Juan Manuel Introzzi<br \/>\n<em>Directora:<\/em> Antonella Mirenghi<br \/>\n<em>Subdirector:<\/em> Sebasti\u00e1n Michelin Salom\u00f3n<br \/>\n<em>Coordinadoras:<\/em> Ailin Bonansea, Mar\u00eda Bel\u00e9n Jacinto.<br \/>\n<em>Equipo:<\/em> Ra\u00fal Borzzone, Mateo Compagnucci, Mart\u00edn Frontera, Sof\u00eda Ungemach, F\u00e1tima Su\u00e1rez, Josefina T\u00e9vez.<\/p>\n<p style=\"text-align: justify;\"><strong>Programa de recepci\u00f3n de denuncias<\/strong><br \/>\n<em>Directora:<\/em> Mar\u00eda Victoria Noielli<br \/>\n<em>Coordinadoras:<\/em> Melina Boffelli, Paula Fraile, Agustina Sala Victorica, Sof\u00eda Schieck.<br \/>\n<em>Equipo:<\/em> Mar\u00eda Clara Benavides, Josefina Claver Bello, Camila Costilla Scalia, Conrado Gabillondo, Mar\u00eda Julia Pandolfi, Florencia Simone, Sof\u00eda Touceda.<\/p>\n<p style=\"text-align: justify;\"><strong>Programa de intervenciones complejas y colectivas<\/strong><br \/>\n<em>Director:<\/em> Augusto Infante<br \/>\n<em>Coordinadora:<\/em> Natalia Rocchetti<br \/>\n<em>Equipo:<\/em> Tatiana Bergonce, Gabriel Illescas \u00c1lvarez, Leandro Ocampos, Daiana Thompson.<\/p>\n<p style=\"text-align: justify;\"><strong>Programa de producci\u00f3n y an\u00e1lisis de informaci\u00f3n<\/strong><br \/>\n<em>Director:<\/em> Ariel Lede<br \/>\n<em>Coordinadora:<\/em> Julieta Terminiello<br \/>\n<em>Equipo:<\/em> Lisandro Benavides, Mar\u00eda Valentina Bolajuz\u00f3n, Mar\u00eda del Rosario Bouilly, Lisandro Castellani, Victoria Lucero, Camila Marchione.<\/p>\n<p><strong>\u00c1REA DE JUSTICIA Y SEGURIDAD<\/strong><br \/>\n<em>Coordinador:<\/em> Rodrigo Pomares<\/p>\n<p style=\"text-align: justify;\"><strong>Programa de litigio estrat\u00e9gico<\/strong><br \/>\n<em>Directora:<\/em> Margarita Jarque<br \/>\n<em>Subdirectora:<\/em> Carla Ocampo Pilla<br \/>\n<em>Equipo:<\/em> Laurentina Alonso, Pedro Auzmendi, Sof\u00eda Ballesteros, Cristina Bidart, Lucas Ocampo, Javier Percow, Mar\u00eda Sol Rama, Paula Ruiz, Yael Zygielman Tale.<\/p>\n<p style=\"text-align: justify;\"><strong>Programa de monitoreo territorial de la violencia policial<\/strong><br \/>\n<em>Director:<\/em> Rodrigo Pomares<br \/>\n<em>Equipo:<\/em> Guillermo Anderson, Fabi\u00e1n Bernal, Luc\u00eda Bras, Martina Fern\u00e1ndez, Karen Kristeff, Marcela Leguizam\u00f3n, Luc\u00eda Mart\u00ednez, Alejo Rivera, Gonzalo Santos, Luciano Steolo, Florencia Puig.<\/p>\n<p style=\"text-align: justify;\"><strong>Programa de salud mental<\/strong><br \/>\n<em>Subdirectora:<\/em> Melina Galeano<br \/>\n<em>Equipo:<\/em> Jorgelina Mariano, Anaclara Monteiro, Valeria Nounou.<\/p>\n<p style=\"text-align: justify;\"><strong>Programa de promoci\u00f3n y protecci\u00f3n de los derechos de ni\u00f1os,<\/strong><br \/>\n<strong>ni\u00f1as y j\u00f3venes<\/strong><br \/>\n<em>Director:<\/em> Sergio Raimundo<br \/>\n<em>Equipo:<\/em> Carolina Borrego, Daniela Garc\u00eda, Dar\u00edo Antonio Leyes, Carla Lucchetta, Florencia Marty, Mar\u00eda Sof\u00eda Porta.<\/p>\n<p style=\"text-align: justify;\"><strong>Programa de control de la corrupci\u00f3n y la inteligencia ilegal<\/strong><br \/>\n<em>Director:<\/em> Federico Schmeigel<br \/>\n<em>Equipo:<\/em> Ayel\u00e9n Adrover, Cinthia Bal\u00e9, Jer\u00f3nimo B\u00e1tiz, Nuria Ferr\u00e9 Hughes, Julieta Lampasona, Anaclara Raffaele.<\/p>\n<p><strong>Delegaciones<\/strong><br \/>\n<em>Centro:<\/em> Daniel Alonzo, Gisel Gau, Mercedes Spinella, Leonardo Yunger Sarrasqueta, Juan Manuel Weisz.<br \/>\n<em>Conurbano:<\/em> Chirstian Escanes, Gabriel Fern\u00e1ndez, Nicol\u00e1s Kranevitter, Mailen Mendez.<br \/>\n<em>Noreste:<\/em> Juan Andr\u00edn, Valeria Ben\u00edtez, Natalia Cuello, Silvana Ruppel.<br \/>\n<em>Sur:<\/em> Lucas Cabana, Luciana Pasquar\u00e9, Betiana Seitz, Ver\u00f3nica Sobarzo.<br \/>\n<em>Mar del Plata:<\/em> Amparo Palacios, Catalina Pepi, Carolina Ravalli, Ximena Gonz\u00e1lez T\u00e1boas.<br \/>\n<em>Jun\u00edn:<\/em> Leticia Balocco, Paulina Catania, Mar\u00eda Victoria Davin.<\/p>\n<p style=\"text-align: justify;\"><strong>Organizaciones que integran el programa Punto Denuncia Torturas<\/strong><br \/>\nAsociaci\u00f3n civil de familiares de detenidos (ACIFAD), Asociaci\u00f3n Pocho Lepratti, Casa Diana Sacay\u00e1n, Colectivo dignidad, Cooperativa esperanza, Asociaci\u00f3n de familiares, detenidos y liberados (FADELI), Proyecto Mecha, red Camino hacia el siglo XXII, Colectivo nacional de detenidos, red La uni\u00f3n hace la fuerza, asociaci\u00f3n Ni una menos en la c\u00e1rcel.<\/p>\n<p style=\"text-align: justify;\"><strong>PRODUCCI\u00d3N GENERAL<\/strong><br \/>\n<strong>Programa de prensa y comunicaci\u00f3n<\/strong><br \/>\n<em>Director:<\/em> Diego D\u00edaz<br \/>\n<em>Directora:<\/em> Paula Bonomi<br \/>\n<em>Subdirector:<\/em> Lucas Dal Bianco<br \/>\n<em>Coordinadora:<\/em> Carina Cerruti<br \/>\n<em>Equipo:<\/em> Daniela Alegre, Juan Bertola, Ezequiel Catini, Emanuel de la Fuente, Ana Lenci, Aldana Ludue\u00f1a, Celina Miraz, Sebasti\u00e1n Pellegrino, Mercedes Sacchetti, Soledad Vampa, Mario Ver\u00f3n.<\/p>\n<p style=\"text-align: justify;\"><strong>Coordinaci\u00f3n general de la edici\u00f3n:<\/strong> Roberto F. Cipriano Garc\u00eda, Sandra Raggio.<\/p>\n<\/div><div class=\"fusion-clearfix\"><\/div><\/div><\/div><\/div><\/div><\/p>\n","protected":false},"excerpt":{"rendered":"","protected":false},"author":40,"featured_media":3173,"parent":0,"menu_order":0,"comment_status":"closed","ping_status":"closed","template":"100-width.php","meta":{"footnotes":""},"class_list":["post-3034","page","type-page","status-publish","has-post-thumbnail","hentry"],"_links":{"self":[{"href":"https:\/\/www.comisionporlamemoria.org\/informeanual2023\/wp-json\/wp\/v2\/pages\/3034","targetHints":{"allow":["GET"]}}],"collection":[{"href":"https:\/\/www.comisionporlamemoria.org\/informeanual2023\/wp-json\/wp\/v2\/pages"}],"about":[{"href":"https:\/\/www.comisionporlamemoria.org\/informeanual2023\/wp-json\/wp\/v2\/types\/page"}],"author":[{"embeddable":true,"href":"https:\/\/www.comisionporlamemoria.org\/informeanual2023\/wp-json\/wp\/v2\/users\/40"}],"replies":[{"embeddable":true,"href":"https:\/\/www.comisionporlamemoria.org\/informeanual2023\/wp-json\/wp\/v2\/comments?post=3034"}],"version-history":[{"count":0,"href":"https:\/\/www.comisionporlamemoria.org\/informeanual2023\/wp-json\/wp\/v2\/pages\/3034\/revisions"}],"wp:featuredmedia":[{"embeddable":true,"href":"https:\/\/www.comisionporlamemoria.org\/informeanual2023\/wp-json\/wp\/v2\/media\/3173"}],"wp:attachment":[{"href":"https:\/\/www.comisionporlamemoria.org\/informeanual2023\/wp-json\/wp\/v2\/media?parent=3034"}],"curies":[{"name":"wp","href":"https:\/\/api.w.org\/{rel}","templated":true}]}}