{"id":2513,"date":"2021-07-20T21:14:48","date_gmt":"2021-07-20T21:14:48","guid":{"rendered":"https:\/\/www.comisionporlamemoria.org\/informeanual2024\/?page_id=2513"},"modified":"2024-09-24T17:04:14","modified_gmt":"2024-09-24T20:04:14","slug":"politica-criminal","status":"publish","type":"page","link":"https:\/\/www.comisionporlamemoria.org\/informeanual2024\/politica-criminal\/","title":{"rendered":"Pol\u00edtica criminal"},"content":{"rendered":"<p><div class=\"fusion-fullwidth fullwidth-box fusion-builder-row-1 has-pattern-background has-mask-background hundred-percent-fullwidth hundred-percent-height hundred-percent-height-center-content non-hundred-percent-height-scrolling fusion-equal-height-columns\" style=\"--awb-border-radius-top-left:0px;--awb-border-radius-top-right:0px;--awb-border-radius-bottom-right:0px;--awb-border-radius-bottom-left:0px;--awb-padding-top:0px;--awb-padding-right:0px;--awb-padding-bottom:0px;--awb-padding-left:0px;--awb-flex-wrap:wrap;\" ><div class=\"fusion-fullwidth-center-content\"><div class=\"fusion-builder-row fusion-row\"><div class=\"fusion-layout-column fusion_builder_column fusion-builder-column-0 fusion_builder_column_1_1 1_1 fusion-one-full fusion-column-first fusion-column-last fusion-no-small-visibility fusion-no-medium-visibility fusion-animated\" style=\"--awb-padding-top:20%;--awb-padding-right:12%;--awb-padding-bottom:18%;--awb-padding-left:12%;--awb-bg-size:cover;--awb-margin-top:0px;--awb-margin-bottom:0px;\" data-animationType=\"fadeIn\" data-animationDuration=\"0.8\" data-animationOffset=\"top-into-view\"><div class=\"fusion-column-wrapper fusion-column-has-shadow fusion-flex-column-wrapper-legacy\"><div class=\"fusion-column-content-centered\"><div class=\"fusion-column-content\"><div class=\"fusion-text fusion-text-1 fusion-animated\" style=\"--awb-font-size:20px;\" data-animationType=\"fadeInLeft\" data-animationDuration=\"0.7\" data-animationOffset=\"top-into-view\"><p style=\"text-align: center;\">El sistema de la crueldad XVIII<\/p>\n<\/div><div class=\"fusion-sep-clear\"><\/div><div class=\"fusion-separator\" style=\"margin-left: auto;margin-right: auto;margin-bottom:10%;width:100%;max-width:50%;\"><div class=\"fusion-separator-border sep-single sep-solid\" style=\"--awb-height:20px;--awb-amount:20px;border-color:#d1d1d1;border-top-width:1px;\"><\/div><\/div><div class=\"fusion-sep-clear\"><\/div><div class=\"fusion-title title fusion-title-1 fusion-sep-none fusion-title-center fusion-title-text fusion-title-size-two\" style=\"--awb-margin-top-small:0px;--awb-margin-right-small:0px;--awb-margin-bottom-small:20px;--awb-margin-left-small:0px;--awb-font-size:50px;\"><h2 class=\"fusion-title-heading title-heading-center fusion-responsive-typography-calculated\" style=\"margin:0;font-size:1em;--fontSize:50;line-height:1.28;\">Pol\u00edtica criminal<\/h2><\/div><div class=\"fusion-sep-clear\"><\/div><div class=\"fusion-separator fusion-full-width-sep\" style=\"margin-left: auto;margin-right: auto;margin-bottom:10%;width:100%;\"><\/div><div class=\"fusion-sep-clear\"><\/div><div class=\"fusion-button-wrapper fusion-aligncenter\"><a class=\"fusion-button button-flat fusion-button-default-size button-custom fusion-button-default button-1 fusion-button-default-span fusion-button-default-type\" style=\"--button_accent_color:#181818;--button_border_color:#181818;--button_accent_hover_color:#181818;--button_border_hover_color:#ffffff;--button_gradient_top_color:rgba(255,255,255,0);--button_gradient_bottom_color:rgba(255,255,255,0);--button_gradient_top_color_hover:#ffffff;--button_gradient_bottom_color_hover:#ffffff;\" target=\"_blank\" rel=\"noopener noreferrer\" href=\"https:\/\/www.comisionporlamemoria.org\/informeanual2024\/wp-content\/uploads\/sites\/16\/sites\/42\/2024\/09\/politica-criminal.pdf\"><span class=\"fusion-button-text awb-button__text awb-button__text--default\">Descargar secci\u00f3n completa en PDF<\/span><i class=\"fa-download fas awb-button__icon awb-button__icon--default button-icon-right\" aria-hidden=\"true\"><\/i><\/a><\/div><\/div><\/div><div class=\"fusion-clearfix\"><\/div><\/div><\/div><div class=\"fusion-layout-column fusion_builder_column fusion-builder-column-1 fusion_builder_column_1_1 1_1 fusion-one-full fusion-column-first fusion-column-last fusion-no-large-visibility\" style=\"--awb-padding-top:8%;--awb-padding-bottom:8%;--awb-bg-size:cover;--awb-margin-top:0px;--awb-margin-bottom:0px;\"><div class=\"fusion-column-wrapper fusion-column-has-shadow fusion-flex-column-wrapper-legacy\"><div class=\"fusion-column-content-centered\"><div class=\"fusion-column-content\"><div class=\"fusion-text fusion-text-2\"><p style=\"text-align: center;\">Sistema de la crueldad XVIII<\/p>\n<\/div><div class=\"fusion-sep-clear\"><\/div><div class=\"fusion-separator\" style=\"margin-left: auto;margin-right: auto;margin-bottom:8%;width:100%;max-width:50%;\"><div class=\"fusion-separator-border sep-single sep-solid\" style=\"--awb-height:20px;--awb-amount:20px;border-color:#d1d1d1;border-top-width:1px;\"><\/div><\/div><div class=\"fusion-sep-clear\"><\/div><div class=\"fusion-title title fusion-title-2 fusion-sep-none fusion-title-center fusion-title-text fusion-title-size-one\" style=\"--awb-margin-bottom:10%;--awb-margin-top-small:0px;--awb-margin-right-small:0px;--awb-margin-bottom-small:20px;--awb-margin-left-small:0px;--awb-font-size:50px;\"><h1 class=\"fusion-title-heading title-heading-center fusion-responsive-typography-calculated\" style=\"margin:0;font-size:1em;--fontSize:50;line-height:1.2;\">Pol\u00edtica criminal<\/h1><\/div><div class=\"fusion-sep-clear\"><\/div><div class=\"fusion-separator fusion-full-width-sep\" style=\"margin-left: auto;margin-right: auto;margin-bottom:4%;width:100%;\"><\/div><div class=\"fusion-sep-clear\"><\/div><div class=\"fusion-button-wrapper fusion-aligncenter\"><a class=\"fusion-button button-flat fusion-button-default-size button-custom fusion-button-default button-2 fusion-button-default-span fusion-button-default-type fusion-animated\" style=\"--button_accent_color:#181818;--button_border_color:#181818;--button_accent_hover_color:#181818;--button_border_hover_color:#ffffff;--button_gradient_top_color:rgba(255,255,255,0);--button_gradient_bottom_color:rgba(255,255,255,0);--button_gradient_top_color_hover:#ffffff;--button_gradient_bottom_color_hover:#ffffff;\" data-animationType=\"fadeInLeft\" data-animationDuration=\"0.3\" data-animationOffset=\"top-into-view\" target=\"_blank\" rel=\"noopener noreferrer\" href=\"https:\/\/www.comisionporlamemoria.org\/informeanual2024\/wp-content\/uploads\/sites\/16\/sites\/42\/2024\/09\/politica-criminal.pdf\"><span class=\"fusion-button-text awb-button__text awb-button__text--default\">Descargar secci\u00f3n completa en PDF<\/span><i class=\"fa-download fas awb-button__icon awb-button__icon--default button-icon-right\" aria-hidden=\"true\"><\/i><\/a><\/div><\/div><\/div><div class=\"fusion-clearfix\"><\/div><\/div><\/div><\/div><\/div><\/div><div class=\"fusion-fullwidth fullwidth-box fusion-builder-row-2 nonhundred-percent-fullwidth non-hundred-percent-height-scrolling\" style=\"--awb-border-radius-top-left:0px;--awb-border-radius-top-right:0px;--awb-border-radius-bottom-right:0px;--awb-border-radius-bottom-left:0px;--awb-margin-top:5%;--awb-margin-bottom:2%;--awb-flex-wrap:wrap;\" ><div class=\"fusion-builder-row fusion-row\"><div class=\"fusion-layout-column fusion_builder_column fusion-builder-column-2 fusion_builder_column_1_1 1_1 fusion-one-full fusion-column-first fusion-column-last\" style=\"--awb-padding-top:2%;--awb-padding-right:2%;--awb-padding-bottom:2%;--awb-padding-left:2%;--awb-bg-size:cover;--awb-border-color:#181818;--awb-border-top:2px;--awb-border-right:2px;--awb-border-bottom:2px;--awb-border-left:2px;--awb-border-style:solid;\"><div class=\"fusion-column-wrapper fusion-column-has-shadow fusion-flex-column-wrapper-legacy\"><div class=\"fusion-title title fusion-title-3 fusion-sep-none fusion-title-text fusion-title-size-five\" style=\"--awb-margin-top-small:0px;--awb-margin-right-small:0px;--awb-margin-bottom-small:20px;--awb-margin-left-small:0px;\"><h5 class=\"fusion-title-heading title-heading-left fusion-responsive-typography-calculated\" style=\"margin:0;--fontSize:20;--minFontSize:20;line-height:1.5;\">SOBRE ESTA SECCI\u00d3N<\/h5><\/div><div class=\"fusion-text fusion-text-3 fusion-animated\" style=\"--awb-content-alignment:justify;\" data-animationType=\"fadeInLeft\" data-animationDuration=\"0.3\" data-animationOffset=\"top-into-view\"><p style=\"text-align: justify;\"><span style=\"font-size: 14pt;\"><strong>Pol\u00edtica criminal<\/strong><\/span><\/p>\n<p>La pol\u00edtica criminal de la provincia de Buenos Aires se constituy\u00f3 en los \u00faltimos 25 a\u00f1os en un mecanismo estatal de gobierno y control de las poblaciones m\u00e1s pobres y vulneradas a trav\u00e9s del sistema penal y las pol\u00edticas de seguridad.<\/p>\n<p>Las llamadas pol\u00edticas de <em>mano dura<\/em> son pol\u00edticas transversales que se sostienen a pesar de los cambios de gobiernos. La conjunci\u00f3n entre un esquema de control y regulaci\u00f3n ilegal del delito por la polic\u00eda en los territorios y la actuaci\u00f3n judicial, que convalida y encierra autom\u00e1ticamente sin controlar estas pr\u00e1cticas policiales violentas, deriva en la captaci\u00f3n selectiva de j\u00f3venes pobres para ingresarlos al sistema penal.<\/p>\n<p>Durante el 2023 se iniciaron 1.036.696 de investigaciones penales contra mayores de 18 a\u00f1os, un r\u00e9cord hist\u00f3rico que revela la creciente criminalizaci\u00f3n. Esto ha llevado a 44.010 privaciones de libertad, la mayor\u00eda iniciadas por sumarios policiales. Los delitos contra la propiedad son el eje de la persecuci\u00f3n penal, representando el 39% de las investigaciones y el 41% de las prisiones preventivas.<\/p>\n<p>En el otro extremo, en las causas donde se denuncia la violencia ejercida por funcionarios p\u00fablicos, la investigaci\u00f3n fiscal es deficiente, sin directivas o acciones de las instancias superiores; la Procuraci\u00f3n General de la Provincia sigue incumpliendo la ley 14.687\/14 de creaci\u00f3n de las unidades de investigaci\u00f3n y juicio especializadas en violencia institucional.<\/p>\n<p>Las causas abiertas entre 2014 y 2023 por violencia institucional, en el marco de la ley 14.687, representan el 0,4% del total de investigaciones iniciadas en la Provincia. Adem\u00e1s, 9 de cada 10 casos se resuelven mediante el archivo (65%) o la desestimaci\u00f3n (27%), mientras que otros hechos ni siquiera llegan a ser investigados bajo ese marco legal.<\/p>\n<p>Hasta ah\u00ed el desempe\u00f1o articulado de polic\u00edas, fiscales y juezas\/ces de garant\u00edas, pero se abre otro mundo si se miran las estad\u00edsticas policiales. Entre 2019 y 2022 la polic\u00eda aprehendi\u00f3 en promedio a 285.520 personas adultas por a\u00f1o, pero s\u00f3lo el 14% fueron privadas de su libertad por imputaci\u00f3n judicial de un delito y apenas el 6% ingresaron al SPB por prisi\u00f3n preventiva o condena.<\/p>\n<p><strong>Promoci\u00f3n judicial del encierro<\/strong><\/p>\n<p>En 2023, se dictaron 19.353 prisiones preventivas, lo que refleja un aumento continuo en el uso de esta medida. Muchas personas pasan largos per\u00edodos en prisi\u00f3n preventiva antes de recibir una condena, con un promedio de 456 d\u00edas de detenci\u00f3n hasta la sentencia de primera instancia. A diciembre de 2023 s\u00f3lo el 50% de las personas detenidas a cargo del SPB ten\u00eda condena firme.<\/p>\n<p>La tendencia a una leve disminuci\u00f3n proporcional de personas procesadas es producto de una aceleraci\u00f3n de las condenas por incremento del juicio abreviado: un instituto que reduce el tiempo entre la detenci\u00f3n y la condena, y afecta las garant\u00edas del debido proceso al constituirse en un acuerdo <em>extorsivo<\/em> tendiente a llegar a una r\u00e1pida condena en detrimento de un juicio oral y p\u00fablico. Entre 2013 y 2023 las condenas por juicio abreviado aumentaron un 142% y las condenas por juicio oral se redujeron un 12%.<\/p>\n<p>Al incremento y automaticidad de los ingresos se suma otro problema en el extremo opuesto del proceso penal: la retenci\u00f3n tambi\u00e9n autom\u00e1tica determinada tanto por condicionantes legales como por pr\u00e1cticas judiciales. Entre 2017 y 2023 fueron negativas 8 de cada 10 resoluciones de acceso a institutos progresivos de la pena dictadas por los juzgados de ejecuci\u00f3n penal.<\/p>\n<p><strong>Encarcelamiento y sobrepoblaci\u00f3n<\/strong><\/p>\n<p>Entre 2014 y 2023, la poblaci\u00f3n detenida en la provincia aument\u00f3 un 6% anual en promedio, alcanzando casi 59.000 personas en c\u00e1rceles, alcaid\u00edas, comisar\u00edas y bajo monitoreo electr\u00f3nico. El gobierno actual hered\u00f3 una tasa espec\u00edfica de encarcelamiento de 415 personas detenidas cada 100.000 habitantes, y cuatro a\u00f1os despu\u00e9s ascendi\u00f3 a 456. La tasa actual es 78% m\u00e1s alta que hace 10 a\u00f1os.<\/p>\n<p>La poblaci\u00f3n detenida en c\u00e1rceles y alcaid\u00edas mantuvo una tendencia creciente y regular durante 12 a\u00f1os, con un aumento muy notorio entre 2017 y 2019. Mientras que la poblaci\u00f3n detenida en comisar\u00edas, vista en el largo plazo y a grandes rasgos, registr\u00f3 una tendencia decreciente entre 2002 y 2012 y creciente de 2013 en adelante, aunque con interrupciones o retrocesos. El resultado directo de esta pol\u00edtica de sobreencarcelamiento es la sobrepoblaci\u00f3n de los lugares de encierro. A diciembre de 2023, era de 95% en c\u00e1rceles y alcaid\u00edas, y en comisar\u00edas.<\/p>\n<p>Pese al compromiso de actores judiciales y ministeriales de reducir la poblaci\u00f3n detenida en comisar\u00edas, los a\u00f1os 2020 y 2021 presentaron las cifras m\u00e1s altas desde 2006. En 2022 se registr\u00f3 una disminuci\u00f3n del 11%, la cual se consolid\u00f3 con otro 40% en 2023, a\u00f1o en que la poblaci\u00f3n baj\u00f3 a 2.300. Se trata de una disminuci\u00f3n significativa, a lo cual debe agregarse que, durante el \u00faltimo a\u00f1o, se logr\u00f3 el vaciamiento de las 11 comisar\u00edas cauteladas por la Comisi\u00f3n Interamericana de Derechos Humanos.<\/p>\n<p>En c\u00e1rceles y alcaid\u00edas, despu\u00e9s de varios a\u00f1os, la sobrepoblaci\u00f3n se ubic\u00f3 por debajo del 100%. Esta disminuci\u00f3n se logr\u00f3 a partir de un plan de infraestructura que aument\u00f3 la cantidad de nuevas plazas; sin embargo, a la luz de los datos hist\u00f3ricos, esta soluci\u00f3n s\u00f3lo puede ser parcial porque si no cambia la pol\u00edtica de sobreencarcelamiento, los nuevos ingresos al sistema siempre superan la capacidad de construcci\u00f3n. Y esto ya empez\u00f3 a notarse, a julio de este a\u00f1o, la sobrepoblaci\u00f3n estaba en el orden del 102%.<\/p>\n<\/div><div class=\"fusion-clearfix\"><\/div><\/div><\/div><\/div><\/div><div class=\"fusion-fullwidth fullwidth-box fusion-builder-row-3 nonhundred-percent-fullwidth non-hundred-percent-height-scrolling\" style=\"--awb-border-radius-top-left:0px;--awb-border-radius-top-right:0px;--awb-border-radius-bottom-right:0px;--awb-border-radius-bottom-left:0px;--awb-padding-top:53px;--awb-padding-bottom:8%;--awb-flex-wrap:wrap;\" ><div class=\"fusion-builder-row fusion-row\"><div class=\"fusion-layout-column fusion_builder_column fusion-builder-column-3 fusion_builder_column_1_1 1_1 fusion-one-full fusion-column-first fusion-column-last fusion-animated\" style=\"--awb-bg-blend:overlay;--awb-bg-size:cover;--awb-border-color:#f1f1f1;--awb-border-bottom:2px;--awb-border-style:solid;\" data-animationType=\"fadeInDown\" data-animationDuration=\"0.8\" data-animationOffset=\"top-into-view\"><div class=\"fusion-column-wrapper fusion-column-has-shadow fusion-flex-column-wrapper-legacy\"><div class=\"fusion-text fusion-text-4\" style=\"--awb-content-alignment:center;\">\n<\/div><div class=\"fusion-clearfix\"><\/div><\/div><\/div><\/div><\/div><div class=\"fusion-fullwidth fullwidth-box fusion-builder-row-4 has-pattern-background has-mask-background nonhundred-percent-fullwidth non-hundred-percent-height-scrolling\" style=\"--awb-border-radius-top-left:0px;--awb-border-radius-top-right:0px;--awb-border-radius-bottom-right:0px;--awb-border-radius-bottom-left:0px;--awb-flex-wrap:wrap;\" id=\"acciones\" ><div class=\"fusion-builder-row fusion-row\"><div class=\"fusion-layout-column fusion_builder_column fusion-builder-column-4 fusion_builder_column_1_1 1_1 fusion-one-full fusion-column-first fusion-column-last fusion-animated\" style=\"--awb-bg-blend:overlay;--awb-bg-size:cover;--awb-border-color:#f1f1f1;--awb-border-style:solid;\" data-animationType=\"fadeInDown\" data-animationDuration=\"0.8\" data-animationOffset=\"top-into-view\"><div class=\"fusion-column-wrapper fusion-column-has-shadow fusion-flex-column-wrapper-legacy\"><div class=\"fusion-title title fusion-title-4 fusion-sep-none fusion-title-text fusion-title-size-four\" style=\"--awb-margin-top-small:0px;--awb-margin-right-small:0px;--awb-margin-bottom-small:20px;--awb-margin-left-small:0px;--awb-font-size:30px;\"><h4 class=\"fusion-title-heading title-heading-left fusion-responsive-typography-calculated\" style=\"margin:0;font-size:1em;--fontSize:30;line-height:1.5;\"><h4>Acciones del Mecanismo Local de Prevenci\u00f3n de la Tortura en 2023<\/h4><\/h4><\/div><div class=\"fusion-counters-box counters-box row fusion-clearfix fusion-columns-3\" style=\"--awb-body-color:var(--awb-custom13);--awb-body-size:26;--awb-border-color:#c1271c;--awb-color:#c1271c;--awb-title-size:100;--awb-border-color:#c1271c;\"><div class=\"fusion-counter-box fusion-column col-counter-box counter-box-wrapper col-lg-4 col-md-4 col-sm-4\" data-animationOffset=\"bottom-in-view\"><div class=\"counter-box-container\"><div class=\"content-box-percentage content-box-counter\"><span class=\"display-counter\" data-value=\"852\" data-direction=\"up\" data-decimals=\"0\">0<\/span><\/div><div class=\"counter-box-content\">inspecciones <\/div><\/div><\/div><div class=\"fusion-counter-box fusion-column col-counter-box counter-box-wrapper col-lg-4 col-md-4 col-sm-4\" data-animationOffset=\"bottom-in-view\"><div class=\"counter-box-container\"><div class=\"content-box-percentage content-box-counter\"><span class=\"display-counter\" data-value=\"38968\" data-delimiter=\".\" data-direction=\"up\" data-decimals=\"0\">0<\/span><\/div><div class=\"counter-box-content\">entrevistas a familiares y\/o v\u00edctimas<\/div><\/div><\/div><div class=\"fusion-counter-box fusion-column col-counter-box counter-box-wrapper col-lg-4 col-md-4 col-sm-4\" data-animationOffset=\"bottom-in-view\"><div class=\"counter-box-container\"><div class=\"content-box-percentage content-box-counter\"><span class=\"display-counter\" data-value=\"29898\" data-delimiter=\".\" data-direction=\"up\" data-decimals=\"0\">0<\/span><\/div><div class=\"counter-box-content\">presentaciones judiciales individuales y administrativas<\/div><\/div><\/div><div class=\"fusion-counter-box fusion-column col-counter-box counter-box-wrapper col-lg-4 col-md-4 col-sm-4\" data-animationOffset=\"bottom-in-view\"><div class=\"counter-box-container\"><div class=\"content-box-percentage content-box-counter\"><span class=\"display-counter\" data-value=\"1323\" data-direction=\"up\" data-decimals=\"0\">0<\/span><\/div><div class=\"counter-box-content\">casos de violencia policial relevados<\/div><\/div><\/div><div class=\"fusion-counter-box fusion-column col-counter-box counter-box-wrapper col-lg-4 col-md-4 col-sm-4\" data-animationOffset=\"bottom-in-view\"><div class=\"counter-box-container\"><div class=\"content-box-percentage content-box-counter\"><span class=\"display-counter\" data-value=\"102\" data-direction=\"up\" data-decimals=\"0\">0<\/span><\/div><div class=\"counter-box-content\">denuncias de corrupci\u00f3n policial o penitenciaria<\/div><\/div><\/div><div class=\"fusion-counter-box fusion-column col-counter-box counter-box-wrapper col-lg-4 col-md-4 col-sm-4\" data-animationOffset=\"bottom-in-view\"><div class=\"counter-box-container\"><div class=\"content-box-percentage content-box-counter\"><span class=\"display-counter\" data-value=\"22\" data-direction=\"up\" data-decimals=\"0\">0<\/span><\/div><div class=\"counter-box-content\">intervenciones en juicios<\/div><\/div><\/div><\/div><div class=\"clearfix\"><\/div><div class=\"fusion-sep-clear\"><\/div><div class=\"fusion-separator fusion-full-width-sep\" style=\"margin-left: auto;margin-right: auto;width:100%;\"><\/div><div class=\"fusion-sep-clear\"><\/div><div class=\"fusion-clearfix\"><\/div><\/div><\/div><div class=\"fusion-layout-column fusion_builder_column fusion-builder-column-5 fusion_builder_column_1_1 1_1 fusion-one-full fusion-column-first fusion-column-last\" style=\"--awb-bg-size:cover;\"><div class=\"fusion-column-wrapper fusion-column-has-shadow fusion-flex-column-wrapper-legacy\"><div class=\"fusion-video fusion-youtube fusion-aligncenter\" style=\"--awb-max-width:1500px;--awb-max-height:844px;--awb-width:100%;\"><div class=\"video-shortcode\"><div class=\"fluid-width-video-wrapper\" style=\"padding-top:56.27%;\" ><iframe title=\"YouTube video player 1\" data-src=\"https:\/\/www.youtube.com\/embed\/wIWc_Igx5Ps?wmode=transparent&autoplay=0\" width=\"1500\" height=\"844\" allowfullscreen allow=\"autoplay; clipboard-write; encrypted-media; gyroscope; picture-in-picture;\" src=\"data:image\/svg+xml;base64,PHN2ZyB3aWR0aD0iMSIgaGVpZ2h0PSIxIiB4bWxucz0iaHR0cDovL3d3dy53My5vcmcvMjAwMC9zdmciPjwvc3ZnPg==\" class=\"lazyload\" data-load-mode=\"1\"><\/iframe><\/div><\/div><\/div><div class=\"fusion-clearfix\"><\/div><\/div><\/div><\/div><\/div><\/p>\n","protected":false},"excerpt":{"rendered":"","protected":false},"author":14,"featured_media":3229,"parent":0,"menu_order":0,"comment_status":"closed","ping_status":"closed","template":"100-width.php","meta":{"footnotes":""},"class_list":["post-2513","page","type-page","status-publish","has-post-thumbnail","hentry"],"_links":{"self":[{"href":"https:\/\/www.comisionporlamemoria.org\/informeanual2024\/wp-json\/wp\/v2\/pages\/2513","targetHints":{"allow":["GET"]}}],"collection":[{"href":"https:\/\/www.comisionporlamemoria.org\/informeanual2024\/wp-json\/wp\/v2\/pages"}],"about":[{"href":"https:\/\/www.comisionporlamemoria.org\/informeanual2024\/wp-json\/wp\/v2\/types\/page"}],"author":[{"embeddable":true,"href":"https:\/\/www.comisionporlamemoria.org\/informeanual2024\/wp-json\/wp\/v2\/users\/14"}],"replies":[{"embeddable":true,"href":"https:\/\/www.comisionporlamemoria.org\/informeanual2024\/wp-json\/wp\/v2\/comments?post=2513"}],"version-history":[{"count":0,"href":"https:\/\/www.comisionporlamemoria.org\/informeanual2024\/wp-json\/wp\/v2\/pages\/2513\/revisions"}],"wp:featuredmedia":[{"embeddable":true,"href":"https:\/\/www.comisionporlamemoria.org\/informeanual2024\/wp-json\/wp\/v2\/media\/3229"}],"wp:attachment":[{"href":"https:\/\/www.comisionporlamemoria.org\/informeanual2024\/wp-json\/wp\/v2\/media?parent=2513"}],"curies":[{"name":"wp","href":"https:\/\/api.w.org\/{rel}","templated":true}]}}