{"id":2537,"date":"2021-07-21T11:06:42","date_gmt":"2021-07-21T11:06:42","guid":{"rendered":"https:\/\/www.comisionporlamemoria.org\/informeanual2024\/?page_id=2537"},"modified":"2024-09-24T14:55:08","modified_gmt":"2024-09-24T17:55:08","slug":"seccion-politicas-de-ninez","status":"publish","type":"page","link":"https:\/\/www.comisionporlamemoria.org\/informeanual2024\/seccion-politicas-de-ninez\/","title":{"rendered":"Secci\u00f3n Pol\u00edticas de Ni\u00f1ez"},"content":{"rendered":"<p><div class=\"fusion-fullwidth fullwidth-box fusion-builder-row-1 has-pattern-background has-mask-background hundred-percent-fullwidth hundred-percent-height hundred-percent-height-center-content non-hundred-percent-height-scrolling fusion-equal-height-columns\" style=\"--awb-border-radius-top-left:0px;--awb-border-radius-top-right:0px;--awb-border-radius-bottom-right:0px;--awb-border-radius-bottom-left:0px;--awb-padding-top:0px;--awb-padding-right:0px;--awb-padding-bottom:0px;--awb-padding-left:0px;--awb-flex-wrap:wrap;\" ><div class=\"fusion-fullwidth-center-content\"><div class=\"fusion-builder-row fusion-row\"><div class=\"fusion-layout-column fusion_builder_column fusion-builder-column-0 fusion_builder_column_1_1 1_1 fusion-one-full fusion-column-first fusion-column-last fusion-no-small-visibility fusion-no-medium-visibility fusion-animated\" style=\"--awb-padding-top:20%;--awb-padding-right:12%;--awb-padding-bottom:18%;--awb-padding-left:12%;--awb-bg-size:cover;--awb-margin-top:0px;--awb-margin-bottom:0px;\" data-animationType=\"fadeIn\" data-animationDuration=\"0.8\" data-animationOffset=\"top-into-view\"><div class=\"fusion-column-wrapper fusion-column-has-shadow fusion-flex-column-wrapper-legacy\"><div class=\"fusion-column-content-centered\"><div class=\"fusion-column-content\"><div class=\"fusion-text fusion-text-1 fusion-animated\" style=\"--awb-font-size:20px;\" data-animationType=\"fadeInLeft\" data-animationDuration=\"0.7\" data-animationOffset=\"top-into-view\"><p style=\"text-align: center;\">El sistema de la crueldad XVIII<\/p>\n<\/div><div class=\"fusion-sep-clear\"><\/div><div class=\"fusion-separator\" style=\"margin-left: auto;margin-right: auto;margin-bottom:10%;width:100%;max-width:50%;\"><div class=\"fusion-separator-border sep-single sep-solid\" style=\"--awb-height:20px;--awb-amount:20px;border-color:#d1d1d1;border-top-width:1px;\"><\/div><\/div><div class=\"fusion-sep-clear\"><\/div><div class=\"fusion-title title fusion-title-1 fusion-sep-none fusion-title-center fusion-title-text fusion-title-size-two\" style=\"--awb-margin-top-small:0px;--awb-margin-right-small:0px;--awb-margin-bottom-small:20px;--awb-margin-left-small:0px;--awb-font-size:50px;\"><h2 class=\"fusion-title-heading title-heading-center fusion-responsive-typography-calculated\" style=\"margin:0;font-size:1em;--fontSize:50;line-height:1.28;\">Pol\u00edticas de ni\u00f1ez<\/h2><\/div><div class=\"fusion-sep-clear\"><\/div><div class=\"fusion-separator fusion-full-width-sep\" style=\"margin-left: auto;margin-right: auto;margin-bottom:10%;width:100%;\"><\/div><div class=\"fusion-sep-clear\"><\/div><div class=\"fusion-button-wrapper fusion-aligncenter\"><a class=\"fusion-button button-flat fusion-button-default-size button-custom fusion-button-default button-1 fusion-button-default-span fusion-button-default-type\" style=\"--button_accent_color:#181818;--button_border_color:#181818;--button_accent_hover_color:#181818;--button_border_hover_color:#ffffff;--button_gradient_top_color:rgba(255,255,255,0);--button_gradient_bottom_color:rgba(255,255,255,0);--button_gradient_top_color_hover:#ffffff;--button_gradient_bottom_color_hover:#ffffff;\" target=\"_blank\" rel=\"noopener noreferrer\" href=\"https:\/\/www.comisionporlamemoria.org\/informeanual2024\/wp-content\/uploads\/sites\/16\/sites\/42\/2024\/09\/ninez.pdf\"><span class=\"fusion-button-text awb-button__text awb-button__text--default\">Descargar secci\u00f3n completa en PDF<\/span><i class=\"fa-download fas awb-button__icon awb-button__icon--default button-icon-right\" aria-hidden=\"true\"><\/i><\/a><\/div><\/div><\/div><div class=\"fusion-clearfix\"><\/div><\/div><\/div><div class=\"fusion-layout-column fusion_builder_column fusion-builder-column-1 fusion_builder_column_1_1 1_1 fusion-one-full fusion-column-first fusion-column-last fusion-no-large-visibility\" style=\"--awb-padding-top:8%;--awb-padding-bottom:8%;--awb-bg-size:cover;--awb-margin-top:0px;--awb-margin-bottom:0px;\"><div class=\"fusion-column-wrapper fusion-column-has-shadow fusion-flex-column-wrapper-legacy\"><div class=\"fusion-column-content-centered\"><div class=\"fusion-column-content\"><div class=\"fusion-text fusion-text-2\"><p style=\"text-align: center;\">Sistema de la crueldad XVIII<\/p>\n<\/div><div class=\"fusion-sep-clear\"><\/div><div class=\"fusion-separator\" style=\"margin-left: auto;margin-right: auto;margin-bottom:8%;width:100%;max-width:50%;\"><div class=\"fusion-separator-border sep-single sep-solid\" style=\"--awb-height:20px;--awb-amount:20px;border-color:#d1d1d1;border-top-width:1px;\"><\/div><\/div><div class=\"fusion-sep-clear\"><\/div><div class=\"fusion-title title fusion-title-2 fusion-sep-none fusion-title-center fusion-title-text fusion-title-size-one\" style=\"--awb-margin-bottom:10%;--awb-margin-top-small:0px;--awb-margin-right-small:0px;--awb-margin-bottom-small:20px;--awb-margin-left-small:0px;--awb-font-size:50px;\"><h1 class=\"fusion-title-heading title-heading-center fusion-responsive-typography-calculated\" style=\"margin:0;font-size:1em;--fontSize:50;line-height:1.2;\">Pol\u00edticas de ni\u00f1ez<\/h1><\/div><div class=\"fusion-sep-clear\"><\/div><div class=\"fusion-separator fusion-full-width-sep\" style=\"margin-left: auto;margin-right: auto;margin-bottom:4%;width:100%;\"><\/div><div class=\"fusion-sep-clear\"><\/div><div class=\"fusion-button-wrapper fusion-aligncenter\"><a class=\"fusion-button button-flat fusion-button-default-size button-custom fusion-button-default button-2 fusion-button-default-span fusion-button-default-type fusion-animated\" style=\"--button_accent_color:#181818;--button_border_color:#181818;--button_accent_hover_color:#181818;--button_border_hover_color:#ffffff;--button_gradient_top_color:rgba(255,255,255,0);--button_gradient_bottom_color:rgba(255,255,255,0);--button_gradient_top_color_hover:#ffffff;--button_gradient_bottom_color_hover:#ffffff;\" data-animationType=\"fadeInLeft\" data-animationDuration=\"0.3\" data-animationOffset=\"top-into-view\" target=\"_blank\" rel=\"noopener noreferrer\" href=\"https:\/\/www.comisionporlamemoria.org\/informeanual2024\/wp-content\/uploads\/sites\/16\/sites\/42\/2024\/09\/ninez.pdf\"><span class=\"fusion-button-text awb-button__text awb-button__text--default\">Descargar secci\u00f3n completa en PDF<\/span><i class=\"fa-download fas awb-button__icon awb-button__icon--default button-icon-right\" aria-hidden=\"true\"><\/i><\/a><\/div><\/div><\/div><div class=\"fusion-clearfix\"><\/div><\/div><\/div><\/div><\/div><\/div><div class=\"fusion-fullwidth fullwidth-box fusion-builder-row-2 nonhundred-percent-fullwidth non-hundred-percent-height-scrolling\" style=\"--awb-border-radius-top-left:0px;--awb-border-radius-top-right:0px;--awb-border-radius-bottom-right:0px;--awb-border-radius-bottom-left:0px;--awb-margin-top:5%;--awb-margin-bottom:2%;--awb-flex-wrap:wrap;\" ><div class=\"fusion-builder-row fusion-row\"><div class=\"fusion-layout-column fusion_builder_column fusion-builder-column-2 fusion_builder_column_1_1 1_1 fusion-one-full fusion-column-first fusion-column-last\" style=\"--awb-padding-top:2%;--awb-padding-right:2%;--awb-padding-bottom:2%;--awb-padding-left:2%;--awb-bg-size:cover;--awb-border-color:#181818;--awb-border-top:2px;--awb-border-right:2px;--awb-border-bottom:2px;--awb-border-left:2px;--awb-border-style:solid;\"><div class=\"fusion-column-wrapper fusion-column-has-shadow fusion-flex-column-wrapper-legacy\"><div class=\"fusion-title title fusion-title-3 fusion-sep-none fusion-title-text fusion-title-size-five\" style=\"--awb-margin-top-small:0px;--awb-margin-right-small:0px;--awb-margin-bottom-small:20px;--awb-margin-left-small:0px;\"><h5 class=\"fusion-title-heading title-heading-left fusion-responsive-typography-calculated\" style=\"margin:0;--fontSize:20;--minFontSize:20;line-height:1.5;\">SOBRE ESTA SECCI\u00d3N<\/h5><\/div><div class=\"fusion-text fusion-text-3 fusion-animated\" style=\"--awb-content-alignment:justify;\" data-animationType=\"fadeInLeft\" data-animationDuration=\"0.3\" data-animationOffset=\"top-into-view\"><p>A 19 a\u00f1os de la promulgaci\u00f3n de la ley 13.298 y de la creaci\u00f3n del Sistema de Promoci\u00f3n y Protecci\u00f3n de Derechos el antiguo paradigma tutelar a\u00fan coexiste con la perspectiva de derechos. Una convivencia inc\u00f3moda que persiste por la falta de una jerarquizaci\u00f3n pol\u00edtica y presupuestaria del sector y de un cambio radical en el enfoque.<\/p>\n<p>UNICEF revel\u00f3 hace poco que un mill\u00f3n de chicas y chicos se van a la cama sin cenar, cifra que se eleva a un mill\u00f3n y medio si se incluyen aquellos que se saltean alguna comida durante el d\u00eda.\u00a0\u00a0Esta realidad impacta directamente en las pol\u00edticas de ni\u00f1ez.<\/p>\n<p>En la provincia de Buenos Aires, durante 2023, el Sistema de Promoci\u00f3n y Protecci\u00f3n intervino sobre 73.200 casos de ni\u00f1os, ni\u00f1as y jovenes (NNyJ) superando los 68.000 casos en los que intervino en 2022.\u00a0 Los motivos de estas intervenciones fueron: en el 61 % de los casos por\u00a0maltrato f\u00edsico o psicol\u00f3gico y \u201cla negligencia\u201d, criterio que hemos cuestionado por su imprecisi\u00f3n conceptual e interpretativa donde se cuela el paradigma tutelar y sus componentes de clase y que representa el 30 % de los ingresos al sistema.<\/p>\n<p>Sobre ese universo, en diciembre de 2023, hab\u00eda 4.101 NNyJ institucionalizados, la mayor\u00eda en dispositivos no oficiales (sin convenio o conveniados) con una supervisi\u00f3n estatal limitada lo que evidencia la escasez de recursos estatales y la tercerizaci\u00f3n de la respuesta.<\/p>\n<p>Esos lugares de alojamiento, por lo general, presentan condiciones materiales y de seguridad con graves deficiencias y se encuentran alejados de los centros de vida de los NNyJ, lo que restringe la revinculaci\u00f3n familiar. En su totalidad, el sistema carece de una perspectiva unificada, lo que resulta en un trato desigual y discrecional dependiendo del dispositivo asignado. As\u00ed la intervenci\u00f3n estatal a menudo replica las mismas violaciones de derechos que intenta prevenir.<\/p>\n<p>En varios dispositivos convivenciales inspeccionados por la CPM se registraron casos de tortura, malos tratos, agresiones f\u00edsicas y psicol\u00f3gicas, abusos sexuales y castigos inadecuados, todas pr\u00e1cticas utilizadas como m\u00e9todos de control y castigo dentro de estos espacios.<\/p>\n<p>Otras pr\u00e1cticas vulneratorias que se identificaron son las restricciones en el acceso a v\u00ednculos familiares significativos, como la separaci\u00f3n de hermanos y la falta de comunicaci\u00f3n familiar o visitas que provocan graves afectaciones emocionales en los NNyJ. Adem\u00e1s quienes quedan alojados en estos dispositivos a menudo carecen de acceso a actividades recreativas, culturales y educativas en la comunidad y la organizaci\u00f3n institucional tiende a priorizar una l\u00f3gica colectiva que no respeta la singularidad y autonom\u00eda de cada NNyJ.<\/p>\n<p><strong>Sistema de Responsabilidad Penal Juvenil<\/strong><\/p>\n<p>Cuando fallan las pol\u00edticas p\u00fablicas de prevenci\u00f3n y protecci\u00f3n, el sistema penal interviene de manera punitiva, agravando la situaci\u00f3n de vulnerabilidad de los j\u00f3venes en lugar de ofrecer soluciones rehabilitadoras. En lugar de intervenir desde un enfoque de protecci\u00f3n de derechos, el Estado llega tarde, recurriendo a pol\u00edticas represivas que incluyen el encierro de estos ni\u00f1os y ni\u00f1as cada vez a edad m\u00e1s temprana.<\/p>\n<p>Desde 2006 la CPM denuncia que el sistema penal juvenil presenta cada vez m\u00e1s vasos comunicantes con el sistema penal de adultos a partir de la reproducci\u00f3n de patrones propios de la penalidad de tipo m\u00e1s duro, consolid\u00e1ndose un proceso temprano de carcelizaci\u00f3n sobre los j\u00f3venes.<\/p>\n<p>A diciembre de 2023, se encontraban privados de libertad 448 j\u00f3venes, el 79% (357) en reg\u00edmenes cerrados y 20% (91) en reg\u00edmenes de semi-libertad. Los centros de detenci\u00f3n juvenil administrados por el Organismo Provincial de la Ni\u00f1ez y Adolescencia (OPNyA) est\u00e1n en un estado de deterioro significativo. Las instalaciones presentan problemas graves, como estructuras en mal estado, falta de mantenimiento, y condiciones de vida inadecuadas que afectan negativamente a los j\u00f3venes detenidos.<\/p>\n<p>A esto se suman las torturas y malos tratos que incluyen agresiones f\u00edsicas, tratos crueles, inhumanos o degradantes, alimentaci\u00f3n inadecuada, y situaciones de abuso y negligencia por parte del personal como pr\u00e1cticas recurrentes que forman parte del control cotidiano sobre los j\u00f3venes.<\/p>\n<p>De los 828 j\u00f3venes que ingresaron durante 2023 a los distintos centros de detenci\u00f3n, 132 (16%) eran ni\u00f1os no punibles, es decir, menores de 16 a\u00f1os. Este dato refleja una tendencia preocupante de intervenci\u00f3n del sistema penal sobre ni\u00f1os y ni\u00f1as a quienes legalmente no se les deber\u00eda aplicar medidas de encierro punitivo. La criminalizaci\u00f3n de los j\u00f3venes no punibles es una consecuencia directa de la falta de acciones preventivas y la tard\u00eda intervenci\u00f3n del Estado, que termina por castigar en lugar de proteger a los chicos y chicas m\u00e1s vulnerables.<\/p>\n<\/div><div class=\"fusion-clearfix\"><\/div><\/div><\/div><\/div><\/div><div class=\"fusion-fullwidth fullwidth-box fusion-builder-row-3 fusion-flex-container nonhundred-percent-fullwidth non-hundred-percent-height-scrolling\" style=\"--awb-border-radius-top-left:0px;--awb-border-radius-top-right:0px;--awb-border-radius-bottom-right:0px;--awb-border-radius-bottom-left:0px;--awb-flex-wrap:wrap;\" ><div class=\"fusion-builder-row fusion-row fusion-flex-align-items-flex-start fusion-flex-content-wrap\" style=\"max-width:83.2%;margin-left: calc(-4% \/ 2 );margin-right: calc(-4% \/ 2 );\"><div class=\"fusion-layout-column fusion_builder_column fusion-builder-column-3 fusion_builder_column_1_1 1_1 fusion-flex-column\" style=\"--awb-bg-size:cover;--awb-width-large:100%;--awb-margin-top-large:20px;--awb-spacing-right-large:1.92%;--awb-margin-bottom-large:20px;--awb-spacing-left-large:1.92%;--awb-width-medium:100%;--awb-order-medium:0;--awb-spacing-right-medium:1.92%;--awb-spacing-left-medium:1.92%;--awb-width-small:100%;--awb-order-small:0;--awb-spacing-right-small:1.92%;--awb-spacing-left-small:1.92%;\"><div class=\"fusion-column-wrapper fusion-column-has-shadow fusion-flex-justify-content-flex-start fusion-content-layout-column\"><div class=\"fusion-video fusion-youtube\" style=\"--awb-max-width:1500px;--awb-max-height:844px;--awb-align-self:center;--awb-width:100%;\"><div class=\"video-shortcode\"><div class=\"fluid-width-video-wrapper\" style=\"padding-top:56.27%;\" ><iframe title=\"YouTube video player 1\" data-src=\"https:\/\/www.youtube.com\/embed\/lSrZcPsCY0w?wmode=transparent&autoplay=0\" width=\"1500\" height=\"844\" allowfullscreen allow=\"autoplay; clipboard-write; encrypted-media; gyroscope; picture-in-picture;\" src=\"data:image\/svg+xml;base64,PHN2ZyB3aWR0aD0iMSIgaGVpZ2h0PSIxIiB4bWxucz0iaHR0cDovL3d3dy53My5vcmcvMjAwMC9zdmciPjwvc3ZnPg==\" class=\"lazyload\" data-load-mode=\"1\"><\/iframe><\/div><\/div><\/div><\/div><\/div><\/div><\/div><div class=\"fusion-fullwidth fullwidth-box fusion-builder-row-4 fusion-flex-container nonhundred-percent-fullwidth non-hundred-percent-height-scrolling\" style=\"--awb-border-radius-top-left:0px;--awb-border-radius-top-right:0px;--awb-border-radius-bottom-right:0px;--awb-border-radius-bottom-left:0px;--awb-flex-wrap:wrap;\" ><div class=\"fusion-builder-row fusion-row fusion-flex-align-items-flex-start fusion-flex-content-wrap\" style=\"max-width:83.2%;margin-left: calc(-4% \/ 2 );margin-right: calc(-4% \/ 2 );\"><div class=\"fusion-layout-column fusion_builder_column fusion-builder-column-4 fusion_builder_column_1_1 1_1 fusion-flex-column\" style=\"--awb-bg-size:cover;--awb-width-large:100%;--awb-margin-top-large:20px;--awb-spacing-right-large:1.92%;--awb-margin-bottom-large:20px;--awb-spacing-left-large:1.92%;--awb-width-medium:100%;--awb-order-medium:0;--awb-spacing-right-medium:1.92%;--awb-spacing-left-medium:1.92%;--awb-width-small:100%;--awb-order-small:0;--awb-spacing-right-small:1.92%;--awb-spacing-left-small:1.92%;\"><div class=\"fusion-column-wrapper fusion-column-has-shadow fusion-flex-justify-content-flex-start fusion-content-layout-column\"><div class=\"fusion-text fusion-text-4\">\n<\/div><\/div><\/div><\/div><\/div><\/p>\n","protected":false},"excerpt":{"rendered":"","protected":false},"author":14,"featured_media":3229,"parent":0,"menu_order":0,"comment_status":"closed","ping_status":"closed","template":"100-width.php","meta":{"footnotes":""},"class_list":["post-2537","page","type-page","status-publish","has-post-thumbnail","hentry"],"_links":{"self":[{"href":"https:\/\/www.comisionporlamemoria.org\/informeanual2024\/wp-json\/wp\/v2\/pages\/2537","targetHints":{"allow":["GET"]}}],"collection":[{"href":"https:\/\/www.comisionporlamemoria.org\/informeanual2024\/wp-json\/wp\/v2\/pages"}],"about":[{"href":"https:\/\/www.comisionporlamemoria.org\/informeanual2024\/wp-json\/wp\/v2\/types\/page"}],"author":[{"embeddable":true,"href":"https:\/\/www.comisionporlamemoria.org\/informeanual2024\/wp-json\/wp\/v2\/users\/14"}],"replies":[{"embeddable":true,"href":"https:\/\/www.comisionporlamemoria.org\/informeanual2024\/wp-json\/wp\/v2\/comments?post=2537"}],"version-history":[{"count":0,"href":"https:\/\/www.comisionporlamemoria.org\/informeanual2024\/wp-json\/wp\/v2\/pages\/2537\/revisions"}],"wp:featuredmedia":[{"embeddable":true,"href":"https:\/\/www.comisionporlamemoria.org\/informeanual2024\/wp-json\/wp\/v2\/media\/3229"}],"wp:attachment":[{"href":"https:\/\/www.comisionporlamemoria.org\/informeanual2024\/wp-json\/wp\/v2\/media?parent=2537"}],"curies":[{"name":"wp","href":"https:\/\/api.w.org\/{rel}","templated":true}]}}