{"id":2548,"date":"2021-07-21T11:19:30","date_gmt":"2021-07-21T11:19:30","guid":{"rendered":"https:\/\/www.comisionporlamemoria.org\/informeanual2024\/?page_id=2548"},"modified":"2024-09-24T11:12:26","modified_gmt":"2024-09-24T14:12:26","slug":"seccion-inteligencia-y-espionaje-ilegal","status":"publish","type":"page","link":"https:\/\/www.comisionporlamemoria.org\/informeanual2024\/seccion-inteligencia-y-espionaje-ilegal\/","title":{"rendered":"Secci\u00f3n Control de la Corrupci\u00f3n"},"content":{"rendered":"<p><div class=\"fusion-fullwidth fullwidth-box fusion-builder-row-1 has-pattern-background has-mask-background hundred-percent-fullwidth hundred-percent-height hundred-percent-height-center-content non-hundred-percent-height-scrolling fusion-equal-height-columns\" style=\"--awb-border-radius-top-left:0px;--awb-border-radius-top-right:0px;--awb-border-radius-bottom-right:0px;--awb-border-radius-bottom-left:0px;--awb-padding-top:0px;--awb-padding-right:0px;--awb-padding-bottom:0px;--awb-padding-left:0px;--awb-flex-wrap:wrap;\" ><div class=\"fusion-fullwidth-center-content\"><div class=\"fusion-builder-row fusion-row\"><div class=\"fusion-layout-column fusion_builder_column fusion-builder-column-0 fusion_builder_column_1_1 1_1 fusion-one-full fusion-column-first fusion-column-last fusion-no-small-visibility fusion-no-medium-visibility fusion-animated\" style=\"--awb-padding-top:20%;--awb-padding-right:12%;--awb-padding-bottom:18%;--awb-padding-left:12%;--awb-bg-size:cover;--awb-margin-top:0px;--awb-margin-bottom:0px;\" data-animationType=\"fadeIn\" data-animationDuration=\"0.8\" data-animationOffset=\"top-into-view\"><div class=\"fusion-column-wrapper fusion-column-has-shadow fusion-flex-column-wrapper-legacy\"><div class=\"fusion-column-content-centered\"><div class=\"fusion-column-content\"><div class=\"fusion-text fusion-text-1 fusion-animated\" style=\"--awb-font-size:20px;\" data-animationType=\"fadeInLeft\" data-animationDuration=\"0.7\" data-animationOffset=\"top-into-view\"><p style=\"text-align: center;\">El sistema de la crueldad XVIII<\/p>\n<\/div><div class=\"fusion-sep-clear\"><\/div><div class=\"fusion-separator\" style=\"margin-left: auto;margin-right: auto;margin-bottom:10%;width:100%;max-width:50%;\"><div class=\"fusion-separator-border sep-single sep-solid\" style=\"--awb-height:20px;--awb-amount:20px;border-color:#d1d1d1;border-top-width:1px;\"><\/div><\/div><div class=\"fusion-sep-clear\"><\/div><div class=\"fusion-title title fusion-title-1 fusion-sep-none fusion-title-center fusion-title-text fusion-title-size-two\" style=\"--awb-margin-top-small:0px;--awb-margin-right-small:0px;--awb-margin-bottom-small:20px;--awb-margin-left-small:0px;--awb-font-size:50px;\"><h2 class=\"fusion-title-heading title-heading-center fusion-responsive-typography-calculated\" style=\"margin:0;font-size:1em;--fontSize:50;line-height:1.28;\">Control de la Corrupci\u00f3n<\/h2><\/div><div class=\"fusion-sep-clear\"><\/div><div class=\"fusion-separator fusion-full-width-sep\" style=\"margin-left: auto;margin-right: auto;margin-bottom:10%;width:100%;\"><\/div><div class=\"fusion-sep-clear\"><\/div><div class=\"fusion-button-wrapper fusion-aligncenter\"><a class=\"fusion-button button-flat fusion-button-default-size button-custom fusion-button-default button-1 fusion-button-default-span fusion-button-default-type\" style=\"--button_accent_color:#181818;--button_border_color:#181818;--button_accent_hover_color:#181818;--button_border_hover_color:#ffffff;--button_gradient_top_color:rgba(255,255,255,0);--button_gradient_bottom_color:rgba(255,255,255,0);--button_gradient_top_color_hover:#ffffff;--button_gradient_bottom_color_hover:#ffffff;\" target=\"_blank\" rel=\"noopener noreferrer\" href=\"https:\/\/www.comisionporlamemoria.org\/informeanual2024\/wp-content\/uploads\/sites\/16\/sites\/42\/2024\/09\/corrupcion.pdf\"><span class=\"fusion-button-text awb-button__text awb-button__text--default\">Descargar secci\u00f3n completa en PDF<\/span><i class=\"fa-download fas awb-button__icon awb-button__icon--default button-icon-right\" aria-hidden=\"true\"><\/i><\/a><\/div><\/div><\/div><div class=\"fusion-clearfix\"><\/div><\/div><\/div><div class=\"fusion-layout-column fusion_builder_column fusion-builder-column-1 fusion_builder_column_1_1 1_1 fusion-one-full fusion-column-first fusion-column-last fusion-no-large-visibility\" style=\"--awb-padding-top:8%;--awb-padding-bottom:8%;--awb-bg-size:cover;--awb-margin-top:0px;--awb-margin-bottom:0px;\"><div class=\"fusion-column-wrapper fusion-column-has-shadow fusion-flex-column-wrapper-legacy\"><div class=\"fusion-column-content-centered\"><div class=\"fusion-column-content\"><div class=\"fusion-text fusion-text-2\"><p style=\"text-align: center;\">Sistema de la crueldad XVIII<\/p>\n<\/div><div class=\"fusion-sep-clear\"><\/div><div class=\"fusion-separator\" style=\"margin-left: auto;margin-right: auto;margin-bottom:8%;width:100%;max-width:50%;\"><div class=\"fusion-separator-border sep-single sep-solid\" style=\"--awb-height:20px;--awb-amount:20px;border-color:#d1d1d1;border-top-width:1px;\"><\/div><\/div><div class=\"fusion-sep-clear\"><\/div><div class=\"fusion-title title fusion-title-2 fusion-sep-none fusion-title-center fusion-title-text fusion-title-size-one\" style=\"--awb-margin-bottom:10%;--awb-margin-top-small:0px;--awb-margin-right-small:0px;--awb-margin-bottom-small:20px;--awb-margin-left-small:0px;--awb-font-size:50px;\"><h1 class=\"fusion-title-heading title-heading-center fusion-responsive-typography-calculated\" style=\"margin:0;font-size:1em;--fontSize:50;line-height:1.2;\">Control de la Corrupci\u00f3n<\/h1><\/div><div class=\"fusion-sep-clear\"><\/div><div class=\"fusion-separator fusion-full-width-sep\" style=\"margin-left: auto;margin-right: auto;margin-bottom:4%;width:100%;\"><\/div><div class=\"fusion-sep-clear\"><\/div><div class=\"fusion-button-wrapper fusion-aligncenter\"><a class=\"fusion-button button-flat fusion-button-default-size button-custom fusion-button-default button-2 fusion-button-default-span fusion-button-default-type fusion-animated\" style=\"--button_accent_color:#181818;--button_border_color:#181818;--button_accent_hover_color:#181818;--button_border_hover_color:#ffffff;--button_gradient_top_color:rgba(255,255,255,0);--button_gradient_bottom_color:rgba(255,255,255,0);--button_gradient_top_color_hover:#ffffff;--button_gradient_bottom_color_hover:#ffffff;\" data-animationType=\"fadeInLeft\" data-animationDuration=\"0.3\" data-animationOffset=\"top-into-view\" target=\"_blank\" rel=\"noopener noreferrer\" href=\"https:\/\/www.comisionporlamemoria.org\/informeanual2024\/wp-content\/uploads\/sites\/16\/sites\/42\/2024\/09\/corrupcion.pdf\"><span class=\"fusion-button-text awb-button__text awb-button__text--default\">Descargar secci\u00f3n completa en PDF<\/span><i class=\"fa-download fas awb-button__icon awb-button__icon--default button-icon-right\" aria-hidden=\"true\"><\/i><\/a><\/div><\/div><\/div><div class=\"fusion-clearfix\"><\/div><\/div><\/div><\/div><\/div><\/div><div class=\"fusion-fullwidth fullwidth-box fusion-builder-row-2 nonhundred-percent-fullwidth non-hundred-percent-height-scrolling\" style=\"--awb-border-radius-top-left:0px;--awb-border-radius-top-right:0px;--awb-border-radius-bottom-right:0px;--awb-border-radius-bottom-left:0px;--awb-margin-top:5%;--awb-margin-bottom:2%;--awb-flex-wrap:wrap;\" ><div class=\"fusion-builder-row fusion-row\"><div class=\"fusion-layout-column fusion_builder_column fusion-builder-column-2 fusion_builder_column_1_1 1_1 fusion-one-full fusion-column-first fusion-column-last\" style=\"--awb-padding-top:2%;--awb-padding-right:2%;--awb-padding-bottom:2%;--awb-padding-left:2%;--awb-bg-size:cover;--awb-border-color:#181818;--awb-border-top:2px;--awb-border-right:2px;--awb-border-bottom:2px;--awb-border-left:2px;--awb-border-style:solid;\"><div class=\"fusion-column-wrapper fusion-column-has-shadow fusion-flex-column-wrapper-legacy\"><div class=\"fusion-title title fusion-title-3 fusion-sep-none fusion-title-text fusion-title-size-five\" style=\"--awb-margin-top-small:0px;--awb-margin-right-small:0px;--awb-margin-bottom-small:20px;--awb-margin-left-small:0px;\"><h5 class=\"fusion-title-heading title-heading-left fusion-responsive-typography-calculated\" style=\"margin:0;--fontSize:20;--minFontSize:20;line-height:1.5;\">SOBRE ESTA SECCI\u00d3N<\/h5><\/div><div class=\"fusion-text fusion-text-3 fusion-animated\" style=\"--awb-content-alignment:justify;\" data-animationType=\"fadeInLeft\" data-animationDuration=\"0.3\" data-animationOffset=\"top-into-view\"><p>La corrupci\u00f3n implica una forma de abuso de poder que desplaza el inter\u00e9s p\u00fablico por beneficios privados, afectando la institucionalidad democr\u00e1tica y el acceso a los derechos humanos. La CPM destaca tres niveles de impacto: individual, colectivo y social, e involucra tanto al sector p\u00fablico como al privado, y que, si bien afecta a toda la sociedad, las personas y grupos en situaci\u00f3n de vulnerabilidad y marginaci\u00f3n son quienes la sufren de manera m\u00e1s cruel y desproporcionada.<\/p>\n<p>En el marco del monitoreo de los casos de corrupci\u00f3n, la CPM registr\u00f3 102 denuncias sobre pr\u00e1cticas delictivas que involucran a funcionarios policiales o penitenciarios: 54 hechos ligados a corrupci\u00f3n policial y 48 hechos de corrupci\u00f3n penitenciaria.<\/p>\n<p>La denuncia e investigaci\u00f3n de la corrupci\u00f3n policial no se limita a la identificaci\u00f3n de un conjunto de acciones individuales sino que abarca la descripci\u00f3n e intervenci\u00f3n de un fen\u00f3meno complejo vinculado con el funcionamiento organizacional de las fuerzas, sus pr\u00e1cticas hist\u00f3ricas y su funcionalidad pol\u00edtica a trav\u00e9s de los diferentes gobiernos. En este sentido, se concibe como corrupci\u00f3n policial un conjunto de pr\u00e1cticas ilegales que involucran a sectores de los poderes judiciales y del ministerio p\u00fablico.<\/p>\n<p>La corrupci\u00f3n policial incluye pr\u00e1cticas como la gesti\u00f3n de zonas liberadas, venta de protecci\u00f3n, cobro de coimas, extorsi\u00f3n, producci\u00f3n de inteligencia ilegal, y participaci\u00f3n en mercados ilegales, incluyendo el narcotr\u00e1fico. En base a datos del Registro de casos de corrupci\u00f3n policial de la CPM, en 2023 se registraron 54 casos de corrupci\u00f3n: el 31% por robo y hurto, 19% por narcocriminalidad, exacciones ilegales, 9 % y extorsi\u00f3n, 7 %.<\/p>\n<p>Un caso emblem\u00e1tico de este entramos de criminalidad es la investigaci\u00f3n contra el ex fiscal de San Isidro, Claudio Scapolan, sus secretarios y funcionarios policiales, quienes utilizando posiciones funcionales en el esquema de persecuci\u00f3n del delito, se dedicaban a obtener beneficios econ\u00f3micos de magnitud mediante la comisi\u00f3n de distintos il\u00edcitos. El a\u00f1o pasado, el Jurado de enjuiciamiento de magistrados y funcionarios bonaerenses destituy\u00f3 a Scapolan y le dict\u00f3 la inhabilitaci\u00f3n permanente para ejercer cargos judiciales.<\/p>\n<p>Por otra parte, a partir de informaci\u00f3n suministrada por la Auditor\u00eda General de Asuntos Internos, entre 1999 y 2022 se iniciaron 89.401 sumarios administrativos contra personal policial con 7.429 expulsiones, y en general la corrupci\u00f3n figura entre las principales causas.<\/p>\n<p>En el \u00e1mbito penitenciario la corrupci\u00f3n atenta de manera directa en las condiciones de vida de las personas privadas de su libertad. El car\u00e1cter estructural y sist\u00e9mico sostiene un conjunto de pr\u00e1cticas, sentidos y saberes que producen y reproducen torturas, vejaciones y\/o malos tratos.<\/p>\n<p>La CPM registr\u00f3 48 denuncias en 2023 con pr\u00e1cticas recurrentes como: 29% por delitos cometidos por agentes en funciones, 21% por comercializaci\u00f3n de estupefacientes, comercializaci\u00f3n ilegal de bienes y servicios b\u00e1sicos, 10 % y violencia f\u00edsica y destrucci\u00f3n de pertenencias, 10 %. Estas pr\u00e1cticas perpet\u00faan la violencia institucional y el control ilegal dentro de las c\u00e1rceles.<\/p>\n<p>Respecto a la situaci\u00f3n disciplinaria, entre 2015 y 2023 se iniciaron 3.074 sumarios administrativos en el SPB, con un aumento constante en el n\u00famero de sumarios. Las causas principales incluyen fallecimientos, violencia de g\u00e9nero y corrupci\u00f3n.<\/p>\n<p><strong>Situaci\u00f3n de hambre generalizada<\/strong><\/p>\n<p>La alimentaci\u00f3n de las personas privadas de la libertad recibe el principal impacto de las pr\u00e1cticas de corrupci\u00f3n. Entre 2015 y 2023 la CPM relev\u00f3 m\u00e1s de 15.000 casos de problemas alimentarios, y s\u00f3lo durante el a\u00f1o pasado se registraron 3.723 casos de falta o deficiente alimentaci\u00f3n y falta o deficiente dieta especial.<\/p>\n<p>Las denuncias incluyen raciones insuficientes, alimentos en mal estado y condiciones higi\u00e9nicas deficientes en las cocinas. Estas deficiencias reflejan una corrupci\u00f3n estructural en el sistema de provisi\u00f3n de alimentos, donde unas pocas empresas controlan la distribuci\u00f3n con pr\u00e1cticas de cartelizaci\u00f3n.<\/p>\n<p>\u00a0<\/p>\n<\/div><div class=\"fusion-clearfix\"><\/div><\/div><\/div><\/div><\/div><div class=\"fusion-fullwidth fullwidth-box fusion-builder-row-3 fusion-flex-container nonhundred-percent-fullwidth non-hundred-percent-height-scrolling\" style=\"--awb-border-radius-top-left:0px;--awb-border-radius-top-right:0px;--awb-border-radius-bottom-right:0px;--awb-border-radius-bottom-left:0px;--awb-flex-wrap:wrap;\" ><div class=\"fusion-builder-row fusion-row fusion-flex-align-items-flex-start fusion-flex-content-wrap\" style=\"max-width:83.2%;margin-left: calc(-4% \/ 2 );margin-right: calc(-4% \/ 2 );\"><div class=\"fusion-layout-column fusion_builder_column fusion-builder-column-3 fusion_builder_column_1_1 1_1 fusion-flex-column\" style=\"--awb-bg-size:cover;--awb-width-large:100%;--awb-margin-top-large:20px;--awb-spacing-right-large:1.92%;--awb-margin-bottom-large:20px;--awb-spacing-left-large:1.92%;--awb-width-medium:100%;--awb-order-medium:0;--awb-spacing-right-medium:1.92%;--awb-spacing-left-medium:1.92%;--awb-width-small:100%;--awb-order-small:0;--awb-spacing-right-small:1.92%;--awb-spacing-left-small:1.92%;\"><div class=\"fusion-column-wrapper fusion-column-has-shadow fusion-flex-justify-content-flex-start fusion-content-layout-column\"><div class=\"fusion-text fusion-text-4\">\n<\/div><\/div><\/div><\/div><\/div><\/p>\n","protected":false},"excerpt":{"rendered":"","protected":false},"author":14,"featured_media":3229,"parent":0,"menu_order":0,"comment_status":"closed","ping_status":"closed","template":"100-width.php","meta":{"footnotes":""},"class_list":["post-2548","page","type-page","status-publish","has-post-thumbnail","hentry"],"_links":{"self":[{"href":"https:\/\/www.comisionporlamemoria.org\/informeanual2024\/wp-json\/wp\/v2\/pages\/2548","targetHints":{"allow":["GET"]}}],"collection":[{"href":"https:\/\/www.comisionporlamemoria.org\/informeanual2024\/wp-json\/wp\/v2\/pages"}],"about":[{"href":"https:\/\/www.comisionporlamemoria.org\/informeanual2024\/wp-json\/wp\/v2\/types\/page"}],"author":[{"embeddable":true,"href":"https:\/\/www.comisionporlamemoria.org\/informeanual2024\/wp-json\/wp\/v2\/users\/14"}],"replies":[{"embeddable":true,"href":"https:\/\/www.comisionporlamemoria.org\/informeanual2024\/wp-json\/wp\/v2\/comments?post=2548"}],"version-history":[{"count":0,"href":"https:\/\/www.comisionporlamemoria.org\/informeanual2024\/wp-json\/wp\/v2\/pages\/2548\/revisions"}],"wp:featuredmedia":[{"embeddable":true,"href":"https:\/\/www.comisionporlamemoria.org\/informeanual2024\/wp-json\/wp\/v2\/media\/3229"}],"wp:attachment":[{"href":"https:\/\/www.comisionporlamemoria.org\/informeanual2024\/wp-json\/wp\/v2\/media?parent=2548"}],"curies":[{"name":"wp","href":"https:\/\/api.w.org\/{rel}","templated":true}]}}