{"id":2800,"date":"2022-07-19T18:12:14","date_gmt":"2022-07-19T18:12:14","guid":{"rendered":"https:\/\/www.comisionporlamemoria.org\/informeanual2024\/?page_id=2800"},"modified":"2024-09-10T14:12:39","modified_gmt":"2024-09-10T17:12:39","slug":"la-delegacion-de-la-investigacion-en-la-policia","status":"publish","type":"page","link":"https:\/\/www.comisionporlamemoria.org\/informeanual2024\/la-delegacion-de-la-investigacion-en-la-policia\/","title":{"rendered":"La delegaci\u00f3n de la investigaci\u00f3n en la polic\u00eda"},"content":{"rendered":"<p><div class=\"fusion-fullwidth fullwidth-box fusion-builder-row-1 nonhundred-percent-fullwidth non-hundred-percent-height-scrolling\" style=\"--awb-border-radius-top-left:0px;--awb-border-radius-top-right:0px;--awb-border-radius-bottom-right:0px;--awb-border-radius-bottom-left:0px;--awb-padding-top:8%;--awb-flex-wrap:wrap;\" ><div class=\"fusion-builder-row fusion-row\"><div class=\"fusion-layout-column fusion_builder_column fusion-builder-column-0 fusion_builder_column_3_4 3_4 fusion-three-fourth fusion-column-first\" style=\"--awb-bg-size:cover;--awb-margin-top:0px;--awb-margin-bottom:0px;width:75%;width:calc(75% - ( ( 4% ) * 0.75 ) );margin-right: 4%;\"><div class=\"fusion-column-wrapper fusion-column-has-shadow fusion-flex-column-wrapper-legacy\"><div class=\"fusion-text fusion-text-1 caption\"><p>INFORME ANUAL 2024<\/p>\n<\/div><div class=\"fusion-title title fusion-title-1 fusion-sep-none fusion-title-text fusion-title-size-two\" style=\"--awb-margin-top-small:0px;--awb-margin-right-small:0px;--awb-margin-bottom-small:20px;--awb-margin-left-small:0px;\"><h2 class=\"fusion-title-heading title-heading-left fusion-responsive-typography-calculated\" style=\"margin:0;--fontSize:72;line-height:1.28;\">La delegaci\u00f3n de la investigaci\u00f3n en la polic\u00eda<\/h2><\/div><div class=\"fusion-sep-clear\"><\/div><div class=\"fusion-separator fusion-clearfix\" style=\"float:left;margin-top:12%;margin-bottom:4%;width:100%;max-width:32px;\"><div class=\"fusion-separator-border sep-single sep-solid\" style=\"--awb-height:20px;--awb-amount:20px;--awb-sep-color:#181818;border-color:#181818;border-top-width:2px;\"><\/div><\/div><div class=\"fusion-sep-clear\"><\/div><div class=\"fusion-clearfix\"><\/div><\/div><\/div><div class=\"fusion-layout-column fusion_builder_column fusion-builder-column-1 fusion_builder_column_1_4 1_4 fusion-one-fourth fusion-column-last fusion-no-small-visibility fusion-no-medium-visibility\" style=\"--awb-bg-size:cover;width:25%;width:calc(25% - ( ( 4% ) * 0.25 ) );\"><div class=\"fusion-column-wrapper fusion-flex-column-wrapper-legacy\"><div class=\"fusion-clearfix\"><\/div><\/div><\/div><\/div><\/div><div class=\"fusion-fullwidth fullwidth-box fusion-builder-row-2 fusion-flex-container nonhundred-percent-fullwidth non-hundred-percent-height-scrolling\" style=\"--awb-border-radius-top-left:0px;--awb-border-radius-top-right:0px;--awb-border-radius-bottom-right:0px;--awb-border-radius-bottom-left:0px;--awb-flex-wrap:wrap;\" ><div class=\"fusion-builder-row fusion-row fusion-flex-align-items-flex-start fusion-flex-content-wrap\" style=\"max-width:83.2%;margin-left: calc(-4% \/ 2 );margin-right: calc(-4% \/ 2 );\"><div class=\"fusion-layout-column fusion_builder_column fusion-builder-column-2 fusion_builder_column_1_1 1_1 fusion-flex-column\" style=\"--awb-bg-size:cover;--awb-width-large:100%;--awb-margin-top-large:20px;--awb-spacing-right-large:1.92%;--awb-margin-bottom-large:20px;--awb-spacing-left-large:1.92%;--awb-width-medium:100%;--awb-order-medium:0;--awb-spacing-right-medium:1.92%;--awb-spacing-left-medium:1.92%;--awb-width-small:100%;--awb-order-small:0;--awb-spacing-right-small:1.92%;--awb-spacing-left-small:1.92%;\"><div class=\"fusion-column-wrapper fusion-column-has-shadow fusion-flex-justify-content-flex-start fusion-content-layout-column\"><div class=\"fusion-text fusion-text-2\"><p>La persecuci\u00f3n penal crece a\u00f1o a a\u00f1o. Durante 2023 el Ministerio P\u00fablico Fiscal inici\u00f3 m\u00e1s de un mill\u00f3n de investigaciones penales contra mayores de 18 a\u00f1os (1.036.696), lo que equivale a 2.840 investigaciones iniciadas por d\u00eda. Una parte de esas investigaciones genera privaciones de libertad: durante 2023 se produjeron 44.010 privaciones de libertad convalidadas judicialmente.<\/p>\n<p>M\u00e1s all\u00e1 de este n\u00famero total, interesa mirar el modo en que se producen. Hist\u00f3ricamente, como muestra el siguiente gr\u00e1fico, la mayor parte de las privaciones de libertad se basa en sumarios confeccionados por la polic\u00eda.<\/p>\n<\/div><style type=\"text\/css\">#fusion-chart-1 .fusion-chart-legend-wrap li:nth-child(1) span{color: #ffffff;}#fusion-chart-1 .fusion-chart-legend-wrap li:nth-child(2) span{color: #ffffff;}<\/style><div id=\"fusion-chart-1\" class=\"fusion-chart legend-top\" data-type=\"bar\" data-chart_legend_position=\"top\" data-x_axis_labels=\"2012|2013|2014|2015|2016|2017|2018|2019|2020|2021|2022|2023\" data-x_axis_label=\"A\u00f1o\" data-y_axis_label=\"Porcentaje\" data-show_tooltips=\"yes\" data-bg_colors=\"rgba(0,188,212,1)|rgba(139,195,74,1)|rgba(255,152,0,1)|||||||||\" data-border_colors=\"rgba(0,188,212,1)|rgba(139,195,74,1)|rgba(255,152,0,1)|||||||||\" data-border_size=\"1\" data-border_type=\"smooth\" data-chart_fill=\"off\" data-chart_point_style=\"circle\" data-chart_point_size=\"3\" data-chart_axis_text_color=\"rgba(103,103,103,1)\" data-chart_gridline_color=\"rgba(0,0,0,0.1)\"><div class=\"fusion-chart-dataset\" data-label=\"Aprehensiones policiales\" data-values=\"89|90|90|90|89|88|88|88|88|90|91|90\" data-background_color=\"rgba(0,188,212,1)\" data-border_color=\"rgba(0,188,212,1)\"><\/div><div class=\"fusion-chart-dataset\" data-label=\"Detenciones con orden judicial\" data-values=\"11|10|10|10|11|12|12|12|12|10|11|10\" data-background_color=\"rgba(248,168,21,1)\" data-border_color=\"rgba(248,168,21,1)\"><\/div><h4 class=\"fusion-chart-title\">Privaciones de libertad dictadas por el poder judicial, seg\u00fan modo de inicio, Provincia de Buenos Aires, 2012-2023<\/h4><div class=\"fusion-chart-inner\"><div class=\"fusion-chart-wrap\"><canvas><\/canvas><\/div><div class=\"fusion-chart-legend-wrap\"><\/div><\/div><\/div><div class=\"fusion-text fusion-text-3 resp-container\"><p><span id=\"imagen\" style=\"font-size: 10pt; font-family: Tahoma, Arial, Helvetica, sans-serif;\"><b>Fuente:<\/b> <span id=\"imagen\">CPM en base al RUD de la Procuraci\u00f3n General de la provincia de Buenos Aires. <\/span><br \/>\n<\/span><\/p>\n<\/div><div class=\"fusion-separator fusion-full-width-sep\" style=\"align-self: center;margin-left: auto;margin-right: auto;margin-top:2%;margin-bottom:2%;width:100%;\"><\/div><\/div><\/div><\/div><\/div><div class=\"fusion-fullwidth fullwidth-box fusion-builder-row-3 fusion-flex-container nonhundred-percent-fullwidth non-hundred-percent-height-scrolling\" style=\"--awb-border-radius-top-left:0px;--awb-border-radius-top-right:0px;--awb-border-radius-bottom-right:0px;--awb-border-radius-bottom-left:0px;--awb-flex-wrap:wrap;\" ><div class=\"fusion-builder-row fusion-row fusion-flex-align-items-flex-start fusion-flex-content-wrap\" style=\"max-width:83.2%;margin-left: calc(-4% \/ 2 );margin-right: calc(-4% \/ 2 );\"><div class=\"fusion-layout-column fusion_builder_column fusion-builder-column-3 fusion_builder_column_1_1 1_1 fusion-flex-column\" style=\"--awb-bg-size:cover;--awb-width-large:100%;--awb-margin-top-large:20px;--awb-spacing-right-large:1.92%;--awb-margin-bottom-large:20px;--awb-spacing-left-large:1.92%;--awb-width-medium:100%;--awb-order-medium:0;--awb-spacing-right-medium:1.92%;--awb-spacing-left-medium:1.92%;--awb-width-small:100%;--awb-order-small:0;--awb-spacing-right-small:1.92%;--awb-spacing-left-small:1.92%;\"><div class=\"fusion-column-wrapper fusion-column-has-shadow fusion-flex-justify-content-flex-start fusion-content-layout-column\"><div class=\"fusion-text fusion-text-4\"><p><strong>Arbitrariedad policial<\/strong><\/p>\n<\/div><div class=\"fusion-text fusion-text-5\"><p>Esta policializaci\u00f3n de la actividad fiscal y gobierno de los territorios se refleja tambi\u00e9n en otro fen\u00f3meno: las causas por resistencia a la autoridad o atentado contra la autoridad utilizadas como pretexto para demorar personas en comisar\u00edas y\/o para encubrir abusos de autoridad y malos tratos.<\/p>\n<p>En 2023 se registraron 10.273 car\u00e1tulas de este tipo en el fuero penal de adultos y 923 en el fuero penal juvenil. En la Provincia se inician casi tres causas judiciales por d\u00eda caratuladas como resistencia o atentado a la autoridad contra j\u00f3venes de 16 o 17 a\u00f1os.<\/p>\n<\/div><div class=\"fusion-separator fusion-full-width-sep\" style=\"align-self: center;margin-left: auto;margin-right: auto;margin-top:2%;margin-bottom:2%;width:100%;\"><\/div><style type=\"text\/css\">#fusion-chart-2 .fusion-chart-legend-wrap li:nth-child(1) span{color: #ffffff;}<\/style><div id=\"fusion-chart-2\" class=\"fusion-chart legend-top\" data-type=\"line\" data-chart_legend_position=\"top\" data-x_axis_labels=\"2009|2010|2011|2012|2013|2014|2015|2016|2017|2018|2019|2020|2021|2022|2023\" data-x_axis_label=\"A\u00f1o\" data-y_axis_label=\"Cantidad\" data-show_tooltips=\"yes\" data-bg_colors=\"rgba(0,188,212,1)|rgba(139,195,74,1)|rgba(255,152,0,1)||||||||||||\" data-border_colors=\"rgba(0,188,212,1)|rgba(139,195,74,1)|rgba(255,152,0,1)||||||||||||\" data-border_size=\"1\" data-border_type=\"smooth\" data-chart_fill=\"off\" data-chart_point_style=\"circle\" data-chart_point_size=\"3\" data-chart_axis_text_color=\"rgba(103,103,103,1)\" data-chart_gridline_color=\"rgba(0,0,0,0.1)\"><div class=\"fusion-chart-dataset\" data-label=\"Investigaciones\" data-values=\"8615|8076|7809|8828|9478|9937|10678|11814|12496|13202|12702|13747|12504|11484|11196\" data-background_color=\"rgba(0,188,212,1)\" data-border_color=\"rgba(0,188,212,1)\"><\/div><h4 class=\"fusion-chart-title\">Investigaciones penales caratuladas como resistencia a la autoridad o atentado contra la autoridad en los fueros criminal correccional y de responsabilidad penal juvenil, provincia de Buenos Aires, 2009-2023<\/h4><div class=\"fusion-chart-inner\"><div class=\"fusion-chart-wrap\"><canvas><\/canvas><\/div><div class=\"fusion-chart-legend-wrap\"><\/div><\/div><\/div><div class=\"fusion-text fusion-text-6 resp-container\"><p><span id=\"imagen\" style=\"font-size: 10pt; font-family: Tahoma, Arial, Helvetica, sans-serif;\"><b>Fuente:<\/b> <span id=\"imagen\">CPM en base a datos proporcionados por el Departamento de Estad\u00edsticas de la Procuraci\u00f3n General de la provincia de Buenos Aires. <\/span><br \/>\n<\/span><\/p>\n<\/div><\/div><\/div><\/div><\/div><div class=\"fusion-fullwidth fullwidth-box fusion-builder-row-4 fusion-flex-container nonhundred-percent-fullwidth non-hundred-percent-height-scrolling\" style=\"--awb-border-radius-top-left:0px;--awb-border-radius-top-right:0px;--awb-border-radius-bottom-right:0px;--awb-border-radius-bottom-left:0px;--awb-flex-wrap:wrap;\" ><div class=\"fusion-builder-row fusion-row fusion-flex-align-items-flex-start fusion-flex-content-wrap\" style=\"max-width:83.2%;margin-left: calc(-4% \/ 2 );margin-right: calc(-4% \/ 2 );\"><div class=\"fusion-layout-column fusion_builder_column fusion-builder-column-4 fusion_builder_column_1_1 1_1 fusion-flex-column\" style=\"--awb-bg-size:cover;--awb-width-large:100%;--awb-margin-top-large:20px;--awb-spacing-right-large:1.92%;--awb-margin-bottom-large:20px;--awb-spacing-left-large:1.92%;--awb-width-medium:100%;--awb-order-medium:0;--awb-spacing-right-medium:1.92%;--awb-spacing-left-medium:1.92%;--awb-width-small:100%;--awb-order-small:0;--awb-spacing-right-small:1.92%;--awb-spacing-left-small:1.92%;\"><div class=\"fusion-column-wrapper fusion-column-has-shadow fusion-flex-justify-content-flex-start fusion-content-layout-column\"><div class=\"fusion-text fusion-text-7\"><p>Entre 2019 y 2022 la polic\u00eda aprehendi\u00f3 en promedio a 285.520 personas adultas por a\u00f1o. Salvo el salto observado en 2020 producto de la aplicaci\u00f3n del aislamiento social preventivo obligatorio durante la pandemia, la cifra de aprehensiones viene disminuyendo: un 21% de 2019 a 2022.<\/p>\n<p>De las 285.520 personas aprehendidas, apenas 40.608 (14%) fueron privadas de su libertad por imputaci\u00f3n judicial de un delito y s\u00f3lo 18.272 (6%) ingresaron al SPB por prisi\u00f3n preventiva o condena.<\/p>\n<\/div><div class=\"fusion-separator fusion-full-width-sep\" style=\"align-self: center;margin-left: auto;margin-right: auto;margin-top:2%;margin-bottom:2%;width:100%;\"><\/div><style type=\"text\/css\">#fusion-chart-3 .fusion-chart-legend-wrap li:nth-child(1) span{color: #ffffff;}#fusion-chart-3 .fusion-chart-legend-wrap li:nth-child(2) span{color: #ffffff;}#fusion-chart-3 .fusion-chart-legend-wrap li:nth-child(3) span{color: #ffffff;}<\/style><div id=\"fusion-chart-3\" class=\"fusion-chart legend-top\" data-type=\"pie\" data-chart_legend_position=\"top\" data-x_axis_labels=\"Aprehensiones policiales|Privaciones de libertad|Ingresos al SPB\" data-x_axis_label=\"A\u00f1o\" data-y_axis_label=\"Cantidad\" data-show_tooltips=\"yes\" data-bg_colors=\"rgba(0,188,212,1)|rgba(139,195,74,1)|rgba(255,152,0,1)\" data-border_colors=\"rgba(0,188,212,1)|rgba(139,195,74,1)|rgba(255,152,0,1)\" data-border_size=\"1\" data-border_type=\"smooth\" data-chart_fill=\"off\" data-chart_point_style=\"circle\" data-chart_point_size=\"3\" data-chart_axis_text_color=\"rgba(103,103,103,1)\" data-chart_gridline_color=\"rgba(0,0,0,0.1)\"><div class=\"fusion-chart-dataset\" data-label=\"Porcentaje\" data-values=\"80|14|6\" data-background_color=\"rgba(0,188,212,1)\" data-border_color=\"rgba(0,188,212,1)\"><\/div><h4 class=\"fusion-chart-title\">Aprehensiones policiales, periodo 2019-2022<\/h4><div class=\"fusion-chart-inner\"><div class=\"fusion-chart-wrap\"><canvas><\/canvas><\/div><div class=\"fusion-chart-legend-wrap\"><\/div><\/div><\/div><div class=\"fusion-text fusion-text-8\"><p>Esta diferencia pone de manifiesto que la funci\u00f3n policial no es la de prevenir el delito sino la de gobierno o control de los territorios a partir de la saturaci\u00f3n de efectivos, dirigido a controlar y perseguir a los sectores m\u00e1s vulnerados independientemente de sus fundamentos<\/p>\n<\/div><\/div><\/div><\/div><\/div><div class=\"fusion-fullwidth fullwidth-box fusion-builder-row-5 fusion-flex-container nonhundred-percent-fullwidth non-hundred-percent-height-scrolling\" style=\"--awb-border-radius-top-left:0px;--awb-border-radius-top-right:0px;--awb-border-radius-bottom-right:0px;--awb-border-radius-bottom-left:0px;--awb-flex-wrap:wrap;\" ><div class=\"fusion-builder-row fusion-row fusion-flex-align-items-flex-start fusion-flex-content-wrap\" style=\"max-width:83.2%;margin-left: calc(-4% \/ 2 );margin-right: calc(-4% \/ 2 );\"><div class=\"fusion-layout-column fusion_builder_column fusion-builder-column-5 fusion_builder_column_1_1 1_1 fusion-flex-column\" style=\"--awb-bg-size:cover;--awb-width-large:100%;--awb-margin-top-large:20px;--awb-spacing-right-large:1.92%;--awb-margin-bottom-large:20px;--awb-spacing-left-large:1.92%;--awb-width-medium:100%;--awb-order-medium:0;--awb-spacing-right-medium:1.92%;--awb-spacing-left-medium:1.92%;--awb-width-small:100%;--awb-order-small:0;--awb-spacing-right-small:1.92%;--awb-spacing-left-small:1.92%;\"><div class=\"fusion-column-wrapper fusion-column-has-shadow fusion-flex-justify-content-flex-start fusion-content-layout-column\"><div ><a class=\"fusion-button button-flat fusion-button-default-size button-default fusion-button-default button-1 fusion-button-default-span fusion-button-default-type\" target=\"_self\" href=\"https:\/\/www.comisionporlamemoria.org\/datosabiertos\"><i class=\"fa-external-link-alt fas awb-button__icon awb-button__icon--default button-icon-left\" aria-hidden=\"true\"><\/i><span class=\"fusion-button-text awb-button__text awb-button__text--default\">Ver m\u00e1s en el sitio de Datos Abiertos<\/span><\/a><\/div><\/div><\/div><\/div><\/div><\/p>\n","protected":false},"excerpt":{"rendered":"","protected":false},"author":40,"featured_media":3004,"parent":0,"menu_order":0,"comment_status":"closed","ping_status":"closed","template":"","meta":{"footnotes":""},"class_list":["post-2800","page","type-page","status-publish","has-post-thumbnail","hentry"],"_links":{"self":[{"href":"https:\/\/www.comisionporlamemoria.org\/informeanual2024\/wp-json\/wp\/v2\/pages\/2800","targetHints":{"allow":["GET"]}}],"collection":[{"href":"https:\/\/www.comisionporlamemoria.org\/informeanual2024\/wp-json\/wp\/v2\/pages"}],"about":[{"href":"https:\/\/www.comisionporlamemoria.org\/informeanual2024\/wp-json\/wp\/v2\/types\/page"}],"author":[{"embeddable":true,"href":"https:\/\/www.comisionporlamemoria.org\/informeanual2024\/wp-json\/wp\/v2\/users\/40"}],"replies":[{"embeddable":true,"href":"https:\/\/www.comisionporlamemoria.org\/informeanual2024\/wp-json\/wp\/v2\/comments?post=2800"}],"version-history":[{"count":0,"href":"https:\/\/www.comisionporlamemoria.org\/informeanual2024\/wp-json\/wp\/v2\/pages\/2800\/revisions"}],"wp:featuredmedia":[{"embeddable":true,"href":"https:\/\/www.comisionporlamemoria.org\/informeanual2024\/wp-json\/wp\/v2\/media\/3004"}],"wp:attachment":[{"href":"https:\/\/www.comisionporlamemoria.org\/informeanual2024\/wp-json\/wp\/v2\/media?parent=2800"}],"curies":[{"name":"wp","href":"https:\/\/api.w.org\/{rel}","templated":true}]}}