{"id":2548,"date":"2021-07-21T11:19:30","date_gmt":"2021-07-21T11:19:30","guid":{"rendered":"https:\/\/www.comisionporlamemoria.org\/informeanual2025\/?page_id=2548"},"modified":"2025-08-09T12:23:53","modified_gmt":"2025-08-09T15:23:53","slug":"seccion-inteligencia-y-espionaje-ilegal","status":"publish","type":"page","link":"https:\/\/www.comisionporlamemoria.org\/informeanual2025\/seccion-inteligencia-y-espionaje-ilegal\/","title":{"rendered":"Secci\u00f3n Control de la Corrupci\u00f3n"},"content":{"rendered":"<p><div class=\"fusion-fullwidth fullwidth-box fusion-builder-row-1 has-pattern-background has-mask-background hundred-percent-fullwidth hundred-percent-height hundred-percent-height-center-content non-hundred-percent-height-scrolling fusion-equal-height-columns\" style=\"--awb-border-radius-top-left:0px;--awb-border-radius-top-right:0px;--awb-border-radius-bottom-right:0px;--awb-border-radius-bottom-left:0px;--awb-padding-top:0px;--awb-padding-right:0px;--awb-padding-bottom:0px;--awb-padding-left:0px;--awb-flex-wrap:wrap;\" ><div class=\"fusion-fullwidth-center-content\"><div class=\"fusion-builder-row fusion-row\"><div class=\"fusion-layout-column fusion_builder_column fusion-builder-column-0 fusion_builder_column_1_1 1_1 fusion-one-full fusion-column-first fusion-column-last fusion-no-small-visibility fusion-no-medium-visibility fusion-animated\" style=\"--awb-padding-top:20%;--awb-padding-right:12%;--awb-padding-bottom:18%;--awb-padding-left:12%;--awb-bg-size:cover;--awb-margin-top:0px;--awb-margin-bottom:0px;\" data-animationType=\"fadeIn\" data-animationDuration=\"0.8\" data-animationOffset=\"top-into-view\"><div class=\"fusion-column-wrapper fusion-column-has-shadow fusion-flex-column-wrapper-legacy\"><div class=\"fusion-column-content-centered\"><div class=\"fusion-column-content\"><div class=\"fusion-text fusion-text-1 fusion-animated\" style=\"--awb-font-size:20px;\" data-animationType=\"fadeInLeft\" data-animationDuration=\"0.7\" data-animationOffset=\"top-into-view\"><p style=\"text-align: center;\">El sistema de la crueldad XIX<\/p>\n<\/div><div class=\"fusion-sep-clear\"><\/div><div class=\"fusion-separator\" style=\"margin-left: auto;margin-right: auto;margin-bottom:10%;width:100%;max-width:50%;\"><div class=\"fusion-separator-border sep-single sep-solid\" style=\"--awb-height:20px;--awb-amount:20px;border-color:#d1d1d1;border-top-width:1px;\"><\/div><\/div><div class=\"fusion-sep-clear\"><\/div><div class=\"fusion-title title fusion-title-1 fusion-sep-none fusion-title-center fusion-title-text fusion-title-size-two\" style=\"--awb-margin-top-small:0px;--awb-margin-right-small:0px;--awb-margin-bottom-small:20px;--awb-margin-left-small:0px;--awb-font-size:50px;\"><h2 class=\"fusion-title-heading title-heading-center fusion-responsive-typography-calculated\" style=\"margin:0;font-size:1em;--fontSize:50;line-height:1.28;\">Control de la Corrupci\u00f3n Policial y Penitenciaria<\/h2><\/div><div class=\"fusion-sep-clear\"><\/div><div class=\"fusion-separator fusion-full-width-sep\" style=\"margin-left: auto;margin-right: auto;margin-bottom:10%;width:100%;\"><\/div><div class=\"fusion-sep-clear\"><\/div><div class=\"fusion-button-wrapper fusion-aligncenter\"><a class=\"fusion-button button-flat fusion-button-default-size button-custom fusion-button-default button-1 fusion-button-default-span fusion-button-default-type\" style=\"--button_accent_color:#181818;--button_border_color:#181818;--button_accent_hover_color:#181818;--button_border_hover_color:#ffffff;--button_gradient_top_color:rgba(255,255,255,0);--button_gradient_bottom_color:rgba(255,255,255,0);--button_gradient_top_color_hover:#ffffff;--button_gradient_bottom_color_hover:#ffffff;\" target=\"_blank\" rel=\"noopener noreferrer\" href=\"https:\/\/www.comisionporlamemoria.org\/informeanual2025\/wp-content\/uploads\/sites\/16\/sites\/43\/2025\/08\/corrupcion.pdf\"><span class=\"fusion-button-text awb-button__text awb-button__text--default\">Descargar secci\u00f3n completa en PDF<\/span><i class=\"fa-download fas awb-button__icon awb-button__icon--default button-icon-right\" aria-hidden=\"true\"><\/i><\/a><\/div><\/div><\/div><div class=\"fusion-clearfix\"><\/div><\/div><\/div><div class=\"fusion-layout-column fusion_builder_column fusion-builder-column-1 fusion_builder_column_1_1 1_1 fusion-one-full fusion-column-first fusion-column-last fusion-no-large-visibility\" style=\"--awb-padding-top:8%;--awb-padding-bottom:8%;--awb-bg-size:cover;--awb-margin-top:0px;--awb-margin-bottom:0px;\"><div class=\"fusion-column-wrapper fusion-column-has-shadow fusion-flex-column-wrapper-legacy\"><div class=\"fusion-column-content-centered\"><div class=\"fusion-column-content\"><div class=\"fusion-text fusion-text-2\"><p style=\"text-align: center;\">Sistema de la crueldad XIX<\/p>\n<\/div><div class=\"fusion-sep-clear\"><\/div><div class=\"fusion-separator\" style=\"margin-left: auto;margin-right: auto;margin-bottom:8%;width:100%;max-width:50%;\"><div class=\"fusion-separator-border sep-single sep-solid\" style=\"--awb-height:20px;--awb-amount:20px;border-color:#d1d1d1;border-top-width:1px;\"><\/div><\/div><div class=\"fusion-sep-clear\"><\/div><div class=\"fusion-title title fusion-title-2 fusion-sep-none fusion-title-center fusion-title-text fusion-title-size-one\" style=\"--awb-margin-bottom:10%;--awb-margin-top-small:0px;--awb-margin-right-small:0px;--awb-margin-bottom-small:20px;--awb-margin-left-small:0px;--awb-font-size:50px;\"><h1 class=\"fusion-title-heading title-heading-center fusion-responsive-typography-calculated\" style=\"margin:0;font-size:1em;--fontSize:50;line-height:1.2;\">Control de la Corrupci\u00f3n Policial y Penitenciaria<\/h1><\/div><div class=\"fusion-sep-clear\"><\/div><div class=\"fusion-separator fusion-full-width-sep\" style=\"margin-left: auto;margin-right: auto;margin-bottom:4%;width:100%;\"><\/div><div class=\"fusion-sep-clear\"><\/div><div class=\"fusion-button-wrapper fusion-aligncenter\"><a class=\"fusion-button button-flat fusion-button-default-size button-custom fusion-button-default button-2 fusion-button-default-span fusion-button-default-type fusion-animated\" style=\"--button_accent_color:#181818;--button_border_color:#181818;--button_accent_hover_color:#181818;--button_border_hover_color:#ffffff;--button_gradient_top_color:rgba(255,255,255,0);--button_gradient_bottom_color:rgba(255,255,255,0);--button_gradient_top_color_hover:#ffffff;--button_gradient_bottom_color_hover:#ffffff;\" data-animationType=\"fadeInLeft\" data-animationDuration=\"0.3\" data-animationOffset=\"top-into-view\" target=\"_blank\" rel=\"noopener noreferrer\" href=\"https:\/\/www.comisionporlamemoria.org\/informeanual2025\/wp-content\/uploads\/sites\/16\/sites\/43\/2025\/08\/corrupcion.pdf\"><span class=\"fusion-button-text awb-button__text awb-button__text--default\">Descargar secci\u00f3n completa en PDF<\/span><i class=\"fa-download fas awb-button__icon awb-button__icon--default button-icon-right\" aria-hidden=\"true\"><\/i><\/a><\/div><\/div><\/div><div class=\"fusion-clearfix\"><\/div><\/div><\/div><\/div><\/div><\/div><div class=\"fusion-fullwidth fullwidth-box fusion-builder-row-2 nonhundred-percent-fullwidth non-hundred-percent-height-scrolling\" style=\"--awb-border-radius-top-left:0px;--awb-border-radius-top-right:0px;--awb-border-radius-bottom-right:0px;--awb-border-radius-bottom-left:0px;--awb-margin-top:5%;--awb-margin-bottom:2%;--awb-flex-wrap:wrap;\" ><div class=\"fusion-builder-row fusion-row\"><div class=\"fusion-layout-column fusion_builder_column fusion-builder-column-2 fusion_builder_column_1_1 1_1 fusion-one-full fusion-column-first fusion-column-last\" style=\"--awb-padding-top:2%;--awb-padding-right:2%;--awb-padding-bottom:2%;--awb-padding-left:2%;--awb-bg-size:cover;--awb-border-color:#181818;--awb-border-top:2px;--awb-border-right:2px;--awb-border-bottom:2px;--awb-border-left:2px;--awb-border-style:solid;\"><div class=\"fusion-column-wrapper fusion-column-has-shadow fusion-flex-column-wrapper-legacy\"><div class=\"fusion-title title fusion-title-3 fusion-sep-none fusion-title-text fusion-title-size-five\" style=\"--awb-margin-top-small:0px;--awb-margin-right-small:0px;--awb-margin-bottom-small:20px;--awb-margin-left-small:0px;\"><h5 class=\"fusion-title-heading title-heading-left fusion-responsive-typography-calculated\" style=\"margin:0;--fontSize:20;--minFontSize:20;line-height:1.5;\">SOBRE ESTA SECCI\u00d3N<\/h5><\/div><div class=\"fusion-text fusion-text-3 fusion-animated\" style=\"--awb-content-alignment:justify;\" data-animationType=\"fadeInLeft\" data-animationDuration=\"0.3\" data-animationOffset=\"top-into-view\"><p>La corrupci\u00f3n no se limita \u00fanicamente a la clasificaci\u00f3n y\/o enumeraci\u00f3n de un conjunto de conductas individuales llevadas a cabo por funcionarios policiales o penitenciarios tendientes a obtener ganancias personales en base a fondos p\u00fablicos. Por el contrario, identificamos reglas, pautas y procedimientos estables y persistentes que tienen como efecto patrones institucionales de corrupci\u00f3n.<\/p>\n<p><b>Corrupci\u00f3n policial<span class=\"Apple-converted-space\">\u00a0<\/span><\/b><\/p>\n<p>La corrupci\u00f3n policial entendida desde una perspectiva sist\u00e9mica involucra un complejo entramado de normativas, culturas organizacionales, pr\u00e1cticas cotidianas y mecanismos de legitimaci\u00f3n que son parte de la vida administrativa y la gesti\u00f3n de la calle. La contenci\u00f3n, control y\/o administraci\u00f3n de mercados ilegales, el cobro de coimas, la gesti\u00f3n de zonas liberadas y la participaci\u00f3n en redes de narcotr\u00e1fico constituyen pr\u00e1cticas mediante las cuales las fuerzas de seguridad regulan informalmente el delito.<\/p>\n<p>Durante 2024 la CPM registr\u00f3 un total de 79 denuncias y\/o casos de corrupci\u00f3n u otras irregularidades y pr\u00e1cticas delictivas que involucran a personal policial y se realizaron 53 presentaciones, entre las cuales 25 son judiciales y 28 administrativas ante la Auditor\u00eda General de Asuntos Internos u otro \u00f3rgano disciplinario correspondiente. Se recibieron 33 respuestas a los pedidos de informaci\u00f3n realizados (22 corresponden a AGAI y 11 a \u00f3rganos judiciales).<span class=\"Apple-converted-space\">\u00a0<\/span><\/p>\n<p>En los 79 casos registrados se identificaron un total de 106 agentes policiales denunciados: el 82% pertenece a la Polic\u00eda de la Provincia de Buenos Aires, un 5% a la Polic\u00eda Federal, 1% a la Polic\u00eda de la Ciudad, y sobre un 11% no se cuenta con informaci\u00f3n sobre su pertenencia institucional.<span class=\"Apple-converted-space\">\u00a0<\/span><\/p>\n<p>Con respecto a las categor\u00edas de hechos, el armado de causas concentra el 30%, seguida por robo\/hurto con el 29% y el manejo irregular de fondos -14%-, registr\u00e1ndose una tendencia a la baja en el registro de casos vinculados a la narcocriminalidad y un incremento significativo de los hechos de robo\/hurto en cumplimiento de la tarea.<span class=\"Apple-converted-space\">\u00a0<\/span><\/p>\n<p>Seg\u00fan informaci\u00f3n del Registro de expulsados e inhabilitados de PBA (REPEI) de la Auditor\u00eda General de Asuntos Internos (AGAI), entre 1999 y 2024 fueron expulsados de la Polic\u00eda de la Provincia 8.758 efectivos, con un pico de expulsiones en los a\u00f1os 2018 y 2023 y un descenso paulatino con 293 expulsado en 2020 y 382 en el a\u00f1o 2021, que luego vuelve a incrementarse.<span class=\"Apple-converted-space\">\u00a0<\/span><\/p>\n<p>En este cap\u00edtulo se incorpora el an\u00e1lisis de casos de corrupci\u00f3n, entre ellos el de una banda de polic\u00edas de alta jerarqu\u00eda que realiz\u00f3 un allanamiento falso o fraguado y robaron importantes sumas de dinero y bienes a un grupo de personas que se dedicar\u00edan al juego clandestino; las irregularidades en el cobro de horas extra y vales de combustible; la venta de protecci\u00f3n a vendedores de estupefacientes a cambio de dinero y\/o drogas; la extorsi\u00f3n o exigencias monetarias indebidas en ejercicio de funciones p\u00fablicas para favorecer o perjudicar a una o varias personas; el caso Scapol\u00e1n; y el juicio por el homicidio de Lautaro Morello y la desaparici\u00f3n de Lucas Escalante.<span class=\"Apple-converted-space\">\u00a0<\/span><\/p>\n<p><b>Corrupci\u00f3n penitenciaria<\/b><\/p>\n<p>La corrupci\u00f3n penitenciaria, por su parte, atenta de manera directa en las condiciones de vida de las personas privadas de su libertad. El car\u00e1cter estructural y sist\u00e9mico sostiene un conjunto de pr\u00e1cticas, sentidos y saberes que producen y reproducen torturas, vejaciones y\/o malos tratos.<\/p>\n<p>La administraci\u00f3n fraudulenta de los recursos del Estado, su apropiaci\u00f3n o malversaci\u00f3n producen violencia estatal o institucional en la vida intramuros. La delegaci\u00f3n de la violencia, la administraci\u00f3n de los mercados ilegales, la administraci\u00f3n fraudulenta del servicio de alimentaci\u00f3n, la venta de pabellones, la venta de estupefacientes constituyen parte del accionar corrupto del sistema penitenciario.<\/p>\n<p>Durante 2024 se registraron 82 casos de corrupci\u00f3n penitenciaria en los que se pueden advertir modalidades recurrentes del gobierno de la c\u00e1rcel y con prevalencia de casos de comercializaci\u00f3n y\/o tr\u00e1fico de estupefacientes -36,6%-, seguido por casos de extorsi\u00f3n \u2013casi 27%-.<span class=\"Apple-converted-space\">\u00a0<\/span><\/p>\n<p>La Auditor\u00eda de Asuntos Internos del Servicio Penitenciario Bonaerense es el \u00f3rgano competente para entender el funcionamiento y la supervisi\u00f3n del SPB. Para el a\u00f1o 2024, la Auditor\u00eda inform\u00f3 la ejecuci\u00f3n de 843 sumarios administrativos; esto significa un 30% m\u00e1s que en el a\u00f1o anterior. En relaci\u00f3n a la categor\u00eda de hechos estas actuaciones prevalecen las causales por fallecimiento -26,7%-, violencia de g\u00e9nero -14,4%- y vejaciones y\/o apremios -9,3%-.<\/p>\n<p>En este informe se describen con profundidad las irregularidades en el sistema de alimentaci\u00f3n; el manejo irregular de medicamentos; y la comercializaci\u00f3n de estupefacientes.<\/p>\n<\/div><div class=\"fusion-clearfix\"><\/div><\/div><\/div><\/div><\/div><div class=\"fusion-fullwidth fullwidth-box fusion-builder-row-3 fusion-flex-container nonhundred-percent-fullwidth non-hundred-percent-height-scrolling\" style=\"--awb-border-radius-top-left:0px;--awb-border-radius-top-right:0px;--awb-border-radius-bottom-right:0px;--awb-border-radius-bottom-left:0px;--awb-flex-wrap:wrap;\" ><div class=\"fusion-builder-row fusion-row fusion-flex-align-items-flex-start fusion-flex-content-wrap\" style=\"max-width:83.2%;margin-left: calc(-4% \/ 2 );margin-right: calc(-4% \/ 2 );\"><div class=\"fusion-layout-column fusion_builder_column fusion-builder-column-3 fusion_builder_column_1_1 1_1 fusion-flex-column\" style=\"--awb-bg-size:cover;--awb-width-large:100%;--awb-margin-top-large:20px;--awb-spacing-right-large:1.92%;--awb-margin-bottom-large:20px;--awb-spacing-left-large:1.92%;--awb-width-medium:100%;--awb-order-medium:0;--awb-spacing-right-medium:1.92%;--awb-spacing-left-medium:1.92%;--awb-width-small:100%;--awb-order-small:0;--awb-spacing-right-small:1.92%;--awb-spacing-left-small:1.92%;\"><div class=\"fusion-column-wrapper fusion-column-has-shadow fusion-flex-justify-content-flex-start fusion-content-layout-column\"><div class=\"fusion-text fusion-text-4\">\n<\/div><\/div><\/div><\/div><\/div><\/p>\n","protected":false},"excerpt":{"rendered":"","protected":false},"author":32,"featured_media":3362,"parent":0,"menu_order":0,"comment_status":"closed","ping_status":"closed","template":"100-width.php","meta":{"footnotes":""},"class_list":["post-2548","page","type-page","status-publish","has-post-thumbnail","hentry"],"_links":{"self":[{"href":"https:\/\/www.comisionporlamemoria.org\/informeanual2025\/wp-json\/wp\/v2\/pages\/2548","targetHints":{"allow":["GET"]}}],"collection":[{"href":"https:\/\/www.comisionporlamemoria.org\/informeanual2025\/wp-json\/wp\/v2\/pages"}],"about":[{"href":"https:\/\/www.comisionporlamemoria.org\/informeanual2025\/wp-json\/wp\/v2\/types\/page"}],"author":[{"embeddable":true,"href":"https:\/\/www.comisionporlamemoria.org\/informeanual2025\/wp-json\/wp\/v2\/users\/32"}],"replies":[{"embeddable":true,"href":"https:\/\/www.comisionporlamemoria.org\/informeanual2025\/wp-json\/wp\/v2\/comments?post=2548"}],"version-history":[{"count":0,"href":"https:\/\/www.comisionporlamemoria.org\/informeanual2025\/wp-json\/wp\/v2\/pages\/2548\/revisions"}],"wp:featuredmedia":[{"embeddable":true,"href":"https:\/\/www.comisionporlamemoria.org\/informeanual2025\/wp-json\/wp\/v2\/media\/3362"}],"wp:attachment":[{"href":"https:\/\/www.comisionporlamemoria.org\/informeanual2025\/wp-json\/wp\/v2\/media?parent=2548"}],"curies":[{"name":"wp","href":"https:\/\/api.w.org\/{rel}","templated":true}]}}