{"id":31566,"date":"2017-09-08T10:16:10","date_gmt":"2017-09-08T10:16:10","guid":{"rendered":"http:\/\/www.comisionporlamemoria.org\/investigacion\/?page_id=31566"},"modified":"2018-02-21T15:07:30","modified_gmt":"2018-02-21T15:07:30","slug":"paisajes-de-la-memoria","status":"publish","type":"page","link":"https:\/\/www.comisionporlamemoria.org\/investigacion\/paisajes-de-la-memoria\/","title":{"rendered":"Paisajes de la memoria"},"content":{"rendered":"<p>[et_pb_section fb_built=\u00bb1&#8243; _builder_version=\u00bb3.0.75&#8243; background_image=\u00bbhttps:\/\/www.comisionporlamemoria.org\/investigacion\/wp-content\/uploads\/sites\/22\/2017\/02\/bg_cabeceras2.jpg\u00bb custom_padding=\u00bb0px||0px|\u00bb][et_pb_row custom_padding=\u00bb27px|0px|0px|0px\u00bb _builder_version=\u00bb3.0.47&#8243; background_size=\u00bbinitial\u00bb background_position=\u00bbtop_left\u00bb background_repeat=\u00bbrepeat\u00bb][et_pb_column type=\u00bb1_2&#8243; _builder_version=\u00bb3.0.47&#8243; parallax=\u00bboff\u00bb parallax_method=\u00bbon\u00bb][et_pb_post_title meta=\u00bboff\u00bb featured_image=\u00bboff\u00bb _builder_version=\u00bb3.0.47&#8243; title_font_size=\u00bb40&#8243; title_text_color=\u00bb#ffffff\u00bb background_color=\u00bb#424242&#8243; custom_margin=\u00bb80px||10px|\u00bb custom_padding=\u00bb13px|10px||15px\u00bb use_border_color=\u00bboff\u00bb border_color=\u00bb#ffffff\u00bb border_style=\u00bbsolid\u00bb parallax_effect=\u00bboff\u00bb module_bg_color=\u00bb#424242&#8243;]\u00a0<br \/>\n[\/et_pb_post_title][\/et_pb_column][et_pb_column type=\u00bb1_2&#8243; _builder_version=\u00bb3.0.47&#8243; parallax=\u00bboff\u00bb parallax_method=\u00bbon\u00bb][\/et_pb_column][\/et_pb_row][\/et_pb_section][et_pb_section fb_built=\u00bb1&#8243; fullwidth=\u00bbon\u00bb _builder_version=\u00bb3.0.47&#8243;][et_pb_fullwidth_image src=\u00bbhttps:\/\/www.comisionporlamemoria.org\/investigacion\/wp-content\/uploads\/sites\/22\/2017\/09\/232.jpg\u00bb _builder_version=\u00bb3.0.76&#8243; custom_margin=\u00bb0px||0px|\u00bb border_style=\u00bbsolid\u00bb]\u00a0<br \/>\n[\/et_pb_fullwidth_image][\/et_pb_section][et_pb_section fb_built=\u00bb1&#8243; _builder_version=\u00bb3.0.47&#8243; custom_padding=\u00bb40px|0px|0px|0px\u00bb transparent_background=\u00bboff\u00bb][et_pb_row use_custom_gutter=\u00bbon\u00bb gutter_width=\u00bb2&#8243; custom_padding=\u00bb0px|0px|0px|0px\u00bb parallax_method_1=\u00bboff\u00bb _builder_version=\u00bb3.0.76&#8243; background_size=\u00bbinitial\u00bb background_position=\u00bbtop_left\u00bb background_repeat=\u00bbrepeat\u00bb][et_pb_column type=\u00bb1_2&#8243; _builder_version=\u00bb3.0.47&#8243; parallax=\u00bboff\u00bb parallax_method=\u00bboff\u00bb][et_pb_text _builder_version=\u00bb3.0.76&#8243; background_size=\u00bbinitial\u00bb background_position=\u00bbtop_left\u00bb background_repeat=\u00bbrepeat\u00bb module_alignment=\u00bbleft\u00bb custom_margin=\u00bb0px|0px|40px|0px\u00bb custom_padding=\u00bb0px||0px|\u00bb border_style=\u00bbsolid\u00bb]<\/p>\n<p style=\"text-align: justify;\">Paisajes de la Memoria es un proyecto de investigaci\u00f3n que tiene como objetivo indagar a trav\u00e9s del relevamiento y lectura de las distintas marcas territoriales y se\u00f1alizaciones de sitios, qu\u00e9 y c\u00f3mo recuerda nuestra sociedad sobre el terrorismo de estado y la violaci\u00f3n a los Derechos Humanos en la actualidad. Encontrar\u00e1n registros cartogr\u00e1ficos, estad\u00edsticas, fotograf\u00edas, textos y an\u00e1lisis sobre los diferentes marcas y sitios de memoria de la provincia de Buenos Aires.<\/p>\n<p>[\/et_pb_text][\/et_pb_column][et_pb_column type=\u00bb1_4&#8243; _builder_version=\u00bb3.0.47&#8243; parallax=\u00bboff\u00bb parallax_method=\u00bbon\u00bb][\/et_pb_column][et_pb_column type=\u00bb1_4&#8243; _builder_version=\u00bb3.0.47&#8243; parallax=\u00bboff\u00bb parallax_method=\u00bbon\u00bb][\/et_pb_column][\/et_pb_row][et_pb_row use_custom_gutter=\u00bbon\u00bb gutter_width=\u00bb1&#8243; _builder_version=\u00bb3.0.99&#8243; background_size=\u00bbinitial\u00bb background_position=\u00bbtop_left\u00bb background_repeat=\u00bbrepeat\u00bb][et_pb_column type=\u00bb1_3&#8243; _builder_version=\u00bb3.0.47&#8243; parallax=\u00bboff\u00bb parallax_method=\u00bbon\u00bb][et_pb_image src=\u00bbhttps:\/\/www.comisionporlamemoria.org\/investigacion\/wp-content\/uploads\/sites\/22\/2018\/02\/Luisina-copia.jpg\u00bb _builder_version=\u00bb3.0.99&#8243; custom_margin=\u00bb|||\u00bb custom_padding=\u00bb|||\u00bb]\u00a0<br \/>\n[\/et_pb_image][et_pb_button button_url=\u00bbhttps:\/\/www.comisionporlamemoria.org\/investigacion\/paisajes-de-la-memoria\/el-proyecto\/\u00bb button_text=\u00bbProyecto\u00bb button_alignment=\u00bbleft\u00bb background_layout=\u00bbdark\u00bb _builder_version=\u00bb3.0.105&#8243; custom_margin=\u00bb-5px|||\u00bb custom_padding=\u00bb|100px||\u00bb custom_button=\u00bbon\u00bb button_text_size=\u00bb16&#8243; button_text_color=\u00bb#ffffff\u00bb button_bg_color=\u00bb#606060&#8243; button_border_width=\u00bb0&#8243; button_border_radius=\u00bb0&#8243; button_font=\u00bb|||on|||||\u00bb button_icon=\u00bb%%28%%\u00bb button_icon_color=\u00bb#e09900&#8243;]\u00a0<br \/>\n[\/et_pb_button][\/et_pb_column][et_pb_column type=\u00bb1_3&#8243; _builder_version=\u00bb3.0.47&#8243; parallax=\u00bboff\u00bb parallax_method=\u00bbon\u00bb][et_pb_image src=\u00bbhttps:\/\/www.comisionporlamemoria.org\/investigacion\/wp-content\/uploads\/sites\/22\/2018\/02\/Boton-Mapa-de-marcas-y-sitios-de-memoira.jpg\u00bb _builder_version=\u00bb3.0.99&#8243; custom_margin=\u00bb0px||0px|\u00bb]\u00a0<br \/>\n[\/et_pb_image][et_pb_button button_url=\u00bb\/investigacion\/paisajes-de-la-memoria\/mapas-de-la-memoria\/\u00bb button_text=\u00bbMAPAS de la memoria\u00bb button_alignment=\u00bbleft\u00bb background_layout=\u00bbdark\u00bb _builder_version=\u00bb3.0.99&#8243; custom_margin=\u00bb-5px|||\u00bb custom_padding=\u00bb|100px||\u00bb custom_button=\u00bbon\u00bb button_text_size=\u00bb16&#8243; button_text_color=\u00bb#ffffff\u00bb button_bg_color=\u00bb#606060&#8243; button_border_width=\u00bb0&#8243; button_border_radius=\u00bb0&#8243; button_font=\u00bb|||on|||||\u00bb button_icon=\u00bb%%28%%\u00bb button_icon_color=\u00bb#e09900&#8243;]\u00a0<br \/>\n[\/et_pb_button][\/et_pb_column][et_pb_column type=\u00bb1_3&#8243; _builder_version=\u00bb3.0.47&#8243; parallax=\u00bboff\u00bb parallax_method=\u00bbon\u00bb][et_pb_image src=\u00bbhttps:\/\/www.comisionporlamemoria.org\/investigacion\/wp-content\/uploads\/sites\/22\/2018\/02\/Luisina-panor\u00e1mica-de-monumento-copia.jpg\u00bb _builder_version=\u00bb3.0.99&#8243; custom_margin=\u00bb|||\u00bb]\u00a0<br \/>\n[\/et_pb_image][et_pb_button button_url=\u00bb\/investigacion\/paisajes-de-la-memoria\/publicaciones\/\u00bb button_text=\u00bbPublicaciones\u00bb button_alignment=\u00bbleft\u00bb background_layout=\u00bbdark\u00bb _builder_version=\u00bb3.0.99&#8243; custom_margin=\u00bb-5px|||\u00bb custom_padding=\u00bb|100px||\u00bb custom_button=\u00bbon\u00bb button_text_size=\u00bb16&#8243; button_text_color=\u00bb#ffffff\u00bb button_bg_color=\u00bb#606060&#8243; button_border_width=\u00bb0&#8243; button_border_radius=\u00bb0&#8243; button_font=\u00bb|||on|||||\u00bb button_icon=\u00bb%%28%%\u00bb button_icon_color=\u00bb#e09900&#8243;]\u00a0<br \/>\n[\/et_pb_button][\/et_pb_column][\/et_pb_row][et_pb_row use_custom_gutter=\u00bbon\u00bb gutter_width=\u00bb1&#8243; _builder_version=\u00bb3.0.99&#8243; background_size=\u00bbinitial\u00bb background_position=\u00bbtop_left\u00bb background_repeat=\u00bbrepeat\u00bb][et_pb_column type=\u00bb1_3&#8243; _builder_version=\u00bb3.0.47&#8243; parallax=\u00bboff\u00bb parallax_method=\u00bbon\u00bb][et_pb_image src=\u00bbhttps:\/\/www.comisionporlamemoria.org\/investigacion\/wp-content\/uploads\/sites\/22\/2018\/02\/Boton-Memorias-del-Mundo.jpg\u00bb _builder_version=\u00bb3.0.99&#8243; custom_margin=\u00bb0px||0px|\u00bb]\u00a0<br \/>\n[\/et_pb_image][et_pb_button button_url=\u00bbhttp:\/\/wp.me\/P8ryDx-8f6&#8243; button_text=\u00bbMemorias del mundo\u00bb button_alignment=\u00bbleft\u00bb background_layout=\u00bbdark\u00bb _builder_version=\u00bb3.0.99&#8243; custom_margin=\u00bb-5px|||\u00bb custom_padding=\u00bb|100px||\u00bb custom_button=\u00bbon\u00bb button_text_size=\u00bb16px\u00bb button_text_color=\u00bb#ffffff\u00bb button_bg_color=\u00bb#606060&#8243; button_border_width=\u00bb0&#8243; button_border_radius=\u00bb0&#8243; button_font=\u00bb|||on|||||\u00bb button_icon=\u00bb%%28%%\u00bb button_icon_color=\u00bb#e09900&#8243;]\u00a0<br \/>\n[\/et_pb_button][\/et_pb_column][et_pb_column type=\u00bb1_3&#8243; _builder_version=\u00bb3.0.47&#8243; parallax=\u00bboff\u00bb parallax_method=\u00bbon\u00bb][et_pb_image src=\u00bbhttps:\/\/www.comisionporlamemoria.org\/investigacion\/wp-content\/uploads\/sites\/22\/2018\/02\/Boton-como-participar-del-proyecto.jpg\u00bb _builder_version=\u00bb3.0.99&#8243; custom_margin=\u00bb0px||0px|\u00bb]\u00a0<br \/>\n[\/et_pb_image][et_pb_button button_url=\u00bbhttps:\/\/docs.google.com\/forms\/d\/13WE0qjAxibCzdz4rA8ErUx0b9y0X39cAJdCeeXaJRM4\/viewform?edit_requested=true\u00bb button_text=\u00bb\u00bfC\u00f3mo participar del proyecto?\u00bb button_alignment=\u00bbleft\u00bb background_layout=\u00bbdark\u00bb _builder_version=\u00bb3.0.99&#8243; custom_margin=\u00bb-5px|||\u00bb custom_padding=\u00bb|70px||\u00bb custom_button=\u00bbon\u00bb button_text_size=\u00bb16&#8243; button_text_color=\u00bb#ffffff\u00bb button_bg_color=\u00bb#606060&#8243; button_border_width=\u00bb0&#8243; button_border_radius=\u00bb0&#8243; button_font=\u00bb|||on|\u00bb button_icon=\u00bb%%28%%\u00bb button_icon_color=\u00bb#e09900&#8243;]\u00a0<br \/>\n[\/et_pb_button][\/et_pb_column][et_pb_column type=\u00bb1_3&#8243; _builder_version=\u00bb3.0.47&#8243; parallax=\u00bboff\u00bb parallax_method=\u00bbon\u00bb][\/et_pb_column][\/et_pb_row][\/et_pb_section][et_pb_section fb_built=\u00bb1&#8243; _builder_version=\u00bb3.0.76&#8243; custom_margin=\u00bb20px|||\u00bb custom_padding=\u00bb0px||0px|\u00bb][et_pb_row custom_padding=\u00bb0px||0px|\u00bb parallax_method_1=\u00bboff\u00bb _builder_version=\u00bb3.0.47&#8243; background_size=\u00bbinitial\u00bb background_position=\u00bbtop_left\u00bb background_repeat=\u00bbrepeat\u00bb][et_pb_column type=\u00bb4_4&#8243; _builder_version=\u00bb3.0.47&#8243; parallax=\u00bboff\u00bb parallax_method=\u00bboff\u00bb][et_pb_image src=\u00bbhttps:\/\/www.comisionporlamemoria.org\/investigacion\/wp-content\/uploads\/sites\/22\/2017\/02\/separador8.jpg\u00bb _builder_version=\u00bb3.0.72&#8243; custom_margin=\u00bb0px||0px|\u00bb animation_direction=\u00bboff\u00bb custom_css_main_element=\u00bbheight: 7px !important;\u00bb border_style=\u00bbsolid\u00bb animation=\u00bboff\u00bb sticky=\u00bboff\u00bb]\u00a0<br \/>\n[\/et_pb_image][\/et_pb_column][\/et_pb_row][\/et_pb_section]<\/p>\n","protected":false},"excerpt":{"rendered":"<p>\u00a0 \u00a0 Paisajes de la Memoria es un proyecto de investigaci\u00f3n que tiene como objetivo indagar a trav\u00e9s del relevamiento y lectura de las distintas marcas territoriales y se\u00f1alizaciones de sitios, qu\u00e9 y c\u00f3mo recuerda nuestra sociedad sobre el terrorismo de estado y la violaci\u00f3n a los Derechos Humanos en la actualidad. Encontrar\u00e1n registros cartogr\u00e1ficos, [&hellip;]<\/p>\n","protected":false},"author":8,"featured_media":0,"parent":0,"menu_order":0,"comment_status":"closed","ping_status":"closed","template":"","meta":{"_et_pb_use_builder":"on","_et_pb_old_content":"","_et_gb_content_width":"","jetpack_post_was_ever_published":false,"footnotes":""},"class_list":["post-31566","page","type-page","status-publish","hentry"],"jetpack_sharing_enabled":true,"jetpack_shortlink":"https:\/\/wp.me\/P8ryDx-8d8","_links":{"self":[{"href":"https:\/\/www.comisionporlamemoria.org\/investigacion\/wp-json\/wp\/v2\/pages\/31566","targetHints":{"allow":["GET"]}}],"collection":[{"href":"https:\/\/www.comisionporlamemoria.org\/investigacion\/wp-json\/wp\/v2\/pages"}],"about":[{"href":"https:\/\/www.comisionporlamemoria.org\/investigacion\/wp-json\/wp\/v2\/types\/page"}],"author":[{"embeddable":true,"href":"https:\/\/www.comisionporlamemoria.org\/investigacion\/wp-json\/wp\/v2\/users\/8"}],"replies":[{"embeddable":true,"href":"https:\/\/www.comisionporlamemoria.org\/investigacion\/wp-json\/wp\/v2\/comments?post=31566"}],"version-history":[{"count":0,"href":"https:\/\/www.comisionporlamemoria.org\/investigacion\/wp-json\/wp\/v2\/pages\/31566\/revisions"}],"wp:attachment":[{"href":"https:\/\/www.comisionporlamemoria.org\/investigacion\/wp-json\/wp\/v2\/media?parent=31566"}],"curies":[{"name":"wp","href":"https:\/\/api.w.org\/{rel}","templated":true}]}}