{"id":33475,"date":"2018-02-02T22:40:49","date_gmt":"2018-02-02T22:40:49","guid":{"rendered":"http:\/\/www.comisionporlamemoria.org\/investigacion\/?page_id=33475"},"modified":"2022-05-24T21:56:51","modified_gmt":"2022-05-24T21:56:51","slug":"mapas-de-la-memoria","status":"publish","type":"page","link":"https:\/\/www.comisionporlamemoria.org\/investigacion\/paisajes-de-la-memoria\/mapas-de-la-memoria\/","title":{"rendered":"Mapas de la memoria"},"content":{"rendered":"<p>[et_pb_section fb_built=\u00bb1&#8243; _builder_version=\u00bb4.16&#8243; background_image=\u00bbhttps:\/\/www.comisionporlamemoria.org\/investigacion\/wp-content\/uploads\/sites\/22\/2017\/02\/bg_cabeceras2.jpg\u00bb custom_padding=\u00bb0px||0px|\u00bb global_colors_info=\u00bb{}\u00bb][et_pb_row _builder_version=\u00bb4.16&#8243; background_size=\u00bbinitial\u00bb background_position=\u00bbtop_left\u00bb background_repeat=\u00bbrepeat\u00bb custom_padding=\u00bb27px|0px|0px|0px\u00bb global_colors_info=\u00bb{}\u00bb column_structure=\u00bb1_2,1_2&#8243;][et_pb_column type=\u00bb1_2&#8243; _builder_version=\u00bb4.16&#8243; custom_padding=\u00bb|||\u00bb global_colors_info=\u00bb{}\u00bb custom_padding__hover=\u00bb|||\u00bb][et_pb_post_title meta=\u00bboff\u00bb featured_image=\u00bboff\u00bb _builder_version=\u00bb4.16&#8243; title_text_color=\u00bb#ffffff\u00bb title_font_size=\u00bb40&#8243; background_color=\u00bb#424242&#8243; custom_margin=\u00bb80px||10px|\u00bb custom_padding=\u00bb13px|10px||15px\u00bb parallax_effect=\u00bboff\u00bb module_bg_color=\u00bb#424242&#8243; use_border_color=\u00bboff\u00bb border_color=\u00bb#ffffff\u00bb border_style=\u00bbsolid\u00bb global_colors_info=\u00bb{}\u00bb]\u00a0<br \/>\n[\/et_pb_post_title][\/et_pb_column][et_pb_column type=\u00bb1_2&#8243; _builder_version=\u00bb4.16&#8243; custom_padding=\u00bb|||\u00bb global_colors_info=\u00bb{}\u00bb custom_padding__hover=\u00bb|||\u00bb][\/et_pb_column][\/et_pb_row][\/et_pb_section][et_pb_section fb_built=\u00bb1&#8243; _builder_version=\u00bb4.16&#8243; custom_padding=\u00bb50.59375px|0px|16px|0px\u00bb global_colors_info=\u00bb{}\u00bb][et_pb_row _builder_version=\u00bb4.16&#8243; background_size=\u00bbinitial\u00bb background_position=\u00bbtop_left\u00bb background_repeat=\u00bbrepeat\u00bb global_colors_info=\u00bb{}\u00bb][et_pb_column type=\u00bb4_4&#8243; _builder_version=\u00bb4.16&#8243; custom_padding=\u00bb|||\u00bb global_colors_info=\u00bb{}\u00bb custom_padding__hover=\u00bb|||\u00bb][et_pb_text _builder_version=\u00bb4.16&#8243; text_font=\u00bb||||||||\u00bb text_font_size=\u00bb20px\u00bb background_color=\u00bb#606060&#8243; background_layout=\u00bbdark\u00bb custom_margin=\u00bb|||\u00bb custom_padding=\u00bb10px|10px|10px|10px\u00bb global_colors_info=\u00bb{}\u00bb]MARCAS TERRITORIALES Y SITIOS DE MEMORIA\u00a0LA PLATA BERISSO Y ENSENADA<br \/>\n[\/et_pb_text][\/et_pb_column][\/et_pb_row][et_pb_row _builder_version=\u00bb4.16&#8243; background_size=\u00bbinitial\u00bb background_position=\u00bbtop_left\u00bb background_repeat=\u00bbrepeat\u00bb custom_padding=\u00bb25.296875px|0px|0px|0px\u00bb global_colors_info=\u00bb{}\u00bb][et_pb_column type=\u00bb4_4&#8243; _builder_version=\u00bb4.16&#8243; custom_padding=\u00bb|||\u00bb global_colors_info=\u00bb{}\u00bb custom_padding__hover=\u00bb|||\u00bb][et_pb_text _builder_version=\u00bb4.16&#8243; global_colors_info=\u00bb{}\u00bb]<\/p>\n<p style=\"text-align: justify;\">En este mapa encontrar\u00e1n un relevamiento de marcas territoriales, de sitios de memoria y de centros clandestinos de detenci\u00f3n de la ciudades de La Plata, Berisso y Ensenada.<\/p>\n<p style=\"text-align: justify;\">Como parte del proyecto <i>Paisajes de la memoria<\/i> se realiz\u00f3 este relevamiento que contiene datos sobre el tipo de marca o se\u00f1alamiento, la ubicaci\u00f3n geogr\u00e1fica, fotograf\u00eda\/s del lugar, nombres a qui\u00e9nes hace referencia o conmemora, menci\u00f3n de quienes emprendieron la marca o se\u00f1alamiento, referencias hist\u00f3ricas y, en algunos casos, fragmentos de entrevistas o textuales de las se\u00f1al\u00e9ticas<\/p>\n<p style=\"text-align: justify;\">Parte de la informaci\u00f3n disponible es a partir del aporte de las distintas instituciones y organismos como tambi\u00e9n de los grupos de estudiantes, de j\u00f3venes, de militantes pol\u00edticos y sociales. Tambi\u00e9n hemos intentado dar prioridad en la sistematizaci\u00f3n de informaci\u00f3n y an\u00e1lisis sobre aquellas marcas y se\u00f1alamientos que no se encuentran analizadas en otros trabajos de investigaci\u00f3n: como por ejemplo, las marcaciones realizadas desde organizaciones gremiales, o en lugares perif\u00e9ricos de las ciudades. Y hemos dejado de lado profundizar el an\u00e1lisis en algunas marcas que s\u00ed han sido abordadas en otras instituciones e investigaciones vinculadas al tema, como por ejemplo sobre sitios de memoria o ex centros clandestinos de detenci\u00f3n.<\/p>\n<p>&nbsp;<br \/>\n[\/et_pb_text][et_pb_text _builder_version=\u00bb4.16&#8243; text_font=\u00bb||||||||\u00bb text_font_size=\u00bb20px\u00bb background_color=\u00bb#606060&#8243; background_layout=\u00bbdark\u00bb custom_margin=\u00bb|||\u00bb custom_padding=\u00bb10px|10px|10px|10px\u00bb global_colors_info=\u00bb{}\u00bb]RECORRIDOS<br \/>\n[\/et_pb_text][et_pb_text _builder_version=\u00bb4.16&#8243; global_colors_info=\u00bb{}\u00bb]<\/p>\n<p style=\"text-align: justify;\">En el mapa pueden hacerse varios recorridos; podemos ir por barrios, transitar por las instituciones, los sitios de memoria, los ex CCD, podemos marchar con los escraches, seguir un nombre, una foto, encontrar disputas y tensiones en los relatos. Los recorridos son infinitos y tejen las memorias del lugar, la definen y sostienen.<\/p>\n<p style=\"text-align: justify;\">Aqu\u00ed la propuesta es que se elaboren distintos recorridos, y pueda usarse como instrumento para diferentes objetivos; pedag\u00f3gicos, de estudio o simplemente para recordar.<\/p>\n<p>[\/et_pb_text][\/et_pb_column][\/et_pb_row][\/et_pb_section][et_pb_section fb_built=\u00bb1&#8243; _builder_version=\u00bb4.16&#8243; custom_padding=\u00bb10px|0px|0px|0px\u00bb global_colors_info=\u00bb{}\u00bb][et_pb_row _builder_version=\u00bb4.16&#8243; background_size=\u00bbinitial\u00bb background_position=\u00bbtop_left\u00bb background_repeat=\u00bbrepeat\u00bb custom_padding=\u00bb24.5px|0px|0px|0px\u00bb global_colors_info=\u00bb{}\u00bb][et_pb_column type=\u00bb4_4&#8243; _builder_version=\u00bb4.16&#8243; custom_padding=\u00bb|||\u00bb global_colors_info=\u00bb{}\u00bb custom_padding__hover=\u00bb|||\u00bb][et_pb_code _builder_version=\u00bb4.16&#8243; text_orientation=\u00bbcenter\u00bb global_colors_info=\u00bb{}\u00bb]<iframe loading=\"lazy\" src=\"https:\/\/www.google.com\/maps\/d\/embed?mid=1jEoIlbtOoxowhP33ogpHKpdnFKA\" width=\"940\" height=\"780\"><\/iframe>[\/et_pb_code][\/et_pb_column][\/et_pb_row][\/et_pb_section][et_pb_section fb_built=\u00bb1&#8243; _builder_version=\u00bb4.16&#8243; custom_padding=\u00bb49px|0px|4px|0px\u00bb global_colors_info=\u00bb{}\u00bb][et_pb_row _builder_version=\u00bb4.16&#8243; background_size=\u00bbinitial\u00bb background_position=\u00bbtop_left\u00bb background_repeat=\u00bbrepeat\u00bb custom_padding=\u00bb0px|0px|24.5px|0px\u00bb global_colors_info=\u00bb{}\u00bb][et_pb_column type=\u00bb4_4&#8243; _builder_version=\u00bb4.16&#8243; custom_padding=\u00bb|||\u00bb global_colors_info=\u00bb{}\u00bb custom_padding__hover=\u00bb|||\u00bb][et_pb_image src=\u00bbhttps:\/\/www.comisionporlamemoria.org\/investigacion\/wp-content\/uploads\/sites\/22\/2018\/02\/referencias.png\u00bb align=\u00bbcenter\u00bb align_tablet=\u00bbcenter\u00bb align_last_edited=\u00bbon|desktop\u00bb _builder_version=\u00bb4.16&#8243; global_colors_info=\u00bb{}\u00bb align_phone=\u00bbcenter\u00bb]\u00a0<br \/>\n[\/et_pb_image][\/et_pb_column][\/et_pb_row][\/et_pb_section][et_pb_section fb_built=\u00bb1&#8243; _builder_version=\u00bb4.16&#8243; global_colors_info=\u00bb{}\u00bb][et_pb_row _builder_version=\u00bb4.16&#8243; background_size=\u00bbinitial\u00bb background_position=\u00bbtop_left\u00bb background_repeat=\u00bbrepeat\u00bb global_colors_info=\u00bb{}\u00bb][et_pb_column type=\u00bb4_4&#8243; _builder_version=\u00bb4.16&#8243; custom_padding=\u00bb|||\u00bb global_colors_info=\u00bb{}\u00bb custom_padding__hover=\u00bb|||\u00bb][et_pb_text _builder_version=\u00bb4.16&#8243; text_font=\u00bb|||on|||||\u00bb text_font_size=\u00bb20px\u00bb background_color=\u00bb#606060&#8243; background_layout=\u00bbdark\u00bb custom_margin=\u00bb|||\u00bb custom_padding=\u00bb10px|10px|10px|10px\u00bb global_colors_info=\u00bb{}\u00bb]Mapa de ex CCD en de la provincia de Buenos Aires<br \/>\n[\/et_pb_text][et_pb_text _builder_version=\u00bb4.16&#8243; global_colors_info=\u00bb{}\u00bb]<\/p>\n<p style=\"text-align: justify;\">Este mapa que localiza los Centros clandestinos de detenci\u00f3n (CCD) de la provincia de Buenos Aires muestra la totalidad de los centros registrados como tales seg\u00fan el Registro Unificado de V\u00edctimas del Terrorismo de Estado, de la Secretar\u00eda de Derechos Humanos de la Naci\u00f3n, as\u00ed como tambi\u00e9n aquellos cuyos datos nos fueron aportados por diversas organizaciones que guardan relaci\u00f3n con la Comisi\u00f3n por la Memoria (CPM). Los centros clandestinos de detenci\u00f3n fueron aquellos lugares utilizados, durante la dictadura militar de 1976\/1983, por las fuerzas de seguridad del Estado de forma secreta y clandestina, durante un per\u00edodo prolongado, para alojar prisioneros ilegales, realizarles interrogatorios sistem\u00e1ticos acompa\u00f1ados de tormentos, torturas y en algunos casos exterminio.<\/p>\n<p style=\"text-align: justify;\">El mapa permite visualizar las ubicaciones en las que funcionaron los diversos centros, e informa a qu\u00e9 dependencia de las fuerzas de seguridad respond\u00edan y a qu\u00e9 zona, subzona y \u00e1rea pertenec\u00edan, seg\u00fan la divisi\u00f3n zonal dispuesta durante la \u00faltima dictadura. Al mismo tiempo, se detalla si lo sucedido en cada sitio fue juzgado o se encuentra atravesando un proceso judicial, y se especifica si el lugar fue se\u00f1alizado y\/o resignificado.<\/p>\n<p>[\/et_pb_text][\/et_pb_column][\/et_pb_row][et_pb_row _builder_version=\u00bb4.16&#8243; background_size=\u00bbinitial\u00bb background_position=\u00bbtop_left\u00bb background_repeat=\u00bbrepeat\u00bb global_colors_info=\u00bb{}\u00bb][et_pb_column type=\u00bb4_4&#8243; _builder_version=\u00bb4.16&#8243; custom_padding=\u00bb|||\u00bb global_colors_info=\u00bb{}\u00bb custom_padding__hover=\u00bb|||\u00bb][et_pb_code _builder_version=\u00bb4.16&#8243; text_orientation=\u00bbcenter\u00bb global_colors_info=\u00bb{}\u00bb]<iframe loading=\"lazy\" src=\"https:\/\/www.google.com\/maps\/d\/embed?mid=1HWG9wy8DefrH4aXKE_XaatWtmSw\" width=\"840\" height=\"680\"><\/iframe>[\/et_pb_code][\/et_pb_column][\/et_pb_row][\/et_pb_section][et_pb_section fb_built=\u00bb1&#8243; _builder_version=\u00bb4.16&#8243; custom_padding=\u00bb0px||0px|\u00bb global_colors_info=\u00bb{}\u00bb][et_pb_row _builder_version=\u00bb4.16&#8243; background_size=\u00bbinitial\u00bb background_position=\u00bbtop_left\u00bb background_repeat=\u00bbrepeat\u00bb custom_padding=\u00bb0px||0px|\u00bb global_colors_info=\u00bb{}\u00bb][et_pb_column type=\u00bb4_4&#8243; _builder_version=\u00bb4.16&#8243; custom_padding=\u00bb|||\u00bb global_colors_info=\u00bb{}\u00bb custom_padding__hover=\u00bb|||\u00bb][et_pb_image src=\u00bbhttps:\/\/www.comisionporlamemoria.org\/investigacion\/wp-content\/uploads\/sites\/22\/2017\/02\/separador8.jpg\u00bb align_tablet=\u00bbcenter\u00bb align_last_edited=\u00bbon|desktop\u00bb _builder_version=\u00bb4.16&#8243; custom_margin=\u00bb0px||0px|\u00bb animation_direction=\u00bboff\u00bb custom_css_main_element=\u00bbheight: 7px !important;\u00bb border_style=\u00bbsolid\u00bb animation=\u00bboff\u00bb sticky=\u00bboff\u00bb global_colors_info=\u00bb{}\u00bb align_phone=\u00bbcenter\u00bb]\u00a0<br \/>\n[\/et_pb_image][\/et_pb_column][\/et_pb_row][\/et_pb_section]<\/p>\n","protected":false},"excerpt":{"rendered":"<p>\u00a0 MARCAS TERRITORIALES Y SITIOS DE MEMORIA\u00a0LA PLATA BERISSO Y ENSENADA En este mapa encontrar\u00e1n un relevamiento de marcas territoriales, de sitios de memoria y de centros clandestinos de detenci\u00f3n de la ciudades de La Plata, Berisso y Ensenada. Como parte del proyecto Paisajes de la memoria se realiz\u00f3 este relevamiento que contiene datos sobre [&hellip;]<\/p>\n","protected":false},"author":32,"featured_media":0,"parent":31566,"menu_order":0,"comment_status":"closed","ping_status":"closed","template":"","meta":{"_et_pb_use_builder":"on","_et_pb_old_content":"","_et_gb_content_width":"","jetpack_post_was_ever_published":false,"footnotes":""},"class_list":["post-33475","page","type-page","status-publish","hentry"],"jetpack_sharing_enabled":true,"jetpack_shortlink":"https:\/\/wp.me\/P8ryDx-8HV","_links":{"self":[{"href":"https:\/\/www.comisionporlamemoria.org\/investigacion\/wp-json\/wp\/v2\/pages\/33475","targetHints":{"allow":["GET"]}}],"collection":[{"href":"https:\/\/www.comisionporlamemoria.org\/investigacion\/wp-json\/wp\/v2\/pages"}],"about":[{"href":"https:\/\/www.comisionporlamemoria.org\/investigacion\/wp-json\/wp\/v2\/types\/page"}],"author":[{"embeddable":true,"href":"https:\/\/www.comisionporlamemoria.org\/investigacion\/wp-json\/wp\/v2\/users\/32"}],"replies":[{"embeddable":true,"href":"https:\/\/www.comisionporlamemoria.org\/investigacion\/wp-json\/wp\/v2\/comments?post=33475"}],"version-history":[{"count":0,"href":"https:\/\/www.comisionporlamemoria.org\/investigacion\/wp-json\/wp\/v2\/pages\/33475\/revisions"}],"up":[{"embeddable":true,"href":"https:\/\/www.comisionporlamemoria.org\/investigacion\/wp-json\/wp\/v2\/pages\/31566"}],"wp:attachment":[{"href":"https:\/\/www.comisionporlamemoria.org\/investigacion\/wp-json\/wp\/v2\/media?parent=33475"}],"curies":[{"name":"wp","href":"https:\/\/api.w.org\/{rel}","templated":true}]}}