{"id":33592,"date":"2018-02-07T15:42:46","date_gmt":"2018-02-07T15:42:46","guid":{"rendered":"http:\/\/www.comisionporlamemoria.org\/investigacion\/?page_id=33592"},"modified":"2022-06-09T21:19:36","modified_gmt":"2022-06-09T21:19:36","slug":"videoteca","status":"publish","type":"page","link":"https:\/\/www.comisionporlamemoria.org\/investigacion\/videoteca\/","title":{"rendered":"Videoteca"},"content":{"rendered":"<p>[et_pb_section fb_built=\u00bb1&#8243; _builder_version=\u00bb4.16&#8243; background_image=\u00bbhttps:\/\/www.comisionporlamemoria.org\/investigacion\/wp-content\/uploads\/sites\/22\/2017\/09\/bg_cabeceras.jpg\u00bb custom_padding=\u00bb0px||0px|\u00bb global_colors_info=\u00bb{}\u00bb][et_pb_row _builder_version=\u00bb4.16&#8243; background_size=\u00bbinitial\u00bb background_position=\u00bbtop_left\u00bb background_repeat=\u00bbrepeat\u00bb custom_padding=\u00bb27px|0px|0px|0px\u00bb global_colors_info=\u00bb{}\u00bb column_structure=\u00bb1_2,1_2&#8243;][et_pb_column type=\u00bb1_2&#8243; _builder_version=\u00bb4.16&#8243; custom_padding=\u00bb|||\u00bb global_colors_info=\u00bb{}\u00bb custom_padding__hover=\u00bb|||\u00bb][et_pb_post_title meta=\u00bboff\u00bb featured_image=\u00bboff\u00bb _builder_version=\u00bb4.16&#8243; title_text_color=\u00bb#ffffff\u00bb title_font_size=\u00bb40&#8243; background_color=\u00bb#424242&#8243; custom_margin=\u00bb80px||10px|\u00bb custom_padding=\u00bb13px|10px||15px\u00bb use_border_color=\u00bboff\u00bb global_colors_info=\u00bb{}\u00bb]\u00a0<br \/>\n[\/et_pb_post_title][\/et_pb_column][et_pb_column type=\u00bb1_2&#8243; _builder_version=\u00bb4.16&#8243; custom_padding=\u00bb|||\u00bb global_colors_info=\u00bb{}\u00bb custom_padding__hover=\u00bb|||\u00bb][\/et_pb_column][\/et_pb_row][\/et_pb_section][et_pb_section fb_built=\u00bb1&#8243; _builder_version=\u00bb4.16&#8243; global_colors_info=\u00bb{}\u00bb][et_pb_row _builder_version=\u00bb4.16&#8243; background_size=\u00bbinitial\u00bb background_position=\u00bbtop_left\u00bb background_repeat=\u00bbrepeat\u00bb custom_padding=\u00bb27px|0px|0px|0px\u00bb global_colors_info=\u00bb{}\u00bb][et_pb_column type=\u00bb4_4&#8243; _builder_version=\u00bb4.16&#8243; custom_padding=\u00bb|||\u00bb global_colors_info=\u00bb{}\u00bb custom_padding__hover=\u00bb|||\u00bb][et_pb_text _builder_version=\u00bb4.17.3&#8243; background_size=\u00bbinitial\u00bb background_position=\u00bbtop_left\u00bb background_repeat=\u00bbrepeat\u00bb custom_margin=\u00bb0px|10%|40px|10%\u00bb custom_padding=\u00bb0px||0px|\u00bb hover_enabled=\u00bb0&#8243; global_colors_info=\u00bb{}\u00bb sticky_enabled=\u00bb0&#8243;]<\/p>\n<p style=\"text-align: justify;\">La videoteca de la CPM cuenta con m\u00e1s de <span style=\"color: #00b5e2;\"><strong>800 t\u00edtulos<\/strong><\/span> de cine social, pol\u00edtico y de temas relacionados con la violaci\u00f3n de los derechos humanos. Cuenta con pel\u00edculas documentales y de ficci\u00f3n de reconocidos directores internacionales, especialmente latinoamericanos.<\/p>\n<p style=\"text-align: justify;\">Estudiantes, docentes y p\u00fablico en general pueden asociarse y retirar pel\u00edculas gratuitamente acerc\u00e1ndose a la sede del <a href=\"www.comisionporlamemoria.org\/museo\"><span style=\"color: #00b5e2;\"><strong>Museo de Arte y Memoria<\/strong><\/span><\/a>, calle 9 984 entre 51 y 53, La Plata\u00a0 los lunes, mi\u00e9rcoles y viernes de 8 a 14hs. y los martes y jueves de 12 a 18hs. Tambi\u00e9n podes comunicarte por correo electr\u00f3nico a <a href=\"mailto:biblioteca@comisionporlamemoria.org\">biblioteca@comisionporlamemoria.org<\/a><\/p>\n<p style=\"text-align: justify;\">.<\/p>\n<p>[\/et_pb_text][\/et_pb_column][\/et_pb_row][et_pb_row _builder_version=\u00bb4.16&#8243; background_size=\u00bbinitial\u00bb background_position=\u00bbtop_left\u00bb background_repeat=\u00bbrepeat\u00bb custom_padding=\u00bb0px|0px|0px|0px\u00bb global_colors_info=\u00bb{}\u00bb][et_pb_column type=\u00bb4_4&#8243; _builder_version=\u00bb4.16&#8243; custom_padding=\u00bb|||\u00bb global_colors_info=\u00bb{}\u00bb custom_padding__hover=\u00bb|||\u00bb][et_pb_text _builder_version=\u00bb4.16&#8243; global_colors_info=\u00bb{}\u00bb]<\/p>\n<p><strong>Requisitos para asociarse:<\/strong><\/p>\n<ul>\n<li>Llenar el formulario de inscripci\u00f3n.<\/li>\n<\/ul>\n<ul>\n<li>Presentar fotocopia DNI y fotocopia de recibo de alg\u00fan servicio que acredite domicilio.<\/li>\n<\/ul>\n<p><span style=\"color: #00b5e2;\"><strong>1)<\/strong> <\/span>Las pel\u00edculas se prestar\u00e1n por el plazo m\u00e1ximo de 3 (tres) d\u00edas h\u00e1biles. En el caso de que la pel\u00edcula no sea devuelta en este lapso (y de no mediar un aviso por parte del usuario), se aplicar\u00e1 una sanci\u00f3n al socio, que afectar\u00e1 los futuros pr\u00e9stamos.<\/p>\n<p><span style=\"color: #00b5e2;\"><strong>2)<\/strong><\/span> En el caso de da\u00f1o o p\u00e9rdida de la pel\u00edcula prestada, el socio deber\u00e1 reponer la misma, o facilitar la recuperaci\u00f3n del ejemplar a la videoteca.<\/p>\n<p><span style=\"color: #00b5e2;\"><strong>3)<\/strong> <\/span>La videoteca se reserva el derecho de pr\u00e9stamo, es decir, puede decidir reservar alg\u00fan material para que s\u00f3lo pueda ser consultado en el \u00e1mbito de la videoteca en los horarios a convenir con el socio.<\/p>\n<p>&nbsp;<\/p>\n<p>[\/et_pb_text][\/et_pb_column][\/et_pb_row][et_pb_row _builder_version=\u00bb4.16&#8243; background_size=\u00bbinitial\u00bb background_position=\u00bbtop_left\u00bb background_repeat=\u00bbrepeat\u00bb global_colors_info=\u00bb{}\u00bb column_structure=\u00bb1_2,1_2&#8243;][et_pb_column type=\u00bb1_2&#8243; _builder_version=\u00bb4.16&#8243; custom_padding=\u00bb|||\u00bb global_colors_info=\u00bb{}\u00bb custom_padding__hover=\u00bb|||\u00bb][et_pb_button button_url=\u00bbhttps:\/\/www.comisionporlamemoria.org\/archivos\/investigacion\/videoteca\/catalogo-videoteca.xls\u00bb button_text=\u00bbMir\u00e1 el cat\u00e1logo \u00bb button_alignment=\u00bbleft\u00bb _builder_version=\u00bb4.16&#8243; custom_button=\u00bbon\u00bb button_text_size=\u00bb16px\u00bb button_bg_color=\u00bb#424242&#8243; button_border_width=\u00bb0px\u00bb button_border_radius=\u00bb0px\u00bb button_font=\u00bb|||on|||||\u00bb button_icon=\u00bb&#x3d;||divi||400&#8243; button_icon_color=\u00bb#00b5e2&#8243; button_icon_placement=\u00bbleft\u00bb custom_margin=\u00bb|||\u00bb custom_padding=\u00bb|||\u00bb button_border_radius_hover=\u00bb0px\u00bb saved_tabs=\u00bball\u00bb global_colors_info=\u00bb{}\u00bb button_text_size__hover_enabled=\u00bboff\u00bb button_one_text_size__hover_enabled=\u00bboff\u00bb button_two_text_size__hover_enabled=\u00bboff\u00bb button_text_color__hover_enabled=\u00bboff\u00bb button_one_text_color__hover_enabled=\u00bboff\u00bb button_two_text_color__hover_enabled=\u00bboff\u00bb button_border_width__hover_enabled=\u00bboff\u00bb button_one_border_width__hover_enabled=\u00bboff\u00bb button_two_border_width__hover_enabled=\u00bboff\u00bb button_border_color__hover_enabled=\u00bboff\u00bb button_one_border_color__hover_enabled=\u00bboff\u00bb button_two_border_color__hover_enabled=\u00bboff\u00bb button_border_radius__hover_enabled=\u00bbon\u00bb button_border_radius__hover=\u00bb0px\u00bb button_one_border_radius__hover_enabled=\u00bboff\u00bb button_two_border_radius__hover_enabled=\u00bboff\u00bb button_letter_spacing__hover_enabled=\u00bboff\u00bb button_one_letter_spacing__hover_enabled=\u00bboff\u00bb button_two_letter_spacing__hover_enabled=\u00bboff\u00bb button_bg_color__hover_enabled=\u00bboff\u00bb button_one_bg_color__hover_enabled=\u00bboff\u00bb button_two_bg_color__hover_enabled=\u00bboff\u00bb][\/et_pb_button][\/et_pb_column][et_pb_column type=\u00bb1_2&#8243; _builder_version=\u00bb4.16&#8243; custom_padding=\u00bb|||\u00bb global_colors_info=\u00bb{}\u00bb custom_padding__hover=\u00bb|||\u00bb][\/et_pb_column][\/et_pb_row][\/et_pb_section][et_pb_section fb_built=\u00bb1&#8243; _builder_version=\u00bb4.16&#8243; custom_padding=\u00bb0px||0px|\u00bb global_colors_info=\u00bb{}\u00bb][et_pb_row _builder_version=\u00bb4.16&#8243; background_size=\u00bbinitial\u00bb background_position=\u00bbtop_left\u00bb background_repeat=\u00bbrepeat\u00bb custom_padding=\u00bb0px||0px|\u00bb global_colors_info=\u00bb{}\u00bb][et_pb_column type=\u00bb4_4&#8243; _builder_version=\u00bb4.16&#8243; custom_padding=\u00bb|||\u00bb global_colors_info=\u00bb{}\u00bb custom_padding__hover=\u00bb|||\u00bb][et_pb_image src=\u00bbhttps:\/\/www.comisionporlamemoria.org\/investigacion\/wp-content\/uploads\/sites\/22\/2017\/02\/separador8.jpg\u00bb align_tablet=\u00bbcenter\u00bb align_last_edited=\u00bbon|desktop\u00bb _builder_version=\u00bb4.16&#8243; custom_margin=\u00bb0px||0px|\u00bb animation_direction=\u00bboff\u00bb custom_css_main_element=\u00bbheight: 7px !important;\u00bb border_style=\u00bbsolid\u00bb animation=\u00bboff\u00bb sticky=\u00bboff\u00bb global_colors_info=\u00bb{}\u00bb align_phone=\u00bbcenter\u00bb]\u00a0<br \/>\n[\/et_pb_image][\/et_pb_column][\/et_pb_row][\/et_pb_section]<\/p>\n","protected":false},"excerpt":{"rendered":"<p>\u00a0 La videoteca de la CPM cuenta con m\u00e1s de 800 t\u00edtulos de cine social, pol\u00edtico y de temas relacionados con la violaci\u00f3n de los derechos humanos. Cuenta con pel\u00edculas documentales y de ficci\u00f3n de reconocidos directores internacionales, especialmente latinoamericanos. Estudiantes, docentes y p\u00fablico en general pueden asociarse y retirar pel\u00edculas gratuitamente acerc\u00e1ndose a la [&hellip;]<\/p>\n","protected":false},"author":32,"featured_media":32918,"parent":0,"menu_order":0,"comment_status":"closed","ping_status":"closed","template":"","meta":{"_et_pb_use_builder":"on","_et_pb_old_content":"","_et_gb_content_width":"","jetpack_post_was_ever_published":false,"footnotes":""},"class_list":["post-33592","page","type-page","status-publish","has-post-thumbnail","hentry"],"jetpack_sharing_enabled":true,"jetpack_shortlink":"https:\/\/wp.me\/P8ryDx-8JO","_links":{"self":[{"href":"https:\/\/www.comisionporlamemoria.org\/investigacion\/wp-json\/wp\/v2\/pages\/33592","targetHints":{"allow":["GET"]}}],"collection":[{"href":"https:\/\/www.comisionporlamemoria.org\/investigacion\/wp-json\/wp\/v2\/pages"}],"about":[{"href":"https:\/\/www.comisionporlamemoria.org\/investigacion\/wp-json\/wp\/v2\/types\/page"}],"author":[{"embeddable":true,"href":"https:\/\/www.comisionporlamemoria.org\/investigacion\/wp-json\/wp\/v2\/users\/32"}],"replies":[{"embeddable":true,"href":"https:\/\/www.comisionporlamemoria.org\/investigacion\/wp-json\/wp\/v2\/comments?post=33592"}],"version-history":[{"count":0,"href":"https:\/\/www.comisionporlamemoria.org\/investigacion\/wp-json\/wp\/v2\/pages\/33592\/revisions"}],"wp:featuredmedia":[{"embeddable":true,"href":"https:\/\/www.comisionporlamemoria.org\/investigacion\/wp-json\/wp\/v2\/media\/32918"}],"wp:attachment":[{"href":"https:\/\/www.comisionporlamemoria.org\/investigacion\/wp-json\/wp\/v2\/media?parent=33592"}],"curies":[{"name":"wp","href":"https:\/\/api.w.org\/{rel}","templated":true}]}}