{"id":33629,"date":"2018-02-08T15:26:26","date_gmt":"2018-02-08T15:26:26","guid":{"rendered":"http:\/\/www.comisionporlamemoria.org\/investigacion\/?page_id=33629"},"modified":"2022-11-23T19:42:24","modified_gmt":"2022-11-23T19:42:24","slug":"estudiantes-extranjeros","status":"publish","type":"page","link":"https:\/\/www.comisionporlamemoria.org\/investigacion\/estudiantes-extranjeros\/","title":{"rendered":"Estudiantes extranjeros"},"content":{"rendered":"<p>[et_pb_section fb_built=\u00bb1&#8243; _builder_version=\u00bb4.16&#8243; background_image=\u00bbhttps:\/\/www.comisionporlamemoria.org\/investigacion\/wp-content\/uploads\/sites\/22\/2017\/09\/bg_cabeceras.jpg\u00bb custom_padding=\u00bb0px||0px|\u00bb global_colors_info=\u00bb{}\u00bb][et_pb_row column_structure=\u00bb1_2,1_2&#8243; _builder_version=\u00bb4.16&#8243; background_size=\u00bbinitial\u00bb background_position=\u00bbtop_left\u00bb background_repeat=\u00bbrepeat\u00bb custom_padding=\u00bb27px|0px|0px|0px\u00bb global_colors_info=\u00bb{}\u00bb][et_pb_column type=\u00bb1_2&#8243; _builder_version=\u00bb4.16&#8243; custom_padding=\u00bb|||\u00bb global_colors_info=\u00bb{}\u00bb custom_padding__hover=\u00bb|||\u00bb][et_pb_post_title meta=\u00bboff\u00bb featured_image=\u00bboff\u00bb _builder_version=\u00bb4.16&#8243; title_text_color=\u00bb#ffffff\u00bb title_font_size=\u00bb40&#8243; background_color=\u00bb#424242&#8243; custom_margin=\u00bb80px||10px|\u00bb custom_padding=\u00bb13px|10px||15px\u00bb parallax_effect=\u00bboff\u00bb module_bg_color=\u00bb#424242&#8243; use_border_color=\u00bboff\u00bb border_color=\u00bb#ffffff\u00bb border_style=\u00bbsolid\u00bb global_colors_info=\u00bb{}\u00bb][\/et_pb_post_title][\/et_pb_column][et_pb_column type=\u00bb1_2&#8243; _builder_version=\u00bb4.16&#8243; custom_padding=\u00bb|||\u00bb global_colors_info=\u00bb{}\u00bb custom_padding__hover=\u00bb|||\u00bb][\/et_pb_column][\/et_pb_row][\/et_pb_section][et_pb_section fb_built=\u00bb1&#8243; _builder_version=\u00bb4.16&#8243; custom_padding=\u00bb40px|0px|0px|0px\u00bb transparent_background=\u00bboff\u00bb global_colors_info=\u00bb{}\u00bb][et_pb_row _builder_version=\u00bb4.16&#8243; background_size=\u00bbinitial\u00bb background_position=\u00bbtop_left\u00bb background_repeat=\u00bbrepeat\u00bb custom_padding=\u00bb0px|0px|0px|0px\u00bb global_colors_info=\u00bb{}\u00bb][et_pb_column type=\u00bb4_4&#8243; _builder_version=\u00bb4.16&#8243; custom_padding=\u00bb|||\u00bb global_colors_info=\u00bb{}\u00bb custom_padding__hover=\u00bb|||\u00bb][et_pb_text _builder_version=\u00bb4.19.0&#8243; background_size=\u00bbinitial\u00bb background_position=\u00bbtop_left\u00bb background_repeat=\u00bbrepeat\u00bb custom_margin=\u00bb0px|10%|40px|10%\u00bb custom_padding=\u00bb0px||0px|\u00bb hover_enabled=\u00bb0&#8243; global_colors_info=\u00bb{}\u00bb sticky_enabled=\u00bb0&#8243;]<\/p>\n<p><strong>Programa educativo en derechos humanos para alumnos extranjeros<\/strong><\/p>\n<p>El programa surge a partir de un convenio entre la CPM y el College of William and Mary (Virginia, US). En este marco, la CPM promueve la articulaci\u00f3n acad\u00e9mica, la inmersi\u00f3n cultural y el trabajo en pasant\u00edas de j\u00f3venes norteamericanos que vivencian la ciudad de La Plata durante 6 meses.<\/p>\n<p>El proceso de formaci\u00f3n y capacitaci\u00f3n acad\u00e9mica de los estudiantes contempla diversas instancias:<\/p>\n<p><u>Cursos en la CPM<\/u><\/p>\n<p>Los estudiantes realizan 4 cursos de 45 horas cada uno,\u00a0 con el objetivo de conocer, problematizar y discutir tem\u00e1ticas y perspectivas hist\u00f3ricas, culturales y pol\u00edticas vinculadas a las acciones y actividades institucionales de la CPM en simult\u00e1neo con la pr\u00e1ctica escrita y oral del idioma.<\/p>\n<p>Los cursos:<\/p>\n<ul>\n<li>Espa\u00f1ol avanzado<\/li>\n<li>Introducci\u00f3n a la historia y actualidad social cultural y pol\u00edtica argentina<\/li>\n<li>Pueblos originarios y derechos humanos<\/li>\n<li>Argentina, j\u00f3venes cultura sociedad y pol\u00edtica<\/li>\n<\/ul>\n<p>&nbsp;<\/p>\n<p><u>Materias en las diferentes facultades de la UNLP<\/u><\/p>\n<p>De acuerdo a sus trayectos formativos e intereses particulares, los estudiantes se inscriben en cursos acad\u00e9micos que ofrece la Universidad Nacional de La Plata (UNLP). La cursada y aprobaci\u00f3n de estas clases son certificadas por cada unidad acad\u00e9mica y por la UNLP, y se acreditan en College of W&amp;M.<\/p>\n<p><u>Viajes y visitas<\/u><\/p>\n<p>Como dimensi\u00f3n fundamental del proceso educativo y en articulaci\u00f3n con los cursos brindados, el programa realiza viajes y visitas a lugares significativos para trabajar desde una mirada cr\u00edtica el pasado reciente y la agenda actual de derechos humanos.<\/p>\n<p><u>Las visitas<\/u><\/p>\n<ul>\n<li>Ciudad Aut\u00f3noma de Buenos Aires (CABA). Este viaje contempla un recorrido por la ciudad de Buenos Aires donde se brinda informaci\u00f3n hist\u00f3rica, cultural, religiosa y pol\u00edtica sobre Argentina.<\/li>\n<li>CCDTyE Olimpo.<\/li>\n<li>Parque de la Memoria.<\/li>\n<li>Espacio Memoria y Derechos Humanos (Ex ESMA).<\/li>\n<li>Museo Malvinas Argentinas e Islas del Atl\u00e1ntico Sur.<\/li>\n<li>CCD El Faro (Mar del Plata) y Celda itinerante (Mar del Plata)<\/li>\n<li>Reserva ecol\u00f3gica Verde Mundo (Mar del Plata).<\/li>\n<li>Comunidades de pueblos originarios (Puerto Madryn y Gaiman, Chubut).<\/li>\n<li>Sitios de memoria y Secretar\u00eda de Derechos Humanos (Trelew, Chubut).<\/li>\n<\/ul>\n<p><u>Pasant\u00edas<\/u><\/p>\n<p>Con el objetivo de promover la inserci\u00f3n y conocimiento en las acciones y el trabajo realizado por la instituci\u00f3n, las \u00e1reas y programas proponen y coordinan con los estudiantes acciones y tareas concretas en las que experimentan el trabajo diario de la CPM, en funci\u00f3n de los intereses particulares y acad\u00e9micos en su universidad de origen.<\/p>\n<p>[\/et_pb_text][\/et_pb_column][\/et_pb_row][et_pb_row use_custom_gutter=\u00bbon\u00bb gutter_width=\u00bb1&#8243; _builder_version=\u00bb4.16&#8243; background_size=\u00bbinitial\u00bb background_position=\u00bbtop_left\u00bb background_repeat=\u00bbrepeat\u00bb global_colors_info=\u00bb{}\u00bb][et_pb_column type=\u00bb4_4&#8243; _builder_version=\u00bb4.16&#8243; custom_padding=\u00bb|||\u00bb global_colors_info=\u00bb{}\u00bb custom_padding__hover=\u00bb|||\u00bb][et_pb_gallery gallery_ids=\u00bb33636,33640,33638,33641,33639,33642,33644,33645,33637,33646,33647,33648&#8243; gallery_captions=\u00bb,,,,,,,,,,,\u00bb posts_number=\u00bb20&#8243; show_title_and_caption=\u00bboff\u00bb show_pagination=\u00bboff\u00bb _builder_version=\u00bb4.16&#8243; pagination_font_size_tablet=\u00bb51&#8243; pagination_line_height_tablet=\u00bb2&#8243; global_colors_info=\u00bb{}\u00bb][\/et_pb_gallery][\/et_pb_column][\/et_pb_row][\/et_pb_section][et_pb_section fb_built=\u00bb1&#8243; _builder_version=\u00bb4.16&#8243; custom_padding=\u00bb0px||0px|\u00bb global_colors_info=\u00bb{}\u00bb][et_pb_row _builder_version=\u00bb4.16&#8243; background_size=\u00bbinitial\u00bb background_position=\u00bbtop_left\u00bb background_repeat=\u00bbrepeat\u00bb custom_padding=\u00bb0px||0px|\u00bb global_colors_info=\u00bb{}\u00bb][et_pb_column type=\u00bb4_4&#8243; _builder_version=\u00bb4.16&#8243; custom_padding=\u00bb|||\u00bb global_colors_info=\u00bb{}\u00bb custom_padding__hover=\u00bb|||\u00bb][et_pb_image src=\u00bbhttps:\/\/www.comisionporlamemoria.org\/investigacion\/wp-content\/uploads\/sites\/22\/2017\/02\/separador8.jpg\u00bb align_tablet=\u00bbcenter\u00bb align_phone=\u00bbcenter\u00bb align_last_edited=\u00bbon|desktop\u00bb _builder_version=\u00bb4.16&#8243; custom_margin=\u00bb0px||0px|\u00bb animation_direction=\u00bboff\u00bb custom_css_main_element=\u00bbheight: 7px !important;\u00bb border_style=\u00bbsolid\u00bb animation=\u00bboff\u00bb sticky=\u00bboff\u00bb global_colors_info=\u00bb{}\u00bb][\/et_pb_image][\/et_pb_column][\/et_pb_row][\/et_pb_section]<\/p>\n","protected":false},"excerpt":{"rendered":"<p>Programa educativo en derechos humanos para alumnos extranjeros El programa surge a partir de un convenio entre la CPM y el College of William and Mary (Virginia, US). En este marco, la CPM promueve la articulaci\u00f3n acad\u00e9mica, la inmersi\u00f3n cultural y el trabajo en pasant\u00edas de j\u00f3venes norteamericanos que vivencian la ciudad de La Plata [&hellip;]<\/p>\n","protected":false},"author":32,"featured_media":0,"parent":0,"menu_order":0,"comment_status":"closed","ping_status":"closed","template":"","meta":{"_et_pb_use_builder":"on","_et_pb_old_content":"","_et_gb_content_width":"","jetpack_post_was_ever_published":false,"footnotes":""},"class_list":["post-33629","page","type-page","status-publish","hentry"],"jetpack_sharing_enabled":true,"jetpack_shortlink":"https:\/\/wp.me\/P8ryDx-8Kp","_links":{"self":[{"href":"https:\/\/www.comisionporlamemoria.org\/investigacion\/wp-json\/wp\/v2\/pages\/33629","targetHints":{"allow":["GET"]}}],"collection":[{"href":"https:\/\/www.comisionporlamemoria.org\/investigacion\/wp-json\/wp\/v2\/pages"}],"about":[{"href":"https:\/\/www.comisionporlamemoria.org\/investigacion\/wp-json\/wp\/v2\/types\/page"}],"author":[{"embeddable":true,"href":"https:\/\/www.comisionporlamemoria.org\/investigacion\/wp-json\/wp\/v2\/users\/32"}],"replies":[{"embeddable":true,"href":"https:\/\/www.comisionporlamemoria.org\/investigacion\/wp-json\/wp\/v2\/comments?post=33629"}],"version-history":[{"count":0,"href":"https:\/\/www.comisionporlamemoria.org\/investigacion\/wp-json\/wp\/v2\/pages\/33629\/revisions"}],"wp:attachment":[{"href":"https:\/\/www.comisionporlamemoria.org\/investigacion\/wp-json\/wp\/v2\/media?parent=33629"}],"curies":[{"name":"wp","href":"https:\/\/api.w.org\/{rel}","templated":true}]}}