{"id":33987,"date":"2018-05-02T20:02:24","date_gmt":"2018-05-02T20:02:24","guid":{"rendered":"http:\/\/www.comisionporlamemoria.org\/investigacion\/?page_id=33987"},"modified":"2018-05-03T18:36:37","modified_gmt":"2018-05-03T18:36:37","slug":"el-genero-en-el-aula-del-diagnostico-a-la-propuesta","status":"publish","type":"page","link":"https:\/\/www.comisionporlamemoria.org\/investigacion\/formacion-y-capacitacion\/el-genero-en-el-aula-del-diagnostico-a-la-propuesta\/","title":{"rendered":"EL G\u00c9NERO EN EL AULA. DEL DIAGN\u00d3STICO A LA PROPUESTA"},"content":{"rendered":"<p>[et_pb_section bb_built=\u00bb1&#8243; _builder_version=\u00bb3.1.1&#8243; background_image=\u00bbhttps:\/\/www.comisionporlamemoria.org\/investigacion\/wp-content\/uploads\/sites\/22\/2018\/04\/curso-capacitacion.jpg\u00bb custom_padding=\u00bb0px||0px|\u00bb next_background_color=\u00bb#ffffff\u00bb][et_pb_row custom_padding=\u00bb3px|0px|126px|0px\u00bb _builder_version=\u00bb3.0.47&#8243; background_size=\u00bbinitial\u00bb background_position=\u00bbtop_left\u00bb background_repeat=\u00bbrepeat\u00bb][et_pb_column type=\u00bb1_2&#8243;][et_pb_post_title meta=\u00bboff\u00bb featured_image=\u00bboff\u00bb _builder_version=\u00bb3.1.1&#8243; title_text_color=\u00bb#ffffff\u00bb title_font_size=\u00bb40&#8243; background_color=\u00bbrgba(66,66,66,0.63)\u00bb custom_margin=\u00bb80px||10px|\u00bb custom_padding=\u00bb13px|10px||15px\u00bb use_border_color=\u00bboff\u00bb border_color=\u00bb#ffffff\u00bb border_style=\u00bbsolid\u00bb parallax_effect=\u00bboff\u00bb module_bg_color=\u00bb#424242&#8243;]<\/p>\n<p>&nbsp;<\/p>\n<p>[\/et_pb_post_title][\/et_pb_column][et_pb_column type=\u00bb1_2&#8243;][\/et_pb_column][\/et_pb_row][\/et_pb_section][et_pb_section bb_built=\u00bb1&#8243; _builder_version=\u00bb3.0.47&#8243; custom_padding=\u00bb40px|0px|0px|0px\u00bb transparent_background=\u00bboff\u00bb prev_background_color=\u00bb#ffffff\u00bb next_background_color=\u00bbrgba(255,255,255,0)\u00bb][et_pb_row custom_padding=\u00bb0px|0px|0px|0px\u00bb parallax_method_1=\u00bboff\u00bb _builder_version=\u00bb3.0.47&#8243; background_size=\u00bbinitial\u00bb background_position=\u00bbtop_left\u00bb background_repeat=\u00bbrepeat\u00bb][et_pb_column type=\u00bb4_4&#8243;][et_pb_text _builder_version=\u00bb3.1.1&#8243; background_size=\u00bbinitial\u00bb background_position=\u00bbtop_left\u00bb background_repeat=\u00bbrepeat\u00bb custom_margin=\u00bb0px|10%|40px|10%\u00bb custom_padding=\u00bb0px||0px|\u00bb]<\/p>\n<p><strong>PROGRAMA DEL CURSO\u00a0<\/strong><\/p>\n<p>Formato: curso presencial |\u00a0<span style=\"font-size: 15px;\">Carga horaria: 30 horas c\u00e1tedra; 20 horas reloj\u00a0\u00a0<\/span><\/p>\n<p><span style=\"font-size: 15px;\"><strong>Docente capacitadora: Barcaglioni, Gabriela Mar\u00eda<\/strong><\/span><\/p>\n<p>Es licenciada en Comunicaci\u00f3n Social (UNLP), especialista en derechos humanos y problem\u00e1ticas vinculadas a la cuesti\u00f3n de g\u00e9nero. Es activista feminista, y se ha desempe\u00f1ado como comunicadora, docente y en la gesti\u00f3n de pol\u00edticas p\u00fablicas vinculadas al tema. Actualmente es docente del Taller de An\u00e1lisis de la Informaci\u00f3n de la Facultad de Periodismo y Comunicaci\u00f3n Social (UNLP), tiene a cargo la producci\u00f3n y realizaci\u00f3n de diferentes espacios sobre la tem\u00e1tica en Radio Provincia de Buenos Aires y dicta seminarios y cursos de capacitaci\u00f3n en el pa\u00eds y el exterior. Participa de la Red PAR (Periodistas de Argentina en Red por una comunicaci\u00f3n no sexista) y de la colectiva de trabajadoras de la comunicaci\u00f3n de La Plata, Ensenada y Berisso.<\/p>\n<p><strong>DESTINATARIOS\/AS<\/strong><\/p>\n<p><span style=\"font-size: 15px;\">Docentes del Ciclo B\u00e1sico de la Educaci\u00f3n Secundaria de las Materias de: Ciencias Sociales, Ciencias Naturales, Historia, Construcci\u00f3n de Ciudadan\u00eda, Pr\u00e1cticas del lenguaje.<\/span><\/p>\n<p>Docentes del Ciclo Superior Orientado de la Educaci\u00f3n Secundaria de las<\/p>\n<p>Materias de Historia, Filosof\u00eda, Literatura, Pol\u00edtica y Ciudadan\u00eda.<\/p>\n<p>Docentes del Ciclo Superior Orientado de la Educaci\u00f3n Secundaria de la Orientaci\u00f3n en Ciencias Sociales, materias de: Comunicaci\u00f3n, cultura y sociedad,<\/p>\n<p>de la Orientaci\u00f3n en Comunicaci\u00f3n , materias de: taller de producci\u00f3n en lenguajes; Observatorio de comunicaci\u00f3n, cultura y sociedad, Introducci\u00f3n a la comunicaci\u00f3n de la orientaci\u00f3n en arte: Historia , Producci\u00f3n y an\u00e1lisis de la Imagen<\/p>\n<p><strong>O<\/strong><b>BJETIVOS<\/b><\/p>\n<p>Conceptualizar el g\u00e9nero como categor\u00eda de an\u00e1lisis.<\/p>\n<p>Caracterizar las relaciones intergen\u00e9ricas en conjunci\u00f3n con otras variables como clase, etnia, edad, residencia urbana o rural, nivel educativo para complejizar la comprensi\u00f3n de la realidad social y las praxis profesionales.<\/p>\n<p>Deconstruir los estereotipos que limitan a las personas seg\u00fan los g\u00e9neros.<\/p>\n<p>Analizar e indagar en las pr\u00e1cticas y discursos en los que se expresan y se reproducen los estereotipos de g\u00e9nero.<\/p>\n<p>Develar la normativizaci\u00f3n y control de lo femenino en la familia, la escuela, las relaciones de pareja, de amistad.<\/p>\n<p>Aportar insumos necesarios para una planificaci\u00f3n con enfoque pedag\u00f3gico y did\u00e1ctico con perspectiva de g\u00e9nero a fin de erradicar pr\u00e1cticas sexistas en la educaci\u00f3n.<\/p>\n<p>Ampliar el conocimiento y acceder a otros mundos posibles a trav\u00e9s de la lectura dentro y fuera de la escuela. La construcci\u00f3n progresiva de una concepci\u00f3n \u00e9tica que estimule la reflexi\u00f3n cr\u00edtica y la discusi\u00f3n argumentativa.<\/p>\n<p>Reconocer los aspectos comunes y diversos en las identidades personales, grupales y comunitarias, en el marco de una concepci\u00f3n que enfatice su construcci\u00f3n sociohist\u00f3rica.<\/p>\n<p>Promover la aceptaci\u00f3n de la convivencia en la diversidad.<\/p>\n<p><span style=\"font-size: 15px;\"><strong>PROPUESTA DID\u00c1CTICA<\/strong><\/span><\/p>\n<p>Para abordar los temas planteados, esta propuesta de capacitaci\u00f3n llevar\u00e1 adelante de manera articulada varias instancias: la conceptualizaci\u00f3n hist\u00f3rica de las nociones de g\u00e9nero, el an\u00e1lisis de fuentes, soportes audiovisuales, documentos, etc. y la reflexi\u00f3n sobre las pr\u00e1cticas de ense\u00f1anza. Se propone proveer al docente de las herramientas que permitan introducir en el aula pautas relacionales equitativas as\u00ed como propuestas pedag\u00f3gicas y did\u00e1cticas que permitan un trabajo de apropiaci\u00f3n, elaboraci\u00f3n y por lo tanto de resignificaci\u00f3n de los contenidos trabajados.<\/p>\n<p>[\/et_pb_text][\/et_pb_column][\/et_pb_row][\/et_pb_section][et_pb_section bb_built=\u00bb1&#8243; _builder_version=\u00bb3.1.1&#8243; background_color=\u00bbrgba(255,255,255,0)\u00bb custom_padding=\u00bb0px||0px|\u00bb transparent_background=\u00bboff\u00bb prev_background_color=\u00bb#ffffff\u00bb next_background_color=\u00bb#ffffff\u00bb][et_pb_row custom_padding=\u00bb0px||0px|\u00bb custom_margin=\u00bb||40px|\u00bb parallax_method_1=\u00bboff\u00bb parallax_method_2=\u00bboff\u00bb _builder_version=\u00bb3.1.1&#8243; background_image=\u00bbhttps:\/\/www.comisionporlamemoria.org\/investigacion\/wp-content\/uploads\/sites\/22\/2018\/05\/genero.jpg\u00bb parallax=\u00bbon\u00bb][et_pb_column type=\u00bb1_3&#8243;][\/et_pb_column][et_pb_column type=\u00bb2_3&#8243;][et_pb_text _builder_version=\u00bb3.1.1&#8243; text_font=\u00bb||||||||\u00bb text_text_color=\u00bb#ffffff\u00bb background_color=\u00bbrgba(66,66,66,0.77)\u00bb background_size=\u00bbinitial\u00bb background_position=\u00bbtop_left\u00bb background_repeat=\u00bbrepeat\u00bb custom_margin=\u00bb30px||30px|\u00bb custom_padding=\u00bb30px|15px|30px|30px\u00bb border_style=\u00bbsolid\u00bb]<\/p>\n<p><span style=\"color: #e09900;\"><strong>CONTENIDOS<\/strong><\/span><\/p>\n<p>Los contenidos se expresan en cuatro ejes tem\u00e1ticos o unidades que orientan el recorrido y elecci\u00f3n de los recursos did\u00e1cticos. Cada unidad permite el abordaje en las distintas \u00e1reas curriculares de sus contenidos y objetivos respondiendo a la premisa: incorporar la perspectiva de g\u00e9nero como transversal.<\/p>\n<p><strong>Unidad I.<\/strong>-Sistema sexo-g\u00e9nero. El g\u00e9nero como categor\u00eda de an\u00e1lisis. El debate en los \u00e1mbitos acad\u00e9micos. Los estudios de g\u00e9nero. El movimiento social de mujeres. El lugar de la mujer en nuestra cultura. Antecedentes hist\u00f3ricos. Los derechos de las mujeres como derechos humanos.<\/p>\n<p><strong>Unidad II.<\/strong>-Construcci\u00f3n social del g\u00e9nero y la naturalizaci\u00f3n de los roles. Asignaci\u00f3n social de comportamientos permitidos y prohibidos para varones y mujeres. Expectativas consideradas apropiadas en funci\u00f3n del sexo. Rol reproductivo\/espacio privado. Rol productivo\/espacio p\u00fablico. Conceptualizaci\u00f3n de \u201cla mujer\u201d y \u201clo femenino\u201d en el feminismo de la igualdad y en el feminismo de la diferencia.<\/p>\n<p><strong>Unidad III.<\/strong>-La cr\u00edtica epistemol\u00f3gica a las ciencias. Curr\u00edculo oculto: sesgos y marcas de g\u00e9nero en las expectativas de rendimiento y comportamiento. Curr\u00edculo expl\u00edcito: presencias y ausencias en las diferentes \u00e1reas. Lenguaje y literatura, Ciencias Sociales, Biolog\u00eda y Ciencias Naturales, Educaci\u00f3n F\u00edsica. Lenguaje sexista.<\/p>\n<p><strong>Unidad IV.<\/strong>-G\u00e9nero y Comunicaci\u00f3n: Reproducci\u00f3n y representaci\u00f3n de estereotipos y roles de g\u00e9nero en los medios de comunicaci\u00f3n masiva. El concepto de violencia simb\u00f3lica. Comunicaci\u00f3n no sexista en periodismo y publicidad. Medios de comunicaci\u00f3n e internet como espacios de socializaci\u00f3n en relaciones de g\u00e9nero.<\/p>\n<p>[\/et_pb_text][\/et_pb_column][\/et_pb_row][\/et_pb_section][et_pb_section bb_built=\u00bb1&#8243; _builder_version=\u00bb3.0.47&#8243; custom_padding=\u00bb0px||0px|\u00bb transparent_background=\u00bboff\u00bb prev_background_color=\u00bbrgba(255,255,255,0)\u00bb next_background_color=\u00bb#ffffff\u00bb][et_pb_row custom_padding=\u00bb24px|0px|0|0px\u00bb _builder_version=\u00bb3.0.47&#8243; background_size=\u00bbinitial\u00bb background_position=\u00bbtop_left\u00bb background_repeat=\u00bbrepeat\u00bb][et_pb_column type=\u00bb2_3&#8243;][et_pb_text _builder_version=\u00bb3.1.1&#8243; text_font=\u00bb|700||on|||||\u00bb text_text_color=\u00bb#ffffff\u00bb background_color=\u00bb#424242&#8243; custom_padding=\u00bb10px|10px|10px|10px\u00bb]<\/p>\n<p>BIBLIOGRAF\u00cdA DEL CURSO<\/p>\n<p>[\/et_pb_text][\/et_pb_column][et_pb_column type=\u00bb1_3&#8243;][\/et_pb_column][\/et_pb_row][et_pb_row custom_padding=\u00bb12px|0px|0|0px\u00bb _builder_version=\u00bb3.0.47&#8243; background_size=\u00bbinitial\u00bb background_position=\u00bbtop_left\u00bb background_repeat=\u00bbrepeat\u00bb][et_pb_column type=\u00bb1_2&#8243;][et_pb_text _builder_version=\u00bb3.1.1&#8243;]<\/p>\n<p class=\"yiv2730056512MsoNormal\">Estos materiales pueden utilizarse exclusivamente con fines did\u00e1cticos.<\/p>\n<p>[\/et_pb_text][\/et_pb_column][et_pb_column type=\u00bb1_2&#8243;][\/et_pb_column][\/et_pb_row][et_pb_row][et_pb_column type=\u00bb2_3&#8243;][et_pb_toggle title=\u00bbUnidad 1&#8243; closed_toggle_text_color=\u00bb#00b5e2&#8243; icon_color=\u00bb#00b5e2&#8243; _builder_version=\u00bb3.1.1&#8243;]<\/p>\n<ul>\n<li><a href=\"https:\/\/www.comisionporlamemoria.org\/archivos\/investigacion\/capacitaciones\/genero\/u1\/1-cepal-2011-de-los-margenes-al-centro.pdf\" target=\"_blank\" rel=\"noopener\">Informe anual 2011 &#8211; Observatorio de igualdad de g\u00e9nero de Am\u00e9rica Latina y el Caribe (OIG)<\/a><\/li>\n<li><a href=\"https:\/\/www.comisionporlamemoria.org\/archivos\/investigacion\/capacitaciones\/genero\/u1\/2-femenias-tramas-violentas-ddhh-y-genero.pdf\">Luigi Di Santo Filosof\u00eda de la paz y la Dignidad Humana\u00a0<\/a><\/li>\n<li><a href=\"https:\/\/www.comisionporlamemoria.org\/archivos\/investigacion\/capacitaciones\/genero\/u1\/3-garcia-valdivieso-una-aprox-al-movimiento-de-mujeres-en-al.pdf\" target=\"_blank\" rel=\"noopener\">Carmen Teresa Garc\u00eda &#8211; Magdalena Valdivieso. De los grupos de autoconciencia a las redes nacionales y trasnacionales<\/a><\/li>\n<li><a href=\"https:\/\/www.comisionporlamemoria.org\/archivos\/investigacion\/capacitaciones\/genero\/u1\/4-las-palabras-tienen-sexo.pdf\" target=\"_blank\" rel=\"noopener\">Sandra Chaher y Sonia Santoro. Las palabras tienen sexo<\/a><\/li>\n<li><a href=\"https:\/\/www.comisionporlamemoria.org\/archivos\/investigacion\/capacitaciones\/genero\/u1\/5-marta-lamas-la-antropologia-feminista-y-la-categoria-de-genero.pdf\">Marta Lamas.\u00a0La antropolog\u00eda feminista y la categor\u00eda \u00abg\u00e9nero\u00bb<\/a><\/li>\n<li><a href=\"https:\/\/www.comisionporlamemoria.org\/archivos\/investigacion\/capacitaciones\/genero\/u1\/6-cedaw-convencion-sobre-la-eliminaci%C3%B3n-de-todas-las-formas-de-discrimacion.pdf\">Convenci\u00f3n sobre la eliminaci\u00f3n de todas las formas de discriminaci\u00f3n contra la mujer\u00a0<\/a><\/li>\n<li><a href=\"https:\/\/www.comisionporlamemoria.org\/archivos\/investigacion\/capacitaciones\/genero\/u1\/7-nicholson-linda-genealogia-del-genero.pdf\">Linda Nicholson. La genealog\u00eda del g\u00e9nero\u00a0<\/a><\/li>\n<li><a href=\"https:\/\/www.comisionporlamemoria.org\/archivos\/investigacion\/capacitaciones\/genero\/u1\/8-scott-joan-el-genero-una-categoria-util-para-el-analisis-historico.pdf\">Joan W. Scott.\u00a0El g\u00e9nero: una categor\u00eda \u00fatil para el an\u00e1lisis hist\u00f3rico<\/a><\/li>\n<\/ul>\n<p>&nbsp;<\/p>\n<p>&nbsp;<\/p>\n<p>[\/et_pb_toggle][et_pb_toggle title=\u00bbUnidad 2&#8243; closed_toggle_text_color=\u00bb#00b5e2&#8243; icon_color=\u00bb#00b5e2&#8243; _builder_version=\u00bb3.1.1&#8243;]<\/p>\n<ul>\n<li><a href=\"https:\/\/www.comisionporlamemoria.org\/archivos\/investigacion\/capacitaciones\/genero\/u1\/8-scott-joan-el-genero-una-categoria-util-para-el-analisis-historico.pdf\" target=\"_blank\" rel=\"noopener\">Graciela Cabal. Mujercitas eran las de antes <\/a><\/li>\n<li><a href=\"https:\/\/www.comisionporlamemoria.org\/archivos\/investigacion\/capacitaciones\/genero\/u2\/2-emma-lobato-construyendo-genero.pdf\">Emma Lobato. Construyendo el g\u00e9nero. La escuela como agente coeducador\u00a0<\/a><\/li>\n<li><a href=\"https:\/\/www.comisionporlamemoria.org\/archivos\/investigacion\/capacitaciones\/genero\/u2\/3-hernandez-yuliuva-acerca-del-genero-como-categoria-analitica.pdf\">Yuliuva Hern\u00e1ndez Garc\u00eda. Acerca del g\u00e9nero como categor\u00eda anal\u00edtica\u00a0<\/a><\/li>\n<li><a href=\"https:\/\/www.comisionporlamemoria.org\/archivos\/investigacion\/capacitaciones\/genero\/u2\/4-marta-lamas-el-genero-la-construccion-cultural-de-la-diferencia-sexual.pdf\">Marta Lamas. El g\u00e9nero. La construcci\u00f3n cultural de la diferencia sexual\u00a0<\/a><\/li>\n<\/ul>\n<p>[\/et_pb_toggle][et_pb_toggle title=\u00bbUnidad 3&#8243; closed_toggle_text_color=\u00bb#00b5e2&#8243; icon_color=\u00bb#00b5e2&#8243; _builder_version=\u00bb3.1.1&#8243;]<\/p>\n<ul>\n<li><a href=\"https:\/\/www.comisionporlamemoria.org\/archivos\/investigacion\/capacitaciones\/genero\/u3\/1-bonder-transverzalizacion-y-equidad-genero.pdf\">Gloria Bonder.\u00a0La transversalizaci\u00f3n del principio de equidad de g\u00e9nero en la educaci\u00f3n: cuestiones conceptuales y estrat\u00e9gicas.<\/a><\/li>\n<li><a href=\"https:\/\/www.comisionporlamemoria.org\/archivos\/investigacion\/capacitaciones\/genero\/u3\/2-construyendo-la-equidad-de-genero-en-la-escuela-primaria.pdf\">Construyendo la equidad de g\u00e9nero en la escuela primaria<\/a><\/li>\n<li><a href=\"https:\/\/www.comisionporlamemoria.org\/archivos\/investigacion\/capacitaciones\/genero\/u3\/3-equidad-de-genero-practica-docente.pdf\">Dolores Marisa Mart\u00ednez Moscoso.\u00a0Pr\u00e1ctica docente con equidad de g\u00e9nero. Una gu\u00eda de trabajo<\/a><\/li>\n<li><a href=\"https:\/\/www.comisionporlamemoria.org\/archivos\/investigacion\/capacitaciones\/genero\/u3\/4-fioretti-un-enfoque-ausente.pdf\">Susana R. Fioretti &#8211; Graciela Tejero Coni &#8211; Paula D\u00edaz.\u00a0\u00abEl g\u00e9nero: \u00bfun enfoque ausente en la formaci\u00f3n docente?<\/a><\/li>\n<li><a href=\"https:\/\/www.comisionporlamemoria.org\/archivos\/investigacion\/capacitaciones\/genero\/u3\/5-morgade-aprender-a-ser-mujer-aprender-a-ser-varon.pdf\">Graciela Morgade.\u00a0Aprender a ser mujer, aprender a ser var\u00f3n<\/a><\/li>\n<li><a href=\"https:\/\/www.comisionporlamemoria.org\/archivos\/investigacion\/capacitaciones\/genero\/u3\/6-morgade-final.pdf\">Graciela Morgade. Ni\u00f1as y ni\u00f1os en la escuela: cuerpos sexuados, derechos humanos y relaciones de g\u00e9nero<\/a><\/li>\n<\/ul>\n<p>[\/et_pb_toggle][et_pb_toggle title=\u00bbUnidad 4&#8243; closed_toggle_text_color=\u00bb#00b5e2&#8243; icon_color=\u00bb#00b5e2&#8243; _builder_version=\u00bb3.1.1&#8243;]<\/p>\n<ul>\n<li><a href=\"https:\/\/www.comisionporlamemoria.org\/archivos\/investigacion\/capacitaciones\/genero\/u4\/1-adolescentes-en-las-redes-tic.pdf\">Telos. Cuadernos de comunicaci\u00f3n e innovaci\u00f3n. G\u00e9nero y uso de las TIC<\/a><\/li>\n<li><a href=\"https:\/\/www.comisionporlamemoria.org\/archivos\/investigacion\/capacitaciones\/genero\/u4\/2-ballen-elizabeth-femeneidades-y-masculinidades-en-los-medios.pdf\">Elizabeth Ballen. El tiempo contra las mujeres<\/a><\/li>\n<li><a href=\"https:\/\/www.comisionporlamemoria.org\/archivos\/investigacion\/capacitaciones\/genero\/u4\/3-decalogo-PAR.pdf\">Dec\u00e1logo\u00a0para el tratamiento period\u00edstico de la violencia contra las mujeres<\/a><\/li>\n<li><a href=\"https:\/\/www.comisionporlamemoria.org\/archivos\/investigacion\/capacitaciones\/genero\/u4\/4-el-sexo-de-la-noticia.pdf\">Marta Bach,\u00a0Elvira Alt\u00e9s,\u00a0Joana Gallego,\u00a0Marta Pluj\u00e0,\u00a0Montserrat Puig. Del sexo a la noticia<\/a><\/li>\n<li><a href=\"https:\/\/www.comisionporlamemoria.org\/archivos\/investigacion\/capacitaciones\/genero\/u4\/5-genero-y-uso-de-las-tics.pdf\"> Cecilia Casta\u00f1o Collado.\u00a0G\u00e9nero y usos de las TIC: En busca del equilibrio<\/a><\/li>\n<li><a href=\"https:\/\/www.comisionporlamemoria.org\/archivos\/investigacion\/capacitaciones\/genero\/u4\/6-hacia-la-construccion-de-un-periodismo-de-genero.pdf\">Hacia la construcci\u00f3n de un periodismo no sexista<\/a><\/li>\n<li><a href=\"https:\/\/www.comisionporlamemoria.org\/archivos\/investigacion\/capacitaciones\/genero\/u4\/7-lagunas-y-lencina-el-registro-periodistico.pdf\">Cecilia Lagunas y Karina Lencina.\u00a0El registro period\u00edstico y los paradigmas culturales aceptados. La violencia sobre la mujer<\/a><\/li>\n<li><a href=\"https:\/\/www.comisionporlamemoria.org\/archivos\/investigacion\/capacitaciones\/genero\/u4\/8-las-palabras-tienen-sexo-II.pdf\">Las palabras tienen sexo. Herramientas para un periodismo de g\u00e9nero.\u00a0<\/a><\/li>\n<li><a href=\"https:\/\/www.comisionporlamemoria.org\/archivos\/investigacion\/capacitaciones\/genero\/u4\/9-medios-de-comunicacion-y-diferencia-de-genero-juan-carlos-suarez.pdf\">Juan Carlos Su\u00e1rez.Medios de comunicaci\u00f3n y diferencia de g\u00e9nero<\/a><\/li>\n<\/ul>\n<p>[\/et_pb_toggle][\/et_pb_column][et_pb_column type=\u00bb1_3&#8243;][\/et_pb_column][\/et_pb_row][\/et_pb_section][et_pb_section bb_built=\u00bb1&#8243; _builder_version=\u00bb3.0.47&#8243; custom_padding=\u00bb0px||0px|\u00bb transparent_background=\u00bboff\u00bb prev_background_color=\u00bb#ffffff\u00bb next_background_color=\u00bb#000000&#8243;][et_pb_row custom_padding=\u00bb0px||0px|\u00bb custom_margin=\u00bb||0px|\u00bb parallax_method_1=\u00bboff\u00bb _builder_version=\u00bb3.0.47&#8243; background_size=\u00bbinitial\u00bb background_position=\u00bbtop_left\u00bb background_repeat=\u00bbrepeat\u00bb][et_pb_column type=\u00bb4_4&#8243;][et_pb_image src=\u00bb\/wp-content\/uploads\/sites\/22\/2017\/02\/separador8.jpg\u00bb _builder_version=\u00bb3.0.72&#8243; custom_margin=\u00bb0px||0px|\u00bb animation_direction=\u00bboff\u00bb custom_css_main_element=\u00bbheight: 7px !important;\u00bb border_style=\u00bbsolid\u00bb animation=\u00bboff\u00bb sticky=\u00bboff\u00bb show_bottom_space=\u00bbon\u00bb]<\/p>\n<p>&nbsp;<\/p>\n<p>[\/et_pb_image][\/et_pb_column][\/et_pb_row][\/et_pb_section]<\/p>\n","protected":false},"excerpt":{"rendered":"<p>&nbsp; PROGRAMA DEL CURSO\u00a0 Formato: curso presencial |\u00a0Carga horaria: 30 horas c\u00e1tedra; 20 horas reloj\u00a0\u00a0 Docente capacitadora: Barcaglioni, Gabriela Mar\u00eda Es licenciada en Comunicaci\u00f3n Social (UNLP), especialista en derechos humanos y problem\u00e1ticas vinculadas a la cuesti\u00f3n de g\u00e9nero. Es activista feminista, y se ha desempe\u00f1ado como comunicadora, docente y en la gesti\u00f3n de pol\u00edticas p\u00fablicas [&hellip;]<\/p>\n","protected":false},"author":32,"featured_media":0,"parent":31107,"menu_order":0,"comment_status":"closed","ping_status":"closed","template":"","meta":{"_et_pb_use_builder":"on","_et_pb_old_content":"","_et_gb_content_width":"","jetpack_post_was_ever_published":false,"footnotes":""},"class_list":["post-33987","page","type-page","status-publish","hentry"],"jetpack_sharing_enabled":true,"jetpack_shortlink":"https:\/\/wp.me\/P8ryDx-8Qb","_links":{"self":[{"href":"https:\/\/www.comisionporlamemoria.org\/investigacion\/wp-json\/wp\/v2\/pages\/33987","targetHints":{"allow":["GET"]}}],"collection":[{"href":"https:\/\/www.comisionporlamemoria.org\/investigacion\/wp-json\/wp\/v2\/pages"}],"about":[{"href":"https:\/\/www.comisionporlamemoria.org\/investigacion\/wp-json\/wp\/v2\/types\/page"}],"author":[{"embeddable":true,"href":"https:\/\/www.comisionporlamemoria.org\/investigacion\/wp-json\/wp\/v2\/users\/32"}],"replies":[{"embeddable":true,"href":"https:\/\/www.comisionporlamemoria.org\/investigacion\/wp-json\/wp\/v2\/comments?post=33987"}],"version-history":[{"count":0,"href":"https:\/\/www.comisionporlamemoria.org\/investigacion\/wp-json\/wp\/v2\/pages\/33987\/revisions"}],"up":[{"embeddable":true,"href":"https:\/\/www.comisionporlamemoria.org\/investigacion\/wp-json\/wp\/v2\/pages\/31107"}],"wp:attachment":[{"href":"https:\/\/www.comisionporlamemoria.org\/investigacion\/wp-json\/wp\/v2\/media?parent=33987"}],"curies":[{"name":"wp","href":"https:\/\/api.w.org\/{rel}","templated":true}]}}