{"id":34047,"date":"2018-06-05T20:02:41","date_gmt":"2018-06-05T20:02:41","guid":{"rendered":"http:\/\/www.comisionporlamemoria.org\/investigacion\/?page_id=34047"},"modified":"2018-07-19T20:10:18","modified_gmt":"2018-07-19T20:10:18","slug":"convenios","status":"publish","type":"page","link":"https:\/\/www.comisionporlamemoria.org\/investigacion\/convenios\/","title":{"rendered":"Convenios para el acceso al Archivo de la DIPPBA"},"content":{"rendered":"<p>[et_pb_section bb_built=\u00bb1&#8243; _builder_version=\u00bb3.2.2&#8243; background_image=\u00bbhttps:\/\/www.comisionporlamemoria.org\/investigacion\/wp-content\/uploads\/sites\/22\/2018\/06\/cab-inves.jpg\u00bb custom_padding=\u00bb0px||0px|\u00bb next_background_color=\u00bb#ffffff\u00bb][et_pb_row custom_padding=\u00bb27px|0px|0px|0px\u00bb _builder_version=\u00bb3.0.47&#8243; background_size=\u00bbinitial\u00bb background_position=\u00bbtop_left\u00bb background_repeat=\u00bbrepeat\u00bb][et_pb_column type=\u00bb1_2&#8243;][et_pb_post_title meta=\u00bboff\u00bb featured_image=\u00bboff\u00bb _builder_version=\u00bb3.2.2&#8243; title_font=\u00bb|||on|||||\u00bb title_text_color=\u00bb#ffffff\u00bb title_font_size=\u00bb40&#8243; meta_font=\u00bb||||||||\u00bb background_color=\u00bb#424242&#8243; custom_margin=\u00bb80px||10px|\u00bb custom_padding=\u00bb13px|10px||15px\u00bb use_border_color=\u00bboff\u00bb border_color=\u00bb#ffffff\u00bb border_style=\u00bbsolid\u00bb parallax_effect=\u00bboff\u00bb module_bg_color=\u00bb#424242&#8243;]<\/p>\n<p>&nbsp;<\/p>\n<p>[\/et_pb_post_title][\/et_pb_column][et_pb_column type=\u00bb1_2&#8243;][\/et_pb_column][\/et_pb_row][\/et_pb_section][et_pb_section bb_built=\u00bb1&#8243; _builder_version=\u00bb3.0.47&#8243; custom_padding=\u00bb40px|0px|0px|0px\u00bb transparent_background=\u00bboff\u00bb prev_background_color=\u00bb#ffffff\u00bb next_background_color=\u00bbrgba(255,255,255,0)\u00bb][et_pb_row custom_padding=\u00bb0px|0px|0px|0px\u00bb parallax_method_1=\u00bboff\u00bb _builder_version=\u00bb3.0.47&#8243; background_size=\u00bbinitial\u00bb background_position=\u00bbtop_left\u00bb background_repeat=\u00bbrepeat\u00bb][et_pb_column type=\u00bb4_4&#8243;][et_pb_text _builder_version=\u00bb3.2.2&#8243; background_size=\u00bbinitial\u00bb background_position=\u00bbtop_left\u00bb background_repeat=\u00bbrepeat\u00bb custom_margin=\u00bb0px|10%|40px|10%\u00bb custom_padding=\u00bb0px||0px|\u00bb border_style=\u00bbsolid\u00bb]<\/p>\n<p>La CPM lleva adelante convenios de accesibilidad al Archivo con distintas instituciones promoviendo de este modo \u00a0que los investigadores puedan tener acceso directo al \u00a0fondo documental de la DIPPBA en formato digital.<\/p>\n<p>Universidades, institutos de investigaci\u00f3n, organizaciones sociales, centros de estudiantes y gremios consultan habitualmente el archivo para indagar sobre \u00a0temas \u00a0como conflictividad y movimiento obrero, AMIA, peronismo, disidencia sexual, violencia policial, comunismo en Argentina y movimiento estudiantil, entre otros.<\/p>\n<p>[\/et_pb_text][\/et_pb_column][\/et_pb_row][\/et_pb_section][et_pb_section bb_built=\u00bb1&#8243; _builder_version=\u00bb3.0.47&#8243; background_color=\u00bbrgba(255,255,255,0)\u00bb custom_padding=\u00bb0px||0px|\u00bb transparent_background=\u00bboff\u00bb prev_background_color=\u00bb#ffffff\u00bb next_background_color=\u00bb#ffffff\u00bb][et_pb_row custom_padding=\u00bb0px||0px|\u00bb custom_margin=\u00bb||40px|\u00bb parallax_method_1=\u00bboff\u00bb parallax_method_2=\u00bboff\u00bb _builder_version=\u00bb3.2.2&#8243; background_image=\u00bbhttps:\/\/www.comisionporlamemoria.org\/investigacion\/wp-content\/uploads\/sites\/22\/2018\/06\/frente-54.jpg\u00bb background_size=\u00bbinitial\u00bb background_position=\u00bbtop_left\u00bb background_repeat=\u00bbrepeat\u00bb][et_pb_column type=\u00bb1_3&#8243;][\/et_pb_column][et_pb_column type=\u00bb2_3&#8243;][et_pb_text _builder_version=\u00bb3.2.2&#8243; text_text_color=\u00bb#ffffff\u00bb background_color=\u00bbrgba(66,66,66,0.9)\u00bb background_size=\u00bbinitial\u00bb background_position=\u00bbtop_left\u00bb background_repeat=\u00bbrepeat\u00bb custom_margin=\u00bb30px||30px|\u00bb custom_padding=\u00bb30px|15px|30px|30px\u00bb border_style=\u00bbsolid\u00bb]<\/p>\n<p><strong>Instituciones que han firmado convenio de accesibilidad :<\/strong><\/p>\n<p>&#8211; Pro secretar\u00eda de Derechos Humanos de la Universidad Nacional de La Plata<\/p>\n<p>&#8211; Departamento de Geograf\u00eda de la Facultad de Humanidades y Ciencias de la Educaci\u00f3n &#8211; UNLP<\/p>\n<p>&#8211; Facultad Latinoamericana de Ciencias Sociales &#8211; Sede Argentina (\u00c1rea Econom\u00eda)<\/p>\n<p>&#8211; Universidad Nacional de Buenos Aires &#8211;\u00a0Facultad de Ciencias Sociales<\/p>\n<p>&#8211;\u00a0Asociaci\u00f3n Civil \u00abLinque\u00f1os por los Derechos Humanos\u00bb<\/p>\n<p>&#8211; IDES &#8211; N\u00facleo de estudios sobre Memoria<\/p>\n<p>&#8211; Universidad Nacional del Sur- Departamento de Humanidades<\/p>\n<p>&#8211; Universidad Nacional del Centro- Facultad de Ciencias Sociales<br \/>\n&#8211; Pueblos Originarios<\/p>\n<p>&#8211; Asociaci\u00f3n de Trabajadores del Estado<\/p>\n<p>&#8211; Asociaci\u00f3n Judicial Bonaerense<\/p>\n<p>&#8211; Consejo Latinoamericano de Ciencias Sociales (CLACSO)<\/p>\n<p>&#8211; Asociaci\u00f3n Bancaria<\/p>\n<p>&#8211; Instituto Gino Germani<\/p>\n<p>&#8211; Colectivo Faro de la memoria de Mar del Plata<\/p>\n<p>&#8211; Universidad de Tres de Febrero<\/p>\n<p>&#8211; IDAES &#8211; Universidad de General Sarmiento<\/p>\n<p>&#8211; Universidad de General San Mart\u00edn<\/p>\n<p>&#8211; Municipalidad de Z\u00e1rate<\/p>\n<p>&#8211; Federaci\u00f3n Universitaria de La Plata y Centros de Estudiantes<\/p>\n<p>[\/et_pb_text][\/et_pb_column][\/et_pb_row][\/et_pb_section][et_pb_section bb_built=\u00bb1&#8243; _builder_version=\u00bb3.2.2&#8243; custom_padding=\u00bb0|0px|4px|0px|false|false\u00bb disabled_on=\u00bbon|on|on\u00bb prev_background_color=\u00bbrgba(255,255,255,0)\u00bb next_background_color=\u00bb#000000&#8243;][et_pb_row _builder_version=\u00bb3.2.2&#8243;][et_pb_column type=\u00bb4_4&#8243;][et_pb_text _builder_version=\u00bb3.2.2&#8243; text_font=\u00bb|600||on|||||\u00bb text_text_color=\u00bb#ffffff\u00bb text_font_size=\u00bb27&#8243; text_line_height=\u00bb1em\u00bb header_font=\u00bb|on||on|\u00bb header_text_color=\u00bb#ffffff\u00bb header_font_size=\u00bb35px\u00bb background_color=\u00bb#606060&#8243; background_size=\u00bbinitial\u00bb background_position=\u00bbtop_left\u00bb background_repeat=\u00bbrepeat\u00bb custom_margin=\u00bb0px||0px|\u00bb custom_padding=\u00bb10px||10px|15px\u00bb use_border_color=\u00bboff\u00bb border_color=\u00bb#ffffff\u00bb border_style=\u00bbsolid\u00bb saved_tabs=\u00bball\u00bb]<\/p>\n<p>Investigaciones sobre el archivo de la DIPPBA_<\/p>\n<p>[\/et_pb_text][\/et_pb_column][\/et_pb_row][et_pb_row _builder_version=\u00bb3.2.2&#8243;][et_pb_column type=\u00bb4_4&#8243;][et_pb_button button_url=\u00bbhttps:\/\/www.comisionporlamemoria.org\/archivos\/investigacion\/investigaciones\/silva_lucas_derrota_y_desmovilizacion.pdf\u00bb url_new_window=\u00bbon\u00bb button_text=\u00bbLucas Silva &#8211; \u00bfDerrota y desmovilizaci\u00f3n? La segunda etapa del Plan de Lucha de la CGT en el sur del conurbano bonaerense\u00bb button_alignment=\u00bbleft\u00bb _builder_version=\u00bb3.2.2&#8243; custom_button=\u00bbon\u00bb button_text_size=\u00bb17px\u00bb button_text_color=\u00bb#ffffff\u00bb button_bg_color=\u00bb#e09900&#8243; button_border_width=\u00bb0&#8243; button_border_radius=\u00bb0&#8243; button_font=\u00bb||||||||\u00bb button_icon=\u00bb%%28%%\u00bb button_icon_color=\u00bb#d9c148&#8243; button_border_radius_hover=\u00bb0&#8243; saved_tabs=\u00bball\u00bb]<\/p>\n<p>&nbsp;<\/p>\n<p>[\/et_pb_button][et_pb_button button_url=\u00bbhttps:\/\/www.comisionporlamemoria.org\/archivos\/investigacion\/investigaciones\/tesis_doctoral_santiago_cueto_rua.pdf\u00bb url_new_window=\u00bbon\u00bb button_text=\u00bbSantiago Cueto R\u00faa &#8211; \u201cAmpliar el c\u00edrculo de los que recuerdan\u201d. La inscripci\u00f3n de la Comisi\u00f3n Provincial por la Memoria en el campo de los derechos humanos y la memoria (1999-2009) \u00bb button_alignment=\u00bbleft\u00bb _builder_version=\u00bb3.2.2&#8243; custom_button=\u00bbon\u00bb button_text_size=\u00bb17px\u00bb button_text_color=\u00bb#ffffff\u00bb button_bg_color=\u00bb#e09900&#8243; button_border_width=\u00bb0&#8243; button_border_radius=\u00bb0&#8243; button_font=\u00bb||||||||\u00bb button_icon=\u00bb%%28%%\u00bb button_icon_color=\u00bb#d9c148&#8243; button_border_radius_hover=\u00bb0&#8243; saved_tabs=\u00bball\u00bb]<\/p>\n<p>&nbsp;<\/p>\n<p>[\/et_pb_button][et_pb_button button_url=\u00bbhttps:\/\/www.comisionporlamemoria.org\/archivos\/investigacion\/investigaciones\/venero_reflexiones_en_torno_al_seguimiento_de_los_trabajadores.pdf\u00bb url_new_window=\u00bbon\u00bb button_text=\u00bbFelipe Venero &#8211; Reflexiones en torno al seguimiento de los trabajadores durante la \u00faltima dictadura militar desde la Direcci\u00f3n de Inteligencia de la Polic\u00eda de la Provincia de Buenos Aires.\u00bb button_alignment=\u00bbleft\u00bb _builder_version=\u00bb3.2.2&#8243; custom_button=\u00bbon\u00bb button_text_size=\u00bb17px\u00bb button_text_color=\u00bb#ffffff\u00bb button_bg_color=\u00bb#e09900&#8243; button_border_width=\u00bb0&#8243; button_border_radius=\u00bb0&#8243; button_font=\u00bb||||||||\u00bb button_icon=\u00bb%%28%%\u00bb button_icon_color=\u00bb#d9c148&#8243; button_border_radius_hover=\u00bb0&#8243; saved_tabs=\u00bball\u00bb]<\/p>\n<p>&nbsp;<\/p>\n<p>[\/et_pb_button][et_pb_button button_url=\u00bbhttps:\/\/www.comisionporlamemoria.org\/archivos\/investigacion\/investigaciones\/venero_una_mirada_sobre_la_conflictividad_laboral.pdf\u00bb url_new_window=\u00bbon\u00bb button_text=\u00bbFelipe Venero &#8211; Una mirada a la conflictividad laboral en 1977 a partir del Archivo de Inteligencia de la Polic\u00eda de la Provincia de Buenos Aires\u00bb button_alignment=\u00bbleft\u00bb _builder_version=\u00bb3.2.2&#8243; custom_button=\u00bbon\u00bb button_text_size=\u00bb17px\u00bb button_text_color=\u00bb#ffffff\u00bb button_bg_color=\u00bb#e09900&#8243; button_border_width=\u00bb0&#8243; button_border_radius=\u00bb0&#8243; button_font=\u00bb||||||||\u00bb button_icon=\u00bb%%28%%\u00bb button_icon_color=\u00bb#d9c148&#8243; button_border_radius_hover=\u00bb0&#8243; saved_tabs=\u00bball\u00bb]<\/p>\n<p>&nbsp;<\/p>\n<p>[\/et_pb_button][\/et_pb_column][\/et_pb_row][\/et_pb_section][et_pb_section bb_built=\u00bb1&#8243; _builder_version=\u00bb3.8&#8243; custom_padding=\u00bb0|0px|4px|0px|false|false\u00bb disabled_on=\u00bboff|off|off\u00bb next_background_color=\u00bb#000000&#8243; prev_background_color=\u00bb#000000&#8243; disabled=\u00bboff\u00bb][et_pb_row _builder_version=\u00bb3.2.2&#8243;][et_pb_column type=\u00bb4_4&#8243;][et_pb_text _builder_version=\u00bb3.2.2&#8243; text_font=\u00bb|600||on|||||\u00bb text_text_color=\u00bb#ffffff\u00bb text_font_size=\u00bb27&#8243; text_line_height=\u00bb1em\u00bb header_font=\u00bb|on||on|\u00bb header_text_color=\u00bb#ffffff\u00bb header_font_size=\u00bb35px\u00bb background_color=\u00bb#606060&#8243; background_size=\u00bbinitial\u00bb background_position=\u00bbtop_left\u00bb background_repeat=\u00bbrepeat\u00bb custom_margin=\u00bb0px||0px|\u00bb custom_padding=\u00bb10px||10px|15px\u00bb use_border_color=\u00bboff\u00bb border_color=\u00bb#ffffff\u00bb border_style=\u00bbsolid\u00bb saved_tabs=\u00bball\u00bb]<\/p>\n<p>Investigaciones sobre el archivo de la DIPPBA_<\/p>\n<p>[\/et_pb_text][\/et_pb_column][\/et_pb_row][et_pb_row _builder_version=\u00bb3.2.2&#8243;][et_pb_column type=\u00bb4_4&#8243;][et_pb_button button_url=\u00bbhttps:\/\/www.comisionporlamemoria.org\/archivos\/investigacion\/investigaciones\/silva_lucas_derrota_y_desmovilizacion.pdf\u00bb url_new_window=\u00bbon\u00bb button_text=\u00bbLucas Silva &#8211; \u00bfDerrota y desmovilizaci\u00f3n? La segunda etapa del Plan de Lucha de la CGT en el sur del conurbano bonaerense\u00bb button_alignment=\u00bbleft\u00bb _builder_version=\u00bb3.2.2&#8243; custom_button=\u00bbon\u00bb button_text_size=\u00bb17px\u00bb button_text_color=\u00bb#ffffff\u00bb button_bg_color=\u00bb#e09900&#8243; button_border_width=\u00bb0&#8243; button_border_radius=\u00bb0&#8243; button_font=\u00bb||||||||\u00bb button_icon=\u00bb%%28%%\u00bb button_icon_color=\u00bb#d9c148&#8243; button_border_radius_hover=\u00bb0&#8243; saved_tabs=\u00bball\u00bb]<\/p>\n<p>&nbsp;<\/p>\n<p>[\/et_pb_button][et_pb_button button_url=\u00bbhttps:\/\/www.comisionporlamemoria.org\/archivos\/investigacion\/investigaciones\/tesis_doctoral_santiago_cueto_rua.pdf\u00bb url_new_window=\u00bbon\u00bb button_text=\u00bbSantiago Cueto R\u00faa &#8211; \u201cAmpliar el c\u00edrculo de los que recuerdan\u201d. La inscripci\u00f3n de la Comisi\u00f3n Provincial por la Memoria en el campo de los derechos humanos y la memoria (1999-2009) \u00bb button_alignment=\u00bbleft\u00bb _builder_version=\u00bb3.2.2&#8243; custom_button=\u00bbon\u00bb button_text_size=\u00bb17px\u00bb button_text_color=\u00bb#ffffff\u00bb button_bg_color=\u00bb#e09900&#8243; button_border_width=\u00bb0&#8243; button_border_radius=\u00bb0&#8243; button_font=\u00bb||||||||\u00bb button_icon=\u00bb%%28%%\u00bb button_icon_color=\u00bb#d9c148&#8243; button_border_radius_hover=\u00bb0&#8243; saved_tabs=\u00bball\u00bb]<\/p>\n<p>&nbsp;<\/p>\n<p>[\/et_pb_button][et_pb_button button_url=\u00bbhttps:\/\/www.comisionporlamemoria.org\/archivos\/investigacion\/investigaciones\/venero_reflexiones_en_torno_al_seguimiento_de_los_trabajadores.pdf\u00bb url_new_window=\u00bbon\u00bb button_text=\u00bbFelipe Venero &#8211; Reflexiones en torno al seguimiento de los trabajadores durante la \u00faltima dictadura militar desde la Direcci\u00f3n de Inteligencia de la Polic\u00eda de la Provincia de Buenos Aires.\u00bb button_alignment=\u00bbleft\u00bb _builder_version=\u00bb3.2.2&#8243; custom_button=\u00bbon\u00bb button_text_size=\u00bb17px\u00bb button_text_color=\u00bb#ffffff\u00bb button_bg_color=\u00bb#e09900&#8243; button_border_width=\u00bb0&#8243; button_border_radius=\u00bb0&#8243; button_font=\u00bb||||||||\u00bb button_icon=\u00bb%%28%%\u00bb button_icon_color=\u00bb#d9c148&#8243; button_border_radius_hover=\u00bb0&#8243; saved_tabs=\u00bball\u00bb]<\/p>\n<p>&nbsp;<\/p>\n<p>[\/et_pb_button][et_pb_button button_url=\u00bbhttps:\/\/www.comisionporlamemoria.org\/archivos\/investigacion\/investigaciones\/venero_una_mirada_sobre_la_conflictividad_laboral.pdf\u00bb url_new_window=\u00bbon\u00bb button_text=\u00bbFelipe Venero &#8211; Una mirada a la conflictividad laboral en 1977 a partir del Archivo de Inteligencia de la Polic\u00eda de la Provincia de Buenos Aires\u00bb button_alignment=\u00bbleft\u00bb _builder_version=\u00bb3.2.2&#8243; custom_button=\u00bbon\u00bb button_text_size=\u00bb17px\u00bb button_text_color=\u00bb#ffffff\u00bb button_bg_color=\u00bb#e09900&#8243; button_border_width=\u00bb0&#8243; button_border_radius=\u00bb0&#8243; button_font=\u00bb||||||||\u00bb button_icon=\u00bb%%28%%\u00bb button_icon_color=\u00bb#d9c148&#8243; button_border_radius_hover=\u00bb0&#8243; saved_tabs=\u00bball\u00bb]<\/p>\n<p>&nbsp;<\/p>\n<p>[\/et_pb_button][\/et_pb_column][\/et_pb_row][\/et_pb_section][et_pb_section bb_built=\u00bb1&#8243; _builder_version=\u00bb3.0.47&#8243; custom_padding=\u00bb0px||0px|\u00bb prev_background_color=\u00bb#000000&#8243;][et_pb_row custom_padding=\u00bb0px||0px|\u00bb parallax_method_1=\u00bboff\u00bb _builder_version=\u00bb3.0.47&#8243; background_size=\u00bbinitial\u00bb background_position=\u00bbtop_left\u00bb background_repeat=\u00bbrepeat\u00bb][et_pb_column type=\u00bb4_4&#8243;][et_pb_image src=\u00bbhttps:\/\/www.comisionporlamemoria.org\/investigacion\/wp-content\/uploads\/sites\/22\/2017\/02\/separador8.jpg\u00bb _builder_version=\u00bb3.0.72&#8243; custom_margin=\u00bb0px||0px|\u00bb animation_direction=\u00bboff\u00bb custom_css_main_element=\u00bbheight: 7px !important;\u00bb border_style=\u00bbsolid\u00bb animation=\u00bboff\u00bb sticky=\u00bboff\u00bb show_bottom_space=\u00bbon\u00bb]<\/p>\n<p>&nbsp;<\/p>\n<p>[\/et_pb_image][\/et_pb_column][\/et_pb_row][\/et_pb_section]<\/p>\n","protected":false},"excerpt":{"rendered":"<p>&nbsp; La CPM lleva adelante convenios de accesibilidad al Archivo con distintas instituciones promoviendo de este modo \u00a0que los investigadores puedan tener acceso directo al \u00a0fondo documental de la DIPPBA en formato digital. Universidades, institutos de investigaci\u00f3n, organizaciones sociales, centros de estudiantes y gremios consultan habitualmente el archivo para indagar sobre \u00a0temas \u00a0como conflictividad y [&hellip;]<\/p>\n","protected":false},"author":32,"featured_media":0,"parent":0,"menu_order":0,"comment_status":"closed","ping_status":"closed","template":"","meta":{"_et_pb_use_builder":"on","_et_pb_old_content":"","_et_gb_content_width":"","jetpack_post_was_ever_published":false,"footnotes":""},"class_list":["post-34047","page","type-page","status-publish","hentry"],"jetpack_sharing_enabled":true,"jetpack_shortlink":"https:\/\/wp.me\/P8ryDx-8R9","_links":{"self":[{"href":"https:\/\/www.comisionporlamemoria.org\/investigacion\/wp-json\/wp\/v2\/pages\/34047","targetHints":{"allow":["GET"]}}],"collection":[{"href":"https:\/\/www.comisionporlamemoria.org\/investigacion\/wp-json\/wp\/v2\/pages"}],"about":[{"href":"https:\/\/www.comisionporlamemoria.org\/investigacion\/wp-json\/wp\/v2\/types\/page"}],"author":[{"embeddable":true,"href":"https:\/\/www.comisionporlamemoria.org\/investigacion\/wp-json\/wp\/v2\/users\/32"}],"replies":[{"embeddable":true,"href":"https:\/\/www.comisionporlamemoria.org\/investigacion\/wp-json\/wp\/v2\/comments?post=34047"}],"version-history":[{"count":0,"href":"https:\/\/www.comisionporlamemoria.org\/investigacion\/wp-json\/wp\/v2\/pages\/34047\/revisions"}],"wp:attachment":[{"href":"https:\/\/www.comisionporlamemoria.org\/investigacion\/wp-json\/wp\/v2\/media?parent=34047"}],"curies":[{"name":"wp","href":"https:\/\/api.w.org\/{rel}","templated":true}]}}