{"id":31153,"date":"2017-02-27T15:11:09","date_gmt":"2017-02-27T15:11:09","guid":{"rendered":"http:\/\/www.comisionporlamemoria.org\/jym-nuevo\/?page_id=31153"},"modified":"2022-11-07T18:07:58","modified_gmt":"2022-11-07T21:07:58","slug":"chapadmalal","status":"publish","type":"page","link":"https:\/\/www.comisionporlamemoria.org\/jovenesymemoria\/chapadmalal\/","title":{"rendered":"El encuentro"},"content":{"rendered":"<p>[et_pb_section fb_built=\u00bb1&#8243; _builder_version=\u00bb4.16&#8243; background_image=\u00bbhttps:\/\/www.comisionporlamemoria.org\/jym-nuevo\/wp-content\/uploads\/sites\/21\/2017\/02\/bg-cabeceras-1.jpg\u00bb custom_padding=\u00bb0px||0px|\u00bb global_colors_info=\u00bb{}\u00bb][et_pb_row _builder_version=\u00bb4.16&#8243; background_size=\u00bbinitial\u00bb background_position=\u00bbtop_left\u00bb background_repeat=\u00bbrepeat\u00bb custom_padding=\u00bb27px|0px|0px|0px\u00bb global_colors_info=\u00bb{}\u00bb column_structure=\u00bb2_3,1_3&#8243;][et_pb_column type=\u00bb2_3&#8243; _builder_version=\u00bb4.16&#8243; custom_padding=\u00bb|||\u00bb global_colors_info=\u00bb{}\u00bb custom_padding__hover=\u00bb|||\u00bb][et_pb_post_title meta=\u00bboff\u00bb featured_image=\u00bboff\u00bb _builder_version=\u00bb4.16&#8243; title_font=\u00bb|on||on|\u00bb title_text_color=\u00bb#ff770e\u00bb title_font_size=\u00bb40&#8243; background_color=\u00bb#424242&#8243; custom_margin=\u00bb80px||10px|\u00bb custom_padding=\u00bb13px|10px||15px\u00bb module_bg_color=\u00bb#424242&#8243; global_colors_info=\u00bb{}\u00bb][\/et_pb_post_title][\/et_pb_column][et_pb_column type=\u00bb1_3&#8243; _builder_version=\u00bb4.16&#8243; custom_padding=\u00bb|||\u00bb global_colors_info=\u00bb{}\u00bb custom_padding__hover=\u00bb|||\u00bb][\/et_pb_column][\/et_pb_row][\/et_pb_section][et_pb_section fb_built=\u00bb1&#8243; _builder_version=\u00bb4.16&#8243; custom_padding=\u00bb40px|0px|0px|0px\u00bb global_colors_info=\u00bb{}\u00bb][et_pb_row _builder_version=\u00bb4.16&#8243; background_size=\u00bbinitial\u00bb background_position=\u00bbtop_left\u00bb background_repeat=\u00bbrepeat\u00bb custom_padding=\u00bb0px|0px|0px|0px\u00bb global_colors_info=\u00bb{}\u00bb][et_pb_column type=\u00bb4_4&#8243; _builder_version=\u00bb4.16&#8243; custom_padding=\u00bb|||\u00bb global_colors_info=\u00bb{}\u00bb custom_padding__hover=\u00bb|||\u00bb][et_pb_text _builder_version=\u00bb4.16&#8243; background_size=\u00bbinitial\u00bb background_position=\u00bbtop_left\u00bb background_repeat=\u00bbrepeat\u00bb text_orientation=\u00bbjustified\u00bb custom_margin=\u00bb0px|10%|0px|10%\u00bb custom_padding=\u00bb0px||0px|\u00bb global_colors_info=\u00bb{}\u00bb]<\/p>\n<p><span>Despu\u00e9s de un a\u00f1o de trabajo los equipos se re\u00fanen en Chapadmalal para mostrar sus producciones finales, intercambiar experiencias, conocerse, reflexionar, divertirse y seguir creando. Durante los d\u00edas del encuentro, los j\u00f3venes toman la palabra para narrar las historias no contadas de sus comunidades: historias ocultas, silenciadas por el miedo y la complicidad. Y en su esfuerzo por conocer m\u00e1s sobre el lugar en el que viven y pensarse a si mismos, emergen otras preocupaciones: la exclusi\u00f3n social, la militancia pol\u00edtica y el compromiso social, las transformaciones econ\u00f3micas y sus consecuencias sobre el mundo del trabajo. <strong>Los j\u00f3venes hacen memoria, desaf\u00edan el presente e imaginan otro futuro.<\/strong><\/span><\/p>\n<p><span>Chapadmalal es un momento particular, distinto. Durante esos d\u00edas predomina un clima de entusiasmo, nerviosismo y adrenalina que no escapa a ninguno de los que transitan por all\u00ed. El esfuerzo propio y ajeno es valorado por todos, en las presentaciones los aplausos se suceden para dar aliento y sentirse acompa\u00f1ado. <strong>Chapadmalal es un lugar especial.<\/strong> Es posible la reflexi\u00f3n y el intercambio de experiencias y puntos de vista; tambi\u00e9n el entretenimiento, el encuentro con otros, y la oportunidad de hacer amigos.<\/span><\/p>\n<p>[\/et_pb_text][\/et_pb_column][\/et_pb_row][\/et_pb_section][et_pb_section fb_built=\u00bb1&#8243; _builder_version=\u00bb4.16&#8243; custom_padding=\u00bb40px||0px|\u00bb global_colors_info=\u00bb{}\u00bb][et_pb_row _builder_version=\u00bb4.16&#8243; background_image=\u00bbhttps:\/\/www.comisionporlamemoria.org\/jym-nuevo\/wp-content\/uploads\/sites\/21\/2017\/02\/jym1.jpg\u00bb background_size=\u00bbinitial\u00bb background_position=\u00bbtop_left\u00bb background_repeat=\u00bbrepeat\u00bb custom_padding=\u00bb0px||0px|\u00bb global_colors_info=\u00bb{}\u00bb][et_pb_column type=\u00bb4_4&#8243; _builder_version=\u00bb4.16&#8243; custom_padding=\u00bb|||\u00bb global_colors_info=\u00bb{}\u00bb custom_padding__hover=\u00bb|||\u00bb][et_pb_text _builder_version=\u00bb4.18.0&#8243; text_font=\u00bb|on|on||\u00bb text_text_color=\u00bb#00d5eb\u00bb text_font_size=\u00bb18&#8243; background_color=\u00bb#606060&#8243; background_size=\u00bbinitial\u00bb background_position=\u00bbtop_left\u00bb background_repeat=\u00bbrepeat\u00bb background_layout=\u00bbdark\u00bb custom_margin=\u00bb100px|100px|100px|100px\u00bb custom_padding=\u00bb50px|30px|50px|30px\u00bb hover_enabled=\u00bb0&#8243; global_colors_info=\u00bb{}\u00bb sticky_enabled=\u00bb0&#8243;]<\/p>\n<p><em>\u00a0\u201cNo pod\u00e9s dejar de venir. No podemos dejar de llevarnos Chapa a nuestros barrios y a nuestras escuelas. No podemos dejar de compartir. No podemos dejar de abrir la cabeza a nuevas historias, experiencias, dramas y desaf\u00edos.<\/em><\/p>\n<p><em>\u00a1Que Chapa se quede en todos nosotros, llevemos la m\u00edstica de Chapa a todas partes!\u201d<\/em><\/p>\n<p style=\"text-align: right;\"><span style=\"color: #ffffff;\"><strong><em>Fragmento Manifiesto 2013 \u2013 Tanda 3<\/em><\/strong><\/span><\/p>\n<p>[\/et_pb_text][\/et_pb_column][\/et_pb_row][\/et_pb_section][et_pb_section fb_built=\u00bb1&#8243; _builder_version=\u00bb4.16&#8243; custom_padding=\u00bb40px|0px|0px|0px\u00bb global_colors_info=\u00bb{}\u00bb][et_pb_row _builder_version=\u00bb4.16&#8243; background_size=\u00bbinitial\u00bb background_position=\u00bbtop_left\u00bb background_repeat=\u00bbrepeat\u00bb custom_padding=\u00bb0px|0px|0px|0px\u00bb global_colors_info=\u00bb{}\u00bb][et_pb_column type=\u00bb4_4&#8243; _builder_version=\u00bb4.16&#8243; custom_padding=\u00bb|||\u00bb global_colors_info=\u00bb{}\u00bb custom_padding__hover=\u00bb|||\u00bb][et_pb_text _builder_version=\u00bb4.18.0&#8243; background_size=\u00bbinitial\u00bb background_position=\u00bbtop_left\u00bb background_repeat=\u00bbrepeat\u00bb custom_margin=\u00bb0px|10%|0px|10%\u00bb custom_padding=\u00bb0px||0px|\u00bb hover_enabled=\u00bb0&#8243; global_colors_info=\u00bb{}\u00bb sticky_enabled=\u00bb0&#8243;]<\/p>\n<p style=\"text-align: justify;\"><span>Paralelamente a la presentaci\u00f3n de los trabajos se realizaran talleres de intercambio en el que los j\u00f3venes vuelven a pensar la experiencia de todo el a\u00f1o generando discusiones y reflexiones propias sobre los temas que los movilizan y los preocupan. Por otro lado, con la consigna de contar el encuentro y dejar un registro de lo sucedido, los participantes realizan adem\u00e1s talleres de producci\u00f3n y expresi\u00f3n que se organizan a partir de diferentes soportes: v\u00eddeo, periodismo, m\u00fasica, fotograf\u00eda, teatro, mural, stencil, expresi\u00f3n corporal y circo. El objetivo es plasmar en un producto creativo sus vivencias, preocupaciones, debates, y que a partir de eso puedan poner en com\u00fan sus perspectivas y proyectos. Al cierre de cada tanda se expone lo producido en cada uno de estos espacios generando un momento divertido de intercambio de expresiones, sensaciones y sonidos que resumen la vivencia de todos los participantes durante esos d\u00edas.<\/span><\/p>\n<p style=\"text-align: justify;\"><span>A\u00f1o a a\u00f1o los j\u00f3venes se encuentran y toman la palabra para narrar las historias no contadas de sus comunidades. La posibilidad de reunirse potencia el trabajo y el compromiso con el que cada grupo lleva adelante la tarea de indagar sobre las memorias locales.<\/span><\/p>\n<p style=\"text-align: justify;\"><span>\u201cChapa\u201d, como denominamos al encuentro, lejos de s\u00f3lo ser el <strong>cierre anual del programa J\u00f3venes y Memoria<\/strong>, se convierte en un punto de partida para que los j\u00f3venes se piensen a ellos mismos, su presente y cuenten sus historias.<\/span><\/p>\n<p>[\/et_pb_text][\/et_pb_column][\/et_pb_row][\/et_pb_section][et_pb_section fb_built=\u00bb1&#8243; _builder_version=\u00bb4.16&#8243; custom_padding=\u00bb40px||0px|\u00bb global_colors_info=\u00bb{}\u00bb][et_pb_row _builder_version=\u00bb4.16&#8243; custom_margin=\u00bb0px||0px|\u00bb custom_padding=\u00bb0px||0px|\u00bb global_colors_info=\u00bb{}\u00bb][et_pb_column type=\u00bb4_4&#8243; _builder_version=\u00bb4.16&#8243; background_position=\u00bbtop_left\u00bb custom_padding=\u00bb|||\u00bb global_colors_info=\u00bb{}\u00bb custom_padding__hover=\u00bb|||\u00bb][\/et_pb_column][\/et_pb_row][\/et_pb_section][et_pb_section fb_built=\u00bb1&#8243; _builder_version=\u00bb4.16&#8243; custom_padding=\u00bb40px||0px|\u00bb global_colors_info=\u00bb{}\u00bb][et_pb_row _builder_version=\u00bb4.16&#8243; background_size=\u00bbinitial\u00bb background_position=\u00bbtop_left\u00bb background_repeat=\u00bbrepeat\u00bb custom_padding=\u00bb0px||0px|\u00bb global_colors_info=\u00bb{}\u00bb][et_pb_column type=\u00bb4_4&#8243; _builder_version=\u00bb4.16&#8243; custom_padding=\u00bb|||\u00bb global_colors_info=\u00bb{}\u00bb custom_padding__hover=\u00bb|||\u00bb][et_pb_image src=\u00bbhttps:\/\/www.comisionporlamemoria.org\/jym-nuevo\/wp-content\/uploads\/sites\/21\/2017\/02\/separador7.jpg\u00bb align_tablet=\u00bbcenter\u00bb align_last_edited=\u00bbon|desktop\u00bb _builder_version=\u00bb4.16&#8243; custom_margin=\u00bb0px||0px|\u00bb custom_css_main_element=\u00bbheight: 7px !important;\u00bb animation=\u00bboff\u00bb global_colors_info=\u00bb{}\u00bb align_phone=\u00bbcenter\u00bb][\/et_pb_image][\/et_pb_column][\/et_pb_row][\/et_pb_section]<\/p>\n","protected":false},"excerpt":{"rendered":"<p>Despu\u00e9s de un a\u00f1o de trabajo los equipos se re\u00fanen en Chapadmalal para mostrar sus producciones finales, intercambiar experiencias, conocerse, reflexionar, divertirse y seguir creando. Durante los d\u00edas del encuentro, los j\u00f3venes toman la palabra para narrar las historias no contadas de sus comunidades: historias ocultas, silenciadas por el miedo y la complicidad. Y en [&hellip;]<\/p>\n","protected":false},"author":8,"featured_media":0,"parent":0,"menu_order":0,"comment_status":"closed","ping_status":"closed","template":"","meta":{"_et_pb_use_builder":"on","_et_pb_old_content":"","_et_gb_content_width":"","jetpack_post_was_ever_published":false,"footnotes":""},"class_list":["post-31153","page","type-page","status-publish","hentry"],"jetpack_sharing_enabled":true,"jetpack_shortlink":"https:\/\/wp.me\/P8ryIF-86t","jetpack-related-posts":[],"_links":{"self":[{"href":"https:\/\/www.comisionporlamemoria.org\/jovenesymemoria\/wp-json\/wp\/v2\/pages\/31153","targetHints":{"allow":["GET"]}}],"collection":[{"href":"https:\/\/www.comisionporlamemoria.org\/jovenesymemoria\/wp-json\/wp\/v2\/pages"}],"about":[{"href":"https:\/\/www.comisionporlamemoria.org\/jovenesymemoria\/wp-json\/wp\/v2\/types\/page"}],"author":[{"embeddable":true,"href":"https:\/\/www.comisionporlamemoria.org\/jovenesymemoria\/wp-json\/wp\/v2\/users\/8"}],"replies":[{"embeddable":true,"href":"https:\/\/www.comisionporlamemoria.org\/jovenesymemoria\/wp-json\/wp\/v2\/comments?post=31153"}],"version-history":[{"count":0,"href":"https:\/\/www.comisionporlamemoria.org\/jovenesymemoria\/wp-json\/wp\/v2\/pages\/31153\/revisions"}],"wp:attachment":[{"href":"https:\/\/www.comisionporlamemoria.org\/jovenesymemoria\/wp-json\/wp\/v2\/media?parent=31153"}],"curies":[{"name":"wp","href":"https:\/\/api.w.org\/{rel}","templated":true}]}}