{"id":31255,"date":"2017-06-01T04:14:47","date_gmt":"2017-06-01T04:14:47","guid":{"rendered":"http:\/\/www.comisionporlamemoria.org\/jym-nuevo\/?page_id=31255"},"modified":"2018-10-09T17:13:56","modified_gmt":"2018-10-09T17:13:56","slug":"produccion-final-y-soportes-artisticos","status":"publish","type":"page","link":"https:\/\/www.comisionporlamemoria.org\/jovenesymemoria\/produccion-final-y-soportes-artisticos\/","title":{"rendered":"Producci\u00f3n final y soportes art\u00edsticos"},"content":{"rendered":"<p>[et_pb_section fb_built=\u00bb1&#8243; admin_label=\u00bbSecci\u00f3n\u00bb _builder_version=\u00bb3.0.74&#8243; background_image=\u00bbhttps:\/\/www.comisionporlamemoria.org\/jym-nuevo\/wp-content\/uploads\/sites\/21\/2017\/02\/bg-cabeceras-1.jpg\u00bb custom_padding=\u00bb0px||0px|\u00bb transparent_background=\u00bboff\u00bb][et_pb_row custom_padding=\u00bb27px|0px|0px|0px\u00bb admin_label=\u00bbFila\u00bb _builder_version=\u00bb3.0.47&#8243; background_size=\u00bbinitial\u00bb background_position=\u00bbtop_left\u00bb background_repeat=\u00bbrepeat\u00bb][et_pb_column type=\u00bb4_4&#8243; _builder_version=\u00bb3.0.47&#8243; parallax=\u00bboff\u00bb parallax_method=\u00bbon\u00bb][et_pb_post_title meta=\u00bboff\u00bb featured_image=\u00bboff\u00bb admin_label=\u00bbT\u00edtulo de publicaci\u00f3n\u00bb _builder_version=\u00bb3.0.87&#8243; title_font=\u00bb|on||on|\u00bb title_text_color=\u00bb#ff770e\u00bb title_font_size=\u00bb40&#8243; background_color=\u00bb#424242&#8243; custom_margin=\u00bb80px||10px|\u00bb custom_padding=\u00bb13px|10px||15px\u00bb use_border_color=\u00bboff\u00bb border_color=\u00bb#ffffff\u00bb border_style=\u00bbsolid\u00bb parallax_effect=\u00bboff\u00bb module_bg_color=\u00bb#424242&#8243;][\/et_pb_post_title][\/et_pb_column][\/et_pb_row][\/et_pb_section][et_pb_section fb_built=\u00bb1&#8243; admin_label=\u00bbSecci\u00f3n\u00bb _builder_version=\u00bb3.0.74&#8243; custom_padding=\u00bb40px|0px|0px|0px\u00bb transparent_background=\u00bboff\u00bb][\/et_pb_section][et_pb_section fb_built=\u00bb1&#8243; admin_label=\u00bbSecci\u00f3n\u00bb _builder_version=\u00bb3.0.74&#8243; custom_padding=\u00bb40px|0px|0px|0px\u00bb transparent_background=\u00bboff\u00bb][et_pb_row custom_padding=\u00bb0px|0px|0px|0px\u00bb parallax_method_1=\u00bboff\u00bb admin_label=\u00bbFila\u00bb _builder_version=\u00bb3.0.47&#8243; background_size=\u00bbinitial\u00bb background_position=\u00bbtop_left\u00bb background_repeat=\u00bbrepeat\u00bb][et_pb_column type=\u00bb4_4&#8243; _builder_version=\u00bb3.0.47&#8243; parallax=\u00bboff\u00bb parallax_method=\u00bboff\u00bb][et_pb_text admin_label=\u00bbTexto\u00bb _builder_version=\u00bb3.0.87&#8243; background_size=\u00bbinitial\u00bb background_position=\u00bbtop_left\u00bb background_repeat=\u00bbrepeat\u00bb custom_margin=\u00bb0px|10%|0px|10%\u00bb custom_padding=\u00bb0px||0px|\u00bb use_border_color=\u00bboff\u00bb border_color=\u00bb#ffffff\u00bb border_style=\u00bbsolid\u00bb]<\/p>\n<p>Participar del Programa tambi\u00e9n\u00a0implica elegir y producir una producci\u00f3n\u00a0art\u00edstica\u00a0a trav\u00e9s de la que se transmitir\u00e1 lo investigado. Los soportes pueden variar entre una obra de teatro, un documental audiovisual, una revista, una canci\u00f3n, un libro, una p\u00e1gina web, una muestra fotografica, una instalaci\u00f3n, entre otros.<\/p>\n<p>En esta secci\u00f3n les ofrecemos algunas sugerencias y recomendaciones para la realizaci\u00f3n del producto final en funci\u00f3n del soporte art\u00edstico elegido.<\/p>\n<p>[\/et_pb_text][\/et_pb_column][\/et_pb_row][\/et_pb_section][et_pb_section fb_built=\u00bb1&#8243; admin_label=\u00bbSecci\u00f3n\u00bb _builder_version=\u00bb3.0.74&#8243; custom_padding=\u00bb20px||0px|\u00bb transparent_background=\u00bboff\u00bb][et_pb_row use_custom_gutter=\u00bbon\u00bb gutter_width=\u00bb1&#8243; custom_padding=\u00bb0px||0px|\u00bb make_equal=\u00bbon\u00bb background_color_1=\u00bb#7d1e5e\u00bb background_color_2=\u00bb#ff9f00&#8243; background_color_3=\u00bb#85c229&#8243; parallax_method_1=\u00bboff\u00bb parallax_method_2=\u00bboff\u00bb parallax_method_3=\u00bboff\u00bb padding_top_1=\u00bb30px\u00bb padding_top_2=\u00bb30px\u00bb padding_top_3=\u00bb30px\u00bb padding_right_1=\u00bb30px\u00bb padding_right_2=\u00bb30px\u00bb padding_right_3=\u00bb30px\u00bb padding_bottom_1=\u00bb30px\u00bb padding_bottom_2=\u00bb30px\u00bb padding_bottom_3=\u00bb30px\u00bb padding_left_1=\u00bb30px\u00bb padding_left_2=\u00bb30px\u00bb padding_left_3=\u00bb30px\u00bb admin_label=\u00bbFila\u00bb _builder_version=\u00bb3.0.47&#8243; background_size=\u00bbinitial\u00bb background_position=\u00bbtop_left\u00bb background_repeat=\u00bbrepeat\u00bb][et_pb_column type=\u00bb1_3&#8243; _builder_version=\u00bb3.0.47&#8243; padding_bottom=\u00bb30px\u00bb padding_left=\u00bb30px\u00bb padding_right=\u00bb30px\u00bb padding_top=\u00bb30px\u00bb background_color=\u00bb#7d1e5e\u00bb parallax=\u00bboff\u00bb parallax_method=\u00bboff\u00bb][et_pb_text admin_label=\u00bbTexto\u00bb _builder_version=\u00bb3.0.87&#8243; background_size=\u00bbinitial\u00bb background_position=\u00bbtop_left\u00bb background_repeat=\u00bbrepeat\u00bb background_layout=\u00bbdark\u00bb use_border_color=\u00bboff\u00bb border_color=\u00bb#ffffff\u00bb border_style=\u00bbsolid\u00bb]<\/p>\n<h1>CARTILLA<br \/>\nAUDIOVISUAL<\/h1>\n<p>[\/et_pb_text][et_pb_button button_url=\u00bb\/wp-content\/uploads\/sites\/21\/2017\/06\/cartilla_audiovisual1.pdf\u00bb url_new_window=\u00bbon\u00bb button_text=\u00bbVER\u00bb button_alignment=\u00bbleft\u00bb admin_label=\u00bbBot\u00f3n\u00bb _builder_version=\u00bb3.0.47&#8243; custom_button=\u00bbon\u00bb button_text_size=\u00bb16&#8243; button_text_color=\u00bb#ffffff\u00bb button_bg_color=\u00bb#000000&#8243; button_border_width=\u00bb0&#8243; button_border_radius=\u00bb0&#8243; button_font=\u00bb|on||on|\u00bb button_use_icon=\u00bbdefault\u00bb button_icon=\u00bb%%28%%\u00bb button_icon_color=\u00bb#ffffff\u00bb button_on_hover=\u00bboff\u00bb button_text_color_hover=\u00bb#ffffff\u00bb button_bg_color_hover=\u00bb#000000&#8243; button_border_radius_hover=\u00bb0&#8243; background_layout=\u00bbdark\u00bb][\/et_pb_button][\/et_pb_column][et_pb_column type=\u00bb1_3&#8243; _builder_version=\u00bb3.0.47&#8243; padding_bottom=\u00bb30px\u00bb padding_left=\u00bb30px\u00bb padding_right=\u00bb30px\u00bb padding_top=\u00bb30px\u00bb background_color=\u00bb#ff9f00&#8243; parallax=\u00bboff\u00bb parallax_method=\u00bboff\u00bb][et_pb_text admin_label=\u00bbTexto\u00bb _builder_version=\u00bb3.0.87&#8243; background_size=\u00bbinitial\u00bb background_position=\u00bbtop_left\u00bb background_repeat=\u00bbrepeat\u00bb background_layout=\u00bbdark\u00bb use_border_color=\u00bboff\u00bb border_color=\u00bb#ffffff\u00bb border_style=\u00bbsolid\u00bb]<\/p>\n<h1>CARTILLA<br \/>\nFOTOGRAF\u00cdA<\/h1>\n<p>[\/et_pb_text][et_pb_button button_url=\u00bb\/wp-content\/uploads\/sites\/21\/2017\/06\/cartilla_fotografia.pdf\u00bb url_new_window=\u00bbon\u00bb button_text=\u00bbVER\u00bb button_alignment=\u00bbleft\u00bb admin_label=\u00bbBot\u00f3n\u00bb _builder_version=\u00bb3.0.47&#8243; custom_button=\u00bbon\u00bb button_text_size=\u00bb16&#8243; button_text_color=\u00bb#ffffff\u00bb button_bg_color=\u00bb#000000&#8243; button_border_width=\u00bb0&#8243; button_border_radius=\u00bb0&#8243; button_font=\u00bb|on||on|\u00bb button_use_icon=\u00bbdefault\u00bb button_icon=\u00bb%%28%%\u00bb button_icon_color=\u00bb#ffffff\u00bb button_on_hover=\u00bboff\u00bb button_text_color_hover=\u00bb#ffffff\u00bb button_bg_color_hover=\u00bb#000000&#8243; button_border_radius_hover=\u00bb0&#8243; background_layout=\u00bbdark\u00bb][\/et_pb_button][\/et_pb_column][et_pb_column type=\u00bb1_3&#8243; _builder_version=\u00bb3.0.47&#8243; padding_bottom=\u00bb30px\u00bb padding_left=\u00bb30px\u00bb padding_right=\u00bb30px\u00bb padding_top=\u00bb30px\u00bb background_color=\u00bb#85c229&#8243; parallax=\u00bboff\u00bb parallax_method=\u00bboff\u00bb][et_pb_text admin_label=\u00bbTexto\u00bb _builder_version=\u00bb3.0.87&#8243; background_size=\u00bbinitial\u00bb background_position=\u00bbtop_left\u00bb background_repeat=\u00bbrepeat\u00bb background_layout=\u00bbdark\u00bb use_border_color=\u00bboff\u00bb border_color=\u00bb#ffffff\u00bb border_style=\u00bbsolid\u00bb]<\/p>\n<h1>CARTILLA<br \/>\nMURAL<\/h1>\n<p>[\/et_pb_text][et_pb_button button_url=\u00bb\/wp-content\/uploads\/sites\/21\/2017\/06\/cartilla_mural.pdf\u00bb url_new_window=\u00bbon\u00bb button_text=\u00bbVER\u00bb button_alignment=\u00bbleft\u00bb admin_label=\u00bbBot\u00f3n\u00bb _builder_version=\u00bb3.0.47&#8243; custom_button=\u00bbon\u00bb button_text_size=\u00bb16&#8243; button_text_color=\u00bb#ffffff\u00bb button_bg_color=\u00bb#000000&#8243; button_border_width=\u00bb0&#8243; button_border_radius=\u00bb0&#8243; button_font=\u00bb|on||on|\u00bb button_use_icon=\u00bbdefault\u00bb button_icon=\u00bb%%28%%\u00bb button_icon_color=\u00bb#ffffff\u00bb button_on_hover=\u00bboff\u00bb button_text_color_hover=\u00bb#ffffff\u00bb button_bg_color_hover=\u00bb#000000&#8243; button_border_radius_hover=\u00bb0&#8243; background_layout=\u00bbdark\u00bb][\/et_pb_button][\/et_pb_column][\/et_pb_row][et_pb_row use_custom_gutter=\u00bbon\u00bb gutter_width=\u00bb1&#8243; custom_padding=\u00bb0px||0px|\u00bb custom_margin=\u00bb0px||0px|\u00bb make_equal=\u00bbon\u00bb background_color_1=\u00bb#005483&#8243; background_color_2=\u00bb#bf1941&#8243; background_color_3=\u00bb#2aaec9&#8243; parallax_method_1=\u00bboff\u00bb parallax_method_2=\u00bboff\u00bb parallax_method_3=\u00bboff\u00bb padding_top_1=\u00bb30px\u00bb padding_top_2=\u00bb30px\u00bb padding_top_3=\u00bb30px\u00bb padding_right_1=\u00bb30px\u00bb padding_right_2=\u00bb30px\u00bb padding_right_3=\u00bb30px\u00bb padding_bottom_1=\u00bb30px\u00bb padding_bottom_2=\u00bb30px\u00bb padding_bottom_3=\u00bb30px\u00bb padding_left_1=\u00bb30px\u00bb padding_left_2=\u00bb30px\u00bb padding_left_3=\u00bb30px\u00bb admin_label=\u00bbFila\u00bb _builder_version=\u00bb3.0.47&#8243; background_size=\u00bbinitial\u00bb background_position=\u00bbtop_left\u00bb background_repeat=\u00bbrepeat\u00bb][et_pb_column type=\u00bb1_3&#8243; _builder_version=\u00bb3.0.47&#8243; padding_bottom=\u00bb30px\u00bb padding_left=\u00bb30px\u00bb padding_right=\u00bb30px\u00bb padding_top=\u00bb30px\u00bb background_color=\u00bb#005483&#8243; parallax=\u00bboff\u00bb parallax_method=\u00bboff\u00bb][et_pb_text admin_label=\u00bbTexto\u00bb _builder_version=\u00bb3.0.87&#8243; background_size=\u00bbinitial\u00bb background_position=\u00bbtop_left\u00bb background_repeat=\u00bbrepeat\u00bb background_layout=\u00bbdark\u00bb use_border_color=\u00bboff\u00bb border_color=\u00bb#ffffff\u00bb border_style=\u00bbsolid\u00bb]<\/p>\n<h1>CARTILLA<br \/>\nREVISTA<\/h1>\n<p>[\/et_pb_text][et_pb_button button_url=\u00bb\/wp-content\/uploads\/sites\/21\/2017\/06\/cartilla_revista.pdf\u00bb url_new_window=\u00bbon\u00bb button_text=\u00bbVER\u00bb button_alignment=\u00bbleft\u00bb admin_label=\u00bbBot\u00f3n\u00bb _builder_version=\u00bb3.0.47&#8243; custom_button=\u00bbon\u00bb button_text_size=\u00bb16&#8243; button_text_color=\u00bb#ffffff\u00bb button_bg_color=\u00bb#000000&#8243; button_border_width=\u00bb0&#8243; button_border_radius=\u00bb0&#8243; button_font=\u00bb|on||on|\u00bb button_use_icon=\u00bbdefault\u00bb button_icon=\u00bb%%28%%\u00bb button_icon_color=\u00bb#ffffff\u00bb button_on_hover=\u00bboff\u00bb button_text_color_hover=\u00bb#ffffff\u00bb button_bg_color_hover=\u00bb#000000&#8243; button_border_radius_hover=\u00bb0&#8243; background_layout=\u00bbdark\u00bb][\/et_pb_button][\/et_pb_column][et_pb_column type=\u00bb1_3&#8243; _builder_version=\u00bb3.0.47&#8243; padding_bottom=\u00bb30px\u00bb padding_left=\u00bb30px\u00bb padding_right=\u00bb30px\u00bb padding_top=\u00bb30px\u00bb background_color=\u00bb#bf1941&#8243; parallax=\u00bboff\u00bb parallax_method=\u00bboff\u00bb][et_pb_text admin_label=\u00bbTexto\u00bb _builder_version=\u00bb3.0.87&#8243; background_size=\u00bbinitial\u00bb background_position=\u00bbtop_left\u00bb background_repeat=\u00bbrepeat\u00bb background_layout=\u00bbdark\u00bb use_border_color=\u00bboff\u00bb border_color=\u00bb#ffffff\u00bb border_style=\u00bbsolid\u00bb]<\/p>\n<h1>CARTILLA<br \/>\nTEATRO<\/h1>\n<p>[\/et_pb_text][et_pb_button button_url=\u00bb\/wp-content\/uploads\/sites\/21\/2017\/06\/cartilla_teatro.pdf\u00bb url_new_window=\u00bbon\u00bb button_text=\u00bbVER\u00bb button_alignment=\u00bbleft\u00bb admin_label=\u00bbBot\u00f3n\u00bb _builder_version=\u00bb3.0.47&#8243; custom_button=\u00bbon\u00bb button_text_size=\u00bb16&#8243; button_text_color=\u00bb#ffffff\u00bb button_bg_color=\u00bb#000000&#8243; button_border_width=\u00bb0&#8243; button_border_radius=\u00bb0&#8243; button_font=\u00bb|on||on|\u00bb button_use_icon=\u00bbdefault\u00bb button_icon=\u00bb%%28%%\u00bb button_icon_color=\u00bb#ffffff\u00bb button_on_hover=\u00bboff\u00bb button_text_color_hover=\u00bb#ffffff\u00bb button_bg_color_hover=\u00bb#000000&#8243; button_border_radius_hover=\u00bb0&#8243; background_layout=\u00bbdark\u00bb][\/et_pb_button][\/et_pb_column][et_pb_column type=\u00bb1_3&#8243; _builder_version=\u00bb3.0.47&#8243; padding_bottom=\u00bb30px\u00bb padding_left=\u00bb30px\u00bb padding_right=\u00bb30px\u00bb padding_top=\u00bb30px\u00bb background_color=\u00bb#2aaec9&#8243; parallax=\u00bboff\u00bb parallax_method=\u00bboff\u00bb][et_pb_text admin_label=\u00bbTexto\u00bb _builder_version=\u00bb3.0.87&#8243; background_size=\u00bbinitial\u00bb background_position=\u00bbtop_left\u00bb background_repeat=\u00bbrepeat\u00bb background_layout=\u00bbdark\u00bb use_border_color=\u00bboff\u00bb border_color=\u00bb#ffffff\u00bb border_style=\u00bbsolid\u00bb]<\/p>\n<h1>CONSEJOS<br \/>\nAUDIOVISUALES<\/h1>\n<p>[\/et_pb_text][et_pb_button button_url=\u00bb\/wp-content\/uploads\/sites\/21\/2017\/06\/consejos_audiovisuales.pdf\u00bb url_new_window=\u00bbon\u00bb button_text=\u00bbVER\u00bb button_alignment=\u00bbleft\u00bb admin_label=\u00bbBot\u00f3n\u00bb _builder_version=\u00bb3.0.47&#8243; custom_button=\u00bbon\u00bb button_text_size=\u00bb16&#8243; button_text_color=\u00bb#ffffff\u00bb button_bg_color=\u00bb#000000&#8243; button_border_width=\u00bb0&#8243; button_border_radius=\u00bb0&#8243; button_font=\u00bb|on||on|\u00bb button_use_icon=\u00bbdefault\u00bb button_icon=\u00bb%%28%%\u00bb button_icon_color=\u00bb#ffffff\u00bb button_on_hover=\u00bboff\u00bb button_text_color_hover=\u00bb#ffffff\u00bb button_bg_color_hover=\u00bb#000000&#8243; button_border_radius_hover=\u00bb0&#8243; background_layout=\u00bbdark\u00bb][\/et_pb_button][\/et_pb_column][\/et_pb_row][\/et_pb_section][et_pb_section fb_built=\u00bb1&#8243; admin_label=\u00bbSecci\u00f3n\u00bb _builder_version=\u00bb3.0.74&#8243; custom_padding=\u00bb40px||0px|\u00bb transparent_background=\u00bboff\u00bb][et_pb_row custom_padding=\u00bb0px||0px|\u00bb parallax_method_1=\u00bboff\u00bb admin_label=\u00bbFila\u00bb _builder_version=\u00bb3.0.47&#8243; background_size=\u00bbinitial\u00bb background_position=\u00bbtop_left\u00bb background_repeat=\u00bbrepeat\u00bb][et_pb_column type=\u00bb4_4&#8243; _builder_version=\u00bb3.0.47&#8243; parallax=\u00bboff\u00bb parallax_method=\u00bboff\u00bb][et_pb_image src=\u00bbhttps:\/\/www.comisionporlamemoria.org\/jym-nuevo\/wp-content\/uploads\/sites\/21\/2017\/02\/separador7.jpg\u00bb admin_label=\u00bbImagen\u00bb _builder_version=\u00bb3.0.87&#8243; custom_margin=\u00bb0px||0px|\u00bb custom_css_main_element=\u00bbheight: 7px !important;\u00bb use_border_color=\u00bboff\u00bb border_color=\u00bb#ffffff\u00bb border_style=\u00bbsolid\u00bb animation=\u00bboff\u00bb sticky=\u00bboff\u00bb][\/et_pb_image][\/et_pb_column][\/et_pb_row][\/et_pb_section]<\/p>\n","protected":false},"excerpt":{"rendered":"<p>Participar del Programa tambi\u00e9n\u00a0implica elegir y producir una producci\u00f3n\u00a0art\u00edstica\u00a0a trav\u00e9s de la que se transmitir\u00e1 lo investigado. Los soportes pueden variar entre una obra de teatro, un documental audiovisual, una revista, una canci\u00f3n, un libro, una p\u00e1gina web, una muestra fotografica, una instalaci\u00f3n, entre otros. En esta secci\u00f3n les ofrecemos algunas sugerencias y recomendaciones para [&hellip;]<\/p>\n","protected":false},"author":8,"featured_media":0,"parent":0,"menu_order":0,"comment_status":"closed","ping_status":"closed","template":"","meta":{"_et_pb_use_builder":"on","_et_pb_old_content":"","_et_gb_content_width":"","footnotes":""},"class_list":["post-31255","page","type-page","status-publish","hentry"],"jetpack_sharing_enabled":true,"jetpack_shortlink":"https:\/\/wp.me\/P8ryIF-887","jetpack-related-posts":[],"_links":{"self":[{"href":"https:\/\/www.comisionporlamemoria.org\/jovenesymemoria\/wp-json\/wp\/v2\/pages\/31255","targetHints":{"allow":["GET"]}}],"collection":[{"href":"https:\/\/www.comisionporlamemoria.org\/jovenesymemoria\/wp-json\/wp\/v2\/pages"}],"about":[{"href":"https:\/\/www.comisionporlamemoria.org\/jovenesymemoria\/wp-json\/wp\/v2\/types\/page"}],"author":[{"embeddable":true,"href":"https:\/\/www.comisionporlamemoria.org\/jovenesymemoria\/wp-json\/wp\/v2\/users\/8"}],"replies":[{"embeddable":true,"href":"https:\/\/www.comisionporlamemoria.org\/jovenesymemoria\/wp-json\/wp\/v2\/comments?post=31255"}],"version-history":[{"count":0,"href":"https:\/\/www.comisionporlamemoria.org\/jovenesymemoria\/wp-json\/wp\/v2\/pages\/31255\/revisions"}],"wp:attachment":[{"href":"https:\/\/www.comisionporlamemoria.org\/jovenesymemoria\/wp-json\/wp\/v2\/media?parent=31255"}],"curies":[{"name":"wp","href":"https:\/\/api.w.org\/{rel}","templated":true}]}}