{"id":31259,"date":"2017-06-01T04:15:28","date_gmt":"2017-06-01T04:15:28","guid":{"rendered":"http:\/\/www.comisionporlamemoria.org\/jym-nuevo\/?page_id=31259"},"modified":"2018-10-01T20:09:23","modified_gmt":"2018-10-01T20:09:23","slug":"los-talleres","status":"publish","type":"page","link":"https:\/\/www.comisionporlamemoria.org\/jovenesymemoria\/los-talleres\/","title":{"rendered":"Los talleres"},"content":{"rendered":"<p>[et_pb_section fb_built=\u00bb1&#8243; admin_label=\u00bbSecci\u00f3n\u00bb _builder_version=\u00bb3.0.47&#8243; background_image=\u00bbhttps:\/\/www.comisionporlamemoria.org\/jym-nuevo\/wp-content\/uploads\/sites\/21\/2017\/02\/bg-cabeceras-1.jpg\u00bb custom_padding=\u00bb0px||0px|\u00bb][et_pb_row custom_padding=\u00bb27px|0px|0px|0px\u00bb admin_label=\u00bbFila\u00bb _builder_version=\u00bb3.0.47&#8243; background_size=\u00bbinitial\u00bb background_position=\u00bbtop_left\u00bb background_repeat=\u00bbrepeat\u00bb][et_pb_column type=\u00bb1_3&#8243; _builder_version=\u00bb3.0.47&#8243; parallax=\u00bboff\u00bb parallax_method=\u00bbon\u00bb][et_pb_post_title meta=\u00bboff\u00bb featured_image=\u00bboff\u00bb admin_label=\u00bbT\u00edtulo de publicaci\u00f3n\u00bb _builder_version=\u00bb3.0.74&#8243; title_font=\u00bb|on||on|\u00bb title_text_color=\u00bb#ff770e\u00bb title_font_size=\u00bb40&#8243; background_color=\u00bb#424242&#8243; custom_margin=\u00bb80px||10px|\u00bb custom_padding=\u00bb13px|10px||15px\u00bb module_bg_color=\u00bb#424242&#8243;][\/et_pb_post_title][\/et_pb_column][et_pb_column type=\u00bb1_3&#8243; _builder_version=\u00bb3.0.47&#8243; parallax=\u00bboff\u00bb parallax_method=\u00bbon\u00bb][\/et_pb_column][et_pb_column type=\u00bb1_3&#8243; _builder_version=\u00bb3.0.47&#8243; parallax=\u00bboff\u00bb parallax_method=\u00bbon\u00bb][\/et_pb_column][\/et_pb_row][\/et_pb_section][et_pb_section fb_built=\u00bb1&#8243; admin_label=\u00bbSecci\u00f3n\u00bb _builder_version=\u00bb3.0.47&#8243; custom_padding=\u00bb40px|0px|0px|0px\u00bb][et_pb_row custom_padding=\u00bb0px|0px|0px|0px\u00bb parallax_method_1=\u00bboff\u00bb admin_label=\u00bbFila\u00bb _builder_version=\u00bb3.0.47&#8243; background_size=\u00bbinitial\u00bb background_position=\u00bbtop_left\u00bb background_repeat=\u00bbrepeat\u00bb][et_pb_column type=\u00bb4_4&#8243; _builder_version=\u00bb3.0.47&#8243; parallax=\u00bboff\u00bb parallax_method=\u00bboff\u00bb][et_pb_text admin_label=\u00bbTexto\u00bb _builder_version=\u00bb3.0.74&#8243; background_size=\u00bbinitial\u00bb background_position=\u00bbtop_left\u00bb background_repeat=\u00bbrepeat\u00bb text_orientation=\u00bbjustified\u00bb custom_margin=\u00bb0px|10%|0px|10%\u00bb custom_padding=\u00bb0px||0px|\u00bb]<\/p>\n<h2><span style=\"color: #33cccc\"><strong>EL TALLER COMO METODOLOG\u00cdA DE TRABAJO<\/strong><\/span><\/h2>\n<p>Desde el Programa consideramos el taller como metodolog\u00eda de trabajo. Impulsados por el objetivo de generar un espacio colectivo de construcci\u00f3n y debate, creemos que el m\u00e9todo de trabajo es un punto esencial para facilitar la comunicaci\u00f3n y el intercambio, superando la idea de que los j\u00f3venes son meros objetos pasivos que reciben el conocimiento transmitido por los adultos.<\/p>\n<blockquote>\n<p><span style=\"color: #ff6600\"><strong>Poder apropiarse del pasado implica tambi\u00e9n poder actuar sobre el presente pens\u00e1ndolo cr\u00edticamente.<\/strong><\/span><\/p>\n<\/blockquote>\n<p>Los talleres que proponemos intentan plantear una tema pol\u00e9mico ligado a problem\u00e1ticas actuales, para que a partir de all\u00ed sean los j\u00f3venes los que debatan, disientan, argumenten, y fundamentalmente propongan y se piensen como sujetos parte del presente.<\/p>\n<p>Durante los tres d\u00edas que dura el Encuentro, los grupos de investigaci\u00f3n tendr\u00e1n la posibilidad de participar de diferentes y variados espacios de discusi\u00f3n, debate y producci\u00f3n. Los espacios se dividen en talleres de integraci\u00f3n al que asisten todos los participantes y\u00a0 talleres de producci\u00f3n y foros de debate en los que la concurrencia es libre.<\/p>\n<p>[\/et_pb_text][\/et_pb_column][\/et_pb_row][\/et_pb_section][et_pb_section fb_built=\u00bb1&#8243; admin_label=\u00bbSecci\u00f3n\u00bb _builder_version=\u00bb3.0.47&#8243; custom_padding=\u00bb40px||0px|\u00bb][et_pb_row use_custom_gutter=\u00bbon\u00bb gutter_width=\u00bb1&#8243; custom_padding=\u00bb20px||0px|\u00bb custom_margin=\u00bb0px||0px|\u00bb make_equal=\u00bbon\u00bb background_color_1=\u00bb#bf1941&#8243; background_color_2=\u00bb#e5e5e5&#8243; parallax_method_1=\u00bboff\u00bb parallax_method_2=\u00bboff\u00bb padding_top_1=\u00bb20px\u00bb padding_top_2=\u00bb20px\u00bb padding_right_1=\u00bb20px\u00bb padding_right_2=\u00bb30px\u00bb padding_bottom_1=\u00bb20px\u00bb padding_bottom_2=\u00bb20px\u00bb padding_left_1=\u00bb20px\u00bb padding_left_2=\u00bb20px\u00bb admin_label=\u00bbFila\u00bb _builder_version=\u00bb3.0.47&#8243; background_size=\u00bbinitial\u00bb background_position=\u00bbtop_left\u00bb background_repeat=\u00bbrepeat\u00bb][et_pb_column type=\u00bb1_3&#8243; _builder_version=\u00bb3.0.47&#8243; padding_bottom=\u00bb20px\u00bb padding_left=\u00bb20px\u00bb padding_right=\u00bb20px\u00bb padding_top=\u00bb20px\u00bb background_color=\u00bb#bf1941&#8243; parallax=\u00bboff\u00bb parallax_method=\u00bboff\u00bb][et_pb_text admin_label=\u00bbTexto\u00bb _builder_version=\u00bb3.0.74&#8243; background_size=\u00bbinitial\u00bb background_position=\u00bbtop_left\u00bb background_repeat=\u00bbrepeat\u00bb background_layout=\u00bbdark\u00bb]<\/p>\n<h2>TALLERES TEM\u00c1TICOS Y FOROS DE DISCUSI\u00d3N<\/h2>\n<p>[\/et_pb_text][\/et_pb_column][et_pb_column type=\u00bb2_3&#8243; _builder_version=\u00bb3.0.47&#8243; padding_bottom=\u00bb20px\u00bb padding_left=\u00bb20px\u00bb padding_right=\u00bb30px\u00bb padding_top=\u00bb20px\u00bb background_color=\u00bb#e5e5e5&#8243; parallax=\u00bboff\u00bb parallax_method=\u00bboff\u00bb][et_pb_text admin_label=\u00bbTexto\u00bb _builder_version=\u00bb3.0.74&#8243; background_size=\u00bbinitial\u00bb background_position=\u00bbtop_left\u00bb background_repeat=\u00bbrepeat\u00bb]Durante los d\u00edas en que se desarrolla el Encuentro, les proponemos a los j\u00f3venes participar de diferentes espacios de discusi\u00f3n y reflexi\u00f3n sobre algunas tem\u00e1ticas concretas. As\u00ed, los talleres tem\u00e1ticos se proponen generar un espacio de discusi\u00f3n y debate con los j\u00f3venes sobre los ejes de reflexi\u00f3n que surgen de los trabajos que se presentan en el Programa y que los atraviesan y preocupan.<br \/>\n[\/et_pb_text][\/et_pb_column][\/et_pb_row][et_pb_row use_custom_gutter=\u00bbon\u00bb gutter_width=\u00bb1&#8243; custom_padding=\u00bb20px||0px|\u00bb custom_margin=\u00bb0px||0px|\u00bb make_equal=\u00bbon\u00bb background_color_1=\u00bb#ff9f00&#8243; background_color_2=\u00bb#e5e5e5&#8243; parallax_method_1=\u00bboff\u00bb parallax_method_2=\u00bboff\u00bb padding_top_1=\u00bb20px\u00bb padding_top_2=\u00bb20px\u00bb padding_right_1=\u00bb20px\u00bb padding_right_2=\u00bb30px\u00bb padding_bottom_1=\u00bb20px\u00bb padding_bottom_2=\u00bb20px\u00bb padding_left_1=\u00bb20px\u00bb padding_left_2=\u00bb20px\u00bb admin_label=\u00bbFila\u00bb _builder_version=\u00bb3.0.47&#8243; background_size=\u00bbinitial\u00bb background_position=\u00bbtop_left\u00bb background_repeat=\u00bbrepeat\u00bb][et_pb_column type=\u00bb1_3&#8243; _builder_version=\u00bb3.0.47&#8243; padding_bottom=\u00bb20px\u00bb padding_left=\u00bb20px\u00bb padding_right=\u00bb20px\u00bb padding_top=\u00bb20px\u00bb background_color=\u00bb#ff9f00&#8243; parallax=\u00bboff\u00bb parallax_method=\u00bboff\u00bb][et_pb_text admin_label=\u00bbTexto\u00bb _builder_version=\u00bb3.0.74&#8243; background_size=\u00bbinitial\u00bb background_position=\u00bbtop_left\u00bb background_repeat=\u00bbrepeat\u00bb background_layout=\u00bbdark\u00bb]<\/p>\n<h2>TALLERES DE EXPRESI\u00d3N<\/h2>\n<p>[\/et_pb_text][\/et_pb_column][et_pb_column type=\u00bb2_3&#8243; _builder_version=\u00bb3.0.47&#8243; padding_bottom=\u00bb20px\u00bb padding_left=\u00bb20px\u00bb padding_right=\u00bb30px\u00bb padding_top=\u00bb20px\u00bb background_color=\u00bb#e5e5e5&#8243; parallax=\u00bboff\u00bb parallax_method=\u00bboff\u00bb][et_pb_text admin_label=\u00bbTexto\u00bb _builder_version=\u00bb3.0.74&#8243; background_size=\u00bbinitial\u00bb background_position=\u00bbtop_left\u00bb background_repeat=\u00bbrepeat\u00bb]Los talleres de producci\u00f3n proponen un espacio para contar el encuentro e introducir a los j\u00f3venes a diferentes lenguajes art\u00edsticos, c\u00f3mo m\u00fasica\/Hip-Hop, teatro, expresi\u00f3n corporal, fotograf\u00eda, stencil, periodismo y v\u00eddeo.<br \/>\n[\/et_pb_text][\/et_pb_column][\/et_pb_row][\/et_pb_section][et_pb_section fb_built=\u00bb1&#8243; admin_label=\u00bbSecci\u00f3n\u00bb _builder_version=\u00bb3.0.47&#8243; custom_padding=\u00bb40px||0px|\u00bb][et_pb_row custom_padding=\u00bb0px||0px|\u00bb parallax_method_1=\u00bboff\u00bb admin_label=\u00bbFila\u00bb _builder_version=\u00bb3.0.47&#8243; background_size=\u00bbinitial\u00bb background_position=\u00bbtop_left\u00bb background_repeat=\u00bbrepeat\u00bb][et_pb_column type=\u00bb4_4&#8243; _builder_version=\u00bb3.0.47&#8243; parallax=\u00bboff\u00bb parallax_method=\u00bboff\u00bb][et_pb_image src=\u00bbhttps:\/\/www.comisionporlamemoria.org\/jym-nuevo\/wp-content\/uploads\/sites\/21\/2017\/02\/separador7.jpg\u00bb admin_label=\u00bbImagen\u00bb _builder_version=\u00bb3.0.74&#8243; custom_margin=\u00bb0px||0px|\u00bb custom_css_main_element=\u00bbheight: 7px !important;\u00bb animation=\u00bboff\u00bb][\/et_pb_image][\/et_pb_column][\/et_pb_row][\/et_pb_section]<\/p>\n","protected":false},"excerpt":{"rendered":"<p>EL TALLER COMO METODOLOG\u00cdA DE TRABAJO Desde el Programa consideramos el taller como metodolog\u00eda de trabajo. Impulsados por el objetivo de generar un espacio colectivo de construcci\u00f3n y debate, creemos que el m\u00e9todo de trabajo es un punto esencial para facilitar la comunicaci\u00f3n y el intercambio, superando la idea de que los j\u00f3venes son meros [&hellip;]<\/p>\n","protected":false},"author":8,"featured_media":0,"parent":0,"menu_order":0,"comment_status":"closed","ping_status":"closed","template":"","meta":{"_et_pb_use_builder":"on","_et_pb_old_content":"","_et_gb_content_width":"","footnotes":""},"class_list":["post-31259","page","type-page","status-publish","hentry"],"jetpack_sharing_enabled":true,"jetpack_shortlink":"https:\/\/wp.me\/P8ryIF-88b","jetpack-related-posts":[],"_links":{"self":[{"href":"https:\/\/www.comisionporlamemoria.org\/jovenesymemoria\/wp-json\/wp\/v2\/pages\/31259","targetHints":{"allow":["GET"]}}],"collection":[{"href":"https:\/\/www.comisionporlamemoria.org\/jovenesymemoria\/wp-json\/wp\/v2\/pages"}],"about":[{"href":"https:\/\/www.comisionporlamemoria.org\/jovenesymemoria\/wp-json\/wp\/v2\/types\/page"}],"author":[{"embeddable":true,"href":"https:\/\/www.comisionporlamemoria.org\/jovenesymemoria\/wp-json\/wp\/v2\/users\/8"}],"replies":[{"embeddable":true,"href":"https:\/\/www.comisionporlamemoria.org\/jovenesymemoria\/wp-json\/wp\/v2\/comments?post=31259"}],"version-history":[{"count":0,"href":"https:\/\/www.comisionporlamemoria.org\/jovenesymemoria\/wp-json\/wp\/v2\/pages\/31259\/revisions"}],"wp:attachment":[{"href":"https:\/\/www.comisionporlamemoria.org\/jovenesymemoria\/wp-json\/wp\/v2\/media?parent=31259"}],"curies":[{"name":"wp","href":"https:\/\/api.w.org\/{rel}","templated":true}]}}