{"id":32140,"date":"2018-03-01T11:10:59","date_gmt":"2018-03-01T11:10:59","guid":{"rendered":"http:\/\/www.comisionporlamemoria.org\/jovenesymemoria\/?page_id=32140"},"modified":"2020-03-09T15:34:29","modified_gmt":"2020-03-09T15:34:29","slug":"colecciones","status":"publish","type":"page","link":"https:\/\/www.comisionporlamemoria.org\/jovenesymemoria\/colecciones\/","title":{"rendered":"Modelos para armar"},"content":{"rendered":"<p>[et_pb_section fb_built=\u00bb1&#8243; _builder_version=\u00bb3.22&#8243; background_image=\u00bbhttps:\/\/www.comisionporlamemoria.org\/jovenesymemoria\/wp-content\/uploads\/sites\/21\/2017\/02\/bg-cabeceras-1.jpg\u00bb][et_pb_row _builder_version=\u00bb3.25&#8243; background_size=\u00bbinitial\u00bb background_position=\u00bbtop_left\u00bb background_repeat=\u00bbrepeat\u00bb][et_pb_column type=\u00bb4_4&#8243; _builder_version=\u00bb3.25&#8243; custom_padding=\u00bb|||\u00bb custom_padding__hover=\u00bb|||\u00bb][et_pb_post_title meta=\u00bboff\u00bb featured_image=\u00bboff\u00bb text_color=\u00bblight\u00bb _builder_version=\u00bb3.0.105&#8243; title_text_color=\u00bb#ffffff\u00bb]<br \/>\n[\/et_pb_post_title][\/et_pb_column][\/et_pb_row][\/et_pb_section][et_pb_section fb_built=\u00bb1&#8243; _builder_version=\u00bb3.22&#8243; custom_padding=\u00bb0px|0px|2px|0px\u00bb][et_pb_row column_structure=\u00bb2_3,1_3&#8243; _builder_version=\u00bb3.25&#8243; background_size=\u00bbinitial\u00bb background_position=\u00bbtop_left\u00bb background_repeat=\u00bbrepeat\u00bb custom_padding=\u00bb27px|0px|2px|0px\u00bb][et_pb_column type=\u00bb2_3&#8243; _builder_version=\u00bb3.25&#8243; custom_padding=\u00bb|||\u00bb custom_padding__hover=\u00bb|||\u00bb][et_pb_text _builder_version=\u00bb3.27.4&#8243;]<\/p>\n<p> <span style=\"color: #2db2c6;font-size: x-large\"><strong>HACIA UNA PEDAGOG\u00cdA DE LA MEMORIA <\/strong><\/span><\/p>\n<p><span style=\"color: #f4982e;font-size: x-large\"><strong>Pasado reciente | Modelos para armar<\/strong><\/span> <\/p>\n<p>[\/et_pb_text][et_pb_divider _builder_version=\u00bb4.1&#8243; hover_enabled=\u00bb0&#8243;]<br \/>\n[\/et_pb_divider][\/et_pb_column][et_pb_column type=\u00bb1_3&#8243; _builder_version=\u00bb3.25&#8243; custom_padding=\u00bb|||\u00bb custom_padding__hover=\u00bb|||\u00bb][\/et_pb_column][\/et_pb_row][et_pb_row _builder_version=\u00bb3.25&#8243; background_size=\u00bbinitial\u00bb background_position=\u00bbtop_left\u00bb background_repeat=\u00bbrepeat\u00bb custom_padding=\u00bb0px|0px|27px|0px\u00bb][et_pb_column type=\u00bb4_4&#8243; _builder_version=\u00bb3.25&#8243; custom_padding=\u00bb|||\u00bb custom_padding__hover=\u00bb|||\u00bb][et_pb_text _builder_version=\u00bb3.27.4&#8243; text_font=\u00bb||||||||\u00bb]<\/p>\n<p>&nbsp;<\/p>\n<p style=\"text-align: justify;\">Desde 2002 j\u00f3venes de escuelas secundarias y organizaciones sociales, pol\u00edticas y culturales de la provincia de Buenos Aires realizaron m\u00e1s de 6000 producciones audiovisuales sobre memoria y derechos humanos en el marco del programa J\u00f3venes y Memoria de la Comisi\u00f3n provincial por la Memoria. Los trabajos abordan problemas espec\u00edficos relacionados con su localidad y expresan los interrogantes que los j\u00f3venes se han planteado sobre el pasado y el presente de su comunidad, abordando temas no s\u00f3lo relacionados a la historia reciente sino tambi\u00e9n a la agenda actual de los derechos humanos.<\/p>\n<p style=\"text-align: justify;\">La colecci\u00f3n <span style=\"color: #f4982e;\"><strong>Pasado reciente. Modelos para armar<\/strong><\/span> compila una selecci\u00f3n de estos trabajos que se proponen como recurso did\u00e1ctico para pensar, debatir y trabajar con otros.<span style=\"font-size: 15px; text-align: left;\">\u00a0<\/span><\/p>\n<p>[\/et_pb_text][\/et_pb_column][\/et_pb_row][\/et_pb_section][et_pb_section fb_built=\u00bb1&#8243; _builder_version=\u00bb3.22&#8243; custom_padding=\u00bb0|0px|54px|0px|false|false\u00bb][et_pb_row column_structure=\u00bb1_4,1_4,1_4,1_4&#8243; _builder_version=\u00bb3.25&#8243;][et_pb_column type=\u00bb1_4&#8243; _builder_version=\u00bb3.25&#8243; custom_padding=\u00bb|||\u00bb custom_padding__hover=\u00bb|||\u00bb][et_pb_blurb title=\u00bbvol 1&#8243; url=\u00bb\/jovenesymemoria\/colecciones\/vol-1\/\u00bb image=\u00bbhttps:\/\/www.comisionporlamemoria.org\/jovenesymemoria\/wp-content\/uploads\/sites\/21\/2019\/02\/1-3.jpg\u00bb _builder_version=\u00bb3.19.15&#8243; header_level=\u00bbh3&#8243; header_font=\u00bb||||||||\u00bb header_text_align=\u00bbcenter\u00bb custom_padding=\u00bb||15px\u00bb border_width_top=\u00bb3px\u00bb border_color_top=\u00bb#f4982e\u00bb box_shadow_style=\u00bbpreset1&#8243; box_shadow_color=\u00bbrgba(45,178,198,0.5)\u00bb][\/et_pb_blurb][et_pb_blurb title=\u00bbvol 5&#8243; url=\u00bb\/jovenesymemoria\/colecciones\/vol-5\/\u00bb image=\u00bbhttps:\/\/www.comisionporlamemoria.org\/jovenesymemoria\/wp-content\/uploads\/sites\/21\/2019\/02\/5-1.jpg\u00bb _builder_version=\u00bb3.19.15&#8243; header_level=\u00bbh3&#8243; header_font=\u00bb||||||||\u00bb header_text_align=\u00bbcenter\u00bb custom_padding=\u00bb||15px\u00bb border_width_top=\u00bb3px\u00bb border_color_top=\u00bb#f4982e\u00bb box_shadow_style=\u00bbpreset1&#8243; box_shadow_color=\u00bbrgba(45,178,198,0.5)\u00bb][\/et_pb_blurb][et_pb_blurb title=\u00bbvol 9&#8243; url=\u00bb\/jovenesymemoria\/colecciones\/vol-9\/\u00bb image=\u00bbhttps:\/\/www.comisionporlamemoria.org\/jovenesymemoria\/wp-content\/uploads\/sites\/21\/2019\/02\/9-1.jpg\u00bb _builder_version=\u00bb3.19.15&#8243; header_level=\u00bbh3&#8243; header_font=\u00bb||||||||\u00bb header_text_align=\u00bbcenter\u00bb custom_padding=\u00bb||15px\u00bb border_width_top=\u00bb3px\u00bb border_color_top=\u00bb#f4982e\u00bb box_shadow_style=\u00bbpreset1&#8243; box_shadow_color=\u00bbrgba(45,178,198,0.5)\u00bb][\/et_pb_blurb][et_pb_blurb title=\u00bbvol 13&#8243; url=\u00bbhttps:\/\/www.comisionporlamemoria.org\/archivos\/jovenesymemoria\/volumen13\/\u00bb image=\u00bbhttps:\/\/www.comisionporlamemoria.org\/jovenesymemoria\/wp-content\/uploads\/sites\/21\/2019\/02\/13.jpg\u00bb _builder_version=\u00bb3.19.15&#8243; header_level=\u00bbh3&#8243; header_font=\u00bb||||||||\u00bb header_text_align=\u00bbcenter\u00bb custom_padding=\u00bb||15px\u00bb border_width_top=\u00bb3px\u00bb border_color_top=\u00bb#f4982e\u00bb box_shadow_style=\u00bbpreset1&#8243; box_shadow_color=\u00bbrgba(45,178,198,0.5)\u00bb][\/et_pb_blurb][\/et_pb_column][et_pb_column type=\u00bb1_4&#8243; _builder_version=\u00bb3.25&#8243; custom_padding=\u00bb|||\u00bb custom_padding__hover=\u00bb|||\u00bb][et_pb_blurb title=\u00bbvol 2 \u00bb url=\u00bb\/jovenesymemoria\/colecciones\/vol-2\/\u00bb image=\u00bbhttps:\/\/www.comisionporlamemoria.org\/jovenesymemoria\/wp-content\/uploads\/sites\/21\/2019\/02\/2-4.jpg\u00bb _builder_version=\u00bb3.19.15&#8243; header_level=\u00bbh3&#8243; header_font=\u00bb||||||||\u00bb header_text_align=\u00bbcenter\u00bb custom_padding=\u00bb||15px\u00bb border_width_top=\u00bb3px\u00bb border_color_top=\u00bb#f4982e\u00bb box_shadow_style=\u00bbpreset1&#8243; box_shadow_color=\u00bbrgba(45,178,198,0.5)\u00bb][\/et_pb_blurb][et_pb_blurb title=\u00bbvol 6&#8243; url=\u00bb\/jovenesymemoria\/colecciones\/vol-6\/\u00bb image=\u00bbhttps:\/\/www.comisionporlamemoria.org\/jovenesymemoria\/wp-content\/uploads\/sites\/21\/2019\/02\/6-1.jpg\u00bb _builder_version=\u00bb3.19.15&#8243; header_level=\u00bbh3&#8243; header_font=\u00bb||||||||\u00bb header_text_align=\u00bbcenter\u00bb custom_padding=\u00bb||15px\u00bb border_width_top=\u00bb3px\u00bb border_color_top=\u00bb#f4982e\u00bb box_shadow_style=\u00bbpreset1&#8243; box_shadow_color=\u00bbrgba(45,178,198,0.5)\u00bb][\/et_pb_blurb][et_pb_blurb title=\u00bbvol 10&#8243; url=\u00bb\/jovenesymemoria\/colecciones\/vol-10\/\u00bb image=\u00bbhttps:\/\/www.comisionporlamemoria.org\/jovenesymemoria\/wp-content\/uploads\/sites\/21\/2019\/02\/10-1.jpg\u00bb _builder_version=\u00bb3.19.15&#8243; header_level=\u00bbh3&#8243; header_font=\u00bb||||||||\u00bb header_text_align=\u00bbcenter\u00bb custom_padding=\u00bb||15px\u00bb border_width_top=\u00bb3px\u00bb border_color_top=\u00bb#f4982e\u00bb box_shadow_style=\u00bbpreset1&#8243; box_shadow_color=\u00bbrgba(45,178,198,0.5)\u00bb][\/et_pb_blurb][et_pb_blurb title=\u00bbvol 14&#8243; url=\u00bbhttps:\/\/www.comisionporlamemoria.org\/jovenesymemoria\/colecciones\/vol-14\/\u00bb image=\u00bbhttps:\/\/www.comisionporlamemoria.org\/jovenesymemoria\/wp-content\/uploads\/sites\/21\/2019\/02\/14.jpg\u00bb _builder_version=\u00bb3.19.15&#8243; header_level=\u00bbh3&#8243; header_font=\u00bb||||||||\u00bb header_text_align=\u00bbcenter\u00bb custom_padding=\u00bb||15px\u00bb border_width_top=\u00bb3px\u00bb border_color_top=\u00bb#f4982e\u00bb box_shadow_style=\u00bbpreset1&#8243; box_shadow_color=\u00bbrgba(45,178,198,0.5)\u00bb][\/et_pb_blurb][\/et_pb_column][et_pb_column type=\u00bb1_4&#8243; _builder_version=\u00bb3.25&#8243; custom_padding=\u00bb|||\u00bb custom_padding__hover=\u00bb|||\u00bb][et_pb_blurb title=\u00bbvol 3&#8243; url=\u00bb\/jovenesymemoria\/colecciones\/vol-3\/\u00bb image=\u00bbhttps:\/\/www.comisionporlamemoria.org\/jovenesymemoria\/wp-content\/uploads\/sites\/21\/2019\/02\/3-2.jpg\u00bb _builder_version=\u00bb3.19.15&#8243; header_level=\u00bbh3&#8243; header_font=\u00bb||||||||\u00bb header_text_align=\u00bbcenter\u00bb custom_padding=\u00bb||15px\u00bb border_width_top=\u00bb3px\u00bb border_color_top=\u00bb#f4982e\u00bb box_shadow_style=\u00bbpreset1&#8243; box_shadow_color=\u00bbrgba(45,178,198,0.5)\u00bb][\/et_pb_blurb][et_pb_blurb title=\u00bbvol 7&#8243; url=\u00bb\/jovenesymemoria\/colecciones\/vol-7\/\u00bb image=\u00bbhttps:\/\/www.comisionporlamemoria.org\/jovenesymemoria\/wp-content\/uploads\/sites\/21\/2019\/02\/7-1.jpg\u00bb _builder_version=\u00bb3.19.15&#8243; header_level=\u00bbh3&#8243; header_font=\u00bb||||||||\u00bb header_text_align=\u00bbcenter\u00bb custom_padding=\u00bb||15px\u00bb border_width_top=\u00bb3px\u00bb border_color_top=\u00bb#f4982e\u00bb box_shadow_style=\u00bbpreset1&#8243; box_shadow_color=\u00bbrgba(45,178,198,0.5)\u00bb][\/et_pb_blurb][et_pb_blurb title=\u00bbvol 11&#8243; url=\u00bb\/jovenesymemoria\/colecciones\/vol-11\/\u00bb image=\u00bbhttps:\/\/www.comisionporlamemoria.org\/jovenesymemoria\/wp-content\/uploads\/sites\/21\/2019\/02\/11-1.jpg\u00bb _builder_version=\u00bb3.19.15&#8243; header_level=\u00bbh3&#8243; header_font=\u00bb||||||||\u00bb header_text_align=\u00bbcenter\u00bb custom_padding=\u00bb||15px\u00bb border_width_top=\u00bb3px\u00bb border_color_top=\u00bb#f4982e\u00bb box_shadow_style=\u00bbpreset1&#8243; box_shadow_color=\u00bbrgba(45,178,198,0.5)\u00bb][\/et_pb_blurb][et_pb_blurb title=\u00bbvol 15&#8243; url=\u00bbhttps:\/\/www.comisionporlamemoria.org\/jovenesymemoria\/colecciones\/vol-15\/\u00bb image=\u00bbhttps:\/\/www.comisionporlamemoria.org\/jovenesymemoria\/wp-content\/uploads\/sites\/21\/2019\/03\/btn-vol15.jpg\u00bb _builder_version=\u00bb3.19.15&#8243; header_level=\u00bbh3&#8243; header_font=\u00bb||||||||\u00bb header_text_align=\u00bbcenter\u00bb custom_padding=\u00bb||15px\u00bb border_width_top=\u00bb3px\u00bb border_color_top=\u00bb#f4982e\u00bb box_shadow_style=\u00bbpreset1&#8243; box_shadow_color=\u00bbrgba(45,178,198,0.5)\u00bb][\/et_pb_blurb][\/et_pb_column][et_pb_column type=\u00bb1_4&#8243; _builder_version=\u00bb3.25&#8243; custom_padding=\u00bb|||\u00bb custom_padding__hover=\u00bb|||\u00bb][et_pb_blurb title=\u00bbvol 4&#8243; url=\u00bb\/jovenesymemoria\/colecciones\/vol-4\/\u00bb image=\u00bbhttps:\/\/www.comisionporlamemoria.org\/jovenesymemoria\/wp-content\/uploads\/sites\/21\/2019\/02\/4-2.jpg\u00bb _builder_version=\u00bb3.19.15&#8243; header_level=\u00bbh3&#8243; header_font=\u00bb||||||||\u00bb header_text_align=\u00bbcenter\u00bb custom_padding=\u00bb||15px\u00bb border_width_top=\u00bb3px\u00bb border_color_top=\u00bb#f4982e\u00bb box_shadow_style=\u00bbpreset1&#8243; box_shadow_color=\u00bbrgba(45,178,198,0.5)\u00bb][\/et_pb_blurb][et_pb_blurb title=\u00bbvol 8&#8243; url=\u00bb\/jovenesymemoria\/colecciones\/vol-8\/\u00bb image=\u00bbhttps:\/\/www.comisionporlamemoria.org\/jovenesymemoria\/wp-content\/uploads\/sites\/21\/2019\/02\/8-1.jpg\u00bb _builder_version=\u00bb3.19.15&#8243; header_level=\u00bbh3&#8243; header_font=\u00bb||||||||\u00bb header_text_align=\u00bbcenter\u00bb custom_padding=\u00bb||15px\u00bb border_width_top=\u00bb3px\u00bb border_color_top=\u00bb#f4982e\u00bb box_shadow_style=\u00bbpreset1&#8243; box_shadow_color=\u00bbrgba(45,178,198,0.5)\u00bb][\/et_pb_blurb][et_pb_blurb title=\u00bbvol 12&#8243; url=\u00bbhttps:\/\/www.comisionporlamemoria.org\/archivos\/jovenesymemoria\/volumen12\/\u00bb image=\u00bbhttps:\/\/www.comisionporlamemoria.org\/jovenesymemoria\/wp-content\/uploads\/sites\/21\/2019\/02\/12.jpg\u00bb _builder_version=\u00bb3.19.15&#8243; header_level=\u00bbh3&#8243; header_font=\u00bb||||||||\u00bb header_text_align=\u00bbcenter\u00bb custom_padding=\u00bb||15px\u00bb border_width_top=\u00bb3px\u00bb border_color_top=\u00bb#f4982e\u00bb box_shadow_style=\u00bbpreset1&#8243; box_shadow_color=\u00bbrgba(45,178,198,0.5)\u00bb][\/et_pb_blurb][\/et_pb_column][\/et_pb_row][\/et_pb_section]<\/p>\n","protected":false},"excerpt":{"rendered":"<p>HACIA UNA PEDAGOG\u00cdA DE LA MEMORIA Pasado reciente | Modelos para armar &nbsp; Desde 2002 j\u00f3venes de escuelas secundarias y organizaciones sociales, pol\u00edticas y culturales de la provincia de Buenos Aires realizaron m\u00e1s de 6000 producciones audiovisuales sobre memoria y derechos humanos en el marco del programa J\u00f3venes y Memoria de la Comisi\u00f3n provincial por [&hellip;]<\/p>\n","protected":false},"author":52,"featured_media":0,"parent":0,"menu_order":0,"comment_status":"closed","ping_status":"closed","template":"","meta":{"_et_pb_use_builder":"on","_et_pb_old_content":"","_et_gb_content_width":"","footnotes":""},"class_list":["post-32140","page","type-page","status-publish","hentry"],"jetpack_sharing_enabled":true,"jetpack_shortlink":"https:\/\/wp.me\/P8ryIF-8mo","jetpack-related-posts":[],"_links":{"self":[{"href":"https:\/\/www.comisionporlamemoria.org\/jovenesymemoria\/wp-json\/wp\/v2\/pages\/32140","targetHints":{"allow":["GET"]}}],"collection":[{"href":"https:\/\/www.comisionporlamemoria.org\/jovenesymemoria\/wp-json\/wp\/v2\/pages"}],"about":[{"href":"https:\/\/www.comisionporlamemoria.org\/jovenesymemoria\/wp-json\/wp\/v2\/types\/page"}],"author":[{"embeddable":true,"href":"https:\/\/www.comisionporlamemoria.org\/jovenesymemoria\/wp-json\/wp\/v2\/users\/52"}],"replies":[{"embeddable":true,"href":"https:\/\/www.comisionporlamemoria.org\/jovenesymemoria\/wp-json\/wp\/v2\/comments?post=32140"}],"version-history":[{"count":0,"href":"https:\/\/www.comisionporlamemoria.org\/jovenesymemoria\/wp-json\/wp\/v2\/pages\/32140\/revisions"}],"wp:attachment":[{"href":"https:\/\/www.comisionporlamemoria.org\/jovenesymemoria\/wp-json\/wp\/v2\/media?parent=32140"}],"curies":[{"name":"wp","href":"https:\/\/api.w.org\/{rel}","templated":true}]}}