{"id":44151,"date":"2020-02-19T16:54:27","date_gmt":"2020-02-19T16:54:27","guid":{"rendered":"http:\/\/www.comisionporlamemoria.org\/jovenesymemoria\/?page_id=44151"},"modified":"2020-04-23T17:22:24","modified_gmt":"2020-04-23T17:22:24","slug":"voluntariado-docente","status":"publish","type":"page","link":"https:\/\/www.comisionporlamemoria.org\/jovenesymemoria\/voluntariado-docente\/","title":{"rendered":"Voluntariado docente"},"content":{"rendered":"<p>[et_pb_section bb_built=\u00bb1&#8243; _builder_version=\u00bb3.22&#8243; background_image=\u00bbhttps:\/\/www.comisionporlamemoria.org\/jym-nuevo\/wp-content\/uploads\/sites\/21\/2017\/02\/bg-cabeceras-1.jpg\u00bb custom_padding=\u00bb0px||0px|\u00bb next_background_color=\u00bb#ffffff\u00bb][et_pb_row _builder_version=\u00bb3.25&#8243; background_size=\u00bbinitial\u00bb background_position=\u00bbtop_left\u00bb background_repeat=\u00bbrepeat\u00bb custom_padding=\u00bb27px|0px|0px|0px\u00bb column_structure=\u00bb1_2,1_2&#8243;][et_pb_column type=\u00bb1_2&#8243; _builder_version=\u00bb3.25&#8243; custom_padding=\u00bb|||\u00bb custom_padding__hover=\u00bb|||\u00bb][et_pb_post_title meta=\u00bboff\u00bb featured_image=\u00bboff\u00bb _builder_version=\u00bb3.0.74&#8243; title_font=\u00bb|on||on|\u00bb title_text_color=\u00bb#ff770e\u00bb title_font_size=\u00bb40&#8243; background_color=\u00bb#424242&#8243; custom_margin=\u00bb80px||10px|\u00bb custom_padding=\u00bb13px|10px||15px\u00bb module_bg_color=\u00bb#424242&#8243;]<\/p>\n<p><\/p>\n<p>[\/et_pb_post_title][\/et_pb_column][et_pb_column type=\u00bb1_2&#8243; _builder_version=\u00bb3.25&#8243; custom_padding=\u00bb|||\u00bb custom_padding__hover=\u00bb|||\u00bb][\/et_pb_column][\/et_pb_row][\/et_pb_section][et_pb_section bb_built=\u00bb1&#8243; _builder_version=\u00bb3.22&#8243; custom_padding=\u00bb40px|0px|0px|0px\u00bb prev_background_color=\u00bb#000000&#8243; next_background_color=\u00bb#000000&#8243;][et_pb_row _builder_version=\u00bb3.25&#8243; background_size=\u00bbinitial\u00bb background_position=\u00bbtop_left\u00bb background_repeat=\u00bbrepeat\u00bb custom_padding=\u00bb0px|0px|0px|0px\u00bb][et_pb_column type=\u00bb4_4&#8243; _builder_version=\u00bb3.25&#8243; custom_padding=\u00bb|||\u00bb custom_padding__hover=\u00bb|||\u00bb][et_pb_text _builder_version=\u00bb4.1&#8243; background_size=\u00bbinitial\u00bb background_position=\u00bbtop_left\u00bb background_repeat=\u00bbrepeat\u00bb text_orientation=\u00bbjustified\u00bb custom_margin=\u00bb0px|10%|0px|10%\u00bb custom_padding=\u00bb0px||0px|\u00bb hover_enabled=\u00bb0&#8243;]<\/p>\n<p>El voluntariado docente apunta a consolidar las redes y los recursos distritales que constituyeron los equipos de trabajo a lo largo del tiempo. La acumulaci\u00f3n de una experiencia del Programa de casi veinte a\u00f1os en la provincia ha fortalecido una pr\u00e1ctica pedag\u00f3gica in\u00e9dita y producido experiencias muy valiosas para los trabajos de memoria y derechos humanos. Muchas de \u00e9stas han sido impulsadas y\/o llevadas adelante por coordinadores participantes, como por ejemplo la Ley y puesta en marcha del Sitio Ex -Pozo de Quilmes; el Sitio de Memoria del Cementerio de General Lavalle, diversas jornadas de lucha contra la violencia institucional en coordinaci\u00f3n con la CPM, por citar algunas intervenciones.<\/p>\n<p>La posibilidad de coordinar, promover y potenciar esas voluntades en los territorios permitir\u00e1 fortalecer y potenciar las diferentes etapas del Programa, especialmente los encuentros de reflexi\u00f3n y debate entre los grupos. A su vez la iniciativa se propone materializar un anhelo que tanto docentes como coordinadores del programa han expresado.\u00a0<\/p>\n<p><strong>Objetivo: <\/strong>Conformar un espacio de formaci\u00f3n, reflexi\u00f3n y participaci\u00f3n en la experiencia del Programa Jovenes y Memoria. Multiplicar y fortalecer la experiencia de intervenci\u00f3n en DDHH.<\/p>\n<p><strong>Destinatarios<\/strong>: Docentes y coordinadores con m\u00e1s de 3 a\u00f1os de participaci\u00f3n en el programa J\u00f3venes y Memoria.<\/p>\n<p><strong>Inscripci\u00f3n: <\/strong>Podr\u00e1n inscribirse hasta el 31 de marzo a trav\u00e9s de un formulario que encontrar\u00e1n <a href=\"https:\/\/docs.google.com\/forms\/d\/1DB67ysyWdRbKa4qCkI-tPcrqpTnsOZZPAbsYS2P1IdM\/viewform?edit_requested=true\">AQUI<\/a><\/p>\n<p><strong>El voluntariado: <\/strong><\/p>\n<p>El Voluntariado docente se propone compartir, encontrarse con otres, debatir y aportar en la conformaci\u00f3n de un espacio\u00a0 interdisciplinario a partir de la experiencia de cada une de les participantes nutri\u00e9ndose \u00a0de las diversas trayectorias pedag\u00f3gicas como coordinadores de equipos de j\u00f3venes en el marco del programa.<\/p>\n<ul>\n<li>Este a\u00f1o el Voluntariado docente comenzar\u00e1 con la convocatoria a un Seminario intensivo de formaci\u00f3n y discusi\u00f3n en abril donde se trabajar\u00e1n los ejes:<\/li>\n<li>pensar las juventudes<\/li>\n<li>pensar la democracia<\/li>\n<li>pensar el estado<\/li>\n<li>En mayo se propondr\u00e1 un encuentro para dise\u00f1ar en conjunto con la CPM la puesta en marcha de los encuentros distritales y en particular los talleres que se desarrollaran en esas jornadas.<\/li>\n<\/ul>\n<p><strong>Formar parte del voluntariado implicar\u00e1: <\/strong><\/p>\n<ul>\n<li>Participar de los espacios de formaci\u00f3n, capacitaci\u00f3n e intercambio propuestos por la CPM.<\/li>\n<li>Construir lazos territoriales entre los grupos participantes del programa<\/li>\n<li>Poner en marcha la organizaci\u00f3n de los encuentros distritales<\/li>\n<li>Llevar adelante los talleres en los encuentros, tanto con les otres coordinadores como con j\u00f3venes.<\/li>\n<\/ul>\n<p>&nbsp;<\/p>\n<p>[\/et_pb_text][\/et_pb_column][\/et_pb_row][\/et_pb_section][et_pb_section bb_built=\u00bb1&#8243; _builder_version=\u00bb3.22&#8243; custom_padding=\u00bb40px||0px|\u00bb prev_background_color=\u00bb#000000&#8243;][et_pb_row _builder_version=\u00bb3.25&#8243; background_size=\u00bbinitial\u00bb background_position=\u00bbtop_left\u00bb background_repeat=\u00bbrepeat\u00bb custom_padding=\u00bb0px||0px|\u00bb][et_pb_column type=\u00bb4_4&#8243; _builder_version=\u00bb3.25&#8243; custom_padding=\u00bb|||\u00bb custom_padding__hover=\u00bb|||\u00bb][et_pb_image src=\u00bbhttps:\/\/www.comisionporlamemoria.org\/jym-nuevo\/wp-content\/uploads\/sites\/21\/2017\/02\/separador7.jpg\u00bb align_tablet=\u00bbcenter\u00bb align_last_edited=\u00bbon|desktop\u00bb _builder_version=\u00bb3.23&#8243; custom_margin=\u00bb0px||0px|\u00bb custom_css_main_element=\u00bbheight: 7px !important;\u00bb animation=\u00bboff\u00bb]<\/p>\n<p><\/p>\n<p>[\/et_pb_image][\/et_pb_column][\/et_pb_row][\/et_pb_section]<\/p>\n","protected":false},"excerpt":{"rendered":"<p>El voluntariado docente apunta a consolidar las redes y los recursos distritales que constituyeron los equipos de trabajo a lo largo del tiempo. La acumulaci\u00f3n de una experiencia del Programa de casi veinte a\u00f1os en la provincia ha fortalecido una pr\u00e1ctica pedag\u00f3gica in\u00e9dita y producido experiencias muy valiosas para los trabajos de memoria y derechos [&hellip;]<\/p>\n","protected":false},"author":52,"featured_media":0,"parent":0,"menu_order":0,"comment_status":"closed","ping_status":"closed","template":"","meta":{"_et_pb_use_builder":"on","_et_pb_old_content":"","_et_gb_content_width":"","footnotes":""},"class_list":["post-44151","page","type-page","status-publish","hentry"],"jetpack_sharing_enabled":true,"jetpack_shortlink":"https:\/\/wp.me\/P8ryIF-bu7","jetpack-related-posts":[],"_links":{"self":[{"href":"https:\/\/www.comisionporlamemoria.org\/jovenesymemoria\/wp-json\/wp\/v2\/pages\/44151","targetHints":{"allow":["GET"]}}],"collection":[{"href":"https:\/\/www.comisionporlamemoria.org\/jovenesymemoria\/wp-json\/wp\/v2\/pages"}],"about":[{"href":"https:\/\/www.comisionporlamemoria.org\/jovenesymemoria\/wp-json\/wp\/v2\/types\/page"}],"author":[{"embeddable":true,"href":"https:\/\/www.comisionporlamemoria.org\/jovenesymemoria\/wp-json\/wp\/v2\/users\/52"}],"replies":[{"embeddable":true,"href":"https:\/\/www.comisionporlamemoria.org\/jovenesymemoria\/wp-json\/wp\/v2\/comments?post=44151"}],"version-history":[{"count":0,"href":"https:\/\/www.comisionporlamemoria.org\/jovenesymemoria\/wp-json\/wp\/v2\/pages\/44151\/revisions"}],"wp:attachment":[{"href":"https:\/\/www.comisionporlamemoria.org\/jovenesymemoria\/wp-json\/wp\/v2\/media?parent=44151"}],"curies":[{"name":"wp","href":"https:\/\/api.w.org\/{rel}","templated":true}]}}