{"id":44892,"date":"2020-08-14T20:54:36","date_gmt":"2020-08-14T20:54:36","guid":{"rendered":"https:\/\/www.comisionporlamemoria.org\/jovenesymemoria\/?page_id=44892"},"modified":"2020-08-14T21:05:27","modified_gmt":"2020-08-14T21:05:27","slug":"recursos-y-materiales","status":"publish","type":"page","link":"https:\/\/www.comisionporlamemoria.org\/jovenesymemoria\/recursos-y-materiales\/","title":{"rendered":"Recursos y Materiales"},"content":{"rendered":"<p>[et_pb_section fb_built=\u00bb1&#8243; admin_label=\u00bbSecci\u00f3n\u00bb _builder_version=\u00bb3.22&#8243; background_image=\u00bbhttps:\/\/www.comisionporlamemoria.org\/jym-nuevo\/wp-content\/uploads\/sites\/21\/2017\/02\/bg-cabeceras-1.jpg\u00bb custom_padding=\u00bb0px||0px|\u00bb transparent_background=\u00bboff\u00bb][et_pb_row column_structure=\u00bb2_5,3_5&#8243; admin_label=\u00bbFila\u00bb _builder_version=\u00bb4.4.9&#8243; background_size=\u00bbinitial\u00bb background_position=\u00bbtop_left\u00bb background_repeat=\u00bbrepeat\u00bb custom_padding=\u00bb27px|0px|0px|0px||\u00bb][et_pb_column type=\u00bb2_5&#8243; _builder_version=\u00bb3.25&#8243; custom_padding=\u00bb|||\u00bb custom_padding__hover=\u00bb|||\u00bb][et_pb_text _builder_version=\u00bb4.4.9&#8243; background_color=\u00bb#424242&#8243; width=\u00bb100%\u00bb custom_margin=\u00bb||25px||false|false\u00bb custom_padding=\u00bb25px|25px|16px|25px|false|false\u00bb]<\/p>\n<h1><span style=\"color: #e09900\">RECURSOS Y MATERIALES<\/span><\/h1>\n<p>[\/et_pb_text][\/et_pb_column][et_pb_column type=\u00bb3_5&#8243; _builder_version=\u00bb3.25&#8243; custom_padding=\u00bb|||\u00bb custom_padding__hover=\u00bb|||\u00bb][\/et_pb_column][\/et_pb_row][\/et_pb_section][et_pb_section fb_built=\u00bb1&#8243; _builder_version=\u00bb4.4.9&#8243; custom_margin=\u00bb||-17px|||\u00bb custom_padding=\u00bb0px||2px|||\u00bb][et_pb_row _builder_version=\u00bb4.4.9&#8243;][et_pb_column type=\u00bb4_4&#8243; _builder_version=\u00bb4.4.9&#8243;][et_pb_text _builder_version=\u00bb4.4.9&#8243; text_font_size=\u00bb16px\u00bb text_orientation=\u00bbjustified\u00bb custom_margin=\u00bb5px|5px|5px|5px|false|false\u00bb custom_padding=\u00bb34px|25px|34px|25px|false|false\u00bb]A continuaci\u00f3n podr\u00e1n encontrar una serie de recursos y herramientas para pensar y debatir con otres. Los mismos est\u00e1n ordenados tem\u00e1ticamente y podr\u00e1n encontrar diferentes materiales (afiches, revistas, documentales, podcast, art\u00edculos, entre otros) para trabajar sus investigaciones[\/et_pb_text][\/et_pb_column][\/et_pb_row][\/et_pb_section][et_pb_section fb_built=\u00bb1&#8243; _builder_version=\u00bb4.4.9&#8243; min_height=\u00bb268px\u00bb custom_margin=\u00bb0px|||||\u00bb custom_padding=\u00bb3px||0px|||\u00bb][et_pb_row _builder_version=\u00bb4.4.9&#8243; min_height=\u00bb225px\u00bb][et_pb_column type=\u00bb4_4&#8243; _builder_version=\u00bb4.4.9&#8243;][et_pb_portfolio fullwidth=\u00bboff\u00bb posts_number=\u00bb15&#8243; include_categories=\u00bb16&#8243; show_categories=\u00bboff\u00bb show_pagination=\u00bboff\u00bb _builder_version=\u00bb4.4.9&#8243; title_font=\u00bb||||||||\u00bb title_text_align=\u00bbleft\u00bb title_text_color=\u00bb#0da2d8&#8243; title_font_size=\u00bb16px\u00bb caption_text_align=\u00bbleft\u00bb custom_padding=\u00bb|30px||30px|false|false\u00bb hover_enabled=\u00bb0&#8243; border_width_all_image=\u00bb5px\u00bb border_color_all_image=\u00bb#eeeeee\u00bb][\/et_pb_portfolio][\/et_pb_column][\/et_pb_row][\/et_pb_section][et_pb_section fb_built=\u00bb1&#8243; fullwidth=\u00bbon\u00bb admin_label=\u00bbSecci\u00f3n\u00bb _builder_version=\u00bb4.4.9&#8243; module_alignment=\u00bbcenter\u00bb custom_margin=\u00bb||||false|false\u00bb custom_padding=\u00bb0px|200px|0px|200px|false|true\u00bb transparent_background=\u00bboff\u00bb make_fullwidth=\u00bboff\u00bb use_custom_width=\u00bboff\u00bb width_unit=\u00bbon\u00bb][et_pb_fullwidth_image src=\u00bbhttps:\/\/www.comisionporlamemoria.org\/jovenesymemoria\/wp-content\/uploads\/sites\/21\/2017\/02\/separador7.jpg\u00bb title_text=\u00bbseparador7&#8243; _builder_version=\u00bb4.4.9&#8243;][\/et_pb_fullwidth_image][\/et_pb_section]<\/p>\n","protected":false},"excerpt":{"rendered":"<p>RECURSOS Y MATERIALESA continuaci\u00f3n podr\u00e1n encontrar una serie de recursos y herramientas para pensar y debatir con otres. Los mismos est\u00e1n ordenados tem\u00e1ticamente y podr\u00e1n encontrar diferentes materiales (afiches, revistas, documentales, podcast, art\u00edculos, entre otros) para trabajar sus investigaciones<\/p>\n","protected":false},"author":40,"featured_media":0,"parent":0,"menu_order":0,"comment_status":"closed","ping_status":"closed","template":"","meta":{"_et_pb_use_builder":"on","_et_pb_old_content":"","_et_gb_content_width":"","jetpack_post_was_ever_published":false,"footnotes":""},"class_list":["post-44892","page","type-page","status-publish","hentry"],"jetpack_sharing_enabled":true,"jetpack_shortlink":"https:\/\/wp.me\/P8ryIF-bG4","jetpack-related-posts":[],"_links":{"self":[{"href":"https:\/\/www.comisionporlamemoria.org\/jovenesymemoria\/wp-json\/wp\/v2\/pages\/44892","targetHints":{"allow":["GET"]}}],"collection":[{"href":"https:\/\/www.comisionporlamemoria.org\/jovenesymemoria\/wp-json\/wp\/v2\/pages"}],"about":[{"href":"https:\/\/www.comisionporlamemoria.org\/jovenesymemoria\/wp-json\/wp\/v2\/types\/page"}],"author":[{"embeddable":true,"href":"https:\/\/www.comisionporlamemoria.org\/jovenesymemoria\/wp-json\/wp\/v2\/users\/40"}],"replies":[{"embeddable":true,"href":"https:\/\/www.comisionporlamemoria.org\/jovenesymemoria\/wp-json\/wp\/v2\/comments?post=44892"}],"version-history":[{"count":0,"href":"https:\/\/www.comisionporlamemoria.org\/jovenesymemoria\/wp-json\/wp\/v2\/pages\/44892\/revisions"}],"wp:attachment":[{"href":"https:\/\/www.comisionporlamemoria.org\/jovenesymemoria\/wp-json\/wp\/v2\/media?parent=44892"}],"curies":[{"name":"wp","href":"https:\/\/api.w.org\/{rel}","templated":true}]}}