{"id":4203,"date":"2017-02-15T20:08:06","date_gmt":"2017-02-15T20:08:06","guid":{"rendered":"http:\/\/www.comisionporlamemoria.org\/justiciayseguridad\/?page_id=4203"},"modified":"2024-07-18T17:11:00","modified_gmt":"2024-07-18T17:11:00","slug":"seguridad-democratica-el-programa","status":"publish","type":"page","link":"https:\/\/www.comisionporlamemoria.org\/justiciayseguridad\/seguridad-democratica-el-programa\/","title":{"rendered":"El programa"},"content":{"rendered":"<p>[et_pb_section fb_built=\u00bb1&#8243; _builder_version=\u00bb4.16&#8243; background_image=\u00bbhttps:\/\/www.comisionporlamemoria.org\/justiciayseguridad\/wp-content\/uploads\/sites\/11\/2017\/05\/bg-cabeceras.jpg\u00bb custom_padding=\u00bb0px||0px|\u00bb global_colors_info=\u00bb{}\u00bb][et_pb_row column_structure=\u00bb2_3,1_3&#8243; _builder_version=\u00bb4.16&#8243; background_size=\u00bbinitial\u00bb background_position=\u00bbtop_left\u00bb background_repeat=\u00bbrepeat\u00bb custom_padding=\u00bb27px|0px|0px|0px\u00bb global_colors_info=\u00bb{}\u00bb][et_pb_column type=\u00bb2_3&#8243; _builder_version=\u00bb4.16&#8243; custom_padding=\u00bb|||\u00bb global_colors_info=\u00bb{}\u00bb custom_padding__hover=\u00bb|||\u00bb][et_pb_post_title meta=\u00bboff\u00bb featured_image=\u00bboff\u00bb _builder_version=\u00bb4.16&#8243; title_font=\u00bb|on||on|\u00bb title_text_color=\u00bb#ffffff\u00bb title_font_size=\u00bb40&#8243; background_color=\u00bb#424242&#8243; custom_margin=\u00bb80px||10px|\u00bb custom_padding=\u00bb13px|10px||15px\u00bb module_bg_color=\u00bb#424242&#8243; global_colors_info=\u00bb{}\u00bb]<br \/>\n[\/et_pb_post_title][\/et_pb_column][et_pb_column type=\u00bb1_3&#8243; _builder_version=\u00bb4.16&#8243; custom_padding=\u00bb|||\u00bb global_colors_info=\u00bb{}\u00bb custom_padding__hover=\u00bb|||\u00bb][\/et_pb_column][\/et_pb_row][\/et_pb_section][et_pb_section fb_built=\u00bb1&#8243; _builder_version=\u00bb4.16&#8243; custom_padding=\u00bb40px|0px|0px|0px\u00bb global_colors_info=\u00bb{}\u00bb][et_pb_row _builder_version=\u00bb4.16&#8243; background_size=\u00bbinitial\u00bb background_position=\u00bbtop_left\u00bb background_repeat=\u00bbrepeat\u00bb custom_padding=\u00bb0px|0px|0px|0px\u00bb global_colors_info=\u00bb{}\u00bb][et_pb_column type=\u00bb4_4&#8243; _builder_version=\u00bb4.16&#8243; custom_padding=\u00bb|||\u00bb global_colors_info=\u00bb{}\u00bb custom_padding__hover=\u00bb|||\u00bb][et_pb_text _builder_version=\u00bb4.16&#8243; background_size=\u00bbinitial\u00bb background_position=\u00bbtop_left\u00bb background_repeat=\u00bbrepeat\u00bb text_orientation=\u00bbjustified\u00bb custom_margin=\u00bb0px|10%|0px|10%\u00bb custom_padding=\u00bb0px||0px|\u00bb global_colors_info=\u00bb{}\u00bb]<\/p>\n<p><span style=\"color: #666699\"><strong>Desde el a\u00f1o <span style=\"color: #666699\">2009,<\/span> la CPM promueve una l\u00ednea de trabajo en clave de seguridad democr\u00e1tica:<\/strong><\/span> interviene en materia de seguridad p\u00fablica y justicia con una perspectiva en derechos humanos que disputa con las pol\u00edticas que proponen combatir el delito y las violencias con aumentos de penas, limitaci\u00f3n de las excarcelaciones, saturaci\u00f3n policial del territorio y l\u00edmites a los derechos y garant\u00edas constitucionales.<\/p>\n<p>Seguridad democr\u00e1tica significa cuestionar los postulados que orientan la intervenci\u00f3n estatal hacia la acci\u00f3n represiva y el empoderamiento de las agencias policiales, e impulsar reformas democr\u00e1ticas en el sistema judicial y de seguridad conjugando el respeto irrestricto por los derechos humanos con iniciativas eficaces para abordar el fen\u00f3meno delictivo.<\/p>\n<p>Estas propuestas se sustentan en di\u00e1logo con diferentes fuerzas pol\u00edticas, organizaciones sociales y expertos en la materia, y surgen a partir de insumos estad\u00edsticos y diagn\u00f3sticos realizados en funci\u00f3n de los an\u00e1lisis y experiencias de los diferentes actores. La importancia de generar estos insumos radica en que la producci\u00f3n de informaci\u00f3n oficial sobre delito y violencia en la provincia de Buenos Aires es una debilidad institucional (y estructural) que impide evaluar el impacto de las distintas pol\u00edticas, analizar la relaci\u00f3n entre la violencia y otras variables y tomar decisiones basadas en diagn\u00f3sticos certeros.<\/p>\n<p>Por eso, en 2011 se cre\u00f3 el <a href=\"http:\/\/observaseguridad.fahce.unlp.edu.ar\/\">Observatorio de pol\u00edticas de seguridad de la provincia de Buenos Aires<\/a> junto a la <a href=\"http:\/\/www.fahce.unlp.edu.ar\/\">Facultad de Humanidades y Ciencias de la Educaci\u00f3n<\/a> y la <a href=\"https:\/\/www.perio.unlp.edu.ar\/\">Facultad de Periodismo y Comunicaci\u00f3n Social<\/a> de la UNLP, para aportar argumentos y propuestas desde la investigaci\u00f3n y la discusi\u00f3n p\u00fablica.<\/p>\n<p>Adem\u00e1s desde el programa la CPM recibe, registra e interviene en casos de violencia policial asistiendo a v\u00edctimas y familiares.<\/p>\n<p>[\/et_pb_text][\/et_pb_column][\/et_pb_row][\/et_pb_section][et_pb_section fb_built=\u00bb1&#8243; _builder_version=\u00bb4.16&#8243; custom_padding=\u00bb33px||0px|\u00bb global_colors_info=\u00bb{}\u00bb][et_pb_row _builder_version=\u00bb4.16&#8243; background_size=\u00bbinitial\u00bb background_position=\u00bbtop_left\u00bb background_repeat=\u00bbrepeat\u00bb custom_padding=\u00bb0px||0px|\u00bb global_colors_info=\u00bb{}\u00bb][et_pb_column type=\u00bb4_4&#8243; _builder_version=\u00bb4.16&#8243; custom_padding=\u00bb|||\u00bb global_colors_info=\u00bb{}\u00bb custom_padding__hover=\u00bb|||\u00bb][et_pb_image src=\u00bbhttps:\/\/www.comisionporlamemoria.org\/justiciayseguridad\/wp-content\/uploads\/sites\/11\/2017\/02\/SEPARADOR2.jpg\u00bb align_tablet=\u00bbcenter\u00bb align_phone=\u00bb\u00bb align_last_edited=\u00bbon|desktop\u00bb _builder_version=\u00bb4.16&#8243; custom_margin=\u00bb0px||0px|\u00bb custom_css_main_element=\u00bbheight: 15px !important;\u00bb animation=\u00bboff\u00bb global_colors_info=\u00bb{}\u00bb]<br \/>\n[\/et_pb_image][\/et_pb_column][\/et_pb_row][\/et_pb_section]<\/p>\n","protected":false},"excerpt":{"rendered":"<p>Desde el a\u00f1o 2009, la CPM promueve una l\u00ednea de trabajo en clave de seguridad democr\u00e1tica: interviene en materia de seguridad p\u00fablica y justicia con una perspectiva en derechos humanos que disputa con las pol\u00edticas que proponen combatir el delito y las violencias con aumentos de penas, limitaci\u00f3n de las excarcelaciones, saturaci\u00f3n policial del territorio [&hellip;]<\/p>\n","protected":false},"author":8,"featured_media":0,"parent":0,"menu_order":0,"comment_status":"closed","ping_status":"closed","template":"","meta":{"_et_pb_use_builder":"on","_et_pb_old_content":"","_et_gb_content_width":"","footnotes":""},"class_list":["post-4203","page","type-page","status-publish","hentry"],"jetpack_sharing_enabled":true,"_links":{"self":[{"href":"https:\/\/www.comisionporlamemoria.org\/justiciayseguridad\/wp-json\/wp\/v2\/pages\/4203","targetHints":{"allow":["GET"]}}],"collection":[{"href":"https:\/\/www.comisionporlamemoria.org\/justiciayseguridad\/wp-json\/wp\/v2\/pages"}],"about":[{"href":"https:\/\/www.comisionporlamemoria.org\/justiciayseguridad\/wp-json\/wp\/v2\/types\/page"}],"author":[{"embeddable":true,"href":"https:\/\/www.comisionporlamemoria.org\/justiciayseguridad\/wp-json\/wp\/v2\/users\/8"}],"replies":[{"embeddable":true,"href":"https:\/\/www.comisionporlamemoria.org\/justiciayseguridad\/wp-json\/wp\/v2\/comments?post=4203"}],"version-history":[{"count":0,"href":"https:\/\/www.comisionporlamemoria.org\/justiciayseguridad\/wp-json\/wp\/v2\/pages\/4203\/revisions"}],"wp:attachment":[{"href":"https:\/\/www.comisionporlamemoria.org\/justiciayseguridad\/wp-json\/wp\/v2\/media?parent=4203"}],"curies":[{"name":"wp","href":"https:\/\/api.w.org\/{rel}","templated":true}]}}