{"id":4207,"date":"2017-02-15T20:09:02","date_gmt":"2017-02-15T20:09:02","guid":{"rendered":"http:\/\/www.comisionporlamemoria.org\/justiciayseguridad\/?page_id=4207"},"modified":"2018-04-06T13:31:00","modified_gmt":"2018-04-06T13:31:00","slug":"seguridad-democratica-intervenciones","status":"publish","type":"page","link":"https:\/\/www.comisionporlamemoria.org\/justiciayseguridad\/seguridad-democratica-intervenciones\/","title":{"rendered":"Intervenciones"},"content":{"rendered":"<p>[et_pb_section fb_built=\u00bb1&#8243; admin_label=\u00bbSecci\u00f3n\u00bb _builder_version=\u00bb3.0.47&#8243; background_image=\u00bbhttps:\/\/www.comisionporlamemoria.org\/justiciayseguridad\/wp-content\/uploads\/sites\/11\/2017\/05\/bg-cabeceras.jpg\u00bb custom_padding=\u00bb0px||0px|\u00bb][et_pb_row custom_padding=\u00bb27px|0px|0px|0px\u00bb admin_label=\u00bbFila\u00bb _builder_version=\u00bb3.0.47&#8243; background_size=\u00bbinitial\u00bb background_position=\u00bbtop_left\u00bb background_repeat=\u00bbrepeat\u00bb][et_pb_column type=\u00bb4_4&#8243; _builder_version=\u00bb3.0.47&#8243; parallax=\u00bboff\u00bb parallax_method=\u00bbon\u00bb][et_pb_post_title meta=\u00bboff\u00bb featured_image=\u00bboff\u00bb admin_label=\u00bbT\u00edtulo de publicaci\u00f3n\u00bb _builder_version=\u00bb3.0.47&#8243; title_font=\u00bb|on||on|\u00bb title_font_size=\u00bb40&#8243; title_text_color=\u00bb#ffffff\u00bb background_color=\u00bb#424242&#8243; custom_margin=\u00bb80px||10px|\u00bb custom_padding=\u00bb13px|10px||15px\u00bb module_bg_color=\u00bb#424242&#8243;][\/et_pb_post_title][\/et_pb_column][\/et_pb_row][\/et_pb_section][et_pb_section fb_built=\u00bb1&#8243; admin_label=\u00bbSecci\u00f3n\u00bb _builder_version=\u00bb3.0.47&#8243; custom_padding=\u00bb40px|0px|0px|0px\u00bb][et_pb_row custom_padding=\u00bb0px|0px|0px|0px\u00bb parallax_method_1=\u00bboff\u00bb admin_label=\u00bbFila\u00bb _builder_version=\u00bb3.0.47&#8243; background_size=\u00bbinitial\u00bb background_position=\u00bbtop_left\u00bb background_repeat=\u00bbrepeat\u00bb][et_pb_column type=\u00bb4_4&#8243; _builder_version=\u00bb3.0.47&#8243; parallax=\u00bboff\u00bb parallax_method=\u00bboff\u00bb][et_pb_text admin_label=\u00bbTexto\u00bb _builder_version=\u00bb3.0.71&#8243; text_line_height=\u00bb1.8em\u00bb background_size=\u00bbinitial\u00bb background_position=\u00bbtop_left\u00bb background_repeat=\u00bbrepeat\u00bb text_orientation=\u00bbjustified\u00bb custom_margin=\u00bb0px|10%|0px|10%\u00bb custom_padding=\u00bb0px||0px|\u00bb]<\/p>\n<h3><span style=\"color: #666699;\"><strong>MONITOREO Y CONTROL DE LA VIOLENCIA INSTITUCIONAL EN EL TERRITORIO<\/strong><\/span><\/h3>\n<p>El programa realiza tareas de registro, intervenci\u00f3n y seguimiento de casos de violencia policial (hostigamiento, gatillo f\u00e1cil, torturas, detenciones arbitrarias o ilegales, regulaci\u00f3n policial de mercados ilegales, causas armadas o fraguadas, allanamientos irregulares o violentos y desalojos) en el territorio. Adem\u00e1s, se re\u00fane con referentes barriales, releva libros de comisar\u00edas, realiza presentaciones colectivas, participa en instancias de denuncia, capacitaci\u00f3n y difusi\u00f3n, entre otros.<\/p>\n<p>En <strong>2017<\/strong> se realizaron m\u00e1s de <strong>500 presentaciones judiciales<\/strong>\u00a0frente a casos de violencia institucional ante distintos organismos p\u00fablicos, entre lo que se encuentran la Auditor\u00eda General de Asuntos Internos, la Procuraci\u00f3n General de la Provincia de Buenos Aires, los Juzgados de Garant\u00edas, Tribunales Orales, C\u00e1maras de Apelaciones y Tribunal de Casaci\u00f3n, el Ministerio de Seguridad y\u00a0remisi\u00f3n o pedidos de informes a distintos organismos provinciales y municipales.<\/p>\n<p>[\/et_pb_text][\/et_pb_column][\/et_pb_row][\/et_pb_section][et_pb_section fb_built=\u00bb1&#8243; admin_label=\u00bbSecci\u00f3n\u00bb _builder_version=\u00bb3.0.47&#8243; custom_padding=\u00bb40px||0px|\u00bb][et_pb_row custom_padding=\u00bb0px||0px|\u00bb parallax_method_1=\u00bboff\u00bb admin_label=\u00bbFila\u00bb _builder_version=\u00bb3.0.47&#8243; background_size=\u00bbinitial\u00bb background_position=\u00bbtop_left\u00bb background_repeat=\u00bbrepeat\u00bb][et_pb_column type=\u00bb4_4&#8243; _builder_version=\u00bb3.0.47&#8243; parallax=\u00bboff\u00bb parallax_method=\u00bboff\u00bb][et_pb_image src=\u00bbhttps:\/\/www.comisionporlamemoria.org\/justiciayseguridad\/wp-content\/uploads\/sites\/11\/2017\/02\/SEPARADOR2.jpg\u00bb admin_label=\u00bbImagen\u00bb _builder_version=\u00bb3.0.47&#8243; custom_margin=\u00bb0px||0px|\u00bb custom_css_main_element=\u00bbheight: 15px !important;\u00bb animation=\u00bboff\u00bb][\/et_pb_image][\/et_pb_column][\/et_pb_row][\/et_pb_section][et_pb_section fb_built=\u00bb1&#8243; admin_label=\u00bbSecci\u00f3n\u00bb _builder_version=\u00bb3.0.47&#8243; custom_padding=\u00bb40px|0px|0px|0px\u00bb][et_pb_row custom_padding=\u00bb0px|0px|0px|0px\u00bb parallax_method_1=\u00bboff\u00bb admin_label=\u00bbFila\u00bb _builder_version=\u00bb3.0.47&#8243; background_size=\u00bbinitial\u00bb background_position=\u00bbtop_left\u00bb background_repeat=\u00bbrepeat\u00bb][et_pb_column type=\u00bb4_4&#8243; _builder_version=\u00bb3.0.47&#8243; parallax=\u00bboff\u00bb parallax_method=\u00bboff\u00bb][et_pb_text admin_label=\u00bbTexto\u00bb _builder_version=\u00bb3.0.47&#8243; background_size=\u00bbinitial\u00bb background_position=\u00bbtop_left\u00bb background_repeat=\u00bbrepeat\u00bb custom_margin=\u00bb0px|10%|0px|10%\u00bb custom_padding=\u00bb0px||0px|\u00bb]<\/p>\n<h3><span style=\"color: #666699;\"><strong>PRINCIPALES ACCIONES DURANTE 2017<\/strong><\/span><\/h3>\n<p>[\/et_pb_text][\/et_pb_column][\/et_pb_row][et_pb_row use_custom_gutter=\u00bbon\u00bb gutter_width=\u00bb1&#8243; custom_padding=\u00bb0px|0px|0px|0px\u00bb custom_margin=\u00bb35px|||\u00bb make_equal=\u00bbon\u00bb background_color_1=\u00bb#666699&#8243; background_color_2=\u00bb#e0e0e0&#8243; parallax_method_1=\u00bboff\u00bb parallax_method_2=\u00bboff\u00bb admin_label=\u00bbFila\u00bb _builder_version=\u00bb3.0.47&#8243; background_size=\u00bbinitial\u00bb background_position=\u00bbtop_left\u00bb background_repeat=\u00bbrepeat\u00bb][et_pb_column type=\u00bb1_3&#8243; _builder_version=\u00bb3.0.47&#8243; background_color=\u00bb#666699&#8243; parallax=\u00bboff\u00bb parallax_method=\u00bboff\u00bb][et_pb_text background_layout=\u00bbdark\u00bb admin_label=\u00bbTexto\u00bb _builder_version=\u00bb3.0.106&#8243; text_font=\u00bb||||||||\u00bb text_text_color=\u00bb#ffffff\u00bb header_font=\u00bb||||||||\u00bb header_text_color=\u00bb#ffffff\u00bb header_2_font=\u00bb||||||||\u00bb background_size=\u00bbinitial\u00bb background_position=\u00bbtop_left\u00bb background_repeat=\u00bbrepeat\u00bb custom_margin=\u00bb0px|0px|0px|0px\u00bb custom_padding=\u00bb20px||0px|20px\u00bb]<\/p>\n<h3><strong>| CONVENIO CON OTRANS<\/strong><\/h3>\n<p>[\/et_pb_text][\/et_pb_column][et_pb_column type=\u00bb2_3&#8243; _builder_version=\u00bb3.0.47&#8243; background_color=\u00bb#e0e0e0&#8243; parallax=\u00bboff\u00bb parallax_method=\u00bboff\u00bb][et_pb_text admin_label=\u00bbTexto\u00bb _builder_version=\u00bb3.0.71&#8243; background_size=\u00bbinitial\u00bb background_position=\u00bbtop_left\u00bb background_repeat=\u00bbrepeat\u00bb text_orientation=\u00bbjustified\u00bb custom_margin=\u00bb0px|0px|0px|0px\u00bb custom_padding=\u00bb20px|20px|20px|20px\u00bb]<\/p>\n<p>Las personas trans y travestis son uno de los colectivos m\u00e1s vulnerables frente el accionar violento e ilegal de las polic\u00edas en el territorio. En el marco del convenio con Otrans, en 2017 se realizaron distintas jornadas de capacitaci\u00f3n contra la violencia policial con organizaciones LGTTIQ para construir, de manera conjunta, herramientas para el registro y la denuncia de estos casos.<\/p>\n<p>[\/et_pb_text][\/et_pb_column][\/et_pb_row][et_pb_row use_custom_gutter=\u00bbon\u00bb gutter_width=\u00bb1&#8243; custom_padding=\u00bb0px|0px|0px|0px\u00bb custom_margin=\u00bb25px|||\u00bb make_equal=\u00bbon\u00bb background_color_1=\u00bb#666699&#8243; background_color_2=\u00bb#e0e0e0&#8243; parallax_method_1=\u00bboff\u00bb parallax_method_2=\u00bboff\u00bb admin_label=\u00bbFila\u00bb _builder_version=\u00bb3.0.47&#8243; background_size=\u00bbinitial\u00bb background_position=\u00bbtop_left\u00bb background_repeat=\u00bbrepeat\u00bb][et_pb_column type=\u00bb1_3&#8243; _builder_version=\u00bb3.0.47&#8243; background_color=\u00bb#666699&#8243; parallax=\u00bboff\u00bb parallax_method=\u00bboff\u00bb][et_pb_text background_layout=\u00bbdark\u00bb admin_label=\u00bbTexto\u00bb _builder_version=\u00bb3.0.47&#8243; text_font=\u00bb|on||on|\u00bb text_text_color=\u00bb#ffffff\u00bb header_font=\u00bb|on||on|\u00bb header_text_color=\u00bb#ffffff\u00bb background_size=\u00bbinitial\u00bb background_position=\u00bbtop_left\u00bb background_repeat=\u00bbrepeat\u00bb custom_margin=\u00bb0px|0px|0px|0px\u00bb custom_padding=\u00bb20px||0px|20px\u00bb]<\/p>\n<h3><strong>| INTERVENCI\u00d3N Y TERRITORIO: JORNADAS DE CAPACITACI\u00d3N EN LA PROVINCIA\u00a0<\/strong><\/h3>\n<p>[\/et_pb_text][\/et_pb_column][et_pb_column type=\u00bb2_3&#8243; _builder_version=\u00bb3.0.47&#8243; background_color=\u00bb#e0e0e0&#8243; parallax=\u00bboff\u00bb parallax_method=\u00bboff\u00bb][et_pb_text admin_label=\u00bbTexto\u00bb _builder_version=\u00bb3.0.71&#8243; background_size=\u00bbinitial\u00bb background_position=\u00bbtop_left\u00bb background_repeat=\u00bbrepeat\u00bb text_orientation=\u00bbjustified\u00bb custom_margin=\u00bb0px|0px|0px|0px\u00bb custom_padding=\u00bb20px|20px|20px|20px\u00bb]<\/p>\n<p>Se realizaron jornadas contra la violencia policial en distintos puntos de la provincia de Buenos Aires. Estos espacios de encuentro con v\u00edctimas y referentes territoriales funcionan como espacio para el registro y denuncia de estos casos como as\u00ed tambi\u00e9n para la capacitaci\u00f3n de las organizaciones con el objetivo de fortalecer su intervenci\u00f3n en la promoci\u00f3n y defensa de los derechos humanos frente al avance represivo de las fuerzas de seguridad.<\/p>\n<p>[\/et_pb_text][\/et_pb_column][\/et_pb_row][et_pb_row use_custom_gutter=\u00bbon\u00bb gutter_width=\u00bb1&#8243; custom_padding=\u00bb0px|0px|0px|0px\u00bb custom_margin=\u00bb25px|||\u00bb make_equal=\u00bbon\u00bb background_color_1=\u00bb#666699&#8243; background_color_2=\u00bb#e0e0e0&#8243; parallax_method_1=\u00bboff\u00bb parallax_method_2=\u00bboff\u00bb admin_label=\u00bbFila\u00bb _builder_version=\u00bb3.0.47&#8243; background_size=\u00bbinitial\u00bb background_position=\u00bbtop_left\u00bb background_repeat=\u00bbrepeat\u00bb][et_pb_column type=\u00bb1_3&#8243; _builder_version=\u00bb3.0.47&#8243; background_color=\u00bb#666699&#8243; parallax=\u00bboff\u00bb parallax_method=\u00bboff\u00bb][et_pb_text background_layout=\u00bbdark\u00bb admin_label=\u00bbTexto\u00bb _builder_version=\u00bb3.0.106&#8243; text_font=\u00bb|on||on|\u00bb text_text_color=\u00bb#ffffff\u00bb header_font=\u00bb|on||on|\u00bb header_text_color=\u00bb#ffffff\u00bb background_size=\u00bbinitial\u00bb background_position=\u00bbtop_left\u00bb background_repeat=\u00bbrepeat\u00bb custom_margin=\u00bb0px|0px|0px|0px\u00bb custom_padding=\u00bb20px||0px|20px\u00bb]<\/p>\n<h3><strong>| NI\u00d1EZ Y ADOLESCENCIA EN PELIGRO\u00a0<\/strong><\/h3>\n<p>[\/et_pb_text][\/et_pb_column][et_pb_column type=\u00bb2_3&#8243; _builder_version=\u00bb3.0.47&#8243; background_color=\u00bb#e0e0e0&#8243; parallax=\u00bboff\u00bb parallax_method=\u00bboff\u00bb][et_pb_text admin_label=\u00bbTexto\u00bb _builder_version=\u00bb3.0.71&#8243; background_size=\u00bbinitial\u00bb background_position=\u00bbtop_left\u00bb background_repeat=\u00bbrepeat\u00bb text_orientation=\u00bbjustified\u00bb custom_margin=\u00bb0px|0px|0px|0px\u00bb custom_padding=\u00bb20px|20px|20px|20px\u00bb]<\/p>\n<p>Los distintos relevamientos e intervenciones realizados por la CPM han evidenciado la particular violencia que se ejerce contra ni\u00f1os, ni\u00f1as y j\u00f3venes. A la intervenci\u00f3n cotidiana ilegal, arbitraria y violenta por parte de la polic\u00eda se suma la ausencia de control judicial y de los organismos de protecci\u00f3n de la ni\u00f1ez. El caso de un ni\u00f1o de 11 a\u00f1os en Lan\u00fas, entrevistado por el programa televisivo Periodismo Para Todos, es una muestra cabal de la criminalizaci\u00f3n y desprotecci\u00f3n que sufren los m\u00e1s chicos.<\/p>\n<p>[\/et_pb_text][\/et_pb_column][\/et_pb_row][et_pb_row use_custom_gutter=\u00bbon\u00bb gutter_width=\u00bb1&#8243; custom_padding=\u00bb0px|0px|0px|0px\u00bb custom_margin=\u00bb25px|||\u00bb make_equal=\u00bbon\u00bb background_color_1=\u00bb#666699&#8243; background_color_2=\u00bb#e0e0e0&#8243; parallax_method_1=\u00bboff\u00bb parallax_method_2=\u00bboff\u00bb admin_label=\u00bbFila\u00bb _builder_version=\u00bb3.0.47&#8243; background_size=\u00bbinitial\u00bb background_position=\u00bbtop_left\u00bb background_repeat=\u00bbrepeat\u00bb][et_pb_column type=\u00bb1_3&#8243; _builder_version=\u00bb3.0.47&#8243; background_color=\u00bb#666699&#8243; parallax=\u00bboff\u00bb parallax_method=\u00bboff\u00bb][et_pb_text background_layout=\u00bbdark\u00bb admin_label=\u00bbTexto\u00bb _builder_version=\u00bb3.0.47&#8243; text_font=\u00bb|on||on|\u00bb text_text_color=\u00bb#ffffff\u00bb header_font=\u00bb|on||on|\u00bb header_text_color=\u00bb#ffffff\u00bb background_size=\u00bbinitial\u00bb background_position=\u00bbtop_left\u00bb background_repeat=\u00bbrepeat\u00bb custom_margin=\u00bb0px|0px|0px|0px\u00bb custom_padding=\u00bb20px||0px|20px\u00bb]<\/p>\n<h3><strong>| REGISTRO DE USO LETAL DE LA FUERZA POLICIAL\u00a0<\/strong><\/h3>\n<p>[\/et_pb_text][\/et_pb_column][et_pb_column type=\u00bb2_3&#8243; _builder_version=\u00bb3.0.47&#8243; background_color=\u00bb#e0e0e0&#8243; parallax=\u00bboff\u00bb parallax_method=\u00bboff\u00bb][et_pb_text admin_label=\u00bbTexto\u00bb _builder_version=\u00bb3.0.71&#8243; background_size=\u00bbinitial\u00bb background_position=\u00bbtop_left\u00bb background_repeat=\u00bbrepeat\u00bb text_orientation=\u00bbjustified\u00bb custom_margin=\u00bb0px|0px|0px|0px\u00bb custom_padding=\u00bb20px|20px|20px|20px\u00bb]<\/p>\n<p>Se cre\u00f3 un nuevo registro sobre casos de uso letal de la fuerza que integra distintas fuentes y permite construir informaci\u00f3n indispensable para dar cuenta de la magnitud y caracter\u00edsticas de esta pr\u00e1ctica policial. Ante cada caso particular se intervino ante las correspondientes Unidades Fiscales a cargo de investigar el hecho, como as\u00ed tambi\u00e9n se efectuaron las presentaciones en la Auditoria General de Asuntos internos.<\/p>\n<p>[\/et_pb_text][\/et_pb_column][\/et_pb_row][et_pb_row use_custom_gutter=\u00bbon\u00bb gutter_width=\u00bb1&#8243; custom_padding=\u00bb0px|0px|0px|0px\u00bb custom_margin=\u00bb25px|||\u00bb make_equal=\u00bbon\u00bb background_color_1=\u00bb#666699&#8243; background_color_2=\u00bb#e0e0e0&#8243; parallax_method_1=\u00bboff\u00bb parallax_method_2=\u00bboff\u00bb admin_label=\u00bbFila\u00bb _builder_version=\u00bb3.0.47&#8243; background_size=\u00bbinitial\u00bb background_position=\u00bbtop_left\u00bb background_repeat=\u00bbrepeat\u00bb][et_pb_column type=\u00bb1_3&#8243; _builder_version=\u00bb3.0.47&#8243; background_color=\u00bb#666699&#8243; parallax=\u00bboff\u00bb parallax_method=\u00bboff\u00bb][et_pb_text background_layout=\u00bbdark\u00bb admin_label=\u00bbTexto\u00bb _builder_version=\u00bb3.0.47&#8243; text_font=\u00bb|on||on|\u00bb text_text_color=\u00bb#ffffff\u00bb header_font=\u00bb|on||on|\u00bb header_text_color=\u00bb#ffffff\u00bb background_size=\u00bbinitial\u00bb background_position=\u00bbtop_left\u00bb background_repeat=\u00bbrepeat\u00bb custom_margin=\u00bb0px|0px|0px|0px\u00bb custom_padding=\u00bb20px||0px|20px\u00bb]<\/p>\n<h3><strong>| MONITOREO Y SEGUIMIENTO DE CASOS\u00a0<\/strong><\/h3>\n<p>[\/et_pb_text][\/et_pb_column][et_pb_column type=\u00bb2_3&#8243; _builder_version=\u00bb3.0.47&#8243; background_color=\u00bb#e0e0e0&#8243; parallax=\u00bboff\u00bb parallax_method=\u00bboff\u00bb][et_pb_text admin_label=\u00bbTexto\u00bb _builder_version=\u00bb3.0.71&#8243; background_size=\u00bbinitial\u00bb background_position=\u00bbtop_left\u00bb background_repeat=\u00bbrepeat\u00bb text_orientation=\u00bbjustified\u00bb custom_margin=\u00bb0px|0px|0px|0px\u00bb custom_padding=\u00bb20px|20px|20px|20px\u00bb]<\/p>\n<p>Se realizaron tareas de monitoreo en distintos territorios de la provincia. Estas actividades incluyeron relevamiento, intervenci\u00f3n y seguimiento de casos de violencia policial como hostigamiento, gatillo f\u00e1cil, torturas, detenciones arbitrarias o ilegales, regulaci\u00f3n policial de mercados ilegales, causa armadas, etc. Adem\u00e1s de realizar reuniones con referentes barriales, relevamiento de libros de comisar\u00edas, presentaciones colectivas, participaci\u00f3n en instancias de denuncia, capacitaci\u00f3n y difusi\u00f3n, entre otras. Asimismo llev\u00f3 adelante una labor particular sobre la promoci\u00f3n y protecci\u00f3n de los derechos de los ni\u00f1os, ni\u00f1as y adolescentes de la provincia.<\/p>\n<p>Mor\u00f3n, Barrio Carlos Gardel |\u00a0Municipio de La Costa |\u00a0San Mart\u00edn |\u00a0La Matanza |\u00a0Lomas De Zamora |\u00a0Lan\u00fas |\u00a0Tigre |\u00a0Quilmes |\u00a0Mar Del Plata |\u00a0La Plata, Villa Elisa, Villa Elvira |\u00a0Berisso |\u00a0Florencio Varela |\u00a0Pergamino.\u00a0<\/p>\n<p>[\/et_pb_text][\/et_pb_column][\/et_pb_row][et_pb_row use_custom_gutter=\u00bbon\u00bb gutter_width=\u00bb1&#8243; custom_padding=\u00bb0px|0px|0px|0px\u00bb custom_margin=\u00bb25px|||\u00bb make_equal=\u00bbon\u00bb background_color_1=\u00bb#666699&#8243; background_color_2=\u00bb#e0e0e0&#8243; parallax_method_1=\u00bboff\u00bb parallax_method_2=\u00bboff\u00bb admin_label=\u00bbFila\u00bb _builder_version=\u00bb3.0.47&#8243; background_size=\u00bbinitial\u00bb background_position=\u00bbtop_left\u00bb background_repeat=\u00bbrepeat\u00bb][et_pb_column type=\u00bb1_3&#8243; _builder_version=\u00bb3.0.47&#8243; background_color=\u00bb#666699&#8243; parallax=\u00bboff\u00bb parallax_method=\u00bboff\u00bb][et_pb_text background_layout=\u00bbdark\u00bb admin_label=\u00bbTexto\u00bb _builder_version=\u00bb3.0.47&#8243; text_font=\u00bb|on||on|\u00bb text_text_color=\u00bb#ffffff\u00bb header_font=\u00bb|on||on|\u00bb header_text_color=\u00bb#ffffff\u00bb background_size=\u00bbinitial\u00bb background_position=\u00bbtop_left\u00bb background_repeat=\u00bbrepeat\u00bb custom_margin=\u00bb0px|0px|0px|0px\u00bb custom_padding=\u00bb20px||0px|20px\u00bb]<\/p>\n<h3><strong>| PRESENTACIONES ANTE ORGANISMOS INTERNACIONALES<\/strong><\/h3>\n<p>[\/et_pb_text][\/et_pb_column][et_pb_column type=\u00bb2_3&#8243; _builder_version=\u00bb3.0.47&#8243; background_color=\u00bb#e0e0e0&#8243; parallax=\u00bboff\u00bb parallax_method=\u00bboff\u00bb][et_pb_text admin_label=\u00bbTexto\u00bb _builder_version=\u00bb3.0.71&#8243; background_size=\u00bbinitial\u00bb background_position=\u00bbtop_left\u00bb background_repeat=\u00bbrepeat\u00bb text_orientation=\u00bbjustified\u00bb custom_margin=\u00bb0px|0px|0px|0px\u00bb custom_padding=\u00bb20px|20px|20px|20px\u00bb]<\/p>\n<p>&#8211; Se realiz\u00f3 un seguimiento de presentaci\u00f3n por medida cautelar presentada ante la CIDH por la situaci\u00f3n de comisar\u00edas en la provincia de buenos aires.<\/p>\n<p>&#8211; Se present\u00f3 un Informe al Comit\u00e9 de los derechos del ni\u00f1o de Naciones Unidas en relaci\u00f3n a la violaci\u00f3n de derechos de ni\u00f1os, ni\u00f1as y adolescentes de la provincia de Buenos Aires.<\/p>\n<p>[\/et_pb_text][\/et_pb_column][\/et_pb_row][\/et_pb_section][et_pb_section fb_built=\u00bb1&#8243; admin_label=\u00bbSecci\u00f3n\u00bb _builder_version=\u00bb3.0.47&#8243; custom_padding=\u00bb40px||0px|\u00bb][et_pb_row custom_padding=\u00bb0px||0px|\u00bb parallax_method_1=\u00bboff\u00bb admin_label=\u00bbFila\u00bb _builder_version=\u00bb3.0.47&#8243; background_size=\u00bbinitial\u00bb background_position=\u00bbtop_left\u00bb background_repeat=\u00bbrepeat\u00bb][et_pb_column type=\u00bb4_4&#8243; _builder_version=\u00bb3.0.47&#8243; parallax=\u00bboff\u00bb parallax_method=\u00bboff\u00bb][et_pb_image src=\u00bbhttps:\/\/www.comisionporlamemoria.org\/justiciayseguridad\/wp-content\/uploads\/sites\/11\/2017\/02\/SEPARADOR2.jpg\u00bb admin_label=\u00bbImagen\u00bb _builder_version=\u00bb3.0.47&#8243; custom_margin=\u00bb0px||0px|\u00bb custom_css_main_element=\u00bbheight: 15px !important;\u00bb animation=\u00bboff\u00bb][\/et_pb_image][\/et_pb_column][\/et_pb_row][\/et_pb_section]<\/p>\n","protected":false},"excerpt":{"rendered":"<p>MONITOREO Y CONTROL DE LA VIOLENCIA INSTITUCIONAL EN EL TERRITORIO El programa realiza tareas de registro, intervenci\u00f3n y seguimiento de casos de violencia policial (hostigamiento, gatillo f\u00e1cil, torturas, detenciones arbitrarias o ilegales, regulaci\u00f3n policial de mercados ilegales, causas armadas o fraguadas, allanamientos irregulares o violentos y desalojos) en el territorio. Adem\u00e1s, se re\u00fane con referentes [&hellip;]<\/p>\n","protected":false},"author":8,"featured_media":0,"parent":0,"menu_order":0,"comment_status":"closed","ping_status":"closed","template":"","meta":{"_et_pb_use_builder":"on","_et_pb_old_content":"","_et_gb_content_width":"","footnotes":""},"class_list":["post-4207","page","type-page","status-publish","hentry"],"jetpack_sharing_enabled":true,"_links":{"self":[{"href":"https:\/\/www.comisionporlamemoria.org\/justiciayseguridad\/wp-json\/wp\/v2\/pages\/4207","targetHints":{"allow":["GET"]}}],"collection":[{"href":"https:\/\/www.comisionporlamemoria.org\/justiciayseguridad\/wp-json\/wp\/v2\/pages"}],"about":[{"href":"https:\/\/www.comisionporlamemoria.org\/justiciayseguridad\/wp-json\/wp\/v2\/types\/page"}],"author":[{"embeddable":true,"href":"https:\/\/www.comisionporlamemoria.org\/justiciayseguridad\/wp-json\/wp\/v2\/users\/8"}],"replies":[{"embeddable":true,"href":"https:\/\/www.comisionporlamemoria.org\/justiciayseguridad\/wp-json\/wp\/v2\/comments?post=4207"}],"version-history":[{"count":0,"href":"https:\/\/www.comisionporlamemoria.org\/justiciayseguridad\/wp-json\/wp\/v2\/pages\/4207\/revisions"}],"wp:attachment":[{"href":"https:\/\/www.comisionporlamemoria.org\/justiciayseguridad\/wp-json\/wp\/v2\/media?parent=4207"}],"curies":[{"name":"wp","href":"https:\/\/api.w.org\/{rel}","templated":true}]}}