{"id":4232,"date":"2017-02-15T20:22:01","date_gmt":"2017-02-15T20:22:01","guid":{"rendered":"http:\/\/www.comisionporlamemoria.org\/justiciayseguridad\/?page_id=4232"},"modified":"2022-09-19T14:08:58","modified_gmt":"2022-09-19T14:08:58","slug":"salud-mental-intervenciones","status":"publish","type":"page","link":"https:\/\/www.comisionporlamemoria.org\/justiciayseguridad\/salud-mental-intervenciones\/","title":{"rendered":"Intervenciones"},"content":{"rendered":"<p>[et_pb_section fb_built=\u00bb1&#8243; _builder_version=\u00bb4.16&#8243; background_image=\u00bbhttps:\/\/www.comisionporlamemoria.org\/justiciayseguridad\/wp-content\/uploads\/sites\/11\/2017\/05\/bg-cabeceras.jpg\u00bb custom_padding=\u00bb0px||0px|\u00bb global_colors_info=\u00bb{}\u00bb][et_pb_row _builder_version=\u00bb4.16&#8243; background_size=\u00bbinitial\u00bb background_position=\u00bbtop_left\u00bb background_repeat=\u00bbrepeat\u00bb custom_padding=\u00bb27px|0px|0px|0px\u00bb global_colors_info=\u00bb{}\u00bb column_structure=\u00bb2_3,1_3&#8243;][et_pb_column type=\u00bb2_3&#8243; _builder_version=\u00bb4.16&#8243; custom_padding=\u00bb|||\u00bb global_colors_info=\u00bb{}\u00bb custom_padding__hover=\u00bb|||\u00bb][et_pb_post_title meta=\u00bboff\u00bb featured_image=\u00bboff\u00bb _builder_version=\u00bb4.16&#8243; title_font=\u00bb|on||on|\u00bb title_text_color=\u00bb#ffffff\u00bb title_font_size=\u00bb40&#8243; background_color=\u00bb#424242&#8243; custom_margin=\u00bb80px||10px|\u00bb custom_padding=\u00bb13px|10px||15px\u00bb module_bg_color=\u00bb#424242&#8243; global_colors_info=\u00bb{}\u00bb][\/et_pb_post_title][\/et_pb_column][et_pb_column type=\u00bb1_3&#8243; _builder_version=\u00bb4.16&#8243; custom_padding=\u00bb|||\u00bb global_colors_info=\u00bb{}\u00bb custom_padding__hover=\u00bb|||\u00bb][\/et_pb_column][\/et_pb_row][\/et_pb_section][et_pb_section fb_built=\u00bb1&#8243; _builder_version=\u00bb4.16&#8243; custom_padding=\u00bb54px|0px|0|0px\u00bb global_colors_info=\u00bb{}\u00bb][et_pb_row _builder_version=\u00bb4.16&#8243; background_color=\u00bb#eeeeee\u00bb background_size=\u00bbinitial\u00bb background_position=\u00bbtop_left\u00bb background_repeat=\u00bbrepeat\u00bb custom_margin=\u00bb||20px|\u00bb custom_padding=\u00bb0px|0px|23px|0px\u00bb global_colors_info=\u00bb{}\u00bb column_structure=\u00bb1_4,3_4&#8243;][et_pb_column type=\u00bb1_4&#8243; _builder_version=\u00bb4.16&#8243; custom_padding=\u00bb|||\u00bb global_colors_info=\u00bb{}\u00bb custom_padding__hover=\u00bb|||\u00bb][et_pb_text _builder_version=\u00bb4.16&#8243; text_font=\u00bb|||on|||||\u00bb text_text_color=\u00bb#666699&#8243; text_font_size=\u00bb20px\u00bb text_line_height=\u00bb1.2em\u00bb header_letter_spacing=\u00bb1px\u00bb header_line_height=\u00bb1.7em\u00bb text_orientation=\u00bbcenter\u00bb module_alignment=\u00bbcenter\u00bb custom_padding=\u00bb30px||10px|15px\u00bb global_colors_info=\u00bb{}\u00bb]<\/p>\n<p><strong>HOSPITAL ESTEVES<\/strong><\/p>\n<p>[\/et_pb_text][\/et_pb_column][et_pb_column type=\u00bb3_4&#8243; _builder_version=\u00bb4.16&#8243; custom_padding=\u00bb|||\u00bb global_colors_info=\u00bb{}\u00bb custom_padding__hover=\u00bb|||\u00bb][et_pb_text _builder_version=\u00bb4.16&#8243; text_orientation=\u00bbjustified\u00bb custom_padding=\u00bb25px|25px|25px|25px\u00bb border_width_all=\u00bb0px\u00bb border_color_all=\u00bb#969696&#8243; border_style_all=\u00bbsolid\u00bb use_border_color=\u00bbon\u00bb border_color=\u00bb#969696&#8243; global_colors_info=\u00bb{}\u00bb]<\/p>\n<p>En el 2014, se present\u00f3 un habeas corpus colectivo a favor de las personas internadas en el hospital Jos\u00e9 Esteves por las graves violaciones a los derechos humanos y las deplorables condiciones de internaci\u00f3n. Luego de una demora de tres a\u00f1os, y en base a las pericias realizadas, el juzgado de garant\u00edas N 6 de Lomas de Zamora orden\u00f3 al Ministerio de Salud de la Provincia reacondicionar las instalaciones del neuropsiqui\u00e1trico. El fallo tambi\u00e9n exige que se respeten los est\u00e1ndares de atenci\u00f3n m\u00e9dica exigidos por la ley de salud mental.<\/p>\n<p>[\/et_pb_text][\/et_pb_column][\/et_pb_row][et_pb_row _builder_version=\u00bb4.16&#8243; background_color=\u00bb#eeeeee\u00bb background_size=\u00bbinitial\u00bb background_position=\u00bbtop_left\u00bb background_repeat=\u00bbrepeat\u00bb custom_margin=\u00bb||20px|\u00bb custom_padding=\u00bb0px|0px|23px|0px\u00bb global_colors_info=\u00bb{}\u00bb column_structure=\u00bb1_4,3_4&#8243;][et_pb_column type=\u00bb1_4&#8243; _builder_version=\u00bb4.16&#8243; custom_padding=\u00bb|||\u00bb global_colors_info=\u00bb{}\u00bb custom_padding__hover=\u00bb|||\u00bb][et_pb_text _builder_version=\u00bb4.16&#8243; text_font=\u00bb|||on|||||\u00bb text_text_color=\u00bb#666699&#8243; text_font_size=\u00bb20px\u00bb text_line_height=\u00bb1.2em\u00bb header_letter_spacing=\u00bb1px\u00bb header_line_height=\u00bb1.7em\u00bb text_orientation=\u00bbcenter\u00bb module_alignment=\u00bbcenter\u00bb custom_padding=\u00bb30px||10px|15px\u00bb global_colors_info=\u00bb{}\u00bb]<\/p>\n<p><strong>Clausura de la fundaci\u00f3n San Camilo<\/strong><\/p>\n<p>[\/et_pb_text][\/et_pb_column][et_pb_column type=\u00bb3_4&#8243; _builder_version=\u00bb4.16&#8243; custom_padding=\u00bb|||\u00bb global_colors_info=\u00bb{}\u00bb custom_padding__hover=\u00bb|||\u00bb][et_pb_text _builder_version=\u00bb4.16&#8243; text_orientation=\u00bbjustified\u00bb custom_padding=\u00bb25px|25px|25px|25px\u00bb border_width_all=\u00bb0px\u00bb border_color_all=\u00bb#969696&#8243; border_style_all=\u00bbsolid\u00bb use_border_color=\u00bbon\u00bb border_color=\u00bb#969696&#8243; global_colors_info=\u00bb{}\u00bb]<\/p>\n<p>A ra\u00edz de una presentaci\u00f3n de la CPM, el Ministerio de Salud de la provincia de Buenos Aires orden\u00f3 el cierre de la Fundaci\u00f3n San Camilo. En la \u00faltima inspecci\u00f3n al lugar se denunci\u00f3 la existencia de torturas y tratos crueles, inhumanos y degradantes contra 60 j\u00f3venes y adultos con padecimiento mental. La falta de un abordaje interdisciplinario de los cuadros m\u00e9dicos, las graves irregularidades en la habilitaci\u00f3n y la falta de control hizo posible que siguiera funcionando en estas condiciones durante a\u00f1os.<\/p>\n<p>[\/et_pb_text][\/et_pb_column][\/et_pb_row][et_pb_row _builder_version=\u00bb4.16&#8243; background_color=\u00bb#eeeeee\u00bb background_size=\u00bbinitial\u00bb background_position=\u00bbtop_left\u00bb background_repeat=\u00bbrepeat\u00bb custom_margin=\u00bb||20px|\u00bb custom_padding=\u00bb0px|0px|23px|0px\u00bb global_colors_info=\u00bb{}\u00bb column_structure=\u00bb1_4,3_4&#8243;][et_pb_column type=\u00bb1_4&#8243; _builder_version=\u00bb4.16&#8243; custom_padding=\u00bb|||\u00bb global_colors_info=\u00bb{}\u00bb custom_padding__hover=\u00bb|||\u00bb][et_pb_text _builder_version=\u00bb4.16&#8243; text_font=\u00bb|||on|||||\u00bb text_text_color=\u00bb#666699&#8243; text_font_size=\u00bb20px\u00bb text_line_height=\u00bb1.2em\u00bb header_letter_spacing=\u00bb1px\u00bb header_line_height=\u00bb1.7em\u00bb text_orientation=\u00bbcenter\u00bb module_alignment=\u00bbcenter\u00bb custom_padding=\u00bb30px||10px|15px\u00bb global_colors_info=\u00bb{}\u00bb]<\/p>\n<p><strong>Causa Domselaar <\/strong><\/p>\n<p>[\/et_pb_text][\/et_pb_column][et_pb_column type=\u00bb3_4&#8243; _builder_version=\u00bb4.16&#8243; custom_padding=\u00bb|||\u00bb global_colors_info=\u00bb{}\u00bb custom_padding__hover=\u00bb|||\u00bb][et_pb_text _builder_version=\u00bb4.16&#8243; text_orientation=\u00bbjustified\u00bb custom_padding=\u00bb25px|25px|25px|25px\u00bb border_width_all=\u00bb0px\u00bb border_color_all=\u00bb#969696&#8243; border_style_all=\u00bbsolid\u00bb use_border_color=\u00bbon\u00bb border_color=\u00bb#969696&#8243; global_colors_info=\u00bb{}\u00bb]<\/p>\n<p>Se realiza un acompa\u00f1amiento y asesoramiento a v\u00edctimas de violencia policial en el marco de la causa de Domselaar (\u201cPersonal Policial, Domselaar y otros s\/Severidades vejaciones y\/o apremios ilegales a presos\u201d).<\/p>\n<p>[\/et_pb_text][\/et_pb_column][\/et_pb_row][et_pb_row _builder_version=\u00bb4.16&#8243; background_color=\u00bb#eeeeee\u00bb background_size=\u00bbinitial\u00bb background_position=\u00bbtop_left\u00bb background_repeat=\u00bbrepeat\u00bb custom_margin=\u00bb||20px|\u00bb custom_padding=\u00bb0|0px|23px|0px\u00bb global_colors_info=\u00bb{}\u00bb column_structure=\u00bb1_4,3_4&#8243;][et_pb_column type=\u00bb1_4&#8243; _builder_version=\u00bb4.16&#8243; custom_padding=\u00bb|||\u00bb global_colors_info=\u00bb{}\u00bb custom_padding__hover=\u00bb|||\u00bb][et_pb_text _builder_version=\u00bb4.16&#8243; text_font=\u00bb|||on|||||\u00bb text_text_color=\u00bb#666699&#8243; text_font_size=\u00bb20px\u00bb text_line_height=\u00bb1.2em\u00bb header_font=\u00bb||||||||\u00bb header_letter_spacing=\u00bb1px\u00bb header_line_height=\u00bb1.7em\u00bb text_orientation=\u00bbcenter\u00bb module_alignment=\u00bbcenter\u00bb custom_padding=\u00bb30px||10px|15px\u00bb global_colors_info=\u00bb{}\u00bb]<\/p>\n<p><strong>Cautelares contra el complejo San Mart\u00edn<\/strong><\/p>\n<p>[\/et_pb_text][\/et_pb_column][et_pb_column type=\u00bb3_4&#8243; _builder_version=\u00bb4.16&#8243; custom_padding=\u00bb|||\u00bb global_colors_info=\u00bb{}\u00bb custom_padding__hover=\u00bb|||\u00bb][et_pb_text _builder_version=\u00bb4.16&#8243; text_orientation=\u00bbjustified\u00bb custom_padding=\u00bb25px|25px|25px|25px\u00bb border_width_all=\u00bb0px\u00bb border_color_all=\u00bb#969696&#8243; border_style_all=\u00bbsolid\u00bb use_border_color=\u00bbon\u00bb border_color=\u00bb#969696&#8243; global_colors_info=\u00bb{}\u00bb]<\/p>\n<p>El programa particip\u00f3 en la mesa de Salud Mental en el marco de las cautelares contra el complejo San Mart\u00edn de la Comisi\u00f3n Interamericana de Derechos Humanos.<\/p>\n<p>[\/et_pb_text][\/et_pb_column][\/et_pb_row][et_pb_row _builder_version=\u00bb4.16&#8243; background_color=\u00bb#eeeeee\u00bb background_size=\u00bbinitial\u00bb background_position=\u00bbtop_left\u00bb background_repeat=\u00bbrepeat\u00bb custom_margin=\u00bb||20px|\u00bb custom_padding=\u00bb0px|0px|0px|0px\u00bb global_colors_info=\u00bb{}\u00bb column_structure=\u00bb1_4,3_4&#8243;][et_pb_column type=\u00bb1_4&#8243; _builder_version=\u00bb4.16&#8243; custom_padding=\u00bb|||\u00bb global_colors_info=\u00bb{}\u00bb custom_padding__hover=\u00bb|||\u00bb][et_pb_text _builder_version=\u00bb4.16&#8243; text_font=\u00bb|||on|||||\u00bb text_text_color=\u00bb#666699&#8243; text_font_size=\u00bb20px\u00bb text_line_height=\u00bb1.2em\u00bb header_letter_spacing=\u00bb1px\u00bb header_line_height=\u00bb1.7em\u00bb text_orientation=\u00bbcenter\u00bb module_alignment=\u00bbcenter\u00bb custom_padding=\u00bb30px||10px|15px\u00bb global_colors_info=\u00bb{}\u00bb]<\/p>\n<p><strong>Causa Hospital Alejandro Korn de Melchor Romero<\/strong><\/p>\n<p>[\/et_pb_text][\/et_pb_column][et_pb_column type=\u00bb3_4&#8243; _builder_version=\u00bb4.16&#8243; custom_padding=\u00bb|||\u00bb global_colors_info=\u00bb{}\u00bb custom_padding__hover=\u00bb|||\u00bb][et_pb_text _builder_version=\u00bb4.16&#8243; text_orientation=\u00bbjustified\u00bb custom_padding=\u00bb25px|25px|25px|25px\u00bb border_width_all=\u00bb0px\u00bb border_color_all=\u00bb#969696&#8243; border_style_all=\u00bbsolid\u00bb use_border_color=\u00bbon\u00bb border_color=\u00bb#969696&#8243; global_colors_info=\u00bb{}\u00bb]<\/p>\n<p><strong>Se participa, junto a otras organizaciones de derechos humanos, de la mesa permanente por la causa judicial iniciada por el n\u00famero de muertes en el Hospital Alejandro Korn de Melchor Romero.<\/strong><\/p>\n<p>En el a\u00f1o 2014, la CPM present\u00f3 un <strong>Habeas Corpus Colectivo<\/strong> en virtud del agravamiento de las condiciones de detenci\u00f3n de todas las personas privadas de su libertad voluntaria o involuntariamente que se encontraban internadas bajo custodia del Ministerio de Salud. Dicha presentaci\u00f3n fue el resultado de la constataci\u00f3n, en el marco de las inspecciones realizadas por el Comit\u00e9 contra la Tortura, de agravamientos vinculados a la modalidad de abordaje, r\u00e9gimen de vida y condiciones materiales dentro de los Hospitales Monovalentes provinciales -tomando como muestra el hospital Alejandro Korn de Melchor Romero, el Hospital Est\u00e9ves y el Hospital Open Door-. A partir de entonces, se iniciaron 3 causas judiciales -de acuerdo al departamento judicial que le corresponde a cada uno de los hospitales inspeccionados-.\u00a0<\/p>\n<p><span style=\"font-size: 14px;\">En el marco de la <\/span><span style=\"font-size: 14px;\">causa por el Hospital Alejandro Korn se conform\u00f3 una mesa de trabajo entre la parte actora (CELS, Movimiento por la Desmanicomializaci\u00f3n de Romero y CPM) junto a autoridades de la Subsecretar\u00eda de Determinantes Sociales de la Salud y Enfermedad F\u00edsica, Mental y de las Adicciones y de la Direcci\u00f3n Provincial de Hospitales, ambas pertenecientes a la cartera de Salud.\u00a0<\/span><\/p>\n<p>[\/et_pb_text][\/et_pb_column][\/et_pb_row][et_pb_row _builder_version=\u00bb4.16&#8243; custom_padding=\u00bb0px|0px|0px|0px\u00bb global_colors_info=\u00bb{}\u00bb column_structure=\u00bb1_4,3_4&#8243; background_color=\u00bb#eeeeee\u00bb background_size=\u00bbinitial\u00bb background_position=\u00bbtop_left\u00bb background_repeat=\u00bbrepeat\u00bb custom_margin=\u00bb||20px|\u00bb][et_pb_column type=\u00bb1_4&#8243; _builder_version=\u00bb4.16&#8243; custom_padding=\u00bb|||\u00bb global_colors_info=\u00bb{}\u00bb custom_padding__hover=\u00bb|||\u00bb][et_pb_text _builder_version=\u00bb4.17.6&#8243; text_font=\u00bb|||on|||||\u00bb text_text_color=\u00bb#666699&#8243; text_font_size=\u00bb20px\u00bb text_line_height=\u00bb1.2em\u00bb header_letter_spacing=\u00bb1px\u00bb header_line_height=\u00bb1.7em\u00bb text_orientation=\u00bbcenter\u00bb module_alignment=\u00bbcenter\u00bb custom_padding=\u00bb30px||10px|15px\u00bb hover_enabled=\u00bb0&#8243; global_colors_info=\u00bb{}\u00bb sticky_enabled=\u00bb0&#8243;]<\/p>\n<p><strong>\u00d3rgano de Revisi\u00f3n Local de Salud Mental<\/strong><\/p>\n<p>[\/et_pb_text][\/et_pb_column][et_pb_column type=\u00bb3_4&#8243; _builder_version=\u00bb4.16&#8243; custom_padding=\u00bb|||\u00bb global_colors_info=\u00bb{}\u00bb custom_padding__hover=\u00bb|||\u00bb][et_pb_text _builder_version=\u00bb4.16&#8243; text_orientation=\u00bbjustified\u00bb custom_padding=\u00bb25px|25px|25px|25px\u00bb hover_enabled=\u00bb0&#8243; border_width_all=\u00bb0px\u00bb border_color_all=\u00bb#969696&#8243; border_style_all=\u00bbsolid\u00bb use_border_color=\u00bbon\u00bb border_color=\u00bb#969696&#8243; global_colors_info=\u00bb{}\u00bb sticky_enabled=\u00bb0&#8243;]<\/p>\n<p><strong>Se interviene como miembro del plenario intersectorial y del comit\u00e9 de seguimiento y monitoreo del \u00d3rgano de Revisi\u00f3n Local de Salud Mental y participa en las comisiones de trabajo de dicho organismo<\/strong>.<\/p>\n<p>La conformaci\u00f3n del \u00d3rgano de Revisi\u00f3n Local (ORL) a comienzos del 2015 fue un avance fundamental en el proceso de desmanicomializaci\u00f3n. La ley provincial de salud mental 14.580 sancionada en 2013, adhiere en su art\u00edculo primero a la ley nacional 26.657, \u00abDerecho a la Protecci\u00f3n de la Salud Mental\u00bb, y establece la garant\u00eda de los derechos de los ciudadanos y las ciudadanas que padecen problemas de salud mental.<\/p>\n<p>Al adherir de forma \u00edntegra al texto nacional, la ley provincial lo hace tambi\u00e9n respecto a la conformaci\u00f3n del \u00f3rgano de revisi\u00f3n, en virtud del cual se toman para su creaci\u00f3n una serie de pautas m\u00ednimas previstas en el \u00d3rgano de Revisi\u00f3n Nacional. All\u00ed se establecen los criterios generales de la regulaci\u00f3n normativa a nivel local, al mismo tiempo que se establecen los criterios en relaci\u00f3n a las instituciones que lo componen.<\/p>\n<p>El \u00d3rgano de Revisi\u00f3n Local (ORL) qued\u00f3 compuesto en 2015 bajo la coordinaci\u00f3n de la Defensor\u00eda del Pueblo de la provincia de Buenos Aires. \u00a0La organizaci\u00f3n se plante\u00f3 en dos instancias: secretar\u00eda ejecutiva -integrada por un cuerpo t\u00e9cnico interdisciplinario- y el plenario, conformado por representantes de la CPM, la Secretar\u00eda de Derechos Humanos, el Ministerio de Salud, colegios profesionales, organizaciones de derechos humanos, diputados y senadores provinciales, Observatorio Social Legislativo, sindicatos de trabajadores de la Salud, Procuraci\u00f3n General, Poder Judicial, universidades, entre otros. \u00a0<\/p>\n<p>En funci\u00f3n de la trayectoria y experiencia de la CPM se impuls\u00f3, junto con otras instituciones, la constituci\u00f3n de un comit\u00e9 de monitoreo y seguimiento de espacios de encierro abierto a la participaci\u00f3n de miembros del plenario. Asimismo, se particip\u00f3 en el dise\u00f1o de indicadores y la construcci\u00f3n de herramientas de relevamiento de datos.<\/p>\n<p>En raz\u00f3n de la falta de informaci\u00f3n oficial y las falencias en la efectiva aplicaci\u00f3n de la Ley de Salud Mental, en 2017 la CPM junto a los organismos que componen el ORL trabaj\u00f3 en las comisiones de ni\u00f1ez y salud mental, monitoreo y seguimiento y adecuaci\u00f3n legislativa para relevar y sistematizar datos sobre poblaci\u00f3n, externaciones, reiternaciones, n\u00famero de internaciones que se prolongan por razones sociales o de vivienda y la evoluci\u00f3n de las tasas de mortalidad.<\/p>\n<p>Al mismo tiempo, se acordaron estrategias y se aprobaron resoluciones para adecuar los dispositivos de salud mental a la normativa vigente. En ese marco se plate\u00f3 la ilegalidad y regresividad del proyecto de reforma de la ley de salud mental a nivel nacional que, de aprobarse, implicar\u00eda la vuelta a las pr\u00e1cticas de manicomializaci\u00f3n.\u00a0\u00a0<\/p>\n<p>[\/et_pb_text][\/et_pb_column][\/et_pb_row][\/et_pb_section][et_pb_section fb_built=\u00bb1&#8243; _builder_version=\u00bb4.16&#8243; custom_padding=\u00bb40px||0px|\u00bb global_colors_info=\u00bb{}\u00bb][et_pb_row _builder_version=\u00bb4.16&#8243; background_size=\u00bbinitial\u00bb background_position=\u00bbtop_left\u00bb background_repeat=\u00bbrepeat\u00bb custom_padding=\u00bb0px||0px|\u00bb global_colors_info=\u00bb{}\u00bb][et_pb_column type=\u00bb4_4&#8243; _builder_version=\u00bb4.16&#8243; custom_padding=\u00bb|||\u00bb global_colors_info=\u00bb{}\u00bb custom_padding__hover=\u00bb|||\u00bb][et_pb_image src=\u00bbhttps:\/\/www.comisionporlamemoria.org\/justiciayseguridad\/wp-content\/uploads\/sites\/11\/2017\/02\/SEPARADOR2.jpg\u00bb align_tablet=\u00bbcenter\u00bb align_last_edited=\u00bbon|desktop\u00bb _builder_version=\u00bb4.16&#8243; custom_margin=\u00bb0px||0px|\u00bb custom_css_main_element=\u00bbheight: 15px !important;\u00bb animation=\u00bboff\u00bb global_colors_info=\u00bb{}\u00bb align_phone=\u00bbcenter\u00bb][\/et_pb_image][\/et_pb_column][\/et_pb_row][\/et_pb_section]<\/p>\n","protected":false},"excerpt":{"rendered":"<p>HOSPITAL ESTEVESEn el 2014, se present\u00f3 un habeas corpus colectivo a favor de las personas internadas en el hospital Jos\u00e9 Esteves por las graves violaciones a los derechos humanos y las deplorables condiciones de internaci\u00f3n. Luego de una demora de tres a\u00f1os, y en base a las pericias realizadas, el juzgado de garant\u00edas N 6 [&hellip;]<\/p>\n","protected":false},"author":8,"featured_media":0,"parent":0,"menu_order":0,"comment_status":"closed","ping_status":"closed","template":"","meta":{"_et_pb_use_builder":"on","_et_pb_old_content":"","_et_gb_content_width":"","footnotes":""},"class_list":["post-4232","page","type-page","status-publish","hentry"],"jetpack_sharing_enabled":true,"_links":{"self":[{"href":"https:\/\/www.comisionporlamemoria.org\/justiciayseguridad\/wp-json\/wp\/v2\/pages\/4232","targetHints":{"allow":["GET"]}}],"collection":[{"href":"https:\/\/www.comisionporlamemoria.org\/justiciayseguridad\/wp-json\/wp\/v2\/pages"}],"about":[{"href":"https:\/\/www.comisionporlamemoria.org\/justiciayseguridad\/wp-json\/wp\/v2\/types\/page"}],"author":[{"embeddable":true,"href":"https:\/\/www.comisionporlamemoria.org\/justiciayseguridad\/wp-json\/wp\/v2\/users\/8"}],"replies":[{"embeddable":true,"href":"https:\/\/www.comisionporlamemoria.org\/justiciayseguridad\/wp-json\/wp\/v2\/comments?post=4232"}],"version-history":[{"count":0,"href":"https:\/\/www.comisionporlamemoria.org\/justiciayseguridad\/wp-json\/wp\/v2\/pages\/4232\/revisions"}],"wp:attachment":[{"href":"https:\/\/www.comisionporlamemoria.org\/justiciayseguridad\/wp-json\/wp\/v2\/media?parent=4232"}],"curies":[{"name":"wp","href":"https:\/\/api.w.org\/{rel}","templated":true}]}}