{"id":4236,"date":"2017-02-15T20:22:56","date_gmt":"2017-02-15T20:22:56","guid":{"rendered":"http:\/\/www.comisionporlamemoria.org\/justiciayseguridad\/?page_id=4236"},"modified":"2018-04-06T16:15:52","modified_gmt":"2018-04-06T16:15:52","slug":"pueblos-originarios-intervenciones","status":"publish","type":"page","link":"https:\/\/www.comisionporlamemoria.org\/justiciayseguridad\/pueblos-originarios-intervenciones\/","title":{"rendered":"Pueblos originarios &#8211; Intervenciones"},"content":{"rendered":"<p>[et_pb_section fb_built=\u00bb1&#8243; admin_label=\u00bbSecci\u00f3n\u00bb _builder_version=\u00bb3.0.47&#8243; background_image=\u00bbhttps:\/\/www.comisionporlamemoria.org\/justiciayseguridad\/wp-content\/uploads\/sites\/11\/2017\/05\/bg-cabeceras.jpg\u00bb custom_padding=\u00bb0px||0px|\u00bb transparent_background=\u00bboff\u00bb][et_pb_row custom_padding=\u00bb27px|0px|0px|0px\u00bb admin_label=\u00bbFila\u00bb _builder_version=\u00bb3.0.47&#8243; background_size=\u00bbinitial\u00bb background_position=\u00bbtop_left\u00bb background_repeat=\u00bbrepeat\u00bb][et_pb_column type=\u00bb2_3&#8243; _builder_version=\u00bb3.0.47&#8243; parallax=\u00bboff\u00bb parallax_method=\u00bbon\u00bb][et_pb_post_title meta=\u00bboff\u00bb featured_image=\u00bboff\u00bb admin_label=\u00bbT\u00edtulo de publicaci\u00f3n\u00bb _builder_version=\u00bb3.0.47&#8243; title_font=\u00bb|on||on|\u00bb title_font_size=\u00bb40&#8243; title_text_color=\u00bb#ffffff\u00bb background_color=\u00bb#424242&#8243; custom_margin=\u00bb80px||10px|\u00bb custom_padding=\u00bb13px|10px||15px\u00bb use_border_color=\u00bboff\u00bb border_color=\u00bb#ffffff\u00bb border_style=\u00bbsolid\u00bb parallax_effect=\u00bboff\u00bb module_bg_color=\u00bb#424242&#8243;][\/et_pb_post_title][\/et_pb_column][et_pb_column type=\u00bb1_3&#8243; _builder_version=\u00bb3.0.47&#8243; parallax=\u00bboff\u00bb parallax_method=\u00bbon\u00bb][\/et_pb_column][\/et_pb_row][\/et_pb_section][et_pb_section fb_built=\u00bb1&#8243; admin_label=\u00bbSecci\u00f3n\u00bb _builder_version=\u00bb3.0.47&#8243; custom_padding=\u00bb40px|0px|0px|0px\u00bb transparent_background=\u00bboff\u00bb][et_pb_row use_custom_gutter=\u00bbon\u00bb gutter_width=\u00bb1&#8243; custom_padding=\u00bb0px|0px|0px|0px\u00bb custom_margin=\u00bb35px|||\u00bb make_equal=\u00bbon\u00bb background_color_1=\u00bb#666699&#8243; background_color_2=\u00bb#e0e0e0&#8243; parallax_method_1=\u00bboff\u00bb parallax_method_2=\u00bboff\u00bb admin_label=\u00bbFila\u00bb _builder_version=\u00bb3.0.47&#8243; background_size=\u00bbinitial\u00bb background_position=\u00bbtop_left\u00bb background_repeat=\u00bbrepeat\u00bb][et_pb_column type=\u00bb1_3&#8243; _builder_version=\u00bb3.0.47&#8243; background_color=\u00bb#666699&#8243; parallax=\u00bboff\u00bb parallax_method=\u00bboff\u00bb][et_pb_text background_layout=\u00bbdark\u00bb admin_label=\u00bbTexto\u00bb _builder_version=\u00bb3.0.47&#8243; text_text_color=\u00bb#ffffff\u00bb header_text_color=\u00bb#ffffff\u00bb background_size=\u00bbinitial\u00bb background_position=\u00bbtop_left\u00bb background_repeat=\u00bbrepeat\u00bb custom_margin=\u00bb0px|0px|0px|0px\u00bb custom_padding=\u00bb20px||0px|20px\u00bb use_border_color=\u00bboff\u00bb border_color=\u00bb#ffffff\u00bb border_style=\u00bbsolid\u00bb]<\/p>\n<h3><strong>SER INMIGRANTE NO ES ILEGAL\u00a0<\/strong><\/h3>\n<p>[\/et_pb_text][\/et_pb_column][et_pb_column type=\u00bb2_3&#8243; _builder_version=\u00bb3.0.47&#8243; background_color=\u00bb#e0e0e0&#8243; parallax=\u00bboff\u00bb parallax_method=\u00bboff\u00bb][et_pb_text admin_label=\u00bbTexto\u00bb _builder_version=\u00bb3.0.47&#8243; background_size=\u00bbinitial\u00bb background_position=\u00bbtop_left\u00bb background_repeat=\u00bbrepeat\u00bb custom_margin=\u00bb0px|0px|0px|0px\u00bb custom_padding=\u00bb20px|20px|20px|20px\u00bb use_border_color=\u00bboff\u00bb border_color=\u00bb#ffffff\u00bb border_style=\u00bbsolid\u00bb]<\/p>\n<p>En 2017 se acompa\u00f1\u00f3 a las comunidades migrantes de la regi\u00f3n de La Plata y organiz\u00f3 diversas actividades para difundir los alcances del decreto 70\/2017, que reform\u00f3 la ley de migraciones: este decreto inconstitucional e ilegal, equipara la condici\u00f3n de migrante con delincuente y consagra un mecanismo para la criminalizaci\u00f3n y deportaci\u00f3n.<\/p>\n<p>[\/et_pb_text][\/et_pb_column][\/et_pb_row][et_pb_row use_custom_gutter=\u00bbon\u00bb gutter_width=\u00bb1&#8243; custom_padding=\u00bb0px|0px|0px|0px\u00bb custom_margin=\u00bb35px|||\u00bb make_equal=\u00bbon\u00bb background_color_1=\u00bb#666699&#8243; background_color_2=\u00bb#e0e0e0&#8243; parallax_method_1=\u00bboff\u00bb parallax_method_2=\u00bboff\u00bb admin_label=\u00bbFila\u00bb _builder_version=\u00bb3.0.47&#8243; background_size=\u00bbinitial\u00bb background_position=\u00bbtop_left\u00bb background_repeat=\u00bbrepeat\u00bb][et_pb_column type=\u00bb1_3&#8243; _builder_version=\u00bb3.0.47&#8243; background_color=\u00bb#666699&#8243; parallax=\u00bboff\u00bb parallax_method=\u00bboff\u00bb][et_pb_text background_layout=\u00bbdark\u00bb admin_label=\u00bbTexto\u00bb _builder_version=\u00bb3.0.47&#8243; text_text_color=\u00bb#ffffff\u00bb header_text_color=\u00bb#ffffff\u00bb background_size=\u00bbinitial\u00bb background_position=\u00bbtop_left\u00bb background_repeat=\u00bbrepeat\u00bb custom_margin=\u00bb0px|0px|0px|0px\u00bb custom_padding=\u00bb20px||0px|20px\u00bb use_border_color=\u00bboff\u00bb border_color=\u00bb#ffffff\u00bb border_style=\u00bbsolid\u00bb]<\/p>\n<h3><strong>IWI IMEMBY: UN AMPARO PARA ACCEDER A LA TIERRA\u00a0<\/strong><\/h3>\n<p>[\/et_pb_text][\/et_pb_column][et_pb_column type=\u00bb2_3&#8243; _builder_version=\u00bb3.0.47&#8243; background_color=\u00bb#e0e0e0&#8243; parallax=\u00bboff\u00bb parallax_method=\u00bboff\u00bb][et_pb_text admin_label=\u00bbTexto\u00bb _builder_version=\u00bb3.0.47&#8243; background_size=\u00bbinitial\u00bb background_position=\u00bbtop_left\u00bb background_repeat=\u00bbrepeat\u00bb custom_margin=\u00bb0px|0px|0px|0px\u00bb custom_padding=\u00bb20px|20px|20px|20px\u00bb use_border_color=\u00bboff\u00bb border_color=\u00bb#ffffff\u00bb border_style=\u00bbsolid\u00bb]<\/p>\n<p>En 2017 se promovi\u00f3 un amparo para que se garantice el derecho de acceso a la tierra, amparado por la Constituci\u00f3n Nacional, para el desarrollo humano de la comunidad Iwi Imemby, asentada en el barrio El Peligro de La Plata. El amparo pide que ordene el uso y usufructo de 4 hect\u00e1reas de tierra; mientras tanto, se espera el reclamo de fondo: 150 hect\u00e1reas, en propiedad, para uso y asentamiento de un pueblo que viene padeciendo los despojos desde hace siglos.<\/p>\n<p>[\/et_pb_text][\/et_pb_column][\/et_pb_row][et_pb_row use_custom_gutter=\u00bbon\u00bb gutter_width=\u00bb1&#8243; custom_padding=\u00bb0px|0px|0px|0px\u00bb custom_margin=\u00bb35px|||\u00bb make_equal=\u00bbon\u00bb background_color_1=\u00bb#666699&#8243; background_color_2=\u00bb#e0e0e0&#8243; parallax_method_1=\u00bboff\u00bb parallax_method_2=\u00bboff\u00bb admin_label=\u00bbFila\u00bb _builder_version=\u00bb3.0.47&#8243; background_size=\u00bbinitial\u00bb background_position=\u00bbtop_left\u00bb background_repeat=\u00bbrepeat\u00bb][et_pb_column type=\u00bb1_3&#8243; _builder_version=\u00bb3.0.47&#8243; background_color=\u00bb#666699&#8243; parallax=\u00bboff\u00bb parallax_method=\u00bboff\u00bb][et_pb_text background_layout=\u00bbdark\u00bb admin_label=\u00bbTexto\u00bb _builder_version=\u00bb3.0.47&#8243; text_text_color=\u00bb#ffffff\u00bb header_text_color=\u00bb#ffffff\u00bb background_size=\u00bbinitial\u00bb background_position=\u00bbtop_left\u00bb background_repeat=\u00bbrepeat\u00bb custom_margin=\u00bb0px|0px|0px|0px\u00bb custom_padding=\u00bb20px||0px|20px\u00bb use_border_color=\u00bboff\u00bb border_color=\u00bb#ffffff\u00bb border_style=\u00bbsolid\u00bb]<\/p>\n<h3><strong>JUSTICIA PARA JONES HUALA<\/strong><\/h3>\n<p>[\/et_pb_text][\/et_pb_column][et_pb_column type=\u00bb2_3&#8243; _builder_version=\u00bb3.0.47&#8243; background_color=\u00bb#e0e0e0&#8243; parallax=\u00bboff\u00bb parallax_method=\u00bboff\u00bb][et_pb_text admin_label=\u00bbTexto\u00bb _builder_version=\u00bb3.0.47&#8243; background_size=\u00bbinitial\u00bb background_position=\u00bbtop_left\u00bb background_repeat=\u00bbrepeat\u00bb custom_margin=\u00bb0px|0px|0px|0px\u00bb custom_padding=\u00bb20px|20px|20px|20px\u00bb use_border_color=\u00bboff\u00bb border_color=\u00bb#ffffff\u00bb border_style=\u00bbsolid\u00bb]La CPM intervino en el proceso judicial contra Facundo Jones Huala, Lonko de la comunidad mapuche del departamento de Cushamen, en Esquel, quien fue detenido en el mes de mayo por razones pol\u00edticas. Adem\u00e1s de visitarlo en la c\u00e1rcel en reiteradas oportunidades, la CPM acompa\u00f1\u00f3 el proceso judicial que \u00a0termin\u00f3 con la liberaci\u00f3n de este luchador popular referente de los pueblos originarios.<br \/>\n[\/et_pb_text][\/et_pb_column][\/et_pb_row][et_pb_row use_custom_gutter=\u00bbon\u00bb gutter_width=\u00bb1&#8243; custom_padding=\u00bb0px|0px|0px|0px\u00bb custom_margin=\u00bb35px|||\u00bb make_equal=\u00bbon\u00bb background_color_1=\u00bb#666699&#8243; background_color_2=\u00bb#e0e0e0&#8243; parallax_method_1=\u00bboff\u00bb parallax_method_2=\u00bboff\u00bb admin_label=\u00bbFila\u00bb _builder_version=\u00bb3.0.47&#8243; background_size=\u00bbinitial\u00bb background_position=\u00bbtop_left\u00bb background_repeat=\u00bbrepeat\u00bb][et_pb_column type=\u00bb1_3&#8243; _builder_version=\u00bb3.0.47&#8243; background_color=\u00bb#666699&#8243; parallax=\u00bboff\u00bb parallax_method=\u00bboff\u00bb][et_pb_text background_layout=\u00bbdark\u00bb admin_label=\u00bbTexto\u00bb _builder_version=\u00bb3.0.47&#8243; text_text_color=\u00bb#ffffff\u00bb header_text_color=\u00bb#ffffff\u00bb background_size=\u00bbinitial\u00bb background_position=\u00bbtop_left\u00bb background_repeat=\u00bbrepeat\u00bb custom_margin=\u00bb0px|0px|0px|0px\u00bb custom_padding=\u00bb20px||0px|20px\u00bb use_border_color=\u00bboff\u00bb border_color=\u00bb#ffffff\u00bb border_style=\u00bbsolid\u00bb]<\/p>\n<h3><strong>RECLAMO DE TIERRAS<\/strong><\/h3>\n<p>[\/et_pb_text][\/et_pb_column][et_pb_column type=\u00bb2_3&#8243; _builder_version=\u00bb3.0.47&#8243; background_color=\u00bb#e0e0e0&#8243; parallax=\u00bboff\u00bb parallax_method=\u00bboff\u00bb][et_pb_text admin_label=\u00bbTexto\u00bb _builder_version=\u00bb3.0.47&#8243; background_size=\u00bbinitial\u00bb background_position=\u00bbtop_left\u00bb background_repeat=\u00bbrepeat\u00bb custom_margin=\u00bb0px|0px|0px|0px\u00bb custom_padding=\u00bb20px|20px|20px|20px\u00bb use_border_color=\u00bboff\u00bb border_color=\u00bb#ffffff\u00bb border_style=\u00bbsolid\u00bb]Desde el programa, la CPM realiza un acompa\u00f1amiento a la Comunidad Iwi Imemby (Hijos de la Tierra) en su reclamo de devoluci\u00f3n de tierras aptas y suficientes. Se realizaron gestiones ante la Suprema Corte de Justicia de la Provincia con el fin de que la conformaci\u00f3n del listado de int\u00e9rpretes, creado a ra\u00edz del caso de Reina Maraz, se realice respetando el derecho a la Consulta y Participaci\u00f3n que tienen los Pueblos Ind\u00edgenas, como uno de los derechos fundamentales.<br \/>\n[\/et_pb_text][\/et_pb_column][\/et_pb_row][et_pb_row use_custom_gutter=\u00bbon\u00bb gutter_width=\u00bb1&#8243; custom_padding=\u00bb0px|0px|0px|0px\u00bb custom_margin=\u00bb35px|||\u00bb make_equal=\u00bbon\u00bb background_color_1=\u00bb#666699&#8243; background_color_2=\u00bb#e0e0e0&#8243; parallax_method_1=\u00bboff\u00bb parallax_method_2=\u00bboff\u00bb admin_label=\u00bbFila\u00bb _builder_version=\u00bb3.0.47&#8243; background_size=\u00bbinitial\u00bb background_position=\u00bbtop_left\u00bb background_repeat=\u00bbrepeat\u00bb][et_pb_column type=\u00bb1_3&#8243; _builder_version=\u00bb3.0.47&#8243; background_color=\u00bb#666699&#8243; parallax=\u00bboff\u00bb parallax_method=\u00bboff\u00bb][et_pb_text background_layout=\u00bbdark\u00bb admin_label=\u00bbTexto\u00bb _builder_version=\u00bb3.0.47&#8243; text_text_color=\u00bb#ffffff\u00bb header_text_color=\u00bb#ffffff\u00bb background_size=\u00bbinitial\u00bb background_position=\u00bbtop_left\u00bb background_repeat=\u00bbrepeat\u00bb custom_margin=\u00bb0px|0px|0px|0px\u00bb custom_padding=\u00bb20px||0px|20px\u00bb use_border_color=\u00bboff\u00bb border_color=\u00bb#ffffff\u00bb border_style=\u00bbsolid\u00bb]<\/p>\n<h3><strong>EDUCACI\u00d3N INTERCULTURAL<\/strong><\/h3>\n<p>[\/et_pb_text][\/et_pb_column][et_pb_column type=\u00bb2_3&#8243; _builder_version=\u00bb3.0.47&#8243; background_color=\u00bb#e0e0e0&#8243; parallax=\u00bboff\u00bb parallax_method=\u00bboff\u00bb][et_pb_text admin_label=\u00bbTexto\u00bb _builder_version=\u00bb3.0.47&#8243; background_size=\u00bbinitial\u00bb background_position=\u00bbtop_left\u00bb background_repeat=\u00bbrepeat\u00bb custom_margin=\u00bb0px|0px|0px|0px\u00bb custom_padding=\u00bb20px|20px|20px|20px\u00bb use_border_color=\u00bboff\u00bb border_color=\u00bb#ffffff\u00bb border_style=\u00bbsolid\u00bb]La CPM participa de los encuentros de la Mesa de Educaci\u00f3n Intercultural Autogestionada, con el fin de seguir en el acompa\u00f1amiento al reclamo para que se haga efectiva la Educaci\u00f3n Intercultural Biling\u00fce en la provincia de Buenos Aires. Se trabaj\u00f3 en el proceso de mapeo de las comunidades ind\u00edgenas y organizaciones comunitarias ind\u00edgenas en la provincia de Buenos Aires.<br \/>\n[\/et_pb_text][\/et_pb_column][\/et_pb_row][\/et_pb_section][et_pb_section fb_built=\u00bb1&#8243; admin_label=\u00bbSecci\u00f3n\u00bb _builder_version=\u00bb3.0.47&#8243; custom_padding=\u00bb40px||0px|\u00bb transparent_background=\u00bboff\u00bb][et_pb_row custom_padding=\u00bb0px||0px|\u00bb parallax_method_1=\u00bboff\u00bb admin_label=\u00bbFila\u00bb _builder_version=\u00bb3.0.47&#8243; background_size=\u00bbinitial\u00bb background_position=\u00bbtop_left\u00bb background_repeat=\u00bbrepeat\u00bb][et_pb_column type=\u00bb4_4&#8243; _builder_version=\u00bb3.0.47&#8243; parallax=\u00bboff\u00bb parallax_method=\u00bboff\u00bb][et_pb_image src=\u00bbhttps:\/\/www.comisionporlamemoria.org\/justiciayseguridad\/wp-content\/uploads\/sites\/11\/2017\/02\/SEPARADOR2.jpg\u00bb admin_label=\u00bbImagen\u00bb _builder_version=\u00bb3.0.47&#8243; custom_margin=\u00bb0px||0px|\u00bb custom_css_main_element=\u00bbheight: 15px !important;\u00bb use_border_color=\u00bboff\u00bb border_color=\u00bb#ffffff\u00bb border_style=\u00bbsolid\u00bb animation=\u00bboff\u00bb sticky=\u00bboff\u00bb][\/et_pb_image][\/et_pb_column][\/et_pb_row][\/et_pb_section]<\/p>\n","protected":false},"excerpt":{"rendered":"<p>SER INMIGRANTE NO ES ILEGAL\u00a0En 2017 se acompa\u00f1\u00f3 a las comunidades migrantes de la regi\u00f3n de La Plata y organiz\u00f3 diversas actividades para difundir los alcances del decreto 70\/2017, que reform\u00f3 la ley de migraciones: este decreto inconstitucional e ilegal, equipara la condici\u00f3n de migrante con delincuente y consagra un mecanismo para la criminalizaci\u00f3n y [&hellip;]<\/p>\n","protected":false},"author":8,"featured_media":0,"parent":0,"menu_order":0,"comment_status":"closed","ping_status":"closed","template":"","meta":{"_et_pb_use_builder":"on","_et_pb_old_content":"","_et_gb_content_width":"","footnotes":""},"class_list":["post-4236","page","type-page","status-publish","hentry"],"jetpack_sharing_enabled":true,"_links":{"self":[{"href":"https:\/\/www.comisionporlamemoria.org\/justiciayseguridad\/wp-json\/wp\/v2\/pages\/4236","targetHints":{"allow":["GET"]}}],"collection":[{"href":"https:\/\/www.comisionporlamemoria.org\/justiciayseguridad\/wp-json\/wp\/v2\/pages"}],"about":[{"href":"https:\/\/www.comisionporlamemoria.org\/justiciayseguridad\/wp-json\/wp\/v2\/types\/page"}],"author":[{"embeddable":true,"href":"https:\/\/www.comisionporlamemoria.org\/justiciayseguridad\/wp-json\/wp\/v2\/users\/8"}],"replies":[{"embeddable":true,"href":"https:\/\/www.comisionporlamemoria.org\/justiciayseguridad\/wp-json\/wp\/v2\/comments?post=4236"}],"version-history":[{"count":0,"href":"https:\/\/www.comisionporlamemoria.org\/justiciayseguridad\/wp-json\/wp\/v2\/pages\/4236\/revisions"}],"wp:attachment":[{"href":"https:\/\/www.comisionporlamemoria.org\/justiciayseguridad\/wp-json\/wp\/v2\/media?parent=4236"}],"curies":[{"name":"wp","href":"https:\/\/api.w.org\/{rel}","templated":true}]}}