{"id":4240,"date":"2017-02-15T20:23:31","date_gmt":"2017-02-15T20:23:31","guid":{"rendered":"http:\/\/www.comisionporlamemoria.org\/justiciayseguridad\/?page_id=4240"},"modified":"2023-04-12T19:56:58","modified_gmt":"2023-04-12T19:56:58","slug":"contacto","status":"publish","type":"page","link":"https:\/\/www.comisionporlamemoria.org\/justiciayseguridad\/contacto\/","title":{"rendered":"Contacto"},"content":{"rendered":"<p>[et_pb_section fb_built=\u00bb1&#8243; _builder_version=\u00bb4.16&#8243; background_image=\u00bbhttps:\/\/www.comisionporlamemoria.org\/justiciayseguridad\/wp-content\/uploads\/sites\/11\/2017\/05\/bg-cabeceras.jpg\u00bb custom_padding=\u00bb0px||0px|\u00bb transparent_background=\u00bboff\u00bb global_colors_info=\u00bb{}\u00bb][et_pb_row column_structure=\u00bb1_3,1_3,1_3&#8243; _builder_version=\u00bb4.16&#8243; background_size=\u00bbinitial\u00bb background_position=\u00bbtop_left\u00bb background_repeat=\u00bbrepeat\u00bb custom_padding=\u00bb27px|0px|0px|0px\u00bb global_colors_info=\u00bb{}\u00bb][et_pb_column type=\u00bb1_3&#8243; _builder_version=\u00bb4.16&#8243; custom_padding=\u00bb|||\u00bb global_colors_info=\u00bb{}\u00bb custom_padding__hover=\u00bb|||\u00bb][et_pb_post_title meta=\u00bboff\u00bb featured_image=\u00bboff\u00bb _builder_version=\u00bb4.16&#8243; title_font=\u00bb|on||on|\u00bb title_text_color=\u00bb#ffffff\u00bb title_font_size=\u00bb40&#8243; background_color=\u00bb#424242&#8243; custom_margin=\u00bb80px||10px|\u00bb custom_padding=\u00bb13px|10px||15px\u00bb parallax_effect=\u00bboff\u00bb module_bg_color=\u00bb#424242&#8243; global_colors_info=\u00bb{}\u00bb][\/et_pb_post_title][\/et_pb_column][et_pb_column type=\u00bb1_3&#8243; _builder_version=\u00bb4.16&#8243; custom_padding=\u00bb|||\u00bb global_colors_info=\u00bb{}\u00bb custom_padding__hover=\u00bb|||\u00bb][\/et_pb_column][et_pb_column type=\u00bb1_3&#8243; _builder_version=\u00bb4.16&#8243; custom_padding=\u00bb|||\u00bb global_colors_info=\u00bb{}\u00bb custom_padding__hover=\u00bb|||\u00bb][\/et_pb_column][\/et_pb_row][\/et_pb_section][et_pb_section fb_built=\u00bb1&#8243; _builder_version=\u00bb4.16&#8243; background_color=\u00bbrgba(255,255,255,0)\u00bb custom_padding=\u00bb40px||40px|\u00bb transparent_background=\u00bboff\u00bb global_colors_info=\u00bb{}\u00bb][et_pb_row column_structure=\u00bb1_3,2_3&#8243; _builder_version=\u00bb4.16&#8243; background_image=\u00bbhttps:\/\/www.comisionporlamemoria.org\/justiciayseguridad\/wp-content\/uploads\/sites\/11\/2017\/02\/bg_contacto.jpg\u00bb background_size=\u00bbinitial\u00bb background_position=\u00bbtop_left\u00bb background_repeat=\u00bbrepeat\u00bb custom_margin=\u00bb||0px|\u00bb custom_padding=\u00bb0px||0px|\u00bb global_colors_info=\u00bb{}\u00bb][et_pb_column type=\u00bb1_3&#8243; _builder_version=\u00bb4.16&#8243; custom_padding=\u00bb|||\u00bb global_colors_info=\u00bb{}\u00bb custom_padding__hover=\u00bb|||\u00bb][\/et_pb_column][et_pb_column type=\u00bb2_3&#8243; _builder_version=\u00bb4.16&#8243; custom_padding=\u00bb|||\u00bb global_colors_info=\u00bb{}\u00bb custom_padding__hover=\u00bb|||\u00bb][et_pb_text _builder_version=\u00bb4.20.4&#8243; text_text_color=\u00bb#ffffff\u00bb background_color=\u00bb#424242&#8243; background_size=\u00bbinitial\u00bb background_position=\u00bbtop_left\u00bb background_repeat=\u00bbrepeat\u00bb custom_margin=\u00bb30px||30px|\u00bb custom_padding=\u00bb40px|30px|40px|40px\u00bb hover_enabled=\u00bb0&#8243; global_colors_info=\u00bb{}\u00bb sticky_enabled=\u00bb0&#8243;]<\/p>\n<h3><span style=\"color: #666699;\"><strong>Programa de Monitoreo Territorial de la Violencia Policial<\/strong><\/span><\/h3>\n<p><strong>Tel\u00e9fono:<\/strong> 0221 4262909<br \/><strong>Correo electr\u00f3nico:<\/strong> promovi@comisionporlamemoria.org<\/p>\n<h3><strong><span style=\"color: #666699;\">Programa Litigio Estrat\u00e9gico<\/span><\/strong><\/h3>\n<p><strong>Tel\u00e9fono:<\/strong> 0221 4262937<br \/><strong>Correo electr\u00f3nico:<\/strong> litigioestrategico@comisionporlamemoria.org<\/p>\n<h3><span style=\"color: #666699;\"><strong>Programa Salud Mental<\/strong><\/span><\/h3>\n<p><strong>Tel\u00e9fono:<\/strong> 0221 4262920<br \/><strong>Correo electr\u00f3nico:<\/strong>\u00a0salud@comisionporlamemoria.org<\/p>\n<h3><span style=\"color: #666699;\"><strong>Programa de Ni\u00f1ez<\/strong><\/span><\/h3>\n<p><strong>Tel\u00e9fono:<\/strong> 0221 4262929<br \/><strong>Correo electr\u00f3nico:<\/strong> nna@comisionporlamemoria.org<\/p>\n<p>&nbsp;<\/p>\n<p>&nbsp;<\/p>\n<p>[\/et_pb_text][\/et_pb_column][\/et_pb_row][\/et_pb_section][et_pb_section fb_built=\u00bb1&#8243; _builder_version=\u00bb4.16&#8243; custom_padding=\u00bb0px||0px|\u00bb transparent_background=\u00bboff\u00bb global_colors_info=\u00bb{}\u00bb][et_pb_row _builder_version=\u00bb4.16&#8243; background_size=\u00bbinitial\u00bb background_position=\u00bbtop_left\u00bb background_repeat=\u00bbrepeat\u00bb custom_margin=\u00bb0px||0px|\u00bb custom_padding=\u00bb0px||0px|\u00bb global_colors_info=\u00bb{}\u00bb][et_pb_column type=\u00bb4_4&#8243; _builder_version=\u00bb4.16&#8243; custom_padding=\u00bb|||\u00bb global_colors_info=\u00bb{}\u00bb custom_padding__hover=\u00bb|||\u00bb][et_pb_image src=\u00bbhttps:\/\/www.comisionporlamemoria.org\/justiciayseguridad\/wp-content\/uploads\/sites\/11\/2017\/02\/SEPARADOR2.jpg\u00bb align_tablet=\u00bbcenter\u00bb align_phone=\u00bbcenter\u00bb align_last_edited=\u00bbon|desktop\u00bb _builder_version=\u00bb4.16&#8243; custom_margin=\u00bb0px||0px|\u00bb custom_css_main_element=\u00bbheight: 15px !important;\u00bb animation=\u00bboff\u00bb sticky=\u00bboff\u00bb global_colors_info=\u00bb{}\u00bb][\/et_pb_image][\/et_pb_column][\/et_pb_row][\/et_pb_section]<\/p>\n","protected":false},"excerpt":{"rendered":"<p>Programa de Monitoreo Territorial de la Violencia Policial Tel\u00e9fono: 0221 4262909Correo electr\u00f3nico: promovi@comisionporlamemoria.org Programa Litigio Estrat\u00e9gico Tel\u00e9fono: 0221 4262937Correo electr\u00f3nico: litigioestrategico@comisionporlamemoria.org Programa Salud Mental Tel\u00e9fono: 0221 4262920Correo electr\u00f3nico:\u00a0salud@comisionporlamemoria.org Programa de Ni\u00f1ez Tel\u00e9fono: 0221 4262929Correo electr\u00f3nico: nna@comisionporlamemoria.org &nbsp; &nbsp;<\/p>\n","protected":false},"author":8,"featured_media":0,"parent":0,"menu_order":0,"comment_status":"closed","ping_status":"closed","template":"","meta":{"_et_pb_use_builder":"on","_et_pb_old_content":"","_et_gb_content_width":"","footnotes":""},"class_list":["post-4240","page","type-page","status-publish","hentry"],"jetpack_sharing_enabled":true,"_links":{"self":[{"href":"https:\/\/www.comisionporlamemoria.org\/justiciayseguridad\/wp-json\/wp\/v2\/pages\/4240","targetHints":{"allow":["GET"]}}],"collection":[{"href":"https:\/\/www.comisionporlamemoria.org\/justiciayseguridad\/wp-json\/wp\/v2\/pages"}],"about":[{"href":"https:\/\/www.comisionporlamemoria.org\/justiciayseguridad\/wp-json\/wp\/v2\/types\/page"}],"author":[{"embeddable":true,"href":"https:\/\/www.comisionporlamemoria.org\/justiciayseguridad\/wp-json\/wp\/v2\/users\/8"}],"replies":[{"embeddable":true,"href":"https:\/\/www.comisionporlamemoria.org\/justiciayseguridad\/wp-json\/wp\/v2\/comments?post=4240"}],"version-history":[{"count":0,"href":"https:\/\/www.comisionporlamemoria.org\/justiciayseguridad\/wp-json\/wp\/v2\/pages\/4240\/revisions"}],"wp:attachment":[{"href":"https:\/\/www.comisionporlamemoria.org\/justiciayseguridad\/wp-json\/wp\/v2\/media?parent=4240"}],"curies":[{"name":"wp","href":"https:\/\/api.w.org\/{rel}","templated":true}]}}