{"id":23,"date":"2022-03-22T12:31:28","date_gmt":"2022-03-22T12:31:28","guid":{"rendered":"https:\/\/www.comisionporlamemoria.org\/memoriamalvinas\/?page_id=23"},"modified":"2022-03-29T15:42:15","modified_gmt":"2022-03-29T15:42:15","slug":"la-soberania-es-un-derecho-inalienable-del-pueblo-argentino","status":"publish","type":"page","link":"https:\/\/www.comisionporlamemoria.org\/memoriamalvinas\/la-soberania-es-un-derecho-inalienable-del-pueblo-argentino\/","title":{"rendered":"La soberan\u00eda es un derecho inalienable del pueblo argentino"},"content":{"rendered":"<p><div class=\"fusion-fullwidth fullwidth-box fusion-builder-row-1 fusion-flex-container nonhundred-percent-fullwidth non-hundred-percent-height-scrolling\" style=\"--awb-border-radius-top-left:0px;--awb-border-radius-top-right:0px;--awb-border-radius-bottom-right:0px;--awb-border-radius-bottom-left:0px;--awb-padding-right:60px;--awb-padding-left:60px;--awb-flex-wrap:wrap;\" ><div class=\"fusion-builder-row fusion-row fusion-flex-align-items-flex-start fusion-flex-content-wrap\" style=\"max-width:1248px;margin-left: calc(-4% \/ 2 );margin-right: calc(-4% \/ 2 );\"><div class=\"fusion-layout-column fusion_builder_column fusion-builder-column-0 fusion_builder_column_1_1 1_1 fusion-flex-column\" style=\"--awb-bg-size:cover;--awb-width-large:100%;--awb-margin-top-large:30PX;--awb-spacing-right-large:1.92%;--awb-margin-bottom-large:20px;--awb-spacing-left-large:1.92%;--awb-width-medium:100%;--awb-order-medium:0;--awb-spacing-right-medium:1.92%;--awb-spacing-left-medium:1.92%;--awb-width-small:100%;--awb-order-small:0;--awb-spacing-right-small:1.92%;--awb-spacing-left-small:1.92%;\"><div class=\"fusion-column-wrapper fusion-column-has-shadow fusion-flex-justify-content-flex-start fusion-content-layout-column\"><div class=\"fusion-text fusion-text-1\"><p style=\"text-align: justify;\">El 3 de enero de 1833, el Reino Unido ocup\u00f3 ilegalmente las islas y expuls\u00f3 a las autoridades argentinas, impidiendo su regreso y la radicaci\u00f3n de argentinos provenientes del territorio continental. Desde entonces, la Argentina ha protestado regularmente la ocupaci\u00f3n brit\u00e1nica, ratificando su soberan\u00eda y afirmando que su recuperaci\u00f3n, conforme el derecho internacional, constituye un objetivo permanente e irrenunciable.<\/p>\n<p style=\"text-align: justify;\">Naciones Unidas calific\u00f3 la causa Malvinas como una \u201cparticular situaci\u00f3n colonial\u201d, donde subyace una disputa de soberan\u00eda y, por ende, no resulta aplicable el principio de libre determinaci\u00f3n de los pueblos.<\/p>\n<p style=\"text-align: justify;\">Desde el 16 de diciembre de 1965, a partir de la resoluci\u00f3n 2065 (XX), la Asamblea General invit\u00f3 a la Argentina y el Reino Unido a entablar negociaciones para encontrar una soluci\u00f3n pac\u00edfica y definitiva a la controversia. M\u00e1s de 40 resoluciones de la Asamblea General y del Comit\u00e9 Especial de Descolonizaci\u00f3n han reiterado este llamado.<\/p>\n<p style=\"text-align: justify;\">Tambi\u00e9n la comunidad internacional acompa\u00f1a el llamado al di\u00e1logo y a la negociaci\u00f3n a trav\u00e9s de resoluciones y declaraciones de distintas instancias de organismos regionales y multilaterales, y foros internacionales.<\/p>\n<\/div><\/div><\/div><\/div><\/div><div class=\"fusion-fullwidth fullwidth-box fusion-builder-row-2 fusion-flex-container nonhundred-percent-fullwidth non-hundred-percent-height-scrolling\" style=\"--awb-border-radius-top-left:0px;--awb-border-radius-top-right:0px;--awb-border-radius-bottom-right:0px;--awb-border-radius-bottom-left:0px;--awb-padding-right:60px;--awb-padding-left:60px;--awb-flex-wrap:wrap;\" ><div class=\"fusion-builder-row fusion-row fusion-flex-align-items-flex-start fusion-flex-content-wrap\" style=\"max-width:1248px;margin-left: calc(-4% \/ 2 );margin-right: calc(-4% \/ 2 );\"><div class=\"fusion-layout-column fusion_builder_column fusion-builder-column-1 fusion_builder_column_1_1 1_1 fusion-flex-column\" style=\"--awb-bg-size:cover;--awb-width-large:100%;--awb-margin-top-large:30PX;--awb-spacing-right-large:1.92%;--awb-margin-bottom-large:20px;--awb-spacing-left-large:1.92%;--awb-width-medium:100%;--awb-order-medium:0;--awb-spacing-right-medium:1.92%;--awb-spacing-left-medium:1.92%;--awb-width-small:100%;--awb-order-small:0;--awb-spacing-right-small:1.92%;--awb-spacing-left-small:1.92%;\"><div class=\"fusion-column-wrapper fusion-column-has-shadow fusion-flex-justify-content-flex-start fusion-content-layout-column\"><div class=\"fusion-title title fusion-title-1 fusion-title-center fusion-title-text fusion-title-size-four\" style=\"--awb-margin-top-small:10px;--awb-margin-right-small:0px;--awb-margin-bottom-small:10px;--awb-margin-left-small:0px;\"><div class=\"title-sep-container title-sep-container-left\"><div class=\"title-sep sep-single sep-solid\" style=\"border-color:#e2e2e2;\"><\/div><\/div><span class=\"awb-title-spacer\"><\/span><h4 class=\"fusion-title-heading title-heading-center\" style=\"font-family:&quot;Barlow&quot;;font-style:normal;font-weight:400;margin:0;\">Desmilitarizaci\u00f3n<\/h4><span class=\"awb-title-spacer\"><\/span><div class=\"title-sep-container title-sep-container-right\"><div class=\"title-sep sep-single sep-solid\" style=\"border-color:#e2e2e2;\"><\/div><\/div><\/div><div class=\"fusion-text fusion-text-2\"><p style=\"text-align: justify;\">La base militar brit\u00e1nica en las islas forma parte de la estructura de la OTAN y de la red de bases extranjeras existentes en Latinoam\u00e9rica. El enclave militar viola la resoluci\u00f3n de la Asamblea General de las Naciones Unidas (41\/11) que declara al Atl\u00e1ntico Sur como zona de paz y cooperaci\u00f3n, y tambi\u00e9n los tratados de no proliferaci\u00f3n de armamento nuclear.<\/p>\n<p style=\"text-align: justify;\">La construcci\u00f3n de la base fue una de las consecuencias del conflicto b\u00e9lico de 1982 y su permanente crecimiento se fundamenta en la hip\u00f3tesis de un posible conflicto donde la rep\u00fablica Argentina es vista como la principal amenaza. Sin embargo, la Argentina democr\u00e1tica no es una amenaza para su vida y su libertad: s\u00ed lo es la militarizaci\u00f3n de la regi\u00f3n que amenaza a todas y todos los habitantes de los pa\u00edses de Am\u00e9rica.<\/p>\n<p style=\"text-align: justify;\">La ocupaci\u00f3n de las Islas Malvinas por una potencia colonial que es parte de la OTAN tiene un objetivo estrat\u00e9gico: explotar los recursos naturales, vigilar la regi\u00f3n y controlar el sector ant\u00e1rtico.<\/p>\n<\/div><div class=\"fusion-image-element \" style=\"--awb-liftup-border-radius:0px;--awb-caption-title-font-family:var(--h2_typography-font-family);--awb-caption-title-font-weight:var(--h2_typography-font-weight);--awb-caption-title-font-style:var(--h2_typography-font-style);--awb-caption-title-size:var(--h2_typography-font-size);--awb-caption-title-transform:var(--h2_typography-text-transform);--awb-caption-title-line-height:var(--h2_typography-line-height);--awb-caption-title-letter-spacing:var(--h2_typography-letter-spacing);\"><div class=\"awb-image-frame awb-image-frame-1 imageframe-liftup\"><span class=\" fusion-imageframe imageframe-none imageframe-1\"><a href=\"https:\/\/www.comisionporlamemoria.org\/memoriamalvinas\/wp-content\/uploads\/sites\/16\/sites\/34\/2022\/03\/CPM-Cartel-Danger-1024x683.jpg\" class=\"fusion-lightbox\" data-rel=\"iLightbox[cad0dc2fbdffa6869e8]\" data-title=\"CPM-Cartel-Danger\" title=\"CPM-Cartel-Danger\"><img decoding=\"async\" width=\"1024\" height=\"683\" src=\"https:\/\/www.comisionporlamemoria.org\/memoriamalvinas\/wp-content\/uploads\/sites\/16\/sites\/34\/2022\/03\/CPM-Cartel-Danger-1024x683.jpg\" alt class=\"img-responsive wp-image-185\" srcset=\"https:\/\/www.comisionporlamemoria.org\/memoriamalvinas\/wp-content\/uploads\/sites\/16\/sites\/34\/2022\/03\/CPM-Cartel-Danger-200x133.jpg 200w, https:\/\/www.comisionporlamemoria.org\/memoriamalvinas\/wp-content\/uploads\/sites\/16\/sites\/34\/2022\/03\/CPM-Cartel-Danger-400x267.jpg 400w, https:\/\/www.comisionporlamemoria.org\/memoriamalvinas\/wp-content\/uploads\/sites\/16\/sites\/34\/2022\/03\/CPM-Cartel-Danger-600x400.jpg 600w, https:\/\/www.comisionporlamemoria.org\/memoriamalvinas\/wp-content\/uploads\/sites\/16\/sites\/34\/2022\/03\/CPM-Cartel-Danger-800x533.jpg 800w, https:\/\/www.comisionporlamemoria.org\/memoriamalvinas\/wp-content\/uploads\/sites\/16\/sites\/34\/2022\/03\/CPM-Cartel-Danger-1200x800.jpg 1200w, https:\/\/www.comisionporlamemoria.org\/memoriamalvinas\/wp-content\/uploads\/sites\/16\/sites\/34\/2022\/03\/CPM-Cartel-Danger.jpg 1500w\" sizes=\"(max-width: 640px) 100vw, 1200px\" \/><\/a><\/span><\/div><\/div><div class=\"fusion-builder-row fusion-builder-row-inner fusion-row fusion-flex-align-items-flex-start fusion-flex-content-wrap\" style=\"--awb-flex-grow:0;--awb-flex-grow-medium:0;--awb-flex-grow-small:0;--awb-flex-shrink:0;--awb-flex-shrink-medium:0;--awb-flex-shrink-small:0;width:104% !important;max-width:104% !important;margin-left: calc(-4% \/ 2 );margin-right: calc(-4% \/ 2 );\"><div class=\"fusion-layout-column fusion_builder_column_inner fusion-builder-nested-column-0 fusion_builder_column_inner_1_2 1_2 fusion-flex-column\" style=\"--awb-bg-size:cover;--awb-width-large:50%;--awb-margin-top-large:10px;--awb-spacing-right-large:3.84%;--awb-margin-bottom-large:20px;--awb-spacing-left-large:3.84%;--awb-width-medium:50%;--awb-order-medium:0;--awb-spacing-right-medium:3.84%;--awb-spacing-left-medium:3.84%;--awb-width-small:100%;--awb-order-small:0;--awb-spacing-right-small:1.92%;--awb-spacing-left-small:1.92%;\"><div class=\"fusion-column-wrapper fusion-column-has-shadow fusion-flex-justify-content-flex-start fusion-content-layout-column\"><div class=\"fusion-image-element \" style=\"--awb-liftup-border-radius:0px;--awb-caption-title-font-family:var(--h2_typography-font-family);--awb-caption-title-font-weight:var(--h2_typography-font-weight);--awb-caption-title-font-style:var(--h2_typography-font-style);--awb-caption-title-size:var(--h2_typography-font-size);--awb-caption-title-transform:var(--h2_typography-text-transform);--awb-caption-title-line-height:var(--h2_typography-line-height);--awb-caption-title-letter-spacing:var(--h2_typography-letter-spacing);\"><div class=\"awb-image-frame awb-image-frame-2 imageframe-liftup\"><span class=\" fusion-imageframe imageframe-none imageframe-2\"><a href=\"https:\/\/www.comisionporlamemoria.org\/memoriamalvinas\/wp-content\/uploads\/sites\/16\/sites\/34\/2022\/03\/CPM-no-a-la-militarizacion-1024x683.jpg\" class=\"fusion-lightbox\" data-rel=\"iLightbox[a456deccb9382ab168a]\" data-title=\"CPM-no-a-la-militarizacion\" title=\"CPM-no-a-la-militarizacion\"><img decoding=\"async\" width=\"1024\" height=\"683\" src=\"https:\/\/www.comisionporlamemoria.org\/memoriamalvinas\/wp-content\/uploads\/sites\/16\/sites\/34\/2022\/03\/CPM-no-a-la-militarizacion-1024x683.jpg\" alt class=\"img-responsive wp-image-183\" srcset=\"https:\/\/www.comisionporlamemoria.org\/memoriamalvinas\/wp-content\/uploads\/sites\/16\/sites\/34\/2022\/03\/CPM-no-a-la-militarizacion-200x133.jpg 200w, https:\/\/www.comisionporlamemoria.org\/memoriamalvinas\/wp-content\/uploads\/sites\/16\/sites\/34\/2022\/03\/CPM-no-a-la-militarizacion-400x267.jpg 400w, https:\/\/www.comisionporlamemoria.org\/memoriamalvinas\/wp-content\/uploads\/sites\/16\/sites\/34\/2022\/03\/CPM-no-a-la-militarizacion-600x400.jpg 600w, https:\/\/www.comisionporlamemoria.org\/memoriamalvinas\/wp-content\/uploads\/sites\/16\/sites\/34\/2022\/03\/CPM-no-a-la-militarizacion-800x533.jpg 800w, https:\/\/www.comisionporlamemoria.org\/memoriamalvinas\/wp-content\/uploads\/sites\/16\/sites\/34\/2022\/03\/CPM-no-a-la-militarizacion-1200x800.jpg 1200w\" sizes=\"(max-width: 640px) 100vw, 600px\" \/><\/a><\/span><\/div><\/div><\/div><\/div><div class=\"fusion-layout-column fusion_builder_column_inner fusion-builder-nested-column-1 fusion_builder_column_inner_1_2 1_2 fusion-flex-column\" style=\"--awb-bg-size:cover;--awb-width-large:50%;--awb-margin-top-large:10px;--awb-spacing-right-large:3.84%;--awb-margin-bottom-large:20px;--awb-spacing-left-large:3.84%;--awb-width-medium:50%;--awb-order-medium:0;--awb-spacing-right-medium:3.84%;--awb-spacing-left-medium:3.84%;--awb-width-small:100%;--awb-order-small:0;--awb-spacing-right-small:1.92%;--awb-spacing-left-small:1.92%;\"><div class=\"fusion-column-wrapper fusion-column-has-shadow fusion-flex-justify-content-flex-start fusion-content-layout-column\"><div class=\"fusion-image-element \" style=\"--awb-liftup-border-radius:0px;--awb-caption-title-font-family:var(--h2_typography-font-family);--awb-caption-title-font-weight:var(--h2_typography-font-weight);--awb-caption-title-font-style:var(--h2_typography-font-style);--awb-caption-title-size:var(--h2_typography-font-size);--awb-caption-title-transform:var(--h2_typography-text-transform);--awb-caption-title-line-height:var(--h2_typography-line-height);--awb-caption-title-letter-spacing:var(--h2_typography-letter-spacing);\"><div class=\"awb-image-frame awb-image-frame-3 imageframe-liftup\"><span class=\" fusion-imageframe imageframe-none imageframe-3\"><a href=\"https:\/\/www.comisionporlamemoria.org\/memoriamalvinas\/wp-content\/uploads\/sites\/16\/sites\/34\/2022\/03\/CPM-Nora_en_Malvinas-1024x683.jpg\" class=\"fusion-lightbox\" data-rel=\"iLightbox[d0d6e5561b53806e5c3]\" data-title=\"CPM-Nora_en_Malvinas\" title=\"CPM-Nora_en_Malvinas\"><img decoding=\"async\" width=\"1024\" height=\"683\" src=\"https:\/\/www.comisionporlamemoria.org\/memoriamalvinas\/wp-content\/uploads\/sites\/16\/sites\/34\/2022\/03\/CPM-Nora_en_Malvinas-1024x683.jpg\" alt class=\"img-responsive wp-image-184\" srcset=\"https:\/\/www.comisionporlamemoria.org\/memoriamalvinas\/wp-content\/uploads\/sites\/16\/sites\/34\/2022\/03\/CPM-Nora_en_Malvinas-200x133.jpg 200w, https:\/\/www.comisionporlamemoria.org\/memoriamalvinas\/wp-content\/uploads\/sites\/16\/sites\/34\/2022\/03\/CPM-Nora_en_Malvinas-400x267.jpg 400w, https:\/\/www.comisionporlamemoria.org\/memoriamalvinas\/wp-content\/uploads\/sites\/16\/sites\/34\/2022\/03\/CPM-Nora_en_Malvinas-600x400.jpg 600w, https:\/\/www.comisionporlamemoria.org\/memoriamalvinas\/wp-content\/uploads\/sites\/16\/sites\/34\/2022\/03\/CPM-Nora_en_Malvinas-800x533.jpg 800w, https:\/\/www.comisionporlamemoria.org\/memoriamalvinas\/wp-content\/uploads\/sites\/16\/sites\/34\/2022\/03\/CPM-Nora_en_Malvinas-1200x800.jpg 1200w\" sizes=\"(max-width: 640px) 100vw, 600px\" \/><\/a><\/span><\/div><\/div><\/div><\/div><\/div><\/div><\/div><\/div><\/div><div class=\"fusion-fullwidth fullwidth-box fusion-builder-row-3 fusion-flex-container nonhundred-percent-fullwidth non-hundred-percent-height-scrolling\" style=\"--awb-border-radius-top-left:0px;--awb-border-radius-top-right:0px;--awb-border-radius-bottom-right:0px;--awb-border-radius-bottom-left:0px;--awb-padding-right:60px;--awb-padding-left:60px;--awb-flex-wrap:wrap;\" ><div class=\"fusion-builder-row fusion-row fusion-flex-align-items-flex-start fusion-flex-content-wrap\" style=\"max-width:1248px;margin-left: calc(-4% \/ 2 );margin-right: calc(-4% \/ 2 );\"><div class=\"fusion-layout-column fusion_builder_column fusion-builder-column-2 fusion_builder_column_1_1 1_1 fusion-flex-column\" style=\"--awb-bg-size:cover;--awb-width-large:100%;--awb-margin-top-large:30PX;--awb-spacing-right-large:1.92%;--awb-margin-bottom-large:20px;--awb-spacing-left-large:1.92%;--awb-width-medium:100%;--awb-order-medium:0;--awb-spacing-right-medium:1.92%;--awb-spacing-left-medium:1.92%;--awb-width-small:100%;--awb-order-small:0;--awb-spacing-right-small:1.92%;--awb-spacing-left-small:1.92%;\"><div class=\"fusion-column-wrapper fusion-column-has-shadow fusion-flex-justify-content-flex-start fusion-content-layout-column\"><div class=\"fusion-title title fusion-title-2 fusion-title-center fusion-title-text fusion-title-size-four\" style=\"--awb-margin-top-small:10px;--awb-margin-right-small:0px;--awb-margin-bottom-small:10px;--awb-margin-left-small:0px;\"><div class=\"title-sep-container title-sep-container-left\"><div class=\"title-sep sep-single sep-solid\" style=\"border-color:#e2e2e2;\"><\/div><\/div><span class=\"awb-title-spacer\"><\/span><h4 class=\"fusion-title-heading title-heading-center\" style=\"font-family:&quot;Barlow&quot;;font-style:normal;font-weight:400;margin:0;\">Recursos naturales<\/h4><span class=\"awb-title-spacer\"><\/span><div class=\"title-sep-container title-sep-container-right\"><div class=\"title-sep sep-single sep-solid\" style=\"border-color:#e2e2e2;\"><\/div><\/div><\/div><div class=\"fusion-text fusion-text-3\"><p style=\"text-align: justify;\">El reclamo de soberan\u00eda implica la defensa de la integridad territorial argentina y el derecho sobre los bienes y recursos naturales que all\u00ed se encuentran. En ese sentido, la ocupaci\u00f3n colonial trae aparejada la depredaci\u00f3n ambiental y econ\u00f3mica de los recursos naturales, a trav\u00e9s de actividades de pesca y la explotaci\u00f3n de hidrocarburos.<\/p>\n<p style=\"text-align: justify;\">Los estados ribere\u00f1os, como Argentina, ejercen derechos de soberan\u00eda a los efectos de la exploraci\u00f3n, protecci\u00f3n y explotaci\u00f3n de sus bienes naturales. En otras palabras, Argentina posee derechos sobre las aguas, el espacio a\u00e9reo, el lecho y el subsuelo del mar territorial, y sobre las aguas, el lecho y el subsuelo de la Zona Econ\u00f3mica Exclusiva (ZEE), que se extiende hasta las 200 millas.<\/p>\n<p style=\"text-align: justify;\">En marzo de 2017, gracias al trabajo t\u00e9cnico y cient\u00edfico realizado por la Comisi\u00f3n Nacional del L\u00edmite Exterior de la Plataforma Continental (COPLA) que hab\u00eda sido presentado el 21 de abril de 2009, la Comisi\u00f3n de L\u00edmites de la Plataforma Continental (CLPC) de Naciones Unidas reconoci\u00f3 la extensi\u00f3n geogr\u00e1fica de nuestros derechos de soberan\u00eda sobre los recursos del lecho y subsuelo en m\u00e1s de 1.782.000 km2 de plataforma continental argentina m\u00e1s all\u00e1 de las 200 millas marinas. Al mismo tiempo, al no pronunciarse sobre la zona circundante a Islas Malvinas, Islas Georgias del Sur e Islas Sandwich del Sur, la Comisi\u00f3n reconoci\u00f3 la existencia de una disputa de soberan\u00eda entre la Argentina y el Reino Unido.<\/p>\n<\/div><div class=\"fusion-image-element \" style=\"text-align:center;--awb-liftup-border-radius:0px;--awb-caption-title-font-family:var(--h2_typography-font-family);--awb-caption-title-font-weight:var(--h2_typography-font-weight);--awb-caption-title-font-style:var(--h2_typography-font-style);--awb-caption-title-size:var(--h2_typography-font-size);--awb-caption-title-transform:var(--h2_typography-text-transform);--awb-caption-title-line-height:var(--h2_typography-line-height);--awb-caption-title-letter-spacing:var(--h2_typography-letter-spacing);\"><div class=\"awb-image-frame awb-image-frame-4 imageframe-liftup\"><span class=\" fusion-imageframe imageframe-none imageframe-4\"><a href=\"https:\/\/www.comisionporlamemoria.org\/memoriamalvinas\/wp-content\/uploads\/sites\/16\/sites\/34\/2022\/03\/Mapa-Espacios-Maritimos-773x1024.jpg\" class=\"fusion-lightbox\" data-rel=\"iLightbox[9558accdb7ea9ace6f2]\" data-title=\"Mapa Espacios Mar\u00edtimos\" title=\"Mapa Espacios Mar\u00edtimos\"><img decoding=\"async\" width=\"773\" height=\"1024\" src=\"https:\/\/www.comisionporlamemoria.org\/memoriamalvinas\/wp-content\/uploads\/sites\/16\/sites\/34\/2022\/03\/Mapa-Espacios-Maritimos-773x1024.jpg\" alt class=\"img-responsive wp-image-181\" srcset=\"https:\/\/www.comisionporlamemoria.org\/memoriamalvinas\/wp-content\/uploads\/sites\/16\/sites\/34\/2022\/03\/Mapa-Espacios-Maritimos-200x265.jpg 200w, https:\/\/www.comisionporlamemoria.org\/memoriamalvinas\/wp-content\/uploads\/sites\/16\/sites\/34\/2022\/03\/Mapa-Espacios-Maritimos-400x530.jpg 400w, https:\/\/www.comisionporlamemoria.org\/memoriamalvinas\/wp-content\/uploads\/sites\/16\/sites\/34\/2022\/03\/Mapa-Espacios-Maritimos-600x795.jpg 600w, https:\/\/www.comisionporlamemoria.org\/memoriamalvinas\/wp-content\/uploads\/sites\/16\/sites\/34\/2022\/03\/Mapa-Espacios-Maritimos-800x1060.jpg 800w, https:\/\/www.comisionporlamemoria.org\/memoriamalvinas\/wp-content\/uploads\/sites\/16\/sites\/34\/2022\/03\/Mapa-Espacios-Maritimos-1200x1590.jpg 1200w, https:\/\/www.comisionporlamemoria.org\/memoriamalvinas\/wp-content\/uploads\/sites\/16\/sites\/34\/2022\/03\/Mapa-Espacios-Maritimos.jpg 1500w\" sizes=\"(max-width: 640px) 100vw, 1200px\" \/><\/a><\/span><\/div><\/div><\/div><\/div><\/div><\/div><\/p>\n","protected":false},"excerpt":{"rendered":"","protected":false},"author":32,"featured_media":0,"parent":0,"menu_order":0,"comment_status":"closed","ping_status":"closed","template":"","meta":{"inline_featured_image":false,"footnotes":""},"class_list":["post-23","page","type-page","status-publish","hentry"],"jetpack_sharing_enabled":true,"_links":{"self":[{"href":"https:\/\/www.comisionporlamemoria.org\/memoriamalvinas\/wp-json\/wp\/v2\/pages\/23","targetHints":{"allow":["GET"]}}],"collection":[{"href":"https:\/\/www.comisionporlamemoria.org\/memoriamalvinas\/wp-json\/wp\/v2\/pages"}],"about":[{"href":"https:\/\/www.comisionporlamemoria.org\/memoriamalvinas\/wp-json\/wp\/v2\/types\/page"}],"author":[{"embeddable":true,"href":"https:\/\/www.comisionporlamemoria.org\/memoriamalvinas\/wp-json\/wp\/v2\/users\/32"}],"replies":[{"embeddable":true,"href":"https:\/\/www.comisionporlamemoria.org\/memoriamalvinas\/wp-json\/wp\/v2\/comments?post=23"}],"version-history":[{"count":0,"href":"https:\/\/www.comisionporlamemoria.org\/memoriamalvinas\/wp-json\/wp\/v2\/pages\/23\/revisions"}],"wp:attachment":[{"href":"https:\/\/www.comisionporlamemoria.org\/memoriamalvinas\/wp-json\/wp\/v2\/media?parent=23"}],"curies":[{"name":"wp","href":"https:\/\/api.w.org\/{rel}","templated":true}]}}