{"id":25,"date":"2022-03-22T12:32:13","date_gmt":"2022-03-22T12:32:13","guid":{"rendered":"https:\/\/www.comisionporlamemoria.org\/memoriamalvinas\/?page_id=25"},"modified":"2022-04-01T19:40:14","modified_gmt":"2022-04-01T19:40:14","slug":"sitio-de-memoria-ex-regimiento-7","status":"publish","type":"page","link":"https:\/\/www.comisionporlamemoria.org\/memoriamalvinas\/sitio-de-memoria-ex-regimiento-7\/","title":{"rendered":"Sitio de memoria Ex Regimiento 7"},"content":{"rendered":"<p><div class=\"fusion-fullwidth fullwidth-box fusion-builder-row-1 fusion-flex-container nonhundred-percent-fullwidth non-hundred-percent-height-scrolling\" style=\"--awb-border-radius-top-left:0px;--awb-border-radius-top-right:0px;--awb-border-radius-bottom-right:0px;--awb-border-radius-bottom-left:0px;--awb-padding-right:60px;--awb-padding-left:60px;--awb-flex-wrap:wrap;\" ><div class=\"fusion-builder-row fusion-row fusion-flex-align-items-flex-start fusion-flex-content-wrap\" style=\"max-width:1248px;margin-left: calc(-4% \/ 2 );margin-right: calc(-4% \/ 2 );\"><div class=\"fusion-layout-column fusion_builder_column fusion-builder-column-0 fusion_builder_column_1_1 1_1 fusion-flex-column\" style=\"--awb-bg-size:cover;--awb-width-large:100%;--awb-margin-top-large:30PX;--awb-spacing-right-large:1.92%;--awb-margin-bottom-large:20px;--awb-spacing-left-large:1.92%;--awb-width-medium:100%;--awb-order-medium:0;--awb-spacing-right-medium:1.92%;--awb-spacing-left-medium:1.92%;--awb-width-small:100%;--awb-order-small:0;--awb-spacing-right-small:1.92%;--awb-spacing-left-small:1.92%;\"><div class=\"fusion-column-wrapper fusion-column-has-shadow fusion-flex-justify-content-flex-start fusion-content-layout-column\"><div class=\"fusion-image-element \" style=\"--awb-liftup-border-radius:0px;--awb-margin-bottom:25px;--awb-caption-title-font-family:var(--h2_typography-font-family);--awb-caption-title-font-weight:var(--h2_typography-font-weight);--awb-caption-title-font-style:var(--h2_typography-font-style);--awb-caption-title-size:var(--h2_typography-font-size);--awb-caption-title-transform:var(--h2_typography-text-transform);--awb-caption-title-line-height:var(--h2_typography-line-height);--awb-caption-title-letter-spacing:var(--h2_typography-letter-spacing);\"><div class=\"awb-image-frame awb-image-frame-1 imageframe-liftup\"><span class=\" fusion-imageframe imageframe-none imageframe-1\"><a href=\"https:\/\/www.comisionporlamemoria.org\/memoriamalvinas\/wp-content\/uploads\/sites\/16\/sites\/34\/2022\/03\/Regimiento-7-La-Plata-1.gif\" class=\"fusion-lightbox\" data-rel=\"iLightbox[28a7152b60a9e5ac3ce]\" data-title=\"Regimiento-7-La-Plata (1)\" title=\"Regimiento-7-La-Plata (1)\"><img decoding=\"async\" width=\"1024\" height=\"684\" src=\"https:\/\/www.comisionporlamemoria.org\/memoriamalvinas\/wp-content\/uploads\/sites\/16\/sites\/34\/2022\/03\/Regimiento-7-La-Plata-1.gif\" alt class=\"img-responsive wp-image-253\"\/><\/a><\/span><\/div><\/div><div class=\"fusion-text fusion-text-1\"><p style=\"text-align: justify;\">\n<p style=\"text-align: justify;\">A partir de una iniciativa impulsada por el CECIM La Plata, con el acompa\u00f1amiento de la Comisi\u00f3n Provincial por la Memoria (CPM), Abuelas y Madres de Plaza de Mayo de La Plata, y otros organismos, el 3 de noviembre de 2016 el Concejo Deliberante declar\u00f3 por unanimidad \u201cSitio de la Memoria\u201d a la Plaza Islas Malvinas y las dependencias del Centro Cultural que se alza en el edificio donde funcion\u00f3 el ex casino de oficiales.<\/p>\n<p style=\"text-align: justify;\">La norma tambi\u00e9n contempla la creaci\u00f3n de la Direcci\u00f3n Espacio de la Memoria Islas Malvinas, dentro de la estructura de la Secretar\u00eda de Cultura y Educaci\u00f3n del Municipio. Sin embargo, a m\u00e1s de cinco a\u00f1os de la sanci\u00f3n de la ordenanza, el Ejecutivo local a\u00fan no la reglament\u00f3.<\/p>\n<p style=\"text-align: justify;\">En el marco de las actividades por el 24 de marzo de 2021, el CECIM La Plata y la CPM pidieron, en forma conjunta, que el ex Regimiento de Infanter\u00eda 7 sea se\u00f1alizado como sitio de memoria en los t\u00e9rminos de la ley 26.691.<\/p>\n<\/div><div class=\"fusion-image-element \" style=\"text-align:center;--awb-liftup-border-radius:0px;--awb-caption-title-font-family:var(--h2_typography-font-family);--awb-caption-title-font-weight:var(--h2_typography-font-weight);--awb-caption-title-font-style:var(--h2_typography-font-style);--awb-caption-title-size:var(--h2_typography-font-size);--awb-caption-title-transform:var(--h2_typography-text-transform);--awb-caption-title-line-height:var(--h2_typography-line-height);--awb-caption-title-letter-spacing:var(--h2_typography-letter-spacing);\"><div class=\"awb-image-frame awb-image-frame-2 imageframe-liftup\"><span class=\" fusion-imageframe imageframe-none imageframe-2\"><a href=\"https:\/\/www.comisionporlamemoria.org\/memoriamalvinas\/wp-content\/uploads\/sites\/16\/sites\/34\/2022\/03\/Memorial-Plaza-Malvinas.jpeg\" class=\"fusion-lightbox\" data-rel=\"iLightbox[7e6861ffc1a76f25da6]\" data-title=\"Memorial Plaza Malvinas\" title=\"Memorial Plaza Malvinas\"><img decoding=\"async\" width=\"1024\" height=\"768\" src=\"https:\/\/www.comisionporlamemoria.org\/memoriamalvinas\/wp-content\/uploads\/sites\/16\/sites\/34\/2022\/03\/Memorial-Plaza-Malvinas.jpeg\" alt class=\"img-responsive wp-image-327\" srcset=\"https:\/\/www.comisionporlamemoria.org\/memoriamalvinas\/wp-content\/uploads\/sites\/16\/sites\/34\/2022\/03\/Memorial-Plaza-Malvinas-200x150.jpeg 200w, https:\/\/www.comisionporlamemoria.org\/memoriamalvinas\/wp-content\/uploads\/sites\/16\/sites\/34\/2022\/03\/Memorial-Plaza-Malvinas-400x300.jpeg 400w, https:\/\/www.comisionporlamemoria.org\/memoriamalvinas\/wp-content\/uploads\/sites\/16\/sites\/34\/2022\/03\/Memorial-Plaza-Malvinas-600x450.jpeg 600w, https:\/\/www.comisionporlamemoria.org\/memoriamalvinas\/wp-content\/uploads\/sites\/16\/sites\/34\/2022\/03\/Memorial-Plaza-Malvinas-800x600.jpeg 800w, https:\/\/www.comisionporlamemoria.org\/memoriamalvinas\/wp-content\/uploads\/sites\/16\/sites\/34\/2022\/03\/Memorial-Plaza-Malvinas.jpeg 1024w\" sizes=\"(max-width: 640px) 100vw, 1024px\" \/><\/a><\/span><\/div><\/div><\/div><\/div><\/div><\/div><div class=\"fusion-fullwidth fullwidth-box fusion-builder-row-2 fusion-flex-container nonhundred-percent-fullwidth non-hundred-percent-height-scrolling\" style=\"--awb-border-radius-top-left:0px;--awb-border-radius-top-right:0px;--awb-border-radius-bottom-right:0px;--awb-border-radius-bottom-left:0px;--awb-margin-top:30px;--awb-margin-bottom:30px;--awb-flex-wrap:wrap;\" ><div class=\"fusion-builder-row fusion-row fusion-flex-align-items-flex-start fusion-flex-content-wrap\" style=\"max-width:1248px;margin-left: calc(-4% \/ 2 );margin-right: calc(-4% \/ 2 );\"><div class=\"fusion-layout-column fusion_builder_column fusion-builder-column-1 fusion_builder_column_1_1 1_1 fusion-flex-column\" style=\"--awb-bg-size:cover;--awb-width-large:100%;--awb-margin-top-large:0px;--awb-spacing-right-large:1.92%;--awb-margin-bottom-large:20px;--awb-spacing-left-large:1.92%;--awb-width-medium:100%;--awb-order-medium:0;--awb-spacing-right-medium:1.92%;--awb-spacing-left-medium:1.92%;--awb-width-small:100%;--awb-order-small:0;--awb-spacing-right-small:1.92%;--awb-spacing-left-small:1.92%;\"><div class=\"fusion-column-wrapper fusion-column-has-shadow fusion-flex-justify-content-flex-start fusion-content-layout-column\"><div class=\"fusion-image-carousel fusion-image-carousel-auto fusion-image-carousel-1 lightbox-enabled fusion-carousel-border\"><div class=\"awb-carousel awb-swiper awb-swiper-carousel awb-carousel--carousel awb-swiper-dots-position-bottom\" data-layout=\"carousel\" data-autoplay=\"yes\" data-autoplayspeed=\"2500\" data-autoplaypause=\"no\" data-columns=\"5\" data-columnsmedium=\"1\" data-columnssmall=\"1\" data-itemmargin=\"13\" data-itemwidth=\"180\" data-touchscroll=\"no\" data-freemode=\"no\" data-imagesize=\"auto\" data-scrollitems=\"0\" data-centeredslides=\"no\" data-rotationangle=\"50\" data-depth=\"100\" data-speed=\"500\" data-shadow=\"no\" data-pagination=\"bullets\" style=\"--awb-border-width:1px;--awb-border-color:#e9eaee;\"><div class=\"swiper-wrapper awb-image-carousel-wrapper fusion-flex-align-items-center\"><div class=\"swiper-slide\"><div class=\"fusion-carousel-item-wrapper\"><div class=\"fusion-image-wrapper hover-type-liftup\"><a data-rel=\"iLightbox[image_carousel_1]\" data-title=\"reg7-1\" aria-label=\"reg7-1\" href=\"https:\/\/www.comisionporlamemoria.org\/memoriamalvinas\/wp-content\/uploads\/sites\/16\/sites\/34\/2022\/03\/reg7-1.jpg\" target=\"_self\"><img decoding=\"async\" width=\"960\" height=\"720\" src=\"https:\/\/www.comisionporlamemoria.org\/memoriamalvinas\/wp-content\/uploads\/sites\/16\/sites\/34\/2022\/03\/reg7-1.jpg\" class=\"attachment-full size-full\" alt=\"\" srcset=\"https:\/\/www.comisionporlamemoria.org\/memoriamalvinas\/wp-content\/uploads\/sites\/16\/sites\/34\/2022\/03\/reg7-1-200x150.jpg 200w, https:\/\/www.comisionporlamemoria.org\/memoriamalvinas\/wp-content\/uploads\/sites\/16\/sites\/34\/2022\/03\/reg7-1-400x300.jpg 400w, https:\/\/www.comisionporlamemoria.org\/memoriamalvinas\/wp-content\/uploads\/sites\/16\/sites\/34\/2022\/03\/reg7-1-600x450.jpg 600w, https:\/\/www.comisionporlamemoria.org\/memoriamalvinas\/wp-content\/uploads\/sites\/16\/sites\/34\/2022\/03\/reg7-1-800x600.jpg 800w, https:\/\/www.comisionporlamemoria.org\/memoriamalvinas\/wp-content\/uploads\/sites\/16\/sites\/34\/2022\/03\/reg7-1.jpg 960w\" sizes=\"(min-width: 2200px) 100vw, (min-width: 1228px) 230px, (min-width: 1156px) 287px, (min-width: 1084px) 383px, (min-width: 1012px) 574px, (min-width: 940px) 1012px, \" \/><\/a><\/div><\/div><\/div><div class=\"swiper-slide\"><div class=\"fusion-carousel-item-wrapper\"><div class=\"fusion-image-wrapper hover-type-liftup\"><a data-rel=\"iLightbox[image_carousel_1]\" data-title=\"reg7-6\" aria-label=\"reg7-6\" href=\"https:\/\/www.comisionporlamemoria.org\/memoriamalvinas\/wp-content\/uploads\/sites\/16\/sites\/34\/2022\/03\/reg7-6.jpg\" target=\"_self\"><img decoding=\"async\" width=\"960\" height=\"720\" src=\"https:\/\/www.comisionporlamemoria.org\/memoriamalvinas\/wp-content\/uploads\/sites\/16\/sites\/34\/2022\/03\/reg7-6.jpg\" class=\"attachment-full size-full\" alt=\"\" srcset=\"https:\/\/www.comisionporlamemoria.org\/memoriamalvinas\/wp-content\/uploads\/sites\/16\/sites\/34\/2022\/03\/reg7-6-200x150.jpg 200w, https:\/\/www.comisionporlamemoria.org\/memoriamalvinas\/wp-content\/uploads\/sites\/16\/sites\/34\/2022\/03\/reg7-6-400x300.jpg 400w, https:\/\/www.comisionporlamemoria.org\/memoriamalvinas\/wp-content\/uploads\/sites\/16\/sites\/34\/2022\/03\/reg7-6-600x450.jpg 600w, https:\/\/www.comisionporlamemoria.org\/memoriamalvinas\/wp-content\/uploads\/sites\/16\/sites\/34\/2022\/03\/reg7-6-800x600.jpg 800w, https:\/\/www.comisionporlamemoria.org\/memoriamalvinas\/wp-content\/uploads\/sites\/16\/sites\/34\/2022\/03\/reg7-6.jpg 960w\" sizes=\"(min-width: 2200px) 100vw, (min-width: 1228px) 230px, (min-width: 1156px) 287px, (min-width: 1084px) 383px, (min-width: 1012px) 574px, (min-width: 940px) 1012px, \" \/><\/a><\/div><\/div><\/div><div class=\"swiper-slide\"><div class=\"fusion-carousel-item-wrapper\"><div class=\"fusion-image-wrapper hover-type-liftup\"><a data-rel=\"iLightbox[image_carousel_1]\" data-title=\"reg7-5\" aria-label=\"reg7-5\" href=\"https:\/\/www.comisionporlamemoria.org\/memoriamalvinas\/wp-content\/uploads\/sites\/16\/sites\/34\/2022\/03\/reg7-5.jpg\" target=\"_self\"><img decoding=\"async\" width=\"960\" height=\"720\" src=\"https:\/\/www.comisionporlamemoria.org\/memoriamalvinas\/wp-content\/uploads\/sites\/16\/sites\/34\/2022\/03\/reg7-5.jpg\" class=\"attachment-full size-full\" alt=\"\" srcset=\"https:\/\/www.comisionporlamemoria.org\/memoriamalvinas\/wp-content\/uploads\/sites\/16\/sites\/34\/2022\/03\/reg7-5-200x150.jpg 200w, https:\/\/www.comisionporlamemoria.org\/memoriamalvinas\/wp-content\/uploads\/sites\/16\/sites\/34\/2022\/03\/reg7-5-400x300.jpg 400w, https:\/\/www.comisionporlamemoria.org\/memoriamalvinas\/wp-content\/uploads\/sites\/16\/sites\/34\/2022\/03\/reg7-5-600x450.jpg 600w, https:\/\/www.comisionporlamemoria.org\/memoriamalvinas\/wp-content\/uploads\/sites\/16\/sites\/34\/2022\/03\/reg7-5-800x600.jpg 800w, https:\/\/www.comisionporlamemoria.org\/memoriamalvinas\/wp-content\/uploads\/sites\/16\/sites\/34\/2022\/03\/reg7-5.jpg 960w\" sizes=\"(min-width: 2200px) 100vw, (min-width: 1228px) 230px, (min-width: 1156px) 287px, (min-width: 1084px) 383px, (min-width: 1012px) 574px, (min-width: 940px) 1012px, \" \/><\/a><\/div><\/div><\/div><div class=\"swiper-slide\"><div class=\"fusion-carousel-item-wrapper\"><div class=\"fusion-image-wrapper hover-type-liftup\"><a data-rel=\"iLightbox[image_carousel_1]\" data-title=\"reg7-3\" aria-label=\"reg7-3\" href=\"https:\/\/www.comisionporlamemoria.org\/memoriamalvinas\/wp-content\/uploads\/sites\/16\/sites\/34\/2022\/03\/reg7-3.jpg\" target=\"_self\"><img decoding=\"async\" width=\"960\" height=\"720\" src=\"https:\/\/www.comisionporlamemoria.org\/memoriamalvinas\/wp-content\/uploads\/sites\/16\/sites\/34\/2022\/03\/reg7-3.jpg\" class=\"attachment-full size-full\" alt=\"\" srcset=\"https:\/\/www.comisionporlamemoria.org\/memoriamalvinas\/wp-content\/uploads\/sites\/16\/sites\/34\/2022\/03\/reg7-3-200x150.jpg 200w, https:\/\/www.comisionporlamemoria.org\/memoriamalvinas\/wp-content\/uploads\/sites\/16\/sites\/34\/2022\/03\/reg7-3-400x300.jpg 400w, https:\/\/www.comisionporlamemoria.org\/memoriamalvinas\/wp-content\/uploads\/sites\/16\/sites\/34\/2022\/03\/reg7-3-600x450.jpg 600w, https:\/\/www.comisionporlamemoria.org\/memoriamalvinas\/wp-content\/uploads\/sites\/16\/sites\/34\/2022\/03\/reg7-3-800x600.jpg 800w, https:\/\/www.comisionporlamemoria.org\/memoriamalvinas\/wp-content\/uploads\/sites\/16\/sites\/34\/2022\/03\/reg7-3.jpg 960w\" sizes=\"(min-width: 2200px) 100vw, (min-width: 1228px) 230px, (min-width: 1156px) 287px, (min-width: 1084px) 383px, (min-width: 1012px) 574px, (min-width: 940px) 1012px, \" \/><\/a><\/div><\/div><\/div><div class=\"swiper-slide\"><div class=\"fusion-carousel-item-wrapper\"><div class=\"fusion-image-wrapper hover-type-liftup\"><a data-rel=\"iLightbox[image_carousel_1]\" data-title=\"reg7-2\" aria-label=\"reg7-2\" href=\"https:\/\/www.comisionporlamemoria.org\/memoriamalvinas\/wp-content\/uploads\/sites\/16\/sites\/34\/2022\/03\/reg7-2.jpg\" target=\"_self\"><img decoding=\"async\" width=\"960\" height=\"720\" src=\"https:\/\/www.comisionporlamemoria.org\/memoriamalvinas\/wp-content\/uploads\/sites\/16\/sites\/34\/2022\/03\/reg7-2.jpg\" class=\"attachment-full size-full\" alt=\"\" srcset=\"https:\/\/www.comisionporlamemoria.org\/memoriamalvinas\/wp-content\/uploads\/sites\/16\/sites\/34\/2022\/03\/reg7-2-200x150.jpg 200w, https:\/\/www.comisionporlamemoria.org\/memoriamalvinas\/wp-content\/uploads\/sites\/16\/sites\/34\/2022\/03\/reg7-2-400x300.jpg 400w, https:\/\/www.comisionporlamemoria.org\/memoriamalvinas\/wp-content\/uploads\/sites\/16\/sites\/34\/2022\/03\/reg7-2-600x450.jpg 600w, https:\/\/www.comisionporlamemoria.org\/memoriamalvinas\/wp-content\/uploads\/sites\/16\/sites\/34\/2022\/03\/reg7-2-800x600.jpg 800w, https:\/\/www.comisionporlamemoria.org\/memoriamalvinas\/wp-content\/uploads\/sites\/16\/sites\/34\/2022\/03\/reg7-2.jpg 960w\" sizes=\"(min-width: 2200px) 100vw, (min-width: 1228px) 230px, (min-width: 1156px) 287px, (min-width: 1084px) 383px, (min-width: 1012px) 574px, (min-width: 940px) 1012px, \" \/><\/a><\/div><\/div><\/div><\/div><div class=\"awb-swiper-button awb-swiper-button-prev\"><i class=\"awb-icon-angle-left\" aria-hidden=\"true\"><\/i><\/div><div class=\"awb-swiper-button awb-swiper-button-next\"><i class=\"awb-icon-angle-right\" aria-hidden=\"true\"><\/i><\/div><\/div><\/div><div class=\"fusion-separator fusion-full-width-sep\" style=\"align-self: center;margin-left: auto;margin-right: auto;width:100%;\"><div class=\"fusion-separator-border sep-shadow\" style=\"--awb-height:20px;--awb-amount:20px;background:radial-gradient(ellipse at 50% -50% , #e2e2e2 0px, rgba(255, 255, 255, 0) 80%) repeat scroll 0 0 rgba(0, 0, 0, 0);background:-webkit-radial-gradient(ellipse at 50% -50% , #e2e2e2 0px, rgba(255, 255, 255, 0) 80%) repeat scroll 0 0 rgba(0, 0, 0, 0);background:-moz-radial-gradient(ellipse at 50% -50% , #e2e2e2 0px, rgba(255, 255, 255, 0) 80%) repeat scroll 0 0 rgba(0, 0, 0, 0);background:-o-radial-gradient(ellipse at 50% -50% , #e2e2e2 0px, rgba(255, 255, 255, 0) 80%) repeat scroll 0 0 rgba(0, 0, 0, 0);\"><\/div><\/div><\/div><\/div><\/div><\/div><div class=\"fusion-fullwidth fullwidth-box fusion-builder-row-3 fusion-flex-container nonhundred-percent-fullwidth non-hundred-percent-height-scrolling\" style=\"--awb-border-radius-top-left:0px;--awb-border-radius-top-right:0px;--awb-border-radius-bottom-right:0px;--awb-border-radius-bottom-left:0px;--awb-padding-right:60px;--awb-padding-left:60px;--awb-margin-bottom:30px;--awb-flex-wrap:wrap;\" ><div class=\"fusion-builder-row fusion-row fusion-flex-align-items-flex-start fusion-flex-content-wrap\" style=\"max-width:1248px;margin-left: calc(-4% \/ 2 );margin-right: calc(-4% \/ 2 );\"><div class=\"fusion-layout-column fusion_builder_column fusion-builder-column-2 fusion_builder_column_1_1 1_1 fusion-flex-column\" style=\"--awb-bg-size:cover;--awb-width-large:100%;--awb-margin-top-large:30PX;--awb-spacing-right-large:1.92%;--awb-margin-bottom-large:20px;--awb-spacing-left-large:1.92%;--awb-width-medium:100%;--awb-order-medium:0;--awb-spacing-right-medium:1.92%;--awb-spacing-left-medium:1.92%;--awb-width-small:100%;--awb-order-small:0;--awb-spacing-right-small:1.92%;--awb-spacing-left-small:1.92%;\"><div class=\"fusion-column-wrapper fusion-column-has-shadow fusion-flex-justify-content-flex-start fusion-content-layout-column\"><div class=\"fusion-title title fusion-title-1 fusion-title-center fusion-title-text fusion-title-size-four\"><div class=\"title-sep-container title-sep-container-left\"><div class=\"title-sep sep-single sep-solid\" style=\"border-color:#e2e2e2;\"><\/div><\/div><span class=\"awb-title-spacer\"><\/span><h4 class=\"fusion-title-heading title-heading-center\" style=\"font-family:&quot;Barlow&quot;;font-style:normal;font-weight:400;margin:0;\">La historia del predio militar<\/h4><span class=\"awb-title-spacer\"><\/span><div class=\"title-sep-container title-sep-container-right\"><div class=\"title-sep sep-single sep-solid\" style=\"border-color:#e2e2e2;\"><\/div><\/div><\/div><div class=\"fusion-text fusion-text-2\"><p style=\"text-align: justify;\">El Regimiento de Infanter\u00eda 7 \u201cCoronel Conde\u201d fue un eslab\u00f3n clave en la coordinaci\u00f3n represiva en la ciudad de La Plata. Ubicado en pleno coraz\u00f3n del eje hist\u00f3rico, en el predio delimitado por las calles 19, 21, 50 y 54, funcion\u00f3 como cabecera del \u00c1rea 113 de la Subzona 11, dependiente del I Cuerpo de Ej\u00e9rcito. Con el retorno de la democracia, la unidad se traslad\u00f3 y, tras la desafectaci\u00f3n del espacio, all\u00ed se cre\u00f3 la Plaza Islas Malvinas.<\/p>\n<p style=\"text-align: justify;\">En el entramado terrorista, el Regimiento actu\u00f3 en complicidad con otras unidades militares y fuerzas de seguridad. Los documentos y testimonios brindados en el escenario de los juicios por cr\u00edmenes de lesa humanidad prueban el uso de las instalaciones de la unidad militar como lugar de detenci\u00f3n y la responsabilidad de su personal en el traslado, detenci\u00f3n, tortura, tormento y asesinato de personas.<\/p>\n<p style=\"text-align: justify;\">En coordinaci\u00f3n con la Polic\u00eda de Camps, el Regimiento particip\u00f3 en los ataques de noviembre de 1976 a tres casas de militantes de montoneros, ubicadas en las calles 63, 139 y 30 de La Plata, donde fueron asesinadas varias personas y secuestrados los menores Nicol\u00e1s Berardi y Clara Anah\u00ed Mariani Teruggi.<\/p>\n<p style=\"text-align: justify;\">Asimismo, el lugar figura como sitio de nacimiento en las partidas falsificadas de dos nietos apropiados, cuyas madres estuvieron detenidas desaparecidas en \u201cLa Cacha\u201d. En ambos casos, los documentos llevan la firma de la ex m\u00e9dica de la Polic\u00eda de la Provincia de Buenos Aires Nora Raquel Manacorda.<\/p>\n<p style=\"text-align: justify;\">En abril de 1982, cientos de soldados conscriptos salieron del Regimiento sin saber que su destino era Malvinas.<\/p>\n<\/div><div class=\"fusion-image-element \" style=\"text-align:center;--awb-liftup-border-radius:0px;--awb-caption-title-font-family:var(--h2_typography-font-family);--awb-caption-title-font-weight:var(--h2_typography-font-weight);--awb-caption-title-font-style:var(--h2_typography-font-style);--awb-caption-title-size:var(--h2_typography-font-size);--awb-caption-title-transform:var(--h2_typography-text-transform);--awb-caption-title-line-height:var(--h2_typography-line-height);--awb-caption-title-letter-spacing:var(--h2_typography-letter-spacing);\"><div class=\"awb-image-frame awb-image-frame-3 imageframe-liftup\"><span class=\" fusion-imageframe imageframe-none imageframe-3\"><a href=\"https:\/\/www.comisionporlamemoria.org\/memoriamalvinas\/wp-content\/uploads\/sites\/16\/sites\/34\/2022\/03\/Referencia18715-1991PAG-78-666x1024.jpg\" class=\"fusion-lightbox\" data-rel=\"iLightbox[286d824b02e00b55341]\" data-title=\"Referencia18715-1991PAG-78\" title=\"Referencia18715-1991PAG-78\"><img decoding=\"async\" width=\"666\" height=\"1024\" src=\"https:\/\/www.comisionporlamemoria.org\/memoriamalvinas\/wp-content\/uploads\/sites\/16\/sites\/34\/2022\/03\/Referencia18715-1991PAG-78-666x1024.jpg\" alt class=\"img-responsive wp-image-188\" srcset=\"https:\/\/www.comisionporlamemoria.org\/memoriamalvinas\/wp-content\/uploads\/sites\/16\/sites\/34\/2022\/03\/Referencia18715-1991PAG-78-200x308.jpg 200w, https:\/\/www.comisionporlamemoria.org\/memoriamalvinas\/wp-content\/uploads\/sites\/16\/sites\/34\/2022\/03\/Referencia18715-1991PAG-78-400x615.jpg 400w, https:\/\/www.comisionporlamemoria.org\/memoriamalvinas\/wp-content\/uploads\/sites\/16\/sites\/34\/2022\/03\/Referencia18715-1991PAG-78-600x923.jpg 600w, https:\/\/www.comisionporlamemoria.org\/memoriamalvinas\/wp-content\/uploads\/sites\/16\/sites\/34\/2022\/03\/Referencia18715-1991PAG-78-800x1230.jpg 800w, https:\/\/www.comisionporlamemoria.org\/memoriamalvinas\/wp-content\/uploads\/sites\/16\/sites\/34\/2022\/03\/Referencia18715-1991PAG-78.jpg 1088w\" sizes=\"(max-width: 640px) 100vw, 666px\" \/><\/a><\/span><\/div><\/div><\/div><\/div><\/div><\/div><\/p>\n","protected":false},"excerpt":{"rendered":"","protected":false},"author":32,"featured_media":0,"parent":0,"menu_order":0,"comment_status":"closed","ping_status":"closed","template":"","meta":{"inline_featured_image":false,"footnotes":""},"class_list":["post-25","page","type-page","status-publish","hentry"],"jetpack_sharing_enabled":true,"_links":{"self":[{"href":"https:\/\/www.comisionporlamemoria.org\/memoriamalvinas\/wp-json\/wp\/v2\/pages\/25","targetHints":{"allow":["GET"]}}],"collection":[{"href":"https:\/\/www.comisionporlamemoria.org\/memoriamalvinas\/wp-json\/wp\/v2\/pages"}],"about":[{"href":"https:\/\/www.comisionporlamemoria.org\/memoriamalvinas\/wp-json\/wp\/v2\/types\/page"}],"author":[{"embeddable":true,"href":"https:\/\/www.comisionporlamemoria.org\/memoriamalvinas\/wp-json\/wp\/v2\/users\/32"}],"replies":[{"embeddable":true,"href":"https:\/\/www.comisionporlamemoria.org\/memoriamalvinas\/wp-json\/wp\/v2\/comments?post=25"}],"version-history":[{"count":0,"href":"https:\/\/www.comisionporlamemoria.org\/memoriamalvinas\/wp-json\/wp\/v2\/pages\/25\/revisions"}],"wp:attachment":[{"href":"https:\/\/www.comisionporlamemoria.org\/memoriamalvinas\/wp-json\/wp\/v2\/media?parent=25"}],"curies":[{"name":"wp","href":"https:\/\/api.w.org\/{rel}","templated":true}]}}