{"id":571,"date":"2017-02-02T13:29:02","date_gmt":"2017-02-02T13:29:02","guid":{"rendered":"http:\/\/www.comisionporlamemoria.org\/museo-nuevo\/?page_id=571"},"modified":"2023-01-23T16:26:12","modified_gmt":"2023-01-23T16:26:12","slug":"visitas-guiadas","status":"publish","type":"page","link":"https:\/\/www.comisionporlamemoria.org\/museo\/visitas-guiadas\/","title":{"rendered":"Recorrido participativo"},"content":{"rendered":"<p>[et_pb_section fb_built=\u00bb1&#8243; admin_label=\u00bbSecci\u00f3n\u00bb _builder_version=\u00bb4.16&#8243; background_image=\u00bbhttps:\/\/www.comisionporlamemoria.org\/museo-nuevo\/wp-content\/uploads\/sites\/18\/2017\/02\/bg_cab_magenta.jpg\u00bb custom_padding=\u00bb0px||0px|\u00bb global_colors_info=\u00bb{}\u00bb][et_pb_row column_structure=\u00bb1_2,1_2&#8243; admin_label=\u00bbFila\u00bb _builder_version=\u00bb4.16&#8243; background_size=\u00bbinitial\u00bb background_position=\u00bbtop_left\u00bb background_repeat=\u00bbrepeat\u00bb custom_padding=\u00bb27px|0px|0px|0px\u00bb global_colors_info=\u00bb{}\u00bb][et_pb_column type=\u00bb1_2&#8243; _builder_version=\u00bb4.16&#8243; custom_padding=\u00bb|||\u00bb global_colors_info=\u00bb{}\u00bb custom_padding__hover=\u00bb|||\u00bb][et_pb_post_title meta=\u00bboff\u00bb featured_image=\u00bboff\u00bb admin_label=\u00bbT\u00edtulo de publicaci\u00f3n\u00bb _builder_version=\u00bb4.16&#8243; title_text_color=\u00bb#ffffff\u00bb title_font_size=\u00bb40&#8243; background_color=\u00bb#424242&#8243; custom_margin=\u00bb80px||10px|\u00bb custom_padding=\u00bb13px|10px||15px\u00bb module_bg_color=\u00bb#424242&#8243; global_colors_info=\u00bb{}\u00bb][\/et_pb_post_title][\/et_pb_column][et_pb_column type=\u00bb1_2&#8243; _builder_version=\u00bb4.16&#8243; custom_padding=\u00bb|||\u00bb global_colors_info=\u00bb{}\u00bb custom_padding__hover=\u00bb|||\u00bb][\/et_pb_column][\/et_pb_row][\/et_pb_section][et_pb_section fb_built=\u00bb1&#8243; admin_label=\u00bbSecci\u00f3n\u00bb _builder_version=\u00bb4.16&#8243; custom_padding=\u00bb40px|0px|0px|0px\u00bb global_colors_info=\u00bb{}\u00bb][et_pb_row column_structure=\u00bb1_4,3_4&#8243; admin_label=\u00bbFila\u00bb _builder_version=\u00bb4.16&#8243; background_size=\u00bbinitial\u00bb background_position=\u00bbtop_left\u00bb background_repeat=\u00bbrepeat\u00bb custom_padding=\u00bb0px|0px|0px|0px\u00bb global_colors_info=\u00bb{}\u00bb][et_pb_column type=\u00bb1_4&#8243; _builder_version=\u00bb4.16&#8243; custom_padding=\u00bb|||\u00bb global_colors_info=\u00bb{}\u00bb custom_padding__hover=\u00bb|||\u00bb][\/et_pb_column][et_pb_column type=\u00bb3_4&#8243; _builder_version=\u00bb4.16&#8243; custom_padding=\u00bb|||\u00bb global_colors_info=\u00bb{}\u00bb custom_padding__hover=\u00bb|||\u00bb][et_pb_text admin_label=\u00bbTexto\u00bb _builder_version=\u00bb4.19.3&#8243; background_size=\u00bbinitial\u00bb background_position=\u00bbtop_left\u00bb background_repeat=\u00bbrepeat\u00bb text_orientation=\u00bbjustified\u00bb custom_margin=\u00bb0px||40px|\u00bb custom_padding=\u00bb0px||0px|\u00bb hover_enabled=\u00bb0&#8243; global_colors_info=\u00bb{}\u00bb sticky_enabled=\u00bb0&#8243;]<\/p>\n<p style=\"text-align: justify;\"><span style=\"font-size: medium;\"><strong><span style=\"color: #ff3f8e;\">La<\/span><\/strong><\/span><span style=\"font-weight: 400;\"> <\/span><span style=\"font-size: medium;\"><strong><span style=\"color: #ff3f8e;\">CPM invita<\/span><\/strong><\/span>\u00a0<span style=\"font-weight: 400;\">a instituciones educativas, organizaciones sociales, culturales y gremiales a solicitar un recorrido participativo a las muestras que se exhiben en la sede del MAM.<\/span><\/p>\n<p style=\"text-align: justify;\"><span style=\"font-weight: 400;\">Se propone a lxs interesadxs un recorrido por las muestras exhibidas y se brinda informaci\u00f3n, a trav\u00e9s de estrategias pedag\u00f3gicas, para pensar los sentidos art\u00edsticos y pol\u00edticos de las obras y de los artistas que exponen en el MAM.<\/span><\/p>\n<p style=\"text-align: justify;\"><span style=\"font-weight: 400;\">La duraci\u00f3n del recorrido es de una hora y media aproximadamente.<\/span><\/p>\n<p style=\"text-align: justify;\"><span style=\"font-weight: 400;\">Los grupos o instituciones que deseen realizar una visita deber\u00e1n acordar un horario y fecha por mail a<\/span>\u00a0<a href=\"mailto:museo@comisionporlamemoria.org\"><span style=\"font-weight: 400;\"><span style=\"font-size: medium;\"><span style=\"color: #ff3f8e;\"><\/span><\/span><\/span><\/a><a style=\"color: #ff3f8e;\" href=\"mailto:museo@comisionporlamemoria.org\">museo@comisionporlamemoria.org<\/a><\/p>\n<p style=\"text-align: justify;\"><span style=\"font-weight: 400;\">El recorrido participativo se propone como un espacio de intercambio y reflexi\u00f3n sobre los temas abordados por las muestras y lo expresado por las obras, el contexto y la biograf\u00eda de lxs artistas.\u00a0<\/span><\/p>\n<p style=\"text-align: justify;\"><span style=\"font-weight: 400;\">Se piensa estrat\u00e9gicamente el recorrido, los contenidos y el di\u00e1logo con el grupo de visitantes a partir de las caracter\u00edsticas particulares, las inquietudes planteadas, los trayectos previos respecto al <\/span><span style=\"font-weight: 400;\">tratamiento del tema que hayan hecho en sus espacios.\u00a0\u00a0<\/span><\/p>\n<p style=\"text-align: justify;\"><span style=\"font-weight: 400;\">Durante el recorrido se hace foco en el di\u00e1logo y la construcci\u00f3n de contenidos planteados por las distintas curadur\u00edas y las b\u00fasquedas de lxs artistas.\u00a0<\/span><\/p>\n<p style=\"text-align: justify;\"><span style=\"font-weight: 400;\">El museo se piensa como \u00e1mbito de experiencia educativa.\u00a0<\/span><\/p>\n<p style=\"text-align: justify;\"><span style=\"font-weight: 400;\">En ese sentido, es inherente al recorrido el di\u00e1logo entre el pasado reciente y el presente, la reflexi\u00f3n y la mirada cr\u00edtica en torno a las causas y las consecuencias\u00a0 de las violaciones a los derechos humanos.<\/span><\/p>\n<p style=\"text-align: justify;\"><span style=\"font-weight: 400;\">A partir de interrogantes, conexiones y la sensibilidad expresada a trav\u00e9s del lenguaje art\u00edstico se invita a la participaci\u00f3n y el aprendizaje.<\/span><\/p>\n<p style=\"text-align: justify;\"><span style=\"font-weight: 400;\">Luego de realizado el recorrido participativo se comparte a lxs docentes, coordinadores, educadores\/as o referentes del grupo, materiales digitales con actividades educativas que les permiten seguir trabajando en sus lugares lo propuesto en las muestras.<\/span><\/p>\n<p style=\"text-align: justify;\"><span style=\"font-weight: 400;\">Estos materiales educativos est\u00e1n pensados como una herramienta facilitadora de la reflexi\u00f3n y que permita a quienes visitan el Museo que la muestra sea un insumo para profundizar y complejizar las diferentes tem\u00e1ticas una vez finalizada la visita.\u00a0<\/span><span style=\"font-size: medium;\"><span style=\"color: #ff3f8e;\"><a style=\"color: #ff3f8e;\" href=\"mailto:museo@comisionporlamemoria.org\"><\/a><\/span><\/span><\/p>\n<p>[\/et_pb_text][\/et_pb_column][\/et_pb_row][\/et_pb_section][et_pb_section fb_built=\u00bb1&#8243; admin_label=\u00bbSecci\u00f3n\u00bb _builder_version=\u00bb4.16&#8243; custom_padding=\u00bb0px||0px|\u00bb global_colors_info=\u00bb{}\u00bb][et_pb_row admin_label=\u00bbFila\u00bb _builder_version=\u00bb4.16&#8243; background_size=\u00bbinitial\u00bb background_position=\u00bbtop_left\u00bb background_repeat=\u00bbrepeat\u00bb custom_margin=\u00bb||0px|\u00bb custom_padding=\u00bb0px||30px|\u00bb global_colors_info=\u00bb{}\u00bb][et_pb_column type=\u00bb4_4&#8243; _builder_version=\u00bb4.16&#8243; custom_padding=\u00bb|||\u00bb global_colors_info=\u00bb{}\u00bb custom_padding__hover=\u00bb|||\u00bb][et_pb_image src=\u00bbhttps:\/\/www.comisionporlamemoria.org\/museo\/wp-content\/uploads\/sites\/18\/2022\/08\/mam_visitas.jpg\u00bb title_text=\u00bbmam_visitas\u00bb align_tablet=\u00bbcenter\u00bb align_phone=\u00bbcenter\u00bb align_last_edited=\u00bbon|desktop\u00bb admin_label=\u00bbImagen\u00bb _builder_version=\u00bb4.17.6&#8243; custom_margin=\u00bb0px||0px|\u00bb animation=\u00bboff\u00bb global_colors_info=\u00bb{}\u00bb][\/et_pb_image][\/et_pb_column][\/et_pb_row][\/et_pb_section][et_pb_section fb_built=\u00bb1&#8243; admin_label=\u00bbSecci\u00f3n\u00bb _builder_version=\u00bb4.16&#8243; custom_padding=\u00bb0px||0px|\u00bb global_colors_info=\u00bb{}\u00bb][et_pb_row admin_label=\u00bbFila\u00bb _builder_version=\u00bb4.16&#8243; background_size=\u00bbinitial\u00bb background_position=\u00bbtop_left\u00bb background_repeat=\u00bbrepeat\u00bb custom_padding=\u00bb0px||0px|\u00bb global_colors_info=\u00bb{}\u00bb][et_pb_column type=\u00bb4_4&#8243; _builder_version=\u00bb4.16&#8243; custom_padding=\u00bb|||\u00bb global_colors_info=\u00bb{}\u00bb custom_padding__hover=\u00bb|||\u00bb][et_pb_image src=\u00bbhttps:\/\/www.comisionporlamemoria.org\/museo-nuevo\/wp-content\/uploads\/sites\/18\/2017\/01\/linea_rayada-1.jpg\u00bb align_tablet=\u00bbcenter\u00bb align_phone=\u00bbcenter\u00bb align_last_edited=\u00bbon|desktop\u00bb admin_label=\u00bbImagen\u00bb _builder_version=\u00bb4.16&#8243; custom_margin=\u00bb0px||0px|\u00bb custom_css_main_element=\u00bbheight: 15px !important;\u00bb animation=\u00bboff\u00bb global_colors_info=\u00bb{}\u00bb][\/et_pb_image][\/et_pb_column][\/et_pb_row][\/et_pb_section]<\/p>\n","protected":false},"excerpt":{"rendered":"<p>La CPM invita\u00a0a instituciones educativas, organizaciones sociales, culturales y gremiales a solicitar un recorrido participativo a las muestras que se exhiben en la sede del MAM. Se propone a lxs interesadxs un recorrido por las muestras exhibidas y se brinda informaci\u00f3n, a trav\u00e9s de estrategias pedag\u00f3gicas, para pensar los sentidos art\u00edsticos y pol\u00edticos de las [&hellip;]<\/p>\n","protected":false},"author":8,"featured_media":0,"parent":0,"menu_order":0,"comment_status":"closed","ping_status":"closed","template":"","meta":{"_et_pb_use_builder":"on","_et_pb_old_content":"","_et_gb_content_width":"","jetpack_post_was_ever_published":false,"footnotes":""},"class_list":["post-571","page","type-page","status-publish","hentry"],"jetpack_sharing_enabled":true,"jetpack_shortlink":"https:\/\/wp.me\/P8lS8U-9d","_links":{"self":[{"href":"https:\/\/www.comisionporlamemoria.org\/museo\/wp-json\/wp\/v2\/pages\/571","targetHints":{"allow":["GET"]}}],"collection":[{"href":"https:\/\/www.comisionporlamemoria.org\/museo\/wp-json\/wp\/v2\/pages"}],"about":[{"href":"https:\/\/www.comisionporlamemoria.org\/museo\/wp-json\/wp\/v2\/types\/page"}],"author":[{"embeddable":true,"href":"https:\/\/www.comisionporlamemoria.org\/museo\/wp-json\/wp\/v2\/users\/8"}],"replies":[{"embeddable":true,"href":"https:\/\/www.comisionporlamemoria.org\/museo\/wp-json\/wp\/v2\/comments?post=571"}],"version-history":[{"count":0,"href":"https:\/\/www.comisionporlamemoria.org\/museo\/wp-json\/wp\/v2\/pages\/571\/revisions"}],"wp:attachment":[{"href":"https:\/\/www.comisionporlamemoria.org\/museo\/wp-json\/wp\/v2\/media?parent=571"}],"curies":[{"name":"wp","href":"https:\/\/api.w.org\/{rel}","templated":true}]}}