{"id":1813,"date":"2026-04-09T17:53:15","date_gmt":"2026-04-09T17:53:15","guid":{"rendered":"https:\/\/www.comisionporlamemoria.org\/programa-cpm-wm\/?page_id=1813"},"modified":"2026-05-08T12:37:45","modified_gmt":"2026-05-08T12:37:45","slug":"programa-de-invierno","status":"publish","type":"page","link":"https:\/\/www.comisionporlamemoria.org\/programa-cpm-wm\/programa-de-invierno\/","title":{"rendered":"Programa de invierno"},"content":{"rendered":"<p><div class=\"fusion-fullwidth fullwidth-box fusion-builder-row-1 fusion-flex-container nonhundred-percent-fullwidth non-hundred-percent-height-scrolling\" style=\"--awb-border-radius-top-left:0px;--awb-border-radius-top-right:0px;--awb-border-radius-bottom-right:0px;--awb-border-radius-bottom-left:0px;--awb-flex-wrap:wrap;\" ><div class=\"fusion-builder-row fusion-row fusion-flex-align-items-flex-start fusion-flex-content-wrap\" style=\"max-width:104%;margin-left: calc(-4% \/ 2 );margin-right: calc(-4% \/ 2 );\"><div class=\"fusion-layout-column fusion_builder_column fusion-builder-column-0 fusion_builder_column_1_6 1_6 fusion-flex-column\" style=\"--awb-bg-size:cover;--awb-width-large:16.666666666667%;--awb-margin-top-large:0px;--awb-spacing-right-large:11.52%;--awb-margin-bottom-large:20px;--awb-spacing-left-large:11.52%;--awb-width-medium:16.666666666667%;--awb-order-medium:0;--awb-spacing-right-medium:11.52%;--awb-spacing-left-medium:11.52%;--awb-width-small:100%;--awb-order-small:0;--awb-spacing-right-small:1.92%;--awb-spacing-left-small:1.92%;\"><div class=\"fusion-column-wrapper fusion-column-has-shadow fusion-flex-justify-content-flex-start fusion-content-layout-column\"><\/div><\/div><div class=\"fusion-layout-column fusion_builder_column fusion-builder-column-1 fusion_builder_column_2_3 2_3 fusion-flex-column\" style=\"--awb-bg-position:center center;--awb-bg-blend:hue;--awb-bg-size:cover;--awb-width-large:66.666666666667%;--awb-margin-top-large:0px;--awb-spacing-right-large:2.88%;--awb-margin-bottom-large:20px;--awb-spacing-left-large:2.88%;--awb-width-medium:66.666666666667%;--awb-order-medium:0;--awb-spacing-right-medium:2.88%;--awb-spacing-left-medium:2.88%;--awb-width-small:100%;--awb-order-small:0;--awb-spacing-right-small:1.92%;--awb-spacing-left-small:1.92%;\"><div class=\"fusion-column-wrapper fusion-column-has-shadow fusion-flex-justify-content-flex-start fusion-content-layout-column\"><div class=\"fusion-title title fusion-title-1 fusion-sep-none fusion-title-text fusion-title-size-four\" style=\"--awb-margin-top-small:10px;--awb-margin-right-small:0px;--awb-margin-bottom-small:10px;--awb-margin-left-small:0px;\"><h4 class=\"fusion-title-heading title-heading-left\" style=\"margin:0;\"><strong>El programa de invierno<\/strong><\/h4><\/div><div class=\"fusion-text fusion-text-1\" style=\"--awb-content-alignment:justify;\"><p>Es una propuesta de formaci\u00f3n intensiva de dos semanas de duraci\u00f3n que se realiza durante el mes de enero, coincidente con el receso invernal (estival en Argentina). El programa brinda herramientas conceptuales para analizar los procesos de memoria y derechos humanos en Argentina a partir de un recorrido dial\u00f3gico entre la historia reciente, marcada por la experiencia del genocidio durante la \u00faltima dictadura militar, y el presente signado por la continuidad de graves vulneraciones de derechos.<\/p>\n<p>El itinerario comienza con conversatorios, entrevistas y visitas a sitios vinculados al terrorismo de estado en Argentina, para luego enfocarse en experiencias locales de promoci\u00f3n de los derechos de los ni\u00f1os, educaci\u00f3n en c\u00e1rceles, y activismos a trav\u00e9s del arte y la cultura. De esta manera, la experiencia formativa propone un abordaje te\u00f3rico a trav\u00e9s del di\u00e1logo y el contacto directo con protagonistas y referentes de las luchas por memoria, justicia y derechos humanos.<\/p>\n<p>El programa se realiza en espa\u00f1ol con interpretaci\u00f3n simult\u00e1nea al ingl\u00e9s, por lo que es una opci\u00f3n tanto para aquellos que quieran mejorar su pr\u00e1ctica del idioma, como para quienes no hablan espa\u00f1ol pero a\u00fan as\u00ed est\u00e1n interesados en tener un acercamiento a la historia y la cultura argentina.<\/p>\n<p>La experiencia incluye:<\/p>\n<ul>\n<li>Di\u00e1logos con sobrevivientes de la violencia estatal y activistas de derechos humanos<\/li>\n<li>Visitas a museos, archivos y ex centros de detenci\u00f3n<\/li>\n<li>Encuentros con organizaciones comunitarias y de base<\/li>\n<li>Talleres art\u00edsticos<\/li>\n<li>Caminatas urbanas<\/li>\n<\/ul>\n<\/div><div class=\"fusion-image-element \" style=\"--awb-caption-title-font-family:var(--h2_typography-font-family);--awb-caption-title-font-weight:var(--h2_typography-font-weight);--awb-caption-title-font-style:var(--h2_typography-font-style);--awb-caption-title-size:var(--h2_typography-font-size);--awb-caption-title-transform:var(--h2_typography-text-transform);--awb-caption-title-line-height:var(--h2_typography-line-height);--awb-caption-title-letter-spacing:var(--h2_typography-letter-spacing);\"><span class=\" fusion-imageframe imageframe-none imageframe-1 hover-type-none\"><img decoding=\"async\" width=\"1365\" height=\"1024\" title=\"hogar padre cajade\" data-src=\"https:\/\/www.comisionporlamemoria.org\/programa-cpm-wm\/wp-content\/uploads\/sites\/16\/sites\/37\/2022\/08\/IMG_3957.jpg\" alt class=\"img-responsive wp-image-66 lazyload\" data-srcset=\"https:\/\/www.comisionporlamemoria.org\/programa-cpm-wm\/wp-content\/uploads\/sites\/16\/sites\/37\/2022\/08\/IMG_3957-200x150.jpg 200w, https:\/\/www.comisionporlamemoria.org\/programa-cpm-wm\/wp-content\/uploads\/sites\/16\/sites\/37\/2022\/08\/IMG_3957-400x300.jpg 400w, https:\/\/www.comisionporlamemoria.org\/programa-cpm-wm\/wp-content\/uploads\/sites\/16\/sites\/37\/2022\/08\/IMG_3957-600x450.jpg 600w, https:\/\/www.comisionporlamemoria.org\/programa-cpm-wm\/wp-content\/uploads\/sites\/16\/sites\/37\/2022\/08\/IMG_3957-800x600.jpg 800w, https:\/\/www.comisionporlamemoria.org\/programa-cpm-wm\/wp-content\/uploads\/sites\/16\/sites\/37\/2022\/08\/IMG_3957-1200x900.jpg 1200w, https:\/\/www.comisionporlamemoria.org\/programa-cpm-wm\/wp-content\/uploads\/sites\/16\/sites\/37\/2022\/08\/IMG_3957.jpg 1365w\" data-sizes=\"(max-width: 640px) 100vw, 1365px\" src=\"data:image\/svg+xml;base64,PHN2ZyB3aWR0aD0iMSIgaGVpZ2h0PSIxIiB4bWxucz0iaHR0cDovL3d3dy53My5vcmcvMjAwMC9zdmciPjwvc3ZnPg==\" style=\"--smush-placeholder-width: 1365px; --smush-placeholder-aspect-ratio: 1365\/1024;\" \/><\/span><\/div><\/div><\/div><div class=\"fusion-layout-column fusion_builder_column fusion-builder-column-2 fusion_builder_column_1_6 1_6 fusion-flex-column\" style=\"--awb-bg-size:cover;--awb-width-large:16.666666666667%;--awb-margin-top-large:0px;--awb-spacing-right-large:11.52%;--awb-margin-bottom-large:20px;--awb-spacing-left-large:11.52%;--awb-width-medium:16.666666666667%;--awb-order-medium:0;--awb-spacing-right-medium:11.52%;--awb-spacing-left-medium:11.52%;--awb-width-small:100%;--awb-order-small:0;--awb-spacing-right-small:1.92%;--awb-spacing-left-small:1.92%;\"><div class=\"fusion-column-wrapper fusion-column-has-shadow fusion-flex-justify-content-flex-start fusion-content-layout-column\"><\/div><\/div><\/div><\/div><div class=\"fusion-fullwidth fullwidth-box fusion-builder-row-2 fusion-flex-container nonhundred-percent-fullwidth non-hundred-percent-height-scrolling\" style=\"--awb-border-radius-top-left:0px;--awb-border-radius-top-right:0px;--awb-border-radius-bottom-right:0px;--awb-border-radius-bottom-left:0px;--awb-flex-wrap:wrap;\" ><div class=\"fusion-builder-row fusion-row fusion-flex-align-items-flex-start fusion-flex-content-wrap\" style=\"max-width:104%;margin-left: calc(-4% \/ 2 );margin-right: calc(-4% \/ 2 );\"><div class=\"fusion-layout-column fusion_builder_column fusion-builder-column-3 fusion_builder_column_1_6 1_6 fusion-flex-column\" style=\"--awb-bg-size:cover;--awb-width-large:16.666666666667%;--awb-margin-top-large:0px;--awb-spacing-right-large:11.52%;--awb-margin-bottom-large:20px;--awb-spacing-left-large:11.52%;--awb-width-medium:16.666666666667%;--awb-order-medium:0;--awb-spacing-right-medium:11.52%;--awb-spacing-left-medium:11.52%;--awb-width-small:100%;--awb-order-small:0;--awb-spacing-right-small:1.92%;--awb-spacing-left-small:1.92%;\"><div class=\"fusion-column-wrapper fusion-column-has-shadow fusion-flex-justify-content-flex-start fusion-content-layout-column\"><\/div><\/div><div class=\"fusion-layout-column fusion_builder_column fusion-builder-column-4 fusion_builder_column_2_3 2_3 fusion-flex-column\" style=\"--awb-bg-position:center center;--awb-bg-blend:hue;--awb-bg-size:cover;--awb-width-large:66.666666666667%;--awb-margin-top-large:0px;--awb-spacing-right-large:2.88%;--awb-margin-bottom-large:20px;--awb-spacing-left-large:2.88%;--awb-width-medium:66.666666666667%;--awb-order-medium:0;--awb-spacing-right-medium:2.88%;--awb-spacing-left-medium:2.88%;--awb-width-small:100%;--awb-order-small:0;--awb-spacing-right-small:1.92%;--awb-spacing-left-small:1.92%;\"><div class=\"fusion-column-wrapper fusion-column-has-shadow fusion-flex-justify-content-flex-start fusion-content-layout-column\"><div class=\"accordian fusion-accordian\" style=\"--awb-border-size:1px;--awb-icon-size:16px;--awb-content-font-size:var(--awb-typography4-font-size);--awb-icon-alignment:left;--awb-hover-color:var(--awb-color2);--awb-border-color:#08703c;--awb-background-color:var(--awb-color1);--awb-divider-color:var(--awb-color3);--awb-divider-hover-color:var(--awb-color3);--awb-icon-color:#08703c;--awb-title-color:#08703c;--awb-content-color:var(--awb-color8);--awb-icon-box-color:#ededed;--awb-toggle-hover-accent-color:var(--awb-color5);--awb-title-font-family:var(--awb-typography1-font-family);--awb-title-font-weight:var(--awb-typography1-font-weight);--awb-title-font-style:var(--awb-typography1-font-style);--awb-title-font-size:24px;--awb-content-font-family:var(--awb-typography4-font-family);--awb-content-font-weight:var(--awb-typography4-font-weight);--awb-content-font-style:var(--awb-typography4-font-style);\"><div class=\"panel-group fusion-toggle-icon-boxed\" id=\"accordion-1813-1\"><div class=\"fusion-panel panel-default panel-36de8995324bddad2 fusion-toggle-no-divider fusion-toggle-boxed-mode\" style=\"--awb-title-color:#08703c;--awb-content-color:var(--awb-color8);\"><div class=\"panel-heading\"><h4 class=\"panel-title toggle\" id=\"toggle_36de8995324bddad2\"><a aria-expanded=\"false\" aria-controls=\"36de8995324bddad2\" role=\"button\" data-toggle=\"collapse\" data-parent=\"#accordion-1813-1\" data-target=\"#36de8995324bddad2\" href=\"#36de8995324bddad2\"><span class=\"fusion-toggle-icon-wrapper\" aria-hidden=\"true\"><i class=\"fa-fusion-box active-icon awb-icon-minus\" aria-hidden=\"true\"><\/i><i class=\"fa-fusion-box inactive-icon awb-icon-plus\" aria-hidden=\"true\"><\/i><\/span><span class=\"fusion-toggle-heading\">ENGLISH VERSION<\/span><\/a><\/h4><\/div><div id=\"36de8995324bddad2\" class=\"panel-collapse collapse \" aria-labelledby=\"toggle_36de8995324bddad2\"><div class=\"panel-body toggle-content fusion-clearfix\">\n<p style=\"text-align: justify;\"><strong>The winter program<\/strong><\/p>\n<p style=\"text-align: justify;\">The winter program offers an intensive experience of academic training in human rights for two weeks. We examine from a critical perspective the articulation between the recent past and the current agenda of human rights in Argentina, reflecting on the policies of memory and promotion and protection of rights.<\/p>\n<p style=\"text-align: justify;\">For 15 days, we meet various human rights activists and organizations, visit emblematic places of recent Argentine history and participate in talks-debate and artistic production workshops.<\/p>\n<p style=\"text-align: justify;\">All activities are coordinated by the CPM in conjunction with other organizations and the vast majority take place in the city of La Plata. There are also short trips to the city of Buenos Aires or the greater Buenos Aires, and some longer trips such as to the city of Mar del Plata.<\/p>\n<\/div><\/div><\/div><\/div><\/div><\/div><\/div><div class=\"fusion-layout-column fusion_builder_column fusion-builder-column-5 fusion_builder_column_1_6 1_6 fusion-flex-column\" style=\"--awb-bg-size:cover;--awb-width-large:16.666666666667%;--awb-margin-top-large:0px;--awb-spacing-right-large:11.52%;--awb-margin-bottom-large:20px;--awb-spacing-left-large:11.52%;--awb-width-medium:16.666666666667%;--awb-order-medium:0;--awb-spacing-right-medium:11.52%;--awb-spacing-left-medium:11.52%;--awb-width-small:100%;--awb-order-small:0;--awb-spacing-right-small:1.92%;--awb-spacing-left-small:1.92%;\"><div class=\"fusion-column-wrapper fusion-column-has-shadow fusion-flex-justify-content-flex-start fusion-content-layout-column\"><\/div><\/div><\/div><\/div><div class=\"fusion-fullwidth fullwidth-box fusion-builder-row-3 fusion-flex-container nonhundred-percent-fullwidth non-hundred-percent-height-scrolling\" style=\"--awb-border-radius-top-left:0px;--awb-border-radius-top-right:0px;--awb-border-radius-bottom-right:0px;--awb-border-radius-bottom-left:0px;--awb-flex-wrap:wrap;\" ><div class=\"fusion-builder-row fusion-row fusion-flex-align-items-flex-start fusion-flex-content-wrap\" style=\"max-width:104%;margin-left: calc(-4% \/ 2 );margin-right: calc(-4% \/ 2 );\"><div class=\"fusion-layout-column fusion_builder_column fusion-builder-column-6 fusion_builder_column_1_6 1_6 fusion-flex-column\" style=\"--awb-bg-size:cover;--awb-width-large:16.666666666667%;--awb-margin-top-large:0px;--awb-spacing-right-large:11.52%;--awb-margin-bottom-large:20px;--awb-spacing-left-large:11.52%;--awb-width-medium:16.666666666667%;--awb-order-medium:0;--awb-spacing-right-medium:11.52%;--awb-spacing-left-medium:11.52%;--awb-width-small:100%;--awb-order-small:0;--awb-spacing-right-small:1.92%;--awb-spacing-left-small:1.92%;\"><div class=\"fusion-column-wrapper fusion-column-has-shadow fusion-flex-justify-content-flex-start fusion-content-layout-column\"><\/div><\/div><div class=\"fusion-layout-column fusion_builder_column fusion-builder-column-7 fusion_builder_column_1_3 1_3 fusion-flex-column\" style=\"--awb-bg-size:cover;--awb-width-large:33.333333333333%;--awb-margin-top-large:0px;--awb-spacing-right-large:5.76%;--awb-margin-bottom-large:20px;--awb-spacing-left-large:5.76%;--awb-width-medium:33.333333333333%;--awb-order-medium:0;--awb-spacing-right-medium:5.76%;--awb-spacing-left-medium:5.76%;--awb-width-small:100%;--awb-order-small:0;--awb-spacing-right-small:1.92%;--awb-spacing-left-small:1.92%;\"><div class=\"fusion-column-wrapper fusion-column-has-shadow fusion-flex-justify-content-center fusion-content-layout-row\"><div ><a class=\"fusion-button button-flat fusion-button-default-size button-default fusion-button-default button-1 fusion-button-default-span fusion-button-default-type\" style=\"--button_text_transform:uppercase;\" target=\"_blank\" rel=\"noopener noreferrer\" href=\"https:\/\/www.comisionporlamemoria.org\/programa-cpm-wm\/wp-content\/uploads\/sites\/16\/sites\/37\/2022\/08\/January2022Schedule.pdf\"><span class=\"fusion-button-text awb-button__text awb-button__text--default\">Cronograma de Enero 2022<\/span><i class=\"fa-angle-double-down fas awb-button__icon awb-button__icon--default button-icon-right\" aria-hidden=\"true\"><\/i><\/a><\/div><\/div><\/div><div class=\"fusion-layout-column fusion_builder_column fusion-builder-column-8 fusion_builder_column_1_3 1_3 fusion-flex-column\" style=\"--awb-bg-size:cover;--awb-width-large:33.333333333333%;--awb-margin-top-large:0px;--awb-spacing-right-large:5.76%;--awb-margin-bottom-large:20px;--awb-spacing-left-large:5.76%;--awb-width-medium:33.333333333333%;--awb-order-medium:0;--awb-spacing-right-medium:5.76%;--awb-spacing-left-medium:5.76%;--awb-width-small:100%;--awb-order-small:0;--awb-spacing-right-small:1.92%;--awb-spacing-left-small:1.92%;\"><div class=\"fusion-column-wrapper fusion-column-has-shadow fusion-flex-justify-content-center fusion-content-layout-row\"><div ><a class=\"fusion-button button-flat fusion-button-default-size button-default fusion-button-default button-2 fusion-button-default-span fusion-button-default-type\" style=\"--button_text_transform:uppercase;\" target=\"_blank\" rel=\"noopener noreferrer\" href=\"https:\/\/www.comisionporlamemoria.org\/programa-cpm-wm\/wp-content\/uploads\/sites\/16\/sites\/37\/2022\/08\/Condiciones-del-convenio.pdf\"><span class=\"fusion-button-text awb-button__text awb-button__text--default\">condiciones del convenio<\/span><i class=\"fa-angle-double-down fas awb-button__icon awb-button__icon--default button-icon-right\" aria-hidden=\"true\"><\/i><\/a><\/div><\/div><\/div><div class=\"fusion-layout-column fusion_builder_column fusion-builder-column-9 fusion_builder_column_1_6 1_6 fusion-flex-column\" style=\"--awb-bg-size:cover;--awb-width-large:16.666666666667%;--awb-margin-top-large:0px;--awb-spacing-right-large:11.52%;--awb-margin-bottom-large:20px;--awb-spacing-left-large:11.52%;--awb-width-medium:16.666666666667%;--awb-order-medium:0;--awb-spacing-right-medium:11.52%;--awb-spacing-left-medium:11.52%;--awb-width-small:100%;--awb-order-small:0;--awb-spacing-right-small:1.92%;--awb-spacing-left-small:1.92%;\"><div class=\"fusion-column-wrapper fusion-column-has-shadow fusion-flex-justify-content-flex-start fusion-content-layout-column\"><\/div><\/div><\/div><\/div><\/p>\n","protected":false},"excerpt":{"rendered":"","protected":false},"author":40,"featured_media":0,"parent":0,"menu_order":0,"comment_status":"closed","ping_status":"closed","template":"","meta":{"footnotes":""},"class_list":["post-1813","page","type-page","status-publish","hentry"],"_links":{"self":[{"href":"https:\/\/www.comisionporlamemoria.org\/programa-cpm-wm\/wp-json\/wp\/v2\/pages\/1813","targetHints":{"allow":["GET"]}}],"collection":[{"href":"https:\/\/www.comisionporlamemoria.org\/programa-cpm-wm\/wp-json\/wp\/v2\/pages"}],"about":[{"href":"https:\/\/www.comisionporlamemoria.org\/programa-cpm-wm\/wp-json\/wp\/v2\/types\/page"}],"author":[{"embeddable":true,"href":"https:\/\/www.comisionporlamemoria.org\/programa-cpm-wm\/wp-json\/wp\/v2\/users\/40"}],"replies":[{"embeddable":true,"href":"https:\/\/www.comisionporlamemoria.org\/programa-cpm-wm\/wp-json\/wp\/v2\/comments?post=1813"}],"version-history":[{"count":0,"href":"https:\/\/www.comisionporlamemoria.org\/programa-cpm-wm\/wp-json\/wp\/v2\/pages\/1813\/revisions"}],"wp:attachment":[{"href":"https:\/\/www.comisionporlamemoria.org\/programa-cpm-wm\/wp-json\/wp\/v2\/media?parent=1813"}],"curies":[{"name":"wp","href":"https:\/\/api.w.org\/{rel}","templated":true}]}}