{"id":1815,"date":"2026-04-09T17:53:52","date_gmt":"2026-04-09T17:53:52","guid":{"rendered":"https:\/\/www.comisionporlamemoria.org\/programa-cpm-wm\/?page_id=1815"},"modified":"2026-05-08T12:37:51","modified_gmt":"2026-05-08T12:37:51","slug":"programa-de-semestre","status":"publish","type":"page","link":"https:\/\/www.comisionporlamemoria.org\/programa-cpm-wm\/programa-de-semestre\/","title":{"rendered":"Programa de semestre"},"content":{"rendered":"<p><div class=\"fusion-fullwidth fullwidth-box fusion-builder-row-1 fusion-flex-container nonhundred-percent-fullwidth non-hundred-percent-height-scrolling\" style=\"--awb-border-radius-top-left:0px;--awb-border-radius-top-right:0px;--awb-border-radius-bottom-right:0px;--awb-border-radius-bottom-left:0px;--awb-flex-wrap:wrap;\" ><div class=\"fusion-builder-row fusion-row fusion-flex-align-items-flex-start fusion-flex-content-wrap\" style=\"max-width:104%;margin-left: calc(-4% \/ 2 );margin-right: calc(-4% \/ 2 );\"><div class=\"fusion-layout-column fusion_builder_column fusion-builder-column-0 fusion_builder_column_1_6 1_6 fusion-flex-column\" style=\"--awb-bg-size:cover;--awb-width-large:16.666666666667%;--awb-margin-top-large:0px;--awb-spacing-right-large:11.52%;--awb-margin-bottom-large:20px;--awb-spacing-left-large:11.52%;--awb-width-medium:16.666666666667%;--awb-order-medium:0;--awb-spacing-right-medium:11.52%;--awb-spacing-left-medium:11.52%;--awb-width-small:100%;--awb-order-small:0;--awb-spacing-right-small:1.92%;--awb-spacing-left-small:1.92%;\"><div class=\"fusion-column-wrapper fusion-column-has-shadow fusion-flex-justify-content-flex-start fusion-content-layout-column\"><\/div><\/div><div class=\"fusion-layout-column fusion_builder_column fusion-builder-column-1 fusion_builder_column_2_3 2_3 fusion-flex-column\" style=\"--awb-bg-position:center center;--awb-bg-blend:hue;--awb-bg-size:cover;--awb-width-large:66.666666666667%;--awb-margin-top-large:0px;--awb-spacing-right-large:2.88%;--awb-margin-bottom-large:20px;--awb-spacing-left-large:2.88%;--awb-width-medium:66.666666666667%;--awb-order-medium:0;--awb-spacing-right-medium:2.88%;--awb-spacing-left-medium:2.88%;--awb-width-small:100%;--awb-order-small:0;--awb-spacing-right-small:1.92%;--awb-spacing-left-small:1.92%;\"><div class=\"fusion-column-wrapper fusion-column-has-shadow fusion-flex-justify-content-flex-start fusion-content-layout-column\"><div class=\"fusion-title title fusion-title-1 fusion-sep-none fusion-title-text fusion-title-size-four\" style=\"--awb-margin-top-small:10px;--awb-margin-right-small:0px;--awb-margin-bottom-small:10px;--awb-margin-left-small:0px;\"><h4 class=\"fusion-title-heading title-heading-left\" style=\"margin:0;\"><strong>El programa de semestre<\/strong><\/h4><\/div><div class=\"fusion-text fusion-text-1\" style=\"--awb-content-alignment:justify;\"><p>El programa de semestre es un programa \u00fanico en el que los estudiantes tienen la oportunidad de formarse y realizar una experiencia de trabajo en un organismo estatal de derechos humanos. Los estudiantes exploran cr\u00edticamente la relaci\u00f3n entre el pasado reciente de Argentina y los desaf\u00edos actuales en derechos humanos, al mismo tiempo que fortalecen sus habilidades en el idioma espa\u00f1ol.<\/p>\n<p>La propuesta se realiza en ambos semestres (febrero-julio y julio-diciembre) y los estudiantes se forman a trav\u00e9s de cursos dictados en la instituci\u00f3n y seminarios cursados en una de las universidades m\u00e1s prestigiosas del pa\u00eds. A su vez realizan visitas a sitios de memoria, encuentros con v\u00edctimas de la violencia estatal y viajes al centro y sur del pa\u00eds donde acceden a conocer la historia a partir del di\u00e1logo con los protagonistas de los procesos de memoria y derechos humanos.<\/p>\n<p>Durante el desarrollo de la \u00faltima etapa del programa, cuando alcanzan un nivel de espa\u00f1ol y de conocimiento de la historia argentina m\u00e1s s\u00f3lido, los estudiantes se integran a los equipos de la instituci\u00f3n para realizar pasant\u00edas en un \u00e1rea de trabajo elegido por ellos: arte y memoria, investigaci\u00f3n, gesti\u00f3n de archivos, salud mental, prisiones, programas educativos para j\u00f3venes, entre otros.<\/p>\n<p>El programa est\u00e1 dictado completamente en espa\u00f1ol y considera la inmersi\u00f3n cultural como parte fundamental de la experiencia, por lo que los estudiantes son alojados con familias locales donde el aprendizaje del idioma y la cultura se comparte a trav\u00e9s de comidas, costumbres y conversaciones cotidianas.<\/p>\n<p>El programa se realiza en La Plata, conocida por ser sede de la universidad, por su vida cultural y por la planificaci\u00f3n urbana. Se destaca por ser una ciudad muy caminable y los estudiantes viven en casas ubicadas a no m\u00e1s de 15 minutos a pie de la sede de la CPM. Se encuentra tambi\u00e9n a 1 hora de la Ciudad de Buenos Aires, lo que permite visitas de fin de semana a la ciudad capital del pa\u00eds.<\/p>\n<\/div><div class=\"fusion-image-element \" style=\"--awb-caption-title-font-family:var(--h2_typography-font-family);--awb-caption-title-font-weight:var(--h2_typography-font-weight);--awb-caption-title-font-style:var(--h2_typography-font-style);--awb-caption-title-size:var(--h2_typography-font-size);--awb-caption-title-transform:var(--h2_typography-text-transform);--awb-caption-title-line-height:var(--h2_typography-line-height);--awb-caption-title-letter-spacing:var(--h2_typography-letter-spacing);\"><span class=\" fusion-imageframe imageframe-none imageframe-1 hover-type-none\"><img decoding=\"async\" width=\"1365\" height=\"1024\" title=\"hogar padre cajade\" data-src=\"https:\/\/www.comisionporlamemoria.org\/programa-cpm-wm\/wp-content\/uploads\/sites\/16\/sites\/37\/2022\/08\/IMG_3957.jpg\" alt class=\"img-responsive wp-image-66 lazyload\" data-srcset=\"https:\/\/www.comisionporlamemoria.org\/programa-cpm-wm\/wp-content\/uploads\/sites\/16\/sites\/37\/2022\/08\/IMG_3957-200x150.jpg 200w, https:\/\/www.comisionporlamemoria.org\/programa-cpm-wm\/wp-content\/uploads\/sites\/16\/sites\/37\/2022\/08\/IMG_3957-400x300.jpg 400w, https:\/\/www.comisionporlamemoria.org\/programa-cpm-wm\/wp-content\/uploads\/sites\/16\/sites\/37\/2022\/08\/IMG_3957-600x450.jpg 600w, https:\/\/www.comisionporlamemoria.org\/programa-cpm-wm\/wp-content\/uploads\/sites\/16\/sites\/37\/2022\/08\/IMG_3957-800x600.jpg 800w, https:\/\/www.comisionporlamemoria.org\/programa-cpm-wm\/wp-content\/uploads\/sites\/16\/sites\/37\/2022\/08\/IMG_3957-1200x900.jpg 1200w, https:\/\/www.comisionporlamemoria.org\/programa-cpm-wm\/wp-content\/uploads\/sites\/16\/sites\/37\/2022\/08\/IMG_3957.jpg 1365w\" data-sizes=\"(max-width: 640px) 100vw, 1365px\" src=\"data:image\/svg+xml;base64,PHN2ZyB3aWR0aD0iMSIgaGVpZ2h0PSIxIiB4bWxucz0iaHR0cDovL3d3dy53My5vcmcvMjAwMC9zdmciPjwvc3ZnPg==\" style=\"--smush-placeholder-width: 1365px; --smush-placeholder-aspect-ratio: 1365\/1024;\" \/><\/span><\/div><\/div><\/div><div class=\"fusion-layout-column fusion_builder_column fusion-builder-column-2 fusion_builder_column_1_6 1_6 fusion-flex-column\" style=\"--awb-bg-size:cover;--awb-width-large:16.666666666667%;--awb-margin-top-large:0px;--awb-spacing-right-large:11.52%;--awb-margin-bottom-large:20px;--awb-spacing-left-large:11.52%;--awb-width-medium:16.666666666667%;--awb-order-medium:0;--awb-spacing-right-medium:11.52%;--awb-spacing-left-medium:11.52%;--awb-width-small:100%;--awb-order-small:0;--awb-spacing-right-small:1.92%;--awb-spacing-left-small:1.92%;\"><div class=\"fusion-column-wrapper fusion-column-has-shadow fusion-flex-justify-content-flex-start fusion-content-layout-column\"><\/div><\/div><\/div><\/div><div class=\"fusion-fullwidth fullwidth-box fusion-builder-row-2 fusion-flex-container nonhundred-percent-fullwidth non-hundred-percent-height-scrolling\" style=\"--awb-border-radius-top-left:0px;--awb-border-radius-top-right:0px;--awb-border-radius-bottom-right:0px;--awb-border-radius-bottom-left:0px;--awb-flex-wrap:wrap;\" ><div class=\"fusion-builder-row fusion-row fusion-flex-align-items-flex-start fusion-flex-content-wrap\" style=\"max-width:104%;margin-left: calc(-4% \/ 2 );margin-right: calc(-4% \/ 2 );\"><div class=\"fusion-layout-column fusion_builder_column fusion-builder-column-3 fusion_builder_column_1_6 1_6 fusion-flex-column\" style=\"--awb-bg-size:cover;--awb-width-large:16.666666666667%;--awb-margin-top-large:0px;--awb-spacing-right-large:11.52%;--awb-margin-bottom-large:20px;--awb-spacing-left-large:11.52%;--awb-width-medium:16.666666666667%;--awb-order-medium:0;--awb-spacing-right-medium:11.52%;--awb-spacing-left-medium:11.52%;--awb-width-small:100%;--awb-order-small:0;--awb-spacing-right-small:1.92%;--awb-spacing-left-small:1.92%;\"><div class=\"fusion-column-wrapper fusion-column-has-shadow fusion-flex-justify-content-flex-start fusion-content-layout-column\"><\/div><\/div><div class=\"fusion-layout-column fusion_builder_column fusion-builder-column-4 fusion_builder_column_2_3 2_3 fusion-flex-column\" style=\"--awb-bg-position:center center;--awb-bg-blend:hue;--awb-bg-size:cover;--awb-width-large:66.666666666667%;--awb-margin-top-large:0px;--awb-spacing-right-large:2.88%;--awb-margin-bottom-large:20px;--awb-spacing-left-large:2.88%;--awb-width-medium:66.666666666667%;--awb-order-medium:0;--awb-spacing-right-medium:2.88%;--awb-spacing-left-medium:2.88%;--awb-width-small:100%;--awb-order-small:0;--awb-spacing-right-small:1.92%;--awb-spacing-left-small:1.92%;\"><div class=\"fusion-column-wrapper fusion-column-has-shadow fusion-flex-justify-content-flex-start fusion-content-layout-column\"><div class=\"accordian fusion-accordian\" style=\"--awb-border-size:1px;--awb-icon-size:16px;--awb-content-font-size:var(--awb-typography4-font-size);--awb-icon-alignment:left;--awb-hover-color:var(--awb-color2);--awb-border-color:#08703c;--awb-background-color:var(--awb-color1);--awb-divider-color:var(--awb-color3);--awb-divider-hover-color:var(--awb-color3);--awb-icon-color:#08703c;--awb-title-color:#08703c;--awb-content-color:var(--awb-color8);--awb-icon-box-color:#ededed;--awb-toggle-hover-accent-color:var(--awb-color5);--awb-title-font-family:var(--awb-typography1-font-family);--awb-title-font-weight:var(--awb-typography1-font-weight);--awb-title-font-style:var(--awb-typography1-font-style);--awb-title-font-size:24px;--awb-content-font-family:var(--awb-typography4-font-family);--awb-content-font-weight:var(--awb-typography4-font-weight);--awb-content-font-style:var(--awb-typography4-font-style);\"><div class=\"panel-group fusion-toggle-icon-boxed\" id=\"accordion-1815-1\"><div class=\"fusion-panel panel-default panel-dd001a49a3ad810e7 fusion-toggle-no-divider fusion-toggle-boxed-mode\" style=\"--awb-title-color:#08703c;--awb-content-color:var(--awb-color8);\"><div class=\"panel-heading\"><h4 class=\"panel-title toggle\" id=\"toggle_dd001a49a3ad810e7\"><a aria-expanded=\"false\" aria-controls=\"dd001a49a3ad810e7\" role=\"button\" data-toggle=\"collapse\" data-parent=\"#accordion-1815-1\" data-target=\"#dd001a49a3ad810e7\" href=\"#dd001a49a3ad810e7\"><span class=\"fusion-toggle-icon-wrapper\" aria-hidden=\"true\"><i class=\"fa-fusion-box active-icon awb-icon-minus\" aria-hidden=\"true\"><\/i><i class=\"fa-fusion-box inactive-icon awb-icon-plus\" aria-hidden=\"true\"><\/i><\/span><span class=\"fusion-toggle-heading\">ENGLISH VERSION<\/span><\/a><\/h4><\/div><div id=\"dd001a49a3ad810e7\" class=\"panel-collapse collapse \" aria-labelledby=\"toggle_dd001a49a3ad810e7\"><div class=\"panel-body toggle-content fusion-clearfix\">\n<p style=\"text-align: justify;\"><strong>The winter program<\/strong><\/p>\n<p style=\"text-align: justify;\">The winter program offers an intensive experience of academic training in human rights for two weeks. We examine from a critical perspective the articulation between the recent past and the current agenda of human rights in Argentina, reflecting on the policies of memory and promotion and protection of rights.<\/p>\n<p style=\"text-align: justify;\">For 15 days, we meet various human rights activists and organizations, visit emblematic places of recent Argentine history and participate in talks-debate and artistic production workshops.<\/p>\n<p style=\"text-align: justify;\">All activities are coordinated by the CPM in conjunction with other organizations and the vast majority take place in the city of La Plata. There are also short trips to the city of Buenos Aires or the greater Buenos Aires, and some longer trips such as to the city of Mar del Plata.<\/p>\n<\/div><\/div><\/div><\/div><\/div><\/div><\/div><div class=\"fusion-layout-column fusion_builder_column fusion-builder-column-5 fusion_builder_column_1_6 1_6 fusion-flex-column\" style=\"--awb-bg-size:cover;--awb-width-large:16.666666666667%;--awb-margin-top-large:0px;--awb-spacing-right-large:11.52%;--awb-margin-bottom-large:20px;--awb-spacing-left-large:11.52%;--awb-width-medium:16.666666666667%;--awb-order-medium:0;--awb-spacing-right-medium:11.52%;--awb-spacing-left-medium:11.52%;--awb-width-small:100%;--awb-order-small:0;--awb-spacing-right-small:1.92%;--awb-spacing-left-small:1.92%;\"><div class=\"fusion-column-wrapper fusion-column-has-shadow fusion-flex-justify-content-flex-start fusion-content-layout-column\"><\/div><\/div><\/div><\/div><div class=\"fusion-fullwidth fullwidth-box fusion-builder-row-3 fusion-flex-container nonhundred-percent-fullwidth non-hundred-percent-height-scrolling\" style=\"--awb-border-radius-top-left:0px;--awb-border-radius-top-right:0px;--awb-border-radius-bottom-right:0px;--awb-border-radius-bottom-left:0px;--awb-flex-wrap:wrap;\" ><div class=\"fusion-builder-row fusion-row fusion-flex-align-items-flex-start fusion-flex-content-wrap\" style=\"max-width:104%;margin-left: calc(-4% \/ 2 );margin-right: calc(-4% \/ 2 );\"><div class=\"fusion-layout-column fusion_builder_column fusion-builder-column-6 fusion_builder_column_1_6 1_6 fusion-flex-column\" style=\"--awb-bg-size:cover;--awb-width-large:16.666666666667%;--awb-margin-top-large:0px;--awb-spacing-right-large:11.52%;--awb-margin-bottom-large:20px;--awb-spacing-left-large:11.52%;--awb-width-medium:16.666666666667%;--awb-order-medium:0;--awb-spacing-right-medium:11.52%;--awb-spacing-left-medium:11.52%;--awb-width-small:100%;--awb-order-small:0;--awb-spacing-right-small:1.92%;--awb-spacing-left-small:1.92%;\"><div class=\"fusion-column-wrapper fusion-column-has-shadow fusion-flex-justify-content-flex-start fusion-content-layout-column\"><\/div><\/div><div class=\"fusion-layout-column fusion_builder_column fusion-builder-column-7 fusion_builder_column_1_3 1_3 fusion-flex-column\" style=\"--awb-bg-size:cover;--awb-width-large:33.333333333333%;--awb-margin-top-large:0px;--awb-spacing-right-large:5.76%;--awb-margin-bottom-large:20px;--awb-spacing-left-large:5.76%;--awb-width-medium:33.333333333333%;--awb-order-medium:0;--awb-spacing-right-medium:5.76%;--awb-spacing-left-medium:5.76%;--awb-width-small:100%;--awb-order-small:0;--awb-spacing-right-small:1.92%;--awb-spacing-left-small:1.92%;\"><div class=\"fusion-column-wrapper fusion-column-has-shadow fusion-flex-justify-content-center fusion-content-layout-row\"><div ><a class=\"fusion-button button-flat fusion-button-default-size button-default fusion-button-default button-1 fusion-button-default-span fusion-button-default-type\" style=\"--button_text_transform:uppercase;\" target=\"_blank\" rel=\"noopener noreferrer\" href=\"https:\/\/www.comisionporlamemoria.org\/programa-cpm-wm\/wp-content\/uploads\/sites\/16\/sites\/37\/2022\/08\/January2022Schedule.pdf\"><span class=\"fusion-button-text awb-button__text awb-button__text--default\">Cronograma de Enero 2022<\/span><i class=\"fa-angle-double-down fas awb-button__icon awb-button__icon--default button-icon-right\" aria-hidden=\"true\"><\/i><\/a><\/div><\/div><\/div><div class=\"fusion-layout-column fusion_builder_column fusion-builder-column-8 fusion_builder_column_1_3 1_3 fusion-flex-column\" style=\"--awb-bg-size:cover;--awb-width-large:33.333333333333%;--awb-margin-top-large:0px;--awb-spacing-right-large:5.76%;--awb-margin-bottom-large:20px;--awb-spacing-left-large:5.76%;--awb-width-medium:33.333333333333%;--awb-order-medium:0;--awb-spacing-right-medium:5.76%;--awb-spacing-left-medium:5.76%;--awb-width-small:100%;--awb-order-small:0;--awb-spacing-right-small:1.92%;--awb-spacing-left-small:1.92%;\"><div class=\"fusion-column-wrapper fusion-column-has-shadow fusion-flex-justify-content-center fusion-content-layout-row\"><div ><a class=\"fusion-button button-flat fusion-button-default-size button-default fusion-button-default button-2 fusion-button-default-span fusion-button-default-type\" style=\"--button_text_transform:uppercase;\" target=\"_blank\" rel=\"noopener noreferrer\" href=\"https:\/\/www.comisionporlamemoria.org\/programa-cpm-wm\/wp-content\/uploads\/sites\/16\/sites\/37\/2022\/08\/Condiciones-del-convenio.pdf\"><span class=\"fusion-button-text awb-button__text awb-button__text--default\">condiciones del convenio<\/span><i class=\"fa-angle-double-down fas awb-button__icon awb-button__icon--default button-icon-right\" aria-hidden=\"true\"><\/i><\/a><\/div><\/div><\/div><div class=\"fusion-layout-column fusion_builder_column fusion-builder-column-9 fusion_builder_column_1_6 1_6 fusion-flex-column\" style=\"--awb-bg-size:cover;--awb-width-large:16.666666666667%;--awb-margin-top-large:0px;--awb-spacing-right-large:11.52%;--awb-margin-bottom-large:20px;--awb-spacing-left-large:11.52%;--awb-width-medium:16.666666666667%;--awb-order-medium:0;--awb-spacing-right-medium:11.52%;--awb-spacing-left-medium:11.52%;--awb-width-small:100%;--awb-order-small:0;--awb-spacing-right-small:1.92%;--awb-spacing-left-small:1.92%;\"><div class=\"fusion-column-wrapper fusion-column-has-shadow fusion-flex-justify-content-flex-start fusion-content-layout-column\"><\/div><\/div><\/div><\/div><\/p>\n","protected":false},"excerpt":{"rendered":"","protected":false},"author":40,"featured_media":0,"parent":0,"menu_order":0,"comment_status":"closed","ping_status":"closed","template":"","meta":{"footnotes":""},"class_list":["post-1815","page","type-page","status-publish","hentry"],"_links":{"self":[{"href":"https:\/\/www.comisionporlamemoria.org\/programa-cpm-wm\/wp-json\/wp\/v2\/pages\/1815","targetHints":{"allow":["GET"]}}],"collection":[{"href":"https:\/\/www.comisionporlamemoria.org\/programa-cpm-wm\/wp-json\/wp\/v2\/pages"}],"about":[{"href":"https:\/\/www.comisionporlamemoria.org\/programa-cpm-wm\/wp-json\/wp\/v2\/types\/page"}],"author":[{"embeddable":true,"href":"https:\/\/www.comisionporlamemoria.org\/programa-cpm-wm\/wp-json\/wp\/v2\/users\/40"}],"replies":[{"embeddable":true,"href":"https:\/\/www.comisionporlamemoria.org\/programa-cpm-wm\/wp-json\/wp\/v2\/comments?post=1815"}],"version-history":[{"count":0,"href":"https:\/\/www.comisionporlamemoria.org\/programa-cpm-wm\/wp-json\/wp\/v2\/pages\/1815\/revisions"}],"wp:attachment":[{"href":"https:\/\/www.comisionporlamemoria.org\/programa-cpm-wm\/wp-json\/wp\/v2\/media?parent=1815"}],"curies":[{"name":"wp","href":"https:\/\/api.w.org\/{rel}","templated":true}]}}