{"id":1736,"date":"2020-09-16T23:37:19","date_gmt":"2020-09-16T23:37:19","guid":{"rendered":"https:\/\/www.comisionporlamemoria.org\/sitiosdememoria\/?page_id=1736"},"modified":"2020-12-09T14:00:55","modified_gmt":"2020-12-09T14:00:55","slug":"el-programa","status":"publish","type":"page","link":"https:\/\/www.comisionporlamemoria.org\/sitiosdememoria\/el-programa\/","title":{"rendered":"El programa"},"content":{"rendered":"<p><div class=\"fusion-fullwidth fullwidth-box fusion-builder-row-1 fusion-flex-container nonhundred-percent-fullwidth non-hundred-percent-height-scrolling\" style=\"--awb-border-radius-top-left:0px;--awb-border-radius-top-right:0px;--awb-border-radius-bottom-right:0px;--awb-border-radius-bottom-left:0px;--awb-padding-top:0px;--awb-padding-bottom:0px;--awb-flex-wrap:wrap;\" ><div class=\"fusion-builder-row fusion-row fusion-flex-align-items-flex-start fusion-flex-content-wrap\" style=\"max-width:1248px;margin-left: calc(-4% \/ 2 );margin-right: calc(-4% \/ 2 );\"><div class=\"fusion-layout-column fusion_builder_column fusion-builder-column-0 fusion_builder_column_1_1 1_1 fusion-flex-column\" style=\"--awb-bg-size:cover;--awb-width-large:100%;--awb-margin-top-large:25px;--awb-spacing-right-large:1.92%;--awb-margin-bottom-large:25px;--awb-spacing-left-large:1.92%;--awb-width-medium:100%;--awb-order-medium:0;--awb-spacing-right-medium:1.92%;--awb-spacing-left-medium:1.92%;--awb-width-small:100%;--awb-order-small:0;--awb-spacing-right-small:1.92%;--awb-spacing-left-small:1.92%;\"><div class=\"fusion-column-wrapper fusion-column-has-shadow fusion-flex-justify-content-flex-start fusion-content-layout-column\"><div class=\"fusion-separator\" style=\"align-self: center;margin-left: auto;margin-right: auto;width:100%;max-width:80%;\"><div class=\"fusion-separator-border sep-single sep-dashed\" style=\"--awb-height:20px;--awb-amount:20px;--awb-sep-color:#821752;border-color:#821752;border-top-width:1px;\"><\/div><\/div><\/div><\/div><\/div><\/div><div class=\"fusion-fullwidth fullwidth-box fusion-builder-row-2 fusion-flex-container nonhundred-percent-fullwidth non-hundred-percent-height-scrolling\" style=\"--awb-border-radius-top-left:0px;--awb-border-radius-top-right:0px;--awb-border-radius-bottom-right:0px;--awb-border-radius-bottom-left:0px;--awb-padding-top:0%;--awb-padding-right:90px;--awb-padding-bottom:0%;--awb-padding-left:90px;--awb-flex-wrap:wrap;\" ><div class=\"fusion-builder-row fusion-row fusion-flex-align-items-flex-start fusion-flex-content-wrap\" style=\"max-width:1248px;margin-left: calc(-4% \/ 2 );margin-right: calc(-4% \/ 2 );\"><div class=\"fusion-layout-column fusion_builder_column fusion-builder-column-1 fusion_builder_column_1_1 1_1 fusion-flex-column\" style=\"--awb-bg-size:cover;--awb-width-large:100%;--awb-margin-top-large:25px;--awb-spacing-right-large:1.92%;--awb-margin-bottom-large:25px;--awb-spacing-left-large:1.92%;--awb-width-medium:100%;--awb-order-medium:0;--awb-spacing-right-medium:1.92%;--awb-spacing-left-medium:1.92%;--awb-width-small:100%;--awb-order-small:0;--awb-spacing-right-small:1.92%;--awb-spacing-left-small:1.92%;\"><div class=\"fusion-column-wrapper fusion-column-has-shadow fusion-flex-justify-content-flex-start fusion-content-layout-column\"><div class=\"fusion-title title fusion-title-1 fusion-sep-none fusion-title-text fusion-title-size-four\"><h4 class=\"fusion-title-heading title-heading-left fusion-responsive-typography-calculated\" style=\"font-family:&quot;Nunito&quot;;font-style:normal;font-weight:700;margin:0;--fontSize:19;--minFontSize:19;line-height:1.34;\">INVESTIGACI\u00d3N Y SITIOS DE MEMORIA<\/h4><\/div><div class=\"fusion-separator fusion-full-width-sep\" style=\"align-self: center;margin-left: auto;margin-right: auto;flex-grow:3;margin-bottom:3%;width:100%;\"><div class=\"fusion-separator-border sep-single sep-solid\" style=\"--awb-height:20px;--awb-amount:20px;--awb-sep-color:#821752;border-color:#821752;border-top-width:3px;\"><\/div><\/div><div class=\"fusion-text fusion-text-1\"><p style=\"text-align: justify;\">El programa de <strong>Investigaci\u00f3n y sitios de memoria<\/strong> tiene por objetivos promover el intercambio, el encuentro y la construcci\u00f3n de redes entre los sitios y espacios de memoria de la Argentina y Am\u00e9rica Latina. Pretende\u00a0 fortalecer las pol\u00edticas de memoria y protecci\u00f3n de derechos en los lugares en los que participan organizaciones sociales, pol\u00edticas, de v\u00edctimas de las violencias del Estado y de familiares v\u00edctimas. A su vez realiza trabajos de investigaci\u00f3n sobre las historias y memorias de los espacios que funcionaron como centros clandestinos de detenci\u00f3n en la Argentina, aquellos que han sido significativos en la consecuci\u00f3n del terrorismo de estado como tambi\u00e9n los lugares que expresan las resistencias y militancias sociales y pol\u00edticas.<\/p>\n<p style=\"text-align: justify;\">Adem\u00e1s el programa tiene como objetivo producir conocimiento significativo y original sobre el pasado reciente de nuestro pa\u00eds. Varias de las investigaciones que se llevan a cabo se nutren del gran acervo documental que se encuentra en el\u00a0<a href=\"https:\/\/www.comisionporlamemoria.org\/archivo\/fondo-dippba\/\"><strong>Fondo documental de la Direcci\u00f3n de Inteligencia de la Polic\u00eda de la Provincia de Buenos Aires (DIPPBA)<\/strong><\/a>. De all\u00ed surgen trabajos relacionados con la per\u00edodo de la dictadura militar -persecuci\u00f3n a la clase trabajadora, el fichado de personas desaparecidas- como tambi\u00e9n sobre los mecanismos de inteligencia que sirvieron para vigilar en los a\u00f1os 80 y 90 a la comunidad LGBTQI+, organismos de derechos humanos, organizaciones y familiares relacionados con las v\u00edctimas del gatillo f\u00e1cil, movimientos feministas, entre otros.<\/p>\n<\/div><\/div><\/div><\/div><\/div><\/p>\n","protected":false},"excerpt":{"rendered":"","protected":false},"author":32,"featured_media":0,"parent":0,"menu_order":0,"comment_status":"closed","ping_status":"closed","template":"","meta":{"footnotes":""},"class_list":["post-1736","page","type-page","status-publish","hentry"],"_links":{"self":[{"href":"https:\/\/www.comisionporlamemoria.org\/sitiosdememoria\/wp-json\/wp\/v2\/pages\/1736","targetHints":{"allow":["GET"]}}],"collection":[{"href":"https:\/\/www.comisionporlamemoria.org\/sitiosdememoria\/wp-json\/wp\/v2\/pages"}],"about":[{"href":"https:\/\/www.comisionporlamemoria.org\/sitiosdememoria\/wp-json\/wp\/v2\/types\/page"}],"author":[{"embeddable":true,"href":"https:\/\/www.comisionporlamemoria.org\/sitiosdememoria\/wp-json\/wp\/v2\/users\/32"}],"replies":[{"embeddable":true,"href":"https:\/\/www.comisionporlamemoria.org\/sitiosdememoria\/wp-json\/wp\/v2\/comments?post=1736"}],"version-history":[{"count":0,"href":"https:\/\/www.comisionporlamemoria.org\/sitiosdememoria\/wp-json\/wp\/v2\/pages\/1736\/revisions"}],"wp:attachment":[{"href":"https:\/\/www.comisionporlamemoria.org\/sitiosdememoria\/wp-json\/wp\/v2\/media?parent=1736"}],"curies":[{"name":"wp","href":"https:\/\/api.w.org\/{rel}","templated":true}]}}