{"id":7393,"date":"2023-09-21T14:36:48","date_gmt":"2023-09-21T14:36:48","guid":{"rendered":"https:\/\/www.comisionporlamemoria.org\/sitiosdememoria\/?page_id=7393"},"modified":"2023-09-22T11:42:20","modified_gmt":"2023-09-22T11:42:20","slug":"cartografia-de-cementerios-con-enterramientos-nn-en-buenos-aires","status":"publish","type":"page","link":"https:\/\/www.comisionporlamemoria.org\/sitiosdememoria\/cartografia-de-cementerios-con-enterramientos-nn-en-buenos-aires\/","title":{"rendered":"Cartograf\u00eda de cementerios con enterramientos NN en Buenos Aires"},"content":{"rendered":"<p><div class=\"fusion-fullwidth fullwidth-box fusion-builder-row-1 fusion-flex-container nonhundred-percent-fullwidth non-hundred-percent-height-scrolling\" style=\"--awb-border-radius-top-left:0px;--awb-border-radius-top-right:0px;--awb-border-radius-bottom-right:0px;--awb-border-radius-bottom-left:0px;--awb-padding-top:0px;--awb-padding-bottom:0px;--awb-flex-wrap:wrap;\" ><div class=\"fusion-builder-row fusion-row fusion-flex-align-items-flex-start fusion-flex-content-wrap\" style=\"max-width:1248px;margin-left: calc(-4% \/ 2 );margin-right: calc(-4% \/ 2 );\"><div class=\"fusion-layout-column fusion_builder_column fusion-builder-column-0 fusion_builder_column_1_1 1_1 fusion-flex-column\" style=\"--awb-bg-size:cover;--awb-width-large:100%;--awb-margin-top-large:25px;--awb-spacing-right-large:1.92%;--awb-margin-bottom-large:25px;--awb-spacing-left-large:1.92%;--awb-width-medium:100%;--awb-order-medium:0;--awb-spacing-right-medium:1.92%;--awb-spacing-left-medium:1.92%;--awb-width-small:100%;--awb-order-small:0;--awb-spacing-right-small:1.92%;--awb-spacing-left-small:1.92%;\"><div class=\"fusion-column-wrapper fusion-column-has-shadow fusion-flex-justify-content-flex-start fusion-content-layout-column\"><div class=\"fusion-text fusion-text-1\" style=\"--awb-content-alignment:justify;\"><p style=\"text-align: justify;\">La \u00faltima dictadura c\u00edvico militar argentina llev\u00f3 adelante un plan sistem\u00e1tico de terror y exterminio a trav\u00e9s de la persecuci\u00f3n y detenci\u00f3n ilegal de miles de personas en centros clandestinos de detenci\u00f3n, la desaparici\u00f3n forzada, el asesinato y el ocultamiento de los cuerpos.<\/p>\n<p style=\"text-align: justify;\">Sobre este \u00faltimo punto los cementerios municipales jugaron un rol importante mediante el procedimiento de enterramientos sin identificaci\u00f3n, ya sea en fosas comunes como individuales, sin actas administrativas que dieran cuenta de las causales de muerte y en algunos casos sin dejar constancias en los libros de ingreso sobre las inhumaciones o los sectores donde se hab\u00edan realizado las mismas.<\/p>\n<p style=\"text-align: justify;\">Con la vuelta de la democracia se realizaron denuncias en casi todo el territorio provincial sobre las tumbas NN en los cementerios locales. En algunos casos las primeras expediciones y exhumaciones fueron realizadas con poco rigor cient\u00edfico; el resguardo de las muestras y excavaciones qued\u00f3 en manos de las fuerzas de seguridad, o bien los restos sin identificaci\u00f3n fueron trasladados a las morgues judiciales que estaban a cargo de las mismas personas que, pocos a\u00f1os antes, hab\u00edan dado la espalda a las denuncias por las desapariciones forzadas. Luego el Equipo Argentino de Antropolog\u00eda Forense realiz\u00f3 una labor sobre estos lugares logrando la identificaci\u00f3n de gran parte de las v\u00edctimas. Muchas otras a\u00fan no han sido identificadas.<\/p>\n<p style=\"text-align: justify;\">Esta cartograf\u00eda presenta los cementerios de la provincia de Buenos Aires en los cuales se realizaron denuncias de la existencia de tumbas NN, exhumaciones e identificaciones de cad\u00e1veres enterrados entre 1976 y 1983, que permitieron corroborar el destino final de las v\u00edctimas del estado terrorista.<\/p>\n<p style=\"text-align: justify;\">La Comisi\u00f3n Provincial por la Memoria gestiona conjuntamente con el grupo J\u00f3venes y Memoria de General Lavalle y el Municipio de la localidad bonaerense el Sitio de Memoria \u201cCementerio de General Lavalle\u201d donde se produjo el hallazgo de 33 cuerpos enterrados como N.N. La identificaci\u00f3n de 20 v\u00edctimas es una prueba m\u00e1s que nos permite comprobar la existencia de los llamados vuelos de la muerte.<\/p>\n<p style=\"text-align: justify;\">Fuentes utilizadas: RUVTE, Fondo documental\u00a0DIPPBA.<\/p>\n<\/div><\/div><\/div><\/div><\/div><div class=\"fusion-fullwidth fullwidth-box fusion-builder-row-2 fusion-flex-container nonhundred-percent-fullwidth non-hundred-percent-height-scrolling\" style=\"--awb-border-radius-top-left:0px;--awb-border-radius-top-right:0px;--awb-border-radius-bottom-right:0px;--awb-border-radius-bottom-left:0px;--awb-padding-top:0px;--awb-padding-bottom:0px;--awb-flex-wrap:wrap;\" ><div class=\"fusion-builder-row fusion-row fusion-flex-align-items-flex-start fusion-flex-content-wrap\" style=\"max-width:1248px;margin-left: calc(-4% \/ 2 );margin-right: calc(-4% \/ 2 );\"><div class=\"fusion-layout-column fusion_builder_column fusion-builder-column-1 fusion_builder_column_1_1 1_1 fusion-flex-column\" style=\"--awb-bg-size:cover;--awb-width-large:100%;--awb-margin-top-large:25px;--awb-spacing-right-large:1.92%;--awb-margin-bottom-large:25px;--awb-spacing-left-large:1.92%;--awb-width-medium:100%;--awb-order-medium:0;--awb-spacing-right-medium:1.92%;--awb-spacing-left-medium:1.92%;--awb-width-small:100%;--awb-order-small:0;--awb-spacing-right-small:1.92%;--awb-spacing-left-small:1.92%;\"><div class=\"fusion-column-wrapper fusion-column-has-shadow fusion-flex-justify-content-flex-start fusion-content-layout-column\"><div class=\"fusion-separator\" style=\"align-self: center;margin-left: auto;margin-right: auto;width:100%;max-width:80%;\"><div class=\"fusion-separator-border sep-single sep-dashed\" style=\"--awb-height:20px;--awb-amount:20px;--awb-sep-color:#821752;border-color:#821752;border-top-width:1px;\"><\/div><\/div><\/div><\/div><\/div><\/div><div class=\"fusion-fullwidth fullwidth-box fusion-builder-row-3 fusion-flex-container has-pattern-background has-mask-background nonhundred-percent-fullwidth non-hundred-percent-height-scrolling\" style=\"--awb-border-radius-top-left:0px;--awb-border-radius-top-right:0px;--awb-border-radius-bottom-right:0px;--awb-border-radius-bottom-left:0px;--awb-padding-right:0px;--awb-padding-left:0px;--awb-flex-wrap:wrap;\" ><div class=\"fusion-builder-row fusion-row fusion-flex-align-items-flex-start fusion-flex-justify-content-space-around fusion-flex-content-wrap\" style=\"max-width:1248px;margin-left: calc(-4% \/ 2 );margin-right: calc(-4% \/ 2 );\"><div class=\"fusion-layout-column fusion_builder_column fusion-builder-column-2 fusion_builder_column_1_1 1_1 fusion-flex-column\" style=\"--awb-padding-right:0px;--awb-padding-left:0px;--awb-bg-size:cover;--awb-width-large:100%;--awb-margin-top-large:25px;--awb-spacing-right-large:0px;--awb-margin-bottom-large:25px;--awb-spacing-left-large:0px;--awb-width-medium:100%;--awb-order-medium:0;--awb-spacing-right-medium:1.92%;--awb-spacing-left-medium:1.92%;--awb-width-small:100%;--awb-order-small:0;--awb-spacing-right-small:1.92%;--awb-spacing-left-small:1.92%;\" data-scroll-devices=\"small-visibility,medium-visibility,large-visibility\"><div class=\"fusion-column-wrapper fusion-column-has-shadow fusion-flex-justify-content-space-around fusion-content-layout-row\"><iframe src=\"https:\/\/www.comisionporlamemoria.org\/archivos\/sitiosdememoria\/cementerios\/mapa\/mapa.html\" width=\"100%\" height=\"1000\"><\/iframe><\/div><\/div><\/div><\/div><\/p>\n","protected":false},"excerpt":{"rendered":"","protected":false},"author":40,"featured_media":0,"parent":0,"menu_order":0,"comment_status":"closed","ping_status":"closed","template":"","meta":{"footnotes":""},"class_list":["post-7393","page","type-page","status-publish","hentry"],"_links":{"self":[{"href":"https:\/\/www.comisionporlamemoria.org\/sitiosdememoria\/wp-json\/wp\/v2\/pages\/7393","targetHints":{"allow":["GET"]}}],"collection":[{"href":"https:\/\/www.comisionporlamemoria.org\/sitiosdememoria\/wp-json\/wp\/v2\/pages"}],"about":[{"href":"https:\/\/www.comisionporlamemoria.org\/sitiosdememoria\/wp-json\/wp\/v2\/types\/page"}],"author":[{"embeddable":true,"href":"https:\/\/www.comisionporlamemoria.org\/sitiosdememoria\/wp-json\/wp\/v2\/users\/40"}],"replies":[{"embeddable":true,"href":"https:\/\/www.comisionporlamemoria.org\/sitiosdememoria\/wp-json\/wp\/v2\/comments?post=7393"}],"version-history":[{"count":0,"href":"https:\/\/www.comisionporlamemoria.org\/sitiosdememoria\/wp-json\/wp\/v2\/pages\/7393\/revisions"}],"wp:attachment":[{"href":"https:\/\/www.comisionporlamemoria.org\/sitiosdememoria\/wp-json\/wp\/v2\/media?parent=7393"}],"curies":[{"name":"wp","href":"https:\/\/api.w.org\/{rel}","templated":true}]}}